{"id":2890,"date":"2022-10-15T18:40:09","date_gmt":"2022-10-15T18:40:09","guid":{"rendered":"https:\/\/roadtoromania.com\/flughafen-cluj-napoca\/"},"modified":"2022-10-22T12:21:33","modified_gmt":"2022-10-22T12:21:33","slug":"flughafen-cluj-napoca","status":"publish","type":"page","link":"https:\/\/roadtoromania.com\/de\/flughafen-cluj-napoca\/","title":{"rendered":"Cluj Napoca Flughafen"},"content":{"rendered":"<p><strong>Der Flughafen Cluj Napoca<\/strong> hat dank <strong>Billigfl\u00fcgen<\/strong> sowohl aus Rum\u00e4nien als auch aus vielen europ\u00e4ischen St\u00e4dten, darunter mehrere in Spanien, ein starkes Wachstum bei der Zahl der Fl\u00fcge und der Passagiere zu verzeichnen und ist der wichtigste Flughafen f\u00fcr Fl\u00fcge in die Region Siebenb\u00fcrgen.<\/p>\n<p><img decoding=\"async\" src=\"https:\/\/roadtoromania.com\/wp-content\/uploads\/2022\/10\/vuelos_aeropuerto_cluj_napo.jpg\" \/><\/p>\n<p>Cluj Napoca Flughafen Flugverbindungen<\/p>\n<p>Gemessen am Passagieraufkommen steht er derzeit an vierter Stelle hinter den beiden Flugh\u00e4fen Bukarest und Timisoara. Er wurde 1932 eingeweiht und konnte erst 1970, nach der Renovierung des Terminals, mehr Flugverkehr abwickeln. Der eigentliche Aufschwung kam 1996 mit der Er\u00f6ffnung internationaler Verbindungen. Im Jahr 2001 wurde eine Erweiterung durchgef\u00fchrt und 2009 wurde das neue Ankunfts-Terminal fertiggestellt<\/p>\n<p>Der Flughafen bietet Fl\u00fcge in das restliche Rum\u00e4nien, nach Bukarest und Timisoara, sowie nach Wien, Charleroi, Billund, Basel, Genua, Beauvais, Berlin Dormund, M\u00fcnchen, Dublin, Bergamo, Bologna, Rom, Liverpool, Warschau und sogar zu weiter entfernten Zielen wie Dubai und Tel Aviv.<\/p>\n<p>Flugm\u00f6glichkeiten nach Cluj von Spanien aus sind Barcelona, Alicante, Madrid, Valencia, Zaragoza (alle mit Wizzair) und Palma de Mallorca (Charterfl\u00fcge) mit Air Europa<\/p>\n<p>Barcelona &#8211; Cluj (Vueling)<\/p>\n<p>Barcelona &#8211; Cluj (Wizzair)<\/p>\n<p>Valencia &#8211; Cluj (Wizzair)<\/p>\n<p>Zaragoza &#8211; Cluj (Wizzair)<\/p>\n<p>Alicante &#8211; Cluj (Wizzair)<\/p>\n<p>Madrid &#8211; Cluj (Wizzair)<\/p>\n<p>Mit unserer Suchmaschine k\u00f6nnen Sie die billigsten Fl\u00fcge nach Cluj Napoca Flughafen finden:<\/p>\n<h2>So erreichen Sie den Flughafen Cluj Napoca:<\/h2>\n<p>Das Flugterminal befindet sich nur 8 km von der Stadt Cluj entfernt, in dem als Some\u015feni bekannten Gebiet, und es gibt sowohl Taxis, Autovermietungen als auch Busse, um das Stadtzentrum zu erreichen.<\/p>\n<p>Busse verbinden den Flughafen mit dem Zentrum von Cluj, Piata Mihai Viteazu (und umgekehrt), mit Fahrpl\u00e4nen von Montag bis Freitag zwischen 5:00 Uhr und 22:40 Uhr, mit Abfahrten alle 10 Minuten, und an Wochenenden und Feiertagen alle 30 Minuten von 5:30 Uhr bis 22:35 Uhr. Die Fluggesellschaft Wizzair bietet als Alternative auch Shuttlebusse an<\/p>\n<p>Cluj Napoca Flughafen Karte<\/p>\n","protected":false},"excerpt":{"rendered":"<p>Der Flughafen Cluj Napoca hat dank Billigfl\u00fcgen sowohl aus Rum\u00e4nien als auch aus vielen europ\u00e4ischen St\u00e4dten, darunter mehrere in Spanien, ein starkes Wachstum bei der Zahl der Fl\u00fcge und der Passagiere zu verzeichnen und ist der wichtigste Flughafen f\u00fcr Fl\u00fcge in die Region Siebenb\u00fcrgen. Cluj Napoca Flughafen Flugverbindungen Gemessen am Passagieraufkommen steht er derzeit an &hellip;<\/p>\n<p class=\"read-more\"> <a class=\"\" href=\"https:\/\/roadtoromania.com\/de\/flughafen-cluj-napoca\/\"> <span class=\"screen-reader-text\">Cluj Napoca Flughafen<\/span> Read More \u00bb<\/a><\/p>\n","protected":false},"author":1,"featured_media":958,"parent":0,"menu_order":0,"comment_status":"open","ping_status":"open","template":"","meta":{"site-sidebar-layout":"default","site-content-layout":"default","ast-global-header-display":"","ast-main-header-display":"","ast-hfb-above-header-display":"","ast-hfb-below-header-display":"","ast-hfb-mobile-header-display":"","site-post-title":"","ast-breadcrumbs-content":"","ast-featured-img":"","footer-sml-layout":"","theme-transparent-header-meta":"default","adv-header-id-meta":"","stick-header-meta":"default","header-above-stick-meta":"","header-main-stick-meta":"","header-below-stick-meta":"","footnotes":""},"class_list":["post-2890","page","type-page","status-publish","has-post-thumbnail","hentry"],"yoast_head":"<!-- This site is optimized with the Yoast SEO plugin v19.10 - https:\/\/yoast.com\/wordpress\/plugins\/seo\/ -->\n<title>Cluj Napoca Flughafen - Road to Romania<\/title>\n<meta name=\"robots\" content=\"index, follow, max-snippet:-1, max-image-preview:large, max-video-preview:-1\" \/>\n<link rel=\"canonical\" href=\"https:\/\/roadtoromania.com\/de\/flughafen-cluj-napoca\/\" \/>\n<meta property=\"og:locale\" content=\"de_DE\" \/>\n<meta property=\"og:type\" content=\"article\" \/>\n<meta property=\"og:title\" content=\"Cluj Napoca Flughafen - Road to Romania\" \/>\n<meta property=\"og:description\" content=\"Der Flughafen Cluj Napoca hat dank Billigfl\u00fcgen sowohl aus Rum\u00e4nien als auch aus vielen europ\u00e4ischen St\u00e4dten, darunter mehrere in Spanien, ein starkes Wachstum bei der Zahl der Fl\u00fcge und der Passagiere zu verzeichnen und ist der wichtigste Flughafen f\u00fcr Fl\u00fcge in die Region Siebenb\u00fcrgen. Cluj Napoca Flughafen Flugverbindungen Gemessen am Passagieraufkommen steht er derzeit an &hellip; Cluj Napoca Flughafen Read More \u00bb\" \/>\n<meta property=\"og:url\" content=\"https:\/\/roadtoromania.com\/de\/flughafen-cluj-napoca\/\" \/>\n<meta property=\"og:site_name\" content=\"Road to Romania\" \/>\n<meta property=\"article:modified_time\" content=\"2022-10-22T12:21:33+00:00\" \/>\n<meta property=\"og:image\" content=\"https:\/\/roadtoromania.com\/wp-content\/uploads\/2022\/10\/vuelos_aeropuerto_cluj_napo-1.jpg\" \/>\n\t<meta property=\"og:image:width\" content=\"768\" \/>\n\t<meta property=\"og:image:height\" content=\"379\" \/>\n\t<meta property=\"og:image:type\" content=\"image\/jpeg\" \/>\n<meta name=\"twitter:card\" content=\"summary_large_image\" \/>\n<meta name=\"twitter:label1\" content=\"Gesch\u00e4tzte Lesezeit\" \/>\n\t<meta name=\"twitter:data1\" content=\"2\u00a0Minuten\" \/>\n<script type=\"application\/ld+json\" class=\"yoast-schema-graph\">{\"@context\":\"https:\/\/schema.org\",\"@graph\":[{\"@type\":\"WebPage\",\"@id\":\"https:\/\/roadtoromania.com\/de\/flughafen-cluj-napoca\/\",\"url\":\"https:\/\/roadtoromania.com\/de\/flughafen-cluj-napoca\/\",\"name\":\"Cluj Napoca Flughafen - Road to Romania\",\"isPartOf\":{\"@id\":\"https:\/\/roadtoromania.com\/de\/#website\"},\"datePublished\":\"2022-10-15T18:40:09+00:00\",\"dateModified\":\"2022-10-22T12:21:33+00:00\",\"breadcrumb\":{\"@id\":\"https:\/\/roadtoromania.com\/de\/flughafen-cluj-napoca\/#breadcrumb\"},\"inLanguage\":\"de\",\"potentialAction\":[{\"@type\":\"ReadAction\",\"target\":[\"https:\/\/roadtoromania.com\/de\/flughafen-cluj-napoca\/\"]}]},{\"@type\":\"BreadcrumbList\",\"@id\":\"https:\/\/roadtoromania.com\/de\/flughafen-cluj-napoca\/#breadcrumb\",\"itemListElement\":[{\"@type\":\"ListItem\",\"position\":1,\"name\":\"Home\",\"item\":\"https:\/\/roadtoromania.com\/de\/\"},{\"@type\":\"ListItem\",\"position\":2,\"name\":\"Cluj Napoca Flughafen\"}]},{\"@type\":\"WebSite\",\"@id\":\"https:\/\/roadtoromania.com\/de\/#website\",\"url\":\"https:\/\/roadtoromania.com\/de\/\",\"name\":\"Road to Romania\",\"description\":\"Der Blog, in dem Sie alle Informationen finden, die Sie brauchen, um Rum\u00e4nien zu genie\u00dfen.\",\"potentialAction\":[{\"@type\":\"SearchAction\",\"target\":{\"@type\":\"EntryPoint\",\"urlTemplate\":\"https:\/\/roadtoromania.com\/de\/?s={search_term_string}\"},\"query-input\":\"required name=search_term_string\"}],\"inLanguage\":\"de\"}]}<\/script>\n<!-- \/ Yoast SEO plugin. -->","yoast_head_json":{"title":"Cluj Napoca Flughafen - Road to Romania","robots":{"index":"index","follow":"follow","max-snippet":"max-snippet:-1","max-image-preview":"max-image-preview:large","max-video-preview":"max-video-preview:-1"},"canonical":"https:\/\/roadtoromania.com\/de\/flughafen-cluj-napoca\/","og_locale":"de_DE","og_type":"article","og_title":"Cluj Napoca Flughafen - Road to Romania","og_description":"Der Flughafen Cluj Napoca hat dank Billigfl\u00fcgen sowohl aus Rum\u00e4nien als auch aus vielen europ\u00e4ischen St\u00e4dten, darunter mehrere in Spanien, ein starkes Wachstum bei der Zahl der Fl\u00fcge und der Passagiere zu verzeichnen und ist der wichtigste Flughafen f\u00fcr Fl\u00fcge in die Region Siebenb\u00fcrgen. Cluj Napoca Flughafen Flugverbindungen Gemessen am Passagieraufkommen steht er derzeit an &hellip; Cluj Napoca Flughafen Read More \u00bb","og_url":"https:\/\/roadtoromania.com\/de\/flughafen-cluj-napoca\/","og_site_name":"Road to Romania","article_modified_time":"2022-10-22T12:21:33+00:00","og_image":[{"width":768,"height":379,"url":"https:\/\/roadtoromania.com\/wp-content\/uploads\/2022\/10\/vuelos_aeropuerto_cluj_napo-1.jpg","type":"image\/jpeg"}],"twitter_card":"summary_large_image","twitter_misc":{"Gesch\u00e4tzte Lesezeit":"2\u00a0Minuten"},"schema":{"@context":"https:\/\/schema.org","@graph":[{"@type":"WebPage","@id":"https:\/\/roadtoromania.com\/de\/flughafen-cluj-napoca\/","url":"https:\/\/roadtoromania.com\/de\/flughafen-cluj-napoca\/","name":"Cluj Napoca Flughafen - Road to Romania","isPartOf":{"@id":"https:\/\/roadtoromania.com\/de\/#website"},"datePublished":"2022-10-15T18:40:09+00:00","dateModified":"2022-10-22T12:21:33+00:00","breadcrumb":{"@id":"https:\/\/roadtoromania.com\/de\/flughafen-cluj-napoca\/#breadcrumb"},"inLanguage":"de","potentialAction":[{"@type":"ReadAction","target":["https:\/\/roadtoromania.com\/de\/flughafen-cluj-napoca\/"]}]},{"@type":"BreadcrumbList","@id":"https:\/\/roadtoromania.com\/de\/flughafen-cluj-napoca\/#breadcrumb","itemListElement":[{"@type":"ListItem","position":1,"name":"Home","item":"https:\/\/roadtoromania.com\/de\/"},{"@type":"ListItem","position":2,"name":"Cluj Napoca Flughafen"}]},{"@type":"WebSite","@id":"https:\/\/roadtoromania.com\/de\/#website","url":"https:\/\/roadtoromania.com\/de\/","name":"Road to Romania","description":"Der Blog, in dem Sie alle Informationen finden, die Sie brauchen, um Rum\u00e4nien zu genie\u00dfen.","potentialAction":[{"@type":"SearchAction","target":{"@type":"EntryPoint","urlTemplate":"https:\/\/roadtoromania.com\/de\/?s={search_term_string}"},"query-input":"required name=search_term_string"}],"inLanguage":"de"}]}},"_links":{"self":[{"href":"https:\/\/roadtoromania.com\/de\/wp-json\/wp\/v2\/pages\/2890","targetHints":{"allow":["GET"]}}],"collection":[{"href":"https:\/\/roadtoromania.com\/de\/wp-json\/wp\/v2\/pages"}],"about":[{"href":"https:\/\/roadtoromania.com\/de\/wp-json\/wp\/v2\/types\/page"}],"author":[{"embeddable":true,"href":"https:\/\/roadtoromania.com\/de\/wp-json\/wp\/v2\/users\/1"}],"replies":[{"embeddable":true,"href":"https:\/\/roadtoromania.com\/de\/wp-json\/wp\/v2\/comments?post=2890"}],"version-history":[{"count":2,"href":"https:\/\/roadtoromania.com\/de\/wp-json\/wp\/v2\/pages\/2890\/revisions"}],"predecessor-version":[{"id":4259,"href":"https:\/\/roadtoromania.com\/de\/wp-json\/wp\/v2\/pages\/2890\/revisions\/4259"}],"wp:featuredmedia":[{"embeddable":true,"href":"https:\/\/roadtoromania.com\/de\/wp-json\/wp\/v2\/media\/958"}],"wp:attachment":[{"href":"https:\/\/roadtoromania.com\/de\/wp-json\/wp\/v2\/media?parent=2890"}],"curies":[{"name":"wp","href":"https:\/\/api.w.org\/{rel}","templated":true}]}}