{"id":2894,"date":"2022-10-15T18:40:09","date_gmt":"2022-10-15T18:40:09","guid":{"rendered":"https:\/\/roadtoromania.com\/unterkunft-in-rumaenien\/"},"modified":"2022-10-16T07:45:02","modified_gmt":"2022-10-16T07:45:02","slug":"unterkunft-in-rumaenien","status":"publish","type":"page","link":"https:\/\/roadtoromania.com\/de\/unterkunft-in-rumaenien\/","title":{"rendered":"Unterkunft in Rum\u00e4nien"},"content":{"rendered":"<p>Die Situation der Hotelinfrastruktur in Rum\u00e4nien hat sich in den letzten Jahren stark ver\u00e4ndert. Nachdem die Zeit der staatlichen Hotels, die in den Augen europ\u00e4ischer oder nordamerikanischer Touristen spartanisch, wenn nicht gar bauf\u00e4llig waren, 1989 zu Ende ging, begann 1990 die Privatisierung der Hotelbetriebe, in deren Folge neue, moderne Komplexe entstanden und die aus der sozialistischen Zeit stammenden renoviert wurden. In einigen F\u00e4llen wurden die Renovierungsarbeiten nur auf einigen Etagen durchgef\u00fchrt, so dass ein und dasselbe Hotel zwei verschiedene Kategorien haben kann, was zu unterschiedlichen Preisen f\u00fchrt (in solchen F\u00e4llen ist es ratsam, herauszufinden, zu welcher Kategorie das von Ihnen bewohnte Zimmer geh\u00f6rt). In jedem Fall sollten Sie bedenken, dass rum\u00e4nische Hotels, unabh\u00e4ngig von der Kategorie, im Verh\u00e4ltnis zum allgemeinen Lebensstandard sehr teuer sind und dass, selbst wenn Sie Hotels ohne gro\u00dfen Luxus w\u00e4hlen, es die Kosten f\u00fcr die Unterkunft sind, die Ihr Budget aus dem Gleichgewicht bringen werden, wenn Sie nach Rum\u00e4nien reisen, da das Land in jeder anderen Hinsicht sehr wettbewerbsf\u00e4hig ist, was die Preise angeht.<\/p>\n<p>\nIn <strong>Rum\u00e4nien<\/strong> , wie auch im \u00fcbrigen Europa, werden <strong><a href=\"https:\/\/roadtoromania.com\/de\/unterkunft-in-rumaenien\/hotels-in-rumaenien\/\">Hotels<\/a> <\/strong> in f\u00fcnf Kategorien eingeteilt, die der Anzahl der Sterne in abnehmender Reihenfolge entsprechen (5 ist die Luxuskategorie). Es kommt selten vor, dass die offizielle Klassifizierung nicht mit der tats\u00e4chlichen Servicequalit\u00e4t \u00fcbereinstimmt, aber es ist eine gute Regel, das Zimmer vor dem Aufenthalt in Augenschein zu nehmen. Im Zimmerpreis sind in der Regel (aber nicht immer) Unterkunft und Fr\u00fchst\u00fcck enthalten. Ein Einzelzimmer kostet etwa ein Drittel weniger als ein Doppelzimmer. Zu den unteren Kategorien geh\u00f6ren die Motels, die an Autobahnen, Touristenstra\u00dfen und in der N\u00e4he von kleinen und gro\u00dfen St\u00e4dten liegen <\/p>\n<p>.<br \/>\n<a href=\"https:\/\/roadtoromania.com\/wp-content\/uploads\/2022\/10\/rumania-hoteles-lujo.jpg\"><img decoding=\"async\" src=\"https:\/\/roadtoromania.com\/wp-content\/uploads\/2022\/10\/rumania-hoteles-lujo.jpg\" \/><\/a> Rum\u00e4nien bietet eine breite Palette von Hotels f\u00fcr jeden Geschmack.<\/p>\n<h4>\nSuche nach Hotels und Unterk\u00fcnften in Rum\u00e4nien<\/h4>\n<p>\nF\u00fcr diejenigen, die anstelle eines Hotels andere Angebote bevorzugen, die je nach besuchter Region und Interesse des Reisenden variieren. Eine interessante Erfahrung kann eine \u00dcbernachtung in einer <strong>Klosterpension<\/strong> sein, w\u00e4hrend in den wichtigsten St\u00e4dten entlang der <strong>Schwarzmeerk\u00fcste (Mamaia, Eforie, Venus)<\/strong> , <strong>Prahova-Tal (Sinaia, Predeal,<\/strong> <a href=\"https:\/\/roadtoromania.com\/de\/natur-rumaenien\/ski-station-poiana-brasov\/\">Poiana Brasov<\/a> <strong>)<\/strong> und in den K\u00fcstenst\u00e4dten werden private Wohnungen oder Villen vermietet, die dem Reisenden mehr Unabh\u00e4ngigkeit garantieren.<\/p>\n<p>\nIn <strong>Rum\u00e4nien<\/strong> gibt es etwa hundert <strong>Campingpl\u00e4tze<\/strong> , die \u00fcber das ganze Land verteilt sind und sich in landschaftlich besonders interessanten Gebieten und an touristischen Routen befinden. Sie verf\u00fcgen in der Regel \u00fcber eine Reihe von Bungalows (c\u00e2sute) aus Holz oder Ziegeln, warme Duschen, K\u00fcche und Restaurant. In den K\u00fcstend\u00f6rfern, an den Seen und im Donaudelta k\u00f6nnen Sportger\u00e4te ausgeliehen werden. Was den Jugendtourismus betrifft, so sind in den letzten Jahren Jugendherbergen entstanden, und zwar nicht nur f\u00fcr junge Leute. In Wirklichkeit handelt es sich dabei meist um Hotels mit teilweise gutem Standard, die jungen G\u00e4sten g\u00fcnstige Zimmer zur Verf\u00fcgung stellen.<\/p>\n<p>\nF\u00fcr Bergliebhaber gibt es eine f\u00fcr Rum\u00e4nien charakteristische Unterkunftsart, die so genannten <strong>cabane<\/strong> . Diese H\u00fctten sind Schutzh\u00fctten, die zu einem Netz von nummerierten und gut markierten Wegen f\u00fchren. Sie unterscheiden sich im Standard: Einige sehen aus wie elegante Landh\u00e4user, komfortabel und einladend, mit zahlreichen Zimmern und einem Restaurant-Service; andere sehen aus wie hohe Bergh\u00fctten, mit Etagenbetten und kaltem Wasser. Im Allgemeinen handelt es sich um gem\u00fctliche und praktische H\u00fctten, in denen man \u00fcbernachten kann und wo man Informationen \u00fcber das Wetter und die Wanderwege erh\u00e4lt. Viele befinden sich an abgelegenen Orten und sind nur im Sommer ge\u00f6ffnet. Manchmal vermieten sie Betten, manchmal Privatzimmer, so dass die Preise nat\u00fcrlich entsprechend variieren. Reisende, die mehr Kontakt zu den Einheimischen haben m\u00f6chten, k\u00f6nnen ein Zimmer bei einem der \u00f6rtlichen Bauern mieten. Die H\u00e4user sind in der Regel komfortabel genug, die Menschen sind sehr gastfreundlich, und Sie k\u00f6nnen mit Vollpension wohnen. Die Gebiete, in denen der Agrotourismus am weitesten verbreitet ist, sind: die Gegend um die Burg Barn, die Berge und die Schwarzmeerk\u00fcste <\/p>\n<p>.<\/p>\n","protected":false},"excerpt":{"rendered":"<p>Die Situation der Hotelinfrastruktur in Rum\u00e4nien hat sich in den letzten Jahren stark ver\u00e4ndert. Nachdem die Zeit der staatlichen Hotels, die in den Augen europ\u00e4ischer oder nordamerikanischer Touristen spartanisch, wenn nicht gar bauf\u00e4llig waren, 1989 zu Ende ging, begann 1990 die Privatisierung der Hotelbetriebe, in deren Folge neue, moderne Komplexe entstanden und die aus der &hellip;<\/p>\n<p class=\"read-more\"> <a class=\"\" href=\"https:\/\/roadtoromania.com\/de\/unterkunft-in-rumaenien\/\"> <span class=\"screen-reader-text\">Unterkunft in Rum\u00e4nien<\/span> Read More \u00bb<\/a><\/p>\n","protected":false},"author":1,"featured_media":974,"parent":0,"menu_order":0,"comment_status":"open","ping_status":"open","template":"","meta":{"site-sidebar-layout":"default","site-content-layout":"default","ast-global-header-display":"","ast-main-header-display":"","ast-hfb-above-header-display":"","ast-hfb-below-header-display":"","ast-hfb-mobile-header-display":"","site-post-title":"","ast-breadcrumbs-content":"","ast-featured-img":"","footer-sml-layout":"","theme-transparent-header-meta":"default","adv-header-id-meta":"","stick-header-meta":"","header-above-stick-meta":"","header-main-stick-meta":"","header-below-stick-meta":"","footnotes":""},"class_list":["post-2894","page","type-page","status-publish","has-post-thumbnail","hentry"],"yoast_head":"<!-- This site is optimized with the Yoast SEO plugin v19.10 - https:\/\/yoast.com\/wordpress\/plugins\/seo\/ -->\n<title>Unterkunft in Rum\u00e4nien - Road to Romania<\/title>\n<meta name=\"robots\" content=\"index, follow, max-snippet:-1, max-image-preview:large, max-video-preview:-1\" \/>\n<link rel=\"canonical\" href=\"https:\/\/roadtoromania.com\/de\/unterkunft-in-rumaenien\/\" \/>\n<meta property=\"og:locale\" content=\"de_DE\" \/>\n<meta property=\"og:type\" content=\"article\" \/>\n<meta property=\"og:title\" content=\"Unterkunft in Rum\u00e4nien - Road to Romania\" \/>\n<meta property=\"og:description\" content=\"Die Situation der Hotelinfrastruktur in Rum\u00e4nien hat sich in den letzten Jahren stark ver\u00e4ndert. Nachdem die Zeit der staatlichen Hotels, die in den Augen europ\u00e4ischer oder nordamerikanischer Touristen spartanisch, wenn nicht gar bauf\u00e4llig waren, 1989 zu Ende ging, begann 1990 die Privatisierung der Hotelbetriebe, in deren Folge neue, moderne Komplexe entstanden und die aus der &hellip; Unterkunft in Rum\u00e4nien Read More \u00bb\" \/>\n<meta property=\"og:url\" content=\"https:\/\/roadtoromania.com\/de\/unterkunft-in-rumaenien\/\" \/>\n<meta property=\"og:site_name\" content=\"Road to Romania\" \/>\n<meta property=\"article:modified_time\" content=\"2022-10-16T07:45:02+00:00\" \/>\n<meta property=\"og:image\" content=\"https:\/\/roadtoromania.com\/wp-content\/uploads\/2022\/10\/rumania-hoteles-lujo-1.jpg\" \/>\n\t<meta property=\"og:image:width\" content=\"450\" \/>\n\t<meta property=\"og:image:height\" content=\"338\" \/>\n\t<meta property=\"og:image:type\" content=\"image\/jpeg\" \/>\n<meta name=\"twitter:card\" content=\"summary_large_image\" \/>\n<meta name=\"twitter:label1\" content=\"Gesch\u00e4tzte Lesezeit\" \/>\n\t<meta name=\"twitter:data1\" content=\"4\u00a0Minuten\" \/>\n<script type=\"application\/ld+json\" class=\"yoast-schema-graph\">{\"@context\":\"https:\/\/schema.org\",\"@graph\":[{\"@type\":\"WebPage\",\"@id\":\"https:\/\/roadtoromania.com\/de\/unterkunft-in-rumaenien\/\",\"url\":\"https:\/\/roadtoromania.com\/de\/unterkunft-in-rumaenien\/\",\"name\":\"Unterkunft in Rum\u00e4nien - Road to Romania\",\"isPartOf\":{\"@id\":\"https:\/\/roadtoromania.com\/de\/#website\"},\"datePublished\":\"2022-10-15T18:40:09+00:00\",\"dateModified\":\"2022-10-16T07:45:02+00:00\",\"breadcrumb\":{\"@id\":\"https:\/\/roadtoromania.com\/de\/unterkunft-in-rumaenien\/#breadcrumb\"},\"inLanguage\":\"de\",\"potentialAction\":[{\"@type\":\"ReadAction\",\"target\":[\"https:\/\/roadtoromania.com\/de\/unterkunft-in-rumaenien\/\"]}]},{\"@type\":\"BreadcrumbList\",\"@id\":\"https:\/\/roadtoromania.com\/de\/unterkunft-in-rumaenien\/#breadcrumb\",\"itemListElement\":[{\"@type\":\"ListItem\",\"position\":1,\"name\":\"Home\",\"item\":\"https:\/\/roadtoromania.com\/de\/\"},{\"@type\":\"ListItem\",\"position\":2,\"name\":\"Unterkunft in Rum\u00e4nien\"}]},{\"@type\":\"WebSite\",\"@id\":\"https:\/\/roadtoromania.com\/de\/#website\",\"url\":\"https:\/\/roadtoromania.com\/de\/\",\"name\":\"Road to Romania\",\"description\":\"Der Blog, in dem Sie alle Informationen finden, die Sie brauchen, um Rum\u00e4nien zu genie\u00dfen.\",\"potentialAction\":[{\"@type\":\"SearchAction\",\"target\":{\"@type\":\"EntryPoint\",\"urlTemplate\":\"https:\/\/roadtoromania.com\/de\/?s={search_term_string}\"},\"query-input\":\"required name=search_term_string\"}],\"inLanguage\":\"de\"}]}<\/script>\n<!-- \/ Yoast SEO plugin. -->","yoast_head_json":{"title":"Unterkunft in Rum\u00e4nien - Road to Romania","robots":{"index":"index","follow":"follow","max-snippet":"max-snippet:-1","max-image-preview":"max-image-preview:large","max-video-preview":"max-video-preview:-1"},"canonical":"https:\/\/roadtoromania.com\/de\/unterkunft-in-rumaenien\/","og_locale":"de_DE","og_type":"article","og_title":"Unterkunft in Rum\u00e4nien - Road to Romania","og_description":"Die Situation der Hotelinfrastruktur in Rum\u00e4nien hat sich in den letzten Jahren stark ver\u00e4ndert. Nachdem die Zeit der staatlichen Hotels, die in den Augen europ\u00e4ischer oder nordamerikanischer Touristen spartanisch, wenn nicht gar bauf\u00e4llig waren, 1989 zu Ende ging, begann 1990 die Privatisierung der Hotelbetriebe, in deren Folge neue, moderne Komplexe entstanden und die aus der &hellip; Unterkunft in Rum\u00e4nien Read More \u00bb","og_url":"https:\/\/roadtoromania.com\/de\/unterkunft-in-rumaenien\/","og_site_name":"Road to Romania","article_modified_time":"2022-10-16T07:45:02+00:00","og_image":[{"width":450,"height":338,"url":"https:\/\/roadtoromania.com\/wp-content\/uploads\/2022\/10\/rumania-hoteles-lujo-1.jpg","type":"image\/jpeg"}],"twitter_card":"summary_large_image","twitter_misc":{"Gesch\u00e4tzte Lesezeit":"4\u00a0Minuten"},"schema":{"@context":"https:\/\/schema.org","@graph":[{"@type":"WebPage","@id":"https:\/\/roadtoromania.com\/de\/unterkunft-in-rumaenien\/","url":"https:\/\/roadtoromania.com\/de\/unterkunft-in-rumaenien\/","name":"Unterkunft in Rum\u00e4nien - Road to Romania","isPartOf":{"@id":"https:\/\/roadtoromania.com\/de\/#website"},"datePublished":"2022-10-15T18:40:09+00:00","dateModified":"2022-10-16T07:45:02+00:00","breadcrumb":{"@id":"https:\/\/roadtoromania.com\/de\/unterkunft-in-rumaenien\/#breadcrumb"},"inLanguage":"de","potentialAction":[{"@type":"ReadAction","target":["https:\/\/roadtoromania.com\/de\/unterkunft-in-rumaenien\/"]}]},{"@type":"BreadcrumbList","@id":"https:\/\/roadtoromania.com\/de\/unterkunft-in-rumaenien\/#breadcrumb","itemListElement":[{"@type":"ListItem","position":1,"name":"Home","item":"https:\/\/roadtoromania.com\/de\/"},{"@type":"ListItem","position":2,"name":"Unterkunft in Rum\u00e4nien"}]},{"@type":"WebSite","@id":"https:\/\/roadtoromania.com\/de\/#website","url":"https:\/\/roadtoromania.com\/de\/","name":"Road to Romania","description":"Der Blog, in dem Sie alle Informationen finden, die Sie brauchen, um Rum\u00e4nien zu genie\u00dfen.","potentialAction":[{"@type":"SearchAction","target":{"@type":"EntryPoint","urlTemplate":"https:\/\/roadtoromania.com\/de\/?s={search_term_string}"},"query-input":"required name=search_term_string"}],"inLanguage":"de"}]}},"_links":{"self":[{"href":"https:\/\/roadtoromania.com\/de\/wp-json\/wp\/v2\/pages\/2894","targetHints":{"allow":["GET"]}}],"collection":[{"href":"https:\/\/roadtoromania.com\/de\/wp-json\/wp\/v2\/pages"}],"about":[{"href":"https:\/\/roadtoromania.com\/de\/wp-json\/wp\/v2\/types\/page"}],"author":[{"embeddable":true,"href":"https:\/\/roadtoromania.com\/de\/wp-json\/wp\/v2\/users\/1"}],"replies":[{"embeddable":true,"href":"https:\/\/roadtoromania.com\/de\/wp-json\/wp\/v2\/comments?post=2894"}],"version-history":[{"count":2,"href":"https:\/\/roadtoromania.com\/de\/wp-json\/wp\/v2\/pages\/2894\/revisions"}],"predecessor-version":[{"id":3089,"href":"https:\/\/roadtoromania.com\/de\/wp-json\/wp\/v2\/pages\/2894\/revisions\/3089"}],"wp:featuredmedia":[{"embeddable":true,"href":"https:\/\/roadtoromania.com\/de\/wp-json\/wp\/v2\/media\/974"}],"wp:attachment":[{"href":"https:\/\/roadtoromania.com\/de\/wp-json\/wp\/v2\/media?parent=2894"}],"curies":[{"name":"wp","href":"https:\/\/api.w.org\/{rel}","templated":true}]}}