{"id":2896,"date":"2022-10-15T18:40:09","date_gmt":"2022-10-15T18:40:09","guid":{"rendered":"https:\/\/roadtoromania.com\/karneval-in-rumaenien\/"},"modified":"2022-10-22T12:32:32","modified_gmt":"2022-10-22T12:32:32","slug":"karneval-in-rumaenien","status":"publish","type":"page","link":"https:\/\/roadtoromania.com\/de\/karneval-in-rumaenien\/","title":{"rendered":"Karneval in Rum\u00e4nien"},"content":{"rendered":"<p>Anders als in anderen Teilen Europas hat der Karneval traditionell eine geringere Bedeutung als andere Feste wie <strong>M\u0103r\u021bi\u0219or<\/strong> , mit dem am 1. M\u00e4rz die Ankunft des Fr\u00fchlings gefeiert wird.<\/p>\n<p>Eines der bekanntesten Karnevalskost\u00fcmfeste ist die <strong>Lole<\/strong> , im Dorf <strong><a href=\"https:\/\/roadtoromania.com\/de\/staedte-und-regionen-rumaeniens\/agnita\/\"> Agnita<\/a> <\/strong> in <a href=\"https:\/\/roadtoromania.com\/de\/staedte-und-regionen-rumaeniens\/transsilvanien\/\"> <strong>Siebenb\u00fcrgen<\/strong><\/a> (eine Autostunde von <a href=\"https:\/\/roadtoromania.com\/de\/staedte-und-regionen-rumaeniens\/sibiu\/\"> <strong>Sibiu<\/strong><\/a> ), dessen Maskenumzug eine germanische Tradition aus dem 18. Jahrhundert ist, die bis heute fortgef\u00fchrt wird.<\/p>\n<p><img decoding=\"async\" src=\"https:\/\/roadtoromania.com\/wp-content\/uploads\/2022\/10\/lole_agnita_rumania.jpg\" \/>Agnita Karneval<\/p>\n<p>Die Legende besagt, dass die Tradition des Karnevals von Agnita und der Fuge der Lole bis ins Mittelalter zur\u00fcckreicht, als die T\u00fcrken das Gebiet besetzten. Ein junges M\u00e4dchen namens Ursula (Tochter eines K\u00fcrschners) verkleidete sich und brachte mit dem Skandal der an ihrem K\u00f6rper befestigten Glocken und einer Peitsche in der Hand die T\u00fcrken in die Flucht.<\/p>\n<p>Seit den Anf\u00e4ngen der Tradition w\u00e4hlen die Handwerksz\u00fcnfte oder -br\u00fcderschaften jedes Jahr ihre Vertreter aus, die die Rolle der Lole, des Besch\u00fctzers, \u00fcbernehmen und Glocken und Peitschen tragen, die sie w\u00e4hrend des Umzugs in der Luft schwingen. Diese Figuren sind schwarz gekleidet (mit dunklen Teilen, die auf ein wei\u00dfes Oberteil gen\u00e4ht sind) und ihre Gesichter sind mit einer lustigen Maske bedeckt.<\/p>\n<p>Der Name lole kommt von dem deutschen Verb &#8220;lallen&#8221; &#8211; stottern, was sich auf die Schwierigkeit bezieht, durch die Maske zu sprechen.<\/p>\n<p>Bei diesem Fest s\u00e4chsischen Ursprungs ist es \u00fcblich, Menschen als B\u00e4ren verkleidet zu sehen, die die Felle von B\u00e4ren tragen, die fr\u00fcher in den W\u00e4ldern Siebenb\u00fcrgens gejagt wurden.<\/p>\n","protected":false},"excerpt":{"rendered":"<p>Anders als in anderen Teilen Europas hat der Karneval traditionell eine geringere Bedeutung als andere Feste wie M\u0103r\u021bi\u0219or , mit dem am 1. M\u00e4rz die Ankunft des Fr\u00fchlings gefeiert wird. Eines der bekanntesten Karnevalskost\u00fcmfeste ist die Lole , im Dorf Agnita in Siebenb\u00fcrgen (eine Autostunde von Sibiu ), dessen Maskenumzug eine germanische Tradition aus dem &hellip;<\/p>\n<p class=\"read-more\"> <a class=\"\" href=\"https:\/\/roadtoromania.com\/de\/karneval-in-rumaenien\/\"> <span class=\"screen-reader-text\">Karneval in Rum\u00e4nien<\/span> Read More \u00bb<\/a><\/p>\n","protected":false},"author":1,"featured_media":982,"parent":0,"menu_order":0,"comment_status":"open","ping_status":"open","template":"","meta":{"site-sidebar-layout":"default","site-content-layout":"default","ast-global-header-display":"","ast-main-header-display":"","ast-hfb-above-header-display":"","ast-hfb-below-header-display":"","ast-hfb-mobile-header-display":"","site-post-title":"","ast-breadcrumbs-content":"","ast-featured-img":"","footer-sml-layout":"","theme-transparent-header-meta":"","adv-header-id-meta":"","stick-header-meta":"","header-above-stick-meta":"","header-main-stick-meta":"","header-below-stick-meta":"","footnotes":""},"class_list":["post-2896","page","type-page","status-publish","has-post-thumbnail","hentry"],"yoast_head":"<!-- This site is optimized with the Yoast SEO plugin v19.10 - https:\/\/yoast.com\/wordpress\/plugins\/seo\/ -->\n<title>Karneval in Rum\u00e4nien - Road to Romania<\/title>\n<meta name=\"robots\" content=\"index, follow, max-snippet:-1, max-image-preview:large, max-video-preview:-1\" \/>\n<link rel=\"canonical\" href=\"https:\/\/roadtoromania.com\/de\/karneval-in-rumaenien\/\" \/>\n<meta property=\"og:locale\" content=\"de_DE\" \/>\n<meta property=\"og:type\" content=\"article\" \/>\n<meta property=\"og:title\" content=\"Karneval in Rum\u00e4nien - Road to Romania\" \/>\n<meta property=\"og:description\" content=\"Anders als in anderen Teilen Europas hat der Karneval traditionell eine geringere Bedeutung als andere Feste wie M\u0103r\u021bi\u0219or , mit dem am 1. M\u00e4rz die Ankunft des Fr\u00fchlings gefeiert wird. Eines der bekanntesten Karnevalskost\u00fcmfeste ist die Lole , im Dorf Agnita in Siebenb\u00fcrgen (eine Autostunde von Sibiu ), dessen Maskenumzug eine germanische Tradition aus dem &hellip; Karneval in Rum\u00e4nien Read More \u00bb\" \/>\n<meta property=\"og:url\" content=\"https:\/\/roadtoromania.com\/de\/karneval-in-rumaenien\/\" \/>\n<meta property=\"og:site_name\" content=\"Road to Romania\" \/>\n<meta property=\"article:modified_time\" content=\"2022-10-22T12:32:32+00:00\" \/>\n<meta property=\"og:image\" content=\"https:\/\/roadtoromania.com\/wp-content\/uploads\/2022\/10\/lole_agnita_rumania-1.jpg\" \/>\n\t<meta property=\"og:image:width\" content=\"700\" \/>\n\t<meta property=\"og:image:height\" content=\"467\" \/>\n\t<meta property=\"og:image:type\" content=\"image\/jpeg\" \/>\n<meta name=\"twitter:card\" content=\"summary_large_image\" \/>\n<meta name=\"twitter:label1\" content=\"Gesch\u00e4tzte Lesezeit\" \/>\n\t<meta name=\"twitter:data1\" content=\"2\u00a0Minuten\" \/>\n<script type=\"application\/ld+json\" class=\"yoast-schema-graph\">{\"@context\":\"https:\/\/schema.org\",\"@graph\":[{\"@type\":\"WebPage\",\"@id\":\"https:\/\/roadtoromania.com\/de\/karneval-in-rumaenien\/\",\"url\":\"https:\/\/roadtoromania.com\/de\/karneval-in-rumaenien\/\",\"name\":\"Karneval in Rum\u00e4nien - Road to Romania\",\"isPartOf\":{\"@id\":\"https:\/\/roadtoromania.com\/de\/#website\"},\"datePublished\":\"2022-10-15T18:40:09+00:00\",\"dateModified\":\"2022-10-22T12:32:32+00:00\",\"breadcrumb\":{\"@id\":\"https:\/\/roadtoromania.com\/de\/karneval-in-rumaenien\/#breadcrumb\"},\"inLanguage\":\"de\",\"potentialAction\":[{\"@type\":\"ReadAction\",\"target\":[\"https:\/\/roadtoromania.com\/de\/karneval-in-rumaenien\/\"]}]},{\"@type\":\"BreadcrumbList\",\"@id\":\"https:\/\/roadtoromania.com\/de\/karneval-in-rumaenien\/#breadcrumb\",\"itemListElement\":[{\"@type\":\"ListItem\",\"position\":1,\"name\":\"Home\",\"item\":\"https:\/\/roadtoromania.com\/de\/\"},{\"@type\":\"ListItem\",\"position\":2,\"name\":\"Karneval in Rum\u00e4nien\"}]},{\"@type\":\"WebSite\",\"@id\":\"https:\/\/roadtoromania.com\/de\/#website\",\"url\":\"https:\/\/roadtoromania.com\/de\/\",\"name\":\"Road to Romania\",\"description\":\"Der Blog, in dem Sie alle Informationen finden, die Sie brauchen, um Rum\u00e4nien zu genie\u00dfen.\",\"potentialAction\":[{\"@type\":\"SearchAction\",\"target\":{\"@type\":\"EntryPoint\",\"urlTemplate\":\"https:\/\/roadtoromania.com\/de\/?s={search_term_string}\"},\"query-input\":\"required name=search_term_string\"}],\"inLanguage\":\"de\"}]}<\/script>\n<!-- \/ Yoast SEO plugin. -->","yoast_head_json":{"title":"Karneval in Rum\u00e4nien - Road to Romania","robots":{"index":"index","follow":"follow","max-snippet":"max-snippet:-1","max-image-preview":"max-image-preview:large","max-video-preview":"max-video-preview:-1"},"canonical":"https:\/\/roadtoromania.com\/de\/karneval-in-rumaenien\/","og_locale":"de_DE","og_type":"article","og_title":"Karneval in Rum\u00e4nien - Road to Romania","og_description":"Anders als in anderen Teilen Europas hat der Karneval traditionell eine geringere Bedeutung als andere Feste wie M\u0103r\u021bi\u0219or , mit dem am 1. M\u00e4rz die Ankunft des Fr\u00fchlings gefeiert wird. Eines der bekanntesten Karnevalskost\u00fcmfeste ist die Lole , im Dorf Agnita in Siebenb\u00fcrgen (eine Autostunde von Sibiu ), dessen Maskenumzug eine germanische Tradition aus dem &hellip; Karneval in Rum\u00e4nien Read More \u00bb","og_url":"https:\/\/roadtoromania.com\/de\/karneval-in-rumaenien\/","og_site_name":"Road to Romania","article_modified_time":"2022-10-22T12:32:32+00:00","og_image":[{"width":700,"height":467,"url":"https:\/\/roadtoromania.com\/wp-content\/uploads\/2022\/10\/lole_agnita_rumania-1.jpg","type":"image\/jpeg"}],"twitter_card":"summary_large_image","twitter_misc":{"Gesch\u00e4tzte Lesezeit":"2\u00a0Minuten"},"schema":{"@context":"https:\/\/schema.org","@graph":[{"@type":"WebPage","@id":"https:\/\/roadtoromania.com\/de\/karneval-in-rumaenien\/","url":"https:\/\/roadtoromania.com\/de\/karneval-in-rumaenien\/","name":"Karneval in Rum\u00e4nien - Road to Romania","isPartOf":{"@id":"https:\/\/roadtoromania.com\/de\/#website"},"datePublished":"2022-10-15T18:40:09+00:00","dateModified":"2022-10-22T12:32:32+00:00","breadcrumb":{"@id":"https:\/\/roadtoromania.com\/de\/karneval-in-rumaenien\/#breadcrumb"},"inLanguage":"de","potentialAction":[{"@type":"ReadAction","target":["https:\/\/roadtoromania.com\/de\/karneval-in-rumaenien\/"]}]},{"@type":"BreadcrumbList","@id":"https:\/\/roadtoromania.com\/de\/karneval-in-rumaenien\/#breadcrumb","itemListElement":[{"@type":"ListItem","position":1,"name":"Home","item":"https:\/\/roadtoromania.com\/de\/"},{"@type":"ListItem","position":2,"name":"Karneval in Rum\u00e4nien"}]},{"@type":"WebSite","@id":"https:\/\/roadtoromania.com\/de\/#website","url":"https:\/\/roadtoromania.com\/de\/","name":"Road to Romania","description":"Der Blog, in dem Sie alle Informationen finden, die Sie brauchen, um Rum\u00e4nien zu genie\u00dfen.","potentialAction":[{"@type":"SearchAction","target":{"@type":"EntryPoint","urlTemplate":"https:\/\/roadtoromania.com\/de\/?s={search_term_string}"},"query-input":"required name=search_term_string"}],"inLanguage":"de"}]}},"_links":{"self":[{"href":"https:\/\/roadtoromania.com\/de\/wp-json\/wp\/v2\/pages\/2896","targetHints":{"allow":["GET"]}}],"collection":[{"href":"https:\/\/roadtoromania.com\/de\/wp-json\/wp\/v2\/pages"}],"about":[{"href":"https:\/\/roadtoromania.com\/de\/wp-json\/wp\/v2\/types\/page"}],"author":[{"embeddable":true,"href":"https:\/\/roadtoromania.com\/de\/wp-json\/wp\/v2\/users\/1"}],"replies":[{"embeddable":true,"href":"https:\/\/roadtoromania.com\/de\/wp-json\/wp\/v2\/comments?post=2896"}],"version-history":[{"count":2,"href":"https:\/\/roadtoromania.com\/de\/wp-json\/wp\/v2\/pages\/2896\/revisions"}],"predecessor-version":[{"id":4282,"href":"https:\/\/roadtoromania.com\/de\/wp-json\/wp\/v2\/pages\/2896\/revisions\/4282"}],"wp:featuredmedia":[{"embeddable":true,"href":"https:\/\/roadtoromania.com\/de\/wp-json\/wp\/v2\/media\/982"}],"wp:attachment":[{"href":"https:\/\/roadtoromania.com\/de\/wp-json\/wp\/v2\/media?parent=2896"}],"curies":[{"name":"wp","href":"https:\/\/api.w.org\/{rel}","templated":true}]}}