{"id":2900,"date":"2022-10-15T18:40:09","date_gmt":"2022-10-15T18:40:09","guid":{"rendered":"https:\/\/roadtoromania.com\/autovermietung-in-rumaenien\/"},"modified":"2022-10-15T22:16:20","modified_gmt":"2022-10-15T22:16:20","slug":"autovermietung-in-rumaenien","status":"publish","type":"page","link":"https:\/\/roadtoromania.com\/de\/autovermietung-in-rumaenien\/","title":{"rendered":"Autovermietung in Rum\u00e4nien"},"content":{"rendered":"<p> <strong>Romania<\/strong> und <strong>RentalCars<\/strong> haben sich zusammengeschlossen, um Ihnen die besten Angebote f\u00fcr Autovermietungen auf der ganzen Welt zu unterbreiten. Mit 4000 Abholstellen weltweit sind wir sicher, dass Sie finden, was Sie brauchen. Benutzen Sie die Suchmaschine, um ein Auto in Rum\u00e4nien zu mieten.<\/p>\n<p>\nBitte beachten Sie, dass wir keine Geb\u00fchren f\u00fcr die Reservierung oder \u00c4nderung Ihres Mietwagens erheben. Wir berechnen auch keine zus\u00e4tzlichen Geb\u00fchren f\u00fcr die Verwendung einer Kreditkarte oder f\u00fcr die Abholung Ihres Wagens am Flughafen. Sie erhalten einen ausgezeichneten Kundenservice und das beste Auto zum g\u00fcnstigsten Preis. Auf diese Weise wird Ihr Auto mieten die billigste und wirtschaftlichste Weg, um ein Auto in Rum\u00e4nien zu mieten.<\/p>\n<p>\nEs ist \u00fcblich, ein Auto in den wichtigsten Flugh\u00e4fen oder St\u00e4dten wie Bukarest, Constanta, Sibiu, Oradea, Suceava, Cluj Nappca, Iasi, Craiova, Timisoara, T\u00e2rgu Mure\u015f, Bac\u0103u, Suceava oder Satu Mare zu mieten.\u00a0F\u00fcr Informationen \u00fcber <a href=\"https:\/\/roadtoromania.com\/de\/autovermietung-in-bucharest\/\"> <strong>Autovermietung in Bukarest<\/strong><\/a> t und am Flughafen.<\/p>\n<p>\nEine andere M\u00f6glichkeit ist <a href=\"https:\/\/roadtoromania.com\/de\/wohnwagen-und-wohnmobilvermietung-in-rumaenien\/\"> <strong>ein Wohnmobil oder einen Camper in Rum\u00e4nien zu mieten<\/strong><\/a> , um das Land zu erkunden und sich nicht um eine Unterkunft k\u00fcmmern zu m\u00fcssen.<\/p>\n<p> Autofahren in Rum\u00e4nien<\/strong> <\/h3>\n<p>\nIn Rum\u00e4nien sind viele <strong>Autobahnen<\/strong> nicht vollst\u00e4ndig fertig gestellt und wechseln sich ab zwischen fertig gestellten und im Bau befindlichen Abschnitten oder Stra\u00dfen mit nur einer Fahrspur pro Richtung. Die <strong>wichtigsten Autobahnen<\/strong> in Rum\u00e4nien sind die A1 (von Bukarest &#8211; Pite\u015fti &#8211; R\u00e2mnicu V\u00e2lcea &#8211; Sibiu &#8211; Deva &#8211; Timi\u015foara &#8211; Arad &#8211; nach N\u0103dlac in Ungarn), die A2 (Bukarest &#8211; Fete\u015fti &#8211; Cernavod\u0103 nach Constan\u0163a), die A3 (Bukarest &#8211; Fete\u015fti &#8211; Cernavod\u0103 nach Constan\u0163a); die A3, die auch von Bukarest nach Ploie\u015fti &#8211; Bra\u015fov &#8211; Sighi\u015foara &#8211; T\u00e2rgu Mure\u015f &#8211; Cluj-Napoca &#8211; Zal\u0103u &#8211; Oradea und Bor\u015f in Ungarn f\u00fchrt); die A4, die von Ovidiu nach Agigea &#8211; Mangalia und Vama Veche in Bulgarien f\u00fchrt.<\/p>\n<p>\nUnabh\u00e4ngig davon, ob Sie mit Ihrem eigenen Fahrzeug oder einem Mietwagen unterwegs sind, ist es sehr empfehlenswert, ein GPS oder eine detaillierte Karte der rum\u00e4nischen Stra\u00dfen mitzuf\u00fchren, da die Wegbeschreibungen und Schilder manchmal verwirrend oder nicht vorhanden sind.<\/p>\n<p>\nDie St\u00e4dte in Rum\u00e4nien, in denen Sie ein Auto mieten k\u00f6nnen, sind:<\/p>\n<ul>\n<li>\nArad<\/li>\n<li>\nBacau<\/li>\n<li>\nBaia Mare<\/li>\n<li>\n<a href=\"https:\/\/roadtoromania.com\/de\/staedte-und-regionen-rumaeniens\/brasov\/\">Brasov<\/a> .<\/li>\n<li>\n<a href=\"https:\/\/roadtoromania.com\/de\/staedte-und-regionen-rumaeniens\/bucharest\/\">Bukarest<\/a> .<\/li>\n<li>.<br \/>\n<a href=\"https:\/\/roadtoromania.com\/de\/staedte-und-regionen-rumaeniens\/cluj-napoca\/\">Cluj &#8211; Napoca<\/a> .<\/li>\n<li>\n<a href=\"https:\/\/roadtoromania.com\/de\/staedte-und-regionen-rumaeniens\/constanza\/\">Constanta<\/a> .<\/li>\n<li>.<br \/>\n<a href=\"https:\/\/roadtoromania.com\/de\/staedte-und-regionen-rumaeniens\/iasi\/\">Iasi<\/a> .<\/li>\n<li>.<br \/>\nOradea<\/li>\n<li>\n<a href=\"https:\/\/roadtoromania.com\/de\/staedte-und-regionen-rumaeniens\/sibiu\/\">Sibiu<\/a> .<\/li>\n<li>\nSuceava<\/li>\n<li>\n<a href=\"https:\/\/roadtoromania.com\/de\/staedte-und-regionen-rumaeniens\/timisoara\/\">Timisoara<\/a> .<\/li>\n<\/ul>\n","protected":false},"excerpt":{"rendered":"<p>Romania und RentalCars haben sich zusammengeschlossen, um Ihnen die besten Angebote f\u00fcr Autovermietungen auf der ganzen Welt zu unterbreiten. Mit 4000 Abholstellen weltweit sind wir sicher, dass Sie finden, was Sie brauchen. Benutzen Sie die Suchmaschine, um ein Auto in Rum\u00e4nien zu mieten. Bitte beachten Sie, dass wir keine Geb\u00fchren f\u00fcr die Reservierung oder \u00c4nderung &hellip;<\/p>\n<p class=\"read-more\"> <a class=\"\" href=\"https:\/\/roadtoromania.com\/de\/autovermietung-in-rumaenien\/\"> <span class=\"screen-reader-text\">Autovermietung in Rum\u00e4nien<\/span> Read More \u00bb<\/a><\/p>\n","protected":false},"author":1,"featured_media":0,"parent":0,"menu_order":0,"comment_status":"open","ping_status":"open","template":"","meta":{"site-sidebar-layout":"default","site-content-layout":"default","ast-global-header-display":"","ast-main-header-display":"","ast-hfb-above-header-display":"","ast-hfb-below-header-display":"","ast-hfb-mobile-header-display":"","site-post-title":"","ast-breadcrumbs-content":"","ast-featured-img":"","footer-sml-layout":"","theme-transparent-header-meta":"","adv-header-id-meta":"","stick-header-meta":"","header-above-stick-meta":"","header-main-stick-meta":"","header-below-stick-meta":"","footnotes":""},"class_list":["post-2900","page","type-page","status-publish","hentry"],"yoast_head":"<!-- This site is optimized with the Yoast SEO plugin v19.10 - https:\/\/yoast.com\/wordpress\/plugins\/seo\/ -->\n<title>Autovermietung in Rum\u00e4nien - Road to Romania<\/title>\n<meta name=\"robots\" content=\"index, follow, max-snippet:-1, max-image-preview:large, max-video-preview:-1\" \/>\n<link rel=\"canonical\" href=\"https:\/\/roadtoromania.com\/de\/autovermietung-in-rumaenien\/\" \/>\n<meta property=\"og:locale\" content=\"de_DE\" \/>\n<meta property=\"og:type\" content=\"article\" \/>\n<meta property=\"og:title\" content=\"Autovermietung in Rum\u00e4nien - Road to Romania\" \/>\n<meta property=\"og:description\" content=\"Romania und RentalCars haben sich zusammengeschlossen, um Ihnen die besten Angebote f\u00fcr Autovermietungen auf der ganzen Welt zu unterbreiten. Mit 4000 Abholstellen weltweit sind wir sicher, dass Sie finden, was Sie brauchen. Benutzen Sie die Suchmaschine, um ein Auto in Rum\u00e4nien zu mieten. Bitte beachten Sie, dass wir keine Geb\u00fchren f\u00fcr die Reservierung oder \u00c4nderung &hellip; Autovermietung in Rum\u00e4nien Read More \u00bb\" \/>\n<meta property=\"og:url\" content=\"https:\/\/roadtoromania.com\/de\/autovermietung-in-rumaenien\/\" \/>\n<meta property=\"og:site_name\" content=\"Road to Romania\" \/>\n<meta property=\"article:modified_time\" content=\"2022-10-15T22:16:20+00:00\" \/>\n<meta name=\"twitter:card\" content=\"summary_large_image\" \/>\n<meta name=\"twitter:label1\" content=\"Gesch\u00e4tzte Lesezeit\" \/>\n\t<meta name=\"twitter:data1\" content=\"2\u00a0Minuten\" \/>\n<script type=\"application\/ld+json\" class=\"yoast-schema-graph\">{\"@context\":\"https:\/\/schema.org\",\"@graph\":[{\"@type\":\"WebPage\",\"@id\":\"https:\/\/roadtoromania.com\/de\/autovermietung-in-rumaenien\/\",\"url\":\"https:\/\/roadtoromania.com\/de\/autovermietung-in-rumaenien\/\",\"name\":\"Autovermietung in Rum\u00e4nien - Road to Romania\",\"isPartOf\":{\"@id\":\"https:\/\/roadtoromania.com\/de\/#website\"},\"datePublished\":\"2022-10-15T18:40:09+00:00\",\"dateModified\":\"2022-10-15T22:16:20+00:00\",\"breadcrumb\":{\"@id\":\"https:\/\/roadtoromania.com\/de\/autovermietung-in-rumaenien\/#breadcrumb\"},\"inLanguage\":\"de\",\"potentialAction\":[{\"@type\":\"ReadAction\",\"target\":[\"https:\/\/roadtoromania.com\/de\/autovermietung-in-rumaenien\/\"]}]},{\"@type\":\"BreadcrumbList\",\"@id\":\"https:\/\/roadtoromania.com\/de\/autovermietung-in-rumaenien\/#breadcrumb\",\"itemListElement\":[{\"@type\":\"ListItem\",\"position\":1,\"name\":\"Home\",\"item\":\"https:\/\/roadtoromania.com\/de\/\"},{\"@type\":\"ListItem\",\"position\":2,\"name\":\"Autovermietung in Rum\u00e4nien\"}]},{\"@type\":\"WebSite\",\"@id\":\"https:\/\/roadtoromania.com\/de\/#website\",\"url\":\"https:\/\/roadtoromania.com\/de\/\",\"name\":\"Road to Romania\",\"description\":\"Der Blog, in dem Sie alle Informationen finden, die Sie brauchen, um Rum\u00e4nien zu genie\u00dfen.\",\"potentialAction\":[{\"@type\":\"SearchAction\",\"target\":{\"@type\":\"EntryPoint\",\"urlTemplate\":\"https:\/\/roadtoromania.com\/de\/?s={search_term_string}\"},\"query-input\":\"required name=search_term_string\"}],\"inLanguage\":\"de\"}]}<\/script>\n<!-- \/ Yoast SEO plugin. -->","yoast_head_json":{"title":"Autovermietung in Rum\u00e4nien - Road to Romania","robots":{"index":"index","follow":"follow","max-snippet":"max-snippet:-1","max-image-preview":"max-image-preview:large","max-video-preview":"max-video-preview:-1"},"canonical":"https:\/\/roadtoromania.com\/de\/autovermietung-in-rumaenien\/","og_locale":"de_DE","og_type":"article","og_title":"Autovermietung in Rum\u00e4nien - Road to Romania","og_description":"Romania und RentalCars haben sich zusammengeschlossen, um Ihnen die besten Angebote f\u00fcr Autovermietungen auf der ganzen Welt zu unterbreiten. Mit 4000 Abholstellen weltweit sind wir sicher, dass Sie finden, was Sie brauchen. Benutzen Sie die Suchmaschine, um ein Auto in Rum\u00e4nien zu mieten. Bitte beachten Sie, dass wir keine Geb\u00fchren f\u00fcr die Reservierung oder \u00c4nderung &hellip; Autovermietung in Rum\u00e4nien Read More \u00bb","og_url":"https:\/\/roadtoromania.com\/de\/autovermietung-in-rumaenien\/","og_site_name":"Road to Romania","article_modified_time":"2022-10-15T22:16:20+00:00","twitter_card":"summary_large_image","twitter_misc":{"Gesch\u00e4tzte Lesezeit":"2\u00a0Minuten"},"schema":{"@context":"https:\/\/schema.org","@graph":[{"@type":"WebPage","@id":"https:\/\/roadtoromania.com\/de\/autovermietung-in-rumaenien\/","url":"https:\/\/roadtoromania.com\/de\/autovermietung-in-rumaenien\/","name":"Autovermietung in Rum\u00e4nien - Road to Romania","isPartOf":{"@id":"https:\/\/roadtoromania.com\/de\/#website"},"datePublished":"2022-10-15T18:40:09+00:00","dateModified":"2022-10-15T22:16:20+00:00","breadcrumb":{"@id":"https:\/\/roadtoromania.com\/de\/autovermietung-in-rumaenien\/#breadcrumb"},"inLanguage":"de","potentialAction":[{"@type":"ReadAction","target":["https:\/\/roadtoromania.com\/de\/autovermietung-in-rumaenien\/"]}]},{"@type":"BreadcrumbList","@id":"https:\/\/roadtoromania.com\/de\/autovermietung-in-rumaenien\/#breadcrumb","itemListElement":[{"@type":"ListItem","position":1,"name":"Home","item":"https:\/\/roadtoromania.com\/de\/"},{"@type":"ListItem","position":2,"name":"Autovermietung in Rum\u00e4nien"}]},{"@type":"WebSite","@id":"https:\/\/roadtoromania.com\/de\/#website","url":"https:\/\/roadtoromania.com\/de\/","name":"Road to Romania","description":"Der Blog, in dem Sie alle Informationen finden, die Sie brauchen, um Rum\u00e4nien zu genie\u00dfen.","potentialAction":[{"@type":"SearchAction","target":{"@type":"EntryPoint","urlTemplate":"https:\/\/roadtoromania.com\/de\/?s={search_term_string}"},"query-input":"required name=search_term_string"}],"inLanguage":"de"}]}},"_links":{"self":[{"href":"https:\/\/roadtoromania.com\/de\/wp-json\/wp\/v2\/pages\/2900","targetHints":{"allow":["GET"]}}],"collection":[{"href":"https:\/\/roadtoromania.com\/de\/wp-json\/wp\/v2\/pages"}],"about":[{"href":"https:\/\/roadtoromania.com\/de\/wp-json\/wp\/v2\/types\/page"}],"author":[{"embeddable":true,"href":"https:\/\/roadtoromania.com\/de\/wp-json\/wp\/v2\/users\/1"}],"replies":[{"embeddable":true,"href":"https:\/\/roadtoromania.com\/de\/wp-json\/wp\/v2\/comments?post=2900"}],"version-history":[{"count":0,"href":"https:\/\/roadtoromania.com\/de\/wp-json\/wp\/v2\/pages\/2900\/revisions"}],"wp:attachment":[{"href":"https:\/\/roadtoromania.com\/de\/wp-json\/wp\/v2\/media?parent=2900"}],"curies":[{"name":"wp","href":"https:\/\/api.w.org\/{rel}","templated":true}]}}