{"id":2902,"date":"2022-10-15T18:40:09","date_gmt":"2022-10-15T18:40:09","guid":{"rendered":"https:\/\/roadtoromania.com\/unterkunft-in-rumaenien\/herbergen-und-hostels-in-rumaenien\/"},"modified":"2022-10-15T22:16:24","modified_gmt":"2022-10-15T22:16:24","slug":"herbergen-und-hostels-in-rumaenien","status":"publish","type":"page","link":"https:\/\/roadtoromania.com\/de\/unterkunft-in-rumaenien\/herbergen-und-hostels-in-rumaenien\/","title":{"rendered":"Hostels und G\u00e4steh\u00e4user in Rum\u00e4nien"},"content":{"rendered":"<p><a href=\"https:\/\/roadtoromania.com\/wp-content\/uploads\/2022\/10\/rumania-hostales-albergues.jpg\"><img decoding=\"async\" src=\"https:\/\/roadtoromania.com\/wp-content\/uploads\/2022\/10\/rumania-hostales-albergues.jpg\" \/><\/a> Eine urige Herberge in Rum\u00e4nien, die nicht alle haben. Foto von Wayne W G<\/p>\n<p>\nHostels und Pensionen in Rum\u00e4nien sind eine weitere M\u00f6glichkeit, in dem Balkanland zu \u00fcbernachten. Diese Art der Unterbringung ist g\u00fcnstiger und wirtschaftlicher als Hotels und bietet vor allem viel mehr Interaktion mit anderen Reisenden <\/p>\n<p>.<\/p>\n<p>\nDie \u00dcbernachtung in Herbergen und G\u00e4steh\u00e4usern kann eine M\u00f6glichkeit sein, mehr Leute kennenzulernen und viele Freundschaften w\u00e4hrend unserer Reise nach Rum\u00e4nien zu schlie\u00dfen.<\/p>\n<p>\nDie rum\u00e4nischen Jugendherbergen befinden sich in den wichtigsten St\u00e4dten, Bukarest, Cluj, Sibiu, Timisoara, Brasov, usw&#8230; aber unser Partner erm\u00f6glicht es Ihnen, Ihre Jugendherberge in mehr als 30 St\u00e4dten und D\u00f6rfern in Rum\u00e4nien zu buchen, viele davon in angenehmer nat\u00fcrlicher Umgebung.<\/p>\n<p>\nKlicken Sie auf die Anzeige unseres Partners und suchen Sie die Unterkunft, die Ihnen am besten gef\u00e4llt. Neben Hostels und Pensionen k\u00f6nnen Sie auch Campingpl\u00e4tze und Hotels buchen <\/p>\n<p>.<\/p>\n","protected":false},"excerpt":{"rendered":"<p>Eine urige Herberge in Rum\u00e4nien, die nicht alle haben. Foto von Wayne W G Hostels und Pensionen in Rum\u00e4nien sind eine weitere M\u00f6glichkeit, in dem Balkanland zu \u00fcbernachten. Diese Art der Unterbringung ist g\u00fcnstiger und wirtschaftlicher als Hotels und bietet vor allem viel mehr Interaktion mit anderen Reisenden . Die \u00dcbernachtung in Herbergen und G\u00e4steh\u00e4usern &hellip;<\/p>\n<p class=\"read-more\"> <a class=\"\" href=\"https:\/\/roadtoromania.com\/de\/unterkunft-in-rumaenien\/herbergen-und-hostels-in-rumaenien\/\"> <span class=\"screen-reader-text\">Hostels und G\u00e4steh\u00e4user in Rum\u00e4nien<\/span> Read More \u00bb<\/a><\/p>\n","protected":false},"author":1,"featured_media":1000,"parent":2894,"menu_order":0,"comment_status":"open","ping_status":"open","template":"","meta":{"site-sidebar-layout":"default","site-content-layout":"default","ast-global-header-display":"","ast-main-header-display":"","ast-hfb-above-header-display":"","ast-hfb-below-header-display":"","ast-hfb-mobile-header-display":"","site-post-title":"","ast-breadcrumbs-content":"","ast-featured-img":"","footer-sml-layout":"","theme-transparent-header-meta":"","adv-header-id-meta":"","stick-header-meta":"","header-above-stick-meta":"","header-main-stick-meta":"","header-below-stick-meta":"","footnotes":""},"class_list":["post-2902","page","type-page","status-publish","has-post-thumbnail","hentry"],"yoast_head":"<!-- This site is optimized with the Yoast SEO plugin v19.10 - https:\/\/yoast.com\/wordpress\/plugins\/seo\/ -->\n<title>Hostels und G\u00e4steh\u00e4user in Rum\u00e4nien - Road to Romania<\/title>\n<meta name=\"robots\" content=\"index, follow, max-snippet:-1, max-image-preview:large, max-video-preview:-1\" \/>\n<link rel=\"canonical\" href=\"https:\/\/roadtoromania.com\/de\/unterkunft-in-rumaenien\/herbergen-und-hostels-in-rumaenien\/\" \/>\n<meta property=\"og:locale\" content=\"de_DE\" \/>\n<meta property=\"og:type\" content=\"article\" \/>\n<meta property=\"og:title\" content=\"Hostels und G\u00e4steh\u00e4user in Rum\u00e4nien - Road to Romania\" \/>\n<meta property=\"og:description\" content=\"Eine urige Herberge in Rum\u00e4nien, die nicht alle haben. Foto von Wayne W G Hostels und Pensionen in Rum\u00e4nien sind eine weitere M\u00f6glichkeit, in dem Balkanland zu \u00fcbernachten. Diese Art der Unterbringung ist g\u00fcnstiger und wirtschaftlicher als Hotels und bietet vor allem viel mehr Interaktion mit anderen Reisenden . Die \u00dcbernachtung in Herbergen und G\u00e4steh\u00e4usern &hellip; Hostels und G\u00e4steh\u00e4user in Rum\u00e4nien Read More \u00bb\" \/>\n<meta property=\"og:url\" content=\"https:\/\/roadtoromania.com\/de\/unterkunft-in-rumaenien\/herbergen-und-hostels-in-rumaenien\/\" \/>\n<meta property=\"og:site_name\" content=\"Road to Romania\" \/>\n<meta property=\"article:modified_time\" content=\"2022-10-15T22:16:24+00:00\" \/>\n<meta property=\"og:image\" content=\"https:\/\/roadtoromania.com\/wp-content\/uploads\/2022\/10\/rumania-hostales-albergues-1.jpg\" \/>\n\t<meta property=\"og:image:width\" content=\"640\" \/>\n\t<meta property=\"og:image:height\" content=\"400\" \/>\n\t<meta property=\"og:image:type\" content=\"image\/jpeg\" \/>\n<meta name=\"twitter:card\" content=\"summary_large_image\" \/>\n<meta name=\"twitter:label1\" content=\"Gesch\u00e4tzte Lesezeit\" \/>\n\t<meta name=\"twitter:data1\" content=\"1\u00a0Minute\" \/>\n<script type=\"application\/ld+json\" class=\"yoast-schema-graph\">{\"@context\":\"https:\/\/schema.org\",\"@graph\":[{\"@type\":\"WebPage\",\"@id\":\"https:\/\/roadtoromania.com\/de\/unterkunft-in-rumaenien\/herbergen-und-hostels-in-rumaenien\/\",\"url\":\"https:\/\/roadtoromania.com\/de\/unterkunft-in-rumaenien\/herbergen-und-hostels-in-rumaenien\/\",\"name\":\"Hostels und G\u00e4steh\u00e4user in Rum\u00e4nien - Road to Romania\",\"isPartOf\":{\"@id\":\"https:\/\/roadtoromania.com\/de\/#website\"},\"datePublished\":\"2022-10-15T18:40:09+00:00\",\"dateModified\":\"2022-10-15T22:16:24+00:00\",\"breadcrumb\":{\"@id\":\"https:\/\/roadtoromania.com\/de\/unterkunft-in-rumaenien\/herbergen-und-hostels-in-rumaenien\/#breadcrumb\"},\"inLanguage\":\"de\",\"potentialAction\":[{\"@type\":\"ReadAction\",\"target\":[\"https:\/\/roadtoromania.com\/de\/unterkunft-in-rumaenien\/herbergen-und-hostels-in-rumaenien\/\"]}]},{\"@type\":\"BreadcrumbList\",\"@id\":\"https:\/\/roadtoromania.com\/de\/unterkunft-in-rumaenien\/herbergen-und-hostels-in-rumaenien\/#breadcrumb\",\"itemListElement\":[{\"@type\":\"ListItem\",\"position\":1,\"name\":\"Home\",\"item\":\"https:\/\/roadtoromania.com\/de\/\"},{\"@type\":\"ListItem\",\"position\":2,\"name\":\"Unterkunft in Rum\u00e4nien\",\"item\":\"https:\/\/roadtoromania.com\/de\/unterkunft-in-rumaenien\/\"},{\"@type\":\"ListItem\",\"position\":3,\"name\":\"Hostels und G\u00e4steh\u00e4user in Rum\u00e4nien\"}]},{\"@type\":\"WebSite\",\"@id\":\"https:\/\/roadtoromania.com\/de\/#website\",\"url\":\"https:\/\/roadtoromania.com\/de\/\",\"name\":\"Road to Romania\",\"description\":\"Der Blog, in dem Sie alle Informationen finden, die Sie brauchen, um Rum\u00e4nien zu genie\u00dfen.\",\"potentialAction\":[{\"@type\":\"SearchAction\",\"target\":{\"@type\":\"EntryPoint\",\"urlTemplate\":\"https:\/\/roadtoromania.com\/de\/?s={search_term_string}\"},\"query-input\":\"required name=search_term_string\"}],\"inLanguage\":\"de\"}]}<\/script>\n<!-- \/ Yoast SEO plugin. -->","yoast_head_json":{"title":"Hostels und G\u00e4steh\u00e4user in Rum\u00e4nien - Road to Romania","robots":{"index":"index","follow":"follow","max-snippet":"max-snippet:-1","max-image-preview":"max-image-preview:large","max-video-preview":"max-video-preview:-1"},"canonical":"https:\/\/roadtoromania.com\/de\/unterkunft-in-rumaenien\/herbergen-und-hostels-in-rumaenien\/","og_locale":"de_DE","og_type":"article","og_title":"Hostels und G\u00e4steh\u00e4user in Rum\u00e4nien - Road to Romania","og_description":"Eine urige Herberge in Rum\u00e4nien, die nicht alle haben. Foto von Wayne W G Hostels und Pensionen in Rum\u00e4nien sind eine weitere M\u00f6glichkeit, in dem Balkanland zu \u00fcbernachten. Diese Art der Unterbringung ist g\u00fcnstiger und wirtschaftlicher als Hotels und bietet vor allem viel mehr Interaktion mit anderen Reisenden . Die \u00dcbernachtung in Herbergen und G\u00e4steh\u00e4usern &hellip; Hostels und G\u00e4steh\u00e4user in Rum\u00e4nien Read More \u00bb","og_url":"https:\/\/roadtoromania.com\/de\/unterkunft-in-rumaenien\/herbergen-und-hostels-in-rumaenien\/","og_site_name":"Road to Romania","article_modified_time":"2022-10-15T22:16:24+00:00","og_image":[{"width":640,"height":400,"url":"https:\/\/roadtoromania.com\/wp-content\/uploads\/2022\/10\/rumania-hostales-albergues-1.jpg","type":"image\/jpeg"}],"twitter_card":"summary_large_image","twitter_misc":{"Gesch\u00e4tzte Lesezeit":"1\u00a0Minute"},"schema":{"@context":"https:\/\/schema.org","@graph":[{"@type":"WebPage","@id":"https:\/\/roadtoromania.com\/de\/unterkunft-in-rumaenien\/herbergen-und-hostels-in-rumaenien\/","url":"https:\/\/roadtoromania.com\/de\/unterkunft-in-rumaenien\/herbergen-und-hostels-in-rumaenien\/","name":"Hostels und G\u00e4steh\u00e4user in Rum\u00e4nien - Road to Romania","isPartOf":{"@id":"https:\/\/roadtoromania.com\/de\/#website"},"datePublished":"2022-10-15T18:40:09+00:00","dateModified":"2022-10-15T22:16:24+00:00","breadcrumb":{"@id":"https:\/\/roadtoromania.com\/de\/unterkunft-in-rumaenien\/herbergen-und-hostels-in-rumaenien\/#breadcrumb"},"inLanguage":"de","potentialAction":[{"@type":"ReadAction","target":["https:\/\/roadtoromania.com\/de\/unterkunft-in-rumaenien\/herbergen-und-hostels-in-rumaenien\/"]}]},{"@type":"BreadcrumbList","@id":"https:\/\/roadtoromania.com\/de\/unterkunft-in-rumaenien\/herbergen-und-hostels-in-rumaenien\/#breadcrumb","itemListElement":[{"@type":"ListItem","position":1,"name":"Home","item":"https:\/\/roadtoromania.com\/de\/"},{"@type":"ListItem","position":2,"name":"Unterkunft in Rum\u00e4nien","item":"https:\/\/roadtoromania.com\/de\/unterkunft-in-rumaenien\/"},{"@type":"ListItem","position":3,"name":"Hostels und G\u00e4steh\u00e4user in Rum\u00e4nien"}]},{"@type":"WebSite","@id":"https:\/\/roadtoromania.com\/de\/#website","url":"https:\/\/roadtoromania.com\/de\/","name":"Road to Romania","description":"Der Blog, in dem Sie alle Informationen finden, die Sie brauchen, um Rum\u00e4nien zu genie\u00dfen.","potentialAction":[{"@type":"SearchAction","target":{"@type":"EntryPoint","urlTemplate":"https:\/\/roadtoromania.com\/de\/?s={search_term_string}"},"query-input":"required name=search_term_string"}],"inLanguage":"de"}]}},"_links":{"self":[{"href":"https:\/\/roadtoromania.com\/de\/wp-json\/wp\/v2\/pages\/2902","targetHints":{"allow":["GET"]}}],"collection":[{"href":"https:\/\/roadtoromania.com\/de\/wp-json\/wp\/v2\/pages"}],"about":[{"href":"https:\/\/roadtoromania.com\/de\/wp-json\/wp\/v2\/types\/page"}],"author":[{"embeddable":true,"href":"https:\/\/roadtoromania.com\/de\/wp-json\/wp\/v2\/users\/1"}],"replies":[{"embeddable":true,"href":"https:\/\/roadtoromania.com\/de\/wp-json\/wp\/v2\/comments?post=2902"}],"version-history":[{"count":1,"href":"https:\/\/roadtoromania.com\/de\/wp-json\/wp\/v2\/pages\/2902\/revisions"}],"predecessor-version":[{"id":2903,"href":"https:\/\/roadtoromania.com\/de\/wp-json\/wp\/v2\/pages\/2902\/revisions\/2903"}],"up":[{"embeddable":true,"href":"https:\/\/roadtoromania.com\/de\/wp-json\/wp\/v2\/pages\/2894"}],"wp:featuredmedia":[{"embeddable":true,"href":"https:\/\/roadtoromania.com\/de\/wp-json\/wp\/v2\/media\/1000"}],"wp:attachment":[{"href":"https:\/\/roadtoromania.com\/de\/wp-json\/wp\/v2\/media?parent=2902"}],"curies":[{"name":"wp","href":"https:\/\/api.w.org\/{rel}","templated":true}]}}