{"id":2904,"date":"2022-10-15T18:40:09","date_gmt":"2022-10-15T18:40:09","guid":{"rendered":"https:\/\/roadtoromania.com\/unterkunft-in-rumaenien\/hotels-in-rumaenien\/"},"modified":"2022-10-22T12:30:24","modified_gmt":"2022-10-22T12:30:24","slug":"hotels-in-rumaenien","status":"publish","type":"page","link":"https:\/\/roadtoromania.com\/de\/unterkunft-in-rumaenien\/hotels-in-rumaenien\/","title":{"rendered":"Hotels in Rum\u00e4nien"},"content":{"rendered":"<p><a href=\"https:\/\/roadtoromania.com\/wp-content\/uploads\/2022\/10\/hoteles-rumania-alojamiento.jpg\"><img decoding=\"async\" src=\"https:\/\/roadtoromania.com\/wp-content\/uploads\/2022\/10\/hoteles-rumania-alojamiento.jpg\" \/><\/a> In Rum\u00e4nien gibt es gute Hotels, wie im \u00fcbrigen Europa.<\/p>\n<p>\nRum\u00e4nien verf\u00fcgt \u00fcber ein gut ausgebautes Hotelnetz, insbesondere in den gr\u00f6\u00dferen St\u00e4dten. Es gibt Hotels aller Art und Qualit\u00e4t. Es ist empfehlenswert, ein Hotel mit einem Stern mehr zu buchen, denn manchmal ist die Qualit\u00e4t etwas schlechter als in anderen europ\u00e4ischen L\u00e4ndern, was nicht bedeutet, dass die Hotels nicht gut sind, sondern nur, dass der Standard niedriger ist.<\/p>\n<p>\nNachstehend finden Sie eine Liste der Hotels, sortiert nach St\u00e4dten, so dass Sie alle Hotels in Rum\u00e4nien finden k\u00f6nnen. Wenn Sie auf der Suche nach anderen Unterk\u00fcnften sind, B&#038;B, Bauernh\u00f6fe, Luxushotels, etc&#8230; z\u00f6gern Sie nicht, uns zu schreiben, damit wir Sie mit unseren lokalen Partnern in Rum\u00e4nien in Verbindung setzen k\u00f6nnen, die Ihnen besorgen werden, was Sie brauchen.<br \/>\n Liste der Hotels in Rum\u00e4nien nach St\u00e4dten.<\/strong> <\/p>\n<p>\u00a0A<\/p>\n<p>Alba Iulia [2]<\/p>\n<p>Arad [3]<\/p>\n<p>Arieseni [1]<\/p>\n<p>Azuga [1]B<\/p>\n<p>Baia Mare [3]<\/p>\n<p>Baile Felix [1]<br \/&#038;><br \/>\nBazna [2]<\/p>\n<p>Bistri\u0163a [3]<\/p>\n<p>Bor\u015fa [1]<\/p>\n<p>Kleie [3]<\/p>\n<p>Bra\u015fov [51]<\/p>\n<p>Bukarest [121]<\/p>\n<p>Bu\u015fteni [7]C<\/p>\n<p>Cluj-Napoca [30]<\/p>\n<p>Constanta [13]Costine\u015fti [1]<\/p>\n<p>Craiova [5]<\/p>\n<p>C\u00e2mpina [2]<\/p>\n<p>C\u00e2mpulung Moldovenesc [2]D<\/p>\n<p>Deva [3]<\/p>\n<p>Drobeta-Turnu Severin [1]E<br \/>\n Eforie [4]G<\/p>\n<p>Eforie [4]G<\/p>\n<p>Gala\u0163i [1]<\/p>\n<p>Gil\u0103u [1]<\/p>\n<p>Gura Humorului [4]I<\/p>\n<p>Ia\u015fi [10]M<\/p>\n<p>Mamaia [6]<\/p>\n<p>Mangalia [1]<\/p>\n<p>Media\u015f [1]<\/p>\n<p>Miercurea-Ciuc [1]Moieciu de Jos [3]<\/p>\n<p>Moieciu de Sus [1]<\/p>\n<p>Murighiol [1]O<\/p>\n<p>Oradea [12]P<\/p>\n<p>Piatra Neamt [1]<\/p>\n<p>Pitesti [3]<\/p>\n<p>Ploie\u015fti [6]<\/p>\n<p>Predeal [6]R<\/p>\n<p>Rasnov [2]<\/p>\n<p>Roman [2]S<\/p>\n<p>Saschiz [1]<\/p>\n<p>Satu Mare [1]<\/p>\n<p>Saturn [4]<\/p>\n<p>Sibiu [18]<\/p>\n<p>Sighisoara [4]<\/p>\n<p>Sinaia [4]Suceava [5]<\/p>\n<p>Sucevi\u0163a [1]T<\/p>\n<p>Timi\u0219oara [30]<\/p>\n<p>Tulcea [3]<\/p>\n<p>Turda [1]<\/p>\n<p>T\u00e2rgu Mure\u015f [6]V<\/p>\n<p>Valea Draganului [1]<\/p>\n<p>Vama [2]<\/p>\n<p>Venus [1]<\/p>\n<p>Vidra [1]<\/p>\n<p>V\u00e2n\u0103tori-Neam\u021b [1]<\/p>\n","protected":false},"excerpt":{"rendered":"<p>In Rum\u00e4nien gibt es gute Hotels, wie im \u00fcbrigen Europa. Rum\u00e4nien verf\u00fcgt \u00fcber ein gut ausgebautes Hotelnetz, insbesondere in den gr\u00f6\u00dferen St\u00e4dten. Es gibt Hotels aller Art und Qualit\u00e4t. Es ist empfehlenswert, ein Hotel mit einem Stern mehr zu buchen, denn manchmal ist die Qualit\u00e4t etwas schlechter als in anderen europ\u00e4ischen L\u00e4ndern, was nicht bedeutet, &hellip;<\/p>\n<p class=\"read-more\"> <a class=\"\" href=\"https:\/\/roadtoromania.com\/de\/unterkunft-in-rumaenien\/hotels-in-rumaenien\/\"> <span class=\"screen-reader-text\">Hotels in Rum\u00e4nien<\/span> Read More \u00bb<\/a><\/p>\n","protected":false},"author":1,"featured_media":1008,"parent":2894,"menu_order":0,"comment_status":"open","ping_status":"open","template":"","meta":{"site-sidebar-layout":"default","site-content-layout":"default","ast-global-header-display":"","ast-main-header-display":"","ast-hfb-above-header-display":"","ast-hfb-below-header-display":"","ast-hfb-mobile-header-display":"","site-post-title":"","ast-breadcrumbs-content":"","ast-featured-img":"","footer-sml-layout":"","theme-transparent-header-meta":"default","adv-header-id-meta":"","stick-header-meta":"default","header-above-stick-meta":"","header-main-stick-meta":"","header-below-stick-meta":"","footnotes":""},"class_list":["post-2904","page","type-page","status-publish","has-post-thumbnail","hentry"],"yoast_head":"<!-- This site is optimized with the Yoast SEO plugin v19.10 - https:\/\/yoast.com\/wordpress\/plugins\/seo\/ -->\n<title>Hotels in Rum\u00e4nien - Road to Romania<\/title>\n<meta name=\"robots\" content=\"index, follow, max-snippet:-1, max-image-preview:large, max-video-preview:-1\" \/>\n<link rel=\"canonical\" href=\"https:\/\/roadtoromania.com\/de\/unterkunft-in-rumaenien\/hotels-in-rumaenien\/\" \/>\n<meta property=\"og:locale\" content=\"de_DE\" \/>\n<meta property=\"og:type\" content=\"article\" \/>\n<meta property=\"og:title\" content=\"Hotels in Rum\u00e4nien - Road to Romania\" \/>\n<meta property=\"og:description\" content=\"In Rum\u00e4nien gibt es gute Hotels, wie im \u00fcbrigen Europa. Rum\u00e4nien verf\u00fcgt \u00fcber ein gut ausgebautes Hotelnetz, insbesondere in den gr\u00f6\u00dferen St\u00e4dten. Es gibt Hotels aller Art und Qualit\u00e4t. Es ist empfehlenswert, ein Hotel mit einem Stern mehr zu buchen, denn manchmal ist die Qualit\u00e4t etwas schlechter als in anderen europ\u00e4ischen L\u00e4ndern, was nicht bedeutet, &hellip; Hotels in Rum\u00e4nien Read More \u00bb\" \/>\n<meta property=\"og:url\" content=\"https:\/\/roadtoromania.com\/de\/unterkunft-in-rumaenien\/hotels-in-rumaenien\/\" \/>\n<meta property=\"og:site_name\" content=\"Road to Romania\" \/>\n<meta property=\"article:modified_time\" content=\"2022-10-22T12:30:24+00:00\" \/>\n<meta property=\"og:image\" content=\"https:\/\/roadtoromania.com\/wp-content\/uploads\/2022\/10\/hoteles-rumania-alojamiento-1.jpg\" \/>\n\t<meta property=\"og:image:width\" content=\"539\" \/>\n\t<meta property=\"og:image:height\" content=\"356\" \/>\n\t<meta property=\"og:image:type\" content=\"image\/jpeg\" \/>\n<meta name=\"twitter:card\" content=\"summary_large_image\" \/>\n<meta name=\"twitter:label1\" content=\"Gesch\u00e4tzte Lesezeit\" \/>\n\t<meta name=\"twitter:data1\" content=\"2\u00a0Minuten\" \/>\n<script type=\"application\/ld+json\" class=\"yoast-schema-graph\">{\"@context\":\"https:\/\/schema.org\",\"@graph\":[{\"@type\":\"WebPage\",\"@id\":\"https:\/\/roadtoromania.com\/de\/unterkunft-in-rumaenien\/hotels-in-rumaenien\/\",\"url\":\"https:\/\/roadtoromania.com\/de\/unterkunft-in-rumaenien\/hotels-in-rumaenien\/\",\"name\":\"Hotels in Rum\u00e4nien - Road to Romania\",\"isPartOf\":{\"@id\":\"https:\/\/roadtoromania.com\/de\/#website\"},\"datePublished\":\"2022-10-15T18:40:09+00:00\",\"dateModified\":\"2022-10-22T12:30:24+00:00\",\"breadcrumb\":{\"@id\":\"https:\/\/roadtoromania.com\/de\/unterkunft-in-rumaenien\/hotels-in-rumaenien\/#breadcrumb\"},\"inLanguage\":\"de\",\"potentialAction\":[{\"@type\":\"ReadAction\",\"target\":[\"https:\/\/roadtoromania.com\/de\/unterkunft-in-rumaenien\/hotels-in-rumaenien\/\"]}]},{\"@type\":\"BreadcrumbList\",\"@id\":\"https:\/\/roadtoromania.com\/de\/unterkunft-in-rumaenien\/hotels-in-rumaenien\/#breadcrumb\",\"itemListElement\":[{\"@type\":\"ListItem\",\"position\":1,\"name\":\"Home\",\"item\":\"https:\/\/roadtoromania.com\/de\/\"},{\"@type\":\"ListItem\",\"position\":2,\"name\":\"Unterkunft in Rum\u00e4nien\",\"item\":\"https:\/\/roadtoromania.com\/de\/unterkunft-in-rumaenien\/\"},{\"@type\":\"ListItem\",\"position\":3,\"name\":\"Hotels in Rum\u00e4nien\"}]},{\"@type\":\"WebSite\",\"@id\":\"https:\/\/roadtoromania.com\/de\/#website\",\"url\":\"https:\/\/roadtoromania.com\/de\/\",\"name\":\"Road to Romania\",\"description\":\"Der Blog, in dem Sie alle Informationen finden, die Sie brauchen, um Rum\u00e4nien zu genie\u00dfen.\",\"potentialAction\":[{\"@type\":\"SearchAction\",\"target\":{\"@type\":\"EntryPoint\",\"urlTemplate\":\"https:\/\/roadtoromania.com\/de\/?s={search_term_string}\"},\"query-input\":\"required name=search_term_string\"}],\"inLanguage\":\"de\"}]}<\/script>\n<!-- \/ Yoast SEO plugin. -->","yoast_head_json":{"title":"Hotels in Rum\u00e4nien - Road to Romania","robots":{"index":"index","follow":"follow","max-snippet":"max-snippet:-1","max-image-preview":"max-image-preview:large","max-video-preview":"max-video-preview:-1"},"canonical":"https:\/\/roadtoromania.com\/de\/unterkunft-in-rumaenien\/hotels-in-rumaenien\/","og_locale":"de_DE","og_type":"article","og_title":"Hotels in Rum\u00e4nien - Road to Romania","og_description":"In Rum\u00e4nien gibt es gute Hotels, wie im \u00fcbrigen Europa. Rum\u00e4nien verf\u00fcgt \u00fcber ein gut ausgebautes Hotelnetz, insbesondere in den gr\u00f6\u00dferen St\u00e4dten. Es gibt Hotels aller Art und Qualit\u00e4t. Es ist empfehlenswert, ein Hotel mit einem Stern mehr zu buchen, denn manchmal ist die Qualit\u00e4t etwas schlechter als in anderen europ\u00e4ischen L\u00e4ndern, was nicht bedeutet, &hellip; Hotels in Rum\u00e4nien Read More \u00bb","og_url":"https:\/\/roadtoromania.com\/de\/unterkunft-in-rumaenien\/hotels-in-rumaenien\/","og_site_name":"Road to Romania","article_modified_time":"2022-10-22T12:30:24+00:00","og_image":[{"width":539,"height":356,"url":"https:\/\/roadtoromania.com\/wp-content\/uploads\/2022\/10\/hoteles-rumania-alojamiento-1.jpg","type":"image\/jpeg"}],"twitter_card":"summary_large_image","twitter_misc":{"Gesch\u00e4tzte Lesezeit":"2\u00a0Minuten"},"schema":{"@context":"https:\/\/schema.org","@graph":[{"@type":"WebPage","@id":"https:\/\/roadtoromania.com\/de\/unterkunft-in-rumaenien\/hotels-in-rumaenien\/","url":"https:\/\/roadtoromania.com\/de\/unterkunft-in-rumaenien\/hotels-in-rumaenien\/","name":"Hotels in Rum\u00e4nien - Road to Romania","isPartOf":{"@id":"https:\/\/roadtoromania.com\/de\/#website"},"datePublished":"2022-10-15T18:40:09+00:00","dateModified":"2022-10-22T12:30:24+00:00","breadcrumb":{"@id":"https:\/\/roadtoromania.com\/de\/unterkunft-in-rumaenien\/hotels-in-rumaenien\/#breadcrumb"},"inLanguage":"de","potentialAction":[{"@type":"ReadAction","target":["https:\/\/roadtoromania.com\/de\/unterkunft-in-rumaenien\/hotels-in-rumaenien\/"]}]},{"@type":"BreadcrumbList","@id":"https:\/\/roadtoromania.com\/de\/unterkunft-in-rumaenien\/hotels-in-rumaenien\/#breadcrumb","itemListElement":[{"@type":"ListItem","position":1,"name":"Home","item":"https:\/\/roadtoromania.com\/de\/"},{"@type":"ListItem","position":2,"name":"Unterkunft in Rum\u00e4nien","item":"https:\/\/roadtoromania.com\/de\/unterkunft-in-rumaenien\/"},{"@type":"ListItem","position":3,"name":"Hotels in Rum\u00e4nien"}]},{"@type":"WebSite","@id":"https:\/\/roadtoromania.com\/de\/#website","url":"https:\/\/roadtoromania.com\/de\/","name":"Road to Romania","description":"Der Blog, in dem Sie alle Informationen finden, die Sie brauchen, um Rum\u00e4nien zu genie\u00dfen.","potentialAction":[{"@type":"SearchAction","target":{"@type":"EntryPoint","urlTemplate":"https:\/\/roadtoromania.com\/de\/?s={search_term_string}"},"query-input":"required name=search_term_string"}],"inLanguage":"de"}]}},"_links":{"self":[{"href":"https:\/\/roadtoromania.com\/de\/wp-json\/wp\/v2\/pages\/2904","targetHints":{"allow":["GET"]}}],"collection":[{"href":"https:\/\/roadtoromania.com\/de\/wp-json\/wp\/v2\/pages"}],"about":[{"href":"https:\/\/roadtoromania.com\/de\/wp-json\/wp\/v2\/types\/page"}],"author":[{"embeddable":true,"href":"https:\/\/roadtoromania.com\/de\/wp-json\/wp\/v2\/users\/1"}],"replies":[{"embeddable":true,"href":"https:\/\/roadtoromania.com\/de\/wp-json\/wp\/v2\/comments?post=2904"}],"version-history":[{"count":2,"href":"https:\/\/roadtoromania.com\/de\/wp-json\/wp\/v2\/pages\/2904\/revisions"}],"predecessor-version":[{"id":4278,"href":"https:\/\/roadtoromania.com\/de\/wp-json\/wp\/v2\/pages\/2904\/revisions\/4278"}],"up":[{"embeddable":true,"href":"https:\/\/roadtoromania.com\/de\/wp-json\/wp\/v2\/pages\/2894"}],"wp:featuredmedia":[{"embeddable":true,"href":"https:\/\/roadtoromania.com\/de\/wp-json\/wp\/v2\/media\/1008"}],"wp:attachment":[{"href":"https:\/\/roadtoromania.com\/de\/wp-json\/wp\/v2\/media?parent=2904"}],"curies":[{"name":"wp","href":"https:\/\/api.w.org\/{rel}","templated":true}]}}