{"id":2906,"date":"2022-10-15T18:40:09","date_gmt":"2022-10-15T18:40:09","guid":{"rendered":"https:\/\/roadtoromania.com\/wohnwagen-und-wohnmobilvermietung-in-rumaenien\/"},"modified":"2022-10-15T22:16:24","modified_gmt":"2022-10-15T22:16:24","slug":"wohnwagen-und-wohnmobilvermietung-in-rumaenien","status":"publish","type":"page","link":"https:\/\/roadtoromania.com\/de\/wohnwagen-und-wohnmobilvermietung-in-rumaenien\/","title":{"rendered":"Mieten Sie ein Wohnmobil oder einen Wohnwagen in Rum\u00e4nien"},"content":{"rendered":"<p><img decoding=\"async\" src=\"https:\/\/roadtoromania.com\/wp-content\/uploads\/2022\/10\/autocaravana-portugal-campervan.jpg\" \/>Ein Wohnmobil oder einen Wohnwagen in Rum\u00e4nien mieten<\/p>\n<p>\nReisen mit dem Wohnmobil oder Wohnwagen in Rum\u00e4nien ist eine gute Option, um ein Land zu bereisen, das Sie dazu einl\u00e4dt, anzuhalten und die Naturschaupl\u00e4tze, die St\u00e4dte, die kleinen charmanten D\u00f6rfer, die Gastronomie,&#8230; zu entdecken. Andererseits ist das Wohnmobil oder der Wohnwagen ein Transportmittel, das <strong>viel Freiheit bei der Fortbewegung<\/strong> bietet, mit dem gro\u00dfen Vorteil, dass Sie sich nicht um die Suche nach einer Unterkunft k\u00fcmmern m\u00fcssen. Unternehmen Sie eine &#8220;Road Trip&#8221; im Wohnmobil oder Wohnwagen in Rum\u00e4nien und entdecken Sie die Regionen Siebenb\u00fcrgen, Maramures, Bukowina, Moldawien, Crisana, Walachei und Dobrogea, die Sie mit ihrem monumentalen, nat\u00fcrlichen, kulturellen und gastronomischen Reichtum \u00fcberraschen werden. Und auch St\u00e4dte wie Sibiu, Cluj Napona, Brasov, Tulcea, Bukarest&#8230;<\/p>\n<p> Buchen Sie ein Wohnmobil oder einen Camper in Rum\u00e4nien<\/b> <\/p>\n<p>\nHier in unserem Reisef\u00fchrer k\u00f6nnen Sie ein Wohnmobil oder Wohnwagen mieten, um Rum\u00e4nien zu bereisen, und es in der Hauptstadt <strong>Bukarest<\/strong> abholen. Vergessen Sie nicht, Ihr Wohnmobil oder Ihren Camper <strong>im Voraus zu buchen<\/strong> , denn in der Hochsaison ist die Nachfrage h\u00f6her und viele Menschen entscheiden sich, ihren Urlaub in Rum\u00e4nien zu verbringen.<\/p>\n<p>\nDie Buchung eines Wohnmobils oder Campervans in Rum\u00e4nien ist sehr einfach: Suchen Sie einfach nach den Daten, dem Fahrzeugtyp und dem Abhol- und R\u00fcckgabeort in der <strong>Suchmaschine unten<\/strong> :<\/p>\n","protected":false},"excerpt":{"rendered":"<p>Ein Wohnmobil oder einen Wohnwagen in Rum\u00e4nien mieten Reisen mit dem Wohnmobil oder Wohnwagen in Rum\u00e4nien ist eine gute Option, um ein Land zu bereisen, das Sie dazu einl\u00e4dt, anzuhalten und die Naturschaupl\u00e4tze, die St\u00e4dte, die kleinen charmanten D\u00f6rfer, die Gastronomie,&#8230; zu entdecken. Andererseits ist das Wohnmobil oder der Wohnwagen ein Transportmittel, das viel Freiheit &hellip;<\/p>\n<p class=\"read-more\"> <a class=\"\" href=\"https:\/\/roadtoromania.com\/de\/wohnwagen-und-wohnmobilvermietung-in-rumaenien\/\"> <span class=\"screen-reader-text\">Mieten Sie ein Wohnmobil oder einen Wohnwagen in Rum\u00e4nien<\/span> Read More \u00bb<\/a><\/p>\n","protected":false},"author":1,"featured_media":1016,"parent":0,"menu_order":0,"comment_status":"open","ping_status":"open","template":"","meta":{"site-sidebar-layout":"default","site-content-layout":"default","ast-global-header-display":"","ast-main-header-display":"","ast-hfb-above-header-display":"","ast-hfb-below-header-display":"","ast-hfb-mobile-header-display":"","site-post-title":"","ast-breadcrumbs-content":"","ast-featured-img":"","footer-sml-layout":"","theme-transparent-header-meta":"","adv-header-id-meta":"","stick-header-meta":"","header-above-stick-meta":"","header-main-stick-meta":"","header-below-stick-meta":"","footnotes":""},"class_list":["post-2906","page","type-page","status-publish","has-post-thumbnail","hentry"],"yoast_head":"<!-- This site is optimized with the Yoast SEO plugin v19.10 - https:\/\/yoast.com\/wordpress\/plugins\/seo\/ -->\n<title>Mieten Sie ein Wohnmobil oder einen Wohnwagen in Rum\u00e4nien - Road to Romania<\/title>\n<meta name=\"robots\" content=\"index, follow, max-snippet:-1, max-image-preview:large, max-video-preview:-1\" \/>\n<link rel=\"canonical\" href=\"https:\/\/roadtoromania.com\/de\/wohnwagen-und-wohnmobilvermietung-in-rumaenien\/\" \/>\n<meta property=\"og:locale\" content=\"de_DE\" \/>\n<meta property=\"og:type\" content=\"article\" \/>\n<meta property=\"og:title\" content=\"Mieten Sie ein Wohnmobil oder einen Wohnwagen in Rum\u00e4nien - Road to Romania\" \/>\n<meta property=\"og:description\" content=\"Ein Wohnmobil oder einen Wohnwagen in Rum\u00e4nien mieten Reisen mit dem Wohnmobil oder Wohnwagen in Rum\u00e4nien ist eine gute Option, um ein Land zu bereisen, das Sie dazu einl\u00e4dt, anzuhalten und die Naturschaupl\u00e4tze, die St\u00e4dte, die kleinen charmanten D\u00f6rfer, die Gastronomie,&#8230; zu entdecken. Andererseits ist das Wohnmobil oder der Wohnwagen ein Transportmittel, das viel Freiheit &hellip; Mieten Sie ein Wohnmobil oder einen Wohnwagen in Rum\u00e4nien Read More \u00bb\" \/>\n<meta property=\"og:url\" content=\"https:\/\/roadtoromania.com\/de\/wohnwagen-und-wohnmobilvermietung-in-rumaenien\/\" \/>\n<meta property=\"og:site_name\" content=\"Road to Romania\" \/>\n<meta property=\"article:modified_time\" content=\"2022-10-15T22:16:24+00:00\" \/>\n<meta property=\"og:image\" content=\"https:\/\/roadtoromania.com\/wp-content\/uploads\/2022\/10\/autocaravana-portugal-campervan-1.jpg\" \/>\n\t<meta property=\"og:image:width\" content=\"512\" \/>\n\t<meta property=\"og:image:height\" content=\"342\" \/>\n\t<meta property=\"og:image:type\" content=\"image\/jpeg\" \/>\n<meta name=\"twitter:card\" content=\"summary_large_image\" \/>\n<meta name=\"twitter:label1\" content=\"Gesch\u00e4tzte Lesezeit\" \/>\n\t<meta name=\"twitter:data1\" content=\"1\u00a0Minute\" \/>\n<script type=\"application\/ld+json\" class=\"yoast-schema-graph\">{\"@context\":\"https:\/\/schema.org\",\"@graph\":[{\"@type\":\"WebPage\",\"@id\":\"https:\/\/roadtoromania.com\/de\/wohnwagen-und-wohnmobilvermietung-in-rumaenien\/\",\"url\":\"https:\/\/roadtoromania.com\/de\/wohnwagen-und-wohnmobilvermietung-in-rumaenien\/\",\"name\":\"Mieten Sie ein Wohnmobil oder einen Wohnwagen in Rum\u00e4nien - Road to Romania\",\"isPartOf\":{\"@id\":\"https:\/\/roadtoromania.com\/de\/#website\"},\"datePublished\":\"2022-10-15T18:40:09+00:00\",\"dateModified\":\"2022-10-15T22:16:24+00:00\",\"breadcrumb\":{\"@id\":\"https:\/\/roadtoromania.com\/de\/wohnwagen-und-wohnmobilvermietung-in-rumaenien\/#breadcrumb\"},\"inLanguage\":\"de\",\"potentialAction\":[{\"@type\":\"ReadAction\",\"target\":[\"https:\/\/roadtoromania.com\/de\/wohnwagen-und-wohnmobilvermietung-in-rumaenien\/\"]}]},{\"@type\":\"BreadcrumbList\",\"@id\":\"https:\/\/roadtoromania.com\/de\/wohnwagen-und-wohnmobilvermietung-in-rumaenien\/#breadcrumb\",\"itemListElement\":[{\"@type\":\"ListItem\",\"position\":1,\"name\":\"Home\",\"item\":\"https:\/\/roadtoromania.com\/de\/\"},{\"@type\":\"ListItem\",\"position\":2,\"name\":\"Mieten Sie ein Wohnmobil oder einen Wohnwagen in Rum\u00e4nien\"}]},{\"@type\":\"WebSite\",\"@id\":\"https:\/\/roadtoromania.com\/de\/#website\",\"url\":\"https:\/\/roadtoromania.com\/de\/\",\"name\":\"Road to Romania\",\"description\":\"Der Blog, in dem Sie alle Informationen finden, die Sie brauchen, um Rum\u00e4nien zu genie\u00dfen.\",\"potentialAction\":[{\"@type\":\"SearchAction\",\"target\":{\"@type\":\"EntryPoint\",\"urlTemplate\":\"https:\/\/roadtoromania.com\/de\/?s={search_term_string}\"},\"query-input\":\"required name=search_term_string\"}],\"inLanguage\":\"de\"}]}<\/script>\n<!-- \/ Yoast SEO plugin. -->","yoast_head_json":{"title":"Mieten Sie ein Wohnmobil oder einen Wohnwagen in Rum\u00e4nien - Road to Romania","robots":{"index":"index","follow":"follow","max-snippet":"max-snippet:-1","max-image-preview":"max-image-preview:large","max-video-preview":"max-video-preview:-1"},"canonical":"https:\/\/roadtoromania.com\/de\/wohnwagen-und-wohnmobilvermietung-in-rumaenien\/","og_locale":"de_DE","og_type":"article","og_title":"Mieten Sie ein Wohnmobil oder einen Wohnwagen in Rum\u00e4nien - Road to Romania","og_description":"Ein Wohnmobil oder einen Wohnwagen in Rum\u00e4nien mieten Reisen mit dem Wohnmobil oder Wohnwagen in Rum\u00e4nien ist eine gute Option, um ein Land zu bereisen, das Sie dazu einl\u00e4dt, anzuhalten und die Naturschaupl\u00e4tze, die St\u00e4dte, die kleinen charmanten D\u00f6rfer, die Gastronomie,&#8230; zu entdecken. Andererseits ist das Wohnmobil oder der Wohnwagen ein Transportmittel, das viel Freiheit &hellip; Mieten Sie ein Wohnmobil oder einen Wohnwagen in Rum\u00e4nien Read More \u00bb","og_url":"https:\/\/roadtoromania.com\/de\/wohnwagen-und-wohnmobilvermietung-in-rumaenien\/","og_site_name":"Road to Romania","article_modified_time":"2022-10-15T22:16:24+00:00","og_image":[{"width":512,"height":342,"url":"https:\/\/roadtoromania.com\/wp-content\/uploads\/2022\/10\/autocaravana-portugal-campervan-1.jpg","type":"image\/jpeg"}],"twitter_card":"summary_large_image","twitter_misc":{"Gesch\u00e4tzte Lesezeit":"1\u00a0Minute"},"schema":{"@context":"https:\/\/schema.org","@graph":[{"@type":"WebPage","@id":"https:\/\/roadtoromania.com\/de\/wohnwagen-und-wohnmobilvermietung-in-rumaenien\/","url":"https:\/\/roadtoromania.com\/de\/wohnwagen-und-wohnmobilvermietung-in-rumaenien\/","name":"Mieten Sie ein Wohnmobil oder einen Wohnwagen in Rum\u00e4nien - Road to Romania","isPartOf":{"@id":"https:\/\/roadtoromania.com\/de\/#website"},"datePublished":"2022-10-15T18:40:09+00:00","dateModified":"2022-10-15T22:16:24+00:00","breadcrumb":{"@id":"https:\/\/roadtoromania.com\/de\/wohnwagen-und-wohnmobilvermietung-in-rumaenien\/#breadcrumb"},"inLanguage":"de","potentialAction":[{"@type":"ReadAction","target":["https:\/\/roadtoromania.com\/de\/wohnwagen-und-wohnmobilvermietung-in-rumaenien\/"]}]},{"@type":"BreadcrumbList","@id":"https:\/\/roadtoromania.com\/de\/wohnwagen-und-wohnmobilvermietung-in-rumaenien\/#breadcrumb","itemListElement":[{"@type":"ListItem","position":1,"name":"Home","item":"https:\/\/roadtoromania.com\/de\/"},{"@type":"ListItem","position":2,"name":"Mieten Sie ein Wohnmobil oder einen Wohnwagen in Rum\u00e4nien"}]},{"@type":"WebSite","@id":"https:\/\/roadtoromania.com\/de\/#website","url":"https:\/\/roadtoromania.com\/de\/","name":"Road to Romania","description":"Der Blog, in dem Sie alle Informationen finden, die Sie brauchen, um Rum\u00e4nien zu genie\u00dfen.","potentialAction":[{"@type":"SearchAction","target":{"@type":"EntryPoint","urlTemplate":"https:\/\/roadtoromania.com\/de\/?s={search_term_string}"},"query-input":"required name=search_term_string"}],"inLanguage":"de"}]}},"_links":{"self":[{"href":"https:\/\/roadtoromania.com\/de\/wp-json\/wp\/v2\/pages\/2906","targetHints":{"allow":["GET"]}}],"collection":[{"href":"https:\/\/roadtoromania.com\/de\/wp-json\/wp\/v2\/pages"}],"about":[{"href":"https:\/\/roadtoromania.com\/de\/wp-json\/wp\/v2\/types\/page"}],"author":[{"embeddable":true,"href":"https:\/\/roadtoromania.com\/de\/wp-json\/wp\/v2\/users\/1"}],"replies":[{"embeddable":true,"href":"https:\/\/roadtoromania.com\/de\/wp-json\/wp\/v2\/comments?post=2906"}],"version-history":[{"count":1,"href":"https:\/\/roadtoromania.com\/de\/wp-json\/wp\/v2\/pages\/2906\/revisions"}],"predecessor-version":[{"id":2907,"href":"https:\/\/roadtoromania.com\/de\/wp-json\/wp\/v2\/pages\/2906\/revisions\/2907"}],"wp:featuredmedia":[{"embeddable":true,"href":"https:\/\/roadtoromania.com\/de\/wp-json\/wp\/v2\/media\/1016"}],"wp:attachment":[{"href":"https:\/\/roadtoromania.com\/de\/wp-json\/wp\/v2\/media?parent=2906"}],"curies":[{"name":"wp","href":"https:\/\/api.w.org\/{rel}","templated":true}]}}