{"id":2908,"date":"2022-10-15T18:40:09","date_gmt":"2022-10-15T18:40:09","guid":{"rendered":"https:\/\/roadtoromania.com\/unterkunft-in-rumaenien\/hotels-in-bucharest\/"},"modified":"2022-10-22T12:27:27","modified_gmt":"2022-10-22T12:27:27","slug":"hotels-in-bucharest","status":"publish","type":"page","link":"https:\/\/roadtoromania.com\/de\/unterkunft-in-rumaenien\/hotels-in-bucharest\/","title":{"rendered":"Hotels in Bukarest"},"content":{"rendered":"<p>Rum\u00e4niens Hauptstadt wird derzeit architektonisch renoviert. Viele der Alleen \u00e4hneln bereits den Stra\u00dfen von Paris, w\u00e4hrend andere an Moskau und andere osteurop\u00e4ische Hauptst\u00e4dte erinnern. Es gibt eine gro\u00dfe Auswahl an Hotels, und derzeit gibt es einen interessanten Vorteil: den Preis. F\u00fcnf-Sterne-Hotels k\u00f6nnen 120 \u20ac pro Nacht kosten, was recht g\u00fcnstig ist. Daher sind 3- und 4-Sterne-Hotels recht g\u00fcnstig.<\/p>\n<p>\nG\u00fcnstige Hotelketten sind noch nicht in Bukarest angekommen, aber wie wir schon sagten, ist das Angebot gro\u00df genug, um keine Probleme bei der Auswahl zu haben. Die Qualit\u00e4t ist wie in jeder anderen Stadt der Welt unterschiedlich, aber da die Preise niedrig sind, kann man ein Hotel einer h\u00f6heren Kategorie w\u00e4hlen und dessen Dienstleistungen genie\u00dfen.<\/p>\n<p><img decoding=\"async\" src=\"https:\/\/roadtoromania.com\/wp-content\/uploads\/2022\/10\/hotels-in-bucharest.jpg\" alt=\"\" \/><\/p>\n<p>\n <strong>Wo man \u00fcbernachten kann.<\/strong> <\/p>\n<p>\nDa sich die meisten Sehensw\u00fcrdigkeiten der rum\u00e4nischen Hauptstadt im Zentrum befinden und Sie problemlos zu Fu\u00df gehen k\u00f6nnen, empfehlen wir Ihnen, ein Hotel im Zentrum der Stadt zu w\u00e4hlen. Auf diese Weise verlieren Sie keine Zeit mit dem Herumfahren und k\u00f6nnen von den Bars und Restaurants zu Ihrer Unterkunft zur\u00fccklaufen <\/p>\n<p>.<\/p>\n<p>\nAm interessantesten sind die Gebiete rund um die Altstadt von Bukarest. Zum Beispiel<\/strong> die Gegend um den Cismigiu-Park und den Regina-Elisabetta-Boulevard, die Pariser Calea Victoriei-Stra\u00dfe oder das U-Bahn-Gebiet Universitate<\/strong> , allesamt sehr zentral gelegen.<\/p>\n<p> Hotels in Bukarest<\/strong> <\/p>\n<p>\nDie Hotels in Bukarest verf\u00fcgen \u00fcber alle notwendigen Dienstleistungen f\u00fcr einen angenehmen Aufenthalt in der Hauptstadt Rum\u00e4niens. Das Fr\u00fchst\u00fccksbuffet ist sehr reichhaltig und preisg\u00fcnstig. Da es nicht allzu viele M\u00f6glichkeiten gibt, drau\u00dfen zu fr\u00fchst\u00fccken, sollten Sie nicht ausschlie\u00dfen, im Hotel zu fr\u00fchst\u00fccken <\/p>\n<p>.<\/p>\n<p>\nEin weiterer interessanter Aspekt von Bukarest und seinen Hotels ist, dass die Internetgeschwindigkeit sehr hoch ist, was anfangs \u00fcberraschend ist, aber man gew\u00f6hnt sich schnell daran. Die Hotels bieten diesen Service in der Regel kostenlos an.<\/p>\n<p>\nF\u00fcr weitere Informationen \u00fcber die Hotels, Preise und Buchungsm\u00f6glichkeiten klicken Sie bitte auf die unten stehenden Links<\/p>\n","protected":false},"excerpt":{"rendered":"<p>Rum\u00e4niens Hauptstadt wird derzeit architektonisch renoviert. Viele der Alleen \u00e4hneln bereits den Stra\u00dfen von Paris, w\u00e4hrend andere an Moskau und andere osteurop\u00e4ische Hauptst\u00e4dte erinnern. Es gibt eine gro\u00dfe Auswahl an Hotels, und derzeit gibt es einen interessanten Vorteil: den Preis. F\u00fcnf-Sterne-Hotels k\u00f6nnen 120 \u20ac pro Nacht kosten, was recht g\u00fcnstig ist. Daher sind 3- und &hellip;<\/p>\n<p class=\"read-more\"> <a class=\"\" href=\"https:\/\/roadtoromania.com\/de\/unterkunft-in-rumaenien\/hotels-in-bucharest\/\"> <span class=\"screen-reader-text\">Hotels in Bukarest<\/span> Read More \u00bb<\/a><\/p>\n","protected":false},"author":1,"featured_media":4265,"parent":2894,"menu_order":0,"comment_status":"open","ping_status":"open","template":"","meta":{"site-sidebar-layout":"default","site-content-layout":"default","ast-global-header-display":"","ast-main-header-display":"","ast-hfb-above-header-display":"","ast-hfb-below-header-display":"","ast-hfb-mobile-header-display":"","site-post-title":"","ast-breadcrumbs-content":"","ast-featured-img":"","footer-sml-layout":"","theme-transparent-header-meta":"default","adv-header-id-meta":"","stick-header-meta":"default","header-above-stick-meta":"","header-main-stick-meta":"","header-below-stick-meta":"","footnotes":""},"class_list":["post-2908","page","type-page","status-publish","has-post-thumbnail","hentry"],"yoast_head":"<!-- This site is optimized with the Yoast SEO plugin v19.10 - https:\/\/yoast.com\/wordpress\/plugins\/seo\/ -->\n<title>Hotels in Bukarest - Road to Romania<\/title>\n<meta name=\"robots\" content=\"index, follow, max-snippet:-1, max-image-preview:large, max-video-preview:-1\" \/>\n<link rel=\"canonical\" href=\"https:\/\/roadtoromania.com\/de\/unterkunft-in-rumaenien\/hotels-in-bucharest\/\" \/>\n<meta property=\"og:locale\" content=\"de_DE\" \/>\n<meta property=\"og:type\" content=\"article\" \/>\n<meta property=\"og:title\" content=\"Hotels in Bukarest - Road to Romania\" \/>\n<meta property=\"og:description\" content=\"Rum\u00e4niens Hauptstadt wird derzeit architektonisch renoviert. Viele der Alleen \u00e4hneln bereits den Stra\u00dfen von Paris, w\u00e4hrend andere an Moskau und andere osteurop\u00e4ische Hauptst\u00e4dte erinnern. Es gibt eine gro\u00dfe Auswahl an Hotels, und derzeit gibt es einen interessanten Vorteil: den Preis. F\u00fcnf-Sterne-Hotels k\u00f6nnen 120 \u20ac pro Nacht kosten, was recht g\u00fcnstig ist. Daher sind 3- und &hellip; Hotels in Bukarest Read More \u00bb\" \/>\n<meta property=\"og:url\" content=\"https:\/\/roadtoromania.com\/de\/unterkunft-in-rumaenien\/hotels-in-bucharest\/\" \/>\n<meta property=\"og:site_name\" content=\"Road to Romania\" \/>\n<meta property=\"article:modified_time\" content=\"2022-10-22T12:27:27+00:00\" \/>\n<meta property=\"og:image\" content=\"https:\/\/roadtoromania.com\/wp-content\/uploads\/2022\/10\/bucarest-hoteles-rumania-1.jpg\" \/>\n\t<meta property=\"og:image:width\" content=\"631\" \/>\n\t<meta property=\"og:image:height\" content=\"700\" \/>\n\t<meta property=\"og:image:type\" content=\"image\/jpeg\" \/>\n<meta name=\"twitter:card\" content=\"summary_large_image\" \/>\n<meta name=\"twitter:label1\" content=\"Gesch\u00e4tzte Lesezeit\" \/>\n\t<meta name=\"twitter:data1\" content=\"2\u00a0Minuten\" \/>\n<script type=\"application\/ld+json\" class=\"yoast-schema-graph\">{\"@context\":\"https:\/\/schema.org\",\"@graph\":[{\"@type\":\"WebPage\",\"@id\":\"https:\/\/roadtoromania.com\/de\/unterkunft-in-rumaenien\/hotels-in-bucharest\/\",\"url\":\"https:\/\/roadtoromania.com\/de\/unterkunft-in-rumaenien\/hotels-in-bucharest\/\",\"name\":\"Hotels in Bukarest - Road to Romania\",\"isPartOf\":{\"@id\":\"https:\/\/roadtoromania.com\/de\/#website\"},\"datePublished\":\"2022-10-15T18:40:09+00:00\",\"dateModified\":\"2022-10-22T12:27:27+00:00\",\"breadcrumb\":{\"@id\":\"https:\/\/roadtoromania.com\/de\/unterkunft-in-rumaenien\/hotels-in-bucharest\/#breadcrumb\"},\"inLanguage\":\"de\",\"potentialAction\":[{\"@type\":\"ReadAction\",\"target\":[\"https:\/\/roadtoromania.com\/de\/unterkunft-in-rumaenien\/hotels-in-bucharest\/\"]}]},{\"@type\":\"BreadcrumbList\",\"@id\":\"https:\/\/roadtoromania.com\/de\/unterkunft-in-rumaenien\/hotels-in-bucharest\/#breadcrumb\",\"itemListElement\":[{\"@type\":\"ListItem\",\"position\":1,\"name\":\"Home\",\"item\":\"https:\/\/roadtoromania.com\/de\/\"},{\"@type\":\"ListItem\",\"position\":2,\"name\":\"Unterkunft in Rum\u00e4nien\",\"item\":\"https:\/\/roadtoromania.com\/de\/unterkunft-in-rumaenien\/\"},{\"@type\":\"ListItem\",\"position\":3,\"name\":\"Hotels in Bukarest\"}]},{\"@type\":\"WebSite\",\"@id\":\"https:\/\/roadtoromania.com\/de\/#website\",\"url\":\"https:\/\/roadtoromania.com\/de\/\",\"name\":\"Road to Romania\",\"description\":\"Der Blog, in dem Sie alle Informationen finden, die Sie brauchen, um Rum\u00e4nien zu genie\u00dfen.\",\"potentialAction\":[{\"@type\":\"SearchAction\",\"target\":{\"@type\":\"EntryPoint\",\"urlTemplate\":\"https:\/\/roadtoromania.com\/de\/?s={search_term_string}\"},\"query-input\":\"required name=search_term_string\"}],\"inLanguage\":\"de\"}]}<\/script>\n<!-- \/ Yoast SEO plugin. -->","yoast_head_json":{"title":"Hotels in Bukarest - Road to Romania","robots":{"index":"index","follow":"follow","max-snippet":"max-snippet:-1","max-image-preview":"max-image-preview:large","max-video-preview":"max-video-preview:-1"},"canonical":"https:\/\/roadtoromania.com\/de\/unterkunft-in-rumaenien\/hotels-in-bucharest\/","og_locale":"de_DE","og_type":"article","og_title":"Hotels in Bukarest - Road to Romania","og_description":"Rum\u00e4niens Hauptstadt wird derzeit architektonisch renoviert. Viele der Alleen \u00e4hneln bereits den Stra\u00dfen von Paris, w\u00e4hrend andere an Moskau und andere osteurop\u00e4ische Hauptst\u00e4dte erinnern. Es gibt eine gro\u00dfe Auswahl an Hotels, und derzeit gibt es einen interessanten Vorteil: den Preis. F\u00fcnf-Sterne-Hotels k\u00f6nnen 120 \u20ac pro Nacht kosten, was recht g\u00fcnstig ist. Daher sind 3- und &hellip; Hotels in Bukarest Read More \u00bb","og_url":"https:\/\/roadtoromania.com\/de\/unterkunft-in-rumaenien\/hotels-in-bucharest\/","og_site_name":"Road to Romania","article_modified_time":"2022-10-22T12:27:27+00:00","og_image":[{"width":631,"height":700,"url":"https:\/\/roadtoromania.com\/wp-content\/uploads\/2022\/10\/bucarest-hoteles-rumania-1.jpg","type":"image\/jpeg"}],"twitter_card":"summary_large_image","twitter_misc":{"Gesch\u00e4tzte Lesezeit":"2\u00a0Minuten"},"schema":{"@context":"https:\/\/schema.org","@graph":[{"@type":"WebPage","@id":"https:\/\/roadtoromania.com\/de\/unterkunft-in-rumaenien\/hotels-in-bucharest\/","url":"https:\/\/roadtoromania.com\/de\/unterkunft-in-rumaenien\/hotels-in-bucharest\/","name":"Hotels in Bukarest - Road to Romania","isPartOf":{"@id":"https:\/\/roadtoromania.com\/de\/#website"},"datePublished":"2022-10-15T18:40:09+00:00","dateModified":"2022-10-22T12:27:27+00:00","breadcrumb":{"@id":"https:\/\/roadtoromania.com\/de\/unterkunft-in-rumaenien\/hotels-in-bucharest\/#breadcrumb"},"inLanguage":"de","potentialAction":[{"@type":"ReadAction","target":["https:\/\/roadtoromania.com\/de\/unterkunft-in-rumaenien\/hotels-in-bucharest\/"]}]},{"@type":"BreadcrumbList","@id":"https:\/\/roadtoromania.com\/de\/unterkunft-in-rumaenien\/hotels-in-bucharest\/#breadcrumb","itemListElement":[{"@type":"ListItem","position":1,"name":"Home","item":"https:\/\/roadtoromania.com\/de\/"},{"@type":"ListItem","position":2,"name":"Unterkunft in Rum\u00e4nien","item":"https:\/\/roadtoromania.com\/de\/unterkunft-in-rumaenien\/"},{"@type":"ListItem","position":3,"name":"Hotels in Bukarest"}]},{"@type":"WebSite","@id":"https:\/\/roadtoromania.com\/de\/#website","url":"https:\/\/roadtoromania.com\/de\/","name":"Road to Romania","description":"Der Blog, in dem Sie alle Informationen finden, die Sie brauchen, um Rum\u00e4nien zu genie\u00dfen.","potentialAction":[{"@type":"SearchAction","target":{"@type":"EntryPoint","urlTemplate":"https:\/\/roadtoromania.com\/de\/?s={search_term_string}"},"query-input":"required name=search_term_string"}],"inLanguage":"de"}]}},"_links":{"self":[{"href":"https:\/\/roadtoromania.com\/de\/wp-json\/wp\/v2\/pages\/2908","targetHints":{"allow":["GET"]}}],"collection":[{"href":"https:\/\/roadtoromania.com\/de\/wp-json\/wp\/v2\/pages"}],"about":[{"href":"https:\/\/roadtoromania.com\/de\/wp-json\/wp\/v2\/types\/page"}],"author":[{"embeddable":true,"href":"https:\/\/roadtoromania.com\/de\/wp-json\/wp\/v2\/users\/1"}],"replies":[{"embeddable":true,"href":"https:\/\/roadtoromania.com\/de\/wp-json\/wp\/v2\/comments?post=2908"}],"version-history":[{"count":2,"href":"https:\/\/roadtoromania.com\/de\/wp-json\/wp\/v2\/pages\/2908\/revisions"}],"predecessor-version":[{"id":4272,"href":"https:\/\/roadtoromania.com\/de\/wp-json\/wp\/v2\/pages\/2908\/revisions\/4272"}],"up":[{"embeddable":true,"href":"https:\/\/roadtoromania.com\/de\/wp-json\/wp\/v2\/pages\/2894"}],"wp:featuredmedia":[{"embeddable":true,"href":"https:\/\/roadtoromania.com\/de\/wp-json\/wp\/v2\/media\/4265"}],"wp:attachment":[{"href":"https:\/\/roadtoromania.com\/de\/wp-json\/wp\/v2\/media?parent=2908"}],"curies":[{"name":"wp","href":"https:\/\/api.w.org\/{rel}","templated":true}]}}