{"id":2910,"date":"2022-10-15T18:40:09","date_gmt":"2022-10-15T18:40:09","guid":{"rendered":"https:\/\/roadtoromania.com\/staedte-und-regionen-rumaeniens\/"},"modified":"2022-10-15T22:16:25","modified_gmt":"2022-10-15T22:16:25","slug":"staedte-und-regionen-rumaeniens","status":"publish","type":"page","link":"https:\/\/roadtoromania.com\/de\/staedte-und-regionen-rumaeniens\/","title":{"rendered":"St\u00e4dte und Regionen in Rum\u00e4nien"},"content":{"rendered":"<p>\u00a0Auf dieser Seite finden Sie Informationen \u00fcber die wichtigsten St\u00e4dte, Regionen, Natursch\u00f6nheiten und Denkm\u00e4ler in Rum\u00e4nien.<\/p>\n<p>\nSeit 1991 ist Rum\u00e4nien eine Pr\u00e4sidialrepublik, in der das Staatsoberhaupt und die Exekutivgewalt f\u00fcr f\u00fcnf Jahre vom Pr\u00e4sidenten ausge\u00fcbt werden. Damit \u00e4hnelt sein Zustandsmodell dem von <strong>Frankreich<\/strong> . Daher sind die <strong>8 Regionen<\/strong> , aus denen Rum\u00e4nien besteht, nicht mehr als Verwaltungseinheiten ohne wirkliche Macht. Weitaus gr\u00f6\u00dfer ist die Zahl der <strong>42 Bezirkspr\u00e4fekten<\/strong> , zum Beispiel.<\/p>\n<p>\nDie Regionen besetzen Gebiete, die historisch gesehen diesen Namen tragen, <strong>Walachei-Dobrogea<\/strong> und <strong>Moldawien<\/strong> (nicht zu verwechseln mit der ehemaligen Sowjetrepublik jenseits des Flusses Prut und dem <a href=\"https:\/\/roadtoromania.com\/de\/natur-rumaenien\/donaudelta\/\"> <strong>Donaudelta<\/strong><\/strong><\/a> ), die im 19. Siebenb\u00fcrgen ist relativ bekannt und nimmt das Zentrum des Landes ein. <strong><a href=\"https:\/\/roadtoromania.com\/de\/staedte-und-regionen-rumaeniens\/region-maramures\/\">Maramures<\/a> , Crisana<\/strong> und <strong>das Banat<\/strong> grenzen an Ungarn, Serbien und die Ukraine. Der Mittelwesten des Landes wird von <strong>Trasilvanien<\/strong> eingenommen, der bekanntesten rum\u00e4nischen Region. <strong>Bukowina<\/strong> ist die letzte Region im Norden zwischen der Ukraine und Moldawien.<\/p>\n<p>\n<img decoding=\"async\" src=\"https:\/\/roadtoromania.com\/wp-content\/uploads\/2022\/10\/mapa-regiones-umania.jpg\" \/><\/p>\n<p>\n <strong>Regionen und St\u00e4dte in Rum\u00e4nien.<\/strong> <\/p>\n<p> VALAQUIA<\/strong> <\/p>\n<ul>\n<li>\n <strong>&#8211; <a href=\"https:\/\/roadtoromania.com\/de\/staedte-und-regionen-rumaeniens\/bucharest\/\">Bukarest<\/a> <\/strong> <\/li>\n<li>\n <strong>&#8211; <a href=\"https:\/\/roadtoromania.com\/de\/staedte-und-regionen-rumaeniens\/craiova\/\">Craiova<\/a> <\/strong> <\/li>\n<li>\n&#8211; Ploiesti<\/li>\n<li>\n <strong>&#8211; <a href=\"https:\/\/roadtoromania.com\/de\/staedte-und-regionen-rumaeniens\/curtea-de-arges\/\">Curtea de Arges<\/a> <\/strong> <\/li>\n<li>\n <strong>&#8211; <a href=\"https:\/\/roadtoromania.com\/de\/denkmaeler-der-rumaenien-was-zu-sehen-in-rumaenien\/kloster-von-snagow-und-das-grab-von-vlad-tepes\/\">Snagov<\/a> <\/strong> <\/li>\n<li>\n <strong>&#8211; <a href=\"https:\/\/roadtoromania.com\/de\/staedte-und-regionen-rumaeniens\/targoviste-tirgoviste\/\">Tirgoviste<\/a> <\/strong> <\/li>\n<\/ul>\n<p> DOBROGEA<\/strong> <\/p>\n<ul>\n<li>\n <strong>&#8211; <a href=\"https:\/\/roadtoromania.com\/de\/staedte-und-regionen-rumaeniens\/constanza\/\">Constanza<\/a> <\/strong> .<\/li>\n<li>\n <strong>&#8211; <a href=\"https:\/\/roadtoromania.com\/de\/staedte-und-regionen-rumaeniens\/tulcea\/\">Tulcea<\/a> <\/strong> .<\/li>\n<li>\n <strong>&#8211; <a href=\"https:\/\/roadtoromania.com\/de\/staedte-und-regionen-rumaeniens\/eforie\/\">Eforie<\/a> <\/strong> .<\/li>\n<\/ul>\n<p>\n <strong><a href=\"https:\/\/roadtoromania.com\/monumenti-della-romania-cosa-vedere-in-romania\/moldova-romania\/\">MOLDOVA \/ MOLDOVA<\/a> <\/strong> .<\/p>\n<p>.<\/p>\n<ul>\n<li>\n <strong>&#8211; <a href=\"https:\/\/roadtoromania.com\/de\/staedte-und-regionen-rumaeniens\/iasi\/\">Iasi<\/a> <\/strong> .<\/li>\n<li>\n&#8211; Galati<\/li>\n<li>\n <strong>&#8211; <a href=\"https:\/\/roadtoromania.com\/de\/staedte-und-regionen-rumaeniens\/piatra-neamt\/\">Piatra Neamt<\/a> <\/strong> <\/li>\n<li>\n&#8211; Durau<\/li>\n<li>\n&#8211; <strong><a href=\"https:\/\/roadtoromania.com\/de\/staedte-und-regionen-rumaeniens\/roman\/\">Roman<\/a> <\/strong> <\/li>\n<li>\n&#8211; Targu Neamt<\/li>\n<\/ul>\n<p>\n <strong>BUCOVINA<\/strong> <\/p>\n<ul>\n<li>\n <strong>&#8211; <a href=\"https:\/\/roadtoromania.com\/de\/staedte-und-regionen-rumaeniens\/suceava\/\">Suceava<\/a> <\/strong> .<\/li>\n<li>\n <strong>&#8211; <a href=\"https:\/\/roadtoromania.com\/de\/staedte-und-regionen-rumaeniens\/region-maramures\/\">MARAMURES<\/a> .<\/strong> <\/li>\n<li>\n <strong>&#8211; <a href=\"https:\/\/roadtoromania.com\/de\/staedte-und-regionen-rumaeniens\/satu-mare\/\">Satu Mare<\/a> <\/strong> <\/li>\n<li>\n <strong>&#8211; <a href=\"https:\/\/roadtoromania.com\/de\/staedte-und-regionen-rumaeniens\/baia-mare\/\">Baia Mare<\/a> <\/strong> <\/li>\n<\/ul>\n<p>\n <strong><a href=\"https:\/\/roadtoromania.com\/de\/staedte-und-regionen-rumaeniens\/transsilvanien\/\">TRANSILVANIA<\/a> <\/p>\n<p><\/strong> <\/p>\n<ul>\n<li>\n <strong>&#8211; <a href=\"https:\/\/roadtoromania.com\/de\/staedte-und-regionen-rumaeniens\/agnita\/\">Agnita<\/a> <\/strong> <\/li>\n<li>\n <strong>&#8211; <a href=\"https:\/\/roadtoromania.com\/de\/staedte-und-regionen-rumaeniens\/alba-iulia\/\">Alba Iulia<\/a> <\/strong> <\/li>\n<li>\n&#8211; <a href=\"https:\/\/roadtoromania.com\/de\/staedte-und-regionen-rumaeniens\/bazna\/\">Bazna<\/a> <\/li>\n<li>\n <strong>&#8211; <a href=\"https:\/\/roadtoromania.com\/de\/staedte-und-regionen-rumaeniens\/bistrita\/\">Bistrita<\/a> <\/strong> <\/li>\n<li>\n&#8211; <a href=\"\">Birth\u00e4lm<\/a> <\/li>\n<li>\n&#8211; <a href=\"https:\/\/roadtoromania.com\/de\/staedte-und-regionen-rumaeniens\/brasov\/\">Brasov<\/a> <\/li>\n<li>\n&#8211; <a href=\"https:\/\/roadtoromania.com\/de\/staedte-und-regionen-rumaeniens\/medias\/\">Medien<\/a> <\/li>\n<li>\n&#8211; Das Skigebiet von <a href=\"https:\/\/roadtoromania.com\/de\/natur-rumaenien\/ski-station-poiana-brasov\/\">Poiana-Brasov<\/a> <\/li>\n<li>\n&#8211; <a href=\"https:\/\/roadtoromania.com\/de\/denkmaeler-der-rumaenien-was-zu-sehen-in-rumaenien\/schloss-von-bran-das-schloss-der-dracula\/\">Bran und das Schloss von Vlad Tepes (Dracula).<\/a> <\/li>\n<li>\n&#8211; <a href=\"https:\/\/roadtoromania.com\/de\/staedte-und-regionen-rumaeniens\/cluj-napoca\/\">Cluj &#8211; Napoca.<\/a> <\/li>\n<li>\n&#8211; <a href=\"https:\/\/roadtoromania.com\/de\/natur-rumaenien\/skigebiet-predeal\/\">Predeal<\/a> <\/li>\n<li>\n&#8211; <a href=\"https:\/\/roadtoromania.com\/de\/staedte-und-regionen-rumaeniens\/targu-mures\/\">Targu &#8211; Mures<\/a> <\/li>\n<li>\n&#8211; <a href=\"https:\/\/roadtoromania.com\/de\/staedte-und-regionen-rumaeniens\/sibiu\/\">Satu Mare<\/a> <\/li>\n<li>\n&#8211; <a href=\"https:\/\/roadtoromania.com\/de\/staedte-und-regionen-rumaeniens\/sibiu\/\">Sibiu<\/a> <\/li>\n<li>\n&#8211; <a href=\"https:\/\/roadtoromania.com\/de\/staedte-und-regionen-rumaeniens\/sighisoara\/\">Sighisoara<\/a> <\/li>\n<\/ul>\n<p>\n <strong>CRISANA.<\/strong> <\/p>\n<ul>\n<li>\n&#8211; <a href=\"https:\/\/roadtoromania.com\/de\/staedte-und-regionen-rumaeniens\/oradea\/\">Oradea<\/a> <\/li>\n<li>\n <strong>&#8211; <a href=\"https:\/\/roadtoromania.com\/de\/staedte-und-regionen-rumaeniens\/arad\/\">Arad<\/a> <\/strong> <\/li>\n<\/ul>\n<p>\n <strong>Die BANAT\/BANAT.<\/strong> <\/p>\n<ul>\n<li>\n <strong>&#8211; <a href=\"https:\/\/roadtoromania.com\/de\/staedte-und-regionen-rumaeniens\/timisoara\/\">Timisoara<\/a> <\/strong> <\/li>\n<li>\n&#8211; Resita<\/li>\n<\/ul>\n<p>\n<a href=\"https:\/\/roadtoromania.com\/de\/karten-von-rumaenien\/\">Karte und Plan von Rum\u00e4nien<\/a> .<\/p>\n","protected":false},"excerpt":{"rendered":"<p>\u00a0Auf dieser Seite finden Sie Informationen \u00fcber die wichtigsten St\u00e4dte, Regionen, Natursch\u00f6nheiten und Denkm\u00e4ler in Rum\u00e4nien. Seit 1991 ist Rum\u00e4nien eine Pr\u00e4sidialrepublik, in der das Staatsoberhaupt und die Exekutivgewalt f\u00fcr f\u00fcnf Jahre vom Pr\u00e4sidenten ausge\u00fcbt werden. Damit \u00e4hnelt sein Zustandsmodell dem von Frankreich . Daher sind die 8 Regionen , aus denen Rum\u00e4nien besteht, nicht &hellip;<\/p>\n<p class=\"read-more\"> <a class=\"\" href=\"https:\/\/roadtoromania.com\/de\/staedte-und-regionen-rumaeniens\/\"> <span class=\"screen-reader-text\">St\u00e4dte und Regionen in Rum\u00e4nien<\/span> Read More \u00bb<\/a><\/p>\n","protected":false},"author":1,"featured_media":1032,"parent":0,"menu_order":0,"comment_status":"open","ping_status":"open","template":"","meta":{"site-sidebar-layout":"default","site-content-layout":"default","ast-global-header-display":"","ast-main-header-display":"","ast-hfb-above-header-display":"","ast-hfb-below-header-display":"","ast-hfb-mobile-header-display":"","site-post-title":"","ast-breadcrumbs-content":"","ast-featured-img":"","footer-sml-layout":"","theme-transparent-header-meta":"default","adv-header-id-meta":"","stick-header-meta":"default","header-above-stick-meta":"","header-main-stick-meta":"","header-below-stick-meta":"","footnotes":""},"class_list":["post-2910","page","type-page","status-publish","has-post-thumbnail","hentry"],"yoast_head":"<!-- This site is optimized with the Yoast SEO plugin v19.10 - https:\/\/yoast.com\/wordpress\/plugins\/seo\/ -->\n<title>St\u00e4dte und Regionen in Rum\u00e4nien - Road to Romania<\/title>\n<meta name=\"robots\" content=\"index, follow, max-snippet:-1, max-image-preview:large, max-video-preview:-1\" \/>\n<link rel=\"canonical\" href=\"https:\/\/roadtoromania.com\/de\/staedte-und-regionen-rumaeniens\/\" \/>\n<meta property=\"og:locale\" content=\"de_DE\" \/>\n<meta property=\"og:type\" content=\"article\" \/>\n<meta property=\"og:title\" content=\"St\u00e4dte und Regionen in Rum\u00e4nien - Road to Romania\" \/>\n<meta property=\"og:description\" content=\"\u00a0Auf dieser Seite finden Sie Informationen \u00fcber die wichtigsten St\u00e4dte, Regionen, Natursch\u00f6nheiten und Denkm\u00e4ler in Rum\u00e4nien. Seit 1991 ist Rum\u00e4nien eine Pr\u00e4sidialrepublik, in der das Staatsoberhaupt und die Exekutivgewalt f\u00fcr f\u00fcnf Jahre vom Pr\u00e4sidenten ausge\u00fcbt werden. Damit \u00e4hnelt sein Zustandsmodell dem von Frankreich . Daher sind die 8 Regionen , aus denen Rum\u00e4nien besteht, nicht &hellip; St\u00e4dte und Regionen in Rum\u00e4nien Read More \u00bb\" \/>\n<meta property=\"og:url\" content=\"https:\/\/roadtoromania.com\/de\/staedte-und-regionen-rumaeniens\/\" \/>\n<meta property=\"og:site_name\" content=\"Road to Romania\" \/>\n<meta property=\"article:modified_time\" content=\"2022-10-15T22:16:25+00:00\" \/>\n<meta property=\"og:image\" content=\"https:\/\/roadtoromania.com\/wp-content\/uploads\/2022\/10\/mapa-regiones-umania-1.jpg\" \/>\n\t<meta property=\"og:image:width\" content=\"550\" \/>\n\t<meta property=\"og:image:height\" content=\"418\" \/>\n\t<meta property=\"og:image:type\" content=\"image\/jpeg\" \/>\n<meta name=\"twitter:card\" content=\"summary_large_image\" \/>\n<meta name=\"twitter:label1\" content=\"Gesch\u00e4tzte Lesezeit\" \/>\n\t<meta name=\"twitter:data1\" content=\"1\u00a0Minute\" \/>\n<script type=\"application\/ld+json\" class=\"yoast-schema-graph\">{\"@context\":\"https:\/\/schema.org\",\"@graph\":[{\"@type\":\"WebPage\",\"@id\":\"https:\/\/roadtoromania.com\/de\/staedte-und-regionen-rumaeniens\/\",\"url\":\"https:\/\/roadtoromania.com\/de\/staedte-und-regionen-rumaeniens\/\",\"name\":\"St\u00e4dte und Regionen in Rum\u00e4nien - Road to Romania\",\"isPartOf\":{\"@id\":\"https:\/\/roadtoromania.com\/de\/#website\"},\"datePublished\":\"2022-10-15T18:40:09+00:00\",\"dateModified\":\"2022-10-15T22:16:25+00:00\",\"breadcrumb\":{\"@id\":\"https:\/\/roadtoromania.com\/de\/staedte-und-regionen-rumaeniens\/#breadcrumb\"},\"inLanguage\":\"de\",\"potentialAction\":[{\"@type\":\"ReadAction\",\"target\":[\"https:\/\/roadtoromania.com\/de\/staedte-und-regionen-rumaeniens\/\"]}]},{\"@type\":\"BreadcrumbList\",\"@id\":\"https:\/\/roadtoromania.com\/de\/staedte-und-regionen-rumaeniens\/#breadcrumb\",\"itemListElement\":[{\"@type\":\"ListItem\",\"position\":1,\"name\":\"Home\",\"item\":\"https:\/\/roadtoromania.com\/de\/\"},{\"@type\":\"ListItem\",\"position\":2,\"name\":\"St\u00e4dte und Regionen in Rum\u00e4nien\"}]},{\"@type\":\"WebSite\",\"@id\":\"https:\/\/roadtoromania.com\/de\/#website\",\"url\":\"https:\/\/roadtoromania.com\/de\/\",\"name\":\"Road to Romania\",\"description\":\"Der Blog, in dem Sie alle Informationen finden, die Sie brauchen, um Rum\u00e4nien zu genie\u00dfen.\",\"potentialAction\":[{\"@type\":\"SearchAction\",\"target\":{\"@type\":\"EntryPoint\",\"urlTemplate\":\"https:\/\/roadtoromania.com\/de\/?s={search_term_string}\"},\"query-input\":\"required name=search_term_string\"}],\"inLanguage\":\"de\"}]}<\/script>\n<!-- \/ Yoast SEO plugin. -->","yoast_head_json":{"title":"St\u00e4dte und Regionen in Rum\u00e4nien - Road to Romania","robots":{"index":"index","follow":"follow","max-snippet":"max-snippet:-1","max-image-preview":"max-image-preview:large","max-video-preview":"max-video-preview:-1"},"canonical":"https:\/\/roadtoromania.com\/de\/staedte-und-regionen-rumaeniens\/","og_locale":"de_DE","og_type":"article","og_title":"St\u00e4dte und Regionen in Rum\u00e4nien - Road to Romania","og_description":"\u00a0Auf dieser Seite finden Sie Informationen \u00fcber die wichtigsten St\u00e4dte, Regionen, Natursch\u00f6nheiten und Denkm\u00e4ler in Rum\u00e4nien. Seit 1991 ist Rum\u00e4nien eine Pr\u00e4sidialrepublik, in der das Staatsoberhaupt und die Exekutivgewalt f\u00fcr f\u00fcnf Jahre vom Pr\u00e4sidenten ausge\u00fcbt werden. Damit \u00e4hnelt sein Zustandsmodell dem von Frankreich . Daher sind die 8 Regionen , aus denen Rum\u00e4nien besteht, nicht &hellip; St\u00e4dte und Regionen in Rum\u00e4nien Read More \u00bb","og_url":"https:\/\/roadtoromania.com\/de\/staedte-und-regionen-rumaeniens\/","og_site_name":"Road to Romania","article_modified_time":"2022-10-15T22:16:25+00:00","og_image":[{"width":550,"height":418,"url":"https:\/\/roadtoromania.com\/wp-content\/uploads\/2022\/10\/mapa-regiones-umania-1.jpg","type":"image\/jpeg"}],"twitter_card":"summary_large_image","twitter_misc":{"Gesch\u00e4tzte Lesezeit":"1\u00a0Minute"},"schema":{"@context":"https:\/\/schema.org","@graph":[{"@type":"WebPage","@id":"https:\/\/roadtoromania.com\/de\/staedte-und-regionen-rumaeniens\/","url":"https:\/\/roadtoromania.com\/de\/staedte-und-regionen-rumaeniens\/","name":"St\u00e4dte und Regionen in Rum\u00e4nien - Road to Romania","isPartOf":{"@id":"https:\/\/roadtoromania.com\/de\/#website"},"datePublished":"2022-10-15T18:40:09+00:00","dateModified":"2022-10-15T22:16:25+00:00","breadcrumb":{"@id":"https:\/\/roadtoromania.com\/de\/staedte-und-regionen-rumaeniens\/#breadcrumb"},"inLanguage":"de","potentialAction":[{"@type":"ReadAction","target":["https:\/\/roadtoromania.com\/de\/staedte-und-regionen-rumaeniens\/"]}]},{"@type":"BreadcrumbList","@id":"https:\/\/roadtoromania.com\/de\/staedte-und-regionen-rumaeniens\/#breadcrumb","itemListElement":[{"@type":"ListItem","position":1,"name":"Home","item":"https:\/\/roadtoromania.com\/de\/"},{"@type":"ListItem","position":2,"name":"St\u00e4dte und Regionen in Rum\u00e4nien"}]},{"@type":"WebSite","@id":"https:\/\/roadtoromania.com\/de\/#website","url":"https:\/\/roadtoromania.com\/de\/","name":"Road to Romania","description":"Der Blog, in dem Sie alle Informationen finden, die Sie brauchen, um Rum\u00e4nien zu genie\u00dfen.","potentialAction":[{"@type":"SearchAction","target":{"@type":"EntryPoint","urlTemplate":"https:\/\/roadtoromania.com\/de\/?s={search_term_string}"},"query-input":"required name=search_term_string"}],"inLanguage":"de"}]}},"_links":{"self":[{"href":"https:\/\/roadtoromania.com\/de\/wp-json\/wp\/v2\/pages\/2910","targetHints":{"allow":["GET"]}}],"collection":[{"href":"https:\/\/roadtoromania.com\/de\/wp-json\/wp\/v2\/pages"}],"about":[{"href":"https:\/\/roadtoromania.com\/de\/wp-json\/wp\/v2\/types\/page"}],"author":[{"embeddable":true,"href":"https:\/\/roadtoromania.com\/de\/wp-json\/wp\/v2\/users\/1"}],"replies":[{"embeddable":true,"href":"https:\/\/roadtoromania.com\/de\/wp-json\/wp\/v2\/comments?post=2910"}],"version-history":[{"count":1,"href":"https:\/\/roadtoromania.com\/de\/wp-json\/wp\/v2\/pages\/2910\/revisions"}],"predecessor-version":[{"id":2911,"href":"https:\/\/roadtoromania.com\/de\/wp-json\/wp\/v2\/pages\/2910\/revisions\/2911"}],"wp:featuredmedia":[{"embeddable":true,"href":"https:\/\/roadtoromania.com\/de\/wp-json\/wp\/v2\/media\/1032"}],"wp:attachment":[{"href":"https:\/\/roadtoromania.com\/de\/wp-json\/wp\/v2\/media?parent=2910"}],"curies":[{"name":"wp","href":"https:\/\/api.w.org\/{rel}","templated":true}]}}