{"id":2912,"date":"2022-10-15T18:40:09","date_gmt":"2022-10-15T18:40:09","guid":{"rendered":"https:\/\/roadtoromania.com\/staedte-und-regionen-rumaeniens\/agnita\/"},"modified":"2022-10-22T12:39:12","modified_gmt":"2022-10-22T12:39:12","slug":"agnita","status":"publish","type":"page","link":"https:\/\/roadtoromania.com\/de\/staedte-und-regionen-rumaeniens\/agnita\/","title":{"rendered":"Agnita"},"content":{"rendered":"<p><strong>Agnita<\/strong> ist eine kleine Stadt im Herzen von <a href=\"https:\/\/roadtoromania.com\/de\/staedte-und-regionen-rumaeniens\/transsilvanien\/\"> <strong>Siebenb\u00fcrgen<\/strong><\/a> , zwischen dem Dreieck, das von <a href=\"https:\/\/roadtoromania.com\/de\/staedte-und-regionen-rumaeniens\/sibiu\/\"> <strong>Sibiu<\/strong><\/a> im Westen, <a href=\"https:\/\/roadtoromania.com\/de\/staedte-und-regionen-rumaeniens\/brasov\/\"> <strong>Brasov<\/strong><\/a> im Osten und <a href=\"https:\/\/roadtoromania.com\/de\/staedte-und-regionen-rumaeniens\/sighisoara\/\"> <strong>Sighisoara<\/strong><\/a> im Norden gebildet wird.<\/p>\n<p><img decoding=\"async\" src=\"https:\/\/roadtoromania.com\/wp-content\/uploads\/2022\/10\/agnita_rumania_turismo.jpg\" \/><\/p>\n<p>Agnita-Bauernfestung<\/p>\n<p>Im 13. Jahrhundert wird Agnita bereits als mittelalterliches s\u00e4chsisches Dorf unter dem Namen St. Agatha erw\u00e4hnt. Die Entwicklung der Goldschmiede-, Gerber-, Schuhmacher-, K\u00fcrschner- und T\u00f6pferzunft machte die Stadt in Siebenb\u00fcrgen ber\u00fchmt. Im Jahr 1376 erhielt sie das Vorrecht, j\u00e4hrliche Messen abzuhalten.<\/p>\n<p>Um die in ganz Siebenb\u00fcrgen \u00fcblichen Pl\u00fcnderungen zu verhindern, wurde das Zentrum von Agnita 1466 ebenfalls befestigt und trug damit zur Verteidigungsstrategie des ungarischen K\u00f6nigs Matthias Corvinus gegen die T\u00fcrken bei. Jahrhunderte sp\u00e4ter, als sich die orthodoxe Tradition durchsetzte, wurde die St.-Nikolaus-Kirche im byzantinischen Stil erbaut und im Inneren mit Fresken ausgestattet.\u00a0Im 20. Jahrhundert f\u00fchrte die Industrialisierung zum Verschwinden der Z\u00fcnfte und Agnita wurde zu einem l\u00e4ndlichen Zentrum.<\/p>\n<p>Die s\u00e4chsischen Traditionen sind immer noch lebendig, wie z. B. beim Fest des Flugs der Lole im Februar, das Touristen aus Deutschland anzieht.<\/p>\n<p>Das <strong>\u00f6rtliche Museum, Valle H\u00e2rtibaciului,<\/strong> stellt Gegenst\u00e4nde aus dem l\u00e4ndlichen Leben der Region aus und bietet eine anthropologische, ethnografische und arch\u00e4ologische Besichtigung an.<\/p>\n<h2>Wie man nach Agnita kommt<\/h2>\n<p>Der beste Weg dorthin ist der historische Zug, der Sibiu und Agnita verbindet und durch die befestigten Dorflandschaften Siebenb\u00fcrgens f\u00e4hrt<\/p>\n<h2>Exkursionen in der N\u00e4he von Agnita<\/h2>\n<p>Die mittelalterlichen befestigten D\u00f6rfer <strong>Dealu Frumus<\/strong> und <strong>Merghindeal<\/strong> , nur 4 km bzw. 8 km von Agnita entfernt, eignen sich gut f\u00fcr einen Spaziergang oder eine Wanderung, wenn Sie mehrere Tage in diesem Teil Siebenb\u00fcrgens verbringen.<br \/>\n<img decoding=\"async\" src=\"https:\/\/roadtoromania.com\/wp-content\/uploads\/2022\/10\/iglesia_fortificada_dealu_frumos.jpg\" \/><\/p>\n<p>Befestigte Kirche von Dealu Frumos<\/p>\n<h2><strong>Karte von Agnita<\/strong><\/h2>\n<p><iframe src=\"https:\/\/www.google.com\/maps\/embed?pb=!1m18!1m12!1m3!1d44364.20493867949!2d24.586736951516738!3d45.97599677426274!2m3!1f0!2f0!3f0!3m2!1i1024!2i768!4f13.1!3m3!1m2!1s0x474c819bca45f7cb%3A0x67060dd709fb8f34!2sAgnita+555100%2C+Ruman%C3%ADa!5e0!3m2!1ses!2ses!4v1489571008156\"><\/iframe><\/p>\n","protected":false},"excerpt":{"rendered":"<p>Agnita ist eine kleine Stadt im Herzen von Siebenb\u00fcrgen , zwischen dem Dreieck, das von Sibiu im Westen, Brasov im Osten und Sighisoara im Norden gebildet wird. Agnita-Bauernfestung Im 13. Jahrhundert wird Agnita bereits als mittelalterliches s\u00e4chsisches Dorf unter dem Namen St. Agatha erw\u00e4hnt. Die Entwicklung der Goldschmiede-, Gerber-, Schuhmacher-, K\u00fcrschner- und T\u00f6pferzunft machte die &hellip;<\/p>\n<p class=\"read-more\"> <a class=\"\" href=\"https:\/\/roadtoromania.com\/de\/staedte-und-regionen-rumaeniens\/agnita\/\"> <span class=\"screen-reader-text\">Agnita<\/span> Read More \u00bb<\/a><\/p>\n","protected":false},"author":1,"featured_media":1040,"parent":2910,"menu_order":0,"comment_status":"open","ping_status":"open","template":"","meta":{"site-sidebar-layout":"default","site-content-layout":"default","ast-global-header-display":"","ast-main-header-display":"","ast-hfb-above-header-display":"","ast-hfb-below-header-display":"","ast-hfb-mobile-header-display":"","site-post-title":"","ast-breadcrumbs-content":"","ast-featured-img":"","footer-sml-layout":"","theme-transparent-header-meta":"default","adv-header-id-meta":"","stick-header-meta":"default","header-above-stick-meta":"","header-main-stick-meta":"","header-below-stick-meta":"","footnotes":""},"class_list":["post-2912","page","type-page","status-publish","has-post-thumbnail","hentry"],"yoast_head":"<!-- This site is optimized with the Yoast SEO plugin v19.10 - https:\/\/yoast.com\/wordpress\/plugins\/seo\/ -->\n<title>Agnita - Road to Romania<\/title>\n<meta name=\"robots\" content=\"index, follow, max-snippet:-1, max-image-preview:large, max-video-preview:-1\" \/>\n<link rel=\"canonical\" href=\"https:\/\/roadtoromania.com\/de\/staedte-und-regionen-rumaeniens\/agnita\/\" \/>\n<meta property=\"og:locale\" content=\"de_DE\" \/>\n<meta property=\"og:type\" content=\"article\" \/>\n<meta property=\"og:title\" content=\"Agnita - Road to Romania\" \/>\n<meta property=\"og:description\" content=\"Agnita ist eine kleine Stadt im Herzen von Siebenb\u00fcrgen , zwischen dem Dreieck, das von Sibiu im Westen, Brasov im Osten und Sighisoara im Norden gebildet wird. Agnita-Bauernfestung Im 13. Jahrhundert wird Agnita bereits als mittelalterliches s\u00e4chsisches Dorf unter dem Namen St. Agatha erw\u00e4hnt. Die Entwicklung der Goldschmiede-, Gerber-, Schuhmacher-, K\u00fcrschner- und T\u00f6pferzunft machte die &hellip; Agnita Read More \u00bb\" \/>\n<meta property=\"og:url\" content=\"https:\/\/roadtoromania.com\/de\/staedte-und-regionen-rumaeniens\/agnita\/\" \/>\n<meta property=\"og:site_name\" content=\"Road to Romania\" \/>\n<meta property=\"article:modified_time\" content=\"2022-10-22T12:39:12+00:00\" \/>\n<meta property=\"og:image\" content=\"https:\/\/roadtoromania.com\/wp-content\/uploads\/2022\/10\/agnita_rumania_turismo-1.jpg\" \/>\n\t<meta property=\"og:image:width\" content=\"700\" \/>\n\t<meta property=\"og:image:height\" content=\"525\" \/>\n\t<meta property=\"og:image:type\" content=\"image\/jpeg\" \/>\n<meta name=\"twitter:card\" content=\"summary_large_image\" \/>\n<meta name=\"twitter:label1\" content=\"Gesch\u00e4tzte Lesezeit\" \/>\n\t<meta name=\"twitter:data1\" content=\"2\u00a0Minuten\" \/>\n<script type=\"application\/ld+json\" class=\"yoast-schema-graph\">{\"@context\":\"https:\/\/schema.org\",\"@graph\":[{\"@type\":\"WebPage\",\"@id\":\"https:\/\/roadtoromania.com\/de\/staedte-und-regionen-rumaeniens\/agnita\/\",\"url\":\"https:\/\/roadtoromania.com\/de\/staedte-und-regionen-rumaeniens\/agnita\/\",\"name\":\"Agnita - Road to Romania\",\"isPartOf\":{\"@id\":\"https:\/\/roadtoromania.com\/de\/#website\"},\"datePublished\":\"2022-10-15T18:40:09+00:00\",\"dateModified\":\"2022-10-22T12:39:12+00:00\",\"breadcrumb\":{\"@id\":\"https:\/\/roadtoromania.com\/de\/staedte-und-regionen-rumaeniens\/agnita\/#breadcrumb\"},\"inLanguage\":\"de\",\"potentialAction\":[{\"@type\":\"ReadAction\",\"target\":[\"https:\/\/roadtoromania.com\/de\/staedte-und-regionen-rumaeniens\/agnita\/\"]}]},{\"@type\":\"BreadcrumbList\",\"@id\":\"https:\/\/roadtoromania.com\/de\/staedte-und-regionen-rumaeniens\/agnita\/#breadcrumb\",\"itemListElement\":[{\"@type\":\"ListItem\",\"position\":1,\"name\":\"Home\",\"item\":\"https:\/\/roadtoromania.com\/de\/\"},{\"@type\":\"ListItem\",\"position\":2,\"name\":\"St\u00e4dte und Regionen in Rum\u00e4nien\",\"item\":\"https:\/\/roadtoromania.com\/de\/staedte-und-regionen-rumaeniens\/\"},{\"@type\":\"ListItem\",\"position\":3,\"name\":\"Agnita\"}]},{\"@type\":\"WebSite\",\"@id\":\"https:\/\/roadtoromania.com\/de\/#website\",\"url\":\"https:\/\/roadtoromania.com\/de\/\",\"name\":\"Road to Romania\",\"description\":\"Der Blog, in dem Sie alle Informationen finden, die Sie brauchen, um Rum\u00e4nien zu genie\u00dfen.\",\"potentialAction\":[{\"@type\":\"SearchAction\",\"target\":{\"@type\":\"EntryPoint\",\"urlTemplate\":\"https:\/\/roadtoromania.com\/de\/?s={search_term_string}\"},\"query-input\":\"required name=search_term_string\"}],\"inLanguage\":\"de\"}]}<\/script>\n<!-- \/ Yoast SEO plugin. -->","yoast_head_json":{"title":"Agnita - Road to Romania","robots":{"index":"index","follow":"follow","max-snippet":"max-snippet:-1","max-image-preview":"max-image-preview:large","max-video-preview":"max-video-preview:-1"},"canonical":"https:\/\/roadtoromania.com\/de\/staedte-und-regionen-rumaeniens\/agnita\/","og_locale":"de_DE","og_type":"article","og_title":"Agnita - Road to Romania","og_description":"Agnita ist eine kleine Stadt im Herzen von Siebenb\u00fcrgen , zwischen dem Dreieck, das von Sibiu im Westen, Brasov im Osten und Sighisoara im Norden gebildet wird. Agnita-Bauernfestung Im 13. Jahrhundert wird Agnita bereits als mittelalterliches s\u00e4chsisches Dorf unter dem Namen St. Agatha erw\u00e4hnt. Die Entwicklung der Goldschmiede-, Gerber-, Schuhmacher-, K\u00fcrschner- und T\u00f6pferzunft machte die &hellip; Agnita Read More \u00bb","og_url":"https:\/\/roadtoromania.com\/de\/staedte-und-regionen-rumaeniens\/agnita\/","og_site_name":"Road to Romania","article_modified_time":"2022-10-22T12:39:12+00:00","og_image":[{"width":700,"height":525,"url":"https:\/\/roadtoromania.com\/wp-content\/uploads\/2022\/10\/agnita_rumania_turismo-1.jpg","type":"image\/jpeg"}],"twitter_card":"summary_large_image","twitter_misc":{"Gesch\u00e4tzte Lesezeit":"2\u00a0Minuten"},"schema":{"@context":"https:\/\/schema.org","@graph":[{"@type":"WebPage","@id":"https:\/\/roadtoromania.com\/de\/staedte-und-regionen-rumaeniens\/agnita\/","url":"https:\/\/roadtoromania.com\/de\/staedte-und-regionen-rumaeniens\/agnita\/","name":"Agnita - Road to Romania","isPartOf":{"@id":"https:\/\/roadtoromania.com\/de\/#website"},"datePublished":"2022-10-15T18:40:09+00:00","dateModified":"2022-10-22T12:39:12+00:00","breadcrumb":{"@id":"https:\/\/roadtoromania.com\/de\/staedte-und-regionen-rumaeniens\/agnita\/#breadcrumb"},"inLanguage":"de","potentialAction":[{"@type":"ReadAction","target":["https:\/\/roadtoromania.com\/de\/staedte-und-regionen-rumaeniens\/agnita\/"]}]},{"@type":"BreadcrumbList","@id":"https:\/\/roadtoromania.com\/de\/staedte-und-regionen-rumaeniens\/agnita\/#breadcrumb","itemListElement":[{"@type":"ListItem","position":1,"name":"Home","item":"https:\/\/roadtoromania.com\/de\/"},{"@type":"ListItem","position":2,"name":"St\u00e4dte und Regionen in Rum\u00e4nien","item":"https:\/\/roadtoromania.com\/de\/staedte-und-regionen-rumaeniens\/"},{"@type":"ListItem","position":3,"name":"Agnita"}]},{"@type":"WebSite","@id":"https:\/\/roadtoromania.com\/de\/#website","url":"https:\/\/roadtoromania.com\/de\/","name":"Road to Romania","description":"Der Blog, in dem Sie alle Informationen finden, die Sie brauchen, um Rum\u00e4nien zu genie\u00dfen.","potentialAction":[{"@type":"SearchAction","target":{"@type":"EntryPoint","urlTemplate":"https:\/\/roadtoromania.com\/de\/?s={search_term_string}"},"query-input":"required name=search_term_string"}],"inLanguage":"de"}]}},"_links":{"self":[{"href":"https:\/\/roadtoromania.com\/de\/wp-json\/wp\/v2\/pages\/2912","targetHints":{"allow":["GET"]}}],"collection":[{"href":"https:\/\/roadtoromania.com\/de\/wp-json\/wp\/v2\/pages"}],"about":[{"href":"https:\/\/roadtoromania.com\/de\/wp-json\/wp\/v2\/types\/page"}],"author":[{"embeddable":true,"href":"https:\/\/roadtoromania.com\/de\/wp-json\/wp\/v2\/users\/1"}],"replies":[{"embeddable":true,"href":"https:\/\/roadtoromania.com\/de\/wp-json\/wp\/v2\/comments?post=2912"}],"version-history":[{"count":3,"href":"https:\/\/roadtoromania.com\/de\/wp-json\/wp\/v2\/pages\/2912\/revisions"}],"predecessor-version":[{"id":4291,"href":"https:\/\/roadtoromania.com\/de\/wp-json\/wp\/v2\/pages\/2912\/revisions\/4291"}],"up":[{"embeddable":true,"href":"https:\/\/roadtoromania.com\/de\/wp-json\/wp\/v2\/pages\/2910"}],"wp:featuredmedia":[{"embeddable":true,"href":"https:\/\/roadtoromania.com\/de\/wp-json\/wp\/v2\/media\/1040"}],"wp:attachment":[{"href":"https:\/\/roadtoromania.com\/de\/wp-json\/wp\/v2\/media?parent=2912"}],"curies":[{"name":"wp","href":"https:\/\/api.w.org\/{rel}","templated":true}]}}