{"id":2914,"date":"2022-10-15T18:40:09","date_gmt":"2022-10-15T18:40:09","guid":{"rendered":"https:\/\/roadtoromania.com\/staedte-und-regionen-rumaeniens\/arad\/"},"modified":"2022-10-15T22:16:26","modified_gmt":"2022-10-15T22:16:26","slug":"arad","status":"publish","type":"page","link":"https:\/\/roadtoromania.com\/de\/staedte-und-regionen-rumaeniens\/arad\/","title":{"rendered":"Arad"},"content":{"rendered":"<p><a href=\"https:\/\/roadtoromania.com\/wp-content\/uploads\/2022\/10\/arad_rumania.jpg\"><img decoding=\"async\" src=\"https:\/\/roadtoromania.com\/wp-content\/uploads\/2022\/10\/arad_rumania.jpg\" \/><\/a> Orthodoxe Kathedrale von Arad<\/p>\n<p>\n <strong>Arad<\/strong> ist eine der wichtigsten St\u00e4dte im Westen Rum\u00e4niens, zusammen mit <a href=\"https:\/\/roadtoromania.com\/de\/staedte-und-regionen-rumaeniens\/timisoara\/\"> <strong>Timisoara<\/strong><\/a> im S\u00fcden und <a href=\"https:\/\/roadtoromania.com\/de\/staedte-und-regionen-rumaeniens\/oradea\/\"> <strong>Oradea<\/strong><\/a> im Norden. \u00a0Sie geh\u00f6rt zur Region <strong>Banat<\/strong> , Komitat Arad, und grenzt an Ungarn, was die Bedeutung der ethnischen ungarischen Gemeinschaft erkl\u00e4rt.\u00a0Die E-68, die Rum\u00e4nien mit Ungarn verbindet, ist ein wichtiger Verkehrskanal f\u00fcr Autos <\/p>\n<p>.<\/p>\n<p>\nArad hat mit dem Fluss <strong>Mures<\/strong> die perfekte Erg\u00e4nzung, um dem Stadtzentrum, dessen Parks sich in hei\u00dfen Sommern f\u00fcllen, einen Hauch von Eleganz zu verleihen. Auf der einen Seite des Flusses befindet sich die Altstadt, das historische Zentrum mit seiner Zitadelle. Auf der anderen Seite liegt Uj Arad oder Arad Nou, das neue Viertel, das w\u00e4hrend der Belagerung der Stadt aus der t\u00fcrkischen Siedlung entstanden ist <\/p>\n<p>.<\/p>\n<p>\nDas <strong>Mittelalter<\/strong> brachte Arad auf die Landkarte, als die Tataren die Stadt im 12. Jahrhundert belagerten.Sobald sie sich niedergelassen hatten, befestigten sie die Stadt mit Mauern in den nahe gelegenen St\u00e4dten Soimos, Syria und Dezna. Sie waren nicht stark genug, um eine weitere Invasion, diesmal durch die Osmanen, zu verhindern, die die Stadt von 1551 bis 1699 besetzten, als der Friede von Karlowitz der t\u00fcrkischen Herrschaft in Arad ein Ende setzte <\/p>\n<p>.<\/p>\n<p>\nDie anschlie\u00dfende Befestigung der Zitadelle zwischen 1763 und 1783 war ausschlaggebend f\u00fcr die Unabh\u00e4ngigkeit Ungarns vom \u00f6sterreichischen Kaiserreich im Jahr 1849. Die russische Unterst\u00fctzung f\u00fcr Letzteres f\u00fchrte jedoch zur Hinrichtung der wichtigsten Aufstandsf\u00fchrer, der 13 R\u00e4delsf\u00fchrer-Gener\u00e4le, deren Andenken im Denkmal f\u00fcr die 13 M\u00e4rtyrer von Arad in der Stadt weiterlebt.<\/p>\n<p>\nPolitisch geh\u00f6rte Arad erst 1920 zu Rum\u00e4nien, als Ungarn durch die Vertr\u00e4ge zur territorialen Neuordnung des Ersten Weltkriegs gezwungen wurde, das heute von Westrum\u00e4nien besetzte Gebiet abzutreten.<\/p>\n<p><a href=\"https:\/\/roadtoromania.com\/wp-content\/uploads\/2022\/10\/arad_ciudadela.jpg\"><img decoding=\"async\" src=\"https:\/\/roadtoromania.com\/wp-content\/uploads\/2022\/10\/arad_ciudadela.jpg\" \/><\/a> Zitadelle Arad<\/p>\n<h2>\n <strong>Was es in Arad zu sehen gibt<\/strong> <\/h2>\n<p>\nDas authentischste Element von Arad, f\u00fcr das es leider noch keinen Termin f\u00fcr die Restaurierung zu einem gro\u00dfen Museumskomplex gibt, ist die <strong>Zitadelle<\/strong> .<\/p>\n<p>\nDie von Kaiserin Maria Theresia von Hausburg gef\u00f6rderte Gro\u00dfbaustelle wurde mit Hilfe von H\u00e4ftlingen nach dem Entwurf von Ferdinand Philipp Harsch errichtet, der wiederum auf den franz\u00f6sischen Entwurf des Architekten und Ingenieurs Vauban zur\u00fcckgriff.<\/p>\n<p>\nDie Zitadelle hat die Form eines sechszackigen Sterns mit konzentrischen Verst\u00e4rkungsbastionen, einschlie\u00dflich eines \u00fcberfluteten Grabens, der als Graben diente.\u00a0\u00a0Das Haupttor und die Geb\u00e4ude wurden im Barockstil errichtet. Sie war nicht nur eine Festung, sondern auch eines der gr\u00f6\u00dften Milit\u00e4rgef\u00e4ngnisse der \u00f6sterreichisch-ungarischen Monarchie. \u00a0Sie wird derzeit von der Armee verwaltet, obwohl eine \u00dcbertragung an die Gemeinde vereinbart wurde, um eine Touristenattraktion \u00e4hnlich der Zitadelle von <strong>Nis<\/strong> in Serbien zu schaffen. Obwohl es noch nicht zum Unesco-Welterbe geh\u00f6rt, wird es in die Liste der St\u00e4tten aufgenommen, die Teil eines solchen bedeutenden Schatzes der Menschheit sein k\u00f6nnten.<\/p>\n<p><img decoding=\"async\" src=\"https:\/\/roadtoromania.com\/wp-content\/uploads\/2022\/10\/ayuntamiento_arad.jpg\" \/><img decoding=\"async\" src=\"data:image\/gif;base64,R0lGODdhAQABAPAAAMPDwwAAACwAAAAAAQABAAACAkQBADs=\" \/><\/a> Rathaus von Arad<\/p>\n<p>\nWie bereits erw\u00e4hnt, befindet sich die neue Stadt auf der anderen Seite des Flusses, wo sich Boulevards mit Geb\u00e4uden aus dem 19. Eines der markantesten Geb\u00e4ude ist das <strong>Rathaus<\/strong> (Neorenaissance 1872-1874) in der Stra\u00dfe B-Dul Revolutiei, das an einem begr\u00fcnten Platz liegt, dessen Uhrenturm das monumentale Ensemble \u00fcberragt.<\/p>\n<p>\nWenn wir dieselbe Stra\u00dfe bis zu einem ihrer Enden verfolgen, finden wir das Alte Theater (1817 und eines der ersten in Rum\u00e4nien), in der N\u00e4he des Denkmals f\u00fcr die bei der Befreiung Siebenb\u00fcrgens &#8211; w\u00e4hrend des Zweiten Weltkriegs &#8211; gefallenen rum\u00e4nischen Soldaten, sowie das Hausmuseum des Schriftstellers Lazar <\/p>\n<p>.<\/p>\n<p>\nBemerkenswert sind auch die beiden Kathedralen  , die orthodoxe und die katholische. Johannes dem T\u00e4ufer gewidmet und ist ein neobarockes Geb\u00e4ude aus der zweiten H\u00e4lfte des 19. Jahrhunderts mit Fresken im byzantinischen Stil. Die katholische Kathedrale beeindruckt durch die Gr\u00f6\u00dfe ihres Gew\u00f6lbes <\/p>\n<p>.<\/p>\n<p>\nWir k\u00f6nnen auch den Kulturpalast (Palatul Cultural) im eklektischen Stil mit Jugendstileinfl\u00fcssen und die lutherische Kirche (1906), die als biserica ro\u015fie (rote Kirche) bekannt ist, besuchen <\/p>\n<p>.<br \/>\n Umland von Arad<\/strong> <\/h3>\n<p>\nIn der N\u00e4he von Arad k\u00f6nnen wir Ausfl\u00fcge nach Syria, Lipova mit seinen Thermalb\u00e4dern und den Ruinen von Soimos, und Paulis, interessant zu wissen, die Weine, mit besonderem Augenmerk auf den lokalen Wein, genannt Podgoria.<\/p>\n<h2>\nWie man nach Arad Rum\u00e4nien<\/h2>\n<p>kommt<\/p>\n<h2>\nKarte von Arad in Rum\u00e4nien<\/h2>\n<\/h2>\n","protected":false},"excerpt":{"rendered":"<p>Orthodoxe Kathedrale von Arad Arad ist eine der wichtigsten St\u00e4dte im Westen Rum\u00e4niens, zusammen mit Timisoara im S\u00fcden und Oradea im Norden. \u00a0Sie geh\u00f6rt zur Region Banat , Komitat Arad, und grenzt an Ungarn, was die Bedeutung der ethnischen ungarischen Gemeinschaft erkl\u00e4rt.\u00a0Die E-68, die Rum\u00e4nien mit Ungarn verbindet, ist ein wichtiger Verkehrskanal f\u00fcr Autos . &hellip;<\/p>\n<p class=\"read-more\"> <a class=\"\" href=\"https:\/\/roadtoromania.com\/de\/staedte-und-regionen-rumaeniens\/arad\/\"> <span class=\"screen-reader-text\">Arad<\/span> Read More \u00bb<\/a><\/p>\n","protected":false},"author":1,"featured_media":1054,"parent":2910,"menu_order":0,"comment_status":"open","ping_status":"open","template":"","meta":{"site-sidebar-layout":"default","site-content-layout":"default","ast-global-header-display":"","ast-main-header-display":"","ast-hfb-above-header-display":"","ast-hfb-below-header-display":"","ast-hfb-mobile-header-display":"","site-post-title":"","ast-breadcrumbs-content":"","ast-featured-img":"","footer-sml-layout":"","theme-transparent-header-meta":"default","adv-header-id-meta":"","stick-header-meta":"default","header-above-stick-meta":"","header-main-stick-meta":"","header-below-stick-meta":"","footnotes":""},"class_list":["post-2914","page","type-page","status-publish","has-post-thumbnail","hentry"],"yoast_head":"<!-- This site is optimized with the Yoast SEO plugin v19.10 - https:\/\/yoast.com\/wordpress\/plugins\/seo\/ -->\n<title>Arad - Road to Romania<\/title>\n<meta name=\"robots\" content=\"index, follow, max-snippet:-1, max-image-preview:large, max-video-preview:-1\" \/>\n<link rel=\"canonical\" href=\"https:\/\/roadtoromania.com\/de\/staedte-und-regionen-rumaeniens\/arad\/\" \/>\n<meta property=\"og:locale\" content=\"de_DE\" \/>\n<meta property=\"og:type\" content=\"article\" \/>\n<meta property=\"og:title\" content=\"Arad - Road to Romania\" \/>\n<meta property=\"og:description\" content=\"Orthodoxe Kathedrale von Arad Arad ist eine der wichtigsten St\u00e4dte im Westen Rum\u00e4niens, zusammen mit Timisoara im S\u00fcden und Oradea im Norden. \u00a0Sie geh\u00f6rt zur Region Banat , Komitat Arad, und grenzt an Ungarn, was die Bedeutung der ethnischen ungarischen Gemeinschaft erkl\u00e4rt.\u00a0Die E-68, die Rum\u00e4nien mit Ungarn verbindet, ist ein wichtiger Verkehrskanal f\u00fcr Autos . &hellip; Arad Read More \u00bb\" \/>\n<meta property=\"og:url\" content=\"https:\/\/roadtoromania.com\/de\/staedte-und-regionen-rumaeniens\/arad\/\" \/>\n<meta property=\"og:site_name\" content=\"Road to Romania\" \/>\n<meta property=\"article:modified_time\" content=\"2022-10-15T22:16:26+00:00\" \/>\n<meta property=\"og:image\" content=\"https:\/\/roadtoromania.com\/wp-content\/uploads\/2022\/10\/arad_rumania-1.jpg\" \/>\n\t<meta property=\"og:image:width\" content=\"768\" \/>\n\t<meta property=\"og:image:height\" content=\"1024\" \/>\n\t<meta property=\"og:image:type\" content=\"image\/jpeg\" \/>\n<meta name=\"twitter:card\" content=\"summary_large_image\" \/>\n<meta name=\"twitter:label1\" content=\"Gesch\u00e4tzte Lesezeit\" \/>\n\t<meta name=\"twitter:data1\" content=\"4\u00a0Minuten\" \/>\n<script type=\"application\/ld+json\" class=\"yoast-schema-graph\">{\"@context\":\"https:\/\/schema.org\",\"@graph\":[{\"@type\":\"WebPage\",\"@id\":\"https:\/\/roadtoromania.com\/de\/staedte-und-regionen-rumaeniens\/arad\/\",\"url\":\"https:\/\/roadtoromania.com\/de\/staedte-und-regionen-rumaeniens\/arad\/\",\"name\":\"Arad - Road to Romania\",\"isPartOf\":{\"@id\":\"https:\/\/roadtoromania.com\/de\/#website\"},\"datePublished\":\"2022-10-15T18:40:09+00:00\",\"dateModified\":\"2022-10-15T22:16:26+00:00\",\"breadcrumb\":{\"@id\":\"https:\/\/roadtoromania.com\/de\/staedte-und-regionen-rumaeniens\/arad\/#breadcrumb\"},\"inLanguage\":\"de\",\"potentialAction\":[{\"@type\":\"ReadAction\",\"target\":[\"https:\/\/roadtoromania.com\/de\/staedte-und-regionen-rumaeniens\/arad\/\"]}]},{\"@type\":\"BreadcrumbList\",\"@id\":\"https:\/\/roadtoromania.com\/de\/staedte-und-regionen-rumaeniens\/arad\/#breadcrumb\",\"itemListElement\":[{\"@type\":\"ListItem\",\"position\":1,\"name\":\"Home\",\"item\":\"https:\/\/roadtoromania.com\/de\/\"},{\"@type\":\"ListItem\",\"position\":2,\"name\":\"St\u00e4dte und Regionen in Rum\u00e4nien\",\"item\":\"https:\/\/roadtoromania.com\/de\/staedte-und-regionen-rumaeniens\/\"},{\"@type\":\"ListItem\",\"position\":3,\"name\":\"Arad\"}]},{\"@type\":\"WebSite\",\"@id\":\"https:\/\/roadtoromania.com\/de\/#website\",\"url\":\"https:\/\/roadtoromania.com\/de\/\",\"name\":\"Road to Romania\",\"description\":\"Der Blog, in dem Sie alle Informationen finden, die Sie brauchen, um Rum\u00e4nien zu genie\u00dfen.\",\"potentialAction\":[{\"@type\":\"SearchAction\",\"target\":{\"@type\":\"EntryPoint\",\"urlTemplate\":\"https:\/\/roadtoromania.com\/de\/?s={search_term_string}\"},\"query-input\":\"required name=search_term_string\"}],\"inLanguage\":\"de\"}]}<\/script>\n<!-- \/ Yoast SEO plugin. -->","yoast_head_json":{"title":"Arad - Road to Romania","robots":{"index":"index","follow":"follow","max-snippet":"max-snippet:-1","max-image-preview":"max-image-preview:large","max-video-preview":"max-video-preview:-1"},"canonical":"https:\/\/roadtoromania.com\/de\/staedte-und-regionen-rumaeniens\/arad\/","og_locale":"de_DE","og_type":"article","og_title":"Arad - Road to Romania","og_description":"Orthodoxe Kathedrale von Arad Arad ist eine der wichtigsten St\u00e4dte im Westen Rum\u00e4niens, zusammen mit Timisoara im S\u00fcden und Oradea im Norden. \u00a0Sie geh\u00f6rt zur Region Banat , Komitat Arad, und grenzt an Ungarn, was die Bedeutung der ethnischen ungarischen Gemeinschaft erkl\u00e4rt.\u00a0Die E-68, die Rum\u00e4nien mit Ungarn verbindet, ist ein wichtiger Verkehrskanal f\u00fcr Autos . &hellip; Arad Read More \u00bb","og_url":"https:\/\/roadtoromania.com\/de\/staedte-und-regionen-rumaeniens\/arad\/","og_site_name":"Road to Romania","article_modified_time":"2022-10-15T22:16:26+00:00","og_image":[{"width":768,"height":1024,"url":"https:\/\/roadtoromania.com\/wp-content\/uploads\/2022\/10\/arad_rumania-1.jpg","type":"image\/jpeg"}],"twitter_card":"summary_large_image","twitter_misc":{"Gesch\u00e4tzte Lesezeit":"4\u00a0Minuten"},"schema":{"@context":"https:\/\/schema.org","@graph":[{"@type":"WebPage","@id":"https:\/\/roadtoromania.com\/de\/staedte-und-regionen-rumaeniens\/arad\/","url":"https:\/\/roadtoromania.com\/de\/staedte-und-regionen-rumaeniens\/arad\/","name":"Arad - Road to Romania","isPartOf":{"@id":"https:\/\/roadtoromania.com\/de\/#website"},"datePublished":"2022-10-15T18:40:09+00:00","dateModified":"2022-10-15T22:16:26+00:00","breadcrumb":{"@id":"https:\/\/roadtoromania.com\/de\/staedte-und-regionen-rumaeniens\/arad\/#breadcrumb"},"inLanguage":"de","potentialAction":[{"@type":"ReadAction","target":["https:\/\/roadtoromania.com\/de\/staedte-und-regionen-rumaeniens\/arad\/"]}]},{"@type":"BreadcrumbList","@id":"https:\/\/roadtoromania.com\/de\/staedte-und-regionen-rumaeniens\/arad\/#breadcrumb","itemListElement":[{"@type":"ListItem","position":1,"name":"Home","item":"https:\/\/roadtoromania.com\/de\/"},{"@type":"ListItem","position":2,"name":"St\u00e4dte und Regionen in Rum\u00e4nien","item":"https:\/\/roadtoromania.com\/de\/staedte-und-regionen-rumaeniens\/"},{"@type":"ListItem","position":3,"name":"Arad"}]},{"@type":"WebSite","@id":"https:\/\/roadtoromania.com\/de\/#website","url":"https:\/\/roadtoromania.com\/de\/","name":"Road to Romania","description":"Der Blog, in dem Sie alle Informationen finden, die Sie brauchen, um Rum\u00e4nien zu genie\u00dfen.","potentialAction":[{"@type":"SearchAction","target":{"@type":"EntryPoint","urlTemplate":"https:\/\/roadtoromania.com\/de\/?s={search_term_string}"},"query-input":"required name=search_term_string"}],"inLanguage":"de"}]}},"_links":{"self":[{"href":"https:\/\/roadtoromania.com\/de\/wp-json\/wp\/v2\/pages\/2914","targetHints":{"allow":["GET"]}}],"collection":[{"href":"https:\/\/roadtoromania.com\/de\/wp-json\/wp\/v2\/pages"}],"about":[{"href":"https:\/\/roadtoromania.com\/de\/wp-json\/wp\/v2\/types\/page"}],"author":[{"embeddable":true,"href":"https:\/\/roadtoromania.com\/de\/wp-json\/wp\/v2\/users\/1"}],"replies":[{"embeddable":true,"href":"https:\/\/roadtoromania.com\/de\/wp-json\/wp\/v2\/comments?post=2914"}],"version-history":[{"count":1,"href":"https:\/\/roadtoromania.com\/de\/wp-json\/wp\/v2\/pages\/2914\/revisions"}],"predecessor-version":[{"id":2915,"href":"https:\/\/roadtoromania.com\/de\/wp-json\/wp\/v2\/pages\/2914\/revisions\/2915"}],"up":[{"embeddable":true,"href":"https:\/\/roadtoromania.com\/de\/wp-json\/wp\/v2\/pages\/2910"}],"wp:featuredmedia":[{"embeddable":true,"href":"https:\/\/roadtoromania.com\/de\/wp-json\/wp\/v2\/media\/1054"}],"wp:attachment":[{"href":"https:\/\/roadtoromania.com\/de\/wp-json\/wp\/v2\/media?parent=2914"}],"curies":[{"name":"wp","href":"https:\/\/api.w.org\/{rel}","templated":true}]}}