{"id":2922,"date":"2022-10-15T18:40:09","date_gmt":"2022-10-15T18:40:09","guid":{"rendered":"https:\/\/roadtoromania.com\/staedte-und-regionen-rumaeniens\/bazna\/"},"modified":"2022-10-15T22:16:28","modified_gmt":"2022-10-15T22:16:28","slug":"bazna","status":"publish","type":"page","link":"https:\/\/roadtoromania.com\/de\/staedte-und-regionen-rumaeniens\/bazna\/","title":{"rendered":"Bazna"},"content":{"rendered":"<p>Der Kurort <strong>Bazna<\/strong> auf der Hochebene von T\u00e2rnavelor liegt in der Region <strong>Siebenb\u00fcrgen<\/strong> , n\u00f6rdlich von <strong>Sibiu<\/strong> , und nur 16 km von der zweitgr\u00f6\u00dften Stadt der Region, Medias, entfernt.<\/p>\n<p>\nDas s\u00e4chsische Dorf mit traditionell deutscher Bev\u00f6lkerung hat den germanischen Einfluss in der Bev\u00f6lkerung allm\u00e4hlich verloren, aber seine Geschichte und sein Brauchtum zeugen von einer sehr engen Beziehung zur s\u00e4chsischen Welt.<\/p>\n<p>\nIn Bazna gibt es Zeugnisse aus der Jungsteinzeit, wie z. B. in Lempes, wo Fragmente von bemalter Keramik und Bronzegegenst\u00e4nde aus der Eisenzeit in Form von skythischen Pfeilspitzen gefunden wurden, die eine stabile Besiedlung aus der Vorzeit belegen <\/p>\n<p>.<\/p>\n<p>\nDie ersten schriftlichen Aufzeichnungen stammen aus dem Jahr 1271, als K\u00f6nig Stephan V. ein Gesch\u00e4ft mit einem gewissen Greava Bozouch von den Inok (Turkvolk der Vlach) aus dem Dorf Bazna besiegelte. Bereits im 18. Jahrhundert wurde die Qualit\u00e4t der Mineralw\u00e4sser in einer Abhandlung von Rudolf Rothens mit dem Titel Memorabilae Europae gew\u00fcrdigt. Die wohltuenden Wirkungen des Thermalwassers zogen schon damals die Menschen an und machten es zu dem Heilbad, das wir heute besuchen k\u00f6nnen.<\/p>\n<div id=\"toc_container\" class=\"no_bullets\"><p class=\"toc_title\">Contents<\/p><ul class=\"toc_list\"><li><a href=\"#Was_es_in_Bazna_zu_sehen_gibt\"><span class=\"toc_number toc_depth_1\">1<\/span> \n Was es in Bazna zu sehen gibt <\/a><\/li><li><a href=\"#So_kommen_Sie_nach_Bazna_in_Rumaenien\"><span class=\"toc_number toc_depth_1\">2<\/span> \nSo kommen Sie nach Bazna in Rum\u00e4nien<\/a><\/li><li><a href=\"#La_climna_in_Bazna_rumaenien\"><span class=\"toc_number toc_depth_1\">3<\/span> \nLa climna in Bazna rum\u00e4nien<\/a><\/li><li><a href=\"#Karte_von_Bazna\"><span class=\"toc_number toc_depth_1\">4<\/span> \nKarte von Bazna<\/a><\/li><\/ul><\/div>\n<h2><span id=\"Was_es_in_Bazna_zu_sehen_gibt\">\n <strong>Was es in Bazna zu sehen gibt<\/strong> <\/span><\/h2>\n<p>\nNeben dem Besuch der Thermalb\u00e4der lohnt sich ein Abstecher nach Bazna, um die mittelalterliche <strong>evangelisch-lutherische Kirche<\/strong><\/strong> mit ihren gotischen Glocken zu besichtigen.<\/p>\n<p><a href=\"https:\/\/roadtoromania.com\/wp-content\/uploads\/2022\/10\/bazna_iglesia1.jpg\"><img decoding=\"async\" src=\"https:\/\/roadtoromania.com\/wp-content\/uploads\/2022\/10\/bazna_iglesia1.jpg\" \/><\/a> befestigte Kirche von Bazna<\/p>\n<p>\nEin weiteres wichtiges Monument ist die <strong>befestigte Kirche<\/strong> mit Palisaden, die die Zitadelle vor Angriffen der Bauern sch\u00fctzte, die in der kreisf\u00f6rmigen Anlage eingeschlossen waren. Heute sind die Mauern, die es verteidigten, niedriger, da sie urspr\u00fcnglich 8 Meter hoch waren <\/p>\n<p>.<\/p>\n<p>\nEine weitere Sehensw\u00fcrdigkeit im Bazna-Park ist der Obelisk, der an die im Zweiten Weltkrieg gefallenen Rum\u00e4nen erinnert <\/p>\n<p>.<br \/>\n Die Ruinen der Festung Bazna<\/strong> sind eine beliebte Touristenattraktion in Bazna. Die Festung wurde im 13. Jahrhundert erbaut und war lange Zeit das administrative und politische Zentrum der Umgebung. Die \u00dcberreste der Festung Bazna verraten viel \u00fcber die Geschichte Rum\u00e4niens. Die Besucher k\u00f6nnen die Ruinen der Festung erkunden und sich ein Bild von der Bauweise machen. In der N\u00e4he der Festung befindet sich ein Museum mit interessanten Artefakten, die zur Erforschung der Geschichte von Bazna beitragen k\u00f6nnen <\/p>\n<p>.<\/p>\n<h2><span id=\"So_kommen_Sie_nach_Bazna_in_Rumaenien\">\nSo kommen Sie nach Bazna in Rum\u00e4nien<\/span><\/h2>\n<p>\nBazna befindet sich im rum\u00e4nischen Landkreis Pascani. Es ist etwa 47 km von der Hauptstadt Bukarest entfernt. Es gibt zwei M\u00f6glichkeiten, von Bukarest nach Bazna zu gelangen. Sie k\u00f6nnen entweder einen Bus nehmen oder mit dem eigenen Auto fahren. Die erste M\u00f6glichkeit ist, einen Bus von Bukarest nach Bazna zu nehmen. Es gibt einige Busunternehmen, die diesen Service anbieten. Sie k\u00f6nnen Ihre Tickets vor Ihrem Besuch in Rum\u00e4nien online buchen. Die zweite M\u00f6glichkeit ist, mit dem eigenen Auto nach Bazna zu fahren. Sie k\u00f6nnen der Autobahn E60 bis zur Ortschaft Pascani folgen und dann die Stra\u00dfe DN2 nach Bazna nehmen. Folgen Sie unbedingt der Wegbeschreibung auf Google Maps, damit Sie sich nicht verirren <\/p>\n<p>.<\/p>\n<h2><span id=\"La_climna_in_Bazna_rumaenien\">\nLa climna in Bazna rum\u00e4nien<\/span><\/h2>\n<p>\nDas Klima in Bazna ist im Allgemeinen warm und feucht. Die Durchschnittstemperaturen liegen im Sommer bei 30 Grad Celsius und im Winter bei 2 Grad Celsius. W\u00e4hrend der Monsunzeit f\u00e4llt in der Stadt viel Regen. Die beste Zeit f\u00fcr einen Besuch in Bazna ist zwischen Mai und September. Oktober und April sind ebenfalls gute Monate f\u00fcr einen Besuch, aber stellen Sie sich auf regnerisches Wetter ein <\/p>\n<p>.<\/p>\n<h2><span id=\"Karte_von_Bazna\">\nKarte von Bazna<\/span><\/h2>\n","protected":false},"excerpt":{"rendered":"<p>Der Kurort Bazna auf der Hochebene von T\u00e2rnavelor liegt in der Region Siebenb\u00fcrgen , n\u00f6rdlich von Sibiu , und nur 16 km von der zweitgr\u00f6\u00dften Stadt der Region, Medias, entfernt. Das s\u00e4chsische Dorf mit traditionell deutscher Bev\u00f6lkerung hat den germanischen Einfluss in der Bev\u00f6lkerung allm\u00e4hlich verloren, aber seine Geschichte und sein Brauchtum zeugen von einer &hellip;<\/p>\n<p class=\"read-more\"> <a class=\"\" href=\"https:\/\/roadtoromania.com\/de\/staedte-und-regionen-rumaeniens\/bazna\/\"> <span class=\"screen-reader-text\">Bazna<\/span> Read More \u00bb<\/a><\/p>\n","protected":false},"author":1,"featured_media":1098,"parent":2910,"menu_order":0,"comment_status":"open","ping_status":"open","template":"","meta":{"site-sidebar-layout":"default","site-content-layout":"default","ast-global-header-display":"","ast-main-header-display":"","ast-hfb-above-header-display":"","ast-hfb-below-header-display":"","ast-hfb-mobile-header-display":"","site-post-title":"","ast-breadcrumbs-content":"","ast-featured-img":"","footer-sml-layout":"","theme-transparent-header-meta":"","adv-header-id-meta":"","stick-header-meta":"","header-above-stick-meta":"","header-main-stick-meta":"","header-below-stick-meta":"","footnotes":""},"class_list":["post-2922","page","type-page","status-publish","has-post-thumbnail","hentry"],"yoast_head":"<!-- This site is optimized with the Yoast SEO plugin v19.10 - https:\/\/yoast.com\/wordpress\/plugins\/seo\/ -->\n<title>Bazna - Road to Romania<\/title>\n<meta name=\"robots\" content=\"index, follow, max-snippet:-1, max-image-preview:large, max-video-preview:-1\" \/>\n<link rel=\"canonical\" href=\"https:\/\/roadtoromania.com\/de\/staedte-und-regionen-rumaeniens\/bazna\/\" \/>\n<meta property=\"og:locale\" content=\"de_DE\" \/>\n<meta property=\"og:type\" content=\"article\" \/>\n<meta property=\"og:title\" content=\"Bazna - Road to Romania\" \/>\n<meta property=\"og:description\" content=\"Der Kurort Bazna auf der Hochebene von T\u00e2rnavelor liegt in der Region Siebenb\u00fcrgen , n\u00f6rdlich von Sibiu , und nur 16 km von der zweitgr\u00f6\u00dften Stadt der Region, Medias, entfernt. Das s\u00e4chsische Dorf mit traditionell deutscher Bev\u00f6lkerung hat den germanischen Einfluss in der Bev\u00f6lkerung allm\u00e4hlich verloren, aber seine Geschichte und sein Brauchtum zeugen von einer &hellip; Bazna Read More \u00bb\" \/>\n<meta property=\"og:url\" content=\"https:\/\/roadtoromania.com\/de\/staedte-und-regionen-rumaeniens\/bazna\/\" \/>\n<meta property=\"og:site_name\" content=\"Road to Romania\" \/>\n<meta property=\"article:modified_time\" content=\"2022-10-15T22:16:28+00:00\" \/>\n<meta property=\"og:image\" content=\"https:\/\/roadtoromania.com\/wp-content\/uploads\/2022\/10\/bazna_iglesia1-1.jpg\" \/>\n\t<meta property=\"og:image:width\" content=\"600\" \/>\n\t<meta property=\"og:image:height\" content=\"450\" \/>\n\t<meta property=\"og:image:type\" content=\"image\/jpeg\" \/>\n<meta name=\"twitter:card\" content=\"summary_large_image\" \/>\n<meta name=\"twitter:label1\" content=\"Gesch\u00e4tzte Lesezeit\" \/>\n\t<meta name=\"twitter:data1\" content=\"3\u00a0Minuten\" \/>\n<script type=\"application\/ld+json\" class=\"yoast-schema-graph\">{\"@context\":\"https:\/\/schema.org\",\"@graph\":[{\"@type\":\"WebPage\",\"@id\":\"https:\/\/roadtoromania.com\/de\/staedte-und-regionen-rumaeniens\/bazna\/\",\"url\":\"https:\/\/roadtoromania.com\/de\/staedte-und-regionen-rumaeniens\/bazna\/\",\"name\":\"Bazna - Road to Romania\",\"isPartOf\":{\"@id\":\"https:\/\/roadtoromania.com\/de\/#website\"},\"datePublished\":\"2022-10-15T18:40:09+00:00\",\"dateModified\":\"2022-10-15T22:16:28+00:00\",\"breadcrumb\":{\"@id\":\"https:\/\/roadtoromania.com\/de\/staedte-und-regionen-rumaeniens\/bazna\/#breadcrumb\"},\"inLanguage\":\"de\",\"potentialAction\":[{\"@type\":\"ReadAction\",\"target\":[\"https:\/\/roadtoromania.com\/de\/staedte-und-regionen-rumaeniens\/bazna\/\"]}]},{\"@type\":\"BreadcrumbList\",\"@id\":\"https:\/\/roadtoromania.com\/de\/staedte-und-regionen-rumaeniens\/bazna\/#breadcrumb\",\"itemListElement\":[{\"@type\":\"ListItem\",\"position\":1,\"name\":\"Home\",\"item\":\"https:\/\/roadtoromania.com\/de\/\"},{\"@type\":\"ListItem\",\"position\":2,\"name\":\"St\u00e4dte und Regionen in Rum\u00e4nien\",\"item\":\"https:\/\/roadtoromania.com\/de\/staedte-und-regionen-rumaeniens\/\"},{\"@type\":\"ListItem\",\"position\":3,\"name\":\"Bazna\"}]},{\"@type\":\"WebSite\",\"@id\":\"https:\/\/roadtoromania.com\/de\/#website\",\"url\":\"https:\/\/roadtoromania.com\/de\/\",\"name\":\"Road to Romania\",\"description\":\"Der Blog, in dem Sie alle Informationen finden, die Sie brauchen, um Rum\u00e4nien zu genie\u00dfen.\",\"potentialAction\":[{\"@type\":\"SearchAction\",\"target\":{\"@type\":\"EntryPoint\",\"urlTemplate\":\"https:\/\/roadtoromania.com\/de\/?s={search_term_string}\"},\"query-input\":\"required name=search_term_string\"}],\"inLanguage\":\"de\"}]}<\/script>\n<!-- \/ Yoast SEO plugin. -->","yoast_head_json":{"title":"Bazna - Road to Romania","robots":{"index":"index","follow":"follow","max-snippet":"max-snippet:-1","max-image-preview":"max-image-preview:large","max-video-preview":"max-video-preview:-1"},"canonical":"https:\/\/roadtoromania.com\/de\/staedte-und-regionen-rumaeniens\/bazna\/","og_locale":"de_DE","og_type":"article","og_title":"Bazna - Road to Romania","og_description":"Der Kurort Bazna auf der Hochebene von T\u00e2rnavelor liegt in der Region Siebenb\u00fcrgen , n\u00f6rdlich von Sibiu , und nur 16 km von der zweitgr\u00f6\u00dften Stadt der Region, Medias, entfernt. Das s\u00e4chsische Dorf mit traditionell deutscher Bev\u00f6lkerung hat den germanischen Einfluss in der Bev\u00f6lkerung allm\u00e4hlich verloren, aber seine Geschichte und sein Brauchtum zeugen von einer &hellip; Bazna Read More \u00bb","og_url":"https:\/\/roadtoromania.com\/de\/staedte-und-regionen-rumaeniens\/bazna\/","og_site_name":"Road to Romania","article_modified_time":"2022-10-15T22:16:28+00:00","og_image":[{"width":600,"height":450,"url":"https:\/\/roadtoromania.com\/wp-content\/uploads\/2022\/10\/bazna_iglesia1-1.jpg","type":"image\/jpeg"}],"twitter_card":"summary_large_image","twitter_misc":{"Gesch\u00e4tzte Lesezeit":"3\u00a0Minuten"},"schema":{"@context":"https:\/\/schema.org","@graph":[{"@type":"WebPage","@id":"https:\/\/roadtoromania.com\/de\/staedte-und-regionen-rumaeniens\/bazna\/","url":"https:\/\/roadtoromania.com\/de\/staedte-und-regionen-rumaeniens\/bazna\/","name":"Bazna - Road to Romania","isPartOf":{"@id":"https:\/\/roadtoromania.com\/de\/#website"},"datePublished":"2022-10-15T18:40:09+00:00","dateModified":"2022-10-15T22:16:28+00:00","breadcrumb":{"@id":"https:\/\/roadtoromania.com\/de\/staedte-und-regionen-rumaeniens\/bazna\/#breadcrumb"},"inLanguage":"de","potentialAction":[{"@type":"ReadAction","target":["https:\/\/roadtoromania.com\/de\/staedte-und-regionen-rumaeniens\/bazna\/"]}]},{"@type":"BreadcrumbList","@id":"https:\/\/roadtoromania.com\/de\/staedte-und-regionen-rumaeniens\/bazna\/#breadcrumb","itemListElement":[{"@type":"ListItem","position":1,"name":"Home","item":"https:\/\/roadtoromania.com\/de\/"},{"@type":"ListItem","position":2,"name":"St\u00e4dte und Regionen in Rum\u00e4nien","item":"https:\/\/roadtoromania.com\/de\/staedte-und-regionen-rumaeniens\/"},{"@type":"ListItem","position":3,"name":"Bazna"}]},{"@type":"WebSite","@id":"https:\/\/roadtoromania.com\/de\/#website","url":"https:\/\/roadtoromania.com\/de\/","name":"Road to Romania","description":"Der Blog, in dem Sie alle Informationen finden, die Sie brauchen, um Rum\u00e4nien zu genie\u00dfen.","potentialAction":[{"@type":"SearchAction","target":{"@type":"EntryPoint","urlTemplate":"https:\/\/roadtoromania.com\/de\/?s={search_term_string}"},"query-input":"required name=search_term_string"}],"inLanguage":"de"}]}},"_links":{"self":[{"href":"https:\/\/roadtoromania.com\/de\/wp-json\/wp\/v2\/pages\/2922","targetHints":{"allow":["GET"]}}],"collection":[{"href":"https:\/\/roadtoromania.com\/de\/wp-json\/wp\/v2\/pages"}],"about":[{"href":"https:\/\/roadtoromania.com\/de\/wp-json\/wp\/v2\/types\/page"}],"author":[{"embeddable":true,"href":"https:\/\/roadtoromania.com\/de\/wp-json\/wp\/v2\/users\/1"}],"replies":[{"embeddable":true,"href":"https:\/\/roadtoromania.com\/de\/wp-json\/wp\/v2\/comments?post=2922"}],"version-history":[{"count":1,"href":"https:\/\/roadtoromania.com\/de\/wp-json\/wp\/v2\/pages\/2922\/revisions"}],"predecessor-version":[{"id":2923,"href":"https:\/\/roadtoromania.com\/de\/wp-json\/wp\/v2\/pages\/2922\/revisions\/2923"}],"up":[{"embeddable":true,"href":"https:\/\/roadtoromania.com\/de\/wp-json\/wp\/v2\/pages\/2910"}],"wp:featuredmedia":[{"embeddable":true,"href":"https:\/\/roadtoromania.com\/de\/wp-json\/wp\/v2\/media\/1098"}],"wp:attachment":[{"href":"https:\/\/roadtoromania.com\/de\/wp-json\/wp\/v2\/media?parent=2922"}],"curies":[{"name":"wp","href":"https:\/\/api.w.org\/{rel}","templated":true}]}}