{"id":2930,"date":"2022-10-15T18:40:11","date_gmt":"2022-10-15T18:40:11","guid":{"rendered":"https:\/\/roadtoromania.com\/triumphbogen\/"},"modified":"2022-10-15T22:16:32","modified_gmt":"2022-10-15T22:16:32","slug":"triumphbogen","status":"publish","type":"page","link":"https:\/\/roadtoromania.com\/de\/staedte-und-regionen-rumaeniens\/bucharest\/triumphbogen\/","title":{"rendered":"Arc de Triomphe"},"content":{"rendered":"<p>Der <strong>Bukarester Triumphbogen<\/strong> (Arcul de Triumf) begr\u00fc\u00dft Sie, wenn Sie auf Ihrer Reise in die rum\u00e4nische Hauptstadt vom Flughafen ins Stadtzentrum kommen.<\/p>\n<p><img decoding=\"async\" src=\"https:\/\/roadtoromania.com\/wp-content\/uploads\/2022\/10\/arco_triunfo_bucarest.jpg\" \/>Der Triumphbogen in Bukarest bei Nacht<\/p>\n<p>\nDie \u00c4hnlichkeit mit dem Arc de Triomphe in Paris ist kein Zufall, denn das so genannte &#8220;kleine Paris&#8221; \u00fcbernahm zu Beginn des 20. Jahrhunderts die Stadtplanung, die Architektur und das gesellschaftliche Leben der Stadt des Lichts <\/p>\n<p>.<\/p>\n<p>\nDie Geschichte des Triumphbogens beginnt 1878, als ein h\u00f6lzerner Bogen in aller Eile errichtet wurde, um die k\u00fcrzlich erlangte Unabh\u00e4ngigkeit Rum\u00e4niens nach den K\u00e4mpfen mit dem benachbarten Bulgarien zu feiern. Jahre sp\u00e4ter, 1922, erinnerte ein weiterer Bogen an das Ende des Ersten Weltkriegs, doch 1935 wurde er durch den heutigen Bogen aus Granit ersetzt, der ein Jahr sp\u00e4ter, 1936, fertiggestellt wurde.<\/p>\n<p>\nDas Werk des Architekten Petre Antonescu ist 27 Meter hoch, 25 Meter lang und 11,5 Meter breit und im romanisch-byzantinischen Stil gehalten <\/p>\n<p>.<\/p>\n<p>\nDie gro\u00dfe Allee \u0218oseaua Kiseleff f\u00fchrt zum Kreisverkehr, an dem sich der Triumphbogen, eines der meistbesuchten Denkm\u00e4ler in Bukarest, befindet. Seine Lage ist symptomatisch, da es sich um die Kreuzung der bereits erw\u00e4hnten Kiseleff-Allee mit dem Constantin-Prezan-Boulevard, der Alexandru-Averescu-Stra\u00dfe und der Alexandru-Constantinescu-Stra\u00dfe handelt, die einen radialen Verkehrsbogen bilden, der zum Arc de Triomphe f\u00fchrt <\/p>\n<p>.<\/p>\n<p>\nDie Steinskulpturen, Medaillons und floralen Ornamente an der Fassade sind das Werk von Frederick Storck, Ion Jalea, Dimitrie Paciurea, Constantin Medrea und Constantin Baraschi. Interessant ist, dass die urspr\u00fcngliche Dekoration von K\u00f6nigin Maria und K\u00f6nig Ferdinand w\u00e4hrend der kommunistischen \u00c4ra entfernt wurde, aber bei den letzten Arbeiten am Bogen 1992 wiederhergestellt wurde <\/p>\n<p>.<br \/>\n<img decoding=\"async\" src=\"https:\/\/roadtoromania.com\/wp-content\/uploads\/2022\/10\/arco_triunfo_bucarest_abajo.jpg\" \/>Dekoration des Arc de Triomphe<\/p>\n<p>\nDer Triumphbogen kann von innen besichtigt werden, wobei eine Treppe nach oben f\u00fchrt, von der aus man einen hervorragenden Blick auf Bukarest hat <\/p>\n<p>.<br \/>\n Standort des Arc de Triomphe in Bukarest<\/strong> <\/h2>\n","protected":false},"excerpt":{"rendered":"<p>Der Bukarester Triumphbogen (Arcul de Triumf) begr\u00fc\u00dft Sie, wenn Sie auf Ihrer Reise in die rum\u00e4nische Hauptstadt vom Flughafen ins Stadtzentrum kommen. Der Triumphbogen in Bukarest bei Nacht Die \u00c4hnlichkeit mit dem Arc de Triomphe in Paris ist kein Zufall, denn das so genannte &#8220;kleine Paris&#8221; \u00fcbernahm zu Beginn des 20. Jahrhunderts die Stadtplanung, die &hellip;<\/p>\n<p class=\"read-more\"> <a class=\"\" href=\"https:\/\/roadtoromania.com\/de\/staedte-und-regionen-rumaeniens\/bucharest\/triumphbogen\/\"> <span class=\"screen-reader-text\">Arc de Triomphe<\/span> Read More \u00bb<\/a><\/p>\n","protected":false},"author":1,"featured_media":1142,"parent":2928,"menu_order":0,"comment_status":"open","ping_status":"open","template":"","meta":{"site-sidebar-layout":"default","site-content-layout":"default","ast-global-header-display":"","ast-main-header-display":"","ast-hfb-above-header-display":"","ast-hfb-below-header-display":"","ast-hfb-mobile-header-display":"","site-post-title":"","ast-breadcrumbs-content":"","ast-featured-img":"","footer-sml-layout":"","theme-transparent-header-meta":"","adv-header-id-meta":"","stick-header-meta":"","header-above-stick-meta":"","header-main-stick-meta":"","header-below-stick-meta":"","footnotes":""},"class_list":["post-2930","page","type-page","status-publish","has-post-thumbnail","hentry"],"yoast_head":"<!-- This site is optimized with the Yoast SEO plugin v19.10 - https:\/\/yoast.com\/wordpress\/plugins\/seo\/ -->\n<title>Arc de Triomphe - Road to Romania<\/title>\n<meta name=\"robots\" content=\"index, follow, max-snippet:-1, max-image-preview:large, max-video-preview:-1\" \/>\n<link rel=\"canonical\" href=\"https:\/\/roadtoromania.com\/de\/staedte-und-regionen-rumaeniens\/bucharest\/triumphbogen\/\" \/>\n<meta property=\"og:locale\" content=\"de_DE\" \/>\n<meta property=\"og:type\" content=\"article\" \/>\n<meta property=\"og:title\" content=\"Arc de Triomphe - Road to Romania\" \/>\n<meta property=\"og:description\" content=\"Der Bukarester Triumphbogen (Arcul de Triumf) begr\u00fc\u00dft Sie, wenn Sie auf Ihrer Reise in die rum\u00e4nische Hauptstadt vom Flughafen ins Stadtzentrum kommen. Der Triumphbogen in Bukarest bei Nacht Die \u00c4hnlichkeit mit dem Arc de Triomphe in Paris ist kein Zufall, denn das so genannte &#8220;kleine Paris&#8221; \u00fcbernahm zu Beginn des 20. Jahrhunderts die Stadtplanung, die &hellip; Arc de Triomphe Read More \u00bb\" \/>\n<meta property=\"og:url\" content=\"https:\/\/roadtoromania.com\/de\/staedte-und-regionen-rumaeniens\/bucharest\/triumphbogen\/\" \/>\n<meta property=\"og:site_name\" content=\"Road to Romania\" \/>\n<meta property=\"article:modified_time\" content=\"2022-10-15T22:16:32+00:00\" \/>\n<meta property=\"og:image\" content=\"https:\/\/roadtoromania.com\/wp-content\/uploads\/2022\/10\/arco_triunfo_bucarest-1.jpg\" \/>\n\t<meta property=\"og:image:width\" content=\"700\" \/>\n\t<meta property=\"og:image:height\" content=\"326\" \/>\n\t<meta property=\"og:image:type\" content=\"image\/jpeg\" \/>\n<meta name=\"twitter:card\" content=\"summary_large_image\" \/>\n<meta name=\"twitter:label1\" content=\"Gesch\u00e4tzte Lesezeit\" \/>\n\t<meta name=\"twitter:data1\" content=\"2\u00a0Minuten\" \/>\n<script type=\"application\/ld+json\" class=\"yoast-schema-graph\">{\"@context\":\"https:\/\/schema.org\",\"@graph\":[{\"@type\":\"WebPage\",\"@id\":\"https:\/\/roadtoromania.com\/de\/staedte-und-regionen-rumaeniens\/bucharest\/triumphbogen\/\",\"url\":\"https:\/\/roadtoromania.com\/de\/staedte-und-regionen-rumaeniens\/bucharest\/triumphbogen\/\",\"name\":\"Arc de Triomphe - Road to Romania\",\"isPartOf\":{\"@id\":\"https:\/\/roadtoromania.com\/de\/#website\"},\"datePublished\":\"2022-10-15T18:40:11+00:00\",\"dateModified\":\"2022-10-15T22:16:32+00:00\",\"breadcrumb\":{\"@id\":\"https:\/\/roadtoromania.com\/de\/staedte-und-regionen-rumaeniens\/bucharest\/triumphbogen\/#breadcrumb\"},\"inLanguage\":\"de\",\"potentialAction\":[{\"@type\":\"ReadAction\",\"target\":[\"https:\/\/roadtoromania.com\/de\/staedte-und-regionen-rumaeniens\/bucharest\/triumphbogen\/\"]}]},{\"@type\":\"BreadcrumbList\",\"@id\":\"https:\/\/roadtoromania.com\/de\/staedte-und-regionen-rumaeniens\/bucharest\/triumphbogen\/#breadcrumb\",\"itemListElement\":[{\"@type\":\"ListItem\",\"position\":1,\"name\":\"Home\",\"item\":\"https:\/\/roadtoromania.com\/de\/\"},{\"@type\":\"ListItem\",\"position\":2,\"name\":\"Arc de Triomphe\"}]},{\"@type\":\"WebSite\",\"@id\":\"https:\/\/roadtoromania.com\/de\/#website\",\"url\":\"https:\/\/roadtoromania.com\/de\/\",\"name\":\"Road to Romania\",\"description\":\"Der Blog, in dem Sie alle Informationen finden, die Sie brauchen, um Rum\u00e4nien zu genie\u00dfen.\",\"potentialAction\":[{\"@type\":\"SearchAction\",\"target\":{\"@type\":\"EntryPoint\",\"urlTemplate\":\"https:\/\/roadtoromania.com\/de\/?s={search_term_string}\"},\"query-input\":\"required name=search_term_string\"}],\"inLanguage\":\"de\"}]}<\/script>\n<!-- \/ Yoast SEO plugin. -->","yoast_head_json":{"title":"Arc de Triomphe - Road to Romania","robots":{"index":"index","follow":"follow","max-snippet":"max-snippet:-1","max-image-preview":"max-image-preview:large","max-video-preview":"max-video-preview:-1"},"canonical":"https:\/\/roadtoromania.com\/de\/staedte-und-regionen-rumaeniens\/bucharest\/triumphbogen\/","og_locale":"de_DE","og_type":"article","og_title":"Arc de Triomphe - Road to Romania","og_description":"Der Bukarester Triumphbogen (Arcul de Triumf) begr\u00fc\u00dft Sie, wenn Sie auf Ihrer Reise in die rum\u00e4nische Hauptstadt vom Flughafen ins Stadtzentrum kommen. Der Triumphbogen in Bukarest bei Nacht Die \u00c4hnlichkeit mit dem Arc de Triomphe in Paris ist kein Zufall, denn das so genannte &#8220;kleine Paris&#8221; \u00fcbernahm zu Beginn des 20. Jahrhunderts die Stadtplanung, die &hellip; Arc de Triomphe Read More \u00bb","og_url":"https:\/\/roadtoromania.com\/de\/staedte-und-regionen-rumaeniens\/bucharest\/triumphbogen\/","og_site_name":"Road to Romania","article_modified_time":"2022-10-15T22:16:32+00:00","og_image":[{"width":700,"height":326,"url":"https:\/\/roadtoromania.com\/wp-content\/uploads\/2022\/10\/arco_triunfo_bucarest-1.jpg","type":"image\/jpeg"}],"twitter_card":"summary_large_image","twitter_misc":{"Gesch\u00e4tzte Lesezeit":"2\u00a0Minuten"},"schema":{"@context":"https:\/\/schema.org","@graph":[{"@type":"WebPage","@id":"https:\/\/roadtoromania.com\/de\/staedte-und-regionen-rumaeniens\/bucharest\/triumphbogen\/","url":"https:\/\/roadtoromania.com\/de\/staedte-und-regionen-rumaeniens\/bucharest\/triumphbogen\/","name":"Arc de Triomphe - Road to Romania","isPartOf":{"@id":"https:\/\/roadtoromania.com\/de\/#website"},"datePublished":"2022-10-15T18:40:11+00:00","dateModified":"2022-10-15T22:16:32+00:00","breadcrumb":{"@id":"https:\/\/roadtoromania.com\/de\/staedte-und-regionen-rumaeniens\/bucharest\/triumphbogen\/#breadcrumb"},"inLanguage":"de","potentialAction":[{"@type":"ReadAction","target":["https:\/\/roadtoromania.com\/de\/staedte-und-regionen-rumaeniens\/bucharest\/triumphbogen\/"]}]},{"@type":"BreadcrumbList","@id":"https:\/\/roadtoromania.com\/de\/staedte-und-regionen-rumaeniens\/bucharest\/triumphbogen\/#breadcrumb","itemListElement":[{"@type":"ListItem","position":1,"name":"Home","item":"https:\/\/roadtoromania.com\/de\/"},{"@type":"ListItem","position":2,"name":"Arc de Triomphe"}]},{"@type":"WebSite","@id":"https:\/\/roadtoromania.com\/de\/#website","url":"https:\/\/roadtoromania.com\/de\/","name":"Road to Romania","description":"Der Blog, in dem Sie alle Informationen finden, die Sie brauchen, um Rum\u00e4nien zu genie\u00dfen.","potentialAction":[{"@type":"SearchAction","target":{"@type":"EntryPoint","urlTemplate":"https:\/\/roadtoromania.com\/de\/?s={search_term_string}"},"query-input":"required name=search_term_string"}],"inLanguage":"de"}]}},"_links":{"self":[{"href":"https:\/\/roadtoromania.com\/de\/wp-json\/wp\/v2\/pages\/2930","targetHints":{"allow":["GET"]}}],"collection":[{"href":"https:\/\/roadtoromania.com\/de\/wp-json\/wp\/v2\/pages"}],"about":[{"href":"https:\/\/roadtoromania.com\/de\/wp-json\/wp\/v2\/types\/page"}],"author":[{"embeddable":true,"href":"https:\/\/roadtoromania.com\/de\/wp-json\/wp\/v2\/users\/1"}],"replies":[{"embeddable":true,"href":"https:\/\/roadtoromania.com\/de\/wp-json\/wp\/v2\/comments?post=2930"}],"version-history":[{"count":1,"href":"https:\/\/roadtoromania.com\/de\/wp-json\/wp\/v2\/pages\/2930\/revisions"}],"predecessor-version":[{"id":2931,"href":"https:\/\/roadtoromania.com\/de\/wp-json\/wp\/v2\/pages\/2930\/revisions\/2931"}],"up":[{"embeddable":true,"href":"https:\/\/roadtoromania.com\/de\/wp-json\/wp\/v2\/pages\/2928"}],"wp:featuredmedia":[{"embeddable":true,"href":"https:\/\/roadtoromania.com\/de\/wp-json\/wp\/v2\/media\/1142"}],"wp:attachment":[{"href":"https:\/\/roadtoromania.com\/de\/wp-json\/wp\/v2\/media?parent=2930"}],"curies":[{"name":"wp","href":"https:\/\/api.w.org\/{rel}","templated":true}]}}