{"id":2932,"date":"2022-10-15T18:40:11","date_gmt":"2022-10-15T18:40:11","guid":{"rendered":"https:\/\/roadtoromania.com\/altes-quartier-von-kurtea-veche\/"},"modified":"2022-10-16T09:26:29","modified_gmt":"2022-10-16T09:26:29","slug":"altes-quartier-von-kurtea-veche","status":"publish","type":"page","link":"https:\/\/roadtoromania.com\/de\/staedte-und-regionen-rumaeniens\/bucharest\/altes-quartier-von-kurtea-veche\/","title":{"rendered":"Alter Stadtteil von Curtea Veche"},"content":{"rendered":"<p>Das alte <a href=\"https:\/\/roadtoromania.com\/de\/staedte-und-regionen-rumaeniens\/bucharest\/\"> <strong>Bukarester<\/strong><\/a> mittelalterliche Viertel hei\u00dft <strong>Curtea Veche<\/strong> (Alter Hof), denn nach dem Brand von 1718, der das historische Zentrum in Schutt und Asche legte, zog der k\u00f6nigliche Hof nach drau\u00dfen.<\/p>\n<p><img decoding=\"async\" src=\"https:\/\/roadtoromania.com\/wp-content\/uploads\/2022\/10\/curtea_veche_bucarest.jpg\" \/>Ruinen des Palastes Curtea Veche in Bukarest<\/p>\n<p>In der Struktur der engen Gassen des Viertels Curtea Veche konzentrierten sich die Z\u00fcnfte, Gabroveni (die bulgarische Stoffe aus der Stadt Gabrovo brachten), Sepcari (Hutmacher), Covaci (Kunsth\u00e4user), Lipscani (mit importierten Waren aus Lepizig) oder die Selari (Sattler oder Sattler, die das Leder f\u00fcr die S\u00e4ttel der Pferde bearbeiteten).<\/p>\n<p>Einige der aktuellen Geb\u00e4ude im Gebiet von Curtea Veche sind die Nationalbibliothek, die Rum\u00e4nische Nationalbank, das Palastmuseum von Curtea Veche und die Kirche des Alten F\u00fcrstenhofs (die sogenannte Verk\u00fcndigungskirche), das \u00e4lteste Denkmal der alten Stadt), das Gasthaus Hanul Manuc, die Brauerei <strong>Caru cu Bere Restaurant,<\/strong> das Nationale Museum f\u00fcr Geschichte, sowie zahlreiche Kirchen wie die Stavropoleos Kirche.<\/p>\n<p><img decoding=\"async\" src=\"https:\/\/roadtoromania.com\/wp-content\/uploads\/2022\/10\/barrio_curtea_veche.jpg\" \/>Kirche des Alten F\u00fcrstenhofs<\/p>\n<h2><strong>Der K\u00f6nigliche Hof<\/strong><\/h2>\n<p>Historiker gehen davon aus, dass der k\u00f6nigliche Hof von Curtea Veche in Bukarest Ende des 14. und Anfang des 15. Jahrhunderts entstand, als Mircea der \u00c4ltere ihn mit einer befestigten Anlage, die von einem Wassergraben umgeben war, gr\u00fcndete. Vlad Tepes verlegte sp\u00e4ter den K\u00f6nigssitz von <a href=\"https:\/\/roadtoromania.com\/de\/staedte-und-regionen-rumaeniens\/targoviste-tirgoviste\/\"> <strong>T\u00e2rgovi\u0219te<\/strong><\/a><\/p>\n<p>Seit vielen Jahren verlassen, konnte der Wert der erhaltenen \u00dcberreste nur durch arch\u00e4ologische Ausgrabungen gesteigert werden. Im Museum von Curtea Veche k\u00f6nnen wir mehr \u00fcber die Geschichte des mittelalterlichen Hofes erfahren<\/p>\n<p>.<br \/>\nKarte des Viertels Curtea Veche<\/p>\n","protected":false},"excerpt":{"rendered":"<p>Das alte Bukarester mittelalterliche Viertel hei\u00dft Curtea Veche (Alter Hof), denn nach dem Brand von 1718, der das historische Zentrum in Schutt und Asche legte, zog der k\u00f6nigliche Hof nach drau\u00dfen. Ruinen des Palastes Curtea Veche in Bukarest In der Struktur der engen Gassen des Viertels Curtea Veche konzentrierten sich die Z\u00fcnfte, Gabroveni (die bulgarische &hellip;<\/p>\n<p class=\"read-more\"> <a class=\"\" href=\"https:\/\/roadtoromania.com\/de\/staedte-und-regionen-rumaeniens\/bucharest\/altes-quartier-von-kurtea-veche\/\"> <span class=\"screen-reader-text\">Alter Stadtteil von Curtea Veche<\/span> Read More \u00bb<\/a><\/p>\n","protected":false},"author":1,"featured_media":1156,"parent":2928,"menu_order":0,"comment_status":"open","ping_status":"open","template":"","meta":{"site-sidebar-layout":"default","site-content-layout":"default","ast-global-header-display":"","ast-main-header-display":"","ast-hfb-above-header-display":"","ast-hfb-below-header-display":"","ast-hfb-mobile-header-display":"","site-post-title":"","ast-breadcrumbs-content":"","ast-featured-img":"","footer-sml-layout":"","theme-transparent-header-meta":"default","adv-header-id-meta":"","stick-header-meta":"","header-above-stick-meta":"","header-main-stick-meta":"","header-below-stick-meta":"","footnotes":""},"class_list":["post-2932","page","type-page","status-publish","has-post-thumbnail","hentry"],"yoast_head":"<!-- This site is optimized with the Yoast SEO plugin v19.10 - https:\/\/yoast.com\/wordpress\/plugins\/seo\/ -->\n<title>Alter Stadtteil von Curtea Veche - Road to Romania<\/title>\n<meta name=\"robots\" content=\"index, follow, max-snippet:-1, max-image-preview:large, max-video-preview:-1\" \/>\n<link rel=\"canonical\" href=\"https:\/\/roadtoromania.com\/de\/staedte-und-regionen-rumaeniens\/bucharest\/altes-quartier-von-kurtea-veche\/\" \/>\n<meta property=\"og:locale\" content=\"de_DE\" \/>\n<meta property=\"og:type\" content=\"article\" \/>\n<meta property=\"og:title\" content=\"Alter Stadtteil von Curtea Veche - Road to Romania\" \/>\n<meta property=\"og:description\" content=\"Das alte Bukarester mittelalterliche Viertel hei\u00dft Curtea Veche (Alter Hof), denn nach dem Brand von 1718, der das historische Zentrum in Schutt und Asche legte, zog der k\u00f6nigliche Hof nach drau\u00dfen. Ruinen des Palastes Curtea Veche in Bukarest In der Struktur der engen Gassen des Viertels Curtea Veche konzentrierten sich die Z\u00fcnfte, Gabroveni (die bulgarische &hellip; Alter Stadtteil von Curtea Veche Read More \u00bb\" \/>\n<meta property=\"og:url\" content=\"https:\/\/roadtoromania.com\/de\/staedte-und-regionen-rumaeniens\/bucharest\/altes-quartier-von-kurtea-veche\/\" \/>\n<meta property=\"og:site_name\" content=\"Road to Romania\" \/>\n<meta property=\"article:modified_time\" content=\"2022-10-16T09:26:29+00:00\" \/>\n<meta property=\"og:image\" content=\"https:\/\/roadtoromania.com\/wp-content\/uploads\/2022\/10\/curtea_veche_bucarest-1.jpg\" \/>\n\t<meta property=\"og:image:width\" content=\"750\" \/>\n\t<meta property=\"og:image:height\" content=\"655\" \/>\n\t<meta property=\"og:image:type\" content=\"image\/jpeg\" \/>\n<meta name=\"twitter:card\" content=\"summary_large_image\" \/>\n<meta name=\"twitter:label1\" content=\"Gesch\u00e4tzte Lesezeit\" \/>\n\t<meta name=\"twitter:data1\" content=\"2\u00a0Minuten\" \/>\n<script type=\"application\/ld+json\" class=\"yoast-schema-graph\">{\"@context\":\"https:\/\/schema.org\",\"@graph\":[{\"@type\":\"WebPage\",\"@id\":\"https:\/\/roadtoromania.com\/de\/staedte-und-regionen-rumaeniens\/bucharest\/altes-quartier-von-kurtea-veche\/\",\"url\":\"https:\/\/roadtoromania.com\/de\/staedte-und-regionen-rumaeniens\/bucharest\/altes-quartier-von-kurtea-veche\/\",\"name\":\"Alter Stadtteil von Curtea Veche - Road to Romania\",\"isPartOf\":{\"@id\":\"https:\/\/roadtoromania.com\/de\/#website\"},\"datePublished\":\"2022-10-15T18:40:11+00:00\",\"dateModified\":\"2022-10-16T09:26:29+00:00\",\"breadcrumb\":{\"@id\":\"https:\/\/roadtoromania.com\/de\/staedte-und-regionen-rumaeniens\/bucharest\/altes-quartier-von-kurtea-veche\/#breadcrumb\"},\"inLanguage\":\"de\",\"potentialAction\":[{\"@type\":\"ReadAction\",\"target\":[\"https:\/\/roadtoromania.com\/de\/staedte-und-regionen-rumaeniens\/bucharest\/altes-quartier-von-kurtea-veche\/\"]}]},{\"@type\":\"BreadcrumbList\",\"@id\":\"https:\/\/roadtoromania.com\/de\/staedte-und-regionen-rumaeniens\/bucharest\/altes-quartier-von-kurtea-veche\/#breadcrumb\",\"itemListElement\":[{\"@type\":\"ListItem\",\"position\":1,\"name\":\"Home\",\"item\":\"https:\/\/roadtoromania.com\/de\/\"},{\"@type\":\"ListItem\",\"position\":2,\"name\":\"St\u00e4dte und Regionen in Rum\u00e4nien\",\"item\":\"https:\/\/roadtoromania.com\/de\/staedte-und-regionen-rumaeniens\/\"},{\"@type\":\"ListItem\",\"position\":3,\"name\":\"Bukarest\",\"item\":\"https:\/\/roadtoromania.com\/de\/staedte-und-regionen-rumaeniens\/bucharest\/\"},{\"@type\":\"ListItem\",\"position\":4,\"name\":\"Alter Stadtteil von Curtea Veche\"}]},{\"@type\":\"WebSite\",\"@id\":\"https:\/\/roadtoromania.com\/de\/#website\",\"url\":\"https:\/\/roadtoromania.com\/de\/\",\"name\":\"Road to Romania\",\"description\":\"Der Blog, in dem Sie alle Informationen finden, die Sie brauchen, um Rum\u00e4nien zu genie\u00dfen.\",\"potentialAction\":[{\"@type\":\"SearchAction\",\"target\":{\"@type\":\"EntryPoint\",\"urlTemplate\":\"https:\/\/roadtoromania.com\/de\/?s={search_term_string}\"},\"query-input\":\"required name=search_term_string\"}],\"inLanguage\":\"de\"}]}<\/script>\n<!-- \/ Yoast SEO plugin. -->","yoast_head_json":{"title":"Alter Stadtteil von Curtea Veche - Road to Romania","robots":{"index":"index","follow":"follow","max-snippet":"max-snippet:-1","max-image-preview":"max-image-preview:large","max-video-preview":"max-video-preview:-1"},"canonical":"https:\/\/roadtoromania.com\/de\/staedte-und-regionen-rumaeniens\/bucharest\/altes-quartier-von-kurtea-veche\/","og_locale":"de_DE","og_type":"article","og_title":"Alter Stadtteil von Curtea Veche - Road to Romania","og_description":"Das alte Bukarester mittelalterliche Viertel hei\u00dft Curtea Veche (Alter Hof), denn nach dem Brand von 1718, der das historische Zentrum in Schutt und Asche legte, zog der k\u00f6nigliche Hof nach drau\u00dfen. Ruinen des Palastes Curtea Veche in Bukarest In der Struktur der engen Gassen des Viertels Curtea Veche konzentrierten sich die Z\u00fcnfte, Gabroveni (die bulgarische &hellip; Alter Stadtteil von Curtea Veche Read More \u00bb","og_url":"https:\/\/roadtoromania.com\/de\/staedte-und-regionen-rumaeniens\/bucharest\/altes-quartier-von-kurtea-veche\/","og_site_name":"Road to Romania","article_modified_time":"2022-10-16T09:26:29+00:00","og_image":[{"width":750,"height":655,"url":"https:\/\/roadtoromania.com\/wp-content\/uploads\/2022\/10\/curtea_veche_bucarest-1.jpg","type":"image\/jpeg"}],"twitter_card":"summary_large_image","twitter_misc":{"Gesch\u00e4tzte Lesezeit":"2\u00a0Minuten"},"schema":{"@context":"https:\/\/schema.org","@graph":[{"@type":"WebPage","@id":"https:\/\/roadtoromania.com\/de\/staedte-und-regionen-rumaeniens\/bucharest\/altes-quartier-von-kurtea-veche\/","url":"https:\/\/roadtoromania.com\/de\/staedte-und-regionen-rumaeniens\/bucharest\/altes-quartier-von-kurtea-veche\/","name":"Alter Stadtteil von Curtea Veche - Road to Romania","isPartOf":{"@id":"https:\/\/roadtoromania.com\/de\/#website"},"datePublished":"2022-10-15T18:40:11+00:00","dateModified":"2022-10-16T09:26:29+00:00","breadcrumb":{"@id":"https:\/\/roadtoromania.com\/de\/staedte-und-regionen-rumaeniens\/bucharest\/altes-quartier-von-kurtea-veche\/#breadcrumb"},"inLanguage":"de","potentialAction":[{"@type":"ReadAction","target":["https:\/\/roadtoromania.com\/de\/staedte-und-regionen-rumaeniens\/bucharest\/altes-quartier-von-kurtea-veche\/"]}]},{"@type":"BreadcrumbList","@id":"https:\/\/roadtoromania.com\/de\/staedte-und-regionen-rumaeniens\/bucharest\/altes-quartier-von-kurtea-veche\/#breadcrumb","itemListElement":[{"@type":"ListItem","position":1,"name":"Home","item":"https:\/\/roadtoromania.com\/de\/"},{"@type":"ListItem","position":2,"name":"St\u00e4dte und Regionen in Rum\u00e4nien","item":"https:\/\/roadtoromania.com\/de\/staedte-und-regionen-rumaeniens\/"},{"@type":"ListItem","position":3,"name":"Bukarest","item":"https:\/\/roadtoromania.com\/de\/staedte-und-regionen-rumaeniens\/bucharest\/"},{"@type":"ListItem","position":4,"name":"Alter Stadtteil von Curtea Veche"}]},{"@type":"WebSite","@id":"https:\/\/roadtoromania.com\/de\/#website","url":"https:\/\/roadtoromania.com\/de\/","name":"Road to Romania","description":"Der Blog, in dem Sie alle Informationen finden, die Sie brauchen, um Rum\u00e4nien zu genie\u00dfen.","potentialAction":[{"@type":"SearchAction","target":{"@type":"EntryPoint","urlTemplate":"https:\/\/roadtoromania.com\/de\/?s={search_term_string}"},"query-input":"required name=search_term_string"}],"inLanguage":"de"}]}},"_links":{"self":[{"href":"https:\/\/roadtoromania.com\/de\/wp-json\/wp\/v2\/pages\/2932","targetHints":{"allow":["GET"]}}],"collection":[{"href":"https:\/\/roadtoromania.com\/de\/wp-json\/wp\/v2\/pages"}],"about":[{"href":"https:\/\/roadtoromania.com\/de\/wp-json\/wp\/v2\/types\/page"}],"author":[{"embeddable":true,"href":"https:\/\/roadtoromania.com\/de\/wp-json\/wp\/v2\/users\/1"}],"replies":[{"embeddable":true,"href":"https:\/\/roadtoromania.com\/de\/wp-json\/wp\/v2\/comments?post=2932"}],"version-history":[{"count":2,"href":"https:\/\/roadtoromania.com\/de\/wp-json\/wp\/v2\/pages\/2932\/revisions"}],"predecessor-version":[{"id":3111,"href":"https:\/\/roadtoromania.com\/de\/wp-json\/wp\/v2\/pages\/2932\/revisions\/3111"}],"up":[{"embeddable":true,"href":"https:\/\/roadtoromania.com\/de\/wp-json\/wp\/v2\/pages\/2928"}],"wp:featuredmedia":[{"embeddable":true,"href":"https:\/\/roadtoromania.com\/de\/wp-json\/wp\/v2\/media\/1156"}],"wp:attachment":[{"href":"https:\/\/roadtoromania.com\/de\/wp-json\/wp\/v2\/media?parent=2932"}],"curies":[{"name":"wp","href":"https:\/\/api.w.org\/{rel}","templated":true}]}}