{"id":2936,"date":"2022-10-15T18:40:11","date_gmt":"2022-10-15T18:40:11","guid":{"rendered":"https:\/\/roadtoromania.com\/la-plaza-de-la-revolucion\/"},"modified":"2022-10-16T08:51:09","modified_gmt":"2022-10-16T08:51:09","slug":"platz-der-revolution","status":"publish","type":"page","link":"https:\/\/roadtoromania.com\/de\/staedte-und-regionen-rumaeniens\/bucharest\/platz-der-revolution\/","title":{"rendered":"Platz der Revolution in Bukarest"},"content":{"rendered":"<p>Der <strong>Revolutionsplatz<\/strong> in <strong><a href=\"https:\/\/roadtoromania.com\/de\/staedte-und-regionen-rumaeniens\/bucharest\/\">Bukarest<\/a> <\/strong> ist viel mehr als ein sch\u00f6ner Platz unter freiem Himmel in Bukarest. Im Dezember 1989 fand das Regime von <strong>Diktator Ceau\u0219escu<\/strong> ein j\u00e4hes Ende, nachdem bei Protesten in der Stadt <a href=\"https:\/\/roadtoromania.com\/de\/staedte-und-regionen-rumaeniens\/timisoara\/\"> <strong>Timisoara<\/strong><\/a> ein Massaker an der Zivilbev\u00f6lkerung ver\u00fcbt worden war.<\/p>\n<p>Nach vielen Jahren der Entbehrung, in denen das Volk unter wirtschaftlicher Not und Zensur litt, und angesichts der Verschwendung und Verschwendungssucht von Ceau\u0219escus pharaonischen Bauwerken wie dem Parlamentspalast, befreite sich Rum\u00e4nien von seinen Fesseln und nahm die Demokratie an.<\/p>\n<p><img decoding=\"async\" src=\"https:\/\/roadtoromania.com\/wp-content\/uploads\/2022\/10\/palacio_presidencial_bucarest.jpg\" \/>Ceacescus Pr\u00e4sidentenpalast vom Revolutionsplatz aus<\/p>\n<h2>Geschichte des Platzes der Revolution<\/h2>\n<p>Die Ereignisse, die zum Sturz Ceau\u0219escus f\u00fchrten, \u00fcberst\u00fcrzten sich am 21. Dezember w\u00e4hrend einer Rede des F\u00fchrers vom Balkon des Pr\u00e4sidentenpalastes.\u00a0An diesem Tag verlie\u00dfen der Diktator und seine Frau, die aufgrund ihrer politischen Ambitionen als Verantwortliche f\u00fcr die H\u00e4rte des Regimes angesehen wurde, den Pr\u00e4sidentenpalast mit einem Hubschrauber, w\u00e4hrend unter ihnen die Proteste tobten und sie versuchten, das Geb\u00e4ude zu st\u00fcrmen. Auf ihrer Flucht aus Rum\u00e4nien wurden sie innerhalb weniger Stunden gefasst und in den folgenden Tagen in der Stadt <a href=\"https:\/\/roadtoromania.com\/de\/staedte-und-regionen-rumaeniens\/targoviste-tirgoviste\/\"> <strong>Targoviste<\/strong><\/a> abgeurteilt und hingerichtet.<\/p>\n<p>Der Platz vor dem Pr\u00e4sidentenpalast, auf dem das rum\u00e4nische Volk so oft Ceau\u0219escus Reden entweder mit Inbrunst oder Unterwerfung verfolgt hatte, wurde in Platz der Revolution umbenannt<\/p>\n<p>.<\/p>\n<p>Um den Platz herum befinden sich das bereits erw\u00e4hnte Geb\u00e4ude des ehemaligen Pr\u00e4sidentenpalastes &#8211; heute Sitz des Senats und mehrerer Ministerien -, die Bibliothek der Universit\u00e4t Bukarest, die Kretzulescu-Kirche, das Rum\u00e4nische Kunstmuseum, das luxuri\u00f6se Ath\u00e9n\u00e9e Palace Hotel oder das Renaissance-Denkmal in der Mitte des Platzes. Und nicht weit entfernt das <a href=\"https:\/\/roadtoromania.com\/de\/staedte-und-regionen-rumaeniens\/bucharest\/athenaeum-rumaenisch\/\"> <strong>Rum\u00e4nische Athen\u00e4um<\/strong><\/a> .<\/p>\n<p>Die <strong>Gedenkst\u00e4tte<\/strong> ist ein riesiger Obelisk, der an die Toten der letzten Tage der Diktatur erinnert, mit den Namen der Opfer, die durch Scharfsch\u00fctzen und die Securitate, den finsteren Polizeiarm von Ceausescu, dem selbsternannten &#8220;F\u00fchrer&#8221; Rum\u00e4niens, ums Leben kamen.<\/p>\n<p><img decoding=\"async\" src=\"https:\/\/roadtoromania.com\/wp-content\/uploads\/2022\/10\/memorial_plaza_revolucion_bucarest.jpg\" \/>Gedenkst\u00e4tte f\u00fcr die Opfer der Revolution Platz<\/p>\n<p>Was man auf der Plaza de la Revoluci\u00f3n sehen kann<\/p>\n<p>Das Herzst\u00fcck des Platzes ist das gro\u00dfe Denkmal der rum\u00e4nischen Armee, das an die Hunderttausende von Soldaten erinnert, die im Ersten und Zweiten Weltkrieg sowie w\u00e4hrend der rum\u00e4nischen Revolution von 1989 gefallen sind. Das Denkmal wird von zwei steinernen L\u00f6wen bewacht, die denen an den Eingangstoren des nahe gelegenen Parlamentspalastes nachempfunden sind. Der Platz ist von mehreren bedeutenden Geb\u00e4uden umgeben, darunter das Nationale Kunstmuseum, das Milit\u00e4rmuseum und das Rum\u00e4nische Athen\u00e4um (eine kulturelle Einrichtung nach dem Vorbild der British Library). Der Platz beherbergt auch einen kleinen Park, in dem man im Schatten der B\u00e4ume sitzen und sich entspannen kann<\/p>\n<p>.<\/p>\n<h2>Wie man zum Platz der Revolution in Bukarest kommt<\/h2>\n<p>Mit der U-Bahn: Die dem Platz am n\u00e4chsten gelegene U-Bahn-Station ist &#8220;Piata Romana&#8221;. Mit der Stra\u00dfenbahn: Die n\u00e4chstgelegene Stra\u00dfenbahnhaltestelle ist &#8220;Piata Romana&#8221;. Mit dem Bus: Der n\u00e4chstgelegene Busbahnhof ist &#8220;Piata Romana&#8221;<\/p>\n<p>.<br \/>\nKarte des Revolutionsplatzes<\/p>\n","protected":false},"excerpt":{"rendered":"<p>Der Revolutionsplatz in Bukarest ist viel mehr als ein sch\u00f6ner Platz unter freiem Himmel in Bukarest. Im Dezember 1989 fand das Regime von Diktator Ceau\u0219escu ein j\u00e4hes Ende, nachdem bei Protesten in der Stadt Timisoara ein Massaker an der Zivilbev\u00f6lkerung ver\u00fcbt worden war. Nach vielen Jahren der Entbehrung, in denen das Volk unter wirtschaftlicher Not &hellip;<\/p>\n<p class=\"read-more\"> <a class=\"\" href=\"https:\/\/roadtoromania.com\/de\/staedte-und-regionen-rumaeniens\/bucharest\/platz-der-revolution\/\"> <span class=\"screen-reader-text\">Platz der Revolution in Bukarest<\/span> Read More \u00bb<\/a><\/p>\n","protected":false},"author":1,"featured_media":1184,"parent":2928,"menu_order":0,"comment_status":"open","ping_status":"open","template":"","meta":{"site-sidebar-layout":"default","site-content-layout":"default","ast-global-header-display":"","ast-main-header-display":"","ast-hfb-above-header-display":"","ast-hfb-below-header-display":"","ast-hfb-mobile-header-display":"","site-post-title":"","ast-breadcrumbs-content":"","ast-featured-img":"","footer-sml-layout":"","theme-transparent-header-meta":"","adv-header-id-meta":"","stick-header-meta":"","header-above-stick-meta":"","header-main-stick-meta":"","header-below-stick-meta":"","footnotes":""},"class_list":["post-2936","page","type-page","status-publish","has-post-thumbnail","hentry"],"yoast_head":"<!-- This site is optimized with the Yoast SEO plugin v19.10 - https:\/\/yoast.com\/wordpress\/plugins\/seo\/ -->\n<title>Platz der Revolution in Bukarest - Road to Romania<\/title>\n<meta name=\"robots\" content=\"index, follow, max-snippet:-1, max-image-preview:large, max-video-preview:-1\" \/>\n<link rel=\"canonical\" href=\"https:\/\/roadtoromania.com\/de\/staedte-und-regionen-rumaeniens\/bucharest\/platz-der-revolution\/\" \/>\n<meta property=\"og:locale\" content=\"de_DE\" \/>\n<meta property=\"og:type\" content=\"article\" \/>\n<meta property=\"og:title\" content=\"Platz der Revolution in Bukarest - Road to Romania\" \/>\n<meta property=\"og:description\" content=\"Der Revolutionsplatz in Bukarest ist viel mehr als ein sch\u00f6ner Platz unter freiem Himmel in Bukarest. Im Dezember 1989 fand das Regime von Diktator Ceau\u0219escu ein j\u00e4hes Ende, nachdem bei Protesten in der Stadt Timisoara ein Massaker an der Zivilbev\u00f6lkerung ver\u00fcbt worden war. Nach vielen Jahren der Entbehrung, in denen das Volk unter wirtschaftlicher Not &hellip; Platz der Revolution in Bukarest Read More \u00bb\" \/>\n<meta property=\"og:url\" content=\"https:\/\/roadtoromania.com\/de\/staedte-und-regionen-rumaeniens\/bucharest\/platz-der-revolution\/\" \/>\n<meta property=\"og:site_name\" content=\"Road to Romania\" \/>\n<meta property=\"article:modified_time\" content=\"2022-10-16T08:51:09+00:00\" \/>\n<meta property=\"og:image\" content=\"https:\/\/roadtoromania.com\/wp-content\/uploads\/2022\/10\/palacio_presidencial_bucarest-1.jpg\" \/>\n\t<meta property=\"og:image:width\" content=\"700\" \/>\n\t<meta property=\"og:image:height\" content=\"508\" \/>\n\t<meta property=\"og:image:type\" content=\"image\/jpeg\" \/>\n<meta name=\"twitter:card\" content=\"summary_large_image\" \/>\n<meta name=\"twitter:label1\" content=\"Gesch\u00e4tzte Lesezeit\" \/>\n\t<meta name=\"twitter:data1\" content=\"3\u00a0Minuten\" \/>\n<script type=\"application\/ld+json\" class=\"yoast-schema-graph\">{\"@context\":\"https:\/\/schema.org\",\"@graph\":[{\"@type\":\"WebPage\",\"@id\":\"https:\/\/roadtoromania.com\/de\/staedte-und-regionen-rumaeniens\/bucharest\/platz-der-revolution\/\",\"url\":\"https:\/\/roadtoromania.com\/de\/staedte-und-regionen-rumaeniens\/bucharest\/platz-der-revolution\/\",\"name\":\"Platz der Revolution in Bukarest - Road to Romania\",\"isPartOf\":{\"@id\":\"https:\/\/roadtoromania.com\/de\/#website\"},\"datePublished\":\"2022-10-15T18:40:11+00:00\",\"dateModified\":\"2022-10-16T08:51:09+00:00\",\"breadcrumb\":{\"@id\":\"https:\/\/roadtoromania.com\/de\/staedte-und-regionen-rumaeniens\/bucharest\/platz-der-revolution\/#breadcrumb\"},\"inLanguage\":\"de\",\"potentialAction\":[{\"@type\":\"ReadAction\",\"target\":[\"https:\/\/roadtoromania.com\/de\/staedte-und-regionen-rumaeniens\/bucharest\/platz-der-revolution\/\"]}]},{\"@type\":\"BreadcrumbList\",\"@id\":\"https:\/\/roadtoromania.com\/de\/staedte-und-regionen-rumaeniens\/bucharest\/platz-der-revolution\/#breadcrumb\",\"itemListElement\":[{\"@type\":\"ListItem\",\"position\":1,\"name\":\"Home\",\"item\":\"https:\/\/roadtoromania.com\/de\/\"},{\"@type\":\"ListItem\",\"position\":2,\"name\":\"St\u00e4dte und Regionen in Rum\u00e4nien\",\"item\":\"https:\/\/roadtoromania.com\/de\/staedte-und-regionen-rumaeniens\/\"},{\"@type\":\"ListItem\",\"position\":3,\"name\":\"Bukarest\",\"item\":\"https:\/\/roadtoromania.com\/de\/staedte-und-regionen-rumaeniens\/bucharest\/\"},{\"@type\":\"ListItem\",\"position\":4,\"name\":\"Platz der Revolution in Bukarest\"}]},{\"@type\":\"WebSite\",\"@id\":\"https:\/\/roadtoromania.com\/de\/#website\",\"url\":\"https:\/\/roadtoromania.com\/de\/\",\"name\":\"Road to Romania\",\"description\":\"Der Blog, in dem Sie alle Informationen finden, die Sie brauchen, um Rum\u00e4nien zu genie\u00dfen.\",\"potentialAction\":[{\"@type\":\"SearchAction\",\"target\":{\"@type\":\"EntryPoint\",\"urlTemplate\":\"https:\/\/roadtoromania.com\/de\/?s={search_term_string}\"},\"query-input\":\"required name=search_term_string\"}],\"inLanguage\":\"de\"}]}<\/script>\n<!-- \/ Yoast SEO plugin. -->","yoast_head_json":{"title":"Platz der Revolution in Bukarest - Road to Romania","robots":{"index":"index","follow":"follow","max-snippet":"max-snippet:-1","max-image-preview":"max-image-preview:large","max-video-preview":"max-video-preview:-1"},"canonical":"https:\/\/roadtoromania.com\/de\/staedte-und-regionen-rumaeniens\/bucharest\/platz-der-revolution\/","og_locale":"de_DE","og_type":"article","og_title":"Platz der Revolution in Bukarest - Road to Romania","og_description":"Der Revolutionsplatz in Bukarest ist viel mehr als ein sch\u00f6ner Platz unter freiem Himmel in Bukarest. Im Dezember 1989 fand das Regime von Diktator Ceau\u0219escu ein j\u00e4hes Ende, nachdem bei Protesten in der Stadt Timisoara ein Massaker an der Zivilbev\u00f6lkerung ver\u00fcbt worden war. Nach vielen Jahren der Entbehrung, in denen das Volk unter wirtschaftlicher Not &hellip; Platz der Revolution in Bukarest Read More \u00bb","og_url":"https:\/\/roadtoromania.com\/de\/staedte-und-regionen-rumaeniens\/bucharest\/platz-der-revolution\/","og_site_name":"Road to Romania","article_modified_time":"2022-10-16T08:51:09+00:00","og_image":[{"width":700,"height":508,"url":"https:\/\/roadtoromania.com\/wp-content\/uploads\/2022\/10\/palacio_presidencial_bucarest-1.jpg","type":"image\/jpeg"}],"twitter_card":"summary_large_image","twitter_misc":{"Gesch\u00e4tzte Lesezeit":"3\u00a0Minuten"},"schema":{"@context":"https:\/\/schema.org","@graph":[{"@type":"WebPage","@id":"https:\/\/roadtoromania.com\/de\/staedte-und-regionen-rumaeniens\/bucharest\/platz-der-revolution\/","url":"https:\/\/roadtoromania.com\/de\/staedte-und-regionen-rumaeniens\/bucharest\/platz-der-revolution\/","name":"Platz der Revolution in Bukarest - Road to Romania","isPartOf":{"@id":"https:\/\/roadtoromania.com\/de\/#website"},"datePublished":"2022-10-15T18:40:11+00:00","dateModified":"2022-10-16T08:51:09+00:00","breadcrumb":{"@id":"https:\/\/roadtoromania.com\/de\/staedte-und-regionen-rumaeniens\/bucharest\/platz-der-revolution\/#breadcrumb"},"inLanguage":"de","potentialAction":[{"@type":"ReadAction","target":["https:\/\/roadtoromania.com\/de\/staedte-und-regionen-rumaeniens\/bucharest\/platz-der-revolution\/"]}]},{"@type":"BreadcrumbList","@id":"https:\/\/roadtoromania.com\/de\/staedte-und-regionen-rumaeniens\/bucharest\/platz-der-revolution\/#breadcrumb","itemListElement":[{"@type":"ListItem","position":1,"name":"Home","item":"https:\/\/roadtoromania.com\/de\/"},{"@type":"ListItem","position":2,"name":"St\u00e4dte und Regionen in Rum\u00e4nien","item":"https:\/\/roadtoromania.com\/de\/staedte-und-regionen-rumaeniens\/"},{"@type":"ListItem","position":3,"name":"Bukarest","item":"https:\/\/roadtoromania.com\/de\/staedte-und-regionen-rumaeniens\/bucharest\/"},{"@type":"ListItem","position":4,"name":"Platz der Revolution in Bukarest"}]},{"@type":"WebSite","@id":"https:\/\/roadtoromania.com\/de\/#website","url":"https:\/\/roadtoromania.com\/de\/","name":"Road to Romania","description":"Der Blog, in dem Sie alle Informationen finden, die Sie brauchen, um Rum\u00e4nien zu genie\u00dfen.","potentialAction":[{"@type":"SearchAction","target":{"@type":"EntryPoint","urlTemplate":"https:\/\/roadtoromania.com\/de\/?s={search_term_string}"},"query-input":"required name=search_term_string"}],"inLanguage":"de"}]}},"_links":{"self":[{"href":"https:\/\/roadtoromania.com\/de\/wp-json\/wp\/v2\/pages\/2936","targetHints":{"allow":["GET"]}}],"collection":[{"href":"https:\/\/roadtoromania.com\/de\/wp-json\/wp\/v2\/pages"}],"about":[{"href":"https:\/\/roadtoromania.com\/de\/wp-json\/wp\/v2\/types\/page"}],"author":[{"embeddable":true,"href":"https:\/\/roadtoromania.com\/de\/wp-json\/wp\/v2\/users\/1"}],"replies":[{"embeddable":true,"href":"https:\/\/roadtoromania.com\/de\/wp-json\/wp\/v2\/comments?post=2936"}],"version-history":[{"count":2,"href":"https:\/\/roadtoromania.com\/de\/wp-json\/wp\/v2\/pages\/2936\/revisions"}],"predecessor-version":[{"id":3107,"href":"https:\/\/roadtoromania.com\/de\/wp-json\/wp\/v2\/pages\/2936\/revisions\/3107"}],"up":[{"embeddable":true,"href":"https:\/\/roadtoromania.com\/de\/wp-json\/wp\/v2\/pages\/2928"}],"wp:featuredmedia":[{"embeddable":true,"href":"https:\/\/roadtoromania.com\/de\/wp-json\/wp\/v2\/media\/1184"}],"wp:attachment":[{"href":"https:\/\/roadtoromania.com\/de\/wp-json\/wp\/v2\/media?parent=2936"}],"curies":[{"name":"wp","href":"https:\/\/api.w.org\/{rel}","templated":true}]}}