{"id":2941,"date":"2022-10-15T18:40:11","date_gmt":"2022-10-15T18:40:11","guid":{"rendered":"https:\/\/roadtoromania.com\/staedte-und-regionen-rumaeniens\/cluj-napoca\/"},"modified":"2022-10-16T12:37:47","modified_gmt":"2022-10-16T12:37:47","slug":"cluj-napoca","status":"publish","type":"page","link":"https:\/\/roadtoromania.com\/de\/staedte-und-regionen-rumaeniens\/cluj-napoca\/","title":{"rendered":"Cluj &#8211; Napoca"},"content":{"rendered":"<p><strong>Cluj<\/strong> ist nach <strong><a href=\"https:\/\/roadtoromania.com\/de\/staedte-und-regionen-rumaeniens\/bucharest\/\">Bukarest<\/a> <\/strong> und <strong><a href=\"https:\/\/roadtoromania.com\/de\/staedte-und-regionen-rumaeniens\/iasi\/\">Iasi<\/a> <\/strong> die drittgr\u00f6\u00dfte Stadt Rum\u00e4niens mit mehr als 300 Tausend Einwohnern. Sie liegt im Nordwesten des Landes und ist die ehemalige <strong>Hauptstadt Siebenb\u00fcrgens<\/strong> , das kulturelle und industrielle Zentrum des gesamten westlichen Teils des Landes.<\/p>\n<p><a href=\"https:\/\/roadtoromania.com\/wp-content\/uploads\/2022\/10\/rumania-cluj-napoca.jpg\"><img decoding=\"async\" src=\"https:\/\/roadtoromania.com\/wp-content\/uploads\/2022\/10\/rumania-cluj-napoca.jpg\" \/><\/a> Das Bild zeigt die Kathedrale, die sch\u00f6ne Altstadt und auch die weniger sch\u00f6nen Geb\u00e4ude aus der Sowjetzeit. Foto von Gyorgy Fekete<\/p>\n<p>Der Balkan war eine Region mit gemischten Bev\u00f6lkerungen und V\u00f6lkern. Und trotz Kriegen, Grenzver\u00e4nderungen und Bev\u00f6lkerungsverschiebungen spiegelt Rum\u00e4nien &#8211; und der Rest des Balkans &#8211; wie letztlich \u00fcberall auf der Welt diese Vielfalt wider. In einer Zeit, in der die Gefahren des Nationalismus wieder zur Realit\u00e4t werden, sollte uns der Anblick der Stadt Cluj, in der neben Rum\u00e4nisch auch noch Ungarisch und Deutsch gesprochen wird, zum Nachdenken \u00fcber die Zukunft anregen, die wir brauchen. Diese Zukunft muss alle Menschen einschlie\u00dfen, und alle Menschen m\u00fcssen die gleichen Rechte und Pflichten haben, wobei die Unterschiede und Freiheiten des Einzelnen zu respektieren sind, aber auch ein gemeinsamer Bestand an Gesetzen und Institutionen bestehen muss, zumindest auf europ\u00e4ischer Ebene. Die Gefahren und Herausforderungen der Globalisierung, der Finanzkrisen, der Migration oder der Fremdenfeindlichkeit k\u00f6nnen nur gemeinsam bew\u00e4ltigt werden. So wie wir ein Europ\u00e4isches Parlament und eine Europ\u00e4ische Zentralbank brauchen, m\u00fcssen wir \u00fcber partielle Identit\u00e4ten hinausgehen und uns der Welt gegen\u00fcber \u00f6ffnen. Cluj, mit seiner r\u00f6mischen und dakischen Vergangenheit und seiner rum\u00e4nischen &#8211; nat\u00fcrlich &#8211; aber auch ungarischen, slawischen, germanischen und zingarischen Gegenwart, seiner internationalen Ausstrahlung dank seiner Universit\u00e4ten und seinem gemischten und offenen Geist kann ein Beispiel f\u00fcr den ganzen Kontinent sein.<\/p>\n<p>Geschichte von Cluj &#8211; Napoca<\/p>\n<p>Cluj Napoca (Klausenburg) ist seit jeher von mehreren V\u00f6lkern besiedelt worden. Griechische Hinweise auf die Region beziehen sich auf das Volk der Getas. Doch erst mit der r\u00f6mischen Eroberung zwischen 101 und 106 taucht die Region wieder h\u00e4ufiger in den Chroniken auf. Die Daker, wie die R\u00f6mer die Getas nannten, wurden von Trajan besiegt. Dieser Kaiser besetzte Dakien, und zusammen mit Hadrian machte er Napoca zur Provinzhauptstadt, allerdings immer unter dem Banner der Hauptstadt Dakiens, Sarmizegetusa. Mit dem Ende der Dakerkriege erreichte das R\u00f6mische Reich seine gr\u00f6\u00dfte Ausdehnung, auch wenn diese Bl\u00fctezeit nur von kurzer Dauer war. Im Jahr 276 wurde die Stadt von den R\u00f6mern ger\u00e4umt und die Belagerung f\u00fcr fast eintausend Jahre eingestellt<\/p>\n<p>.<\/p>\n<p>Um das 10. Jahrhundert <strong><a href=\"https:\/\/roadtoromania.com\/de\/staedte-und-regionen-rumaeniens\/transsilvanien\/\">wurde Siebenb\u00fcrgen<\/a> <\/strong> vom K\u00f6nigreich Ungarn <strong>besetzt, das das Bev\u00f6lkerungszentrum ausbaute und Cluj ab dem Sp\u00e4tmittelalter zu einem bl\u00fchenden Zentrum machte. Die offizielle Neugr\u00fcndung von Cluj geht auf das Jahr 1275 zur\u00fcck. Die Grenze \u00e4nderte sich mit dem Wechsel des Herzogtums, des K\u00f6nigreichs, mit den t\u00fcrkischen oder \u00f6sterreichischen Invasionen. Im Jahr 1699 wurde Cluj von der \u00f6sterreichisch-ungarischen Monarchie besetzt. Zwischen germanischem, ungarischem und rum\u00e4nischem Einfluss geteilt, verbrachte Cluj das 19. Jahrhundert und die ersten Jahre des 20. Nach dem Ende der \u00f6sterreichisch-ungarischen Monarchie wurden die habsburgischen Gebiete aufgeteilt und Siebenb\u00fcrgen 1918 in Rum\u00e4nien <strong>eingegliedert<\/strong> .<\/strong><\/p>\n<p>Der Name Napoca wurde Cluj vom Diktator Ceaucescu hinzugef\u00fcgt, der den dakisch-rum\u00e4nischen Charakter einer vielf\u00e4ltigen Stadt wie Cluj verst\u00e4rken wollte.<\/p>\n<p><img decoding=\"async\" src=\"https:\/\/roadtoromania.com\/wp-content\/uploads\/2022\/10\/monumentos-cluj-rumania.jpg\" \/><img decoding=\"async\" src=\"data:image\/gif;base64,R0lGODdhAQABAPAAAMPDwwAAACwAAAAAAQABAAACAkQBADs=\" \/> Das Flussgebiet ist sehr lebendig. Foto von Maerean M.<\/p>\n<div id=\"toc_container\" class=\"no_bullets\"><p class=\"toc_title\">Contents<\/p><ul class=\"toc_list\"><li><a href=\"#Wie_man_nach_Cluj_kommt\"><span class=\"toc_number toc_depth_1\">1<\/span> Wie man nach Cluj kommt.<\/a><ul><li><a href=\"#Mit_dem_Flugzeug\"><span class=\"toc_number toc_depth_2\">1.1<\/span> Mit dem Flugzeug.<\/a><\/li><\/ul><\/li><li><a href=\"#Sehenswertes_in_Cluj_der_Hauptstadt_von_Siebenbuergen\"><span class=\"toc_number toc_depth_1\">2<\/span> Sehenswertes in Cluj, der Hauptstadt von Siebenb\u00fcrgen<\/a><\/li><li><a href=\"#Ausfluege_ab_Cluj\"><span class=\"toc_number toc_depth_1\">3<\/span> Ausfl\u00fcge ab Cluj<\/a><\/li><\/ul><\/div>\n<h2><span id=\"Wie_man_nach_Cluj_kommt\"><strong>Wie man nach Cluj kommt.<\/strong><\/span><\/h2>\n<h3><span id=\"Mit_dem_Flugzeug\"><strong>Mit dem Flugzeug.<\/strong><\/span><\/h3>\n<p>Cluj ist gut angebunden, denn der Flughafen ist der zweitgr\u00f6\u00dfte des Landes und hat gute Verbindungen nach Spanien und ins \u00fcbrige Europa. Dadurch ist es m\u00f6glich, Cluj direkt zu erreichen, ohne \u00fcber Brasov oder Bukarest zu fahren. Weitere Informationen finden Sie bei unseren Inserenten oder auf der <a>Flugseite<\/a> .<\/p>\n<p>Auf der Stra\u00dfe .<\/p>\n<p>.<\/p>\n<p>.<br \/>\nCluj Napoca liegt im Tal von Some\u015ful Mic 440 km von <a href=\"https:\/\/roadtoromania.com\/de\/staedte-und-regionen-rumaeniens\/bucharest\/\">Bukarest<\/a> (ca. 6 Stunden Fahrzeit); 455 km von Budapest in Ungarn (ebenfalls ca. 6 Stunden); 475 km von Belgrad (7 Stunden 20 Minuten) und 300 km von Brasov (4 Stunden); 475 km von Belgrad (7 Stunden 20 Minuten) und 300 km von Brasov (4 Stunden). <a href=\"https:\/\/roadtoromania.com\/de\/autovermietung-in-rumaenien\/\">Ein Auto zu mieten<\/a> ist ideal, wenn Sie eine andere Art von Reise planen, bei der Sie frei w\u00e4hlen k\u00f6nnen, wo Sie \u00fcbernachten, welche Sehensw\u00fcrdigkeiten Sie besuchen und welche Aktivit\u00e4ten Sie unternehmen m\u00f6chten.<\/p>\n<p>Mit dem Zug<\/p>\n<p>Dies ist m\u00f6glich, da die Hauptlinien aus Ungarn oder der Ukraine auf ihrem Weg nach <a href=\"https:\/\/roadtoromania.com\/de\/staedte-und-regionen-rumaeniens\/brasov\/\">Brasov<\/a> und Bukarest durch Cluj fahren. Allerdings gibt es keinen TGV oder AVE, also ist Geduld angesagt und die Landschaft zu genie\u00dfen<\/p>\n<p>.<br \/>\n<img decoding=\"async\" src=\"https:\/\/roadtoromania.com\/wp-content\/uploads\/2022\/10\/cluj-rumania-centro.jpg\" \/><img decoding=\"async\" src=\"data:image\/gif;base64,R0lGODdhAQABAPAAAMPDwwAAACwAAAAAAQABAAACAkQBADs=\" \/> Orthodoxe Kathedrale auf dem Mihai-Viteazul-Platz. Foto von stephanlo1.<\/p>\n<h2><span id=\"Sehenswertes_in_Cluj_der_Hauptstadt_von_Siebenbuergen\"><strong>Sehenswertes in Cluj, der Hauptstadt von Siebenb\u00fcrgen<\/strong><\/span><\/h2>\n<p>Die Stadt ist bekannt f\u00fcr <strong>ihre Stra\u00dfen und Pl\u00e4tze<\/strong> und ihre universit\u00e4re Atmosph\u00e4re.Rund 80.000 Studenten bringen w\u00e4hrend des akademischen Jahres Leben in die Stadt und sorgen f\u00fcr eine lebendige und fr\u00f6hliche Atmosph\u00e4re. Der ungarische und deutsche Einfluss mischt sich mit einigen ausl\u00e4ndischen Studenten und zweisprachigen Menschen, die auch flie\u00dfend Deutsch, Englisch und Franz\u00f6sisch sprechen<\/p>\n<p>.<\/p>\n<p>Die Architektur des Zentrums macht das ganze Viertel zu einem Denkmal. <strong>Ungarisch gepr\u00e4gte Geb\u00e4ude <strong>wie der B\u00e1nffy-Palast <strong>, ein Beispiel f\u00fcr den Barock des 18. Jahrhunderts, beherbergt heute das Museum der Sch\u00f6nen K\u00fcnste <strong>. <strong>Die katholische Kirche St. Michael<\/strong> (Sf\u00e2ntul Mihail), mit deren Bau im 14. Jahrhundert begonnen wurde, ist ein weiteres wichtiges Bauwerk in Cluj.<\/strong><\/strong><\/strong><\/strong><\/p>\n<p>Als Zeichen der religi\u00f6sen Vielfalt ist ein weiteres wichtiges Monument die orthodoxe Kathedrale <strong>auf dem Mihai-Viteazul-Platz <strong>. Dieser im Zentrum der Stadt gelegene Platz wird von der Reiterstatue von Mihai Viteazul (Michael der Tapfere) beherrscht <\/strong><\/strong><\/p>\n<p>.<\/p>\n<p>Wenn Sie Cluj besuchen, sollten Sie sich den Aufstieg auf den H\u00fcgel der Festung Dealul Cetatuia <strong>nicht entgehen lassen<\/strong> . Von seiner 400 Meter hohen Spitze aus hat man einen Panoramablick auf Cluj und das Tal, in dem es liegt.<\/p>\n<p>Empfehlenswert ist auch ein Besuch des 1920 er\u00f6ffneten Botanischen Gartens von Cluj, der einen japanischen Garten und zahlreiche Sammlungen tropischer Pflanzen in seinen Gew\u00e4chsh\u00e4usern beherbergt und einen umfassenden \u00dcberblick \u00fcber die Vegetation und Natur Siebenb\u00fcrgens und der Karpaten bietet.<\/p>\n<p>Wo man essen und trinken kann: Bars und Caf\u00e9s<\/p>\n<p>Das ganze Zentrum ist voll von Lokalen, in denen man essen und ein Bier trinken kann. Sie k\u00f6nnen Rum\u00e4nien nicht verlassen, ohne die hervorragenden Wiener Milchkaffees und hausgemachten Eissorten zu probieren. In der gesamten Ufergegend gibt es viele lebhafte Caf\u00e9s und Bars mit Live-Musik<\/p>\n<p>.<br \/>\nUnterk\u00fcnfte in Cluj &#8211; Napoca<\/p>\n<p>Das Hotelgewerbe ist in Cluj relativ weit entwickelt, da es sich um ein Touristen-, Universit\u00e4ts- und Handelszentrum handelt. Wir empfehlen die charmanteren Hotels im Zentrum oder die Hotels der internationalen Hotelketten. In den Au\u00dfenbezirken gibt es weitere, die in kommunistischen Geb\u00e4uden untergebracht sind, aber vielleicht nicht so interessant sind. Besuchen Sie unsere Hotelseite, um die besten Angebote zu finden.<\/p>\n<h2><span id=\"Ausfluege_ab_Cluj\"><strong>Ausfl\u00fcge ab Cluj<\/strong><\/span><\/h2>\n<p>Cluj Napoca wird wegen seiner Lage, seiner Seele und seines Charakters als das Herz Siebenb\u00fcrgens bezeichnet. Von hier aus haben wir mehrere M\u00f6glichkeiten, einen Rundgang oder Ausfl\u00fcge zu machen, um zu unserem Hotel in der Stadt zur\u00fcckzukehren<\/p>\n<p>.<\/p>\n<p>Einige der Routen, die wir vorschlagen, sind entweder das Lupsa-Kloster in Kombination mit dem <strong><a href=\"https:\/\/roadtoromania.com\/de\/natur-rumaenien\/hoehlengletscher-der-scarisoara\/\">Gletscher von Sc\u0103ri\u015foara<\/a> <\/strong> und der B\u00e4renh\u00f6hle. Oder die Route von Cluj zum Ramet-Kloster und dann zur Zitadelle von <strong><a href=\"https:\/\/roadtoromania.com\/de\/staedte-und-regionen-rumaeniens\/alba-iulia\/\">Alba Iulia<\/a> <\/strong> . Interessant sind auch das Herrenhaus von Zimbor, das Kloster von Stramba und das r\u00f6mische Kastell von Porolissum; oder das <a href=\"https:\/\/roadtoromania.com\/de\/denkmaeler-der-rumaenien-was-zu-sehen-in-rumaenien\/schloss-von-banffy-in-bontida\/\"> <strong>Schloss von Banffy de Bontida<\/strong><\/a> , das Dorf Sic und das Kloster von Nicula. Und als letzter Ausflugsvorschlag das Dorf Sacraiu, die Zitadelle von Bologa und der \u00d6kotourismuspark von Sumcuius<\/p>\n<p>.<\/p>\n<p>Rum\u00e4nien bietet <a href=\"https:\/\/roadtoromania.com\/de\/autovermietung-in-rumaenien\/\">Autovermietungsdienste<\/a> und Reservierung von <a href=\"https:\/\/roadtoromania.com\/de\/unterkunft-in-rumaenien\/\">Hotelunterk\u00fcnften<\/a> in Cluj.<\/p>\n<p><a href=\"https:\/\/roadtoromania.com\/de\/karten-von-rumaenien\/karte-plan-und-strassenplan-von-cluj-napoca\/\">Stadtplan und Stra\u00dfenkarte von Cluj &#8211; Napoca<\/a><\/p>\n","protected":false},"excerpt":{"rendered":"<p>Cluj ist nach Bukarest und Iasi die drittgr\u00f6\u00dfte Stadt Rum\u00e4niens mit mehr als 300 Tausend Einwohnern. Sie liegt im Nordwesten des Landes und ist die ehemalige Hauptstadt Siebenb\u00fcrgens , das kulturelle und industrielle Zentrum des gesamten westlichen Teils des Landes. Das Bild zeigt die Kathedrale, die sch\u00f6ne Altstadt und auch die weniger sch\u00f6nen Geb\u00e4ude aus &hellip;<\/p>\n<p class=\"read-more\"> <a class=\"\" href=\"https:\/\/roadtoromania.com\/de\/staedte-und-regionen-rumaeniens\/cluj-napoca\/\"> <span class=\"screen-reader-text\">Cluj &#8211; Napoca<\/span> Read More \u00bb<\/a><\/p>\n","protected":false},"author":1,"featured_media":1207,"parent":2910,"menu_order":0,"comment_status":"open","ping_status":"open","template":"","meta":{"site-sidebar-layout":"default","site-content-layout":"default","ast-global-header-display":"","ast-main-header-display":"","ast-hfb-above-header-display":"","ast-hfb-below-header-display":"","ast-hfb-mobile-header-display":"","site-post-title":"","ast-breadcrumbs-content":"","ast-featured-img":"","footer-sml-layout":"","theme-transparent-header-meta":"","adv-header-id-meta":"","stick-header-meta":"","header-above-stick-meta":"","header-main-stick-meta":"","header-below-stick-meta":"","footnotes":""},"class_list":["post-2941","page","type-page","status-publish","has-post-thumbnail","hentry"],"yoast_head":"<!-- This site is optimized with the Yoast SEO plugin v19.10 - https:\/\/yoast.com\/wordpress\/plugins\/seo\/ -->\n<title>Cluj - Napoca - Road to Romania<\/title>\n<meta name=\"robots\" content=\"index, follow, max-snippet:-1, max-image-preview:large, max-video-preview:-1\" \/>\n<link rel=\"canonical\" href=\"https:\/\/roadtoromania.com\/de\/staedte-und-regionen-rumaeniens\/cluj-napoca\/\" \/>\n<meta property=\"og:locale\" content=\"de_DE\" \/>\n<meta property=\"og:type\" content=\"article\" \/>\n<meta property=\"og:title\" content=\"Cluj - Napoca - Road to Romania\" \/>\n<meta property=\"og:description\" content=\"Cluj ist nach Bukarest und Iasi die drittgr\u00f6\u00dfte Stadt Rum\u00e4niens mit mehr als 300 Tausend Einwohnern. Sie liegt im Nordwesten des Landes und ist die ehemalige Hauptstadt Siebenb\u00fcrgens , das kulturelle und industrielle Zentrum des gesamten westlichen Teils des Landes. Das Bild zeigt die Kathedrale, die sch\u00f6ne Altstadt und auch die weniger sch\u00f6nen Geb\u00e4ude aus &hellip; Cluj &#8211; Napoca Read More \u00bb\" \/>\n<meta property=\"og:url\" content=\"https:\/\/roadtoromania.com\/de\/staedte-und-regionen-rumaeniens\/cluj-napoca\/\" \/>\n<meta property=\"og:site_name\" content=\"Road to Romania\" \/>\n<meta property=\"article:modified_time\" content=\"2022-10-16T12:37:47+00:00\" \/>\n<meta property=\"og:image\" content=\"https:\/\/roadtoromania.com\/wp-content\/uploads\/2022\/10\/rumania-cluj-napoca-1.jpg\" \/>\n\t<meta property=\"og:image:width\" content=\"650\" \/>\n\t<meta property=\"og:image:height\" content=\"622\" \/>\n\t<meta property=\"og:image:type\" content=\"image\/jpeg\" \/>\n<meta name=\"twitter:card\" content=\"summary_large_image\" \/>\n<meta name=\"twitter:label1\" content=\"Gesch\u00e4tzte Lesezeit\" \/>\n\t<meta name=\"twitter:data1\" content=\"8\u00a0Minuten\" \/>\n<script type=\"application\/ld+json\" class=\"yoast-schema-graph\">{\"@context\":\"https:\/\/schema.org\",\"@graph\":[{\"@type\":\"WebPage\",\"@id\":\"https:\/\/roadtoromania.com\/de\/staedte-und-regionen-rumaeniens\/cluj-napoca\/\",\"url\":\"https:\/\/roadtoromania.com\/de\/staedte-und-regionen-rumaeniens\/cluj-napoca\/\",\"name\":\"Cluj - Napoca - Road to Romania\",\"isPartOf\":{\"@id\":\"https:\/\/roadtoromania.com\/de\/#website\"},\"datePublished\":\"2022-10-15T18:40:11+00:00\",\"dateModified\":\"2022-10-16T12:37:47+00:00\",\"breadcrumb\":{\"@id\":\"https:\/\/roadtoromania.com\/de\/staedte-und-regionen-rumaeniens\/cluj-napoca\/#breadcrumb\"},\"inLanguage\":\"de\",\"potentialAction\":[{\"@type\":\"ReadAction\",\"target\":[\"https:\/\/roadtoromania.com\/de\/staedte-und-regionen-rumaeniens\/cluj-napoca\/\"]}]},{\"@type\":\"BreadcrumbList\",\"@id\":\"https:\/\/roadtoromania.com\/de\/staedte-und-regionen-rumaeniens\/cluj-napoca\/#breadcrumb\",\"itemListElement\":[{\"@type\":\"ListItem\",\"position\":1,\"name\":\"Home\",\"item\":\"https:\/\/roadtoromania.com\/de\/\"},{\"@type\":\"ListItem\",\"position\":2,\"name\":\"St\u00e4dte und Regionen in Rum\u00e4nien\",\"item\":\"https:\/\/roadtoromania.com\/de\/staedte-und-regionen-rumaeniens\/\"},{\"@type\":\"ListItem\",\"position\":3,\"name\":\"Cluj &#8211; Napoca\"}]},{\"@type\":\"WebSite\",\"@id\":\"https:\/\/roadtoromania.com\/de\/#website\",\"url\":\"https:\/\/roadtoromania.com\/de\/\",\"name\":\"Road to Romania\",\"description\":\"Der Blog, in dem Sie alle Informationen finden, die Sie brauchen, um Rum\u00e4nien zu genie\u00dfen.\",\"potentialAction\":[{\"@type\":\"SearchAction\",\"target\":{\"@type\":\"EntryPoint\",\"urlTemplate\":\"https:\/\/roadtoromania.com\/de\/?s={search_term_string}\"},\"query-input\":\"required name=search_term_string\"}],\"inLanguage\":\"de\"}]}<\/script>\n<!-- \/ Yoast SEO plugin. -->","yoast_head_json":{"title":"Cluj - Napoca - Road to Romania","robots":{"index":"index","follow":"follow","max-snippet":"max-snippet:-1","max-image-preview":"max-image-preview:large","max-video-preview":"max-video-preview:-1"},"canonical":"https:\/\/roadtoromania.com\/de\/staedte-und-regionen-rumaeniens\/cluj-napoca\/","og_locale":"de_DE","og_type":"article","og_title":"Cluj - Napoca - Road to Romania","og_description":"Cluj ist nach Bukarest und Iasi die drittgr\u00f6\u00dfte Stadt Rum\u00e4niens mit mehr als 300 Tausend Einwohnern. Sie liegt im Nordwesten des Landes und ist die ehemalige Hauptstadt Siebenb\u00fcrgens , das kulturelle und industrielle Zentrum des gesamten westlichen Teils des Landes. Das Bild zeigt die Kathedrale, die sch\u00f6ne Altstadt und auch die weniger sch\u00f6nen Geb\u00e4ude aus &hellip; Cluj &#8211; Napoca Read More \u00bb","og_url":"https:\/\/roadtoromania.com\/de\/staedte-und-regionen-rumaeniens\/cluj-napoca\/","og_site_name":"Road to Romania","article_modified_time":"2022-10-16T12:37:47+00:00","og_image":[{"width":650,"height":622,"url":"https:\/\/roadtoromania.com\/wp-content\/uploads\/2022\/10\/rumania-cluj-napoca-1.jpg","type":"image\/jpeg"}],"twitter_card":"summary_large_image","twitter_misc":{"Gesch\u00e4tzte Lesezeit":"8\u00a0Minuten"},"schema":{"@context":"https:\/\/schema.org","@graph":[{"@type":"WebPage","@id":"https:\/\/roadtoromania.com\/de\/staedte-und-regionen-rumaeniens\/cluj-napoca\/","url":"https:\/\/roadtoromania.com\/de\/staedte-und-regionen-rumaeniens\/cluj-napoca\/","name":"Cluj - Napoca - Road to Romania","isPartOf":{"@id":"https:\/\/roadtoromania.com\/de\/#website"},"datePublished":"2022-10-15T18:40:11+00:00","dateModified":"2022-10-16T12:37:47+00:00","breadcrumb":{"@id":"https:\/\/roadtoromania.com\/de\/staedte-und-regionen-rumaeniens\/cluj-napoca\/#breadcrumb"},"inLanguage":"de","potentialAction":[{"@type":"ReadAction","target":["https:\/\/roadtoromania.com\/de\/staedte-und-regionen-rumaeniens\/cluj-napoca\/"]}]},{"@type":"BreadcrumbList","@id":"https:\/\/roadtoromania.com\/de\/staedte-und-regionen-rumaeniens\/cluj-napoca\/#breadcrumb","itemListElement":[{"@type":"ListItem","position":1,"name":"Home","item":"https:\/\/roadtoromania.com\/de\/"},{"@type":"ListItem","position":2,"name":"St\u00e4dte und Regionen in Rum\u00e4nien","item":"https:\/\/roadtoromania.com\/de\/staedte-und-regionen-rumaeniens\/"},{"@type":"ListItem","position":3,"name":"Cluj &#8211; Napoca"}]},{"@type":"WebSite","@id":"https:\/\/roadtoromania.com\/de\/#website","url":"https:\/\/roadtoromania.com\/de\/","name":"Road to Romania","description":"Der Blog, in dem Sie alle Informationen finden, die Sie brauchen, um Rum\u00e4nien zu genie\u00dfen.","potentialAction":[{"@type":"SearchAction","target":{"@type":"EntryPoint","urlTemplate":"https:\/\/roadtoromania.com\/de\/?s={search_term_string}"},"query-input":"required name=search_term_string"}],"inLanguage":"de"}]}},"_links":{"self":[{"href":"https:\/\/roadtoromania.com\/de\/wp-json\/wp\/v2\/pages\/2941","targetHints":{"allow":["GET"]}}],"collection":[{"href":"https:\/\/roadtoromania.com\/de\/wp-json\/wp\/v2\/pages"}],"about":[{"href":"https:\/\/roadtoromania.com\/de\/wp-json\/wp\/v2\/types\/page"}],"author":[{"embeddable":true,"href":"https:\/\/roadtoromania.com\/de\/wp-json\/wp\/v2\/users\/1"}],"replies":[{"embeddable":true,"href":"https:\/\/roadtoromania.com\/de\/wp-json\/wp\/v2\/comments?post=2941"}],"version-history":[{"count":2,"href":"https:\/\/roadtoromania.com\/de\/wp-json\/wp\/v2\/pages\/2941\/revisions"}],"predecessor-version":[{"id":3116,"href":"https:\/\/roadtoromania.com\/de\/wp-json\/wp\/v2\/pages\/2941\/revisions\/3116"}],"up":[{"embeddable":true,"href":"https:\/\/roadtoromania.com\/de\/wp-json\/wp\/v2\/pages\/2910"}],"wp:featuredmedia":[{"embeddable":true,"href":"https:\/\/roadtoromania.com\/de\/wp-json\/wp\/v2\/media\/1207"}],"wp:attachment":[{"href":"https:\/\/roadtoromania.com\/de\/wp-json\/wp\/v2\/media?parent=2941"}],"curies":[{"name":"wp","href":"https:\/\/api.w.org\/{rel}","templated":true}]}}