{"id":2947,"date":"2022-10-15T18:40:11","date_gmt":"2022-10-15T18:40:11","guid":{"rendered":"https:\/\/roadtoromania.com\/staedte-und-regionen-rumaeniens\/eforie-nord-und-sued\/"},"modified":"2022-10-16T09:27:01","modified_gmt":"2022-10-16T09:27:01","slug":"eforie","status":"publish","type":"page","link":"https:\/\/roadtoromania.com\/de\/staedte-und-regionen-rumaeniens\/eforie\/","title":{"rendered":"Eforie Nord und S\u00fcd"},"content":{"rendered":"<p><strong>Eforie<\/strong> ist eine Stadt an der Schwarzmeerk\u00fcste, s\u00fcdlich von <a href=\"https:\/\/roadtoromania.com\/de\/staedte-und-regionen-rumaeniens\/constanza\/\"> <strong>Constanta<\/strong><\/a> gelegen. Sie ist in zwei Siedlungen unterteilt, Eforie Nord und S\u00fcd, die vor allem im Sommer f\u00fcr ihre Ferienorte bekannt sind<\/p>\n<p>.<\/p>\n<p>Das mineralhaltige Wasser des <strong>Techirghiol-Sees<\/strong> zieht seit jeher Touristen an, die Entspannung, Wellness-Behandlungen, <strong>Heilb\u00e4der<\/strong> und eine breite Palette von Behandlungen f\u00fcr Arthritis, Rheuma und Erkrankungen des Nervensystems suchen. 1894 wurde die erste Klinik in <strong>Eforie Nord<\/strong> er\u00f6ffnet, und w\u00e4hrend der Herrschaft des Monarchen Carol I. wurde Eforie in der rum\u00e4nischen und europ\u00e4ischen Oberschicht als ein f\u00fcr seine Kurb\u00e4der ber\u00fchmter Ort bekannt.Sp\u00e4ter fand man heraus, dass der Schlamm (bekannt als <strong>namol<\/strong> ) vom Ufer des Techirghiol-Sees heilende Eigenschaften f\u00fcr die Hautverj\u00fcngung hat, was seine Schlammb\u00e4der in Verbindung mit der Heliotherapie zu einer der Hauptattraktionen von Eforie machte.<\/p>\n<p><img decoding=\"async\" src=\"https:\/\/roadtoromania.com\/wp-content\/uploads\/2022\/10\/spa_eforie.jpg\" \/>Heilb\u00e4der und Gesundheitsbehandlungen in Eforie<\/p>\n<p>Die Hotels und Kurb\u00e4der bieten Wellness- und Heilbehandlungen sowie Freizeitangebote wie Hallenb\u00e4der, Tennispl\u00e4tze, Golf, Whirlpool, Sauna, Kinesitherapie, Massagen oder Thalassotherapie. Eforie ist ideal f\u00fcr den Familientourismus, da das Wasser seicht und ruhig ist<\/p>\n<p>.<\/p>\n<p><strong>Eforie Sud<\/strong> wurde 1889 von dem Aristokraten Movil\u0103 gegr\u00fcndet, der das Thermalbad B\u0103ile Movil\u0103 baute, und war in der Zwischenkriegszeit als Carmen Sylva bekannt. Mitte des 20. Jahrhunderts, w\u00e4hrend der kommunistischen \u00c4ra, wurde sie nach einem bei einem Streik get\u00f6teten Arbeiter, Vasile Roait\u0103, benannt und erhielt 1962 ihren heutigen Namen<\/p>\n<p>.<\/p>\n<p>Die Klippenlandschaft und der ber\u00fchmteste Strand von Eforie: &#8220;Splendid Beach&#8221; mit seiner ruhigen Atmosph\u00e4re und den Terrassen am Meer sind sehr attraktiv f\u00fcr den Tourismus.<\/p>\n<p>In Eforie gibt es mehrere interessante Bisericas (Kirchen) wie die orthodoxe Biserica Nasterea Maicii Domnului, die Eforie-Moschee oder die Biserica Nasterea Sf. Ioan Botezatorul.<\/p>\n<p>Exkursionen in Eforie<\/p>\n<p>Von Eforie aus k\u00f6nnen Sie Ausfl\u00fcge nach <strong>Constanta<\/strong> im Norden oder <strong>Mangalia<\/strong> im S\u00fcden unternehmen, nicht weit von der bulgarischen Grenze entfernt und mit einem arch\u00e4ologischen Museum von gro\u00dfem Interesse. Die Weinberge von <strong>Murfatlar<\/strong> , deren Produktion von S\u00fc\u00dfweinen, die sich ideal f\u00fcr Desserts eignen, sehr gesch\u00e4tzt wird, wobei der Lacrima lui Ovidiu, einer der renommiertesten in der Region Dobrogea, ein H\u00f6hepunkt ist.<\/p>\n<div id=\"toc_container\" class=\"no_bullets\"><p class=\"toc_title\">Contents<\/p><ul class=\"toc_list\"><li><a href=\"#Aktivitaeten_in_Eforie\"><span class=\"toc_number toc_depth_1\">1<\/span> Aktivit\u00e4ten in Eforie<\/a><\/li><li><a href=\"#Hotels_in_Eforie\"><span class=\"toc_number toc_depth_1\">2<\/span> Hotels in Eforie<\/a><\/li><li><a href=\"#tixagag_16_Anreise_nach_Eforie\"><span class=\"toc_number toc_depth_1\">3<\/span> (tixagag_16) Anreise nach Eforie<\/a><\/li><li><a href=\"#Kosten_fuer_die_Fahrt_nach_Eforie\"><span class=\"toc_number toc_depth_1\">4<\/span> Kosten f\u00fcr die Fahrt nach Eforie<\/a><\/li><\/ul><\/div>\n<h2><span id=\"Aktivitaeten_in_Eforie\">Aktivit\u00e4ten in Eforie<\/span><\/h2>\n<p>Eforie ist ein gro\u00dfartiger Ort, um einen Tag am Strand zu verbringen, und es gibt viele M\u00f6glichkeiten. Der beliebteste Strand ist der mit der Blauen Flagge ausgezeichnete Strand, der der Stadt am n\u00e4chsten liegt, aber auch der am st\u00e4rksten frequentierte ist. Wenn Menschenmassen nicht Ihr Ding sind, k\u00f6nnen Sie die beiden anderen Str\u00e4nde ausprobieren. W\u00e4hrend der mit der Blauen Flagge ausgezeichnete Strand ideal f\u00fcr Familien ist und \u00fcber zahlreiche Einrichtungen verf\u00fcgt, sind die beiden anderen Str\u00e4nde ruhiger und besser f\u00fcr Paare oder diejenigen geeignet, die eine ruhigere Atmosph\u00e4re bevorzugen<\/p>\n<p>.<\/p>\n<p>Wenn Sie gerne surfen, ist Eforie ein guter Ort f\u00fcr Sie. Die beste Zeit f\u00fcr einen Besuch ist von Mitte Juni bis Anfang Oktober, aber w\u00e4hrend der Wintersaison (November bis M\u00e4rz) sind die Wellen zu klein<\/p>\n<p>.<\/p>\n<h2><span id=\"Hotels_in_Eforie\"><strong>Hotels in Eforie<\/strong><\/span><\/h2>\n<p>Eforie ist eine kleine Stadt, die man an einem Tag erkunden kann, besonders im Sommer, wenn das Wetter mild ist. Daher gibt es in der Stadt selbst nicht viele Hotels oder Pensionen. Stattdessen k\u00f6nnen Sie in Konstanz oder in einer nahe gelegenen Stadt bleiben und einen Tagesausflug nach Eforie unternehmen. Hotels in Konstanz sind unten aufgelistet. Hotels in nahe gelegenen St\u00e4dten sind das Hotel Vama Veche in Vama Veche und das Hotel Eforie in Eforie<\/p>\n<p>.<\/p>\n<h2><span id=\"tixagag_16_Anreise_nach_Eforie\">(tixagag_16) Anreise nach Eforie<\/span><\/h2>\n<p>Eforie Nord ist nur 14 km von Constanta entfernt, von wo aus die Z\u00fcge (im Sommer halbst\u00fcndlich) am Bahnhof halten. Von Bukarest aus gibt es auch Z\u00fcge zum Schwarzen Meer. Eforie Sud ist 5 km von seiner &#8220;Schwesterstadt&#8221; entfernt.<\/p>\n<h2><span id=\"Kosten_fuer_die_Fahrt_nach_Eforie\">Kosten f\u00fcr die Fahrt nach Eforie<\/span><\/h2>\n<p>Die Kosten f\u00fcr eine Reise nach Eforie h\u00e4ngen von der Art der Unterkunft und der Jahreszeit ab, in der Sie kommen. Wenn Sie in einem Hotel in Eforie \u00fcbernachten, m\u00fcssen Sie mit Kosten von 50-60 Euro pro Person rechnen. Wenn Sie in Constanta bleiben und einen Tagesausflug nach Eforie machen, k\u00f6nnen Sie mit weniger Ausgaben rechnen, etwa 35-40 Euro pro Person<\/p>\n<p>.<br \/>\nKarte von Eforie Nord und S\u00fcd<\/p>\n","protected":false},"excerpt":{"rendered":"<p>Eforie ist eine Stadt an der Schwarzmeerk\u00fcste, s\u00fcdlich von Constanta gelegen. Sie ist in zwei Siedlungen unterteilt, Eforie Nord und S\u00fcd, die vor allem im Sommer f\u00fcr ihre Ferienorte bekannt sind . Das mineralhaltige Wasser des Techirghiol-Sees zieht seit jeher Touristen an, die Entspannung, Wellness-Behandlungen, Heilb\u00e4der und eine breite Palette von Behandlungen f\u00fcr Arthritis, Rheuma &hellip;<\/p>\n<p class=\"read-more\"> <a class=\"\" href=\"https:\/\/roadtoromania.com\/de\/staedte-und-regionen-rumaeniens\/eforie\/\"> <span class=\"screen-reader-text\">Eforie Nord und S\u00fcd<\/span> Read More \u00bb<\/a><\/p>\n","protected":false},"author":1,"featured_media":1243,"parent":2910,"menu_order":0,"comment_status":"open","ping_status":"open","template":"","meta":{"site-sidebar-layout":"default","site-content-layout":"default","ast-global-header-display":"","ast-main-header-display":"","ast-hfb-above-header-display":"","ast-hfb-below-header-display":"","ast-hfb-mobile-header-display":"","site-post-title":"","ast-breadcrumbs-content":"","ast-featured-img":"","footer-sml-layout":"","theme-transparent-header-meta":"default","adv-header-id-meta":"","stick-header-meta":"","header-above-stick-meta":"","header-main-stick-meta":"","header-below-stick-meta":"","footnotes":""},"class_list":["post-2947","page","type-page","status-publish","has-post-thumbnail","hentry"],"yoast_head":"<!-- This site is optimized with the Yoast SEO plugin v19.10 - https:\/\/yoast.com\/wordpress\/plugins\/seo\/ -->\n<title>Eforie Nord und S\u00fcd - Road to Romania<\/title>\n<meta name=\"robots\" content=\"index, follow, max-snippet:-1, max-image-preview:large, max-video-preview:-1\" \/>\n<link rel=\"canonical\" href=\"https:\/\/roadtoromania.com\/de\/staedte-und-regionen-rumaeniens\/eforie\/\" \/>\n<meta property=\"og:locale\" content=\"de_DE\" \/>\n<meta property=\"og:type\" content=\"article\" \/>\n<meta property=\"og:title\" content=\"Eforie Nord und S\u00fcd - Road to Romania\" \/>\n<meta property=\"og:description\" content=\"Eforie ist eine Stadt an der Schwarzmeerk\u00fcste, s\u00fcdlich von Constanta gelegen. Sie ist in zwei Siedlungen unterteilt, Eforie Nord und S\u00fcd, die vor allem im Sommer f\u00fcr ihre Ferienorte bekannt sind . Das mineralhaltige Wasser des Techirghiol-Sees zieht seit jeher Touristen an, die Entspannung, Wellness-Behandlungen, Heilb\u00e4der und eine breite Palette von Behandlungen f\u00fcr Arthritis, Rheuma &hellip; Eforie Nord und S\u00fcd Read More \u00bb\" \/>\n<meta property=\"og:url\" content=\"https:\/\/roadtoromania.com\/de\/staedte-und-regionen-rumaeniens\/eforie\/\" \/>\n<meta property=\"og:site_name\" content=\"Road to Romania\" \/>\n<meta property=\"article:modified_time\" content=\"2022-10-16T09:27:01+00:00\" \/>\n<meta property=\"og:image\" content=\"https:\/\/roadtoromania.com\/wp-content\/uploads\/2022\/10\/spa_eforie-1.jpg\" \/>\n\t<meta property=\"og:image:width\" content=\"700\" \/>\n\t<meta property=\"og:image:height\" content=\"467\" \/>\n\t<meta property=\"og:image:type\" content=\"image\/jpeg\" \/>\n<meta name=\"twitter:card\" content=\"summary_large_image\" \/>\n<meta name=\"twitter:label1\" content=\"Gesch\u00e4tzte Lesezeit\" \/>\n\t<meta name=\"twitter:data1\" content=\"4\u00a0Minuten\" \/>\n<script type=\"application\/ld+json\" class=\"yoast-schema-graph\">{\"@context\":\"https:\/\/schema.org\",\"@graph\":[{\"@type\":\"WebPage\",\"@id\":\"https:\/\/roadtoromania.com\/de\/staedte-und-regionen-rumaeniens\/eforie\/\",\"url\":\"https:\/\/roadtoromania.com\/de\/staedte-und-regionen-rumaeniens\/eforie\/\",\"name\":\"Eforie Nord und S\u00fcd - Road to Romania\",\"isPartOf\":{\"@id\":\"https:\/\/roadtoromania.com\/de\/#website\"},\"datePublished\":\"2022-10-15T18:40:11+00:00\",\"dateModified\":\"2022-10-16T09:27:01+00:00\",\"breadcrumb\":{\"@id\":\"https:\/\/roadtoromania.com\/de\/staedte-und-regionen-rumaeniens\/eforie\/#breadcrumb\"},\"inLanguage\":\"de\",\"potentialAction\":[{\"@type\":\"ReadAction\",\"target\":[\"https:\/\/roadtoromania.com\/de\/staedte-und-regionen-rumaeniens\/eforie\/\"]}]},{\"@type\":\"BreadcrumbList\",\"@id\":\"https:\/\/roadtoromania.com\/de\/staedte-und-regionen-rumaeniens\/eforie\/#breadcrumb\",\"itemListElement\":[{\"@type\":\"ListItem\",\"position\":1,\"name\":\"Home\",\"item\":\"https:\/\/roadtoromania.com\/de\/\"},{\"@type\":\"ListItem\",\"position\":2,\"name\":\"St\u00e4dte und Regionen in Rum\u00e4nien\",\"item\":\"https:\/\/roadtoromania.com\/de\/staedte-und-regionen-rumaeniens\/\"},{\"@type\":\"ListItem\",\"position\":3,\"name\":\"Eforie Nord und S\u00fcd\"}]},{\"@type\":\"WebSite\",\"@id\":\"https:\/\/roadtoromania.com\/de\/#website\",\"url\":\"https:\/\/roadtoromania.com\/de\/\",\"name\":\"Road to Romania\",\"description\":\"Der Blog, in dem Sie alle Informationen finden, die Sie brauchen, um Rum\u00e4nien zu genie\u00dfen.\",\"potentialAction\":[{\"@type\":\"SearchAction\",\"target\":{\"@type\":\"EntryPoint\",\"urlTemplate\":\"https:\/\/roadtoromania.com\/de\/?s={search_term_string}\"},\"query-input\":\"required name=search_term_string\"}],\"inLanguage\":\"de\"}]}<\/script>\n<!-- \/ Yoast SEO plugin. -->","yoast_head_json":{"title":"Eforie Nord und S\u00fcd - Road to Romania","robots":{"index":"index","follow":"follow","max-snippet":"max-snippet:-1","max-image-preview":"max-image-preview:large","max-video-preview":"max-video-preview:-1"},"canonical":"https:\/\/roadtoromania.com\/de\/staedte-und-regionen-rumaeniens\/eforie\/","og_locale":"de_DE","og_type":"article","og_title":"Eforie Nord und S\u00fcd - Road to Romania","og_description":"Eforie ist eine Stadt an der Schwarzmeerk\u00fcste, s\u00fcdlich von Constanta gelegen. Sie ist in zwei Siedlungen unterteilt, Eforie Nord und S\u00fcd, die vor allem im Sommer f\u00fcr ihre Ferienorte bekannt sind . Das mineralhaltige Wasser des Techirghiol-Sees zieht seit jeher Touristen an, die Entspannung, Wellness-Behandlungen, Heilb\u00e4der und eine breite Palette von Behandlungen f\u00fcr Arthritis, Rheuma &hellip; Eforie Nord und S\u00fcd Read More \u00bb","og_url":"https:\/\/roadtoromania.com\/de\/staedte-und-regionen-rumaeniens\/eforie\/","og_site_name":"Road to Romania","article_modified_time":"2022-10-16T09:27:01+00:00","og_image":[{"width":700,"height":467,"url":"https:\/\/roadtoromania.com\/wp-content\/uploads\/2022\/10\/spa_eforie-1.jpg","type":"image\/jpeg"}],"twitter_card":"summary_large_image","twitter_misc":{"Gesch\u00e4tzte Lesezeit":"4\u00a0Minuten"},"schema":{"@context":"https:\/\/schema.org","@graph":[{"@type":"WebPage","@id":"https:\/\/roadtoromania.com\/de\/staedte-und-regionen-rumaeniens\/eforie\/","url":"https:\/\/roadtoromania.com\/de\/staedte-und-regionen-rumaeniens\/eforie\/","name":"Eforie Nord und S\u00fcd - Road to Romania","isPartOf":{"@id":"https:\/\/roadtoromania.com\/de\/#website"},"datePublished":"2022-10-15T18:40:11+00:00","dateModified":"2022-10-16T09:27:01+00:00","breadcrumb":{"@id":"https:\/\/roadtoromania.com\/de\/staedte-und-regionen-rumaeniens\/eforie\/#breadcrumb"},"inLanguage":"de","potentialAction":[{"@type":"ReadAction","target":["https:\/\/roadtoromania.com\/de\/staedte-und-regionen-rumaeniens\/eforie\/"]}]},{"@type":"BreadcrumbList","@id":"https:\/\/roadtoromania.com\/de\/staedte-und-regionen-rumaeniens\/eforie\/#breadcrumb","itemListElement":[{"@type":"ListItem","position":1,"name":"Home","item":"https:\/\/roadtoromania.com\/de\/"},{"@type":"ListItem","position":2,"name":"St\u00e4dte und Regionen in Rum\u00e4nien","item":"https:\/\/roadtoromania.com\/de\/staedte-und-regionen-rumaeniens\/"},{"@type":"ListItem","position":3,"name":"Eforie Nord und S\u00fcd"}]},{"@type":"WebSite","@id":"https:\/\/roadtoromania.com\/de\/#website","url":"https:\/\/roadtoromania.com\/de\/","name":"Road to Romania","description":"Der Blog, in dem Sie alle Informationen finden, die Sie brauchen, um Rum\u00e4nien zu genie\u00dfen.","potentialAction":[{"@type":"SearchAction","target":{"@type":"EntryPoint","urlTemplate":"https:\/\/roadtoromania.com\/de\/?s={search_term_string}"},"query-input":"required name=search_term_string"}],"inLanguage":"de"}]}},"_links":{"self":[{"href":"https:\/\/roadtoromania.com\/de\/wp-json\/wp\/v2\/pages\/2947","targetHints":{"allow":["GET"]}}],"collection":[{"href":"https:\/\/roadtoromania.com\/de\/wp-json\/wp\/v2\/pages"}],"about":[{"href":"https:\/\/roadtoromania.com\/de\/wp-json\/wp\/v2\/types\/page"}],"author":[{"embeddable":true,"href":"https:\/\/roadtoromania.com\/de\/wp-json\/wp\/v2\/users\/1"}],"replies":[{"embeddable":true,"href":"https:\/\/roadtoromania.com\/de\/wp-json\/wp\/v2\/comments?post=2947"}],"version-history":[{"count":2,"href":"https:\/\/roadtoromania.com\/de\/wp-json\/wp\/v2\/pages\/2947\/revisions"}],"predecessor-version":[{"id":3112,"href":"https:\/\/roadtoromania.com\/de\/wp-json\/wp\/v2\/pages\/2947\/revisions\/3112"}],"up":[{"embeddable":true,"href":"https:\/\/roadtoromania.com\/de\/wp-json\/wp\/v2\/pages\/2910"}],"wp:featuredmedia":[{"embeddable":true,"href":"https:\/\/roadtoromania.com\/de\/wp-json\/wp\/v2\/media\/1243"}],"wp:attachment":[{"href":"https:\/\/roadtoromania.com\/de\/wp-json\/wp\/v2\/media?parent=2947"}],"curies":[{"name":"wp","href":"https:\/\/api.w.org\/{rel}","templated":true}]}}