{"id":2949,"date":"2022-10-15T18:40:11","date_gmt":"2022-10-15T18:40:11","guid":{"rendered":"https:\/\/roadtoromania.com\/staedte-und-regionen-rumaeniens\/hunedoara\/"},"modified":"2022-10-15T22:16:36","modified_gmt":"2022-10-15T22:16:36","slug":"hunedoara","status":"publish","type":"page","link":"https:\/\/roadtoromania.com\/de\/staedte-und-regionen-rumaeniens\/hunedoara\/","title":{"rendered":"Hunedoara"},"content":{"rendered":"<p> <strong>Hunedoara<\/strong> war eine stark industrialisierte Stadt, vor allem im Bereich der Eisen- und Stahlindustrie, der Holzproduktion und des spezialisierten Handwerks f\u00fcr Teppiche, Leder und M\u00f6beltextilien. Viele Jahre lang waren der Eisenbergbau und die Stahlverarbeitung die wirtschaftliche Grundlage von Hunedoara, bis die Krise in diesem Sektor zu einem Anstieg der Arbeitslosigkeit und zur Abwanderung f\u00fchrte <\/p>\n<p>.<br \/>\n<img decoding=\"async\" src=\"https:\/\/roadtoromania.com\/wp-content\/uploads\/2022\/10\/castillo_hunedoara_rumania.jpg\" \/>Eingang zum Schloss Corvino in Hunedoara<\/p>\n<p>\nHunedoara ist ein regelm\u00e4\u00dfiger Halt auf der Strecke zwischen <strong>Timisoara<\/strong> und <strong>Sibiu<\/strong> , da die N\u00e4he zur Stadt <strong>Deva<\/strong> und vor allem die <strong>Hunyad Burg<\/strong> zwei Anreize f\u00fcr einen Besuch sind.<\/p>\n<div id=\"toc_container\" class=\"no_bullets\"><p class=\"toc_title\">Contents<\/p><ul class=\"toc_list\"><li><a href=\"#Sehenswuerdigkeit_Hunedoara\"><span class=\"toc_number toc_depth_1\">1<\/span> \nSehensw\u00fcrdigkeit Hunedoara<\/a><ul><li><a href=\"#Schloss_Hunyad\"><span class=\"toc_number toc_depth_2\">1.1<\/span> \n Schloss Hunyad <\/a><\/li><li><a href=\"#Hunedoara-Kathedrale\"><span class=\"toc_number toc_depth_2\">1.2<\/span> \nHunedoara-Kathedrale<\/a><\/li><li><a href=\"#Retezat-Nationalpark\"><span class=\"toc_number toc_depth_2\">1.3<\/span> \nRetezat-Nationalpark<\/a><\/li><\/ul><\/li><li><a href=\"#Karte_von_Hunedoara\"><span class=\"toc_number toc_depth_1\">2<\/span> \nKarte von Hunedoara<\/a><\/li><\/ul><\/div>\n<h2><span id=\"Sehenswuerdigkeit_Hunedoara\">\nSehensw\u00fcrdigkeit Hunedoara<\/span><\/h2>\n<h3><span id=\"Schloss_Hunyad\">\n <strong>Schloss Hunyad<\/strong> <\/span><\/h3>\n<p>\nDie <strong>Hunyad-Burg<\/strong> wird oft als <strong>Corvinus-Burg<\/strong> bezeichnet, weil der ungarische K\u00f6nig Sigismund 1409 das Anwesen an Voyk Hunyadi (daher der Name Hunyad) als Symbol der Dankbarkeit f\u00fcr die f\u00fcr seinen Herrn gef\u00fchrten Schlachten \u00fcbergab. Die Familiendynastie bewohnte es weiterhin, zun\u00e4chst als Festung und dann als Residenz, und wurde vom ungarischen K\u00f6nig Matthias Corvinus weitergef\u00fchrt. Im 17. Jahrhundert und sp\u00e4ter im 19. Jahrhundert wurde sie so restauriert, wie wir sie heute sehen. Nach Jahren der Vernachl\u00e4ssigung und der Zerst\u00f6rung durch einen Brand wurde es 1974 zu einem Museum.<\/p>\n<p>\nSeine Lage ist kein Zufall, denn die R\u00f6mer hatten zuvor ein Kastro errichtet. Das \u00c4u\u00dfere des Schlosses ist ein visuelles Vergn\u00fcgen, mit sehr unterschiedlichen Perspektiven aus allen Blickwinkeln, ideal f\u00fcr Fotoliebhaber.<\/p>\n<p>\nEin von dicken Pfeilern gest\u00fctzter Gang \u00fcberbr\u00fcckt den H\u00f6henunterschied, der wie ein Foto wirkt, und erm\u00f6glicht den Zugang zum Schloss, in dem sich Elemente der Renaissance und der Sp\u00e4tgotik mischen <\/p>\n<p>.<br \/>\n<img decoding=\"async\" src=\"https:\/\/roadtoromania.com\/wp-content\/uploads\/2022\/10\/castillo_hunedoara.jpg\" \/>Schloss Hunedoara<\/p>\n<p>\nDas Innere des Schlosses wird von einem Paradeplatz gebildet, der f\u00fcr Konzerte und Veranstaltungen genutzt wird. Der Rundgang f\u00fchrt Sie durch die S\u00e4le und R\u00e4ume auf drei Ebenen, wie den Rittersaal, die Kapelle aus dem 15. Die Dekoration ist karg, da die Br\u00e4nde das Geb\u00e4ude kaum noch retten konnten. Und ein Teil des Charmes kommt von den Legenden, die sich um die Burg und die t\u00fcrkischen Str\u00e4flinge ranken, die in den Kerkern entsetzliche Qualen erlitten <\/p>\n<p>.<br \/>\n \u00d6ffnungszeiten und Informationen f\u00fcr den Besuch des Schlosses<\/strong> <\/h4>\n<p>\nMontags: 10:30h. bis 17h.<\/p>\n<p>Dienstag bis Sonntag: 09h. bis 17h.<\/p>\n<p>\nF\u00fcr Foto- und Videoaufnahmen wird ein Aufpreis erhoben. Am einfachsten ist es, mit einem Mietwagen oder einer organisierten Tour dorthin zu gelangen, denn das einzige \u00f6ffentliche Verkehrsmittel ist der Bus von Deva zum Busbahnhof Hunedoara, von wo aus man zu Fu\u00df (oder mit einem anderen Bus) zur Burg gelangt <\/p>\n<p>.<\/p>\n<h3><span id=\"Hunedoara-Kathedrale\">\nHunedoara-Kathedrale<\/span><\/h3>\n<p>Die Kathedrale von Hunedoara befindet sich im Zentrum der Stadt, wenn man auf dem Weg zur sch\u00f6nen mittelalterlichen Burg ist. Die Kathedrale ist nicht sehr gut erhalten, aber das merkt man daran, dass sie ein sehr gro\u00dfes Geb\u00e4ude ist, das die Nachbarschaft dominiert. Es ist eine k\u00fcrzlich erbaute orthodoxe Kathedrale, die Konstantin und Helena gewidmet ist. Sie ist im byzantinischen Stil gehalten, und die Pl\u00e4ne stammen von dem Architekten von Hunedoara, Dumitru Berechet. Im Au\u00dfenbereich sind Mosaike und Heiligendarstellungen sowie Szenen aus der Bibel zu sehen. Die Kirche wurde in den 1940er Jahren eingeweiht und k\u00fcrzlich renoviert, um die Ikonen und Mosaike zu restaurieren. Seine Fassade weist B\u00f6gen auf, die von Marmors\u00e4ulen getragen werden, die von K\u00fcnstlern aus der Hauptstadt angefertigt wurden. Im Inneren sind die verschiedenen Kuppeln zu sehen, die das Tageslicht hereinlassen und mit wundersch\u00f6nen Fresken verziert sind.<\/p>\n<h3><span id=\"Retezat-Nationalpark\">\nRetezat-Nationalpark<\/span><\/h3>\n<p>Der Retezat-Nationalpark wurde in den 1930er Jahren gegr\u00fcndet und umfasst eine Fl\u00e4che von 380 Quadratkilometern. Hier gibt es mehr als 60 hohe Berge, die \u00fcber 2300 Meter hoch sind, und auch mehrere Gletscherseen. Es ist ein wundersch\u00f6ner Ort, an dem man wandern kann, z. B. von der Stadt Orastie aus. Am besten erkundigt man sich vorher bei der Touristeninformation, vor allem im Winter, wenn sich das Wetter schnell \u00e4ndert und es jederzeit schneien kann. Die Berge sind wundersch\u00f6n, und es ist eine der wenigen fast unber\u00fchrten Gegenden in Europa. Dort findet man ein Drittel der Pflanzenarten des Landes, aber auch Tiere wie W\u00f6lfe, B\u00e4ren, Rehe&#8230; Zelten ist nicht erlaubt, und auf vielen Pfaden kann man nur zu Fu\u00df gehen, obwohl die gr\u00f6\u00dferen Pfade Fahrzeuge zulassen.<\/p>\n<p>\nEin weiteres interessantes Geb\u00e4ude in der Stadt ist die Kirche St. Nikolaus (Biserica Sf Nicolae) und der Chizid-Wald oder der Zoo.\u00a0Die Burg von Hunyad ist die wichtigste Sehensw\u00fcrdigkeit, aber nicht die einzige, denn neben der nat\u00fcrlichen Umgebung mit dem gr\u00fcnen Gebirgsrelief befindet sich s\u00fcdlich von Hunedoara das Prislop-Kloster, w\u00e4hrend am Stadtrand die Hoch\u00f6fen von Gov\u0103\u015fdia und Topli\u0163a <strong>stehen, industrielle \u00dcberreste von gro\u00dfem Wert, da sie zu den wichtigsten in Europa geh\u00f6ren und aus denen einige Balken stammen, die die Struktur des Eiffelturms bilden.<\/p>\n<p><img decoding=\"async\" src=\"data:image\/gif;base64,R0lGODdhAQABAPAAAMPDwwAAACwAAAAAAQABAAACAkQBADs=\" \/>Die Hoch\u00f6fen von Gov\u0103jdia<\/p>\n<p>\nEin weiterer beliebter Ausflugsort von Hunedoara aus ist der Cinci\u015f-See, ideal f\u00fcr ein Picknick auf der Suche nach Ruhe und Entspannung. Etwas weiter entfernt, aber immer noch zug\u00e4nglich sind die <strong>dakischen Festungen des Orastia-Gebirges<\/strong> , die zum Weltkulturerbe geh\u00f6ren.<\/p>\n<h2><span id=\"Karte_von_Hunedoara\">\nKarte von Hunedoara<\/span><\/h2>\n","protected":false},"excerpt":{"rendered":"<p>Hunedoara war eine stark industrialisierte Stadt, vor allem im Bereich der Eisen- und Stahlindustrie, der Holzproduktion und des spezialisierten Handwerks f\u00fcr Teppiche, Leder und M\u00f6beltextilien. Viele Jahre lang waren der Eisenbergbau und die Stahlverarbeitung die wirtschaftliche Grundlage von Hunedoara, bis die Krise in diesem Sektor zu einem Anstieg der Arbeitslosigkeit und zur Abwanderung f\u00fchrte . &hellip;<\/p>\n<p class=\"read-more\"> <a class=\"\" href=\"https:\/\/roadtoromania.com\/de\/staedte-und-regionen-rumaeniens\/hunedoara\/\"> <span class=\"screen-reader-text\">Hunedoara<\/span> Read More \u00bb<\/a><\/p>\n","protected":false},"author":1,"featured_media":1251,"parent":2910,"menu_order":0,"comment_status":"open","ping_status":"open","template":"","meta":{"site-sidebar-layout":"default","site-content-layout":"default","ast-global-header-display":"","ast-main-header-display":"","ast-hfb-above-header-display":"","ast-hfb-below-header-display":"","ast-hfb-mobile-header-display":"","site-post-title":"","ast-breadcrumbs-content":"","ast-featured-img":"","footer-sml-layout":"","theme-transparent-header-meta":"","adv-header-id-meta":"","stick-header-meta":"","header-above-stick-meta":"","header-main-stick-meta":"","header-below-stick-meta":"","footnotes":""},"class_list":["post-2949","page","type-page","status-publish","has-post-thumbnail","hentry"],"yoast_head":"<!-- This site is optimized with the Yoast SEO plugin v19.10 - https:\/\/yoast.com\/wordpress\/plugins\/seo\/ -->\n<title>Hunedoara - Road to Romania<\/title>\n<meta name=\"robots\" content=\"index, follow, max-snippet:-1, max-image-preview:large, max-video-preview:-1\" \/>\n<link rel=\"canonical\" href=\"https:\/\/roadtoromania.com\/de\/staedte-und-regionen-rumaeniens\/hunedoara\/\" \/>\n<meta property=\"og:locale\" content=\"de_DE\" \/>\n<meta property=\"og:type\" content=\"article\" \/>\n<meta property=\"og:title\" content=\"Hunedoara - Road to Romania\" \/>\n<meta property=\"og:description\" content=\"Hunedoara war eine stark industrialisierte Stadt, vor allem im Bereich der Eisen- und Stahlindustrie, der Holzproduktion und des spezialisierten Handwerks f\u00fcr Teppiche, Leder und M\u00f6beltextilien. Viele Jahre lang waren der Eisenbergbau und die Stahlverarbeitung die wirtschaftliche Grundlage von Hunedoara, bis die Krise in diesem Sektor zu einem Anstieg der Arbeitslosigkeit und zur Abwanderung f\u00fchrte . &hellip; Hunedoara Read More \u00bb\" \/>\n<meta property=\"og:url\" content=\"https:\/\/roadtoromania.com\/de\/staedte-und-regionen-rumaeniens\/hunedoara\/\" \/>\n<meta property=\"og:site_name\" content=\"Road to Romania\" \/>\n<meta property=\"article:modified_time\" content=\"2022-10-15T22:16:36+00:00\" \/>\n<meta property=\"og:image\" content=\"https:\/\/roadtoromania.com\/wp-content\/uploads\/2022\/10\/castillo_hunedoara_rumania-1.jpg\" \/>\n\t<meta property=\"og:image:width\" content=\"700\" \/>\n\t<meta property=\"og:image:height\" content=\"393\" \/>\n\t<meta property=\"og:image:type\" content=\"image\/jpeg\" \/>\n<meta name=\"twitter:card\" content=\"summary_large_image\" \/>\n<meta name=\"twitter:label1\" content=\"Gesch\u00e4tzte Lesezeit\" \/>\n\t<meta name=\"twitter:data1\" content=\"4\u00a0Minuten\" \/>\n<script type=\"application\/ld+json\" class=\"yoast-schema-graph\">{\"@context\":\"https:\/\/schema.org\",\"@graph\":[{\"@type\":\"WebPage\",\"@id\":\"https:\/\/roadtoromania.com\/de\/staedte-und-regionen-rumaeniens\/hunedoara\/\",\"url\":\"https:\/\/roadtoromania.com\/de\/staedte-und-regionen-rumaeniens\/hunedoara\/\",\"name\":\"Hunedoara - Road to Romania\",\"isPartOf\":{\"@id\":\"https:\/\/roadtoromania.com\/de\/#website\"},\"datePublished\":\"2022-10-15T18:40:11+00:00\",\"dateModified\":\"2022-10-15T22:16:36+00:00\",\"breadcrumb\":{\"@id\":\"https:\/\/roadtoromania.com\/de\/staedte-und-regionen-rumaeniens\/hunedoara\/#breadcrumb\"},\"inLanguage\":\"de\",\"potentialAction\":[{\"@type\":\"ReadAction\",\"target\":[\"https:\/\/roadtoromania.com\/de\/staedte-und-regionen-rumaeniens\/hunedoara\/\"]}]},{\"@type\":\"BreadcrumbList\",\"@id\":\"https:\/\/roadtoromania.com\/de\/staedte-und-regionen-rumaeniens\/hunedoara\/#breadcrumb\",\"itemListElement\":[{\"@type\":\"ListItem\",\"position\":1,\"name\":\"Home\",\"item\":\"https:\/\/roadtoromania.com\/de\/\"},{\"@type\":\"ListItem\",\"position\":2,\"name\":\"St\u00e4dte und Regionen in Rum\u00e4nien\",\"item\":\"https:\/\/roadtoromania.com\/de\/staedte-und-regionen-rumaeniens\/\"},{\"@type\":\"ListItem\",\"position\":3,\"name\":\"Hunedoara\"}]},{\"@type\":\"WebSite\",\"@id\":\"https:\/\/roadtoromania.com\/de\/#website\",\"url\":\"https:\/\/roadtoromania.com\/de\/\",\"name\":\"Road to Romania\",\"description\":\"Der Blog, in dem Sie alle Informationen finden, die Sie brauchen, um Rum\u00e4nien zu genie\u00dfen.\",\"potentialAction\":[{\"@type\":\"SearchAction\",\"target\":{\"@type\":\"EntryPoint\",\"urlTemplate\":\"https:\/\/roadtoromania.com\/de\/?s={search_term_string}\"},\"query-input\":\"required name=search_term_string\"}],\"inLanguage\":\"de\"}]}<\/script>\n<!-- \/ Yoast SEO plugin. -->","yoast_head_json":{"title":"Hunedoara - Road to Romania","robots":{"index":"index","follow":"follow","max-snippet":"max-snippet:-1","max-image-preview":"max-image-preview:large","max-video-preview":"max-video-preview:-1"},"canonical":"https:\/\/roadtoromania.com\/de\/staedte-und-regionen-rumaeniens\/hunedoara\/","og_locale":"de_DE","og_type":"article","og_title":"Hunedoara - Road to Romania","og_description":"Hunedoara war eine stark industrialisierte Stadt, vor allem im Bereich der Eisen- und Stahlindustrie, der Holzproduktion und des spezialisierten Handwerks f\u00fcr Teppiche, Leder und M\u00f6beltextilien. Viele Jahre lang waren der Eisenbergbau und die Stahlverarbeitung die wirtschaftliche Grundlage von Hunedoara, bis die Krise in diesem Sektor zu einem Anstieg der Arbeitslosigkeit und zur Abwanderung f\u00fchrte . &hellip; Hunedoara Read More \u00bb","og_url":"https:\/\/roadtoromania.com\/de\/staedte-und-regionen-rumaeniens\/hunedoara\/","og_site_name":"Road to Romania","article_modified_time":"2022-10-15T22:16:36+00:00","og_image":[{"width":700,"height":393,"url":"https:\/\/roadtoromania.com\/wp-content\/uploads\/2022\/10\/castillo_hunedoara_rumania-1.jpg","type":"image\/jpeg"}],"twitter_card":"summary_large_image","twitter_misc":{"Gesch\u00e4tzte Lesezeit":"4\u00a0Minuten"},"schema":{"@context":"https:\/\/schema.org","@graph":[{"@type":"WebPage","@id":"https:\/\/roadtoromania.com\/de\/staedte-und-regionen-rumaeniens\/hunedoara\/","url":"https:\/\/roadtoromania.com\/de\/staedte-und-regionen-rumaeniens\/hunedoara\/","name":"Hunedoara - Road to Romania","isPartOf":{"@id":"https:\/\/roadtoromania.com\/de\/#website"},"datePublished":"2022-10-15T18:40:11+00:00","dateModified":"2022-10-15T22:16:36+00:00","breadcrumb":{"@id":"https:\/\/roadtoromania.com\/de\/staedte-und-regionen-rumaeniens\/hunedoara\/#breadcrumb"},"inLanguage":"de","potentialAction":[{"@type":"ReadAction","target":["https:\/\/roadtoromania.com\/de\/staedte-und-regionen-rumaeniens\/hunedoara\/"]}]},{"@type":"BreadcrumbList","@id":"https:\/\/roadtoromania.com\/de\/staedte-und-regionen-rumaeniens\/hunedoara\/#breadcrumb","itemListElement":[{"@type":"ListItem","position":1,"name":"Home","item":"https:\/\/roadtoromania.com\/de\/"},{"@type":"ListItem","position":2,"name":"St\u00e4dte und Regionen in Rum\u00e4nien","item":"https:\/\/roadtoromania.com\/de\/staedte-und-regionen-rumaeniens\/"},{"@type":"ListItem","position":3,"name":"Hunedoara"}]},{"@type":"WebSite","@id":"https:\/\/roadtoromania.com\/de\/#website","url":"https:\/\/roadtoromania.com\/de\/","name":"Road to Romania","description":"Der Blog, in dem Sie alle Informationen finden, die Sie brauchen, um Rum\u00e4nien zu genie\u00dfen.","potentialAction":[{"@type":"SearchAction","target":{"@type":"EntryPoint","urlTemplate":"https:\/\/roadtoromania.com\/de\/?s={search_term_string}"},"query-input":"required name=search_term_string"}],"inLanguage":"de"}]}},"_links":{"self":[{"href":"https:\/\/roadtoromania.com\/de\/wp-json\/wp\/v2\/pages\/2949","targetHints":{"allow":["GET"]}}],"collection":[{"href":"https:\/\/roadtoromania.com\/de\/wp-json\/wp\/v2\/pages"}],"about":[{"href":"https:\/\/roadtoromania.com\/de\/wp-json\/wp\/v2\/types\/page"}],"author":[{"embeddable":true,"href":"https:\/\/roadtoromania.com\/de\/wp-json\/wp\/v2\/users\/1"}],"replies":[{"embeddable":true,"href":"https:\/\/roadtoromania.com\/de\/wp-json\/wp\/v2\/comments?post=2949"}],"version-history":[{"count":1,"href":"https:\/\/roadtoromania.com\/de\/wp-json\/wp\/v2\/pages\/2949\/revisions"}],"predecessor-version":[{"id":2950,"href":"https:\/\/roadtoromania.com\/de\/wp-json\/wp\/v2\/pages\/2949\/revisions\/2950"}],"up":[{"embeddable":true,"href":"https:\/\/roadtoromania.com\/de\/wp-json\/wp\/v2\/pages\/2910"}],"wp:featuredmedia":[{"embeddable":true,"href":"https:\/\/roadtoromania.com\/de\/wp-json\/wp\/v2\/media\/1251"}],"wp:attachment":[{"href":"https:\/\/roadtoromania.com\/de\/wp-json\/wp\/v2\/media?parent=2949"}],"curies":[{"name":"wp","href":"https:\/\/api.w.org\/{rel}","templated":true}]}}