{"id":2951,"date":"2022-10-15T18:40:11","date_gmt":"2022-10-15T18:40:11","guid":{"rendered":"https:\/\/roadtoromania.com\/staedte-und-regionen-rumaeniens\/iasi\/"},"modified":"2022-10-15T22:16:36","modified_gmt":"2022-10-15T22:16:36","slug":"iasi","status":"publish","type":"page","link":"https:\/\/roadtoromania.com\/de\/staedte-und-regionen-rumaeniens\/iasi\/","title":{"rendered":"Iasi"},"content":{"rendered":"<p><a href=\"https:\/\/roadtoromania.com\/wp-content\/uploads\/2022\/10\/iasi-rumania-ciudades.jpg\"><img decoding=\"async\" src=\"https:\/\/roadtoromania.com\/wp-content\/uploads\/2022\/10\/iasi-rumania-ciudades.jpg\" \/><\/a> Das Nationaltheater von Iasi und die umliegenden Parks. Foto von liormania<\/p>\n<p>.<br \/>\nDie Stadt Iasi ist die Hauptstadt der Region Moldau \/ Moldawien oder <a href=\"https:\/\/roadtoromania.com\/monumenti-della-romania-cosa-vedere-in-romania\/moldova-romania\/\">rum\u00e4nisch Moldova<\/a> , nicht zu verwechseln mit dem Nachbarland, das ebenfalls Moldawien hei\u00dft. Bei einem Besuch in Iasi ist es m\u00f6glich, die Grenze zum benachbarten Moldawien zu \u00fcberqueren, das weniger als 10 km entfernt ist. <strong>Der Fluss Prut<\/strong> , ein wichtiger Nebenfluss der Donau (950 km), markiert die Grenze zwischen dieser Region Rum\u00e4niens und Moldawien.<\/p>\n<p>\nIasi ist nach <a href=\"https:\/\/roadtoromania.com\/de\/staedte-und-regionen-rumaeniens\/bucharest\/\">Bukarest<\/a> die zweitbev\u00f6lkerungsreichste Stadt Rum\u00e4niens mit 330.000 Einwohnern in der Gemeinde und mehr als 825.000 im Bezirk <\/p>\n<p>.<\/p>\n<p>\nTrotz seiner exzentrischen Lage ist Iasi ein Symbol f\u00fcr den rum\u00e4nischen Staat. Sie war die Hauptstadt der ehemaligen F\u00fcrstent\u00fcmer Walachei und Moldawien und w\u00e4hrend des Ersten Weltkriegs die Hauptstadt Rum\u00e4niens (1916-18) nach der \u00f6sterreichisch-ungarischen Besetzung. Die erste Universit\u00e4t Rum\u00e4niens wurde in Iasi gegr\u00fcndet und ist heute ein Kultur-, Universit\u00e4ts- und Industriezentrum <\/p>\n<p>.<br \/>\n Was es in Iasi zu sehen gibt<\/strong> <\/h2>\n<p><a href=\"https:\/\/roadtoromania.com\/wp-content\/uploads\/2022\/10\/iasi-rumania-monumentos.jpg\"><img decoding=\"async\" src=\"https:\/\/roadtoromania.com\/wp-content\/uploads\/2022\/10\/iasi-rumania-monumentos.jpg\" \/><\/a> Der Nationalpalast beherbergt mehrere Museen mit hochkar\u00e4tigen Werken. Foto von liormania<\/p>\n<p>.<br \/>\nKultur und Geschichte sind in Iasi reichlich vorhanden. Deshalb sind ihre Denkm\u00e4ler sehr gro\u00dfartig und sch\u00f6n. Die wichtigsten sind <strong>das Nationaltheater<\/strong> , <strong>der Botanische Garten<\/strong> und <strong>die Zentrale Universit\u00e4tsbibliothek<\/strong> , die drei \u00e4ltesten des Landes. Hervorzuheben sind auch der Kulturpalast <strong>, das Opernhaus <strong>, der <strong>Roznoveanu-Palast<\/strong> , der Sitz des Rathauses und die verschiedenen Kirchen und Kl\u00f6ster von Iasi <\/p>\n<p>.<br \/>\n Der Palast der Kultur<\/strong> <\/h3>\n<p>\nDer im Zentrum der Stadt gelegene Palastplatz beherbergt mehrere Museen: <strong>das Museum der Sch\u00f6nen K\u00fcnste, das Museum f\u00fcr Geschichte, das Museum f\u00fcr V\u00f6lkerkunde und das Museum f\u00fcr Naturwissenschaften und Technik<\/strong> .<\/p>\n<p>\nEin Besuch des Palastes und der Museen kann sehr interessant sein, da sowohl die Architektur als auch die Kunstwerke sehr interessant sind.Neben einer gro\u00dfen Sammlung rum\u00e4nischer Kunst umfasst die Sammlung Gem\u00e4lde von <strong>Caravaggio, Paolo Veronese<\/strong> , Pietro Liberi, Carlo Dolci, Salvator Rosa, Francesco Solimena, <strong>Murillo, Van Dyck<\/strong> , Van der Helst und <strong>Nicolas Poussin<\/strong> .<\/p>\n<p>\nZu den religi\u00f6sen Geb\u00e4uden geh\u00f6rt die <strong>Metropolitankathedrale<\/strong> , eine riesige orthodoxe Kirche mit quadratischem Grundriss, deren vier T\u00fcrme an den Ecken des Geb\u00e4udes im Neorenaissance-Stil stehen. Sein Bau dauerte lange, da er 1833 begonnen wurde, aber erst 1887 eingeweiht wurde. Es gibt auch katholische Kirchen und Synagogen<\/p>\n<p>\nEin weiteres Geb\u00e4ude von gro\u00dfem Interesse ist <strong>das Kloster Golia und sein Turm<\/strong> , die \u00dcberreste der Mauern, die es sch\u00fctzten. Sein Bau geht auf das 16. Jahrhundert zur\u00fcck <\/p>\n<p>.<\/p>\n<p>\nEin geschichtstr\u00e4chtiger Ort, in diesem Fall kinematografisch, ist <strong>das Hotel Traian<\/strong> , erbaut im neoklassizistischen Stil, der in Iasi weit verbreitet ist. Der Architekt war G. Franeau, ein franz\u00f6sischer Ingenieur, der f\u00fcr Eiffel arbeitete. Es ist eines der ersten Hotels mit Metallrahmen in Europa. Ein charmanter Ort, dessen S\u00e4le und R\u00e4ume viele Geschichten von Diplomaten und Schauspielerinnen verbergen. Nicht weniger als Greta Garbo<\/strong> wohnte im Traian, als sie eine intensive Liebesbeziehung mit dem Schauspieler John Gilbert hatte. Das Hotel befindet sich am Unirii-Platz neben der Statue von Ion Cuza <\/p>\n<p>.<br \/>\n Das Ticau-Viertel<\/strong> <\/h3>\n<p>\nEin Stadtviertel mit vielen alten Geb\u00e4uden, das sich auf dem H\u00fcgel \u00fcber Iasi erstreckt. Enge Fu\u00dfg\u00e4ngerzonen, Gesch\u00e4fte und Bars, abendliche Unterhaltung. Nicht zu verpassen <\/p>\n<p>.<br \/>\n Parks und G\u00e4rten<\/strong> <\/h3>\n<p>\nNeben dem Botanischen Garten, dem \u00e4ltesten Rum\u00e4niens (1856), lohnt sich ein Besuch des Copou-Parks (Parcul), der seit dem 18. Jahrhundert ein beliebter Ort f\u00fcr rum\u00e4nische Romantiker ist und 1860 zum \u00f6ffentlichen Park wurde <\/p>\n<p>.<\/p>\n<p>\nIn der Umgebung von Iasi gibt es mehrere <strong>Kl\u00f6ster<\/strong> in den H\u00fcgeln des <strong>Niculina-Bezirks<\/strong> , es sind die Kl\u00f6ster von <strong>Cetatuia, Galata<\/strong> und <strong>Frumoasa<\/strong> , die zwischen dem 16. und 17. erbaut wurden.<\/p>\n<p>\n<a href=\"https:\/\/roadtoromania.com\/de\/natur-rumaenien\/schluchten-von-bicaz\/\">Die Bicaz-Schlucht<\/a> liegt 160 km westlich von Iasi, auf halbem Weg zwischen Iasi und Targu-Mures.<\/p>\n<p><img decoding=\"async\" src=\"https:\/\/roadtoromania.com\/wp-content\/uploads\/2022\/10\/rumania-iasi-moldavia.jpg\" \/><img decoding=\"async\" src=\"data:image\/gif;base64,R0lGODdhAQABAPAAAMPDwwAAACwAAAAAAQABAAACAkQBADs=\" \/><\/a> Eine Stra\u00dfenbahn durch die Stra\u00dfen von Iasi. Foto von Liormania.<\/p>\n<p>\nWie der Rest Rum\u00e4niens ist auch Iasi eine vielseitige Stadt mit einer gro\u00dfen Vielfalt an Menschen, Religionen und Herk\u00fcnften. Dies verleiht der Kultur, der Musik und der Gastronomie einen typischen Balkan-Mix <\/p>\n<p>.<br \/>\n Wie man nach Iasi kommt<\/strong> <\/h2>\n<p>\n<a href=\"\">Es gibt Fl\u00fcge<\/a> nach Brasov und Cluj von Spanien aus. Von dort aus m\u00fcssen Sie ein Auto mieten und ca. 310 km von <a href=\"https:\/\/roadtoromania.com\/de\/staedte-und-regionen-rumaeniens\/brasov\/\">Brasov<\/a> fahren, was etwa 4,5 Stunden dauert; 390 km von <a href=\"https:\/\/roadtoromania.com\/de\/staedte-und-regionen-rumaeniens\/cluj-napoca\/\">Cluj<\/a> , was etwa 6 Stunden dauert. Die Autofahrten sind lang, aber sie erm\u00f6glichen es uns, andere Orte wie die Bicaz-Schluchten oder die Stadt Targu-Mures zu sehen <\/p>\n<p>.<br \/>\n Wo man in Iasi schlafen kann<\/strong> <\/h2>\n<p>\nRum\u00e4nien bietet <a href=\"https:\/\/roadtoromania.com\/de\/autovermietung-in-rumaenien\/\">Autovermietung<\/a> und <a href=\"https:\/\/roadtoromania.com\/de\/unterkunft-in-rumaenien\/\">Hotelunterkunft<\/a> in Iasi<\/p>\n<\/p>\n<p>\n<a href=\"https:\/\/roadtoromania.com\/de\/karten-von-rumaenien\/karte-plan-und-strassenplan-von-iasi\/\">Stadtplan und Stra\u00dfenkarte von Iasi<\/a> <\/p><\/p>\n","protected":false},"excerpt":{"rendered":"<p>Das Nationaltheater von Iasi und die umliegenden Parks. Foto von liormania . Die Stadt Iasi ist die Hauptstadt der Region Moldau \/ Moldawien oder rum\u00e4nisch Moldova , nicht zu verwechseln mit dem Nachbarland, das ebenfalls Moldawien hei\u00dft. Bei einem Besuch in Iasi ist es m\u00f6glich, die Grenze zum benachbarten Moldawien zu \u00fcberqueren, das weniger als &hellip;<\/p>\n<p class=\"read-more\"> <a class=\"\" href=\"https:\/\/roadtoromania.com\/de\/staedte-und-regionen-rumaeniens\/iasi\/\"> <span class=\"screen-reader-text\">Iasi<\/span> Read More \u00bb<\/a><\/p>\n","protected":false},"author":1,"featured_media":1265,"parent":2910,"menu_order":0,"comment_status":"open","ping_status":"open","template":"","meta":{"site-sidebar-layout":"default","site-content-layout":"default","ast-global-header-display":"","ast-main-header-display":"","ast-hfb-above-header-display":"","ast-hfb-below-header-display":"","ast-hfb-mobile-header-display":"","site-post-title":"","ast-breadcrumbs-content":"","ast-featured-img":"","footer-sml-layout":"","theme-transparent-header-meta":"","adv-header-id-meta":"","stick-header-meta":"","header-above-stick-meta":"","header-main-stick-meta":"","header-below-stick-meta":"","footnotes":""},"class_list":["post-2951","page","type-page","status-publish","has-post-thumbnail","hentry"],"yoast_head":"<!-- This site is optimized with the Yoast SEO plugin v19.10 - https:\/\/yoast.com\/wordpress\/plugins\/seo\/ -->\n<title>Iasi - Road to Romania<\/title>\n<meta name=\"robots\" content=\"index, follow, max-snippet:-1, max-image-preview:large, max-video-preview:-1\" \/>\n<link rel=\"canonical\" href=\"https:\/\/roadtoromania.com\/de\/staedte-und-regionen-rumaeniens\/iasi\/\" \/>\n<meta property=\"og:locale\" content=\"de_DE\" \/>\n<meta property=\"og:type\" content=\"article\" \/>\n<meta property=\"og:title\" content=\"Iasi - Road to Romania\" \/>\n<meta property=\"og:description\" content=\"Das Nationaltheater von Iasi und die umliegenden Parks. Foto von liormania . Die Stadt Iasi ist die Hauptstadt der Region Moldau \/ Moldawien oder rum\u00e4nisch Moldova , nicht zu verwechseln mit dem Nachbarland, das ebenfalls Moldawien hei\u00dft. Bei einem Besuch in Iasi ist es m\u00f6glich, die Grenze zum benachbarten Moldawien zu \u00fcberqueren, das weniger als &hellip; Iasi Read More \u00bb\" \/>\n<meta property=\"og:url\" content=\"https:\/\/roadtoromania.com\/de\/staedte-und-regionen-rumaeniens\/iasi\/\" \/>\n<meta property=\"og:site_name\" content=\"Road to Romania\" \/>\n<meta property=\"article:modified_time\" content=\"2022-10-15T22:16:36+00:00\" \/>\n<meta property=\"og:image\" content=\"https:\/\/roadtoromania.com\/wp-content\/uploads\/2022\/10\/iasi-rumania-ciudades-1.jpg\" \/>\n\t<meta property=\"og:image:width\" content=\"638\" \/>\n\t<meta property=\"og:image:height\" content=\"425\" \/>\n\t<meta property=\"og:image:type\" content=\"image\/jpeg\" \/>\n<meta name=\"twitter:card\" content=\"summary_large_image\" \/>\n<meta name=\"twitter:label1\" content=\"Gesch\u00e4tzte Lesezeit\" \/>\n\t<meta name=\"twitter:data1\" content=\"4\u00a0Minuten\" \/>\n<script type=\"application\/ld+json\" class=\"yoast-schema-graph\">{\"@context\":\"https:\/\/schema.org\",\"@graph\":[{\"@type\":\"WebPage\",\"@id\":\"https:\/\/roadtoromania.com\/de\/staedte-und-regionen-rumaeniens\/iasi\/\",\"url\":\"https:\/\/roadtoromania.com\/de\/staedte-und-regionen-rumaeniens\/iasi\/\",\"name\":\"Iasi - Road to Romania\",\"isPartOf\":{\"@id\":\"https:\/\/roadtoromania.com\/de\/#website\"},\"datePublished\":\"2022-10-15T18:40:11+00:00\",\"dateModified\":\"2022-10-15T22:16:36+00:00\",\"breadcrumb\":{\"@id\":\"https:\/\/roadtoromania.com\/de\/staedte-und-regionen-rumaeniens\/iasi\/#breadcrumb\"},\"inLanguage\":\"de\",\"potentialAction\":[{\"@type\":\"ReadAction\",\"target\":[\"https:\/\/roadtoromania.com\/de\/staedte-und-regionen-rumaeniens\/iasi\/\"]}]},{\"@type\":\"BreadcrumbList\",\"@id\":\"https:\/\/roadtoromania.com\/de\/staedte-und-regionen-rumaeniens\/iasi\/#breadcrumb\",\"itemListElement\":[{\"@type\":\"ListItem\",\"position\":1,\"name\":\"Home\",\"item\":\"https:\/\/roadtoromania.com\/de\/\"},{\"@type\":\"ListItem\",\"position\":2,\"name\":\"St\u00e4dte und Regionen in Rum\u00e4nien\",\"item\":\"https:\/\/roadtoromania.com\/de\/staedte-und-regionen-rumaeniens\/\"},{\"@type\":\"ListItem\",\"position\":3,\"name\":\"Iasi\"}]},{\"@type\":\"WebSite\",\"@id\":\"https:\/\/roadtoromania.com\/de\/#website\",\"url\":\"https:\/\/roadtoromania.com\/de\/\",\"name\":\"Road to Romania\",\"description\":\"Der Blog, in dem Sie alle Informationen finden, die Sie brauchen, um Rum\u00e4nien zu genie\u00dfen.\",\"potentialAction\":[{\"@type\":\"SearchAction\",\"target\":{\"@type\":\"EntryPoint\",\"urlTemplate\":\"https:\/\/roadtoromania.com\/de\/?s={search_term_string}\"},\"query-input\":\"required name=search_term_string\"}],\"inLanguage\":\"de\"}]}<\/script>\n<!-- \/ Yoast SEO plugin. -->","yoast_head_json":{"title":"Iasi - Road to Romania","robots":{"index":"index","follow":"follow","max-snippet":"max-snippet:-1","max-image-preview":"max-image-preview:large","max-video-preview":"max-video-preview:-1"},"canonical":"https:\/\/roadtoromania.com\/de\/staedte-und-regionen-rumaeniens\/iasi\/","og_locale":"de_DE","og_type":"article","og_title":"Iasi - Road to Romania","og_description":"Das Nationaltheater von Iasi und die umliegenden Parks. Foto von liormania . Die Stadt Iasi ist die Hauptstadt der Region Moldau \/ Moldawien oder rum\u00e4nisch Moldova , nicht zu verwechseln mit dem Nachbarland, das ebenfalls Moldawien hei\u00dft. Bei einem Besuch in Iasi ist es m\u00f6glich, die Grenze zum benachbarten Moldawien zu \u00fcberqueren, das weniger als &hellip; Iasi Read More \u00bb","og_url":"https:\/\/roadtoromania.com\/de\/staedte-und-regionen-rumaeniens\/iasi\/","og_site_name":"Road to Romania","article_modified_time":"2022-10-15T22:16:36+00:00","og_image":[{"width":638,"height":425,"url":"https:\/\/roadtoromania.com\/wp-content\/uploads\/2022\/10\/iasi-rumania-ciudades-1.jpg","type":"image\/jpeg"}],"twitter_card":"summary_large_image","twitter_misc":{"Gesch\u00e4tzte Lesezeit":"4\u00a0Minuten"},"schema":{"@context":"https:\/\/schema.org","@graph":[{"@type":"WebPage","@id":"https:\/\/roadtoromania.com\/de\/staedte-und-regionen-rumaeniens\/iasi\/","url":"https:\/\/roadtoromania.com\/de\/staedte-und-regionen-rumaeniens\/iasi\/","name":"Iasi - Road to Romania","isPartOf":{"@id":"https:\/\/roadtoromania.com\/de\/#website"},"datePublished":"2022-10-15T18:40:11+00:00","dateModified":"2022-10-15T22:16:36+00:00","breadcrumb":{"@id":"https:\/\/roadtoromania.com\/de\/staedte-und-regionen-rumaeniens\/iasi\/#breadcrumb"},"inLanguage":"de","potentialAction":[{"@type":"ReadAction","target":["https:\/\/roadtoromania.com\/de\/staedte-und-regionen-rumaeniens\/iasi\/"]}]},{"@type":"BreadcrumbList","@id":"https:\/\/roadtoromania.com\/de\/staedte-und-regionen-rumaeniens\/iasi\/#breadcrumb","itemListElement":[{"@type":"ListItem","position":1,"name":"Home","item":"https:\/\/roadtoromania.com\/de\/"},{"@type":"ListItem","position":2,"name":"St\u00e4dte und Regionen in Rum\u00e4nien","item":"https:\/\/roadtoromania.com\/de\/staedte-und-regionen-rumaeniens\/"},{"@type":"ListItem","position":3,"name":"Iasi"}]},{"@type":"WebSite","@id":"https:\/\/roadtoromania.com\/de\/#website","url":"https:\/\/roadtoromania.com\/de\/","name":"Road to Romania","description":"Der Blog, in dem Sie alle Informationen finden, die Sie brauchen, um Rum\u00e4nien zu genie\u00dfen.","potentialAction":[{"@type":"SearchAction","target":{"@type":"EntryPoint","urlTemplate":"https:\/\/roadtoromania.com\/de\/?s={search_term_string}"},"query-input":"required name=search_term_string"}],"inLanguage":"de"}]}},"_links":{"self":[{"href":"https:\/\/roadtoromania.com\/de\/wp-json\/wp\/v2\/pages\/2951","targetHints":{"allow":["GET"]}}],"collection":[{"href":"https:\/\/roadtoromania.com\/de\/wp-json\/wp\/v2\/pages"}],"about":[{"href":"https:\/\/roadtoromania.com\/de\/wp-json\/wp\/v2\/types\/page"}],"author":[{"embeddable":true,"href":"https:\/\/roadtoromania.com\/de\/wp-json\/wp\/v2\/users\/1"}],"replies":[{"embeddable":true,"href":"https:\/\/roadtoromania.com\/de\/wp-json\/wp\/v2\/comments?post=2951"}],"version-history":[{"count":1,"href":"https:\/\/roadtoromania.com\/de\/wp-json\/wp\/v2\/pages\/2951\/revisions"}],"predecessor-version":[{"id":2952,"href":"https:\/\/roadtoromania.com\/de\/wp-json\/wp\/v2\/pages\/2951\/revisions\/2952"}],"up":[{"embeddable":true,"href":"https:\/\/roadtoromania.com\/de\/wp-json\/wp\/v2\/pages\/2910"}],"wp:featuredmedia":[{"embeddable":true,"href":"https:\/\/roadtoromania.com\/de\/wp-json\/wp\/v2\/media\/1265"}],"wp:attachment":[{"href":"https:\/\/roadtoromania.com\/de\/wp-json\/wp\/v2\/media?parent=2951"}],"curies":[{"name":"wp","href":"https:\/\/api.w.org\/{rel}","templated":true}]}}