{"id":2957,"date":"2022-10-15T18:40:11","date_gmt":"2022-10-15T18:40:11","guid":{"rendered":"https:\/\/roadtoromania.com\/staedte-und-regionen-rumaeniens\/piatra-neamt\/"},"modified":"2022-10-15T22:16:38","modified_gmt":"2022-10-15T22:16:38","slug":"piatra-neamt","status":"publish","type":"page","link":"https:\/\/roadtoromania.com\/de\/staedte-und-regionen-rumaeniens\/piatra-neamt\/","title":{"rendered":"Piatra Neamt"},"content":{"rendered":"<p><a href=\"https:\/\/roadtoromania.com\/wp-content\/uploads\/2022\/10\/piatra-neamt-rumania.jpg\"><img decoding=\"async\" src=\"https:\/\/roadtoromania.com\/wp-content\/uploads\/2022\/10\/piatra-neamt-rumania.jpg\" \/><\/a> Blick auf Piatra Neamt in der Abendd\u00e4mmerung<\/p>\n<p>\nDie &#8220;Sinaia Moldavian&#8221;, die Stadt <strong>Piatra Neamt<\/strong> , die wegen ihrer reichen Architektur auch als &#8220;moldawische Perle&#8221; bezeichnet wird, bildet eine Br\u00fccke zwischen den Regionen Bukowina und Siebenb\u00fcrgen. Die meisten der bedeutenden Bauwerke stammen von Stephan dem Gro\u00dfen, der zwischen 1457 und 1504 regierte <\/p>\n<p>.<\/p>\n<p>\nDas milde Klima in der Hauptstadt des Bezirks Neamt ist einer der Gr\u00fcnde, warum die Menschen dem kalten rum\u00e4nischen Winter und der sengenden Sommerhitze entfliehen. In Piatra Neamt sind die Sommer kurz und mild, die Winter sind in der Regel schneearm und es gibt einen langen und angenehmen Herbst.<\/p>\n<p>\nDie Physiognomie der Siedlung wird durch den Fluss Bistrita sowie zahlreiche andere Wasserressourcen bestimmt, die das Entstehen einer vielversprechenden Wasserkraftindustrie erm\u00f6glicht haben, die sich durch die Errichtung von Kraftwerken und D\u00e4mmen auszeichnet, die dazu dienten, die Str\u00f6mung der Fl\u00fcsse zu kontrollieren, die bei \u00dcberschwemmungen zahlreiche Katastrophen verursachten.<\/p>\n<p><a href=\"https:\/\/roadtoromania.com\/wp-content\/uploads\/2022\/10\/piatra-neamt.jpg\"><img decoding=\"async\" src=\"https:\/\/roadtoromania.com\/wp-content\/uploads\/2022\/10\/piatra-neamt.jpg\" \/><\/a> Telegondola, die Seilbahn in Piatra Neamt<\/p>\n<h2>\n <strong>Was es in Piatra Neamt zu sehen gibt<\/strong> <\/h2>\n<p>\nEine der Attraktionen von Piatra Neamt ist die Seilbahn, bekannt als <strong>Telegondola<\/strong> . Sie beginnt am Bahnhof und f\u00fchrt hinauf auf 657 Meter in die Cozla-Berge. Es ist von Dienstag bis Sonntag von 10:00 bis 22:00 Uhr ge\u00f6ffnet und bietet Erm\u00e4\u00dfigungen f\u00fcr Gruppen von mehr als 20 Personen, Studenten und Kinder unter 14 Jahren.Die Fahrt in einer der 22 Gondeln dauert etwa 6 Minuten \u00fcber eine Strecke von ca. 2 km und bietet einen Blick auf Piatra Neamt aus der Luft <\/p>\n<p>.<\/p>\n<p>\nIn der Stadt gibt es mehrere <strong>Museen<\/strong> von Interesse, angefangen mit dem <strong>Museum f\u00fcr neolithische Geschichte<\/strong> , in Stefan cel Mare nr. 3. Die Region ist seit dem Neolithikum besiedelt, und es gibt bedeutende arch\u00e4ologische St\u00e4tten, wie die der Cucuteni-Kultur. Er\u00f6ffnet im Jahr 2005 in einem Geb\u00e4ude, das 1928-30 von dem Architekten Carol Zani entworfen und von dem Bildhauer Vincenzo Puschiasis gestaltet wurde <\/p>\n<p>.<\/p>\n<p>\nDas zweite Museum in der Stadt ist das ethnografische  , mit Ausstellungen traditioneller Kunst und lokaler Folklore, mit Trachten und Alltagsgegenst\u00e4nden der Bauern des Bistrita-Tals aus den letzten Jahrhunderten. Als drittes m\u00f6chten wir die naturwissenschaftliche Abteilung hervorheben, die neben der botanischen, pal\u00e4ontologischen und zoologischen Abteilung vor allem versteinerte Fische zeigt <\/p>\n<p>.<\/p>\n<p>\nDie anderen Museen sind das <strong>Geschichtsmuseum<\/strong> , in dem arch\u00e4ologische Sammlungen aus der Bronzezeit und dem dakischen Reich ausgestellt sind, und das <strong>Kunstmuseum<\/strong> mit Gem\u00e4lden, Grafiken und Skulpturen lokaler K\u00fcnstler wie Ion Tuculescu, Nicolae Tonitza, Corneliu Baba oder Lascar Vorel <\/p>\n<p>.<br \/>\n<img decoding=\"async\" src=\"https:\/\/roadtoromania.com\/wp-content\/uploads\/2022\/10\/piatra_neamt.jpg\" \/><img decoding=\"async\" src=\"data:image\/gif;base64,R0lGODdhAQABAPAAAMPDwwAAACwAAAAAAQABAAACAkQBADs=\" \/><\/a> Uhrenturm auf der Piatra Libertatii<\/p>\n<p>\nRund um den <strong>Libertatii-Platz<\/strong> befinden sich die meisten der wichtigen Denkm\u00e4ler von Piatra Neamt. Einer der wichtigsten ist der <strong>Corte Principesca<\/strong> , dessen Hauptelement die <strong>Kirche des Heiligen Johannes<\/strong> (Biserica SF Ioan) ist, im moldawischen Stil mit byzantinischen Elementen und geweiht in der Zeit von Stephan dem Gro\u00dfen. Die polychromen Au\u00dfenw\u00e4nde sind sehr attraktiv. Auf demselben Platz diente der <strong>Uhrenturm<\/strong> aus dem Jahr 1499 als Aussichtspunkt \u00fcber die Stadt.<\/p>\n<p>\nDie h\u00f6lzerne Synagoge aus dem Jahr 1766, die dakische Zitadelle B\u00e2tca Doamnei auf dem H\u00fcgel auf der rechten Seite des Flusses Bistrita oder die Verkl\u00e4rungskirche aus dem 16. Jahrhundert mit ihren bunten, mit geometrischen Motiven verzierten Fenstern verdienen ebenfalls Beachtung <\/p>\n<p>.<\/p>\n<p>\nZum Abschluss des Rundgangs durch Piatra Neamt k\u00f6nnen wir die <strong>&#8220;Adelsh\u00e4user&#8221;<\/strong> von Lalu und Paharnicului besichtigen, Luxusresidenzen aus dem Anfang des 20. Jahrhunderts. Sie wurden inzwischen f\u00fcr \u00f6ffentliche Zwecke umgewandelt oder im Falle des letzteren in ein Restaurant und ein Kaufhaus.<\/p>\n<p>\nAm Stadtrand von Piatra Neamt, etwa 7 km mit dem Auto entlang der Stra\u00dfe 15 nach Westen, erreichen wir das <strong>Kloster Bistrita<\/strong> , das 1407 von Alexandru cel Bun w\u00e4hrend der Woiwodschaft gegr\u00fcndet wurde. Anderthalb Jahrhunderte sp\u00e4ter wurde sie von Prinz Alexandru Lapusneanu fertiggestellt und zu einem bedeutenden religi\u00f6sen und kulturellen Zentrum ausgebaut <\/p>\n<p>.<\/p>\n<p>\nWenn wir eine Route durch die Region machen, k\u00f6nnen wir die <strong>Kl\u00f6ster<\/strong> von Agapia besuchen, die malerisch inmitten \u00fcppiger Natur liegen: Varatac, Secu oder Sihastria. Besonders hervorzuheben ist das Kloster Neamt <\/p>\n<p>.<\/p>\n<p>\nDie N\u00e4he zu Bicaz gibt uns die M\u00f6glichkeit, eine Route durch die beeindruckenden <a href=\"https:\/\/roadtoromania.com\/de\/natur-rumaenien\/schluchten-von-bicaz\/\"> <strong>Schluchten von Bicaz<\/strong><\/a> zu nehmen, die von der Erosion des Wassers durchl\u00f6chert sind, und einer Panoramastra\u00dfe zu folgen, die uns zum <strong>Lacu Rossu<\/strong> f\u00fchrt, einem Alpensee, wo wir die Natur genie\u00dfen k\u00f6nnen. N\u00f6rdlich von Pietra Neamt gibt es die M\u00f6glichkeit, die Route durch <a href=\"https:\/\/roadtoromania.com\/de\/bucovina-und-seine-kloester\/\"> <strong>Bucovina<\/strong><\/a> zu genie\u00dfen und die <strong>bemalten Kl\u00f6ster<\/strong> Weltkulturerbe<\/p>\n<h2>\nKarte von Piatra Neamt<\/h2>\n","protected":false},"excerpt":{"rendered":"<p>Blick auf Piatra Neamt in der Abendd\u00e4mmerung Die &#8220;Sinaia Moldavian&#8221;, die Stadt Piatra Neamt , die wegen ihrer reichen Architektur auch als &#8220;moldawische Perle&#8221; bezeichnet wird, bildet eine Br\u00fccke zwischen den Regionen Bukowina und Siebenb\u00fcrgen. Die meisten der bedeutenden Bauwerke stammen von Stephan dem Gro\u00dfen, der zwischen 1457 und 1504 regierte . Das milde Klima &hellip;<\/p>\n<p class=\"read-more\"> <a class=\"\" href=\"https:\/\/roadtoromania.com\/de\/staedte-und-regionen-rumaeniens\/piatra-neamt\/\"> <span class=\"screen-reader-text\">Piatra Neamt<\/span> Read More \u00bb<\/a><\/p>\n","protected":false},"author":1,"featured_media":1295,"parent":2910,"menu_order":0,"comment_status":"open","ping_status":"open","template":"","meta":{"site-sidebar-layout":"default","site-content-layout":"default","ast-global-header-display":"","ast-main-header-display":"","ast-hfb-above-header-display":"","ast-hfb-below-header-display":"","ast-hfb-mobile-header-display":"","site-post-title":"","ast-breadcrumbs-content":"","ast-featured-img":"","footer-sml-layout":"","theme-transparent-header-meta":"","adv-header-id-meta":"","stick-header-meta":"","header-above-stick-meta":"","header-main-stick-meta":"","header-below-stick-meta":"","footnotes":""},"class_list":["post-2957","page","type-page","status-publish","has-post-thumbnail","hentry"],"yoast_head":"<!-- This site is optimized with the Yoast SEO plugin v19.10 - https:\/\/yoast.com\/wordpress\/plugins\/seo\/ -->\n<title>Piatra Neamt - Road to Romania<\/title>\n<meta name=\"robots\" content=\"index, follow, max-snippet:-1, max-image-preview:large, max-video-preview:-1\" \/>\n<link rel=\"canonical\" href=\"https:\/\/roadtoromania.com\/de\/staedte-und-regionen-rumaeniens\/piatra-neamt\/\" \/>\n<meta property=\"og:locale\" content=\"de_DE\" \/>\n<meta property=\"og:type\" content=\"article\" \/>\n<meta property=\"og:title\" content=\"Piatra Neamt - Road to Romania\" \/>\n<meta property=\"og:description\" content=\"Blick auf Piatra Neamt in der Abendd\u00e4mmerung Die &#8220;Sinaia Moldavian&#8221;, die Stadt Piatra Neamt , die wegen ihrer reichen Architektur auch als &#8220;moldawische Perle&#8221; bezeichnet wird, bildet eine Br\u00fccke zwischen den Regionen Bukowina und Siebenb\u00fcrgen. Die meisten der bedeutenden Bauwerke stammen von Stephan dem Gro\u00dfen, der zwischen 1457 und 1504 regierte . Das milde Klima &hellip; Piatra Neamt Read More \u00bb\" \/>\n<meta property=\"og:url\" content=\"https:\/\/roadtoromania.com\/de\/staedte-und-regionen-rumaeniens\/piatra-neamt\/\" \/>\n<meta property=\"og:site_name\" content=\"Road to Romania\" \/>\n<meta property=\"article:modified_time\" content=\"2022-10-15T22:16:38+00:00\" \/>\n<meta property=\"og:image\" content=\"https:\/\/roadtoromania.com\/wp-content\/uploads\/2022\/10\/piatra-neamt-rumania-1.jpg\" \/>\n\t<meta property=\"og:image:width\" content=\"768\" \/>\n\t<meta property=\"og:image:height\" content=\"507\" \/>\n\t<meta property=\"og:image:type\" content=\"image\/jpeg\" \/>\n<meta name=\"twitter:card\" content=\"summary_large_image\" \/>\n<meta name=\"twitter:label1\" content=\"Gesch\u00e4tzte Lesezeit\" \/>\n\t<meta name=\"twitter:data1\" content=\"4\u00a0Minuten\" \/>\n<script type=\"application\/ld+json\" class=\"yoast-schema-graph\">{\"@context\":\"https:\/\/schema.org\",\"@graph\":[{\"@type\":\"WebPage\",\"@id\":\"https:\/\/roadtoromania.com\/de\/staedte-und-regionen-rumaeniens\/piatra-neamt\/\",\"url\":\"https:\/\/roadtoromania.com\/de\/staedte-und-regionen-rumaeniens\/piatra-neamt\/\",\"name\":\"Piatra Neamt - Road to Romania\",\"isPartOf\":{\"@id\":\"https:\/\/roadtoromania.com\/de\/#website\"},\"datePublished\":\"2022-10-15T18:40:11+00:00\",\"dateModified\":\"2022-10-15T22:16:38+00:00\",\"breadcrumb\":{\"@id\":\"https:\/\/roadtoromania.com\/de\/staedte-und-regionen-rumaeniens\/piatra-neamt\/#breadcrumb\"},\"inLanguage\":\"de\",\"potentialAction\":[{\"@type\":\"ReadAction\",\"target\":[\"https:\/\/roadtoromania.com\/de\/staedte-und-regionen-rumaeniens\/piatra-neamt\/\"]}]},{\"@type\":\"BreadcrumbList\",\"@id\":\"https:\/\/roadtoromania.com\/de\/staedte-und-regionen-rumaeniens\/piatra-neamt\/#breadcrumb\",\"itemListElement\":[{\"@type\":\"ListItem\",\"position\":1,\"name\":\"Home\",\"item\":\"https:\/\/roadtoromania.com\/de\/\"},{\"@type\":\"ListItem\",\"position\":2,\"name\":\"St\u00e4dte und Regionen in Rum\u00e4nien\",\"item\":\"https:\/\/roadtoromania.com\/de\/staedte-und-regionen-rumaeniens\/\"},{\"@type\":\"ListItem\",\"position\":3,\"name\":\"Piatra Neamt\"}]},{\"@type\":\"WebSite\",\"@id\":\"https:\/\/roadtoromania.com\/de\/#website\",\"url\":\"https:\/\/roadtoromania.com\/de\/\",\"name\":\"Road to Romania\",\"description\":\"Der Blog, in dem Sie alle Informationen finden, die Sie brauchen, um Rum\u00e4nien zu genie\u00dfen.\",\"potentialAction\":[{\"@type\":\"SearchAction\",\"target\":{\"@type\":\"EntryPoint\",\"urlTemplate\":\"https:\/\/roadtoromania.com\/de\/?s={search_term_string}\"},\"query-input\":\"required name=search_term_string\"}],\"inLanguage\":\"de\"}]}<\/script>\n<!-- \/ Yoast SEO plugin. -->","yoast_head_json":{"title":"Piatra Neamt - Road to Romania","robots":{"index":"index","follow":"follow","max-snippet":"max-snippet:-1","max-image-preview":"max-image-preview:large","max-video-preview":"max-video-preview:-1"},"canonical":"https:\/\/roadtoromania.com\/de\/staedte-und-regionen-rumaeniens\/piatra-neamt\/","og_locale":"de_DE","og_type":"article","og_title":"Piatra Neamt - Road to Romania","og_description":"Blick auf Piatra Neamt in der Abendd\u00e4mmerung Die &#8220;Sinaia Moldavian&#8221;, die Stadt Piatra Neamt , die wegen ihrer reichen Architektur auch als &#8220;moldawische Perle&#8221; bezeichnet wird, bildet eine Br\u00fccke zwischen den Regionen Bukowina und Siebenb\u00fcrgen. Die meisten der bedeutenden Bauwerke stammen von Stephan dem Gro\u00dfen, der zwischen 1457 und 1504 regierte . Das milde Klima &hellip; Piatra Neamt Read More \u00bb","og_url":"https:\/\/roadtoromania.com\/de\/staedte-und-regionen-rumaeniens\/piatra-neamt\/","og_site_name":"Road to Romania","article_modified_time":"2022-10-15T22:16:38+00:00","og_image":[{"width":768,"height":507,"url":"https:\/\/roadtoromania.com\/wp-content\/uploads\/2022\/10\/piatra-neamt-rumania-1.jpg","type":"image\/jpeg"}],"twitter_card":"summary_large_image","twitter_misc":{"Gesch\u00e4tzte Lesezeit":"4\u00a0Minuten"},"schema":{"@context":"https:\/\/schema.org","@graph":[{"@type":"WebPage","@id":"https:\/\/roadtoromania.com\/de\/staedte-und-regionen-rumaeniens\/piatra-neamt\/","url":"https:\/\/roadtoromania.com\/de\/staedte-und-regionen-rumaeniens\/piatra-neamt\/","name":"Piatra Neamt - Road to Romania","isPartOf":{"@id":"https:\/\/roadtoromania.com\/de\/#website"},"datePublished":"2022-10-15T18:40:11+00:00","dateModified":"2022-10-15T22:16:38+00:00","breadcrumb":{"@id":"https:\/\/roadtoromania.com\/de\/staedte-und-regionen-rumaeniens\/piatra-neamt\/#breadcrumb"},"inLanguage":"de","potentialAction":[{"@type":"ReadAction","target":["https:\/\/roadtoromania.com\/de\/staedte-und-regionen-rumaeniens\/piatra-neamt\/"]}]},{"@type":"BreadcrumbList","@id":"https:\/\/roadtoromania.com\/de\/staedte-und-regionen-rumaeniens\/piatra-neamt\/#breadcrumb","itemListElement":[{"@type":"ListItem","position":1,"name":"Home","item":"https:\/\/roadtoromania.com\/de\/"},{"@type":"ListItem","position":2,"name":"St\u00e4dte und Regionen in Rum\u00e4nien","item":"https:\/\/roadtoromania.com\/de\/staedte-und-regionen-rumaeniens\/"},{"@type":"ListItem","position":3,"name":"Piatra Neamt"}]},{"@type":"WebSite","@id":"https:\/\/roadtoromania.com\/de\/#website","url":"https:\/\/roadtoromania.com\/de\/","name":"Road to Romania","description":"Der Blog, in dem Sie alle Informationen finden, die Sie brauchen, um Rum\u00e4nien zu genie\u00dfen.","potentialAction":[{"@type":"SearchAction","target":{"@type":"EntryPoint","urlTemplate":"https:\/\/roadtoromania.com\/de\/?s={search_term_string}"},"query-input":"required name=search_term_string"}],"inLanguage":"de"}]}},"_links":{"self":[{"href":"https:\/\/roadtoromania.com\/de\/wp-json\/wp\/v2\/pages\/2957","targetHints":{"allow":["GET"]}}],"collection":[{"href":"https:\/\/roadtoromania.com\/de\/wp-json\/wp\/v2\/pages"}],"about":[{"href":"https:\/\/roadtoromania.com\/de\/wp-json\/wp\/v2\/types\/page"}],"author":[{"embeddable":true,"href":"https:\/\/roadtoromania.com\/de\/wp-json\/wp\/v2\/users\/1"}],"replies":[{"embeddable":true,"href":"https:\/\/roadtoromania.com\/de\/wp-json\/wp\/v2\/comments?post=2957"}],"version-history":[{"count":1,"href":"https:\/\/roadtoromania.com\/de\/wp-json\/wp\/v2\/pages\/2957\/revisions"}],"predecessor-version":[{"id":2958,"href":"https:\/\/roadtoromania.com\/de\/wp-json\/wp\/v2\/pages\/2957\/revisions\/2958"}],"up":[{"embeddable":true,"href":"https:\/\/roadtoromania.com\/de\/wp-json\/wp\/v2\/pages\/2910"}],"wp:featuredmedia":[{"embeddable":true,"href":"https:\/\/roadtoromania.com\/de\/wp-json\/wp\/v2\/media\/1295"}],"wp:attachment":[{"href":"https:\/\/roadtoromania.com\/de\/wp-json\/wp\/v2\/media?parent=2957"}],"curies":[{"name":"wp","href":"https:\/\/api.w.org\/{rel}","templated":true}]}}