{"id":2959,"date":"2022-10-15T18:40:11","date_gmt":"2022-10-15T18:40:11","guid":{"rendered":"https:\/\/roadtoromania.com\/staedte-und-regionen-rumaeniens\/region-de-maramures\/"},"modified":"2022-10-16T09:13:12","modified_gmt":"2022-10-16T09:13:12","slug":"region-maramures","status":"publish","type":"page","link":"https:\/\/roadtoromania.com\/de\/staedte-und-regionen-rumaeniens\/region-maramures\/","title":{"rendered":"Region Maramures"},"content":{"rendered":"<p><a href=\"https:\/\/roadtoromania.com\/wp-content\/uploads\/2022\/10\/puertas_maramures.jpg\"><img decoding=\"async\" src=\"https:\/\/roadtoromania.com\/wp-content\/uploads\/2022\/10\/puertas_maramures.jpg\" \/><\/a> Maramures Holzt\u00fcren<\/p>\n<p><strong>Maramures<\/strong> ist eine wenig bekannte Region f\u00fcr Touristen, die nach Rum\u00e4nien kommen und von dem Bild angezogen werden, dass das Land nur aus <strong>Siebenb\u00fcrgen<\/strong> besteht.Es liegt im n\u00f6rdlichen Teil, an der Grenze zur Ukraine, und das ruhige Leben seiner D\u00f6rfer wie das Vaser Tal, Baia Mare, Viseu de Sus, die r\u00f6mische Stadt Ieud &#8211; gegr\u00fcndet von den Dakern &#8211; <a href=\"https:\/\/roadtoromania.com\/de\/staedte-und-regionen-rumaeniens\/satu-mare\/\"> <strong>Satu Mare<\/strong><\/a> , oder Sighetu Marmatiei ist ein Garant f\u00fcr gastfreundliche Menschen, traditionelle Gastronomie und viel Natur wie das Iza Tal.<\/p>\n<h2>Sehenswertes in der Region Maramures<\/h2>\n<p>Die Realit\u00e4t ist besser als erwartet, denn in jedem Reisef\u00fchrer findet man Hinweise auf die Maramures, auf die Architektur ihrer Holzkirchen, auf die historischen Kl\u00f6ster und auf die Traditionen, die seit Jahrhunderten fast unber\u00fchrt erhalten geblieben sind. In<a href=\"https:\/\/roadtoromania.com\/de\/staedte-und-regionen-rumaeniens\/baia-mare\/\"> <strong>Baia Mare<\/strong><\/a> , der Hauptstadt der Maramures, k\u00f6nnen wir das Ethnografische Museum besuchen, eines der gr\u00f6\u00dften Rum\u00e4niens, in dem Utensilien aufbewahrt werden, die auch in der heutigen Landwirtschaft und Fertigung nicht selten zu finden sind.<\/p>\n<p>Holz ist das edle Material, das die ber\u00fchmten Maramures-T\u00fcren schm\u00fcckt, die Meisterwerke der Bildhauerei und Schnitzerei auf &#8220;Baumfleisch&#8221; sind. Fast jedes Haus hat einen h\u00f6lzernen Torbogen mit floralen Ornamenten und folkloristischen Symbolen oder Heiligenbildern<\/p>\n<p>.<\/p>\n<p>Auch die neueren H\u00e4user haben neuere Holzt\u00fcren, die anspruchsvoller sind und manchmal abgenutzt aussehen, aber aus neuerer Produktion stammen. Wenn Sie ein Liebhaber der Fotografie sind, werden Sie auf Ihrer Route durch die Maramures vielleicht alle hundert Meter anhalten, um ein Foto des gr\u00f6\u00dften Tores zu schie\u00dfen.<\/p>\n<p><a href=\"https:\/\/roadtoromania.com\/wp-content\/uploads\/2022\/10\/sapanta_rumania.jpg\"><img decoding=\"async\" src=\"https:\/\/roadtoromania.com\/wp-content\/uploads\/2022\/10\/sapanta_rumania.jpg\" \/><\/a> Sapanta-Friedhof<\/p>\n<p>Der <strong>Barsana-Komplex<\/strong> besteht aus einer Reihe von Kirchen, die einen sehr sch\u00f6nen und angenehmen Klosterkomplex aus dem 14. Die wieder aufgebaute und renovierte Kirche ist eine der h\u00f6chsten Holzkirchen Europas<\/p>\n<p>.<\/p>\n<p>Andererseits verbindet der <a href=\"https:\/\/roadtoromania.com\/de\/denkmaeler-der-rumaenien-was-zu-sehen-in-rumaenien\/friedhof-alegre-de-sapanta\/\"> <strong>fr\u00f6hliche Friedhof von Sapanta<\/strong><\/a> zwei antagonistische Konzepte. Einen Friedhof als fr\u00f6hlich zu bezeichnen, mag makaber klingen, aber ein Spaziergang durch die Gr\u00e4berreihen zaubert zweifellos ein L\u00e4cheln auf Ihr Gesicht, selbst wenn Sie die Grabinschriften nicht verstehen. Die Grafiken des Autors Stan Patras schm\u00fccken jedes Grab mit seinen farbenfrohen Kreuzen und mit Zeichnungen, die Alltagsszenen der Verstorbenen darstellen, sei es auf dem Traktor oder beim Melken von Rindern.<\/p>\n<p>Im Winter ist der <strong>Ferienort Borsa,<\/strong> am Fu\u00dfe des Pietrosul, des h\u00f6chsten Berges der Karpaten, voll von Skifahrern, die hier einen sehr beliebten Sportplatz suchen.<\/p>\n<p>Traditionen der Maramuresch<\/p>\n<p>Neben der Gastronomie und der Architektur werden die Folklore und die Jahrtausende alten Traditionen durch einige typische Produkte gepr\u00e4gt, wie die gewebten Teppiche, die typischen M\u00fctzen der M\u00e4nner, die bestickten Blusen der Frauen und nat\u00fcrlich ein gutes Glas Palinka, ein starker Schnaps aus Pflaumen.<\/p>\n<p>Wie man nach Maramures kommt<\/p>\n<p>Der einzige Nachteil von Maramures k\u00f6nnte die Tatsache sein, dass es nicht so leicht zug\u00e4nglich ist. Ob wir von <strong>Cluj<\/strong> nach Westen kommen, oder ob wir von Bukarest kommend ganz Siebenb\u00fcrgen durchqueren, es erwartet uns eine gebirgige Strecke mit komplizierten Stra\u00dfen, aber mit einer unvergesslichen Landschaft, die f\u00fcr immer in unserem visuellen Ged\u00e4chtnis &#8211; und nat\u00fcrlich auf unseren Fotos &#8211; eingepr\u00e4gt bleiben wird.<\/p>\n<h2><strong>Autovermietung in Maramures<\/strong><\/h2>\n","protected":false},"excerpt":{"rendered":"<p>Maramures Holzt\u00fcren Maramures ist eine wenig bekannte Region f\u00fcr Touristen, die nach Rum\u00e4nien kommen und von dem Bild angezogen werden, dass das Land nur aus Siebenb\u00fcrgen besteht.Es liegt im n\u00f6rdlichen Teil, an der Grenze zur Ukraine, und das ruhige Leben seiner D\u00f6rfer wie das Vaser Tal, Baia Mare, Viseu de Sus, die r\u00f6mische Stadt Ieud &hellip;<\/p>\n<p class=\"read-more\"> <a class=\"\" href=\"https:\/\/roadtoromania.com\/de\/staedte-und-regionen-rumaeniens\/region-maramures\/\"> <span class=\"screen-reader-text\">Region Maramures<\/span> Read More \u00bb<\/a><\/p>\n","protected":false},"author":1,"featured_media":1309,"parent":2910,"menu_order":0,"comment_status":"open","ping_status":"open","template":"","meta":{"site-sidebar-layout":"default","site-content-layout":"default","ast-global-header-display":"","ast-main-header-display":"","ast-hfb-above-header-display":"","ast-hfb-below-header-display":"","ast-hfb-mobile-header-display":"","site-post-title":"","ast-breadcrumbs-content":"","ast-featured-img":"","footer-sml-layout":"","theme-transparent-header-meta":"","adv-header-id-meta":"","stick-header-meta":"","header-above-stick-meta":"","header-main-stick-meta":"","header-below-stick-meta":"","footnotes":""},"class_list":["post-2959","page","type-page","status-publish","has-post-thumbnail","hentry"],"yoast_head":"<!-- This site is optimized with the Yoast SEO plugin v19.10 - https:\/\/yoast.com\/wordpress\/plugins\/seo\/ -->\n<title>Region Maramures - Road to Romania<\/title>\n<meta name=\"robots\" content=\"index, follow, max-snippet:-1, max-image-preview:large, max-video-preview:-1\" \/>\n<link rel=\"canonical\" href=\"https:\/\/roadtoromania.com\/de\/staedte-und-regionen-rumaeniens\/region-maramures\/\" \/>\n<meta property=\"og:locale\" content=\"de_DE\" \/>\n<meta property=\"og:type\" content=\"article\" \/>\n<meta property=\"og:title\" content=\"Region Maramures - Road to Romania\" \/>\n<meta property=\"og:description\" content=\"Maramures Holzt\u00fcren Maramures ist eine wenig bekannte Region f\u00fcr Touristen, die nach Rum\u00e4nien kommen und von dem Bild angezogen werden, dass das Land nur aus Siebenb\u00fcrgen besteht.Es liegt im n\u00f6rdlichen Teil, an der Grenze zur Ukraine, und das ruhige Leben seiner D\u00f6rfer wie das Vaser Tal, Baia Mare, Viseu de Sus, die r\u00f6mische Stadt Ieud &hellip; Region Maramures Read More \u00bb\" \/>\n<meta property=\"og:url\" content=\"https:\/\/roadtoromania.com\/de\/staedte-und-regionen-rumaeniens\/region-maramures\/\" \/>\n<meta property=\"og:site_name\" content=\"Road to Romania\" \/>\n<meta property=\"article:modified_time\" content=\"2022-10-16T09:13:12+00:00\" \/>\n<meta property=\"og:image\" content=\"https:\/\/roadtoromania.com\/wp-content\/uploads\/2022\/10\/puertas_maramures-1.jpg\" \/>\n\t<meta property=\"og:image:width\" content=\"600\" \/>\n\t<meta property=\"og:image:height\" content=\"450\" \/>\n\t<meta property=\"og:image:type\" content=\"image\/jpeg\" \/>\n<meta name=\"twitter:card\" content=\"summary_large_image\" \/>\n<meta name=\"twitter:label1\" content=\"Gesch\u00e4tzte Lesezeit\" \/>\n\t<meta name=\"twitter:data1\" content=\"3\u00a0Minuten\" \/>\n<script type=\"application\/ld+json\" class=\"yoast-schema-graph\">{\"@context\":\"https:\/\/schema.org\",\"@graph\":[{\"@type\":\"WebPage\",\"@id\":\"https:\/\/roadtoromania.com\/de\/staedte-und-regionen-rumaeniens\/region-maramures\/\",\"url\":\"https:\/\/roadtoromania.com\/de\/staedte-und-regionen-rumaeniens\/region-maramures\/\",\"name\":\"Region Maramures - Road to Romania\",\"isPartOf\":{\"@id\":\"https:\/\/roadtoromania.com\/de\/#website\"},\"datePublished\":\"2022-10-15T18:40:11+00:00\",\"dateModified\":\"2022-10-16T09:13:12+00:00\",\"breadcrumb\":{\"@id\":\"https:\/\/roadtoromania.com\/de\/staedte-und-regionen-rumaeniens\/region-maramures\/#breadcrumb\"},\"inLanguage\":\"de\",\"potentialAction\":[{\"@type\":\"ReadAction\",\"target\":[\"https:\/\/roadtoromania.com\/de\/staedte-und-regionen-rumaeniens\/region-maramures\/\"]}]},{\"@type\":\"BreadcrumbList\",\"@id\":\"https:\/\/roadtoromania.com\/de\/staedte-und-regionen-rumaeniens\/region-maramures\/#breadcrumb\",\"itemListElement\":[{\"@type\":\"ListItem\",\"position\":1,\"name\":\"Home\",\"item\":\"https:\/\/roadtoromania.com\/de\/\"},{\"@type\":\"ListItem\",\"position\":2,\"name\":\"St\u00e4dte und Regionen in Rum\u00e4nien\",\"item\":\"https:\/\/roadtoromania.com\/de\/staedte-und-regionen-rumaeniens\/\"},{\"@type\":\"ListItem\",\"position\":3,\"name\":\"Region Maramures\"}]},{\"@type\":\"WebSite\",\"@id\":\"https:\/\/roadtoromania.com\/de\/#website\",\"url\":\"https:\/\/roadtoromania.com\/de\/\",\"name\":\"Road to Romania\",\"description\":\"Der Blog, in dem Sie alle Informationen finden, die Sie brauchen, um Rum\u00e4nien zu genie\u00dfen.\",\"potentialAction\":[{\"@type\":\"SearchAction\",\"target\":{\"@type\":\"EntryPoint\",\"urlTemplate\":\"https:\/\/roadtoromania.com\/de\/?s={search_term_string}\"},\"query-input\":\"required name=search_term_string\"}],\"inLanguage\":\"de\"}]}<\/script>\n<!-- \/ Yoast SEO plugin. -->","yoast_head_json":{"title":"Region Maramures - Road to Romania","robots":{"index":"index","follow":"follow","max-snippet":"max-snippet:-1","max-image-preview":"max-image-preview:large","max-video-preview":"max-video-preview:-1"},"canonical":"https:\/\/roadtoromania.com\/de\/staedte-und-regionen-rumaeniens\/region-maramures\/","og_locale":"de_DE","og_type":"article","og_title":"Region Maramures - Road to Romania","og_description":"Maramures Holzt\u00fcren Maramures ist eine wenig bekannte Region f\u00fcr Touristen, die nach Rum\u00e4nien kommen und von dem Bild angezogen werden, dass das Land nur aus Siebenb\u00fcrgen besteht.Es liegt im n\u00f6rdlichen Teil, an der Grenze zur Ukraine, und das ruhige Leben seiner D\u00f6rfer wie das Vaser Tal, Baia Mare, Viseu de Sus, die r\u00f6mische Stadt Ieud &hellip; Region Maramures Read More \u00bb","og_url":"https:\/\/roadtoromania.com\/de\/staedte-und-regionen-rumaeniens\/region-maramures\/","og_site_name":"Road to Romania","article_modified_time":"2022-10-16T09:13:12+00:00","og_image":[{"width":600,"height":450,"url":"https:\/\/roadtoromania.com\/wp-content\/uploads\/2022\/10\/puertas_maramures-1.jpg","type":"image\/jpeg"}],"twitter_card":"summary_large_image","twitter_misc":{"Gesch\u00e4tzte Lesezeit":"3\u00a0Minuten"},"schema":{"@context":"https:\/\/schema.org","@graph":[{"@type":"WebPage","@id":"https:\/\/roadtoromania.com\/de\/staedte-und-regionen-rumaeniens\/region-maramures\/","url":"https:\/\/roadtoromania.com\/de\/staedte-und-regionen-rumaeniens\/region-maramures\/","name":"Region Maramures - Road to Romania","isPartOf":{"@id":"https:\/\/roadtoromania.com\/de\/#website"},"datePublished":"2022-10-15T18:40:11+00:00","dateModified":"2022-10-16T09:13:12+00:00","breadcrumb":{"@id":"https:\/\/roadtoromania.com\/de\/staedte-und-regionen-rumaeniens\/region-maramures\/#breadcrumb"},"inLanguage":"de","potentialAction":[{"@type":"ReadAction","target":["https:\/\/roadtoromania.com\/de\/staedte-und-regionen-rumaeniens\/region-maramures\/"]}]},{"@type":"BreadcrumbList","@id":"https:\/\/roadtoromania.com\/de\/staedte-und-regionen-rumaeniens\/region-maramures\/#breadcrumb","itemListElement":[{"@type":"ListItem","position":1,"name":"Home","item":"https:\/\/roadtoromania.com\/de\/"},{"@type":"ListItem","position":2,"name":"St\u00e4dte und Regionen in Rum\u00e4nien","item":"https:\/\/roadtoromania.com\/de\/staedte-und-regionen-rumaeniens\/"},{"@type":"ListItem","position":3,"name":"Region Maramures"}]},{"@type":"WebSite","@id":"https:\/\/roadtoromania.com\/de\/#website","url":"https:\/\/roadtoromania.com\/de\/","name":"Road to Romania","description":"Der Blog, in dem Sie alle Informationen finden, die Sie brauchen, um Rum\u00e4nien zu genie\u00dfen.","potentialAction":[{"@type":"SearchAction","target":{"@type":"EntryPoint","urlTemplate":"https:\/\/roadtoromania.com\/de\/?s={search_term_string}"},"query-input":"required name=search_term_string"}],"inLanguage":"de"}]}},"_links":{"self":[{"href":"https:\/\/roadtoromania.com\/de\/wp-json\/wp\/v2\/pages\/2959","targetHints":{"allow":["GET"]}}],"collection":[{"href":"https:\/\/roadtoromania.com\/de\/wp-json\/wp\/v2\/pages"}],"about":[{"href":"https:\/\/roadtoromania.com\/de\/wp-json\/wp\/v2\/types\/page"}],"author":[{"embeddable":true,"href":"https:\/\/roadtoromania.com\/de\/wp-json\/wp\/v2\/users\/1"}],"replies":[{"embeddable":true,"href":"https:\/\/roadtoromania.com\/de\/wp-json\/wp\/v2\/comments?post=2959"}],"version-history":[{"count":2,"href":"https:\/\/roadtoromania.com\/de\/wp-json\/wp\/v2\/pages\/2959\/revisions"}],"predecessor-version":[{"id":3110,"href":"https:\/\/roadtoromania.com\/de\/wp-json\/wp\/v2\/pages\/2959\/revisions\/3110"}],"up":[{"embeddable":true,"href":"https:\/\/roadtoromania.com\/de\/wp-json\/wp\/v2\/pages\/2910"}],"wp:featuredmedia":[{"embeddable":true,"href":"https:\/\/roadtoromania.com\/de\/wp-json\/wp\/v2\/media\/1309"}],"wp:attachment":[{"href":"https:\/\/roadtoromania.com\/de\/wp-json\/wp\/v2\/media?parent=2959"}],"curies":[{"name":"wp","href":"https:\/\/api.w.org\/{rel}","templated":true}]}}