{"id":2961,"date":"2022-10-15T18:40:11","date_gmt":"2022-10-15T18:40:11","guid":{"rendered":"https:\/\/roadtoromania.com\/staedte-und-regionen-rumaeniens\/romanisch\/"},"modified":"2022-10-16T08:17:36","modified_gmt":"2022-10-16T08:17:36","slug":"roman","status":"publish","type":"page","link":"https:\/\/roadtoromania.com\/de\/staedte-und-regionen-rumaeniens\/roman\/","title":{"rendered":"Roman"},"content":{"rendered":"<p><a href=\"https:\/\/roadtoromania.com\/wp-content\/uploads\/2022\/10\/roman-museos-rumania.jpg\"><img decoding=\"async\" src=\"https:\/\/roadtoromania.com\/wp-content\/uploads\/2022\/10\/roman-museos-rumania.jpg\" \/><\/a><\/p>\n<p>Museum, eines der sch\u00f6nsten Geb\u00e4ude der Stadt. Foto von Radu Ana Maria<\/p>\n<p>Die Stadt Roman ist eines der wichtigsten urbanen Zentren in der rum\u00e4nischen <a href=\"https:\/\/roadtoromania.com\/monumenti-della-romania-cosa-vedere-in-romania\/moldova-romania\/\">Moldau<\/a> . Ohne die Gr\u00f6\u00dfe und kulturelle Bedeutung von <a href=\"https:\/\/roadtoromania.com\/de\/staedte-und-regionen-rumaeniens\/iasi\/\"> Iasi<\/a> , Galati oder <a href=\"https:\/\/roadtoromania.com\/de\/staedte-und-regionen-rumaeniens\/piatra-neamt\/\"> Piatra Neamt<\/a> , den Flugh\u00e4fen der Hauptstadt und <strong>Bacau<\/strong> , hat Roman einige interessante Elemente, aber vor allem seine zentrale Lage in Moldawien macht es zu einem perfekten Ort, um sich niederzulassen und die Region zu besuchen.<\/p>\n<p>Dienstleistungen, Industrie und Tourismus in Rom<\/p>\n<p>Die Stadt wurde im 13. Jahrhundert gegr\u00fcndet, und ihre Festung war w\u00e4hrend des goldenen Zeitalters des moldawischen F\u00fcrstentums (14. bis 16. Jahrhundert) von gro\u00dfer Bedeutung. Heute ist Roman mit rund 70 000 Einwohnern auf halbem Weg zwischen den Flugh\u00e4fen von Bacau und Iasi ein wichtiges regionales Zentrum<\/p>\n<p>Anfahrtsbeschreibung Roman<\/p>\n<p>Mehrere Billigfl\u00fcge landen in Bacau (40 km) und Iasi (86km), -zwischen 40 Minuten und einer Stunde auf der Stra\u00dfe-, von mehreren europ\u00e4ischen Flugh\u00e4fen (in Frankreich, Belgien, Gro\u00dfbritannien, Italien und Irland und Bukarest)<\/p>\n<p>Dank der guten Zugverbindungen, einem billigen und sicheren Verkehrsmittel in Rum\u00e4nien, ist die Anreise nach Roman recht einfach<\/p>\n<div id=\"toc_container\" class=\"no_bullets\"><p class=\"toc_title\">Contents<\/p><ul class=\"toc_list\"><li><a href=\"#Wie_man_sich_in_Rom_bewegt\"><span class=\"toc_number toc_depth_1\">1<\/span> Wie man sich in Rom bewegt<\/a><\/li><li><a href=\"#Wo_man_in_Rom_schlafen_kann\"><span class=\"toc_number toc_depth_1\">2<\/span> Wo man in Rom schlafen kann<\/a><\/li><li><a href=\"#Wo_man_in_Rom_essen_kann\"><span class=\"toc_number toc_depth_1\">3<\/span> Wo man in Rom essen kann<\/a><ul><li><a href=\"#Religioese_Architektur\"><span class=\"toc_number toc_depth_2\">3.1<\/span> Religi\u00f6se Architektur<\/a><\/li><\/ul><\/li><\/ul><\/div>\n<h2><span id=\"Wie_man_sich_in_Rom_bewegt\"><strong>Wie man sich in Rom bewegt<\/strong><\/span><\/h2>\n<p>Von Roman aus kann man mit dem Zug nach Piatra Neamt, Iasi oder <strong>Siebenb\u00fcrgen<\/strong> (<a href=\"https:\/\/roadtoromania.com\/de\/staedte-und-regionen-rumaeniens\/brasov\/\">Brasov<\/a> oder Cluj), Maramures und Bukovina (<a href=\"https:\/\/roadtoromania.com\/de\/staedte-und-regionen-rumaeniens\/suceava\/\">Suceava<\/a> ) fahren. Aber wenn Sie sich wirklich frei bewegen und die Region entdecken wollen, m\u00fcssen Sie <a href=\"https:\/\/roadtoromania.com\/de\/autovermietung-in-rumaenien\/\">ein Auto mieten<\/a> oder an einem organisierten Ausflug teilnehmen .<\/p>\n<h2><span id=\"Wo_man_in_Rom_schlafen_kann\"><strong>Wo man in Rom schlafen kann<\/strong><\/span><\/h2>\n<p>Die Stadt verf\u00fcgt \u00fcber mehrere Hotels verschiedener Kategorien. Die Preise sind nicht sehr hoch, so dass wir Ihnen empfehlen, die besten zu w\u00e4hlen. F\u00fcr weitere Informationen schreiben Sie uns bitte oder <a href=\"https:\/\/roadtoromania.com\/de\/unterkunft-in-rumaenien\/hotels-in-rumaenien\/\"> benutzen Sie unsere Suchmaschine hier<\/a> .<\/p>\n<p><img decoding=\"async\" src=\"https:\/\/roadtoromania.com\/wp-content\/uploads\/2022\/10\/hanul-ancutei-moldavia.jpg\" \/><img decoding=\"async\" src=\"data:image\/gif;base64,R0lGODdhAQABAPAAAMPDwwAAACwAAAAAAQABAAACAkQBADs=\" \/><\/a> Das Restaurant verf\u00fcgt \u00fcber einen Weinkeller, einen Sommerspeisesaal und zwei Etagen im Hauptgeb\u00e4ude. <\/p>\n<h2><span id=\"Wo_man_in_Rom_essen_kann\"><strong>Wo man in Rom essen kann<\/strong><\/span><\/h2>\n<p>Die Auswahl ist vielf\u00e4ltig und das moldauische Essen ist reich an Kalorien. Nicht weit von Roman entfernt befindet sich das Restaurant Hanul Ancutei. Es ist eines unserer Lieblingsst\u00fccke. Wenn Sie Informationen ben\u00f6tigen oder mit ihnen in Kontakt treten m\u00f6chten, schreiben Sie uns bitte<\/p>\n<p>.<br \/>\nWas es in Rom zu sehen gibt<\/p>\n<p>Das Zentrum ist nicht sehr gro\u00df, aber es gibt einige Bars und Restaurants, die abends belebt sind. Das kulturelle Angebot wird durch Dienstleistungen wie Superm\u00e4rkte, Post und verschiedene Gesch\u00e4fte erg\u00e4nzt<\/p>\n<p>.<\/p>\n<p>Was die Museen betrifft, so gibt es drei herausragende Museen.Zun\u00e4chst das <strong>Museum f\u00fcr Geschichte<\/strong> , das in einem kleinen Palast aus dem 19. Jahrhundert untergebracht ist, dem <strong>Nevruzzi-Palast<\/strong> . Hier finden Sie arch\u00e4ologische Sammlungen aus der dakischen Zeit und dem Mittelalter<\/p>\n<p>.<br \/>\nDas 1970 gegr\u00fcndete Kunstmuseum verf\u00fcgt \u00fcber eine gute Sammlung zeitgen\u00f6ssischer rum\u00e4nischer Gem\u00e4lde. Das 1960 eingeweihte <strong>Museum<\/strong> schlie\u00dflich zeigt die Fauna und Flora des Siret-Tals, in dem Roman liegt, und vermittelt ein Bild von der Natur der T\u00e4ler und Ebenen, die nach dem Ende der Karpaten die rum\u00e4nische Moldau bilden.<\/p>\n<p>Historische Geb\u00e4ude<\/p>\n<p>Trotz zahlreicher st\u00e4dtebaulicher Ver\u00e4nderungen und Bauten im sozialistischen Stil &#8211; die, gelinde gesagt, nicht immer sehr erfolgreich waren &#8211; hat Roman viele interessante Geb\u00e4ude bewahrt, wenn auch in einem nicht sehr gut organisierten Stadtgef\u00fcge<\/p>\n<p>.<br \/>\n<img decoding=\"async\" src=\"https:\/\/roadtoromania.com\/wp-content\/uploads\/2022\/10\/roman-moldavia-rumania.jpg\" \/><img decoding=\"async\" src=\"data:image\/gif;base64,R0lGODdhAQABAPAAAMPDwwAAACwAAAAAAQABAAACAkQBADs=\" \/><\/a> Kirche im Winter in Roman.<\/p>\n<h3><span id=\"Religioese_Architektur\"><strong>Religi\u00f6se Architektur<\/strong><\/span><\/h3>\n<p>Wie in anderen rum\u00e4nischen Regionen \u00fcberraschen auch hier die orthodoxen Kirchen durch ihre Anzahl, Vielfalt und Sch\u00f6nheit. Die Region Moldau verdankt dem frommen Zorn Stephans des Gro\u00dfen, des F\u00fcrsten von Moldawien im 14. Jahrhundert, viel. In Roman sind hervorzuheben <strong>die orthodoxe Kathedrale<\/strong> aus dem Jahr 1408, sowie <strong>die Kirchen von Precista Mare (1569); die Kirche der Heiligen Woiwoden aus dem XVII. Jahrhundert; die Precista Mic\u0103 aus dem XVIII. Jahrhundert oder die armenische Kirche aus dem XIV.<\/strong><\/p>\n<p>Festungen und Schl\u00f6sser<\/p>\n<p>Trotz zahlreicher st\u00e4dtebaulicher Ver\u00e4nderungen k\u00f6nnen die Ruinen der alten <strong>Zitadelle von Peter I. von Moldawien<\/strong> noch immer besichtigt werden .<\/p>\n<p>Interessanter sind vielleicht die Ruinen der <strong>Neuen Zitadelle<\/strong> , die 5 km vom Zentrum entfernt in dem kleinen Dorf G\u00e2din\u021bi erbaut wurde, ein Werk des allgegenw\u00e4rtigen Stephan des Gro\u00dfen aus dem Jahr 1466, das jedoch 1675 von Dimitri Cantacuzino zerst\u00f6rt wurde, als das F\u00fcrstentum Moldawien seine Macht verlor.<\/p>\n<p>Andere bemerkenswerte Geb\u00e4ude<\/p>\n<p>Roman war der Geburtsort des Musikers und Dirigenten <strong>Sergiu Celibidache<\/strong> . Wie so viele andere rum\u00e4nische K\u00fcnstler (z. B. Brancusi oder Ionesco) emigrierte Celibidache nach Frankreich, wo er bis zu seinem Tod am Ende des 20.<\/p>\n<p>Ein weiteres Haus, das Sie besuchen sollten, wenn Sie sich f\u00fcr Architektur interessieren, ist das <strong>Ioachim-Haus<\/strong> , das im 19. Jahrhundert von dem gro\u00dfen Gesch\u00e4ftsmann Vasile Ioachim erbaut wurde<\/p>\n<p>.<br \/>\n<img decoding=\"async\" src=\"https:\/\/roadtoromania.com\/wp-content\/uploads\/2022\/10\/popa-museum-roman.jpg\" \/><img decoding=\"async\" src=\"data:image\/gif;base64,R0lGODdhAQABAPAAAMPDwwAAACwAAAAAAQABAAACAkQBADs=\" \/><\/a> Das Popa-Museum ist eine echte Entdeckung. Als Sammler und naiver K\u00fcnstler hat Herr Popa ein unbekanntes, aber sehr empfehlenswertes Verm\u00e4chtnis hinterlassen. I\u00f1igo Pedrueza.<\/p>\n<p><strong>Natur und Umgebung.<\/strong><\/p>\n<p>Die rum\u00e4nische Moldau ist eine Region der Natur, die man nicht verpassen sollte. Ein Besuch im Gebiet der <a href=\"https:\/\/roadtoromania.com\/de\/natur-rumaenien\/schluchten-von-bicaz\/\">Bicaz-Schluchten<\/a> , des gleichnamigen Sees oder des <strong>Nationalparks Mount Ceahlau<\/strong> sind nur einige der M\u00f6glichkeiten. Die Seen sind ideal f\u00fcr Wassersport, und auch Wandern oder Bergsteigen sind sehr zu empfehlen<\/p>\n<p>.<br \/>\nDie Kl\u00f6ster Neamt, Agapia, Neamt, Durau, Secu Varatec, Bistrita oder Sihastria befinden sich im r\u00f6mischen Gebiet. Sie sind nicht so bekannt wie die von Maramures, aber genauso sch\u00f6n, so dass Sie sie besuchen sollten.<\/p>\n<p>Auch das Popa-Museum ist einen Besuch wert. Es ist das Werk des K\u00fcnstlers und Sammlers Neculai Popa aus N\u00e4ive. Es wurde 1970 gegr\u00fcndet und umfasst die Sammlungen des Autors sowie seine eigenen Werke aus Holz und Stein, die die lokale Folklore darstellen<\/p>\n<p>.<\/p>\n","protected":false},"excerpt":{"rendered":"<p>Museum, eines der sch\u00f6nsten Geb\u00e4ude der Stadt. Foto von Radu Ana Maria Die Stadt Roman ist eines der wichtigsten urbanen Zentren in der rum\u00e4nischen Moldau . Ohne die Gr\u00f6\u00dfe und kulturelle Bedeutung von Iasi , Galati oder Piatra Neamt , den Flugh\u00e4fen der Hauptstadt und Bacau , hat Roman einige interessante Elemente, aber vor allem &hellip;<\/p>\n<p class=\"read-more\"> <a class=\"\" href=\"https:\/\/roadtoromania.com\/de\/staedte-und-regionen-rumaeniens\/roman\/\"> <span class=\"screen-reader-text\">Roman<\/span> Read More \u00bb<\/a><\/p>\n","protected":false},"author":1,"featured_media":1323,"parent":2910,"menu_order":0,"comment_status":"open","ping_status":"open","template":"","meta":{"site-sidebar-layout":"default","site-content-layout":"default","ast-global-header-display":"","ast-main-header-display":"","ast-hfb-above-header-display":"","ast-hfb-below-header-display":"","ast-hfb-mobile-header-display":"","site-post-title":"","ast-breadcrumbs-content":"","ast-featured-img":"","footer-sml-layout":"","theme-transparent-header-meta":"default","adv-header-id-meta":"","stick-header-meta":"","header-above-stick-meta":"","header-main-stick-meta":"","header-below-stick-meta":"","footnotes":""},"class_list":["post-2961","page","type-page","status-publish","has-post-thumbnail","hentry"],"yoast_head":"<!-- This site is optimized with the Yoast SEO plugin v19.10 - https:\/\/yoast.com\/wordpress\/plugins\/seo\/ -->\n<title>Roman - Road to Romania<\/title>\n<meta name=\"robots\" content=\"index, follow, max-snippet:-1, max-image-preview:large, max-video-preview:-1\" \/>\n<link rel=\"canonical\" href=\"https:\/\/roadtoromania.com\/de\/staedte-und-regionen-rumaeniens\/roman\/\" \/>\n<meta property=\"og:locale\" content=\"de_DE\" \/>\n<meta property=\"og:type\" content=\"article\" \/>\n<meta property=\"og:title\" content=\"Roman - Road to Romania\" \/>\n<meta property=\"og:description\" content=\"Museum, eines der sch\u00f6nsten Geb\u00e4ude der Stadt. Foto von Radu Ana Maria Die Stadt Roman ist eines der wichtigsten urbanen Zentren in der rum\u00e4nischen Moldau . Ohne die Gr\u00f6\u00dfe und kulturelle Bedeutung von Iasi , Galati oder Piatra Neamt , den Flugh\u00e4fen der Hauptstadt und Bacau , hat Roman einige interessante Elemente, aber vor allem &hellip; Roman Read More \u00bb\" \/>\n<meta property=\"og:url\" content=\"https:\/\/roadtoromania.com\/de\/staedte-und-regionen-rumaeniens\/roman\/\" \/>\n<meta property=\"og:site_name\" content=\"Road to Romania\" \/>\n<meta property=\"article:modified_time\" content=\"2022-10-16T08:17:36+00:00\" \/>\n<meta property=\"og:image\" content=\"https:\/\/roadtoromania.com\/wp-content\/uploads\/2022\/10\/roman-museos-rumania-1.jpg\" \/>\n\t<meta property=\"og:image:width\" content=\"768\" \/>\n\t<meta property=\"og:image:height\" content=\"514\" \/>\n\t<meta property=\"og:image:type\" content=\"image\/jpeg\" \/>\n<meta name=\"twitter:card\" content=\"summary_large_image\" \/>\n<meta name=\"twitter:label1\" content=\"Gesch\u00e4tzte Lesezeit\" \/>\n\t<meta name=\"twitter:data1\" content=\"6\u00a0Minuten\" \/>\n<script type=\"application\/ld+json\" class=\"yoast-schema-graph\">{\"@context\":\"https:\/\/schema.org\",\"@graph\":[{\"@type\":\"WebPage\",\"@id\":\"https:\/\/roadtoromania.com\/de\/staedte-und-regionen-rumaeniens\/roman\/\",\"url\":\"https:\/\/roadtoromania.com\/de\/staedte-und-regionen-rumaeniens\/roman\/\",\"name\":\"Roman - Road to Romania\",\"isPartOf\":{\"@id\":\"https:\/\/roadtoromania.com\/de\/#website\"},\"datePublished\":\"2022-10-15T18:40:11+00:00\",\"dateModified\":\"2022-10-16T08:17:36+00:00\",\"breadcrumb\":{\"@id\":\"https:\/\/roadtoromania.com\/de\/staedte-und-regionen-rumaeniens\/roman\/#breadcrumb\"},\"inLanguage\":\"de\",\"potentialAction\":[{\"@type\":\"ReadAction\",\"target\":[\"https:\/\/roadtoromania.com\/de\/staedte-und-regionen-rumaeniens\/roman\/\"]}]},{\"@type\":\"BreadcrumbList\",\"@id\":\"https:\/\/roadtoromania.com\/de\/staedte-und-regionen-rumaeniens\/roman\/#breadcrumb\",\"itemListElement\":[{\"@type\":\"ListItem\",\"position\":1,\"name\":\"Home\",\"item\":\"https:\/\/roadtoromania.com\/de\/\"},{\"@type\":\"ListItem\",\"position\":2,\"name\":\"St\u00e4dte und Regionen in Rum\u00e4nien\",\"item\":\"https:\/\/roadtoromania.com\/de\/staedte-und-regionen-rumaeniens\/\"},{\"@type\":\"ListItem\",\"position\":3,\"name\":\"Roman\"}]},{\"@type\":\"WebSite\",\"@id\":\"https:\/\/roadtoromania.com\/de\/#website\",\"url\":\"https:\/\/roadtoromania.com\/de\/\",\"name\":\"Road to Romania\",\"description\":\"Der Blog, in dem Sie alle Informationen finden, die Sie brauchen, um Rum\u00e4nien zu genie\u00dfen.\",\"potentialAction\":[{\"@type\":\"SearchAction\",\"target\":{\"@type\":\"EntryPoint\",\"urlTemplate\":\"https:\/\/roadtoromania.com\/de\/?s={search_term_string}\"},\"query-input\":\"required name=search_term_string\"}],\"inLanguage\":\"de\"}]}<\/script>\n<!-- \/ Yoast SEO plugin. -->","yoast_head_json":{"title":"Roman - Road to Romania","robots":{"index":"index","follow":"follow","max-snippet":"max-snippet:-1","max-image-preview":"max-image-preview:large","max-video-preview":"max-video-preview:-1"},"canonical":"https:\/\/roadtoromania.com\/de\/staedte-und-regionen-rumaeniens\/roman\/","og_locale":"de_DE","og_type":"article","og_title":"Roman - Road to Romania","og_description":"Museum, eines der sch\u00f6nsten Geb\u00e4ude der Stadt. Foto von Radu Ana Maria Die Stadt Roman ist eines der wichtigsten urbanen Zentren in der rum\u00e4nischen Moldau . Ohne die Gr\u00f6\u00dfe und kulturelle Bedeutung von Iasi , Galati oder Piatra Neamt , den Flugh\u00e4fen der Hauptstadt und Bacau , hat Roman einige interessante Elemente, aber vor allem &hellip; Roman Read More \u00bb","og_url":"https:\/\/roadtoromania.com\/de\/staedte-und-regionen-rumaeniens\/roman\/","og_site_name":"Road to Romania","article_modified_time":"2022-10-16T08:17:36+00:00","og_image":[{"width":768,"height":514,"url":"https:\/\/roadtoromania.com\/wp-content\/uploads\/2022\/10\/roman-museos-rumania-1.jpg","type":"image\/jpeg"}],"twitter_card":"summary_large_image","twitter_misc":{"Gesch\u00e4tzte Lesezeit":"6\u00a0Minuten"},"schema":{"@context":"https:\/\/schema.org","@graph":[{"@type":"WebPage","@id":"https:\/\/roadtoromania.com\/de\/staedte-und-regionen-rumaeniens\/roman\/","url":"https:\/\/roadtoromania.com\/de\/staedte-und-regionen-rumaeniens\/roman\/","name":"Roman - Road to Romania","isPartOf":{"@id":"https:\/\/roadtoromania.com\/de\/#website"},"datePublished":"2022-10-15T18:40:11+00:00","dateModified":"2022-10-16T08:17:36+00:00","breadcrumb":{"@id":"https:\/\/roadtoromania.com\/de\/staedte-und-regionen-rumaeniens\/roman\/#breadcrumb"},"inLanguage":"de","potentialAction":[{"@type":"ReadAction","target":["https:\/\/roadtoromania.com\/de\/staedte-und-regionen-rumaeniens\/roman\/"]}]},{"@type":"BreadcrumbList","@id":"https:\/\/roadtoromania.com\/de\/staedte-und-regionen-rumaeniens\/roman\/#breadcrumb","itemListElement":[{"@type":"ListItem","position":1,"name":"Home","item":"https:\/\/roadtoromania.com\/de\/"},{"@type":"ListItem","position":2,"name":"St\u00e4dte und Regionen in Rum\u00e4nien","item":"https:\/\/roadtoromania.com\/de\/staedte-und-regionen-rumaeniens\/"},{"@type":"ListItem","position":3,"name":"Roman"}]},{"@type":"WebSite","@id":"https:\/\/roadtoromania.com\/de\/#website","url":"https:\/\/roadtoromania.com\/de\/","name":"Road to Romania","description":"Der Blog, in dem Sie alle Informationen finden, die Sie brauchen, um Rum\u00e4nien zu genie\u00dfen.","potentialAction":[{"@type":"SearchAction","target":{"@type":"EntryPoint","urlTemplate":"https:\/\/roadtoromania.com\/de\/?s={search_term_string}"},"query-input":"required name=search_term_string"}],"inLanguage":"de"}]}},"_links":{"self":[{"href":"https:\/\/roadtoromania.com\/de\/wp-json\/wp\/v2\/pages\/2961","targetHints":{"allow":["GET"]}}],"collection":[{"href":"https:\/\/roadtoromania.com\/de\/wp-json\/wp\/v2\/pages"}],"about":[{"href":"https:\/\/roadtoromania.com\/de\/wp-json\/wp\/v2\/types\/page"}],"author":[{"embeddable":true,"href":"https:\/\/roadtoromania.com\/de\/wp-json\/wp\/v2\/users\/1"}],"replies":[{"embeddable":true,"href":"https:\/\/roadtoromania.com\/de\/wp-json\/wp\/v2\/comments?post=2961"}],"version-history":[{"count":2,"href":"https:\/\/roadtoromania.com\/de\/wp-json\/wp\/v2\/pages\/2961\/revisions"}],"predecessor-version":[{"id":3098,"href":"https:\/\/roadtoromania.com\/de\/wp-json\/wp\/v2\/pages\/2961\/revisions\/3098"}],"up":[{"embeddable":true,"href":"https:\/\/roadtoromania.com\/de\/wp-json\/wp\/v2\/pages\/2910"}],"wp:featuredmedia":[{"embeddable":true,"href":"https:\/\/roadtoromania.com\/de\/wp-json\/wp\/v2\/media\/1323"}],"wp:attachment":[{"href":"https:\/\/roadtoromania.com\/de\/wp-json\/wp\/v2\/media?parent=2961"}],"curies":[{"name":"wp","href":"https:\/\/api.w.org\/{rel}","templated":true}]}}