{"id":2967,"date":"2022-10-15T18:40:14","date_gmt":"2022-10-15T18:40:14","guid":{"rendered":"https:\/\/roadtoromania.com\/staedte-und-regionen-rumaeniens\/sighisoara\/"},"modified":"2022-10-15T22:16:42","modified_gmt":"2022-10-15T22:16:42","slug":"sighisoara","status":"publish","type":"page","link":"https:\/\/roadtoromania.com\/de\/staedte-und-regionen-rumaeniens\/sighisoara\/","title":{"rendered":"Sighisoara"},"content":{"rendered":"<p><img decoding=\"async\" src=\"https:\/\/roadtoromania.com\/wp-content\/uploads\/2022\/10\/sighisoara-rumania-ciudades.jpg\" \/>Enge Stra\u00dfen im Zentrum von Sighisoara. Wie in weiten Teilen Mitteleuropas sind die H\u00e4user in leuchtenden Farben gestrichen. Foto: Gepl.<\/p>\n<p>\n\u00a0<\/p>\n<div id=\"toc_container\" class=\"no_bullets\"><p class=\"toc_title\">Contents<\/p><ul class=\"toc_list\"><li><a href=\"#Geschichte_von_Sighisoara\"><span class=\"toc_number toc_depth_1\">1<\/span> \n Geschichte von Sighisoara <\/a><\/li><li><a href=\"#Wie_man_nach_Sighisoara_kommt\"><span class=\"toc_number toc_depth_1\">2<\/span> \n Wie man nach Sighisoara kommt <\/a><ul><li><a href=\"#Zitadelle_Sighisoara_Cetatea_Sighisoarei\"><span class=\"toc_number toc_depth_2\">2.1<\/span> \n Zitadelle Sighisoara (Cetatea Sighisoarei) .<\/a><\/li><li><a href=\"#Cositorilor-Turm\"><span class=\"toc_number toc_depth_2\">2.2<\/span> \n Cositorilor-Turm <\/a><\/li><li><a href=\"#Casa_Dracula\"><span class=\"toc_number toc_depth_2\">2.3<\/span> \n Casa Dracula <\/a><\/li><li><a href=\"#Casa_Venetiana_Venezianisches_Haus\"><span class=\"toc_number toc_depth_2\">2.4<\/span> \n Casa Venetiana (Venezianisches Haus) <\/a><\/li><li><a href=\"#Museum_fuer_Geschichte_Muzeul_de_Istorie\"><span class=\"toc_number toc_depth_2\">2.5<\/span> \n Museum f\u00fcr Geschichte (Muzeul de Istorie)<\/a><\/li><li><a href=\"#Museum_fuer_Waffen_Colectia_de_Arme_Medievale\"><span class=\"toc_number toc_depth_2\">2.6<\/span> \n Museum f\u00fcr Waffen (Colectia de Arme Medievale)<\/a><\/li><\/ul><\/li><li><a href=\"#Routen_in_der_Naehe_von_Sighisoara\"><span class=\"toc_number toc_depth_1\">3<\/span> \n Routen in der N\u00e4he von Sighisoara <\/a><\/li><li><a href=\"#Karte_von_Sighisoara\"><span class=\"toc_number toc_depth_1\">4<\/span> \nKarte von Sighisoara<\/a><\/li><\/ul><\/div>\n<h2><span id=\"Geschichte_von_Sighisoara\">\n <strong>Geschichte von Sighisoara<\/strong> <\/span><\/h2>\n<p>\nSighisoara ist eine weitere Stadt, die im 12. Jahrhundert von den Sachsen gegr\u00fcndet wurde, die im Hochmittelalter aus Deutschland kamen. Heute ist Sch\u00e4\u00dfburg dank seiner hervorragenden Erhaltung eine der am besten erhaltenen mittelalterlichen St\u00e4dte Europas, was die UNESCO 1999 dazu veranlasste, die Stadt in die Liste des Weltkulturerbes aufzunehmen .<\/p>\n<p>\nDie Sachsen errichteten die Stadt auf den \u00dcberresten eines r\u00f6mischen Kastells, des Castrum Sex. Neben <strong>der Altstadt<\/strong> mit ihren mittelalterlichen H\u00e4usern, T\u00fcrmen, Mauerresten und Kirchen ist Sighisoara ber\u00fchmt f\u00fcr <strong>die Geburtsstadt von Vlad Dracula<\/strong> , (Vlad Tepes) Herrscher der Walachei zwischen 1456 und 1462, der f\u00fcr seine schreckliche Gewaltt\u00e4tigkeit bekannt ist und die Grundlage des Dracula-Mythos bildet.<\/p>\n<p>\nIm 14. und 15. Jahrhundert entwickelte sich Sch\u00e4\u00dfburg wie andere St\u00e4dte der Region wirtschaftlich. Ihre Lage im Grenzgebiet zwischen der europ\u00e4ischen Welt der Renaissance und dem Osten beg\u00fcnstigte den Handel und die Mobilit\u00e4t. Die Stadt ist ein Beispiel f\u00fcr <strong>die b\u00fcrgerlichen St\u00e4dte in Mittelosteuropa<\/strong> . Neben dem Handel sind Krieg und Konflikte aufgrund der Lage an der Grenze das zweite Schl\u00fcsselelement der Region. Daher auch die F\u00fclle an Verteidigungs- und Milit\u00e4rdenkm\u00e4lern <\/p>\n<p>.<\/p>\n<p>\nSch\u00e4\u00dfburg war weder die reichste noch die gr\u00f6\u00dfte der sieben s\u00e4chsischen St\u00e4dte im heutigen Rum\u00e4nien, aber sie war die beliebteste und bekannteste. Seine noch heute belebten Stra\u00dfen und seine Denkm\u00e4ler zeugen von dieser Vergangenheit <\/p>\n<p>.<\/p>\n<p>\nDie anderen s\u00e4chsischen St\u00e4dte sind <a href=\"https:\/\/roadtoromania.com\/de\/staedte-und-regionen-rumaeniens\/cluj-napoca\/\"> Cluj<\/a> (Klausenburg), <strong>Bistrita<\/strong> (Bistritz), <strong>Sebes<\/strong> (M\u00fchlbach), <a href=\"https:\/\/roadtoromania.com\/de\/staedte-und-regionen-rumaeniens\/brasov\/\">Brasov<\/a> (Kronstadt), <strong>Medias<\/strong> (Mediasch) und <a href=\"https:\/\/roadtoromania.com\/de\/staedte-und-regionen-rumaeniens\/sibiu\/\">Sibiu<\/a> (Hermannstadt).<\/p>\n<h2><span id=\"Wie_man_nach_Sighisoara_kommt\">\n <strong>Wie man nach Sighisoara kommt<\/strong> <\/span><\/h2>\n<p>\nSighisoara liegt in der Mitte von <a href=\"https:\/\/roadtoromania.com\/de\/staedte-und-regionen-rumaeniens\/transsilvanien\/\">Siebenb\u00fcrgen<\/a> , ganz in der N\u00e4he des Zentrums des Karpatenbogens, der die Regionen von <strong><a href=\"https:\/\/roadtoromania.com\/monumenti-della-romania-cosa-vedere-in-romania\/moldova-romania\/\">Moldawien<\/a> <\/strong><\/strong> und <strong>Walachei umfasst.<\/strong> Sighisoara ist praktisch gleich weit von Brasov, Sibiu und Targu Mures entfernt, da es innerhalb des von diesen St\u00e4dten gebildeten Dreiecks liegt.<\/p>\n<p>\nDas Auto kann ein gutes Transportmittel sein, wenn Sie die Landschaft sehen und Orte abseits der ausgetretenen Pfade entdecken m\u00f6chten, die Entfernungen sind nicht gro\u00df, wenn Sie sich auf Siebenb\u00fcrgen beschr\u00e4nken, oder wenn Sie gerne fahren. Von Sibiu sind es 96 km (1h 30); von Brasov 114 km (1h 30); von Targu Mures 55 km (51 m).<\/p>\n<p>\nDer n\u00e4chstgelegene Flughafen ist Brasov, gefolgt von Cluj und Bukarest. Mit dem Zug k\u00f6nnen Sie von der Hauptstadt Cluj oder Brasov aus anreisen, wenn Sie mit dem Flugzeug anreisen, oder von den wichtigsten St\u00e4dten aus, wenn Sie mit der Bahn durch Rum\u00e4nien reisen.<\/p>\n<p> Sehenswertes in Sch\u00e4\u00dfburg<\/strong> <\/h2>\n<h3><span id=\"Zitadelle_Sighisoara_Cetatea_Sighisoarei\">\n <strong>Zitadelle Sighisoara (Cetatea Sighisoarei)<\/strong> .<\/span><\/h3>\n<p>.<br \/>\n<img decoding=\"async\" src=\"data:image\/gif;base64,R0lGODdhAQABAPAAAMPDwwAAACwAAAAAAQABAAACAkQBADs=\" \/>Altstadt von Sighisoara mit dem Uhrenturm im Hintergrund. Foto von Gepi<\/p>\n<p>.<br \/>\nDer defensive und milit\u00e4rische Charakter von Sighisoara wird durch die Bedeutung seiner Architektur deutlich. Mauern, T\u00fcrme und Bastionen wurden zwischen dem 14. und 16. Jahrhundert von den Sachsen und den Ungarn errichtet.Neun der vierzehn T\u00fcrme sind noch erhalten, und zwei der f\u00fcnf Artilleriebastionen sind noch vorhanden. Der gesamte Komplex geh\u00f6rt zum UNESCO-Weltkulturerbe <\/p>\n<p>.<\/p>\n<h3><span id=\"Cositorilor-Turm\">\n <strong>Cositorilor-Turm<\/strong> <\/span><\/h3>\n<p>\n <strong>Der Cositorilor-Turm<\/strong> zeigt noch die Auswirkungen der T\u00fcrkenbelagerung von 1704. Andere bemerkenswerte T\u00fcrme sind der <strong>Schmiedeturm<\/strong> (Turnul Fierarilor), der Metzgerturm (Turnul Macelarilor), der <strong>F\u00e4rberturm<\/strong> oder der <strong>Schneiderturm<\/strong> , oder <strong>der gro\u00dfe Uhrenturm<\/strong> . Die T\u00fcrme sind nach den Handwerksberufen benannt, da es die Z\u00fcnfte waren, die sie verteidigten und f\u00fcr ihren Unterhalt, den Turm und die Miliz und deren Waffen aufkamen <\/p>\n<p>.<br \/>\n Zitadellenplatz<\/strong> <\/h3>\n<p>\nDas Zentrum der Festung wird vom Zitadellenplatz <strong>(Piata Cetatii) eingenommen, dem gr\u00f6\u00dften und wichtigsten Platz. Die wichtigsten und m\u00e4chtigsten Z\u00fcnfte, wie die Goldschmiede- und die Zimmermannszunft, waren in ihrer Umgebung angesiedelt. Aber die Zitadelle hat noch weitere kleine Pl\u00e4tze, auf denen fr\u00fcher M\u00e4rkte abgehalten wurden und wo sich heute zahlreiche Bars, Gesch\u00e4fte und Souvenirl\u00e4den befinden. Nicht zu vergessen die Handwerksbetriebe, die wie im Mittelalter noch immer im Viertel leben <\/p>\n<p>.<br \/>\n Uhrenturm<\/strong> <\/h3>\n<p>\nBesonders erw\u00e4hnenswert <strong>ist der Uhrenturm<\/strong> (Turnul cu Ceas) auf der Piata Cetatii selbst, eines der bekanntesten und meistbesuchten Denkm\u00e4ler der Stadt, auch bekannt als Rathausturm. Sie wurde im 14. Jahrhundert erbaut und im 16. Jahrhundert erweitert. Der Besuch ist geb\u00fchrenpflichtig. Die Uhr aus dem 17. Jahrhundert ist mit ihren f\u00fcr mitteleurop\u00e4ische Uhren charakteristischen Figuren eine echte Attraktion. Vom Gipfel aus kann man \u00fcber die D\u00e4cher von Sighisoara blicken und hat den Eindruck, dass die Zeit nicht vergangen ist <\/p>\n<p>.<\/p>\n<p>\nAuf dem <strong>Platz der Zitadelle<\/strong> befindet sich auch <strong>die Dominikanerkirche und das Dominikanerkloster<\/strong> (Biserica Manastirii Dominicane) Die lutherische Kirche im romanisch-gotischen Stil wurde im 13. Jahrhundert erbaut, aber nach gro\u00dfen Br\u00e4nden im 15. und 16.<br \/>\n<img decoding=\"async\" src=\"data:image\/gif;base64,R0lGODdhAQABAPAAAMPDwwAAACwAAAAAAQABAAACAkQBADs=\" \/>Die Sch\u00f6nheit der Altstadt von Sighisoara liegt in ihrem alten und unbeweglichen Aussehen. Foto von 23gxg.<\/p>\n<p>\nEine weitere Kirche von k\u00fcnstlerischem Interesse ist <strong>die Kirche auf dem H\u00fcgel<\/strong> (Biserica din Deal) wie die vorherige in Piata Cetatii. Diese protestantische Kirche im Stil der siebenb\u00fcrgischen Gotik zeichnete sich durch ihre Wandmalereien aus, die heute verloren sind <\/p>\n<p>.<br \/>\n Das Treppenhaus der Studenten<\/strong> <\/h3>\n<p>\nSie befindet sich am Ende der Studentenstra\u00dfe und verbindet den Zitadellenplatz mit der Kirche auf dem H\u00fcgel. Es handelt sich um eine Treppe, die den Zugang der Studenten im Winter sch\u00fctzte.Von den 300 Stufen sind heute nur noch 175 erhalten, sie stammen aus dem Jahr 1642 <\/p>\n<p>.<\/p>\n<h3><span id=\"Casa_Dracula\">\n <strong>Casa Dracula<\/strong> <\/span><\/h3>\n<p>\nSighisoara ist ber\u00fchmt f\u00fcr den Geburtsort von Vlad Dracul, der sich ebenfalls in der Altstadt auf einem sch\u00f6nen Platz befindet. Das Geb\u00e4ude beherbergt ein Museum f\u00fcr antike Waffen und ein Restaurant<\/p>\n<h3><span id=\"Casa_Venetiana_Venezianisches_Haus\">\n <strong>Casa Venetiana (Venezianisches Haus)<\/strong> <\/span><\/h3>\n<p>\nIn der Piata Muzeului finden wir dieses Geb\u00e4ude im venezianischen Stil aus dem 16. Jahrhundert, das die Verbindungen zwischen der Stadt der Dogen und Siebenb\u00fcrgen zeigt<\/p>\n<\/p>\n<p>\nWeitere interessante Geb\u00e4ude sind: <strong>die orthodoxe Kathedrale<\/strong> (Catedrala Ortodoxa), die zwischen 1934 und 1937 im neobyzantinischen Stil errichtet wurde; <strong>die katholische Kirche St. Joseph<\/strong> (Biserica Romano-Catolica Sf. Iosif), das 1894 errichtet und nach einem Brand 1983 im eklektischen Stil restauriert wurde, und <strong>die orthodoxe Kirche von Cornesti<\/strong> , ein neoklassizistisches Geb\u00e4ude vom Ende des 18.<br \/>\n Sch\u00e4\u00dfburger Museen<\/strong> <\/h2>\n<p>\nSighisoara hat mehrere interessante Museen, die das ganze Jahr \u00fcber besucht werden k\u00f6nnen.<\/strong> Es ist m\u00f6glich, ein Ticket zu kaufen, um alle drei Museen zu besuchen<\/strong> .<\/p>\n<h3><span id=\"Museum_fuer_Geschichte_Muzeul_de_Istorie\">\n <strong>Museum f\u00fcr Geschichte<\/strong> (Muzeul de Istorie)<\/span><\/h3>\n<p>\nEs befindet sich auf dem Museumsplatz im Inneren des Uhrenturms<\/p>\n<p>\nGe\u00f6ffnet von Dienstag bis Sonntag von 10:00 bis 15:30 Uhr. Eine Reise durch die Geschichte der Region und der Stadt anhand von Objekten. Kunsthandwerk, medizinische Ger\u00e4te, Kunstgegenst\u00e4nde und landwirtschaftlicher Schmuck zeigen den Reichtum und die Vielfalt Siebenb\u00fcrgens <\/p>\n<p>.<br \/>\n Folterkammer<\/strong> (Camera de Tortura)<\/h3>\n<p>\nEbenfalls im Uhrenturm untergebracht. Die \u00d6ffnungszeiten sind dieselben wie oben. Es ist ein kleines, aber interessantes Museum, das sich in denselben R\u00e4umen befindet, in denen im Mittelalter Gefangene gefoltert wurden. Sie zeigt mehrere Ger\u00e4te, die f\u00fcr eine solche b\u00f6swillige Widmung bestimmt sind <\/p>\n<p>.<\/p>\n<h3><span id=\"Museum_fuer_Waffen_Colectia_de_Arme_Medievale\">\n <strong>Museum f\u00fcr Waffen<\/strong> (Colectia de Arme Medievale)<\/span><\/h3>\n<p>\nIn der Cositorarilor-Stra\u00dfe 5, d. h. im ersten Stock des Geb\u00e4udes, in dem Vlad Dracul geboren wurde. An diesem geschichtstr\u00e4chtigen Ort sind mittelalterliche Waffen und einige Kunstwerke ausgestellt. Gleiche \u00d6ffnungszeiten<\/p>\n<p> Das Mittelalterliche Festival von Sighisoara<\/strong> <\/h2>\n<p>\nEine der wichtigsten Veranstaltungen in Sighisoara ist das Mittelalter- und Handwerksfestival, das im Juli stattfindet. Ein mittelalterlicher Jahrmarkt in einer quasi mittelalterlichen Umgebung ist nicht dasselbe wie die Nachahmungen, die wir in fast jeder anderen Stadt sehen. Viele Aktivit\u00e4ten finden unter freiem Himmel statt, mit Musik, Darbietungen von Akrobaten und Spielleuten sowie kulinarischen Gen\u00fcssen und Weinproben <\/p>\n<p>.<\/p>\n<h2><span id=\"Routen_in_der_Naehe_von_Sighisoara\">\n <strong>Routen in der N\u00e4he von Sighisoara<\/strong> <\/span><\/h2>\n<p>\nEinige Vorschl\u00e4ge f\u00fcr weitere Besuche in der Region und um Sighisoara<\/p>\n<p>\nIn der N\u00e4he der Stadt befinden sich mehrere befestigte Kirchen aus dem Mittelalter, darunter <strong>die Kirche von Saschiz<\/strong> (15 km entfernt), <strong>die Kirche von Birth\u00e4lm<\/strong> (25 km entfernt), <strong>die Kirche von Viscri<\/strong> (30 km entfernt) und <strong>die Kirche von Harman<\/strong> (80 km entfernt)<\/p>\n<p>\n <strong>Besuchen Sie Targu Mures<\/strong> . Diese Stadt liegt nur 40 km nord\u00f6stlich von Sighisoara<\/p>\n<\/p>\n<p>\nIn \u00e4hnlicher Entfernung, aber in s\u00fcdlicher Richtung, liegt eine weitere sehenswerte mittelalterliche Stadt, <strong>Medias<\/strong> .<\/p>\n<p>\n<a href=\"https:\/\/roadtoromania.com\/de\/staedte-und-regionen-rumaeniens\/sibiu\/\"> Sibiu<\/a> , <a href=\"https:\/\/roadtoromania.com\/de\/staedte-und-regionen-rumaeniens\/brasov\/\">Brasov<\/a> und <a href=\"https:\/\/roadtoromania.com\/de\/denkmaeler-der-rumaenien-was-zu-sehen-in-rumaenien\/schloss-von-bran-das-schloss-der-dracula\/\">Bran<\/a> , Heimat des Schlosses von Vlad Tepes, dem &#8220;echten Dracula&#8221;, sind etwas weiter entfernt, k\u00f6nnen aber weitere Stationen f\u00fcr eine intensivere Reise durch Zentralrum\u00e4nien sein.<\/p>\n<h2><span id=\"Karte_von_Sighisoara\">\nKarte von Sighisoara<\/span><\/h2>\n<p>\n<a href=\"https:\/\/roadtoromania.com\/de\/karten-von-rumaenien\/karte-plan-und-strassenplan-von-sighisoara\/\">Stadtplan und Stra\u00dfenkarte von Sighisoara<\/a> <\/p>\n","protected":false},"excerpt":{"rendered":"<p>Enge Stra\u00dfen im Zentrum von Sighisoara. Wie in weiten Teilen Mitteleuropas sind die H\u00e4user in leuchtenden Farben gestrichen. Foto: Gepl. \u00a0 Contents1 Geschichte von Sighisoara 2 Wie man nach Sighisoara kommt 2.1 Zitadelle Sighisoara (Cetatea Sighisoarei) .2.2 Cositorilor-Turm 2.3 Casa Dracula 2.4 Casa Venetiana (Venezianisches Haus) 2.5 Museum f\u00fcr Geschichte (Muzeul de Istorie)2.6 Museum f\u00fcr &hellip;<\/p>\n<p class=\"read-more\"> <a class=\"\" href=\"https:\/\/roadtoromania.com\/de\/staedte-und-regionen-rumaeniens\/sighisoara\/\"> <span class=\"screen-reader-text\">Sighisoara<\/span> Read More \u00bb<\/a><\/p>\n","protected":false},"author":1,"featured_media":1353,"parent":2910,"menu_order":0,"comment_status":"open","ping_status":"open","template":"","meta":{"site-sidebar-layout":"default","site-content-layout":"default","ast-global-header-display":"","ast-main-header-display":"","ast-hfb-above-header-display":"","ast-hfb-below-header-display":"","ast-hfb-mobile-header-display":"","site-post-title":"","ast-breadcrumbs-content":"","ast-featured-img":"","footer-sml-layout":"","theme-transparent-header-meta":"","adv-header-id-meta":"","stick-header-meta":"","header-above-stick-meta":"","header-main-stick-meta":"","header-below-stick-meta":"","footnotes":""},"class_list":["post-2967","page","type-page","status-publish","has-post-thumbnail","hentry"],"yoast_head":"<!-- This site is optimized with the Yoast SEO plugin v19.10 - https:\/\/yoast.com\/wordpress\/plugins\/seo\/ -->\n<title>Sighisoara - Road to Romania<\/title>\n<meta name=\"robots\" content=\"index, follow, max-snippet:-1, max-image-preview:large, max-video-preview:-1\" \/>\n<link rel=\"canonical\" href=\"https:\/\/roadtoromania.com\/de\/staedte-und-regionen-rumaeniens\/sighisoara\/\" \/>\n<meta property=\"og:locale\" content=\"de_DE\" \/>\n<meta property=\"og:type\" content=\"article\" \/>\n<meta property=\"og:title\" content=\"Sighisoara - Road to Romania\" \/>\n<meta property=\"og:description\" content=\"Enge Stra\u00dfen im Zentrum von Sighisoara. Wie in weiten Teilen Mitteleuropas sind die H\u00e4user in leuchtenden Farben gestrichen. Foto: Gepl. \u00a0 Contents1 Geschichte von Sighisoara 2 Wie man nach Sighisoara kommt 2.1 Zitadelle Sighisoara (Cetatea Sighisoarei) .2.2 Cositorilor-Turm 2.3 Casa Dracula 2.4 Casa Venetiana (Venezianisches Haus) 2.5 Museum f\u00fcr Geschichte (Muzeul de Istorie)2.6 Museum f\u00fcr &hellip; Sighisoara Read More \u00bb\" \/>\n<meta property=\"og:url\" content=\"https:\/\/roadtoromania.com\/de\/staedte-und-regionen-rumaeniens\/sighisoara\/\" \/>\n<meta property=\"og:site_name\" content=\"Road to Romania\" \/>\n<meta property=\"article:modified_time\" content=\"2022-10-15T22:16:42+00:00\" \/>\n<meta property=\"og:image\" content=\"https:\/\/roadtoromania.com\/wp-content\/uploads\/2022\/10\/sighisoara-rumania-ciudades-1.jpg\" \/>\n\t<meta property=\"og:image:width\" content=\"768\" \/>\n\t<meta property=\"og:image:height\" content=\"576\" \/>\n\t<meta property=\"og:image:type\" content=\"image\/jpeg\" \/>\n<meta name=\"twitter:card\" content=\"summary_large_image\" \/>\n<meta name=\"twitter:label1\" content=\"Gesch\u00e4tzte Lesezeit\" \/>\n\t<meta name=\"twitter:data1\" content=\"7\u00a0Minuten\" \/>\n<script type=\"application\/ld+json\" class=\"yoast-schema-graph\">{\"@context\":\"https:\/\/schema.org\",\"@graph\":[{\"@type\":\"WebPage\",\"@id\":\"https:\/\/roadtoromania.com\/de\/staedte-und-regionen-rumaeniens\/sighisoara\/\",\"url\":\"https:\/\/roadtoromania.com\/de\/staedte-und-regionen-rumaeniens\/sighisoara\/\",\"name\":\"Sighisoara - Road to Romania\",\"isPartOf\":{\"@id\":\"https:\/\/roadtoromania.com\/de\/#website\"},\"datePublished\":\"2022-10-15T18:40:14+00:00\",\"dateModified\":\"2022-10-15T22:16:42+00:00\",\"breadcrumb\":{\"@id\":\"https:\/\/roadtoromania.com\/de\/staedte-und-regionen-rumaeniens\/sighisoara\/#breadcrumb\"},\"inLanguage\":\"de\",\"potentialAction\":[{\"@type\":\"ReadAction\",\"target\":[\"https:\/\/roadtoromania.com\/de\/staedte-und-regionen-rumaeniens\/sighisoara\/\"]}]},{\"@type\":\"BreadcrumbList\",\"@id\":\"https:\/\/roadtoromania.com\/de\/staedte-und-regionen-rumaeniens\/sighisoara\/#breadcrumb\",\"itemListElement\":[{\"@type\":\"ListItem\",\"position\":1,\"name\":\"Home\",\"item\":\"https:\/\/roadtoromania.com\/de\/\"},{\"@type\":\"ListItem\",\"position\":2,\"name\":\"St\u00e4dte und Regionen in Rum\u00e4nien\",\"item\":\"https:\/\/roadtoromania.com\/de\/staedte-und-regionen-rumaeniens\/\"},{\"@type\":\"ListItem\",\"position\":3,\"name\":\"Sighisoara\"}]},{\"@type\":\"WebSite\",\"@id\":\"https:\/\/roadtoromania.com\/de\/#website\",\"url\":\"https:\/\/roadtoromania.com\/de\/\",\"name\":\"Road to Romania\",\"description\":\"Der Blog, in dem Sie alle Informationen finden, die Sie brauchen, um Rum\u00e4nien zu genie\u00dfen.\",\"potentialAction\":[{\"@type\":\"SearchAction\",\"target\":{\"@type\":\"EntryPoint\",\"urlTemplate\":\"https:\/\/roadtoromania.com\/de\/?s={search_term_string}\"},\"query-input\":\"required name=search_term_string\"}],\"inLanguage\":\"de\"}]}<\/script>\n<!-- \/ Yoast SEO plugin. -->","yoast_head_json":{"title":"Sighisoara - Road to Romania","robots":{"index":"index","follow":"follow","max-snippet":"max-snippet:-1","max-image-preview":"max-image-preview:large","max-video-preview":"max-video-preview:-1"},"canonical":"https:\/\/roadtoromania.com\/de\/staedte-und-regionen-rumaeniens\/sighisoara\/","og_locale":"de_DE","og_type":"article","og_title":"Sighisoara - Road to Romania","og_description":"Enge Stra\u00dfen im Zentrum von Sighisoara. Wie in weiten Teilen Mitteleuropas sind die H\u00e4user in leuchtenden Farben gestrichen. Foto: Gepl. \u00a0 Contents1 Geschichte von Sighisoara 2 Wie man nach Sighisoara kommt 2.1 Zitadelle Sighisoara (Cetatea Sighisoarei) .2.2 Cositorilor-Turm 2.3 Casa Dracula 2.4 Casa Venetiana (Venezianisches Haus) 2.5 Museum f\u00fcr Geschichte (Muzeul de Istorie)2.6 Museum f\u00fcr &hellip; Sighisoara Read More \u00bb","og_url":"https:\/\/roadtoromania.com\/de\/staedte-und-regionen-rumaeniens\/sighisoara\/","og_site_name":"Road to Romania","article_modified_time":"2022-10-15T22:16:42+00:00","og_image":[{"width":768,"height":576,"url":"https:\/\/roadtoromania.com\/wp-content\/uploads\/2022\/10\/sighisoara-rumania-ciudades-1.jpg","type":"image\/jpeg"}],"twitter_card":"summary_large_image","twitter_misc":{"Gesch\u00e4tzte Lesezeit":"7\u00a0Minuten"},"schema":{"@context":"https:\/\/schema.org","@graph":[{"@type":"WebPage","@id":"https:\/\/roadtoromania.com\/de\/staedte-und-regionen-rumaeniens\/sighisoara\/","url":"https:\/\/roadtoromania.com\/de\/staedte-und-regionen-rumaeniens\/sighisoara\/","name":"Sighisoara - Road to Romania","isPartOf":{"@id":"https:\/\/roadtoromania.com\/de\/#website"},"datePublished":"2022-10-15T18:40:14+00:00","dateModified":"2022-10-15T22:16:42+00:00","breadcrumb":{"@id":"https:\/\/roadtoromania.com\/de\/staedte-und-regionen-rumaeniens\/sighisoara\/#breadcrumb"},"inLanguage":"de","potentialAction":[{"@type":"ReadAction","target":["https:\/\/roadtoromania.com\/de\/staedte-und-regionen-rumaeniens\/sighisoara\/"]}]},{"@type":"BreadcrumbList","@id":"https:\/\/roadtoromania.com\/de\/staedte-und-regionen-rumaeniens\/sighisoara\/#breadcrumb","itemListElement":[{"@type":"ListItem","position":1,"name":"Home","item":"https:\/\/roadtoromania.com\/de\/"},{"@type":"ListItem","position":2,"name":"St\u00e4dte und Regionen in Rum\u00e4nien","item":"https:\/\/roadtoromania.com\/de\/staedte-und-regionen-rumaeniens\/"},{"@type":"ListItem","position":3,"name":"Sighisoara"}]},{"@type":"WebSite","@id":"https:\/\/roadtoromania.com\/de\/#website","url":"https:\/\/roadtoromania.com\/de\/","name":"Road to Romania","description":"Der Blog, in dem Sie alle Informationen finden, die Sie brauchen, um Rum\u00e4nien zu genie\u00dfen.","potentialAction":[{"@type":"SearchAction","target":{"@type":"EntryPoint","urlTemplate":"https:\/\/roadtoromania.com\/de\/?s={search_term_string}"},"query-input":"required name=search_term_string"}],"inLanguage":"de"}]}},"_links":{"self":[{"href":"https:\/\/roadtoromania.com\/de\/wp-json\/wp\/v2\/pages\/2967","targetHints":{"allow":["GET"]}}],"collection":[{"href":"https:\/\/roadtoromania.com\/de\/wp-json\/wp\/v2\/pages"}],"about":[{"href":"https:\/\/roadtoromania.com\/de\/wp-json\/wp\/v2\/types\/page"}],"author":[{"embeddable":true,"href":"https:\/\/roadtoromania.com\/de\/wp-json\/wp\/v2\/users\/1"}],"replies":[{"embeddable":true,"href":"https:\/\/roadtoromania.com\/de\/wp-json\/wp\/v2\/comments?post=2967"}],"version-history":[{"count":1,"href":"https:\/\/roadtoromania.com\/de\/wp-json\/wp\/v2\/pages\/2967\/revisions"}],"predecessor-version":[{"id":2968,"href":"https:\/\/roadtoromania.com\/de\/wp-json\/wp\/v2\/pages\/2967\/revisions\/2968"}],"up":[{"embeddable":true,"href":"https:\/\/roadtoromania.com\/de\/wp-json\/wp\/v2\/pages\/2910"}],"wp:featuredmedia":[{"embeddable":true,"href":"https:\/\/roadtoromania.com\/de\/wp-json\/wp\/v2\/media\/1353"}],"wp:attachment":[{"href":"https:\/\/roadtoromania.com\/de\/wp-json\/wp\/v2\/media?parent=2967"}],"curies":[{"name":"wp","href":"https:\/\/api.w.org\/{rel}","templated":true}]}}