{"id":2969,"date":"2022-10-15T18:40:14","date_gmt":"2022-10-15T18:40:14","guid":{"rendered":"https:\/\/roadtoromania.com\/staedte-und-regionen-rumaeniens\/suceava\/"},"modified":"2022-10-15T22:16:43","modified_gmt":"2022-10-15T22:16:43","slug":"suceava","status":"publish","type":"page","link":"https:\/\/roadtoromania.com\/de\/staedte-und-regionen-rumaeniens\/suceava\/","title":{"rendered":"Suceava"},"content":{"rendered":"<p> <strong>Suceva<\/strong> , die ehemalige Hauptstadt von <strong><a href=\"https:\/\/roadtoromania.com\/monumenti-della-romania-cosa-vedere-in-romania\/moldova-romania\/\">Moldawien<\/a> <\/strong> zwischen 1388 und 1565, ist heute eine Stadt, die es uns erm\u00f6glicht, sie als Ausgangspunkt f\u00fcr einen Besuch der rum\u00e4nischen Region <a href=\"https:\/\/roadtoromania.com\/de\/bucovina-und-seine-kloester\/\"> <strong>Bucovina<\/strong><\/a> , im Nordosten Rum\u00e4niens zu nutzen. Wir k\u00f6nnen hier \u00fcbernachten und Ausfl\u00fcge und Touren zu den verschiedenen bemalten Kl\u00f6stern machen, die zum <strong>UNESCO-Weltkulturerbe geh\u00f6ren.<\/strong> <\/p>\n<\/p>\n<p><img decoding=\"async\" src=\"https:\/\/roadtoromania.com\/wp-content\/uploads\/2022\/10\/san_juan_suceava1.jpg\" \/>Kirche mit Fresken an der Au\u00dfenseite von San Juan<\/p>\n<div id=\"toc_container\" class=\"no_bullets\"><p class=\"toc_title\">Contents<\/p><ul class=\"toc_list\"><li><a href=\"#Geschichte_von_Suceava\"><span class=\"toc_number toc_depth_1\">1<\/span> \nGeschichte von Suceava<\/a><ul><li><a href=\"#Kloster_von_Zamca\"><span class=\"toc_number toc_depth_2\">1.1<\/span> \n Kloster von Zamca <\/a><\/li><\/ul><\/li><li><a href=\"#Von_Museen_in_Suceava\"><span class=\"toc_number toc_depth_1\">2<\/span> \n Von Museen in Suceava <\/a><\/li><li><a href=\"#Karte_von_Suceava\"><span class=\"toc_number toc_depth_1\">3<\/span> \nKarte von Suceava<\/a><\/li><\/ul><\/div>\n<h2><span id=\"Geschichte_von_Suceava\">\nGeschichte von Suceava<\/span><\/h2>\n<p>\nIn der Tat ist eine der Attraktionen von Suceava das Unesco-gelistete <strong>Kloster St. Johannes der Neue<\/strong> . Die 1514 dem heiligen Georg <strong>geweihte und 1552 vollendete Kirche ist eines der fr\u00fchesten Gottesh\u00e4user mit Fresken an der Au\u00dfenseite.<\/p>\n<p>\nMehrere K\u00f6nige, von Bogdan III. bis Stefanita Voda, f\u00f6rderten den Bau, und die Fresken des Alten und Neuen Testaments wurden w\u00e4hrend der Herrschaft von Petru Rares vollendet, einer der glorreichsten Perioden f\u00fcr diese Art von Mosaikornamenten in der Bukowina <\/p>\n<p>.<\/p>\n<p>\nObwohl der Stil der Fresken in St. Georg an andere Kl\u00f6ster wie <a href=\"https:\/\/roadtoromania.com\/de\/denkmaeler-der-rumaenien-was-zu-sehen-in-rumaenien\/kloster-kozia\/\"> <strong>Moldovita<\/strong><\/a> oder <strong>Humor<\/strong> erinnert, sind andere Abschnitte wie die Hymne des Todes, der Baum von Jesse oder die Legende vom verlorenen Sohn sehr charakteristisch. Von der Kirche k\u00f6nnen wir das Mosaikpflaster, die Reliquien des Heiligen Johannes und den Turm hervorheben <\/p>\n<p>.<\/p>\n<p>\nDie \u00e4lteste Kirche der Stadt ist jedoch die Biserica Mirauti, die zwischen 1380 und 1390 von Petru Musat gegr\u00fcndet wurde. Hier wurden die ersten moldawischen Woiwoden gekr\u00f6nt. Die heutige Kirche ist das Ergebnis eines Umbaus am Ende des 19. Dar\u00fcber hinaus gibt es in Suceava weitere herausragende Kirchen wie die Principesca oder St. Demetrius mit ihrem Glockenturm oder die Kirche St. Johannes der T\u00e4ufer aus dem 17. Jahrhundert sowie St. Nikolaus, die Kirche der Auferstehung, die Kirche St. Simeon oder die Kirche des Heiligen Kreuzes.<\/p>\n<\/h2>\n<p>Was gibt es in Suceava zu sehen<\/h2>\n<p>\nDie Stadt ist nicht \u00fcberm\u00e4\u00dfig gro\u00df und l\u00e4sst sich gut zu Fu\u00df erkunden, ohne dass man auf \u00f6ffentliche Verkehrsmittel angewiesen ist. Obwohl Suceava eine moderne Stadt ist, liegt sie in einem Zentrum, das im Mittelalter f\u00fcr Stephan den Gro\u00dfen von strategischer Bedeutung war, der die Stadt befestigte und einen f\u00fcr die rum\u00e4nische Geschichte wichtigen F\u00fcrstenhof errichtete <\/p>\n<p>.<br \/>\n<a href=\"https:\/\/roadtoromania.com\/wp-content\/uploads\/2022\/10\/suceava_castillo.jpg\"><img decoding=\"async\" src=\"https:\/\/roadtoromania.com\/wp-content\/uploads\/2022\/10\/suceava_castillo.jpg\" \/><\/a> Zitadelle der Burg Suceava<\/p>\n<p>\nWenn wir am Fluss entlang gehen, k\u00f6nnen wir den Fluss \u00fcberqueren und zum Park hinaufgehen, wo die riesige Statue von Stephan dem Gro\u00dfen steht. Auf der gleichen Seite des Flusses befindet sich die Zitadelle. Diese durch Pl\u00fcnderungen bestrafte Festung, deren Steine zum Bau der Stadt verwendet wurden, zeigt heute nicht mehr die Pracht, die sie hatte, als Petru Musat sie Ende des 14. Jahrhunderts errichten lie\u00df und als Alexandru cel Bun sie verst\u00e4rkte, um die Kriegsausbr\u00fcche der Osmanen abzuschw\u00e4chen. Stephan der Gro\u00dfe f\u00fcgte einen Graben, Strebepfeiler und neue Bastionen hinzu, und nach vielen Belagerungen und Widerst\u00e4nden fiel sie 1675 <\/p>\n<p>.<\/p>\n<h3><span id=\"Kloster_von_Zamca\">\n <strong>Kloster von Zamca<\/strong> <\/span><\/h3>\n<p>\nDie armenische Gemeinde von Suceava gr\u00fcndete 1551 das Zamca-Kloster im Westen der Stadt. Dieser architektonische Komplex ist eine Mischung aus einer ummauerten Anlage mit gotischen und orientalischen Motiven <\/p>\n<p>.<\/p>\n<h2><span id=\"Von_Museen_in_Suceava\">\n <strong>Von Museen in Suceava<\/strong> <\/span><\/h2>\n<p>\nIn Suceava kann man durchaus einen oder zwei Tage mit Museumsbesuchen verbringen, und die Stadt beherbergt eine Vielzahl von Museen, angefangen mit <strong>dem Ethnographischen Museum der Bukowina oder <strong>dem Museum f\u00fcr Volkskunst<\/strong><\/strong> (Muzeul de Etnografie Hanul Domnesc in Str. Ciprian Porumbescu 5), die eine reichhaltige Sammlung von Gegenst\u00e4nden, Keramik, Holzutensilien und Trachten aus der nordrum\u00e4nischen Region beherbergt.<\/p>\n<p>\nUm die Geschichte dieser von zahlreichen Eroberern beherrschten Region kennen zu lernen, gibt es nichts Besseres als das <strong>Museum f\u00fcr die Geschichte der Bukowina<\/strong> (Dienstag bis Sonntag). Die 26 S\u00e4le erz\u00e4hlen von den Wechself\u00e4llen der Stadt Suceava, wobei der Schwerpunkt auf dem Mittelalter liegt und der Thronsaal den Hof von K\u00f6nig Stephan dem Gro\u00dfen mit M\u00f6beln, Waffen und Kost\u00fcmen aus dieser Zeit nachstellt <\/p>\n<p>.<\/p>\n<p>\nNeben der k\u00f6niglichen Zitadelle befindet sich unter freiem Himmel eine Sammlung von 80 Geb\u00e4uden, die die l\u00e4ndliche Architektur der Bukowina repr\u00e4sentieren, darunter eine kleine Kirche aus dem 18. In Rum\u00e4nien sind diese Freilichtmuseen, die die alten Wohnsysteme bewahren, die angesichts des Betons langsamer als in anderen europ\u00e4ischen L\u00e4ndern verschwinden, sehr verbreitet <\/p>\n<p>.<\/p>\n<p>\nDie anderen Museen, die diese Kulturroute vervollst\u00e4ndigen, sind das Hausmuseum der Ethnografin Florea Marian und die Sammlung der Naturwissenschaften und der sch\u00f6nen K\u00fcnste, die pal\u00e4ontologische, faunistische und floristische Exponate mit Gem\u00e4lden und Skulpturen rum\u00e4nischer K\u00fcnstler vereint.<\/p>\n<p>\nSuceava ist auch f\u00fcr seine j\u00fcdische Gemeinde bekannt, die im 16. Jahrhundert gegr\u00fcndet wurde und vor dem Zweiten Weltkrieg 18 Synagogen besa\u00df. Die meisten von ihnen wurden im Zuge der kommunistischen Umstrukturierung abgerissen, aber es gibt noch einen, Gah, mit zwei j\u00fcdischen Friedh\u00f6fen, die einen Besuch in der Stadt abrunden k\u00f6nnen <\/p>\n<p>.<\/p>\n<p>\nIn der Umgebung k\u00f6nnen wir uns zwischen der Kirche von Patrauti, dem einzigen von Stephan dem Gro\u00dfen gegr\u00fcndeten M\u00f6nchskloster, dem Kloster von Dragomirna oder den bereits erw\u00e4hnten Kirchen mit Unesco-Kulturerbe-Malereien entscheiden: Voronet, Moldovita, Humor, Suceavita und Humor.<\/p>\n<p> Wie man nach Suceava kommt<\/strong> <\/h2>\n<p>\nMit Inlandsfl\u00fcgen k\u00f6nnen Sie in einer Stunde von Bukarest nach Suceava fliegen. Die Fahrzeit mit dem Zug betr\u00e4gt etwa 6 Stunden, mit dem Auto je nach Verkehr und Stra\u00dfenverh\u00e4ltnissen zwischen 6,5 und 8,5 Stunden <\/p>\n<p>.<\/p>\n<h2><span id=\"Karte_von_Suceava\">\nKarte von Suceava<\/span><\/h2>\n","protected":false},"excerpt":{"rendered":"<p>Suceva , die ehemalige Hauptstadt von Moldawien zwischen 1388 und 1565, ist heute eine Stadt, die es uns erm\u00f6glicht, sie als Ausgangspunkt f\u00fcr einen Besuch der rum\u00e4nischen Region Bucovina , im Nordosten Rum\u00e4niens zu nutzen. Wir k\u00f6nnen hier \u00fcbernachten und Ausfl\u00fcge und Touren zu den verschiedenen bemalten Kl\u00f6stern machen, die zum UNESCO-Weltkulturerbe geh\u00f6ren. Kirche mit &hellip;<\/p>\n<p class=\"read-more\"> <a class=\"\" href=\"https:\/\/roadtoromania.com\/de\/staedte-und-regionen-rumaeniens\/suceava\/\"> <span class=\"screen-reader-text\">Suceava<\/span> Read More \u00bb<\/a><\/p>\n","protected":false},"author":1,"featured_media":1361,"parent":2910,"menu_order":0,"comment_status":"open","ping_status":"open","template":"","meta":{"site-sidebar-layout":"default","site-content-layout":"default","ast-global-header-display":"","ast-main-header-display":"","ast-hfb-above-header-display":"","ast-hfb-below-header-display":"","ast-hfb-mobile-header-display":"","site-post-title":"","ast-breadcrumbs-content":"","ast-featured-img":"","footer-sml-layout":"","theme-transparent-header-meta":"","adv-header-id-meta":"","stick-header-meta":"","header-above-stick-meta":"","header-main-stick-meta":"","header-below-stick-meta":"","footnotes":""},"class_list":["post-2969","page","type-page","status-publish","has-post-thumbnail","hentry"],"yoast_head":"<!-- This site is optimized with the Yoast SEO plugin v19.10 - https:\/\/yoast.com\/wordpress\/plugins\/seo\/ -->\n<title>Suceava - Road to Romania<\/title>\n<meta name=\"robots\" content=\"index, follow, max-snippet:-1, max-image-preview:large, max-video-preview:-1\" \/>\n<link rel=\"canonical\" href=\"https:\/\/roadtoromania.com\/de\/staedte-und-regionen-rumaeniens\/suceava\/\" \/>\n<meta property=\"og:locale\" content=\"de_DE\" \/>\n<meta property=\"og:type\" content=\"article\" \/>\n<meta property=\"og:title\" content=\"Suceava - Road to Romania\" \/>\n<meta property=\"og:description\" content=\"Suceva , die ehemalige Hauptstadt von Moldawien zwischen 1388 und 1565, ist heute eine Stadt, die es uns erm\u00f6glicht, sie als Ausgangspunkt f\u00fcr einen Besuch der rum\u00e4nischen Region Bucovina , im Nordosten Rum\u00e4niens zu nutzen. Wir k\u00f6nnen hier \u00fcbernachten und Ausfl\u00fcge und Touren zu den verschiedenen bemalten Kl\u00f6stern machen, die zum UNESCO-Weltkulturerbe geh\u00f6ren. Kirche mit &hellip; Suceava Read More \u00bb\" \/>\n<meta property=\"og:url\" content=\"https:\/\/roadtoromania.com\/de\/staedte-und-regionen-rumaeniens\/suceava\/\" \/>\n<meta property=\"og:site_name\" content=\"Road to Romania\" \/>\n<meta property=\"article:modified_time\" content=\"2022-10-15T22:16:43+00:00\" \/>\n<meta property=\"og:image\" content=\"https:\/\/roadtoromania.com\/wp-content\/uploads\/2022\/10\/san_juan_suceava1-1.jpg\" \/>\n\t<meta property=\"og:image:width\" content=\"640\" \/>\n\t<meta property=\"og:image:height\" content=\"450\" \/>\n\t<meta property=\"og:image:type\" content=\"image\/jpeg\" \/>\n<meta name=\"twitter:card\" content=\"summary_large_image\" \/>\n<meta name=\"twitter:label1\" content=\"Gesch\u00e4tzte Lesezeit\" \/>\n\t<meta name=\"twitter:data1\" content=\"4\u00a0Minuten\" \/>\n<script type=\"application\/ld+json\" class=\"yoast-schema-graph\">{\"@context\":\"https:\/\/schema.org\",\"@graph\":[{\"@type\":\"WebPage\",\"@id\":\"https:\/\/roadtoromania.com\/de\/staedte-und-regionen-rumaeniens\/suceava\/\",\"url\":\"https:\/\/roadtoromania.com\/de\/staedte-und-regionen-rumaeniens\/suceava\/\",\"name\":\"Suceava - Road to Romania\",\"isPartOf\":{\"@id\":\"https:\/\/roadtoromania.com\/de\/#website\"},\"datePublished\":\"2022-10-15T18:40:14+00:00\",\"dateModified\":\"2022-10-15T22:16:43+00:00\",\"breadcrumb\":{\"@id\":\"https:\/\/roadtoromania.com\/de\/staedte-und-regionen-rumaeniens\/suceava\/#breadcrumb\"},\"inLanguage\":\"de\",\"potentialAction\":[{\"@type\":\"ReadAction\",\"target\":[\"https:\/\/roadtoromania.com\/de\/staedte-und-regionen-rumaeniens\/suceava\/\"]}]},{\"@type\":\"BreadcrumbList\",\"@id\":\"https:\/\/roadtoromania.com\/de\/staedte-und-regionen-rumaeniens\/suceava\/#breadcrumb\",\"itemListElement\":[{\"@type\":\"ListItem\",\"position\":1,\"name\":\"Home\",\"item\":\"https:\/\/roadtoromania.com\/de\/\"},{\"@type\":\"ListItem\",\"position\":2,\"name\":\"St\u00e4dte und Regionen in Rum\u00e4nien\",\"item\":\"https:\/\/roadtoromania.com\/de\/staedte-und-regionen-rumaeniens\/\"},{\"@type\":\"ListItem\",\"position\":3,\"name\":\"Suceava\"}]},{\"@type\":\"WebSite\",\"@id\":\"https:\/\/roadtoromania.com\/de\/#website\",\"url\":\"https:\/\/roadtoromania.com\/de\/\",\"name\":\"Road to Romania\",\"description\":\"Der Blog, in dem Sie alle Informationen finden, die Sie brauchen, um Rum\u00e4nien zu genie\u00dfen.\",\"potentialAction\":[{\"@type\":\"SearchAction\",\"target\":{\"@type\":\"EntryPoint\",\"urlTemplate\":\"https:\/\/roadtoromania.com\/de\/?s={search_term_string}\"},\"query-input\":\"required name=search_term_string\"}],\"inLanguage\":\"de\"}]}<\/script>\n<!-- \/ Yoast SEO plugin. -->","yoast_head_json":{"title":"Suceava - Road to Romania","robots":{"index":"index","follow":"follow","max-snippet":"max-snippet:-1","max-image-preview":"max-image-preview:large","max-video-preview":"max-video-preview:-1"},"canonical":"https:\/\/roadtoromania.com\/de\/staedte-und-regionen-rumaeniens\/suceava\/","og_locale":"de_DE","og_type":"article","og_title":"Suceava - Road to Romania","og_description":"Suceva , die ehemalige Hauptstadt von Moldawien zwischen 1388 und 1565, ist heute eine Stadt, die es uns erm\u00f6glicht, sie als Ausgangspunkt f\u00fcr einen Besuch der rum\u00e4nischen Region Bucovina , im Nordosten Rum\u00e4niens zu nutzen. Wir k\u00f6nnen hier \u00fcbernachten und Ausfl\u00fcge und Touren zu den verschiedenen bemalten Kl\u00f6stern machen, die zum UNESCO-Weltkulturerbe geh\u00f6ren. Kirche mit &hellip; Suceava Read More \u00bb","og_url":"https:\/\/roadtoromania.com\/de\/staedte-und-regionen-rumaeniens\/suceava\/","og_site_name":"Road to Romania","article_modified_time":"2022-10-15T22:16:43+00:00","og_image":[{"width":640,"height":450,"url":"https:\/\/roadtoromania.com\/wp-content\/uploads\/2022\/10\/san_juan_suceava1-1.jpg","type":"image\/jpeg"}],"twitter_card":"summary_large_image","twitter_misc":{"Gesch\u00e4tzte Lesezeit":"4\u00a0Minuten"},"schema":{"@context":"https:\/\/schema.org","@graph":[{"@type":"WebPage","@id":"https:\/\/roadtoromania.com\/de\/staedte-und-regionen-rumaeniens\/suceava\/","url":"https:\/\/roadtoromania.com\/de\/staedte-und-regionen-rumaeniens\/suceava\/","name":"Suceava - Road to Romania","isPartOf":{"@id":"https:\/\/roadtoromania.com\/de\/#website"},"datePublished":"2022-10-15T18:40:14+00:00","dateModified":"2022-10-15T22:16:43+00:00","breadcrumb":{"@id":"https:\/\/roadtoromania.com\/de\/staedte-und-regionen-rumaeniens\/suceava\/#breadcrumb"},"inLanguage":"de","potentialAction":[{"@type":"ReadAction","target":["https:\/\/roadtoromania.com\/de\/staedte-und-regionen-rumaeniens\/suceava\/"]}]},{"@type":"BreadcrumbList","@id":"https:\/\/roadtoromania.com\/de\/staedte-und-regionen-rumaeniens\/suceava\/#breadcrumb","itemListElement":[{"@type":"ListItem","position":1,"name":"Home","item":"https:\/\/roadtoromania.com\/de\/"},{"@type":"ListItem","position":2,"name":"St\u00e4dte und Regionen in Rum\u00e4nien","item":"https:\/\/roadtoromania.com\/de\/staedte-und-regionen-rumaeniens\/"},{"@type":"ListItem","position":3,"name":"Suceava"}]},{"@type":"WebSite","@id":"https:\/\/roadtoromania.com\/de\/#website","url":"https:\/\/roadtoromania.com\/de\/","name":"Road to Romania","description":"Der Blog, in dem Sie alle Informationen finden, die Sie brauchen, um Rum\u00e4nien zu genie\u00dfen.","potentialAction":[{"@type":"SearchAction","target":{"@type":"EntryPoint","urlTemplate":"https:\/\/roadtoromania.com\/de\/?s={search_term_string}"},"query-input":"required name=search_term_string"}],"inLanguage":"de"}]}},"_links":{"self":[{"href":"https:\/\/roadtoromania.com\/de\/wp-json\/wp\/v2\/pages\/2969","targetHints":{"allow":["GET"]}}],"collection":[{"href":"https:\/\/roadtoromania.com\/de\/wp-json\/wp\/v2\/pages"}],"about":[{"href":"https:\/\/roadtoromania.com\/de\/wp-json\/wp\/v2\/types\/page"}],"author":[{"embeddable":true,"href":"https:\/\/roadtoromania.com\/de\/wp-json\/wp\/v2\/users\/1"}],"replies":[{"embeddable":true,"href":"https:\/\/roadtoromania.com\/de\/wp-json\/wp\/v2\/comments?post=2969"}],"version-history":[{"count":1,"href":"https:\/\/roadtoromania.com\/de\/wp-json\/wp\/v2\/pages\/2969\/revisions"}],"predecessor-version":[{"id":2970,"href":"https:\/\/roadtoromania.com\/de\/wp-json\/wp\/v2\/pages\/2969\/revisions\/2970"}],"up":[{"embeddable":true,"href":"https:\/\/roadtoromania.com\/de\/wp-json\/wp\/v2\/pages\/2910"}],"wp:featuredmedia":[{"embeddable":true,"href":"https:\/\/roadtoromania.com\/de\/wp-json\/wp\/v2\/media\/1361"}],"wp:attachment":[{"href":"https:\/\/roadtoromania.com\/de\/wp-json\/wp\/v2\/media?parent=2969"}],"curies":[{"name":"wp","href":"https:\/\/api.w.org\/{rel}","templated":true}]}}