{"id":2971,"date":"2022-10-15T18:40:14","date_gmt":"2022-10-15T18:40:14","guid":{"rendered":"https:\/\/roadtoromania.com\/citta-e-regioni-della-romania\/suceava\/suceava\/"},"modified":"2022-10-16T08:53:19","modified_gmt":"2022-10-16T08:53:19","slug":"arbore-kirche","status":"publish","type":"page","link":"https:\/\/roadtoromania.com\/de\/staedte-und-regionen-rumaeniens\/suceava\/arbore-kirche\/","title":{"rendered":"Arbore Kirche"},"content":{"rendered":"<p>Etwa 40 km von <a href=\"https:\/\/roadtoromania.com\/de\/staedte-und-regionen-rumaeniens\/suceava\/\"> <strong>Suceava<\/strong><\/a> im Nordosten Rum\u00e4niens entfernt, gilt die <strong>Arbore-Kirche<\/strong> als das repr\u00e4sentativste Bauwerk der moldawischen byzantinischen Kunst, gilt als das repr\u00e4sentativste Beispiel byzantinischer moldauischer Kunst, das zusammen mit den Fresken der Kirchen im Au\u00dfenbereich seit 1993 zum <a href=\"https:\/\/roadtoromania.com\/de\/denkmaeler-der-rumaenien-was-zu-sehen-in-rumaenien\/unesco-erbschaft-in-rumaenien\/\"> <strong>Unesco-Weltkulturerbe geh\u00f6rt.<\/strong><\/a><\/p>\n<p><a href=\"https:\/\/roadtoromania.com\/wp-content\/uploads\/2022\/10\/biserica_arbore.jpg\"><img decoding=\"async\" src=\"https:\/\/roadtoromania.com\/wp-content\/uploads\/2022\/10\/biserica_arbore.jpg\" \/><\/a> Arbore Church, Unesco-Weltkulturerbe .<\/p>\n<p>Das Geb\u00e4ude stammt aus dem Jahr 1503, als Luca Arbore, Berater von K\u00f6nig Stephan dem Gro\u00dfen und ein einflussreicher Bojar am Hof, die Kirche als Kapelle f\u00fcr den f\u00fcrstlichen Adel errichten lie\u00df und sie dem Heiligen Johannes dem T\u00e4ufer weihte<\/p>\n<p>.<\/p>\n<p>Kleiner als die anderen vier Kirchen der <a href=\"https:\/\/roadtoromania.com\/de\/bucovina-und-seine-kloester\/\"> <strong>Bukowina<\/strong><\/a> (Voronet, <a href=\"https:\/\/roadtoromania.com\/de\/denkmaeler-der-rumaenien-was-zu-sehen-in-rumaenien\/kloster-kozia\/\"> <strong>Moldovita<\/strong><\/a> , Humor und Suceavita), <strong>Arbore<\/strong> wurde nach Ansicht von Fachleuten auf diesem Gebiet auf Initiative eines Bojaren, d. h. eines adligen slawischen Landbesitzers, errichtet, im Gegensatz zu anderen, die von F\u00fcrsten mit gr\u00f6\u00dferen Mitteln bezahlt wurden. Einer der Unterschiede besteht darin, dass der Raum vor dem Kirchenschiff, der Pronaos, weniger hell ist. Ein weiterer Unterschied besteht darin, dass sie keine Kuppel hat, was darauf zur\u00fcckzuf\u00fchren ist, dass sie von einer nichtreligi\u00f6sen Person gef\u00f6rdert wurde. In der Krypta befindet sich die Grabst\u00e4tte von Luca Arbore<\/p>\n<p>.<\/p>\n<p>Die <strong>Fresken<\/strong> wurden 1541 von <em>Drago\u015f Coman aus Iasi<\/em> gemalt, und die Besonderheit ist die Tonalit\u00e4t der verschiedenen Gr\u00fcnt\u00f6ne, die im Gegensatz zu den Blau- und Ockert\u00f6nen anderer Kirchen den chromatischen Ton angeben und gro\u00dfe Kontraste schaffen, die dazu dienen, die Lichter und Schatten der Figuren zu markieren.<\/p>\n<p>Das Gr\u00fcn, mit dem die pflanzlichen Elemente gef\u00e4rbt werden, gilt als einzigartig auf der Welt, ebenso wie das Blau von Voronet, das Gr\u00fcn-Rot von Sucevita, das Gelb von Moldovita und das Rot von Humor. Die Malermeister nahmen das Geheimnis der gr\u00fcnen Farbe von Arbore mit ins Grab, und heute kann man auf dem Kirchhof die f\u00fcnfzehn Gef\u00e4\u00dfe sehen, in denen die verschiedenen Gr\u00fcnt\u00f6ne entstanden sind.<\/p>\n<p>Im Inneren der Kirche ist das Bildnis des r\u00f6mischen Kaisers Konstantin des Gro\u00dfen zu sehen, w\u00e4hrend an der S\u00fcdfassade Miniaturelemente aus dem Leben der Heiligen und biblische Szenen zu sehen sind. Szenen aus der Genesis sind auch auf den Strebepfeilern der Westwand zu sehen<\/p>\n<p>.<br \/>\n<a href=\"https:\/\/roadtoromania.com\/wp-content\/uploads\/2022\/10\/iglesia_arbore.jpg\"><img decoding=\"async\" src=\"https:\/\/roadtoromania.com\/wp-content\/uploads\/2022\/10\/iglesia_arbore.jpg\" \/><\/a> Fresken in der Kirche von Arbore<\/p>\n","protected":false},"excerpt":{"rendered":"<p>Etwa 40 km von Suceava im Nordosten Rum\u00e4niens entfernt, gilt die Arbore-Kirche als das repr\u00e4sentativste Bauwerk der moldawischen byzantinischen Kunst, gilt als das repr\u00e4sentativste Beispiel byzantinischer moldauischer Kunst, das zusammen mit den Fresken der Kirchen im Au\u00dfenbereich seit 1993 zum Unesco-Weltkulturerbe geh\u00f6rt. Arbore Church, Unesco-Weltkulturerbe . Das Geb\u00e4ude stammt aus dem Jahr 1503, als Luca &hellip;<\/p>\n<p class=\"read-more\"> <a class=\"\" href=\"https:\/\/roadtoromania.com\/de\/staedte-und-regionen-rumaeniens\/suceava\/arbore-kirche\/\"> <span class=\"screen-reader-text\">Arbore Kirche<\/span> Read More \u00bb<\/a><\/p>\n","protected":false},"author":1,"featured_media":1375,"parent":2969,"menu_order":0,"comment_status":"open","ping_status":"open","template":"","meta":{"site-sidebar-layout":"default","site-content-layout":"default","ast-global-header-display":"","ast-main-header-display":"","ast-hfb-above-header-display":"","ast-hfb-below-header-display":"","ast-hfb-mobile-header-display":"","site-post-title":"","ast-breadcrumbs-content":"","ast-featured-img":"","footer-sml-layout":"","theme-transparent-header-meta":"default","adv-header-id-meta":"","stick-header-meta":"","header-above-stick-meta":"","header-main-stick-meta":"","header-below-stick-meta":"","footnotes":""},"class_list":["post-2971","page","type-page","status-publish","has-post-thumbnail","hentry"],"yoast_head":"<!-- This site is optimized with the Yoast SEO plugin v19.10 - https:\/\/yoast.com\/wordpress\/plugins\/seo\/ -->\n<title>Arbore Kirche - Road to Romania<\/title>\n<meta name=\"robots\" content=\"index, follow, max-snippet:-1, max-image-preview:large, max-video-preview:-1\" \/>\n<link rel=\"canonical\" href=\"https:\/\/roadtoromania.com\/de\/staedte-und-regionen-rumaeniens\/suceava\/arbore-kirche\/\" \/>\n<meta property=\"og:locale\" content=\"de_DE\" \/>\n<meta property=\"og:type\" content=\"article\" \/>\n<meta property=\"og:title\" content=\"Arbore Kirche - Road to Romania\" \/>\n<meta property=\"og:description\" content=\"Etwa 40 km von Suceava im Nordosten Rum\u00e4niens entfernt, gilt die Arbore-Kirche als das repr\u00e4sentativste Bauwerk der moldawischen byzantinischen Kunst, gilt als das repr\u00e4sentativste Beispiel byzantinischer moldauischer Kunst, das zusammen mit den Fresken der Kirchen im Au\u00dfenbereich seit 1993 zum Unesco-Weltkulturerbe geh\u00f6rt. Arbore Church, Unesco-Weltkulturerbe . Das Geb\u00e4ude stammt aus dem Jahr 1503, als Luca &hellip; Arbore Kirche Read More \u00bb\" \/>\n<meta property=\"og:url\" content=\"https:\/\/roadtoromania.com\/de\/staedte-und-regionen-rumaeniens\/suceava\/arbore-kirche\/\" \/>\n<meta property=\"og:site_name\" content=\"Road to Romania\" \/>\n<meta property=\"article:modified_time\" content=\"2022-10-16T08:53:19+00:00\" \/>\n<meta property=\"og:image\" content=\"https:\/\/roadtoromania.com\/wp-content\/uploads\/2022\/10\/biserica_arbore-1.jpg\" \/>\n\t<meta property=\"og:image:width\" content=\"650\" \/>\n\t<meta property=\"og:image:height\" content=\"419\" \/>\n\t<meta property=\"og:image:type\" content=\"image\/jpeg\" \/>\n<meta name=\"twitter:card\" content=\"summary_large_image\" \/>\n<meta name=\"twitter:label1\" content=\"Gesch\u00e4tzte Lesezeit\" \/>\n\t<meta name=\"twitter:data1\" content=\"3\u00a0Minuten\" \/>\n<script type=\"application\/ld+json\" class=\"yoast-schema-graph\">{\"@context\":\"https:\/\/schema.org\",\"@graph\":[{\"@type\":\"WebPage\",\"@id\":\"https:\/\/roadtoromania.com\/de\/staedte-und-regionen-rumaeniens\/suceava\/arbore-kirche\/\",\"url\":\"https:\/\/roadtoromania.com\/de\/staedte-und-regionen-rumaeniens\/suceava\/arbore-kirche\/\",\"name\":\"Arbore Kirche - Road to Romania\",\"isPartOf\":{\"@id\":\"https:\/\/roadtoromania.com\/de\/#website\"},\"datePublished\":\"2022-10-15T18:40:14+00:00\",\"dateModified\":\"2022-10-16T08:53:19+00:00\",\"breadcrumb\":{\"@id\":\"https:\/\/roadtoromania.com\/de\/staedte-und-regionen-rumaeniens\/suceava\/arbore-kirche\/#breadcrumb\"},\"inLanguage\":\"de\",\"potentialAction\":[{\"@type\":\"ReadAction\",\"target\":[\"https:\/\/roadtoromania.com\/de\/staedte-und-regionen-rumaeniens\/suceava\/arbore-kirche\/\"]}]},{\"@type\":\"BreadcrumbList\",\"@id\":\"https:\/\/roadtoromania.com\/de\/staedte-und-regionen-rumaeniens\/suceava\/arbore-kirche\/#breadcrumb\",\"itemListElement\":[{\"@type\":\"ListItem\",\"position\":1,\"name\":\"Home\",\"item\":\"https:\/\/roadtoromania.com\/de\/\"},{\"@type\":\"ListItem\",\"position\":2,\"name\":\"St\u00e4dte und Regionen in Rum\u00e4nien\",\"item\":\"https:\/\/roadtoromania.com\/de\/staedte-und-regionen-rumaeniens\/\"},{\"@type\":\"ListItem\",\"position\":3,\"name\":\"Suceava\",\"item\":\"https:\/\/roadtoromania.com\/de\/staedte-und-regionen-rumaeniens\/suceava\/\"},{\"@type\":\"ListItem\",\"position\":4,\"name\":\"Arbore Kirche\"}]},{\"@type\":\"WebSite\",\"@id\":\"https:\/\/roadtoromania.com\/de\/#website\",\"url\":\"https:\/\/roadtoromania.com\/de\/\",\"name\":\"Road to Romania\",\"description\":\"Der Blog, in dem Sie alle Informationen finden, die Sie brauchen, um Rum\u00e4nien zu genie\u00dfen.\",\"potentialAction\":[{\"@type\":\"SearchAction\",\"target\":{\"@type\":\"EntryPoint\",\"urlTemplate\":\"https:\/\/roadtoromania.com\/de\/?s={search_term_string}\"},\"query-input\":\"required name=search_term_string\"}],\"inLanguage\":\"de\"}]}<\/script>\n<!-- \/ Yoast SEO plugin. -->","yoast_head_json":{"title":"Arbore Kirche - Road to Romania","robots":{"index":"index","follow":"follow","max-snippet":"max-snippet:-1","max-image-preview":"max-image-preview:large","max-video-preview":"max-video-preview:-1"},"canonical":"https:\/\/roadtoromania.com\/de\/staedte-und-regionen-rumaeniens\/suceava\/arbore-kirche\/","og_locale":"de_DE","og_type":"article","og_title":"Arbore Kirche - Road to Romania","og_description":"Etwa 40 km von Suceava im Nordosten Rum\u00e4niens entfernt, gilt die Arbore-Kirche als das repr\u00e4sentativste Bauwerk der moldawischen byzantinischen Kunst, gilt als das repr\u00e4sentativste Beispiel byzantinischer moldauischer Kunst, das zusammen mit den Fresken der Kirchen im Au\u00dfenbereich seit 1993 zum Unesco-Weltkulturerbe geh\u00f6rt. Arbore Church, Unesco-Weltkulturerbe . Das Geb\u00e4ude stammt aus dem Jahr 1503, als Luca &hellip; Arbore Kirche Read More \u00bb","og_url":"https:\/\/roadtoromania.com\/de\/staedte-und-regionen-rumaeniens\/suceava\/arbore-kirche\/","og_site_name":"Road to Romania","article_modified_time":"2022-10-16T08:53:19+00:00","og_image":[{"width":650,"height":419,"url":"https:\/\/roadtoromania.com\/wp-content\/uploads\/2022\/10\/biserica_arbore-1.jpg","type":"image\/jpeg"}],"twitter_card":"summary_large_image","twitter_misc":{"Gesch\u00e4tzte Lesezeit":"3\u00a0Minuten"},"schema":{"@context":"https:\/\/schema.org","@graph":[{"@type":"WebPage","@id":"https:\/\/roadtoromania.com\/de\/staedte-und-regionen-rumaeniens\/suceava\/arbore-kirche\/","url":"https:\/\/roadtoromania.com\/de\/staedte-und-regionen-rumaeniens\/suceava\/arbore-kirche\/","name":"Arbore Kirche - Road to Romania","isPartOf":{"@id":"https:\/\/roadtoromania.com\/de\/#website"},"datePublished":"2022-10-15T18:40:14+00:00","dateModified":"2022-10-16T08:53:19+00:00","breadcrumb":{"@id":"https:\/\/roadtoromania.com\/de\/staedte-und-regionen-rumaeniens\/suceava\/arbore-kirche\/#breadcrumb"},"inLanguage":"de","potentialAction":[{"@type":"ReadAction","target":["https:\/\/roadtoromania.com\/de\/staedte-und-regionen-rumaeniens\/suceava\/arbore-kirche\/"]}]},{"@type":"BreadcrumbList","@id":"https:\/\/roadtoromania.com\/de\/staedte-und-regionen-rumaeniens\/suceava\/arbore-kirche\/#breadcrumb","itemListElement":[{"@type":"ListItem","position":1,"name":"Home","item":"https:\/\/roadtoromania.com\/de\/"},{"@type":"ListItem","position":2,"name":"St\u00e4dte und Regionen in Rum\u00e4nien","item":"https:\/\/roadtoromania.com\/de\/staedte-und-regionen-rumaeniens\/"},{"@type":"ListItem","position":3,"name":"Suceava","item":"https:\/\/roadtoromania.com\/de\/staedte-und-regionen-rumaeniens\/suceava\/"},{"@type":"ListItem","position":4,"name":"Arbore Kirche"}]},{"@type":"WebSite","@id":"https:\/\/roadtoromania.com\/de\/#website","url":"https:\/\/roadtoromania.com\/de\/","name":"Road to Romania","description":"Der Blog, in dem Sie alle Informationen finden, die Sie brauchen, um Rum\u00e4nien zu genie\u00dfen.","potentialAction":[{"@type":"SearchAction","target":{"@type":"EntryPoint","urlTemplate":"https:\/\/roadtoromania.com\/de\/?s={search_term_string}"},"query-input":"required name=search_term_string"}],"inLanguage":"de"}]}},"_links":{"self":[{"href":"https:\/\/roadtoromania.com\/de\/wp-json\/wp\/v2\/pages\/2971","targetHints":{"allow":["GET"]}}],"collection":[{"href":"https:\/\/roadtoromania.com\/de\/wp-json\/wp\/v2\/pages"}],"about":[{"href":"https:\/\/roadtoromania.com\/de\/wp-json\/wp\/v2\/types\/page"}],"author":[{"embeddable":true,"href":"https:\/\/roadtoromania.com\/de\/wp-json\/wp\/v2\/users\/1"}],"replies":[{"embeddable":true,"href":"https:\/\/roadtoromania.com\/de\/wp-json\/wp\/v2\/comments?post=2971"}],"version-history":[{"count":2,"href":"https:\/\/roadtoromania.com\/de\/wp-json\/wp\/v2\/pages\/2971\/revisions"}],"predecessor-version":[{"id":3108,"href":"https:\/\/roadtoromania.com\/de\/wp-json\/wp\/v2\/pages\/2971\/revisions\/3108"}],"up":[{"embeddable":true,"href":"https:\/\/roadtoromania.com\/de\/wp-json\/wp\/v2\/pages\/2969"}],"wp:featuredmedia":[{"embeddable":true,"href":"https:\/\/roadtoromania.com\/de\/wp-json\/wp\/v2\/media\/1375"}],"wp:attachment":[{"href":"https:\/\/roadtoromania.com\/de\/wp-json\/wp\/v2\/media?parent=2971"}],"curies":[{"name":"wp","href":"https:\/\/api.w.org\/{rel}","templated":true}]}}