{"id":2973,"date":"2022-10-15T18:40:14","date_gmt":"2022-10-15T18:40:14","guid":{"rendered":"https:\/\/roadtoromania.com\/staedte-und-regionen-rumaeniens\/targoviste-tirgoviste\/"},"modified":"2022-10-15T22:16:44","modified_gmt":"2022-10-15T22:16:44","slug":"targoviste-tirgoviste","status":"publish","type":"page","link":"https:\/\/roadtoromania.com\/de\/staedte-und-regionen-rumaeniens\/targoviste-tirgoviste\/","title":{"rendered":"Targoviste \/ Tirgoviste"},"content":{"rendered":"<p>Die w\u00f6rtliche \u00dcbersetzung des slawischen Wortes <strong>T\u00e2rgovi\u0219te<\/strong> bedeutet &#8220;Platz des Marktes&#8221; und weist bereits auf seine Hauptaufgabe seit seiner Gr\u00fcndung hin.Heute ist es eine ruhige Stadt mit niedrigen H\u00e4usern und breiten Stra\u00dfen, die nur durch den Zustrom von Touristen gest\u00f6rt wird.<\/p>\n<p><a href=\"https:\/\/roadtoromania.com\/wp-content\/uploads\/2022\/10\/castillo_dracula_tirgoviste.jpg\"><img decoding=\"async\" src=\"https:\/\/roadtoromania.com\/wp-content\/uploads\/2022\/10\/castillo_dracula_tirgoviste.jpg\" \/><\/a> Draculas Schloss in Tirgoviste<\/p>\n<p>\n <strong>T\u00e2rgovi\u0219te<\/strong> erscheint bereits in den Reiseberichten von Johannes Schiltberger, einem ber\u00fchmten bayerischen Erz\u00e4hler, der nach seiner Teilnahme an den Kreuzz\u00fcgen gegen die Osmanen (insbesondere an der Schlacht von Nikopolis) viele Orte in Osteuropa und im Osten besuchte, als er zun\u00e4chst Sklave von Sultan Beyazid I. und dann von den mongolischen Truppen des Sultans von Timur war.<\/p>\n<p>\nDer Komplex Curtea Domneasc\u0103 repr\u00e4sentierte den k\u00f6niglichen Hof von K\u00f6nig Mircea I., der zwei Jahrhunderte lang in <strong>T\u00e2rgovi\u0219te<\/strong> , der Hauptstadt der Woiwodschaft Walachei, residierte, bis er nach Bukarest verlegt wurde.<\/p>\n<\/p>\n<p>Vlad Dracul der Pf\u00e4hler, der in der Literatur von Bram Stoker mit Dracula in Verbindung gebracht wird, war der F\u00f6rderer des Chindia-Turms, die wir heute im Rahmen der <strong>Dracula-Route<\/strong> besuchen k\u00f6nnen, die weitere Besuche in <a href=\"https:\/\/roadtoromania.com\/de\/staedte-und-regionen-rumaeniens\/transsilvanien\/\"> <strong>umfasst Siebenb\u00fcrgen<\/strong><\/a> wie <a href=\"https:\/\/roadtoromania.com\/de\/denkmaeler-der-rumaenien-was-zu-sehen-in-rumaenien\/schloss-von-bran-das-schloss-der-dracula\/\"> <strong>Bran<\/strong><\/a> Schloss oder <a href=\"https:\/\/roadtoromania.com\/de\/staedte-und-regionen-rumaeniens\/sighisoara\/\"> <strong>Sighisoara<\/strong><\/a> .<\/p>\n<p>\nIn der j\u00fcngeren Geschichte war T\u00e2rgovi\u0219te Schauplatz der dramatischsten Szenen beim Sturz der rum\u00e4nischen Diktatur von Nicolae Ceau\u015fescu, der hier hingerichtet wurde.<\/p>\n<div id=\"toc_container\" class=\"no_bullets\"><p class=\"toc_title\">Contents<\/p><ul class=\"toc_list\"><li><a href=\"#Was_es_in_Targoviste_zu_sehen_gibt\"><span class=\"toc_number toc_depth_1\">1<\/span> \n Was es in Targoviste zu sehen gibt <\/a><\/li><li><a href=\"#Wie_man_nach_Targoviste_kommt\"><span class=\"toc_number toc_depth_1\">2<\/span> \n Wie man nach T\u00e2rgovi\u0219te kommt <\/a><\/li><li><a href=\"#Rund_um_Targoviste\"><span class=\"toc_number toc_depth_1\">3<\/span> \n Rund um Targoviste <\/a><\/li><li><a href=\"#Karte_von_Targoviste\"><span class=\"toc_number toc_depth_1\">4<\/span> \nKarte von Targoviste<\/a><\/li><\/ul><\/div>\n<h2><span id=\"Was_es_in_Targoviste_zu_sehen_gibt\">\n <strong>Was es in Targoviste zu sehen gibt<\/strong> <\/span><\/h2>\n<p>\nDie Statue von Blad Tepes ist eines der charakteristischsten Bilder von T\u00e2rgovi\u0219te, ganz in der N\u00e4he des Kunst- und Geschichtsmuseums und am Eingang des Wohnkomplexes des rum\u00e4nischen mittelalterlichen Hofes. In der Curtea Domneasc\u0103 sind die wichtigsten historischen Geb\u00e4ude der Stadt zusammengefasst. Einer davon ist der D\u00e4mmerungsturm aus dem 15. Jahrhundert, dessen Aufgabe es war, Br\u00e4nde zu verhindern, deren verheerende Auswirkungen in einer Stadt aus Holz verheerend waren. Es beherbergt heute ein Museum, das Dracula gewidmet ist, wurde aber wegen der Auswirkungen eines Erdbebens im Jahr 1992 geschlossen. Es lohnt sich, zu \u00fcberpr\u00fcfen, ob sie wieder ge\u00f6ffnet ist <\/p>\n<p>.<\/p>\n<p>\nDie fr\u00fchere Residenz der F\u00fcrsten wurde abgerissen, aber in den Kellern sind Dauerausstellungen von Keramiken, Waffen und dekorativen Gegenst\u00e4nden zu sehen <\/p>\n<p>.<\/p>\n<p>\nDie Principesca oder &#8220;Dominio de la virgen&#8221; ist die gr\u00f6\u00dfte Kirche, die 1585 von F\u00fcrst Petru Cercel erbaut wurde und in der wertvolle Fresken erhalten sind. Die Verk\u00fcndigungskirche hat die Ehre, das \u00e4lteste Geb\u00e4ude in T\u00e2rgovi\u0219te zu sein <\/p>\n<p>.<\/p>\n<p>\nWeiter s\u00fcdlich, am Fluss, befinden sich das Druckereimuseum (mit Manuskripten aus dem 16. Jahrhundert, darunter der erste in slawischer Sprache gedruckte Band) und das Schriftstellermuseum in Dimbovita, ein Rundgang zu den wichtigsten Schriftstellern der Region. Beides sind interessante Orte, um mehr \u00fcber die rum\u00e4nische Literatur und Geschichte zu erfahren.<\/p>\n<p> Hotels und Unterk\u00fcnfte in Tirgoviste<\/strong> <\/h2>\n<p>\n\u00a0<\/p>\n<h2><span id=\"Wie_man_nach_Targoviste_kommt\">\n <strong>Wie man nach T\u00e2rgovi\u0219te kommt<\/strong> <\/span><\/h2>\n<p>\nVon Bukarest, Brasov und Ploiesti gibt es Busse nach T\u00e2rgovi\u0219te. Der Zug hat auch eine Verbindung nach Ploesti <\/p>\n<p>.<\/p>\n<h2><span id=\"Rund_um_Targoviste\">\n <strong>Rund um Targoviste<\/strong> <\/span><\/h2>\n<p>\nWir k\u00f6nnen unseren Besuch in T\u00e2rgovi\u0219te nutzen, um nach <strong>Pucioasa<\/strong> zu fahren, wo das Mihalache-Dobrescu-Haus (14. Jahrhundert) eine interessante Sammlung rum\u00e4nischer Volkskunst und Ethnografie beherbergt.<\/p>\n<p>\nEs besteht auch die M\u00f6glichkeit, das Kloster von <strong>Dealu<\/strong> zu besuchen, in dessen Krypta der Leichnam von Prinz Radu del Mare<\/p>\n<p>ruht.<\/p>\n<h2><span id=\"Karte_von_Targoviste\">\nKarte von Targoviste<\/span><\/h2>\n","protected":false},"excerpt":{"rendered":"<p>Die w\u00f6rtliche \u00dcbersetzung des slawischen Wortes T\u00e2rgovi\u0219te bedeutet &#8220;Platz des Marktes&#8221; und weist bereits auf seine Hauptaufgabe seit seiner Gr\u00fcndung hin.Heute ist es eine ruhige Stadt mit niedrigen H\u00e4usern und breiten Stra\u00dfen, die nur durch den Zustrom von Touristen gest\u00f6rt wird. Draculas Schloss in Tirgoviste T\u00e2rgovi\u0219te erscheint bereits in den Reiseberichten von Johannes Schiltberger, einem &hellip;<\/p>\n<p class=\"read-more\"> <a class=\"\" href=\"https:\/\/roadtoromania.com\/de\/staedte-und-regionen-rumaeniens\/targoviste-tirgoviste\/\"> <span class=\"screen-reader-text\">Targoviste \/ Tirgoviste<\/span> Read More \u00bb<\/a><\/p>\n","protected":false},"author":1,"featured_media":1389,"parent":2910,"menu_order":0,"comment_status":"open","ping_status":"open","template":"","meta":{"site-sidebar-layout":"default","site-content-layout":"default","ast-global-header-display":"","ast-main-header-display":"","ast-hfb-above-header-display":"","ast-hfb-below-header-display":"","ast-hfb-mobile-header-display":"","site-post-title":"","ast-breadcrumbs-content":"","ast-featured-img":"","footer-sml-layout":"","theme-transparent-header-meta":"","adv-header-id-meta":"","stick-header-meta":"","header-above-stick-meta":"","header-main-stick-meta":"","header-below-stick-meta":"","footnotes":""},"class_list":["post-2973","page","type-page","status-publish","has-post-thumbnail","hentry"],"yoast_head":"<!-- This site is optimized with the Yoast SEO plugin v19.10 - https:\/\/yoast.com\/wordpress\/plugins\/seo\/ -->\n<title>Targoviste \/ Tirgoviste - Road to Romania<\/title>\n<meta name=\"robots\" content=\"index, follow, max-snippet:-1, max-image-preview:large, max-video-preview:-1\" \/>\n<link rel=\"canonical\" href=\"https:\/\/roadtoromania.com\/de\/staedte-und-regionen-rumaeniens\/targoviste-tirgoviste\/\" \/>\n<meta property=\"og:locale\" content=\"de_DE\" \/>\n<meta property=\"og:type\" content=\"article\" \/>\n<meta property=\"og:title\" content=\"Targoviste \/ Tirgoviste - Road to Romania\" \/>\n<meta property=\"og:description\" content=\"Die w\u00f6rtliche \u00dcbersetzung des slawischen Wortes T\u00e2rgovi\u0219te bedeutet &#8220;Platz des Marktes&#8221; und weist bereits auf seine Hauptaufgabe seit seiner Gr\u00fcndung hin.Heute ist es eine ruhige Stadt mit niedrigen H\u00e4usern und breiten Stra\u00dfen, die nur durch den Zustrom von Touristen gest\u00f6rt wird. Draculas Schloss in Tirgoviste T\u00e2rgovi\u0219te erscheint bereits in den Reiseberichten von Johannes Schiltberger, einem &hellip; Targoviste \/ Tirgoviste Read More \u00bb\" \/>\n<meta property=\"og:url\" content=\"https:\/\/roadtoromania.com\/de\/staedte-und-regionen-rumaeniens\/targoviste-tirgoviste\/\" \/>\n<meta property=\"og:site_name\" content=\"Road to Romania\" \/>\n<meta property=\"article:modified_time\" content=\"2022-10-15T22:16:44+00:00\" \/>\n<meta property=\"og:image\" content=\"https:\/\/roadtoromania.com\/wp-content\/uploads\/2022\/10\/castillo_dracula_tirgoviste-1.jpg\" \/>\n\t<meta property=\"og:image:width\" content=\"768\" \/>\n\t<meta property=\"og:image:height\" content=\"510\" \/>\n\t<meta property=\"og:image:type\" content=\"image\/jpeg\" \/>\n<meta name=\"twitter:card\" content=\"summary_large_image\" \/>\n<meta name=\"twitter:label1\" content=\"Gesch\u00e4tzte Lesezeit\" \/>\n\t<meta name=\"twitter:data1\" content=\"3\u00a0Minuten\" \/>\n<script type=\"application\/ld+json\" class=\"yoast-schema-graph\">{\"@context\":\"https:\/\/schema.org\",\"@graph\":[{\"@type\":\"WebPage\",\"@id\":\"https:\/\/roadtoromania.com\/de\/staedte-und-regionen-rumaeniens\/targoviste-tirgoviste\/\",\"url\":\"https:\/\/roadtoromania.com\/de\/staedte-und-regionen-rumaeniens\/targoviste-tirgoviste\/\",\"name\":\"Targoviste \/ Tirgoviste - Road to Romania\",\"isPartOf\":{\"@id\":\"https:\/\/roadtoromania.com\/de\/#website\"},\"datePublished\":\"2022-10-15T18:40:14+00:00\",\"dateModified\":\"2022-10-15T22:16:44+00:00\",\"breadcrumb\":{\"@id\":\"https:\/\/roadtoromania.com\/de\/staedte-und-regionen-rumaeniens\/targoviste-tirgoviste\/#breadcrumb\"},\"inLanguage\":\"de\",\"potentialAction\":[{\"@type\":\"ReadAction\",\"target\":[\"https:\/\/roadtoromania.com\/de\/staedte-und-regionen-rumaeniens\/targoviste-tirgoviste\/\"]}]},{\"@type\":\"BreadcrumbList\",\"@id\":\"https:\/\/roadtoromania.com\/de\/staedte-und-regionen-rumaeniens\/targoviste-tirgoviste\/#breadcrumb\",\"itemListElement\":[{\"@type\":\"ListItem\",\"position\":1,\"name\":\"Home\",\"item\":\"https:\/\/roadtoromania.com\/de\/\"},{\"@type\":\"ListItem\",\"position\":2,\"name\":\"St\u00e4dte und Regionen in Rum\u00e4nien\",\"item\":\"https:\/\/roadtoromania.com\/de\/staedte-und-regionen-rumaeniens\/\"},{\"@type\":\"ListItem\",\"position\":3,\"name\":\"Targoviste \/ Tirgoviste\"}]},{\"@type\":\"WebSite\",\"@id\":\"https:\/\/roadtoromania.com\/de\/#website\",\"url\":\"https:\/\/roadtoromania.com\/de\/\",\"name\":\"Road to Romania\",\"description\":\"Der Blog, in dem Sie alle Informationen finden, die Sie brauchen, um Rum\u00e4nien zu genie\u00dfen.\",\"potentialAction\":[{\"@type\":\"SearchAction\",\"target\":{\"@type\":\"EntryPoint\",\"urlTemplate\":\"https:\/\/roadtoromania.com\/de\/?s={search_term_string}\"},\"query-input\":\"required name=search_term_string\"}],\"inLanguage\":\"de\"}]}<\/script>\n<!-- \/ Yoast SEO plugin. -->","yoast_head_json":{"title":"Targoviste \/ Tirgoviste - Road to Romania","robots":{"index":"index","follow":"follow","max-snippet":"max-snippet:-1","max-image-preview":"max-image-preview:large","max-video-preview":"max-video-preview:-1"},"canonical":"https:\/\/roadtoromania.com\/de\/staedte-und-regionen-rumaeniens\/targoviste-tirgoviste\/","og_locale":"de_DE","og_type":"article","og_title":"Targoviste \/ Tirgoviste - Road to Romania","og_description":"Die w\u00f6rtliche \u00dcbersetzung des slawischen Wortes T\u00e2rgovi\u0219te bedeutet &#8220;Platz des Marktes&#8221; und weist bereits auf seine Hauptaufgabe seit seiner Gr\u00fcndung hin.Heute ist es eine ruhige Stadt mit niedrigen H\u00e4usern und breiten Stra\u00dfen, die nur durch den Zustrom von Touristen gest\u00f6rt wird. Draculas Schloss in Tirgoviste T\u00e2rgovi\u0219te erscheint bereits in den Reiseberichten von Johannes Schiltberger, einem &hellip; Targoviste \/ Tirgoviste Read More \u00bb","og_url":"https:\/\/roadtoromania.com\/de\/staedte-und-regionen-rumaeniens\/targoviste-tirgoviste\/","og_site_name":"Road to Romania","article_modified_time":"2022-10-15T22:16:44+00:00","og_image":[{"width":768,"height":510,"url":"https:\/\/roadtoromania.com\/wp-content\/uploads\/2022\/10\/castillo_dracula_tirgoviste-1.jpg","type":"image\/jpeg"}],"twitter_card":"summary_large_image","twitter_misc":{"Gesch\u00e4tzte Lesezeit":"3\u00a0Minuten"},"schema":{"@context":"https:\/\/schema.org","@graph":[{"@type":"WebPage","@id":"https:\/\/roadtoromania.com\/de\/staedte-und-regionen-rumaeniens\/targoviste-tirgoviste\/","url":"https:\/\/roadtoromania.com\/de\/staedte-und-regionen-rumaeniens\/targoviste-tirgoviste\/","name":"Targoviste \/ Tirgoviste - Road to Romania","isPartOf":{"@id":"https:\/\/roadtoromania.com\/de\/#website"},"datePublished":"2022-10-15T18:40:14+00:00","dateModified":"2022-10-15T22:16:44+00:00","breadcrumb":{"@id":"https:\/\/roadtoromania.com\/de\/staedte-und-regionen-rumaeniens\/targoviste-tirgoviste\/#breadcrumb"},"inLanguage":"de","potentialAction":[{"@type":"ReadAction","target":["https:\/\/roadtoromania.com\/de\/staedte-und-regionen-rumaeniens\/targoviste-tirgoviste\/"]}]},{"@type":"BreadcrumbList","@id":"https:\/\/roadtoromania.com\/de\/staedte-und-regionen-rumaeniens\/targoviste-tirgoviste\/#breadcrumb","itemListElement":[{"@type":"ListItem","position":1,"name":"Home","item":"https:\/\/roadtoromania.com\/de\/"},{"@type":"ListItem","position":2,"name":"St\u00e4dte und Regionen in Rum\u00e4nien","item":"https:\/\/roadtoromania.com\/de\/staedte-und-regionen-rumaeniens\/"},{"@type":"ListItem","position":3,"name":"Targoviste \/ Tirgoviste"}]},{"@type":"WebSite","@id":"https:\/\/roadtoromania.com\/de\/#website","url":"https:\/\/roadtoromania.com\/de\/","name":"Road to Romania","description":"Der Blog, in dem Sie alle Informationen finden, die Sie brauchen, um Rum\u00e4nien zu genie\u00dfen.","potentialAction":[{"@type":"SearchAction","target":{"@type":"EntryPoint","urlTemplate":"https:\/\/roadtoromania.com\/de\/?s={search_term_string}"},"query-input":"required name=search_term_string"}],"inLanguage":"de"}]}},"_links":{"self":[{"href":"https:\/\/roadtoromania.com\/de\/wp-json\/wp\/v2\/pages\/2973","targetHints":{"allow":["GET"]}}],"collection":[{"href":"https:\/\/roadtoromania.com\/de\/wp-json\/wp\/v2\/pages"}],"about":[{"href":"https:\/\/roadtoromania.com\/de\/wp-json\/wp\/v2\/types\/page"}],"author":[{"embeddable":true,"href":"https:\/\/roadtoromania.com\/de\/wp-json\/wp\/v2\/users\/1"}],"replies":[{"embeddable":true,"href":"https:\/\/roadtoromania.com\/de\/wp-json\/wp\/v2\/comments?post=2973"}],"version-history":[{"count":1,"href":"https:\/\/roadtoromania.com\/de\/wp-json\/wp\/v2\/pages\/2973\/revisions"}],"predecessor-version":[{"id":2974,"href":"https:\/\/roadtoromania.com\/de\/wp-json\/wp\/v2\/pages\/2973\/revisions\/2974"}],"up":[{"embeddable":true,"href":"https:\/\/roadtoromania.com\/de\/wp-json\/wp\/v2\/pages\/2910"}],"wp:featuredmedia":[{"embeddable":true,"href":"https:\/\/roadtoromania.com\/de\/wp-json\/wp\/v2\/media\/1389"}],"wp:attachment":[{"href":"https:\/\/roadtoromania.com\/de\/wp-json\/wp\/v2\/media?parent=2973"}],"curies":[{"name":"wp","href":"https:\/\/api.w.org\/{rel}","templated":true}]}}