{"id":2975,"date":"2022-10-15T18:40:14","date_gmt":"2022-10-15T18:40:14","guid":{"rendered":"https:\/\/roadtoromania.com\/staedte-und-regionen-rumaeniens\/targu-mures\/"},"modified":"2022-10-15T22:16:44","modified_gmt":"2022-10-15T22:16:44","slug":"targu-mures","status":"publish","type":"page","link":"https:\/\/roadtoromania.com\/de\/staedte-und-regionen-rumaeniens\/targu-mures\/","title":{"rendered":"T\u00e2rgu Mure\u0219"},"content":{"rendered":"<p> <strong>T\u00e2rgu Mure\u0219<\/strong> (oder <strong>T\u00eergu Mure\u0219<\/strong> auf Altrum\u00e4nisch) ist eine Stadt im Departement Mures in der Region <a href=\"https:\/\/roadtoromania.com\/de\/staedte-und-regionen-rumaeniens\/transsilvanien\/\"> <strong>Siebenb\u00fcrgen<\/strong><\/a> , mit den Ostkarpaten und dem Fluss Mures im Osten und der Stadt <a href=\"https:\/\/roadtoromania.com\/de\/staedte-und-regionen-rumaeniens\/cluj-napoca\/\"> <strong>Cluj Napuca<\/strong><\/a> ein wenig weiter westlich.<\/p>\n<p>\n<a href=\"https:\/\/roadtoromania.com\/wp-content\/uploads\/2022\/10\/targu_mures.jpg\"><img decoding=\"async\" src=\"https:\/\/roadtoromania.com\/wp-content\/uploads\/2022\/10\/targu_mures.jpg\" \/><\/a> <\/p>\n<p>\nSeit dem Neolithikum, der Bronzezeit und viel sp\u00e4ter als dakische und r\u00f6mische Kolonie besiedelt, haben die Bodensch\u00e4tze an Salz, Eisen und Erdgas sowie die florierende Landwirtschaft das Wachstum und die st\u00e4ndige Ausbeutung der Natur beg\u00fcnstigt <\/p>\n<p>.<\/p>\n<p>\n <strong>T\u00e2rgu Mure\u0219<\/strong> spiegelt die Merkmale des ungarischen Einflusses \u00fcber viele Jahrhunderte hinweg wider, vor allem in der Architektur und vielen treu erhaltenen Traditionen. Marosv\u00e1s\u00e1rhely ist der ungarische Name der Stadt, Neumarkt am Mieresch ist der deutsche Name, der wie das Wort &#8220;T\u00e2rgu Mure\u015f&#8221; (Mures-Markt) die Hauptwirtschaftsaktivit\u00e4t und den Handelscharakter der Stadt widerspiegelt <\/p>\n<p>.<\/p>\n<div id=\"toc_container\" class=\"no_bullets\"><p class=\"toc_title\">Contents<\/p><ul class=\"toc_list\"><li><a href=\"#Geschichte_von_Targu_Mures\"><span class=\"toc_number toc_depth_1\">1<\/span> \n Geschichte von T\u00e2rgu Mure\u0219 <\/a><\/li><li><a href=\"#Was_es_in_Targa_Mures_zu_sehen_gibt\"><span class=\"toc_number toc_depth_1\">2<\/span> \n Was es in Targa Mures zu sehen gibt <\/a><ul><li><a href=\"#Burg_Targu_Mures_Cetatea_medievala\"><span class=\"toc_number toc_depth_2\">2.1<\/span> \n Burg Targu Mures (Cetatea medievala) <\/a><\/li><li><a href=\"#Ausfluege_von_Targu_Mures\"><span class=\"toc_number toc_depth_2\">2.2<\/span> \n Ausfl\u00fcge von Targu Mures <\/a><\/li><\/ul><\/li><\/ul><\/div>\n<h2><span id=\"Geschichte_von_Targu_Mures\">\n <strong>Geschichte von T\u00e2rgu Mure\u0219<\/strong> <\/span><\/h2>\n<p>\nDie erste Erw\u00e4hnung der Stadt im lateinischen Dokument Novum Forum Siculorum (1332) bezieht sich auf diese Marktbewegung, und bei anderen Gelegenheiten wird sie als Agropolis bezeichnet, was auf die Bedeutung der Landwirtschaft in der Umgebung hinweist.<\/p>\n<p>\nW\u00e4hrend des Mittelalters brachte die Herstellung von Produkten durch die lokalen Z\u00fcnfte der Stadt einen Aufschwung, insbesondere durch die Schuhmacher, die mehr als 250 Mitglieder z\u00e4hlten. W\u00e4hrend des gesamten Mittelalters und noch intensiver w\u00e4hrend der Jahrhunderte bis zum 20. Jahrhundert erlebte Targu Mures immer wieder harte Episoden, mit st\u00e4ndigen Invasionen und \u00dcberf\u00e4llen zwischen Ungarn, Rum\u00e4nen und T\u00fcrken, die die Stadt mehrmals verw\u00fcsteten. Dies ist einer der Gr\u00fcnde, warum es kaum alte Geb\u00e4ude gibt und praktisch die gesamte Stadt aus dem 19. Jahrhundert stammt <\/p>\n<p>.<\/p>\n<p>\nIn der Tat war das 19. Jahrhundert ein wichtiger Wendepunkt f\u00fcr die Stadtplanung, mit wichtigen Ver\u00e4nderungen, die der Stadt die beiden Kathedralen gaben, die wir heute sehen, die orthodoxe und die katholische.<\/p>\n<p>\nMit der Einf\u00fchrung des Eisenbahnnetzes bl\u00fchte die Stadt auf, insbesondere das Stadtzentrum um den Platz Piata Trandafirilor, dessen Stra\u00dfen mit Caf\u00e9s, Restaurants, Kirchen und Denkm\u00e4lern sehr belebt sind <\/p>\n<p>.<\/p>\n<h2><span id=\"Was_es_in_Targa_Mures_zu_sehen_gibt\">\n <strong>Was es in Targa Mures zu sehen gibt<\/strong> <\/span><\/h2>\n<p>\nEine der gr\u00f6\u00dften Attraktionen ist der <strong>Kulturpalast<\/strong> (Palatul Culturii), ein elegantes Geb\u00e4ude aus dem fr\u00fchen 19. Jahrhundert, das mehrere Museen von Targa Mures beherbergt. Teleki-Haus<\/strong><\/strong> (Bolyai-Stra\u00dfe 17), zu Ehren des Kanzlers von Siebenb\u00fcrgen, der das Dokumentationszentrum f\u00f6rderte, das diese gro\u00dfe Bibliothek beherbergt, die heute mehr als 250.000 B\u00fccher umfasst. Es wurde Ende des 19. Jahrhunderts gegr\u00fcndet und verf\u00fcgt \u00fcber Inkunabeln und Handschriften sowie einige wertvolle wissenschaftliche und mathematische Ausgaben. Samuel Teleki lebte lange Zeit in dem Dorf Dumbravioara am Rande von Tirgu Mures und wollte der Stadt mehr als 40 B\u00fccher spenden.000 B\u00fccher, die er gesammelt hat.<\/p>\n<p>\nDerselbe Kanzler lie\u00df zwischen 1820 und 1822 den <strong>Palast des Apollo<\/strong> errichten, ein Geb\u00e4ude im sp\u00e4tbarocken Stil, dessen Fassade bereits im 19. Jahrhundert ver\u00e4ndert wurde (Piata Trandafirilor 5). Es war Schauplatz gro\u00dfer gesellschaftlicher Ereignisse und B\u00e4lle der High Society der Stadt, und als es in den 1920er Jahren verkauft wurde, wurde es in dem eklektischen Jugendstil umgestaltet, den wir heute sehen <\/p>\n<p>.<\/p>\n<p>\nZwei weitere einzigartige Geb\u00e4ude sind das alte und das neue <strong>Rathaus<\/strong> . Ersteres wird als Ausstellungs- und Ateliergeb\u00e4ude f\u00fcr lokale K\u00fcnstler genutzt, w\u00e4hrend letzteres, entworfen von den Architekten Komor Marcel und Jakob Dezs\u00f6, dazu diente, der Stadt ein neues Gesicht zu geben, modern und im Jugendstil, dem neuen Modetrend in Siebenb\u00fcrgen.<\/p>\n<p>\nWir empfehlen den Besuch der h\u00f6lzernen Biserica (Kirche) des Erzengels Michael, der \u00e4ltesten orthodoxen Kirche der Stadt, die Einfl\u00fcsse traditioneller l\u00e4ndlicher Architektur mit barocken Elementen verbindet (1793).<\/p>\n<h3><span id=\"Burg_Targu_Mures_Cetatea_medievala\">\n <strong>Burg Targu Mures (Cetatea medievala)<\/strong> <\/span><\/h3>\n<p>\nDie Geschichte des Schlosses geht auf F\u00fcrst Stefan Bathory zur\u00fcck, der 1492 die Festung neben dem Franziskanerkloster und der Kirche errichtete. Der mittelalterlichen Verteidigungsarchitektur wurden im 17. Jahrhundert mehrere Bastionen hinzugef\u00fcgt, die f\u00fcr den Einsatz von Kanonen angepasst wurden. Im folgenden Jahrhundert f\u00fcgte Vaubans neues Konzept neue Elemente hinzu, die in anderen Festungsanlagen wie denen von Alba-Iulia, Oradea oder Timisoara sichtbar wurden <\/p>\n<p>.<\/p>\n<p>\nTargu Mures hat mehrere <strong>Museen<\/strong> von besonderem Interesse f\u00fcr Liebhaber der Ethnographie, Geschichte, Br\u00e4uche und Kunst, wie zum Beispiel:<\/p>\n<p>\n&#8211; Museum f\u00fcr Kunst (Muzeul de Arta).\u00a0Str. Enescu 2<\/p>\n<p>\n&#8211; Ethnografisches und volkskundliches Museum (Muzeul de Etnografie si Arta Populara).\u00a0Adresse: Piata Trandafirilor 11<\/p>\n<p>\n&#8211; Museum f\u00fcr Geschichte (Muzeul de Istorie).\u00a0Adresse: Piata Trandafirilor 11<\/p>\n<p>\n&#8211; Ion Vlasiu&#8221; Gem\u00e4ldegalerie.\u00a0Anschrift: Str. Bolyai Farkas 17<\/p>\n<p>\n&#8211; Museum f\u00fcr Naturwissenschaften (Sectia de Stiintele Naturii).\u00a0Anschrift: Str. Horea 24<\/p>\n<p>\n&#8211; Museum f\u00fcr Geschichte und Arch\u00e4ologie (Muzeul Judetean de Arheologie si Istorie).\u00a0Anschrift: Str. Horea 24<\/p>\n<h3><span id=\"Ausfluege_von_Targu_Mures\">\n <strong>Ausfl\u00fcge von Targu Mures<\/strong> <\/span><\/h3>\n<p>\nDie Stadt Targu Mures l\u00e4dt Sie dazu ein, hier zu \u00fcbernachten und von hier aus Ausfl\u00fcge zu interessanten Orten in der Umgebung zu unternehmen:<\/p>\n<p> Reghin<\/strong> liegt an den beiden Ufern des Flusses Mures und ist ber\u00fchmt f\u00fcr die Kunstfertigkeit der Geigenbauer der Stadt. Die Stadt geht auf das Jahr 1218 zur\u00fcck, als die Sachsen eine Siedlung auf den Ruinen einer dakischen Festung errichteten. Besuchen Sie den zentralen Platz der Stadt, Piata Petru Maior, mit seinen sch\u00f6nen Geb\u00e4uden mit schmiedeeisernen Balkonen und bunten Fassaden <\/p>\n<p>.<\/p>\n<p>\n <strong>Turda<\/strong> , dessen Salzminen seit 1271 ausgebeutet werden. W\u00e4hrend des gr\u00f6\u00dften Teils des 20. Jahrhunderts wurden die alten Minen als K\u00e4selager genutzt. Heute sind sie f\u00fcr Besucher ge\u00f6ffnet. Turda war im 16. Jahrhundert der Sitz des siebenb\u00fcrgischen Landtags und damit eine der reichsten St\u00e4dte der Region. \u00d6stlich von Turda k\u00f6nnen wir uns in Baile Turda entspannen, einem Naturbad unter freiem Himmel, das auf dem Gel\u00e4nde eines alten r\u00f6mischen Salzbergwerks errichtet wurde <\/p>\n<p>.<\/p>\n<p>\nIn <strong>Jidvei<\/strong> k\u00f6nnen wir die Weine in den Kellern von Schloss Bethlen in Cetatea de Balta, zwischen Tarnaveni und Blaj gelegen, verkosten.\u00a0 Und bei einem Besuch in <strong>Corund<\/strong> lernen wir die Handwerkskunst der lokalen T\u00f6pfer mit ihren charakteristischen blau-wei\u00dfen Mustern kennen.<\/p>\n<p>\nWeitere D\u00f6rfer und Sehensw\u00fcrdigkeiten sind die mittelalterliche Stadt Medios, Birth\u00e4lm und Saschiz <\/p>\n<p>.<br \/>\n Karte von Targu Mures<\/strong> <\/h2>\n","protected":false},"excerpt":{"rendered":"<p>T\u00e2rgu Mure\u0219 (oder T\u00eergu Mure\u0219 auf Altrum\u00e4nisch) ist eine Stadt im Departement Mures in der Region Siebenb\u00fcrgen , mit den Ostkarpaten und dem Fluss Mures im Osten und der Stadt Cluj Napuca ein wenig weiter westlich. Seit dem Neolithikum, der Bronzezeit und viel sp\u00e4ter als dakische und r\u00f6mische Kolonie besiedelt, haben die Bodensch\u00e4tze an Salz, &hellip;<\/p>\n<p class=\"read-more\"> <a class=\"\" href=\"https:\/\/roadtoromania.com\/de\/staedte-und-regionen-rumaeniens\/targu-mures\/\"> <span class=\"screen-reader-text\">T\u00e2rgu Mure\u0219<\/span> Read More \u00bb<\/a><\/p>\n","protected":false},"author":1,"featured_media":1397,"parent":2910,"menu_order":0,"comment_status":"open","ping_status":"open","template":"","meta":{"site-sidebar-layout":"default","site-content-layout":"default","ast-global-header-display":"","ast-main-header-display":"","ast-hfb-above-header-display":"","ast-hfb-below-header-display":"","ast-hfb-mobile-header-display":"","site-post-title":"","ast-breadcrumbs-content":"","ast-featured-img":"","footer-sml-layout":"","theme-transparent-header-meta":"","adv-header-id-meta":"","stick-header-meta":"","header-above-stick-meta":"","header-main-stick-meta":"","header-below-stick-meta":"","footnotes":""},"class_list":["post-2975","page","type-page","status-publish","has-post-thumbnail","hentry"],"yoast_head":"<!-- This site is optimized with the Yoast SEO plugin v19.10 - https:\/\/yoast.com\/wordpress\/plugins\/seo\/ -->\n<title>T\u00e2rgu Mure\u0219 - Road to Romania<\/title>\n<meta name=\"robots\" content=\"index, follow, max-snippet:-1, max-image-preview:large, max-video-preview:-1\" \/>\n<link rel=\"canonical\" href=\"https:\/\/roadtoromania.com\/de\/staedte-und-regionen-rumaeniens\/targu-mures\/\" \/>\n<meta property=\"og:locale\" content=\"de_DE\" \/>\n<meta property=\"og:type\" content=\"article\" \/>\n<meta property=\"og:title\" content=\"T\u00e2rgu Mure\u0219 - Road to Romania\" \/>\n<meta property=\"og:description\" content=\"T\u00e2rgu Mure\u0219 (oder T\u00eergu Mure\u0219 auf Altrum\u00e4nisch) ist eine Stadt im Departement Mures in der Region Siebenb\u00fcrgen , mit den Ostkarpaten und dem Fluss Mures im Osten und der Stadt Cluj Napuca ein wenig weiter westlich. Seit dem Neolithikum, der Bronzezeit und viel sp\u00e4ter als dakische und r\u00f6mische Kolonie besiedelt, haben die Bodensch\u00e4tze an Salz, &hellip; T\u00e2rgu Mure\u0219 Read More \u00bb\" \/>\n<meta property=\"og:url\" content=\"https:\/\/roadtoromania.com\/de\/staedte-und-regionen-rumaeniens\/targu-mures\/\" \/>\n<meta property=\"og:site_name\" content=\"Road to Romania\" \/>\n<meta property=\"article:modified_time\" content=\"2022-10-15T22:16:44+00:00\" \/>\n<meta property=\"og:image\" content=\"https:\/\/roadtoromania.com\/wp-content\/uploads\/2022\/10\/targu_mures-1.jpg\" \/>\n\t<meta property=\"og:image:width\" content=\"768\" \/>\n\t<meta property=\"og:image:height\" content=\"125\" \/>\n\t<meta property=\"og:image:type\" content=\"image\/jpeg\" \/>\n<meta name=\"twitter:card\" content=\"summary_large_image\" \/>\n<meta name=\"twitter:label1\" content=\"Gesch\u00e4tzte Lesezeit\" \/>\n\t<meta name=\"twitter:data1\" content=\"5\u00a0Minuten\" \/>\n<script type=\"application\/ld+json\" class=\"yoast-schema-graph\">{\"@context\":\"https:\/\/schema.org\",\"@graph\":[{\"@type\":\"WebPage\",\"@id\":\"https:\/\/roadtoromania.com\/de\/staedte-und-regionen-rumaeniens\/targu-mures\/\",\"url\":\"https:\/\/roadtoromania.com\/de\/staedte-und-regionen-rumaeniens\/targu-mures\/\",\"name\":\"T\u00e2rgu Mure\u0219 - Road to Romania\",\"isPartOf\":{\"@id\":\"https:\/\/roadtoromania.com\/de\/#website\"},\"datePublished\":\"2022-10-15T18:40:14+00:00\",\"dateModified\":\"2022-10-15T22:16:44+00:00\",\"breadcrumb\":{\"@id\":\"https:\/\/roadtoromania.com\/de\/staedte-und-regionen-rumaeniens\/targu-mures\/#breadcrumb\"},\"inLanguage\":\"de\",\"potentialAction\":[{\"@type\":\"ReadAction\",\"target\":[\"https:\/\/roadtoromania.com\/de\/staedte-und-regionen-rumaeniens\/targu-mures\/\"]}]},{\"@type\":\"BreadcrumbList\",\"@id\":\"https:\/\/roadtoromania.com\/de\/staedte-und-regionen-rumaeniens\/targu-mures\/#breadcrumb\",\"itemListElement\":[{\"@type\":\"ListItem\",\"position\":1,\"name\":\"Home\",\"item\":\"https:\/\/roadtoromania.com\/de\/\"},{\"@type\":\"ListItem\",\"position\":2,\"name\":\"St\u00e4dte und Regionen in Rum\u00e4nien\",\"item\":\"https:\/\/roadtoromania.com\/de\/staedte-und-regionen-rumaeniens\/\"},{\"@type\":\"ListItem\",\"position\":3,\"name\":\"T\u00e2rgu Mure\u0219\"}]},{\"@type\":\"WebSite\",\"@id\":\"https:\/\/roadtoromania.com\/de\/#website\",\"url\":\"https:\/\/roadtoromania.com\/de\/\",\"name\":\"Road to Romania\",\"description\":\"Der Blog, in dem Sie alle Informationen finden, die Sie brauchen, um Rum\u00e4nien zu genie\u00dfen.\",\"potentialAction\":[{\"@type\":\"SearchAction\",\"target\":{\"@type\":\"EntryPoint\",\"urlTemplate\":\"https:\/\/roadtoromania.com\/de\/?s={search_term_string}\"},\"query-input\":\"required name=search_term_string\"}],\"inLanguage\":\"de\"}]}<\/script>\n<!-- \/ Yoast SEO plugin. -->","yoast_head_json":{"title":"T\u00e2rgu Mure\u0219 - Road to Romania","robots":{"index":"index","follow":"follow","max-snippet":"max-snippet:-1","max-image-preview":"max-image-preview:large","max-video-preview":"max-video-preview:-1"},"canonical":"https:\/\/roadtoromania.com\/de\/staedte-und-regionen-rumaeniens\/targu-mures\/","og_locale":"de_DE","og_type":"article","og_title":"T\u00e2rgu Mure\u0219 - Road to Romania","og_description":"T\u00e2rgu Mure\u0219 (oder T\u00eergu Mure\u0219 auf Altrum\u00e4nisch) ist eine Stadt im Departement Mures in der Region Siebenb\u00fcrgen , mit den Ostkarpaten und dem Fluss Mures im Osten und der Stadt Cluj Napuca ein wenig weiter westlich. Seit dem Neolithikum, der Bronzezeit und viel sp\u00e4ter als dakische und r\u00f6mische Kolonie besiedelt, haben die Bodensch\u00e4tze an Salz, &hellip; T\u00e2rgu Mure\u0219 Read More \u00bb","og_url":"https:\/\/roadtoromania.com\/de\/staedte-und-regionen-rumaeniens\/targu-mures\/","og_site_name":"Road to Romania","article_modified_time":"2022-10-15T22:16:44+00:00","og_image":[{"width":768,"height":125,"url":"https:\/\/roadtoromania.com\/wp-content\/uploads\/2022\/10\/targu_mures-1.jpg","type":"image\/jpeg"}],"twitter_card":"summary_large_image","twitter_misc":{"Gesch\u00e4tzte Lesezeit":"5\u00a0Minuten"},"schema":{"@context":"https:\/\/schema.org","@graph":[{"@type":"WebPage","@id":"https:\/\/roadtoromania.com\/de\/staedte-und-regionen-rumaeniens\/targu-mures\/","url":"https:\/\/roadtoromania.com\/de\/staedte-und-regionen-rumaeniens\/targu-mures\/","name":"T\u00e2rgu Mure\u0219 - Road to Romania","isPartOf":{"@id":"https:\/\/roadtoromania.com\/de\/#website"},"datePublished":"2022-10-15T18:40:14+00:00","dateModified":"2022-10-15T22:16:44+00:00","breadcrumb":{"@id":"https:\/\/roadtoromania.com\/de\/staedte-und-regionen-rumaeniens\/targu-mures\/#breadcrumb"},"inLanguage":"de","potentialAction":[{"@type":"ReadAction","target":["https:\/\/roadtoromania.com\/de\/staedte-und-regionen-rumaeniens\/targu-mures\/"]}]},{"@type":"BreadcrumbList","@id":"https:\/\/roadtoromania.com\/de\/staedte-und-regionen-rumaeniens\/targu-mures\/#breadcrumb","itemListElement":[{"@type":"ListItem","position":1,"name":"Home","item":"https:\/\/roadtoromania.com\/de\/"},{"@type":"ListItem","position":2,"name":"St\u00e4dte und Regionen in Rum\u00e4nien","item":"https:\/\/roadtoromania.com\/de\/staedte-und-regionen-rumaeniens\/"},{"@type":"ListItem","position":3,"name":"T\u00e2rgu Mure\u0219"}]},{"@type":"WebSite","@id":"https:\/\/roadtoromania.com\/de\/#website","url":"https:\/\/roadtoromania.com\/de\/","name":"Road to Romania","description":"Der Blog, in dem Sie alle Informationen finden, die Sie brauchen, um Rum\u00e4nien zu genie\u00dfen.","potentialAction":[{"@type":"SearchAction","target":{"@type":"EntryPoint","urlTemplate":"https:\/\/roadtoromania.com\/de\/?s={search_term_string}"},"query-input":"required name=search_term_string"}],"inLanguage":"de"}]}},"_links":{"self":[{"href":"https:\/\/roadtoromania.com\/de\/wp-json\/wp\/v2\/pages\/2975","targetHints":{"allow":["GET"]}}],"collection":[{"href":"https:\/\/roadtoromania.com\/de\/wp-json\/wp\/v2\/pages"}],"about":[{"href":"https:\/\/roadtoromania.com\/de\/wp-json\/wp\/v2\/types\/page"}],"author":[{"embeddable":true,"href":"https:\/\/roadtoromania.com\/de\/wp-json\/wp\/v2\/users\/1"}],"replies":[{"embeddable":true,"href":"https:\/\/roadtoromania.com\/de\/wp-json\/wp\/v2\/comments?post=2975"}],"version-history":[{"count":1,"href":"https:\/\/roadtoromania.com\/de\/wp-json\/wp\/v2\/pages\/2975\/revisions"}],"predecessor-version":[{"id":2976,"href":"https:\/\/roadtoromania.com\/de\/wp-json\/wp\/v2\/pages\/2975\/revisions\/2976"}],"up":[{"embeddable":true,"href":"https:\/\/roadtoromania.com\/de\/wp-json\/wp\/v2\/pages\/2910"}],"wp:featuredmedia":[{"embeddable":true,"href":"https:\/\/roadtoromania.com\/de\/wp-json\/wp\/v2\/media\/1397"}],"wp:attachment":[{"href":"https:\/\/roadtoromania.com\/de\/wp-json\/wp\/v2\/media?parent=2975"}],"curies":[{"name":"wp","href":"https:\/\/api.w.org\/{rel}","templated":true}]}}