{"id":2985,"date":"2022-10-15T18:40:14","date_gmt":"2022-10-15T18:40:14","guid":{"rendered":"https:\/\/roadtoromania.com\/wie-erreiche-ich-rumaenien\/"},"modified":"2022-10-16T08:08:54","modified_gmt":"2022-10-16T08:08:54","slug":"wie-erreiche-ich-rumaenien","status":"publish","type":"page","link":"https:\/\/roadtoromania.com\/de\/wie-erreiche-ich-rumaenien\/","title":{"rendered":"Wie man nach Rum\u00e4nien kommt"},"content":{"rendered":"<p>Die Kommunikation zwischen Spanien und den wichtigsten europ\u00e4ischen L\u00e4ndern sowie Rum\u00e4nien hat sich in den letzten Jahren erheblich verbessert. Ob mit dem Flugzeug, dem Bus, dem Auto oder dem Zug, Rum\u00e4nien kann ohne Probleme und ohne viel Geld zu investieren besucht werden. Bukarest, aber auch Brasov, Cluj oder Timisoara haben es geschafft, mit Billigfluglinien, die den Besuch der wichtigsten rum\u00e4nischen St\u00e4dte einfach und g\u00fcnstig machen, eine Verbindung zu den wichtigsten europ\u00e4ischen Hauptst\u00e4dten herzustellen<\/p>\n<p>Rum\u00e4nien mit dem Flugzeug<\/p>\n<p>Rum\u00e4nien ist von Barcelona aus in etwa drei Stunden zu erreichen, von Madrid, Malaga, Sevilla oder Bilbao aus etwas l\u00e4nger. Mehrere Fluggesellschaften bieten gute, zahlreiche und recht g\u00fcnstige Verbindungen an, so dass ein Wochenende in Bukarest, Cluj oder Brasov oder besser noch eine Woche in Rum\u00e4nien kein Problem darstellt<\/p>\n<p>Weitere Informationen finden Sie auf unserer Seite zu <a href=\"\">Fl\u00fcge nach Rum\u00e4nien<\/a> .<\/p>\n<p>Oder klicken Sie auf den Link:<\/p>\n<p>Rum\u00e4nien mit dem Auto.<\/p>\n<p>Wir k\u00f6nnen durch Europa reisen, eine richtige Reise von Spanien nach Rum\u00e4nien. Wir werden nur durch Frankreich, Italien, Slowenien, Kroatien, Serbien,&#8230; Ungarn, Bulgarien fahren, f\u00fcr die Abenteurer.<\/p>\n<h3><strong>Autovermietung in Rum\u00e4nien.<\/strong><\/h3>\n<p>Es ist bequemer, in Rum\u00e4nien ein Auto zu mieten. Die Stra\u00dfen sind akzeptabel, und die Fahrweise unterscheidet sich nicht wesentlich von der italienischen oder griechischen. Eine M\u00f6glichkeit, die es uns erlauben wird, Rum\u00e4nien viel besser und pers\u00f6nlicher kennenzulernen.<\/p>\n<p><a href=\"https:\/\/roadtoromania.com\/de\/autovermietung-in-rumaenien\/\"> Autovermietung<\/a><\/p>\n<h3><strong>Rum\u00e4nien mit dem Zug.<\/strong><\/h3>\n<p>Die Z\u00fcge fahren nicht schlecht, sind aber langsam. Rum\u00e4nien kann von Deutschland aus \u00fcber die Tschechische Republik, die Slowakei, Polen und Ungarn erreicht werden. Oder von Italien \u00fcber Slowenien, Kroatien, Serbien und Bulgarien<\/p>\n<p>Die Z\u00fcge innerhalb Rum\u00e4niens sind preiswert, und wenn Sie Zeit haben, k\u00f6nnen Sie die wichtigsten St\u00e4dte besuchen<\/p>\n<h3><strong>Busse zwischen Rum\u00e4nien und Spanien.<\/strong><\/h3>\n<p>Es ist sicherlich nicht sehr bequem, aber es kann interessant sein, wenn man mit viel Gep\u00e4ck reisen muss und die Zeit nicht st\u00f6rt. Auf jeden Fall ein Erlebnis<\/p>\n","protected":false},"excerpt":{"rendered":"<p>Die Kommunikation zwischen Spanien und den wichtigsten europ\u00e4ischen L\u00e4ndern sowie Rum\u00e4nien hat sich in den letzten Jahren erheblich verbessert. Ob mit dem Flugzeug, dem Bus, dem Auto oder dem Zug, Rum\u00e4nien kann ohne Probleme und ohne viel Geld zu investieren besucht werden. Bukarest, aber auch Brasov, Cluj oder Timisoara haben es geschafft, mit Billigfluglinien, die &hellip;<\/p>\n<p class=\"read-more\"> <a class=\"\" href=\"https:\/\/roadtoromania.com\/de\/wie-erreiche-ich-rumaenien\/\"> <span class=\"screen-reader-text\">Wie man nach Rum\u00e4nien kommt<\/span> Read More \u00bb<\/a><\/p>\n","protected":false},"author":1,"featured_media":0,"parent":0,"menu_order":0,"comment_status":"open","ping_status":"open","template":"","meta":{"site-sidebar-layout":"default","site-content-layout":"default","ast-global-header-display":"","ast-main-header-display":"","ast-hfb-above-header-display":"","ast-hfb-below-header-display":"","ast-hfb-mobile-header-display":"","site-post-title":"","ast-breadcrumbs-content":"","ast-featured-img":"","footer-sml-layout":"","theme-transparent-header-meta":"default","adv-header-id-meta":"","stick-header-meta":"","header-above-stick-meta":"","header-main-stick-meta":"","header-below-stick-meta":"","footnotes":""},"class_list":["post-2985","page","type-page","status-publish","hentry"],"yoast_head":"<!-- This site is optimized with the Yoast SEO plugin v19.10 - https:\/\/yoast.com\/wordpress\/plugins\/seo\/ -->\n<title>Wie man nach Rum\u00e4nien kommt - Road to Romania<\/title>\n<meta name=\"robots\" content=\"index, follow, max-snippet:-1, max-image-preview:large, max-video-preview:-1\" \/>\n<link rel=\"canonical\" href=\"https:\/\/roadtoromania.com\/de\/wie-erreiche-ich-rumaenien\/\" \/>\n<meta property=\"og:locale\" content=\"de_DE\" \/>\n<meta property=\"og:type\" content=\"article\" \/>\n<meta property=\"og:title\" content=\"Wie man nach Rum\u00e4nien kommt - Road to Romania\" \/>\n<meta property=\"og:description\" content=\"Die Kommunikation zwischen Spanien und den wichtigsten europ\u00e4ischen L\u00e4ndern sowie Rum\u00e4nien hat sich in den letzten Jahren erheblich verbessert. Ob mit dem Flugzeug, dem Bus, dem Auto oder dem Zug, Rum\u00e4nien kann ohne Probleme und ohne viel Geld zu investieren besucht werden. Bukarest, aber auch Brasov, Cluj oder Timisoara haben es geschafft, mit Billigfluglinien, die &hellip; Wie man nach Rum\u00e4nien kommt Read More \u00bb\" \/>\n<meta property=\"og:url\" content=\"https:\/\/roadtoromania.com\/de\/wie-erreiche-ich-rumaenien\/\" \/>\n<meta property=\"og:site_name\" content=\"Road to Romania\" \/>\n<meta property=\"article:modified_time\" content=\"2022-10-16T08:08:54+00:00\" \/>\n<meta name=\"twitter:card\" content=\"summary_large_image\" \/>\n<meta name=\"twitter:label1\" content=\"Gesch\u00e4tzte Lesezeit\" \/>\n\t<meta name=\"twitter:data1\" content=\"2\u00a0Minuten\" \/>\n<script type=\"application\/ld+json\" class=\"yoast-schema-graph\">{\"@context\":\"https:\/\/schema.org\",\"@graph\":[{\"@type\":\"WebPage\",\"@id\":\"https:\/\/roadtoromania.com\/de\/wie-erreiche-ich-rumaenien\/\",\"url\":\"https:\/\/roadtoromania.com\/de\/wie-erreiche-ich-rumaenien\/\",\"name\":\"Wie man nach Rum\u00e4nien kommt - Road to Romania\",\"isPartOf\":{\"@id\":\"https:\/\/roadtoromania.com\/de\/#website\"},\"datePublished\":\"2022-10-15T18:40:14+00:00\",\"dateModified\":\"2022-10-16T08:08:54+00:00\",\"breadcrumb\":{\"@id\":\"https:\/\/roadtoromania.com\/de\/wie-erreiche-ich-rumaenien\/#breadcrumb\"},\"inLanguage\":\"de\",\"potentialAction\":[{\"@type\":\"ReadAction\",\"target\":[\"https:\/\/roadtoromania.com\/de\/wie-erreiche-ich-rumaenien\/\"]}]},{\"@type\":\"BreadcrumbList\",\"@id\":\"https:\/\/roadtoromania.com\/de\/wie-erreiche-ich-rumaenien\/#breadcrumb\",\"itemListElement\":[{\"@type\":\"ListItem\",\"position\":1,\"name\":\"Home\",\"item\":\"https:\/\/roadtoromania.com\/de\/\"},{\"@type\":\"ListItem\",\"position\":2,\"name\":\"Wie man nach Rum\u00e4nien kommt\"}]},{\"@type\":\"WebSite\",\"@id\":\"https:\/\/roadtoromania.com\/de\/#website\",\"url\":\"https:\/\/roadtoromania.com\/de\/\",\"name\":\"Road to Romania\",\"description\":\"Der Blog, in dem Sie alle Informationen finden, die Sie brauchen, um Rum\u00e4nien zu genie\u00dfen.\",\"potentialAction\":[{\"@type\":\"SearchAction\",\"target\":{\"@type\":\"EntryPoint\",\"urlTemplate\":\"https:\/\/roadtoromania.com\/de\/?s={search_term_string}\"},\"query-input\":\"required name=search_term_string\"}],\"inLanguage\":\"de\"}]}<\/script>\n<!-- \/ Yoast SEO plugin. -->","yoast_head_json":{"title":"Wie man nach Rum\u00e4nien kommt - Road to Romania","robots":{"index":"index","follow":"follow","max-snippet":"max-snippet:-1","max-image-preview":"max-image-preview:large","max-video-preview":"max-video-preview:-1"},"canonical":"https:\/\/roadtoromania.com\/de\/wie-erreiche-ich-rumaenien\/","og_locale":"de_DE","og_type":"article","og_title":"Wie man nach Rum\u00e4nien kommt - Road to Romania","og_description":"Die Kommunikation zwischen Spanien und den wichtigsten europ\u00e4ischen L\u00e4ndern sowie Rum\u00e4nien hat sich in den letzten Jahren erheblich verbessert. Ob mit dem Flugzeug, dem Bus, dem Auto oder dem Zug, Rum\u00e4nien kann ohne Probleme und ohne viel Geld zu investieren besucht werden. Bukarest, aber auch Brasov, Cluj oder Timisoara haben es geschafft, mit Billigfluglinien, die &hellip; Wie man nach Rum\u00e4nien kommt Read More \u00bb","og_url":"https:\/\/roadtoromania.com\/de\/wie-erreiche-ich-rumaenien\/","og_site_name":"Road to Romania","article_modified_time":"2022-10-16T08:08:54+00:00","twitter_card":"summary_large_image","twitter_misc":{"Gesch\u00e4tzte Lesezeit":"2\u00a0Minuten"},"schema":{"@context":"https:\/\/schema.org","@graph":[{"@type":"WebPage","@id":"https:\/\/roadtoromania.com\/de\/wie-erreiche-ich-rumaenien\/","url":"https:\/\/roadtoromania.com\/de\/wie-erreiche-ich-rumaenien\/","name":"Wie man nach Rum\u00e4nien kommt - Road to Romania","isPartOf":{"@id":"https:\/\/roadtoromania.com\/de\/#website"},"datePublished":"2022-10-15T18:40:14+00:00","dateModified":"2022-10-16T08:08:54+00:00","breadcrumb":{"@id":"https:\/\/roadtoromania.com\/de\/wie-erreiche-ich-rumaenien\/#breadcrumb"},"inLanguage":"de","potentialAction":[{"@type":"ReadAction","target":["https:\/\/roadtoromania.com\/de\/wie-erreiche-ich-rumaenien\/"]}]},{"@type":"BreadcrumbList","@id":"https:\/\/roadtoromania.com\/de\/wie-erreiche-ich-rumaenien\/#breadcrumb","itemListElement":[{"@type":"ListItem","position":1,"name":"Home","item":"https:\/\/roadtoromania.com\/de\/"},{"@type":"ListItem","position":2,"name":"Wie man nach Rum\u00e4nien kommt"}]},{"@type":"WebSite","@id":"https:\/\/roadtoromania.com\/de\/#website","url":"https:\/\/roadtoromania.com\/de\/","name":"Road to Romania","description":"Der Blog, in dem Sie alle Informationen finden, die Sie brauchen, um Rum\u00e4nien zu genie\u00dfen.","potentialAction":[{"@type":"SearchAction","target":{"@type":"EntryPoint","urlTemplate":"https:\/\/roadtoromania.com\/de\/?s={search_term_string}"},"query-input":"required name=search_term_string"}],"inLanguage":"de"}]}},"_links":{"self":[{"href":"https:\/\/roadtoromania.com\/de\/wp-json\/wp\/v2\/pages\/2985","targetHints":{"allow":["GET"]}}],"collection":[{"href":"https:\/\/roadtoromania.com\/de\/wp-json\/wp\/v2\/pages"}],"about":[{"href":"https:\/\/roadtoromania.com\/de\/wp-json\/wp\/v2\/types\/page"}],"author":[{"embeddable":true,"href":"https:\/\/roadtoromania.com\/de\/wp-json\/wp\/v2\/users\/1"}],"replies":[{"embeddable":true,"href":"https:\/\/roadtoromania.com\/de\/wp-json\/wp\/v2\/comments?post=2985"}],"version-history":[{"count":1,"href":"https:\/\/roadtoromania.com\/de\/wp-json\/wp\/v2\/pages\/2985\/revisions"}],"predecessor-version":[{"id":3093,"href":"https:\/\/roadtoromania.com\/de\/wp-json\/wp\/v2\/pages\/2985\/revisions\/3093"}],"wp:attachment":[{"href":"https:\/\/roadtoromania.com\/de\/wp-json\/wp\/v2\/media?parent=2985"}],"curies":[{"name":"wp","href":"https:\/\/api.w.org\/{rel}","templated":true}]}}