{"id":2995,"date":"2022-10-15T18:40:14","date_gmt":"2022-10-15T18:40:14","guid":{"rendered":"https:\/\/roadtoromania.com\/waehrungsumtausch-in-rumaenien\/"},"modified":"2022-10-15T22:16:48","modified_gmt":"2022-10-15T22:16:48","slug":"waehrungsumtausch-in-rumaenien","status":"publish","type":"page","link":"https:\/\/roadtoromania.com\/de\/informationen-und-tipps-ueber-romania\/waehrungsumtausch-in-rumaenien\/","title":{"rendered":"W\u00e4hrungsumtausch in Rum\u00e4nien"},"content":{"rendered":"<p> <strong>Rum\u00e4nien<\/strong> hat sich noch nicht der europ\u00e4ischen &#8220;Einheitsw\u00e4hrung&#8221;, dem Euro, angeschlossen. Und obwohl wir als B\u00fcrger mit spanischer Staatsangeh\u00f6rigkeit im freien Verkehr reisen k\u00f6nnen, ist der Euro noch nicht eingef\u00fchrt. Die <a href=\"https:\/\/roadtoromania.com\/de\/informationen-und-tipps-ueber-romania\/muenzen-aus-vanien\/\"> <strong>W\u00e4hrung<\/strong><\/a> ist der <strong>Leu (Plural Lei)<\/strong> und so m\u00fcssen wir bei der Ankunft in die Landesw\u00e4hrung f\u00fcr die Eink\u00e4ufe und Ausgaben, die wir w\u00e4hrend unserer Reise t\u00e4tigen, wechseln. Es ist m\u00f6glich, dass sie in einigen Banken und Wechselstuben immer noch als RON erscheint, was der fr\u00fchere Name der W\u00e4hrung ist.<\/p>\n<p><img decoding=\"async\" src=\"https:\/\/roadtoromania.com\/wp-content\/uploads\/2022\/10\/moneda_rumana_lei.jpg\" \/>Rum\u00e4nische W\u00e4hrung Lei W\u00e4hrungsumtausch in Rum\u00e4nien<\/p>\n<div id=\"toc_container\" class=\"no_bullets\"><p class=\"toc_title\">Contents<\/p><ul class=\"toc_list\"><li><a href=\"#Tipps_zum_Geldwechsel_in_Rumaenien\"><span class=\"toc_number toc_depth_1\">1<\/span> \nTipps zum Geldwechsel in Rum\u00e4nien<\/a><ul><li><a href=\"#Wechselstuben\"><span class=\"toc_number toc_depth_2\">1.1<\/span> \nWechselstuben<\/a><\/li><\/ul><\/li><li><a href=\"#Wie_man_in_Rumaenien_bezahlt\"><span class=\"toc_number toc_depth_1\">2<\/span> \nWie man in Rum\u00e4nien bezahlt<\/a><\/li><li><a href=\"#Autovermietung\"><span class=\"toc_number toc_depth_1\">3<\/span> \nAutovermietung<\/a><\/li><\/ul><\/div>\n<h2><span id=\"Tipps_zum_Geldwechsel_in_Rumaenien\">\nTipps zum Geldwechsel in Rum\u00e4nien<\/span><\/h2>\n<p>\nEs ist normal, dass Sie bei Ihrer Ankunft im Land den Drang versp\u00fcren, Geld zu wechseln. Auf den rum\u00e4nischen Flugh\u00e4fen sind die Wechselkurse zwischen Lei und Euro jedoch in der Regel h\u00f6her als in den Wechselstuben in den St\u00e4dten. Wenn Sie also Geld wechseln m\u00fcssen, ist es besser, dies nur f\u00fcr den Betrag zu tun, der f\u00fcr den Kauf einer Busfahrkarte, eines Taxis oder f\u00fcr andere Eink\u00e4ufe in diesem Moment notwendig ist. Sp\u00e4ter k\u00f6nnen Sie in St\u00e4dten wie dem Zentrum von Bukarest mehr Geld in Bargeld umtauschen.\u00a0Manchmal finden wir die Preise in Euro, was NUR ein Anhaltspunkt ist, um die Entsprechung zu sehen <\/p>\n<p>.<\/p>\n<h3><span id=\"Wechselstuben\">\nWechselstuben<\/span><\/h3>\n<p>\nIn den St\u00e4dten gibt es sie zuhauf, vor allem im Stadtzentrum. Wenn Sie sich nicht sicher sind, ob es sich um einen akzeptablen Wechselkurs handelt, k\u00f6nnen Sie mehrere von ihnen besuchen. Wahrscheinlich werden Sie aufgefordert, Ihren Reisepass oder Personalausweis vorzuzeigen, um Geld zu wechseln. Es ist offensichtlich, aber Sie sollten kein Geld bei Fremden wechseln, da es sich um einen Betrug handeln k\u00f6nnte.<\/p>\n<\/h3>\n<p>Geldautomaten<\/h3>\n<p>\nBankautomaten sind eine gute M\u00f6glichkeit, Geld abzuheben, vor allem wenn Ihre Bank keine Geb\u00fchren f\u00fcr Barabhebungen im Ausland erhebt. Wenn Sie eine Visa- oder Mastercard haben, ist dies kein Problem, da die meisten Geldautomaten in Rum\u00e4nien diese Karten akzeptieren. American Express wird seltener verwendet, obwohl einige Hotels es akzeptieren. Die rum\u00e4nische Nationalbank hei\u00dft Banca Na\u0163ional\u0103 a Rom\u00e2niei <\/p>\n<p>.<\/p>\n<h2><span id=\"Wie_man_in_Rumaenien_bezahlt\">\nWie man in Rum\u00e4nien bezahlt<\/span><\/h2>\n<p>\nIn St\u00e4dten wie Bukarest, Timisoara oder Brasov ist es \u00fcblich, die Rechnung mit Karte zu bezahlen, aber in Kleinst\u00e4dten, in denen es kein Zahlungssystem gibt, kann es vorkommen, dass nur Bargeld akzeptiert wird. Es ist daher ratsam, Bargeld mit sich zu f\u00fchren.<\/p>\n<h2><span id=\"Autovermietung\">\nAutovermietung<\/span><\/h2>\n<p>\nFast alle Autovermietungen verlangen eine Kreditkarte, um die Kaution zu belasten oder als Garantie, um einen Betrag bis zur R\u00fcckgabe des Fahrzeugs zu blockieren.<\/p>\n","protected":false},"excerpt":{"rendered":"<p>Rum\u00e4nien hat sich noch nicht der europ\u00e4ischen &#8220;Einheitsw\u00e4hrung&#8221;, dem Euro, angeschlossen. Und obwohl wir als B\u00fcrger mit spanischer Staatsangeh\u00f6rigkeit im freien Verkehr reisen k\u00f6nnen, ist der Euro noch nicht eingef\u00fchrt. Die W\u00e4hrung ist der Leu (Plural Lei) und so m\u00fcssen wir bei der Ankunft in die Landesw\u00e4hrung f\u00fcr die Eink\u00e4ufe und Ausgaben, die wir w\u00e4hrend &hellip;<\/p>\n<p class=\"read-more\"> <a class=\"\" href=\"https:\/\/roadtoromania.com\/de\/informationen-und-tipps-ueber-romania\/waehrungsumtausch-in-rumaenien\/\"> <span class=\"screen-reader-text\">W\u00e4hrungsumtausch in Rum\u00e4nien<\/span> Read More \u00bb<\/a><\/p>\n","protected":false},"author":1,"featured_media":1495,"parent":2994,"menu_order":0,"comment_status":"open","ping_status":"open","template":"","meta":{"site-sidebar-layout":"default","site-content-layout":"default","ast-global-header-display":"","ast-main-header-display":"","ast-hfb-above-header-display":"","ast-hfb-below-header-display":"","ast-hfb-mobile-header-display":"","site-post-title":"","ast-breadcrumbs-content":"","ast-featured-img":"","footer-sml-layout":"","theme-transparent-header-meta":"","adv-header-id-meta":"","stick-header-meta":"","header-above-stick-meta":"","header-main-stick-meta":"","header-below-stick-meta":"","footnotes":""},"class_list":["post-2995","page","type-page","status-publish","has-post-thumbnail","hentry"],"yoast_head":"<!-- This site is optimized with the Yoast SEO plugin v19.10 - https:\/\/yoast.com\/wordpress\/plugins\/seo\/ -->\n<title>W\u00e4hrungsumtausch in Rum\u00e4nien - Road to Romania<\/title>\n<meta name=\"robots\" content=\"index, follow, max-snippet:-1, max-image-preview:large, max-video-preview:-1\" \/>\n<link rel=\"canonical\" href=\"https:\/\/roadtoromania.com\/de\/informationen-und-tipps-ueber-romania\/waehrungsumtausch-in-rumaenien\/\" \/>\n<meta property=\"og:locale\" content=\"de_DE\" \/>\n<meta property=\"og:type\" content=\"article\" \/>\n<meta property=\"og:title\" content=\"W\u00e4hrungsumtausch in Rum\u00e4nien - Road to Romania\" \/>\n<meta property=\"og:description\" content=\"Rum\u00e4nien hat sich noch nicht der europ\u00e4ischen &#8220;Einheitsw\u00e4hrung&#8221;, dem Euro, angeschlossen. Und obwohl wir als B\u00fcrger mit spanischer Staatsangeh\u00f6rigkeit im freien Verkehr reisen k\u00f6nnen, ist der Euro noch nicht eingef\u00fchrt. Die W\u00e4hrung ist der Leu (Plural Lei) und so m\u00fcssen wir bei der Ankunft in die Landesw\u00e4hrung f\u00fcr die Eink\u00e4ufe und Ausgaben, die wir w\u00e4hrend &hellip; W\u00e4hrungsumtausch in Rum\u00e4nien Read More \u00bb\" \/>\n<meta property=\"og:url\" content=\"https:\/\/roadtoromania.com\/de\/informationen-und-tipps-ueber-romania\/waehrungsumtausch-in-rumaenien\/\" \/>\n<meta property=\"og:site_name\" content=\"Road to Romania\" \/>\n<meta property=\"article:modified_time\" content=\"2022-10-15T22:16:48+00:00\" \/>\n<meta property=\"og:image\" content=\"https:\/\/roadtoromania.com\/wp-content\/uploads\/2022\/10\/moneda_rumana_lei-1.jpg\" \/>\n\t<meta property=\"og:image:width\" content=\"768\" \/>\n\t<meta property=\"og:image:height\" content=\"405\" \/>\n\t<meta property=\"og:image:type\" content=\"image\/jpeg\" \/>\n<meta name=\"twitter:card\" content=\"summary_large_image\" \/>\n<meta name=\"twitter:label1\" content=\"Gesch\u00e4tzte Lesezeit\" \/>\n\t<meta name=\"twitter:data1\" content=\"2\u00a0Minuten\" \/>\n<script type=\"application\/ld+json\" class=\"yoast-schema-graph\">{\"@context\":\"https:\/\/schema.org\",\"@graph\":[{\"@type\":\"WebPage\",\"@id\":\"https:\/\/roadtoromania.com\/de\/informationen-und-tipps-ueber-romania\/waehrungsumtausch-in-rumaenien\/\",\"url\":\"https:\/\/roadtoromania.com\/de\/informationen-und-tipps-ueber-romania\/waehrungsumtausch-in-rumaenien\/\",\"name\":\"W\u00e4hrungsumtausch in Rum\u00e4nien - Road to Romania\",\"isPartOf\":{\"@id\":\"https:\/\/roadtoromania.com\/de\/#website\"},\"datePublished\":\"2022-10-15T18:40:14+00:00\",\"dateModified\":\"2022-10-15T22:16:48+00:00\",\"breadcrumb\":{\"@id\":\"https:\/\/roadtoromania.com\/de\/informationen-und-tipps-ueber-romania\/waehrungsumtausch-in-rumaenien\/#breadcrumb\"},\"inLanguage\":\"de\",\"potentialAction\":[{\"@type\":\"ReadAction\",\"target\":[\"https:\/\/roadtoromania.com\/de\/informationen-und-tipps-ueber-romania\/waehrungsumtausch-in-rumaenien\/\"]}]},{\"@type\":\"BreadcrumbList\",\"@id\":\"https:\/\/roadtoromania.com\/de\/informationen-und-tipps-ueber-romania\/waehrungsumtausch-in-rumaenien\/#breadcrumb\",\"itemListElement\":[{\"@type\":\"ListItem\",\"position\":1,\"name\":\"Home\",\"item\":\"https:\/\/roadtoromania.com\/de\/\"},{\"@type\":\"ListItem\",\"position\":2,\"name\":\"W\u00e4hrungsumtausch in Rum\u00e4nien\"}]},{\"@type\":\"WebSite\",\"@id\":\"https:\/\/roadtoromania.com\/de\/#website\",\"url\":\"https:\/\/roadtoromania.com\/de\/\",\"name\":\"Road to Romania\",\"description\":\"Der Blog, in dem Sie alle Informationen finden, die Sie brauchen, um Rum\u00e4nien zu genie\u00dfen.\",\"potentialAction\":[{\"@type\":\"SearchAction\",\"target\":{\"@type\":\"EntryPoint\",\"urlTemplate\":\"https:\/\/roadtoromania.com\/de\/?s={search_term_string}\"},\"query-input\":\"required name=search_term_string\"}],\"inLanguage\":\"de\"}]}<\/script>\n<!-- \/ Yoast SEO plugin. -->","yoast_head_json":{"title":"W\u00e4hrungsumtausch in Rum\u00e4nien - Road to Romania","robots":{"index":"index","follow":"follow","max-snippet":"max-snippet:-1","max-image-preview":"max-image-preview:large","max-video-preview":"max-video-preview:-1"},"canonical":"https:\/\/roadtoromania.com\/de\/informationen-und-tipps-ueber-romania\/waehrungsumtausch-in-rumaenien\/","og_locale":"de_DE","og_type":"article","og_title":"W\u00e4hrungsumtausch in Rum\u00e4nien - Road to Romania","og_description":"Rum\u00e4nien hat sich noch nicht der europ\u00e4ischen &#8220;Einheitsw\u00e4hrung&#8221;, dem Euro, angeschlossen. Und obwohl wir als B\u00fcrger mit spanischer Staatsangeh\u00f6rigkeit im freien Verkehr reisen k\u00f6nnen, ist der Euro noch nicht eingef\u00fchrt. Die W\u00e4hrung ist der Leu (Plural Lei) und so m\u00fcssen wir bei der Ankunft in die Landesw\u00e4hrung f\u00fcr die Eink\u00e4ufe und Ausgaben, die wir w\u00e4hrend &hellip; W\u00e4hrungsumtausch in Rum\u00e4nien Read More \u00bb","og_url":"https:\/\/roadtoromania.com\/de\/informationen-und-tipps-ueber-romania\/waehrungsumtausch-in-rumaenien\/","og_site_name":"Road to Romania","article_modified_time":"2022-10-15T22:16:48+00:00","og_image":[{"width":768,"height":405,"url":"https:\/\/roadtoromania.com\/wp-content\/uploads\/2022\/10\/moneda_rumana_lei-1.jpg","type":"image\/jpeg"}],"twitter_card":"summary_large_image","twitter_misc":{"Gesch\u00e4tzte Lesezeit":"2\u00a0Minuten"},"schema":{"@context":"https:\/\/schema.org","@graph":[{"@type":"WebPage","@id":"https:\/\/roadtoromania.com\/de\/informationen-und-tipps-ueber-romania\/waehrungsumtausch-in-rumaenien\/","url":"https:\/\/roadtoromania.com\/de\/informationen-und-tipps-ueber-romania\/waehrungsumtausch-in-rumaenien\/","name":"W\u00e4hrungsumtausch in Rum\u00e4nien - Road to Romania","isPartOf":{"@id":"https:\/\/roadtoromania.com\/de\/#website"},"datePublished":"2022-10-15T18:40:14+00:00","dateModified":"2022-10-15T22:16:48+00:00","breadcrumb":{"@id":"https:\/\/roadtoromania.com\/de\/informationen-und-tipps-ueber-romania\/waehrungsumtausch-in-rumaenien\/#breadcrumb"},"inLanguage":"de","potentialAction":[{"@type":"ReadAction","target":["https:\/\/roadtoromania.com\/de\/informationen-und-tipps-ueber-romania\/waehrungsumtausch-in-rumaenien\/"]}]},{"@type":"BreadcrumbList","@id":"https:\/\/roadtoromania.com\/de\/informationen-und-tipps-ueber-romania\/waehrungsumtausch-in-rumaenien\/#breadcrumb","itemListElement":[{"@type":"ListItem","position":1,"name":"Home","item":"https:\/\/roadtoromania.com\/de\/"},{"@type":"ListItem","position":2,"name":"W\u00e4hrungsumtausch in Rum\u00e4nien"}]},{"@type":"WebSite","@id":"https:\/\/roadtoromania.com\/de\/#website","url":"https:\/\/roadtoromania.com\/de\/","name":"Road to Romania","description":"Der Blog, in dem Sie alle Informationen finden, die Sie brauchen, um Rum\u00e4nien zu genie\u00dfen.","potentialAction":[{"@type":"SearchAction","target":{"@type":"EntryPoint","urlTemplate":"https:\/\/roadtoromania.com\/de\/?s={search_term_string}"},"query-input":"required name=search_term_string"}],"inLanguage":"de"}]}},"_links":{"self":[{"href":"https:\/\/roadtoromania.com\/de\/wp-json\/wp\/v2\/pages\/2995","targetHints":{"allow":["GET"]}}],"collection":[{"href":"https:\/\/roadtoromania.com\/de\/wp-json\/wp\/v2\/pages"}],"about":[{"href":"https:\/\/roadtoromania.com\/de\/wp-json\/wp\/v2\/types\/page"}],"author":[{"embeddable":true,"href":"https:\/\/roadtoromania.com\/de\/wp-json\/wp\/v2\/users\/1"}],"replies":[{"embeddable":true,"href":"https:\/\/roadtoromania.com\/de\/wp-json\/wp\/v2\/comments?post=2995"}],"version-history":[{"count":1,"href":"https:\/\/roadtoromania.com\/de\/wp-json\/wp\/v2\/pages\/2995\/revisions"}],"predecessor-version":[{"id":2996,"href":"https:\/\/roadtoromania.com\/de\/wp-json\/wp\/v2\/pages\/2995\/revisions\/2996"}],"up":[{"embeddable":true,"href":"https:\/\/roadtoromania.com\/de\/wp-json\/wp\/v2\/pages\/2994"}],"wp:featuredmedia":[{"embeddable":true,"href":"https:\/\/roadtoromania.com\/de\/wp-json\/wp\/v2\/media\/1495"}],"wp:attachment":[{"href":"https:\/\/roadtoromania.com\/de\/wp-json\/wp\/v2\/media?parent=2995"}],"curies":[{"name":"wp","href":"https:\/\/api.w.org\/{rel}","templated":true}]}}