{"id":2997,"date":"2022-10-15T18:40:14","date_gmt":"2022-10-15T18:40:14","guid":{"rendered":"https:\/\/roadtoromania.com\/muenzen-aus-vanien\/"},"modified":"2022-10-15T22:16:49","modified_gmt":"2022-10-15T22:16:49","slug":"muenzen-aus-vanien","status":"publish","type":"page","link":"https:\/\/roadtoromania.com\/de\/informationen-und-tipps-ueber-romania\/muenzen-aus-vanien\/","title":{"rendered":"W\u00e4hrung in Rum\u00e4nien"},"content":{"rendered":"<p><a href=\"https:\/\/roadtoromania.com\/wp-content\/uploads\/2022\/10\/moneda-rumania-lei.jpg\"><img decoding=\"async\" src=\"https:\/\/roadtoromania.com\/wp-content\/uploads\/2022\/10\/moneda-rumania-lei.jpg\" \/><\/a> 5 Lei-Banknote, die rum\u00e4nische W\u00e4hrung.<\/p>\n<p>\nDie offizielle <strong>W\u00e4hrung von Rum\u00e4nien<\/strong> ist der <strong>Leu, Lei<\/strong> im Plural. Im Jahr 1880 wurde der Lei von der neu gegr\u00fcndeten Rum\u00e4nischen Nationalbank eingef\u00fchrt. Der Name Leu kommt von Lion (L\u00f6we), denn im 17. Jahrhundert war die g\u00e4ngige W\u00e4hrung der niederl\u00e4ndische leeuwendaalder, dargestellt durch einen L\u00f6wen. Der Lei (L\u00f6we) war also der Name f\u00fcr die M\u00fcnze. Im Jahr 2005 wurde der neue Leu ( <strong>RON<\/strong> ) in Umlauf gebracht, der den alten Leu ersetzte, der aufgrund der Abwertung 10.000 des alten Leu entsprach.<\/p>\n<p>\nDer Leu ist unterteilt in Ban (bani im Plural)<\/p>\n<p>\nAuf den R\u00fcckseiten der Lei-Banknoten sind einige wichtige Pers\u00f6nlichkeiten der rum\u00e4nischen Geschichte abgebildet, wie der Dichter Mihai Eminescu, Nicolae Iorga, der Dramatiker Ion Luca Caragiale, der Ingenieur Aurel Vlaicu und der Komponist George Enescu, den Maler Nicolae Grigorescu, den rum\u00e4nischen Philosophen Lucian Blaga und rum\u00e4nische Wahrzeichen wie die Kathedrale des Curtea-Klosters in Arges, die Universit\u00e4tsbibliothek in Ia\u015fi und das Nationaltheater in Bukarest.<\/p>\n<p>\nSeit 2006 ist Rum\u00e4nien dabei, der Einheitsw\u00e4hrung, dem Euro, beizutreten, sobald es die wirtschaftlichen Bedingungen f\u00fcr den Beitritt erf\u00fcllt hat, was voraussichtlich im Jahr 2020 der Fall sein wird.<\/p>\n<p>\nSchlie\u00dflich ist es erw\u00e4hnenswert, dass es sowohl auf den Flugh\u00e4fen als auch in den wichtigsten St\u00e4dten B\u00fcros oder H\u00e4user gibt, in denen man Leu in Euro umtauschen kann.<\/p>\n","protected":false},"excerpt":{"rendered":"<p>5 Lei-Banknote, die rum\u00e4nische W\u00e4hrung. Die offizielle W\u00e4hrung von Rum\u00e4nien ist der Leu, Lei im Plural. Im Jahr 1880 wurde der Lei von der neu gegr\u00fcndeten Rum\u00e4nischen Nationalbank eingef\u00fchrt. Der Name Leu kommt von Lion (L\u00f6we), denn im 17. Jahrhundert war die g\u00e4ngige W\u00e4hrung der niederl\u00e4ndische leeuwendaalder, dargestellt durch einen L\u00f6wen. Der Lei (L\u00f6we) war &hellip;<\/p>\n<p class=\"read-more\"> <a class=\"\" href=\"https:\/\/roadtoromania.com\/de\/informationen-und-tipps-ueber-romania\/muenzen-aus-vanien\/\"> <span class=\"screen-reader-text\">W\u00e4hrung in Rum\u00e4nien<\/span> Read More \u00bb<\/a><\/p>\n","protected":false},"author":1,"featured_media":1503,"parent":2994,"menu_order":0,"comment_status":"open","ping_status":"open","template":"","meta":{"site-sidebar-layout":"default","site-content-layout":"default","ast-global-header-display":"","ast-main-header-display":"","ast-hfb-above-header-display":"","ast-hfb-below-header-display":"","ast-hfb-mobile-header-display":"","site-post-title":"","ast-breadcrumbs-content":"","ast-featured-img":"","footer-sml-layout":"","theme-transparent-header-meta":"","adv-header-id-meta":"","stick-header-meta":"","header-above-stick-meta":"","header-main-stick-meta":"","header-below-stick-meta":"","footnotes":""},"class_list":["post-2997","page","type-page","status-publish","has-post-thumbnail","hentry"],"yoast_head":"<!-- This site is optimized with the Yoast SEO plugin v19.10 - https:\/\/yoast.com\/wordpress\/plugins\/seo\/ -->\n<title>W\u00e4hrung in Rum\u00e4nien - Road to Romania<\/title>\n<meta name=\"robots\" content=\"index, follow, max-snippet:-1, max-image-preview:large, max-video-preview:-1\" \/>\n<link rel=\"canonical\" href=\"https:\/\/roadtoromania.com\/de\/informationen-und-tipps-ueber-romania\/muenzen-aus-vanien\/\" \/>\n<meta property=\"og:locale\" content=\"de_DE\" \/>\n<meta property=\"og:type\" content=\"article\" \/>\n<meta property=\"og:title\" content=\"W\u00e4hrung in Rum\u00e4nien - Road to Romania\" \/>\n<meta property=\"og:description\" content=\"5 Lei-Banknote, die rum\u00e4nische W\u00e4hrung. Die offizielle W\u00e4hrung von Rum\u00e4nien ist der Leu, Lei im Plural. Im Jahr 1880 wurde der Lei von der neu gegr\u00fcndeten Rum\u00e4nischen Nationalbank eingef\u00fchrt. Der Name Leu kommt von Lion (L\u00f6we), denn im 17. Jahrhundert war die g\u00e4ngige W\u00e4hrung der niederl\u00e4ndische leeuwendaalder, dargestellt durch einen L\u00f6wen. Der Lei (L\u00f6we) war &hellip; W\u00e4hrung in Rum\u00e4nien Read More \u00bb\" \/>\n<meta property=\"og:url\" content=\"https:\/\/roadtoromania.com\/de\/informationen-und-tipps-ueber-romania\/muenzen-aus-vanien\/\" \/>\n<meta property=\"og:site_name\" content=\"Road to Romania\" \/>\n<meta property=\"article:modified_time\" content=\"2022-10-15T22:16:49+00:00\" \/>\n<meta property=\"og:image\" content=\"https:\/\/roadtoromania.com\/wp-content\/uploads\/2022\/10\/moneda-rumania-lei-1.jpg\" \/>\n\t<meta property=\"og:image:width\" content=\"500\" \/>\n\t<meta property=\"og:image:height\" content=\"500\" \/>\n\t<meta property=\"og:image:type\" content=\"image\/jpeg\" \/>\n<meta name=\"twitter:card\" content=\"summary_large_image\" \/>\n<meta name=\"twitter:label1\" content=\"Gesch\u00e4tzte Lesezeit\" \/>\n\t<meta name=\"twitter:data1\" content=\"1\u00a0Minute\" \/>\n<script type=\"application\/ld+json\" class=\"yoast-schema-graph\">{\"@context\":\"https:\/\/schema.org\",\"@graph\":[{\"@type\":\"WebPage\",\"@id\":\"https:\/\/roadtoromania.com\/de\/informationen-und-tipps-ueber-romania\/muenzen-aus-vanien\/\",\"url\":\"https:\/\/roadtoromania.com\/de\/informationen-und-tipps-ueber-romania\/muenzen-aus-vanien\/\",\"name\":\"W\u00e4hrung in Rum\u00e4nien - Road to Romania\",\"isPartOf\":{\"@id\":\"https:\/\/roadtoromania.com\/de\/#website\"},\"datePublished\":\"2022-10-15T18:40:14+00:00\",\"dateModified\":\"2022-10-15T22:16:49+00:00\",\"breadcrumb\":{\"@id\":\"https:\/\/roadtoromania.com\/de\/informationen-und-tipps-ueber-romania\/muenzen-aus-vanien\/#breadcrumb\"},\"inLanguage\":\"de\",\"potentialAction\":[{\"@type\":\"ReadAction\",\"target\":[\"https:\/\/roadtoromania.com\/de\/informationen-und-tipps-ueber-romania\/muenzen-aus-vanien\/\"]}]},{\"@type\":\"BreadcrumbList\",\"@id\":\"https:\/\/roadtoromania.com\/de\/informationen-und-tipps-ueber-romania\/muenzen-aus-vanien\/#breadcrumb\",\"itemListElement\":[{\"@type\":\"ListItem\",\"position\":1,\"name\":\"Home\",\"item\":\"https:\/\/roadtoromania.com\/de\/\"},{\"@type\":\"ListItem\",\"position\":2,\"name\":\"W\u00e4hrung in Rum\u00e4nien\"}]},{\"@type\":\"WebSite\",\"@id\":\"https:\/\/roadtoromania.com\/de\/#website\",\"url\":\"https:\/\/roadtoromania.com\/de\/\",\"name\":\"Road to Romania\",\"description\":\"Der Blog, in dem Sie alle Informationen finden, die Sie brauchen, um Rum\u00e4nien zu genie\u00dfen.\",\"potentialAction\":[{\"@type\":\"SearchAction\",\"target\":{\"@type\":\"EntryPoint\",\"urlTemplate\":\"https:\/\/roadtoromania.com\/de\/?s={search_term_string}\"},\"query-input\":\"required name=search_term_string\"}],\"inLanguage\":\"de\"}]}<\/script>\n<!-- \/ Yoast SEO plugin. -->","yoast_head_json":{"title":"W\u00e4hrung in Rum\u00e4nien - Road to Romania","robots":{"index":"index","follow":"follow","max-snippet":"max-snippet:-1","max-image-preview":"max-image-preview:large","max-video-preview":"max-video-preview:-1"},"canonical":"https:\/\/roadtoromania.com\/de\/informationen-und-tipps-ueber-romania\/muenzen-aus-vanien\/","og_locale":"de_DE","og_type":"article","og_title":"W\u00e4hrung in Rum\u00e4nien - Road to Romania","og_description":"5 Lei-Banknote, die rum\u00e4nische W\u00e4hrung. Die offizielle W\u00e4hrung von Rum\u00e4nien ist der Leu, Lei im Plural. Im Jahr 1880 wurde der Lei von der neu gegr\u00fcndeten Rum\u00e4nischen Nationalbank eingef\u00fchrt. Der Name Leu kommt von Lion (L\u00f6we), denn im 17. Jahrhundert war die g\u00e4ngige W\u00e4hrung der niederl\u00e4ndische leeuwendaalder, dargestellt durch einen L\u00f6wen. Der Lei (L\u00f6we) war &hellip; W\u00e4hrung in Rum\u00e4nien Read More \u00bb","og_url":"https:\/\/roadtoromania.com\/de\/informationen-und-tipps-ueber-romania\/muenzen-aus-vanien\/","og_site_name":"Road to Romania","article_modified_time":"2022-10-15T22:16:49+00:00","og_image":[{"width":500,"height":500,"url":"https:\/\/roadtoromania.com\/wp-content\/uploads\/2022\/10\/moneda-rumania-lei-1.jpg","type":"image\/jpeg"}],"twitter_card":"summary_large_image","twitter_misc":{"Gesch\u00e4tzte Lesezeit":"1\u00a0Minute"},"schema":{"@context":"https:\/\/schema.org","@graph":[{"@type":"WebPage","@id":"https:\/\/roadtoromania.com\/de\/informationen-und-tipps-ueber-romania\/muenzen-aus-vanien\/","url":"https:\/\/roadtoromania.com\/de\/informationen-und-tipps-ueber-romania\/muenzen-aus-vanien\/","name":"W\u00e4hrung in Rum\u00e4nien - Road to Romania","isPartOf":{"@id":"https:\/\/roadtoromania.com\/de\/#website"},"datePublished":"2022-10-15T18:40:14+00:00","dateModified":"2022-10-15T22:16:49+00:00","breadcrumb":{"@id":"https:\/\/roadtoromania.com\/de\/informationen-und-tipps-ueber-romania\/muenzen-aus-vanien\/#breadcrumb"},"inLanguage":"de","potentialAction":[{"@type":"ReadAction","target":["https:\/\/roadtoromania.com\/de\/informationen-und-tipps-ueber-romania\/muenzen-aus-vanien\/"]}]},{"@type":"BreadcrumbList","@id":"https:\/\/roadtoromania.com\/de\/informationen-und-tipps-ueber-romania\/muenzen-aus-vanien\/#breadcrumb","itemListElement":[{"@type":"ListItem","position":1,"name":"Home","item":"https:\/\/roadtoromania.com\/de\/"},{"@type":"ListItem","position":2,"name":"W\u00e4hrung in Rum\u00e4nien"}]},{"@type":"WebSite","@id":"https:\/\/roadtoromania.com\/de\/#website","url":"https:\/\/roadtoromania.com\/de\/","name":"Road to Romania","description":"Der Blog, in dem Sie alle Informationen finden, die Sie brauchen, um Rum\u00e4nien zu genie\u00dfen.","potentialAction":[{"@type":"SearchAction","target":{"@type":"EntryPoint","urlTemplate":"https:\/\/roadtoromania.com\/de\/?s={search_term_string}"},"query-input":"required name=search_term_string"}],"inLanguage":"de"}]}},"_links":{"self":[{"href":"https:\/\/roadtoromania.com\/de\/wp-json\/wp\/v2\/pages\/2997","targetHints":{"allow":["GET"]}}],"collection":[{"href":"https:\/\/roadtoromania.com\/de\/wp-json\/wp\/v2\/pages"}],"about":[{"href":"https:\/\/roadtoromania.com\/de\/wp-json\/wp\/v2\/types\/page"}],"author":[{"embeddable":true,"href":"https:\/\/roadtoromania.com\/de\/wp-json\/wp\/v2\/users\/1"}],"replies":[{"embeddable":true,"href":"https:\/\/roadtoromania.com\/de\/wp-json\/wp\/v2\/comments?post=2997"}],"version-history":[{"count":1,"href":"https:\/\/roadtoromania.com\/de\/wp-json\/wp\/v2\/pages\/2997\/revisions"}],"predecessor-version":[{"id":2998,"href":"https:\/\/roadtoromania.com\/de\/wp-json\/wp\/v2\/pages\/2997\/revisions\/2998"}],"up":[{"embeddable":true,"href":"https:\/\/roadtoromania.com\/de\/wp-json\/wp\/v2\/pages\/2994"}],"wp:featuredmedia":[{"embeddable":true,"href":"https:\/\/roadtoromania.com\/de\/wp-json\/wp\/v2\/media\/1503"}],"wp:attachment":[{"href":"https:\/\/roadtoromania.com\/de\/wp-json\/wp\/v2\/media?parent=2997"}],"curies":[{"name":"wp","href":"https:\/\/api.w.org\/{rel}","templated":true}]}}