{"id":3013,"date":"2022-10-15T18:40:16","date_gmt":"2022-10-15T18:40:16","guid":{"rendered":"https:\/\/roadtoromania.com\/moldawien-rumaenien\/"},"modified":"2022-10-16T08:10:28","modified_gmt":"2022-10-16T08:10:28","slug":"moldawien-rumaenien","status":"publish","type":"page","link":"https:\/\/roadtoromania.com\/de\/denkmaeler-der-rumaenien-was-zu-sehen-in-rumaenien\/moldawien-rumaenien\/","title":{"rendered":"Moldawien Rum\u00e4nisch"},"content":{"rendered":"<p><a href=\"https:\/\/roadtoromania.com\/wp-content\/uploads\/2022\/10\/moldavia-rumania-naturaleza.jpg\"><img decoding=\"async\" src=\"https:\/\/roadtoromania.com\/wp-content\/uploads\/2022\/10\/moldavia-rumania-naturaleza.jpg\" \/><\/a><\/p>\n<p>Blick auf den Bicaz-See vom Berg Ceahlau aus. <\/p>\n<div id=\"toc_container\" class=\"no_bullets\"><p class=\"toc_title\">Contents<\/p><ul class=\"toc_list\"><li><a href=\"#Komplexe_Geschichte_und_wechselnde_Grenzen\"><span class=\"toc_number toc_depth_1\">1<\/span> Komplexe Geschichte und wechselnde Grenzen<\/a><ul><li><a href=\"#Die_moldawischen_Karpaten\"><span class=\"toc_number toc_depth_2\">1.1<\/span> Die moldawischen Karpaten<\/a><\/li><li><a href=\"#Die_Kloester_der_Republik_Moldau\"><span class=\"toc_number toc_depth_2\">1.2<\/span> Die Kl\u00f6ster der Republik Moldau<\/a><\/li><li><a href=\"#Die_Moldau-Ebene\"><span class=\"toc_number toc_depth_2\">1.3<\/span> Die Moldau-Ebene<\/a><\/li><li><a href=\"#Iasi\"><span class=\"toc_number toc_depth_2\">1.4<\/span> Iasi<\/a><\/li><li><a href=\"#Gastronomie\"><span class=\"toc_number toc_depth_2\">1.5<\/span> Gastronomie<\/a><\/li><\/ul><\/li><\/ul><\/div>\n<h2><span id=\"Komplexe_Geschichte_und_wechselnde_Grenzen\"><strong>Komplexe Geschichte und wechselnde Grenzen<\/strong><\/span><\/h2>\n<p>Diese Region Rum\u00e4niens erstreckt sich im Nordosten des Landes und grenzt an die Ukraine und Moldawien. Da es heute ein Land mit demselben Namen gibt &#8211; die ehemalige Sowjetrepublik Moldau, \u00f6stlich der Donau &#8211; scheint eine kurze historische Einf\u00fchrung notwendig. Der Name Moldawien stammt von einem halb unabh\u00e4ngigen F\u00fcrstentum, das vom 14. bis zum 17. Jahrhundert existierte, zun\u00e4chst unter dem K\u00f6nigreich Polen, dann unter dem Osmanischen Reich und schlie\u00dflich unter dem Osmanischen Reich. Im 18. Jahrhundert wurde die <a href=\"https:\/\/roadtoromania.com\/de\/bucovina-und-seine-kloester\/\">Bukowina<\/a> von \u00d6sterreich-Ungarn annektiert, und nach den napoleonischen Kriegen wurde Bessarabien, der \u00f6stliche Teil von Moldawien, vom Russischen Reich annektiert. Im Jahr 1859 wurde nur der westliche Teil zusammen mit der Walachei Teil des neuen rum\u00e4nischen Staates. 1918, nach dem Ersten Weltkrieg, wurde Bessarabien Teil von Gro\u00dfrum\u00e4nien. 1940 marschiert Stalin in Bessarabien ein, das bis 1991 Teil der UdSSR sein wird. In diesem Jahr erkl\u00e4rt die Sowjetrepublik Moldawien ihre Unabh\u00e4ngigkeit<\/p>\n<p>Aus diesem komplizierten und st\u00e4ndigen Grenzwechsel resultiert das heutige Missverst\u00e4ndnis, das beide Gebiete mit demselben Namen verwechselt. Da in unserem Reisef\u00fchrer von Rum\u00e4nien die Rede ist, werden wir uns nur mit der rum\u00e4nischen Republik Moldau befassen<\/p>\n<p>Rum\u00e4nisch Moldawien<\/p>\n<p><a href=\"https:\/\/roadtoromania.com\/wp-content\/uploads\/2022\/10\/moldavia-ceahlau-mountain.jpg\"><img decoding=\"async\" src=\"https:\/\/roadtoromania.com\/wp-content\/uploads\/2022\/10\/moldavia-ceahlau-mountain.jpg\" \/><\/a><\/p>\n<p>Wald des Nationalparks Mount Ceahlau. <\/p>\n<h3><span id=\"Die_moldawischen_Karpaten\"><strong>Die moldawischen Karpaten<\/strong><\/span><\/h3>\n<p>Der nordwestliche Teil Rum\u00e4niens erstreckt sich von den letzten Ausl\u00e4ufern der <a href=\"https:\/\/roadtoromania.com\/de\/natur-rumaenien\/los-carpatos\/\">Karpaten<\/a> bis zur gro\u00dfen Donauebene. Der gesamte westliche Teil der Region wird von den Karpaten eingenommen, die sich von Norden nach S\u00fcden erstrecken. Hier finden Sie die zerkl\u00fcftetsten Berglandschaften, enge T\u00e4ler und von Menschenhand geschaffene Seen wie den Bicaz-See in der N\u00e4he der Bicaz-Schlucht sowie Berge, die bis zu 2000 Meter hoch sind. Dieses Gebiet verbindet Baudenkm\u00e4ler wie Schl\u00f6sser, Kl\u00f6ster und Kirchen mit dem unglaublichen Naturerbe des Nationalparks Monte Ceahlau. Der Aufstieg ist f\u00fcr jeden mit ein wenig Wandererfahrung machbar<\/p>\n<p><a href=\"https:\/\/roadtoromania.com\/de\/natur-rumaenien\/schluchten-von-bicaz\/\">Die Schluchten von Bicaz<\/a> , eine der bekanntesten Naturlandschaften Rum\u00e4niens, sind eine wasserreiche Erg\u00e4nzung zum Aufstieg auf den Berg Ceahlau<\/p>\n<p>In diesem Teil der Republik Moldau finden wir kleine St\u00e4dte mit einem reichen Kulturerbe und vielen M\u00f6glichkeiten f\u00fcr Abenteuertourismus, Wassersport, Wandern und sogar Skifahren<\/p>\n<p><a href=\"https:\/\/roadtoromania.com\/de\/staedte-und-regionen-rumaeniens\/piatra-neamt\/\">Piatra Neamt<\/a> war in seiner Bl\u00fctezeit eine der wichtigsten St\u00e4dte des F\u00fcrstentums Moldau. Mehrere Kirchen und der Turm von Stefan dem Gro\u00dfen erinnern an diesen Woiwoden (F\u00fcrst) aus dem 15. Jahrhundert, der nach jedem seiner Siege eine Kirche baute &#8211; und er schaffte 34! Mehrere Museen, darunter eines \u00fcber <strong>die neolithische Kultur von Cucutemi,<\/strong> zahlreiche Restaurants und eine Seilbahn, die auf einen der H\u00fcgel rund um die Stadt f\u00fchrt, sind die wichtigsten touristischen Attraktionen.<\/p>\n<p>Au\u00dferdem findet in Piatra im Sommer ein Filmfestival <strong>statt, bei dem Kurzfilme von jungen Autoren gezeigt werden<\/strong><\/p>\n<p>In der N\u00e4he befindet sich der Nationalpark Ceahlau, der Wanderern mehrere Routen mit mittlerem bis hohem Schwierigkeitsgrad bietet. In Durau, am Fu\u00dfe des Parks, gibt es ein sch\u00f6nes Kloster und zahlreiche Hotels, die bergbegeisterte Touristen willkommen hei\u00dfen<\/p>\n<p>Etwas weiter n\u00f6rdlich liegt die Stadt Targu Neamt, bewacht von der Burg Neamt, der Festung des bereits erw\u00e4hnten F\u00fcrsten Stefan des Gro\u00dfen. Die Kl\u00f6ster Neamt und Agapia sowie das Museum des K\u00fcnstlers Niculae Popa mit seinen naiven Werken sind sehr empfehlenswert.<\/p>\n<p>In der Gegend wurde auch ein Wisent-Reservat eingerichtet, aber um die Tiere zu sehen, m\u00fcssen Sie fr\u00fch am Morgen kommen.<\/p>\n<h3><span id=\"Die_Kloester_der_Republik_Moldau\"><strong>Die Kl\u00f6ster der Republik Moldau<\/strong><\/span><\/h3>\n<p>Sie sind nicht so bekannt wie die der Maramures, aber ebenso spektakul\u00e4r. Die bedeutendsten sind <strong>Agapia, Neamt, Durau, Secu Varatec, Bistrita oder Sihastria<\/strong> . Viele von ihnen befinden sich in der N\u00e4he des Nationalparks Mount Ceahlau<img decoding=\"async\" src=\"https:\/\/roadtoromania.com\/wp-content\/uploads\/2022\/10\/neamt-moldavia-monasterio.jpg\" \/><img decoding=\"async\" src=\"data:image\/gif;base64,R0lGODdhAQABAPAAAMPDwwAAACwAAAAAAQABAAACAkQBADs=\" \/><\/a> Kloster Neamt, bei Targu Neamt. <\/p>\n<h3><span id=\"Die_Moldau-Ebene\"><strong>Die Moldau-Ebene<\/strong><\/span><\/h3>\n<p><strong>Focsani, Bacau und <a href=\"https:\/\/roadtoromania.com\/de\/staedte-und-regionen-rumaeniens\/roman\/\">Roman<\/a> <\/strong> sind einige der St\u00e4dte in Zentralmoldawien. Wie in der gesamten Region finden wir auch hier Kl\u00f6ster und Kirchen mit metallischen Kuppeln und sch\u00f6nen Farben, die sich in ihrem Stil \u00fcberraschend von den Kirchen in anderen Teilen Europas unterscheiden.<\/p>\n<p>Weiter n\u00f6rdlich in der Provinz <a href=\"https:\/\/roadtoromania.com\/de\/staedte-und-regionen-rumaeniens\/suceava\/\">Suceava<\/a> finden wir viele Kl\u00f6ster, die denen in <a href=\"https:\/\/roadtoromania.com\/de\/staedte-und-regionen-rumaeniens\/region-maramures\/\">Maramures<\/a> \u00e4hneln. Die lokale Architektur, die H\u00e4user mit ihren Zink- oder Metalld\u00e4chern und die oft mehrfarbigen Holzkonstruktionen geben Moldawien und der Maramures einen gewissen gemeinsamen Stil, aber bleiben wir in Moldawien.<\/p>\n<h3><span id=\"Iasi\"><strong>Iasi<\/strong><\/span><\/h3>\n<p><a href=\"https:\/\/roadtoromania.com\/de\/staedte-und-regionen-rumaeniens\/iasi\/\">Iasi<\/a> ist die Hauptstadt der Region und die wichtigste Stadt. Sie ist die einzige wirklich gro\u00dfe Stadt in Moldawien und konzentriert einen Gro\u00dfteil des wirtschaftlichen, kulturellen und sozialen Lebens. Die Universit\u00e4t ist die \u00e4lteste und eine der wichtigsten Rum\u00e4niens. <strong>Der Nationalpalast<\/strong> beherbergt mehrere interessante Museen mit Werken von Autoren aus aller Welt. <strong>Das Opernhaus, der Botanische Garten, das Golia-Kloster<\/strong> und sein Turm sind einige der anderen bemerkenswerten Sehensw\u00fcrdigkeiten.<\/p>\n<p><img decoding=\"async\" src=\"https:\/\/roadtoromania.com\/wp-content\/uploads\/2022\/10\/iasi-moldavia-rumania.jpg\" \/><img decoding=\"async\" src=\"data:image\/gif;base64,R0lGODdhAQABAPAAAMPDwwAAACwAAAAAAQABAAACAkQBADs=\" \/><\/a> Iasi, die Hauptstadt der rum\u00e4nischen Republik Moldau.<\/p>\n<h3><span id=\"Gastronomie\"><strong>Gastronomie<\/strong><\/span><\/h3>\n<p>Die lokale K\u00fcche ist in jeder Hinsicht saftig. Vegetarier werden es schwer haben, denn auch Salate enthalten oft Fleisch. Suppen, Braten und Eint\u00f6pfe mit H\u00fchnern, Kalb- oder Schweinefleisch sind ideal f\u00fcr die Strapazen des Winters, etwas weniger, wenn die Hitze zu gro\u00df wird, was im Sommer der Fall ist. <strong>Suppen (Ciorba)<\/strong> sind sehr schmackhaft, zum Beispiel Kutteln, Bohnen oder saure Fleischkl\u00f6\u00dfchensuppe. Die Sarmale sind ein Muss. Danach sind die Eint\u00f6pfe und Braten weniger \u00fcberraschend. Die Gerichte werden in der Regel von <strong>Polenta (mamaliga)<\/strong> begleitet. Auch Flussfische wie Forellen sind reichlich vorhanden. Auch die Nachspeisen sind recht schwer, wie <strong>Papanasi oder Cozonac<\/strong> , warmes oder kaltes Geb\u00e4ck, gef\u00fcllt oder \u00fcberzogen mit Schokolade, K\u00e4se, Marmelade, s\u00fc\u00dfer Konfit\u00fcre&#8230;.. Die K\u00e4sesorten und der Wein sind auch sehr interessant, und das Bier nat\u00fcrlich auch<\/p>\n<p><img decoding=\"async\" src=\"https:\/\/roadtoromania.com\/wp-content\/uploads\/2022\/10\/museo-popa-moldavia.jpg\" \/><img decoding=\"async\" src=\"data:image\/gif;base64,R0lGODdhAQABAPAAAMPDwwAAACwAAAAAAQABAAACAkQBADs=\" \/><\/a> Museo Popa und einige seiner Holzskulpturen. <\/p>\n<p><strong>Moldawien in der Mitte des Geschehens<\/strong><\/p>\n<p>Einer der Vorteile von Moldawien ist, dass es in der Mitte von allem ist und kann auf dem Weg nach dem Besuch der Kl\u00f6ster von Maramures \/ Bukowina oder die Transfagarasan Stra\u00dfe besucht werden; nach dem Besuch Siebenb\u00fcrgen oder auf dem Weg in die Ukraine oder Moldawien (das Land). Vergessen Sie also nicht, wenn Sie hier vorbeikommen, die Region zu genie\u00dfen.<\/p>\n","protected":false},"excerpt":{"rendered":"<p>Blick auf den Bicaz-See vom Berg Ceahlau aus. Contents1 Komplexe Geschichte und wechselnde Grenzen1.1 Die moldawischen Karpaten1.2 Die Kl\u00f6ster der Republik Moldau1.3 Die Moldau-Ebene1.4 Iasi1.5 Gastronomie Komplexe Geschichte und wechselnde Grenzen Diese Region Rum\u00e4niens erstreckt sich im Nordosten des Landes und grenzt an die Ukraine und Moldawien. Da es heute ein Land mit demselben Namen &hellip;<\/p>\n<p class=\"read-more\"> <a class=\"\" href=\"https:\/\/roadtoromania.com\/de\/denkmaeler-der-rumaenien-was-zu-sehen-in-rumaenien\/moldawien-rumaenien\/\"> <span class=\"screen-reader-text\">Moldawien Rum\u00e4nisch<\/span> Read More \u00bb<\/a><\/p>\n","protected":false},"author":1,"featured_media":1531,"parent":3015,"menu_order":0,"comment_status":"open","ping_status":"open","template":"","meta":{"site-sidebar-layout":"default","site-content-layout":"default","ast-global-header-display":"","ast-main-header-display":"","ast-hfb-above-header-display":"","ast-hfb-below-header-display":"","ast-hfb-mobile-header-display":"","site-post-title":"","ast-breadcrumbs-content":"","ast-featured-img":"","footer-sml-layout":"","theme-transparent-header-meta":"default","adv-header-id-meta":"","stick-header-meta":"","header-above-stick-meta":"","header-main-stick-meta":"","header-below-stick-meta":"","footnotes":""},"class_list":["post-3013","page","type-page","status-publish","has-post-thumbnail","hentry"],"yoast_head":"<!-- This site is optimized with the Yoast SEO plugin v19.10 - https:\/\/yoast.com\/wordpress\/plugins\/seo\/ -->\n<title>Moldawien Rum\u00e4nisch - Road to Romania<\/title>\n<meta name=\"robots\" content=\"index, follow, max-snippet:-1, max-image-preview:large, max-video-preview:-1\" \/>\n<link rel=\"canonical\" href=\"https:\/\/roadtoromania.com\/de\/denkmaeler-der-rumaenien-was-zu-sehen-in-rumaenien\/moldawien-rumaenien\/\" \/>\n<meta property=\"og:locale\" content=\"de_DE\" \/>\n<meta property=\"og:type\" content=\"article\" \/>\n<meta property=\"og:title\" content=\"Moldawien Rum\u00e4nisch - Road to Romania\" \/>\n<meta property=\"og:description\" content=\"Blick auf den Bicaz-See vom Berg Ceahlau aus. Contents1 Komplexe Geschichte und wechselnde Grenzen1.1 Die moldawischen Karpaten1.2 Die Kl\u00f6ster der Republik Moldau1.3 Die Moldau-Ebene1.4 Iasi1.5 Gastronomie Komplexe Geschichte und wechselnde Grenzen Diese Region Rum\u00e4niens erstreckt sich im Nordosten des Landes und grenzt an die Ukraine und Moldawien. Da es heute ein Land mit demselben Namen &hellip; Moldawien Rum\u00e4nisch Read More \u00bb\" \/>\n<meta property=\"og:url\" content=\"https:\/\/roadtoromania.com\/de\/denkmaeler-der-rumaenien-was-zu-sehen-in-rumaenien\/moldawien-rumaenien\/\" \/>\n<meta property=\"og:site_name\" content=\"Road to Romania\" \/>\n<meta property=\"article:modified_time\" content=\"2022-10-16T08:10:28+00:00\" \/>\n<meta property=\"og:image\" content=\"https:\/\/roadtoromania.com\/wp-content\/uploads\/2022\/10\/moldavia-rumania-naturaleza-1.jpg\" \/>\n\t<meta property=\"og:image:width\" content=\"768\" \/>\n\t<meta property=\"og:image:height\" content=\"432\" \/>\n\t<meta property=\"og:image:type\" content=\"image\/jpeg\" \/>\n<meta name=\"twitter:card\" content=\"summary_large_image\" \/>\n<meta name=\"twitter:label1\" content=\"Gesch\u00e4tzte Lesezeit\" \/>\n\t<meta name=\"twitter:data1\" content=\"7\u00a0Minuten\" \/>\n<script type=\"application\/ld+json\" class=\"yoast-schema-graph\">{\"@context\":\"https:\/\/schema.org\",\"@graph\":[{\"@type\":\"WebPage\",\"@id\":\"https:\/\/roadtoromania.com\/de\/denkmaeler-der-rumaenien-was-zu-sehen-in-rumaenien\/moldawien-rumaenien\/\",\"url\":\"https:\/\/roadtoromania.com\/de\/denkmaeler-der-rumaenien-was-zu-sehen-in-rumaenien\/moldawien-rumaenien\/\",\"name\":\"Moldawien Rum\u00e4nisch - Road to Romania\",\"isPartOf\":{\"@id\":\"https:\/\/roadtoromania.com\/de\/#website\"},\"datePublished\":\"2022-10-15T18:40:16+00:00\",\"dateModified\":\"2022-10-16T08:10:28+00:00\",\"breadcrumb\":{\"@id\":\"https:\/\/roadtoromania.com\/de\/denkmaeler-der-rumaenien-was-zu-sehen-in-rumaenien\/moldawien-rumaenien\/#breadcrumb\"},\"inLanguage\":\"de\",\"potentialAction\":[{\"@type\":\"ReadAction\",\"target\":[\"https:\/\/roadtoromania.com\/de\/denkmaeler-der-rumaenien-was-zu-sehen-in-rumaenien\/moldawien-rumaenien\/\"]}]},{\"@type\":\"BreadcrumbList\",\"@id\":\"https:\/\/roadtoromania.com\/de\/denkmaeler-der-rumaenien-was-zu-sehen-in-rumaenien\/moldawien-rumaenien\/#breadcrumb\",\"itemListElement\":[{\"@type\":\"ListItem\",\"position\":1,\"name\":\"Home\",\"item\":\"https:\/\/roadtoromania.com\/de\/\"},{\"@type\":\"ListItem\",\"position\":2,\"name\":\"Denkm\u00e4ler in Rum\u00e4nien &#8211; Was gibt es in Rum\u00e4nien zu sehen\",\"item\":\"https:\/\/roadtoromania.com\/de\/denkmaeler-der-rumaenien-was-zu-sehen-in-rumaenien\/\"},{\"@type\":\"ListItem\",\"position\":3,\"name\":\"Moldawien Rum\u00e4nisch\"}]},{\"@type\":\"WebSite\",\"@id\":\"https:\/\/roadtoromania.com\/de\/#website\",\"url\":\"https:\/\/roadtoromania.com\/de\/\",\"name\":\"Road to Romania\",\"description\":\"Der Blog, in dem Sie alle Informationen finden, die Sie brauchen, um Rum\u00e4nien zu genie\u00dfen.\",\"potentialAction\":[{\"@type\":\"SearchAction\",\"target\":{\"@type\":\"EntryPoint\",\"urlTemplate\":\"https:\/\/roadtoromania.com\/de\/?s={search_term_string}\"},\"query-input\":\"required name=search_term_string\"}],\"inLanguage\":\"de\"}]}<\/script>\n<!-- \/ Yoast SEO plugin. -->","yoast_head_json":{"title":"Moldawien Rum\u00e4nisch - Road to Romania","robots":{"index":"index","follow":"follow","max-snippet":"max-snippet:-1","max-image-preview":"max-image-preview:large","max-video-preview":"max-video-preview:-1"},"canonical":"https:\/\/roadtoromania.com\/de\/denkmaeler-der-rumaenien-was-zu-sehen-in-rumaenien\/moldawien-rumaenien\/","og_locale":"de_DE","og_type":"article","og_title":"Moldawien Rum\u00e4nisch - Road to Romania","og_description":"Blick auf den Bicaz-See vom Berg Ceahlau aus. Contents1 Komplexe Geschichte und wechselnde Grenzen1.1 Die moldawischen Karpaten1.2 Die Kl\u00f6ster der Republik Moldau1.3 Die Moldau-Ebene1.4 Iasi1.5 Gastronomie Komplexe Geschichte und wechselnde Grenzen Diese Region Rum\u00e4niens erstreckt sich im Nordosten des Landes und grenzt an die Ukraine und Moldawien. Da es heute ein Land mit demselben Namen &hellip; Moldawien Rum\u00e4nisch Read More \u00bb","og_url":"https:\/\/roadtoromania.com\/de\/denkmaeler-der-rumaenien-was-zu-sehen-in-rumaenien\/moldawien-rumaenien\/","og_site_name":"Road to Romania","article_modified_time":"2022-10-16T08:10:28+00:00","og_image":[{"width":768,"height":432,"url":"https:\/\/roadtoromania.com\/wp-content\/uploads\/2022\/10\/moldavia-rumania-naturaleza-1.jpg","type":"image\/jpeg"}],"twitter_card":"summary_large_image","twitter_misc":{"Gesch\u00e4tzte Lesezeit":"7\u00a0Minuten"},"schema":{"@context":"https:\/\/schema.org","@graph":[{"@type":"WebPage","@id":"https:\/\/roadtoromania.com\/de\/denkmaeler-der-rumaenien-was-zu-sehen-in-rumaenien\/moldawien-rumaenien\/","url":"https:\/\/roadtoromania.com\/de\/denkmaeler-der-rumaenien-was-zu-sehen-in-rumaenien\/moldawien-rumaenien\/","name":"Moldawien Rum\u00e4nisch - Road to Romania","isPartOf":{"@id":"https:\/\/roadtoromania.com\/de\/#website"},"datePublished":"2022-10-15T18:40:16+00:00","dateModified":"2022-10-16T08:10:28+00:00","breadcrumb":{"@id":"https:\/\/roadtoromania.com\/de\/denkmaeler-der-rumaenien-was-zu-sehen-in-rumaenien\/moldawien-rumaenien\/#breadcrumb"},"inLanguage":"de","potentialAction":[{"@type":"ReadAction","target":["https:\/\/roadtoromania.com\/de\/denkmaeler-der-rumaenien-was-zu-sehen-in-rumaenien\/moldawien-rumaenien\/"]}]},{"@type":"BreadcrumbList","@id":"https:\/\/roadtoromania.com\/de\/denkmaeler-der-rumaenien-was-zu-sehen-in-rumaenien\/moldawien-rumaenien\/#breadcrumb","itemListElement":[{"@type":"ListItem","position":1,"name":"Home","item":"https:\/\/roadtoromania.com\/de\/"},{"@type":"ListItem","position":2,"name":"Denkm\u00e4ler in Rum\u00e4nien &#8211; Was gibt es in Rum\u00e4nien zu sehen","item":"https:\/\/roadtoromania.com\/de\/denkmaeler-der-rumaenien-was-zu-sehen-in-rumaenien\/"},{"@type":"ListItem","position":3,"name":"Moldawien Rum\u00e4nisch"}]},{"@type":"WebSite","@id":"https:\/\/roadtoromania.com\/de\/#website","url":"https:\/\/roadtoromania.com\/de\/","name":"Road to Romania","description":"Der Blog, in dem Sie alle Informationen finden, die Sie brauchen, um Rum\u00e4nien zu genie\u00dfen.","potentialAction":[{"@type":"SearchAction","target":{"@type":"EntryPoint","urlTemplate":"https:\/\/roadtoromania.com\/de\/?s={search_term_string}"},"query-input":"required name=search_term_string"}],"inLanguage":"de"}]}},"_links":{"self":[{"href":"https:\/\/roadtoromania.com\/de\/wp-json\/wp\/v2\/pages\/3013","targetHints":{"allow":["GET"]}}],"collection":[{"href":"https:\/\/roadtoromania.com\/de\/wp-json\/wp\/v2\/pages"}],"about":[{"href":"https:\/\/roadtoromania.com\/de\/wp-json\/wp\/v2\/types\/page"}],"author":[{"embeddable":true,"href":"https:\/\/roadtoromania.com\/de\/wp-json\/wp\/v2\/users\/1"}],"replies":[{"embeddable":true,"href":"https:\/\/roadtoromania.com\/de\/wp-json\/wp\/v2\/comments?post=3013"}],"version-history":[{"count":2,"href":"https:\/\/roadtoromania.com\/de\/wp-json\/wp\/v2\/pages\/3013\/revisions"}],"predecessor-version":[{"id":3095,"href":"https:\/\/roadtoromania.com\/de\/wp-json\/wp\/v2\/pages\/3013\/revisions\/3095"}],"up":[{"embeddable":true,"href":"https:\/\/roadtoromania.com\/de\/wp-json\/wp\/v2\/pages\/3015"}],"wp:featuredmedia":[{"embeddable":true,"href":"https:\/\/roadtoromania.com\/de\/wp-json\/wp\/v2\/media\/1531"}],"wp:attachment":[{"href":"https:\/\/roadtoromania.com\/de\/wp-json\/wp\/v2\/media?parent=3013"}],"curies":[{"name":"wp","href":"https:\/\/api.w.org\/{rel}","templated":true}]}}