{"id":3015,"date":"2022-10-15T18:40:16","date_gmt":"2022-10-15T18:40:16","guid":{"rendered":"https:\/\/roadtoromania.com\/denkmaeler-der-rumaenien-was-zu-sehen-in-rumaenien\/"},"modified":"2022-10-15T22:16:56","modified_gmt":"2022-10-15T22:16:56","slug":"denkmaeler-der-rumaenien-was-zu-sehen-in-rumaenien","status":"publish","type":"page","link":"https:\/\/roadtoromania.com\/de\/denkmaeler-der-rumaenien-was-zu-sehen-in-rumaenien\/","title":{"rendered":"Denkm\u00e4ler in Rum\u00e4nien &#8211; Was gibt es in Rum\u00e4nien zu sehen"},"content":{"rendered":"<p><a href=\"https:\/\/roadtoromania.com\/wp-content\/uploads\/2022\/10\/rumania-bucarest-monumentos.jpg\"><img decoding=\"async\" src=\"https:\/\/roadtoromania.com\/wp-content\/uploads\/2022\/10\/rumania-bucarest-monumentos.jpg\" \/><\/a> Das Bukarester Athenaeum, eines der sch\u00f6nsten Geb\u00e4ude der rum\u00e4nischen Hauptstadt. Foto von Chodaboy<\/p>\n<p>.<br \/>\nDie Hauptstadt Rum\u00e4niens, <strong><a href=\"https:\/\/roadtoromania.com\/de\/staedte-und-regionen-rumaeniens\/bucharest\/\">Bukarest<\/a> <\/strong> , verf\u00fcgt \u00fcber ein au\u00dferordentlich reiches Kulturerbe und Denkm\u00e4ler. Das ist der Fall beim <strong>Parlamentspalast<\/strong> , der den Besucher mit seinen kolossalen Ausma\u00dfen \u00fcberrascht (er hat 12 Stockwerke und 1100 R\u00e4ume); er ist eines jener Bauwerke, die Ceausescu als Kult seiner Pers\u00f6nlichkeit errichten lie\u00df.<\/p>\n<p>\nDoch neben dem kommunistischen Erbe gibt es in Bukarest noch viele sehenswerte Denkm\u00e4ler aus der Vergangenheit, wie zum Beispiel im <strong>Lipscani-Viertel<\/strong> , dem alten historischen Zentrum von Bukarest: Geb\u00e4ude verschiedener architektonischer Stile: vom Barock bis zum Neoklassizismus oder Jugendstil. Zum Beispiel <strong>der<\/strong> <strong>Alte F\u00fcrstenhof oder die Nationalbank von Rum\u00e4nien<\/strong> .<\/p>\n<p>\nWas die Museen angeht, sollten Sie sich das <strong>Nationale Kunstmuseum von Bukarest<\/strong> nicht entgehen lassen. Und vergessen Sie nicht, dass Bukarest eine der St\u00e4dte mit den meisten Kirchen pro Einwohner in der Welt ist: <strong>die<a href=\"https:\/\/roadtoromania.com\/de\/staedte-und-regionen-rumaeniens\/bucharest\/kirche-stavropoleos\/\"> Stavropoleos-Kirche<\/a> <\/strong> (Biserica Stavropoleos) besticht durch ihre gro\u00dfe Sch\u00f6nheit oder <strong>die Kretzulescu-Kirche<\/strong> , orthodoxe Kirche am <a href=\"https:\/\/roadtoromania.com\/de\/staedte-und-regionen-rumaeniens\/bucharest\/platz-der-revolution\/\"> <strong>Revolutionsplatz<\/strong><\/a> , in der N\u00e4he von anderen historischen Geb\u00e4uden. Ein weiteres ber\u00fchmtes Bauwerk in Bukarest ist das <strong><a href=\"https:\/\/roadtoromania.com\/de\/staedte-und-regionen-rumaeniens\/bucharest\/athenaeum-rumaenisch\/\">Rum\u00e4nische Athen\u00e4um<\/a> <\/strong> , das einem antiken Tempel \u00e4hnelt. Es verf\u00fcgt \u00fcber eine au\u00dfergew\u00f6hnliche Akustik und ist die Heimat der Rum\u00e4nischen Philharmonie George Enescu <\/p>\n<p>.<\/p>\n<p>\nNicht weit von Bukarest entfernt und f\u00fcr einen Tagesausflug geeignet sind das <a href=\"https:\/\/roadtoromania.com\/de\/denkmaeler-der-rumaenien-was-zu-sehen-in-rumaenien\/kloster-von-snagow-und-das-grab-von-vlad-tepes\/\"><\/strong> Snagov-Kloster<\/strong><\/a> (in dem Vlad Tepes, auch bekannt als Dracula, gestorben und begraben sein soll) und der <a href=\"https:\/\/roadtoromania.com\/de\/staedte-und-regionen-rumaeniens\/bucharest\/palast-mogosoaia\/\"> <strong>Mogo\u015foaia-Palast<\/strong><\/a> .<\/p>\n<p><a href=\"https:\/\/roadtoromania.com\/wp-content\/uploads\/2022\/10\/rumania-brasov-monumentos.jpg\"><img decoding=\"async\" src=\"https:\/\/roadtoromania.com\/wp-content\/uploads\/2022\/10\/rumania-brasov-monumentos.jpg\" \/><\/a> Brasov ist eine der sch\u00f6nsten St\u00e4dte in Rum\u00e4nien. Sie liegt in der ber\u00fchmten Region Transsylvanien.Foto von Chodaboy.<\/p>\n<p>\n <strong><a href=\"https:\/\/roadtoromania.com\/de\/staedte-und-regionen-rumaeniens\/brasov\/\">Brasov<\/a> <\/strong> ist eine der sch\u00f6nsten St\u00e4dte Rum\u00e4niens und eine der am meisten von Touristen besuchten St\u00e4dte jedes Jahr, wegen des historischen Interesses ihrer Denkm\u00e4ler, die von der Gotik \u00fcber den Barock bis zur Renaissance reichen. Beginnen Sie Ihren Besuch auf dem <strong>Rathausplatz<\/strong> (Piata Sfatului) mit seinen sch\u00f6nen Barockgeb\u00e4uden, dem alten Rathaus (Casa Sfatului) in der Mitte des Platzes, dem Renaissance-Kaufmannshaus, der orthodoxen Kathedrale und dem Mureseanu-Familien-Gedenkmuseum. Zu den bedeutendsten Bauwerken der Stadt geh\u00f6rt die Schwarze Kirche <strong>(Biserica Neagra), die gr\u00f6\u00dfte gotische Kirche Rum\u00e4niens.<\/p>\n<p>\nIn der Stadt Brasov sollten Sie sich die Festungsanlagen nicht entgehen lassen, wie <strong>die Weberbastei<\/strong> , die gr\u00f6\u00dfte und am besten erhaltene mittelalterliche Bastion in Brasov; <strong>die Schwarzen und Wei\u00dfen T\u00fcrme<\/strong> aus dem 15. Bemerkenswert sind auch die Tore dieser Befestigungen: <strong>das Schei-Tor<\/strong> (Poarta Schei) und <strong>das Katharinentor<\/strong> . Und schlie\u00dflich <strong>die Festung Brasov<\/strong> (Celate), die auf einem H\u00fcgel \u00fcber der Stadt liegt und einen sch\u00f6nen Blick auf Brasov bietet <\/p>\n<p>.<\/p>\n<p>Zu den sehenswerten Attraktionen in der N\u00e4he von Brasov geh\u00f6rt das <strong><a href=\"https:\/\/roadtoromania.com\/de\/natur-rumaenien\/ski-station-poiana-brasov\/\"> Poiana Brasov Ski Resort<\/a> <\/strong> , das 12 Kilometer von Brasov entfernt liegt und einige der besten Skigebiete in Rum\u00e4nien bietet. Und nat\u00fcrlich <strong><a href=\"https:\/\/roadtoromania.com\/de\/denkmaeler-der-rumaenien-was-zu-sehen-in-rumaenien\/schloss-von-bran-das-schloss-der-dracula\/\"> Bram Stoker$0027s Dracula$0027s Castle<\/a> <\/strong> , ein gut erhaltenes mittelalterliches Herrenhaus 25 km von Brasov entfernt, im Dorf Bran. Es ist einer der meistbesuchten Orte in <strong><a href=\"https:\/\/roadtoromania.com\/de\/staedte-und-regionen-rumaeniens\/transsilvanien\/\">Transsylvanien<\/a> <\/strong> , da viele Touristen, fasziniert von dem Mythos, der Route des Grafen Dracula folgen.<\/p>\n<\/p>\n<p><img decoding=\"async\" src=\"https:\/\/roadtoromania.com\/wp-content\/uploads\/2022\/10\/rumania-constanza-monumentos.jpg\" \/><img decoding=\"async\" src=\"data:image\/gif;base64,R0lGODdhAQABAPAAAMPDwwAAACwAAAAAAQABAAACAkQBADs=\" \/><\/a> Das ber\u00fchmte Casino von Constanta, ein Jugendstilgeb\u00e4ude. Foto von Chodaboy.<\/p>\n<p>\n <strong><a href=\"https:\/\/roadtoromania.com\/de\/staedte-und-regionen-rumaeniens\/constanza\/\">Constanta<\/a> <\/strong> , eine Stadt am Schwarzen Meer, hat ein reiches Erbe, darunter r\u00f6mische \u00dcberreste, den alten <strong>Genueser Leuchtturm<\/strong> , aber vor allem <strong>das ber\u00fchmte Casino von Constanta<\/strong> , eines der wichtigsten Geb\u00e4ude in Constanta. Obwohl es geschlossen ist, kann man den Glanz des Geb\u00e4udes noch immer in diesem sch\u00f6nen Jugendstildenkmal bewundern <\/p>\n<p>.<\/p>\n<p>\nEs liegt am Ende einer sch\u00f6nen Promenade, die sowohl bei den Einwohnern von Costanza als auch bei Touristen beliebt ist. Auf der anderen Seite k\u00f6nnen wir auch mehrere Museen in dieser Stadt, wie das Museum f\u00fcr Nationalgeschichte und Arch\u00e4ologie oder <strong>das Museum der Marine<\/strong> besuchen.<\/p>\n<p>\nWer Geschichte und Denkm\u00e4ler liebt, wird auf einer<\/strong> <a href=\"https:\/\/roadtoromania.com\/de\/denkmaeler-der-rumaenien-was-zu-sehen-in-rumaenien\/schloesser-rumaenien\/\"><\/strong><\/a> Route durch die Burgen Rum\u00e4niens die mittelalterliche Vergangenheit des Landes und den Kampf an der Grenze gegen die Angriffe der Tataren und Osmanen kennen lernen.<\/p>\n<\/p>\n<p>\nWer Einzigartiges zu sch\u00e4tzen wei\u00df, sollte sich das <a href=\"https:\/\/roadtoromania.com\/de\/salina-de-turda\/\"> <strong>Salzbergwerk Turda<\/strong><\/a> s\u00fcdlich von Klausenburg nicht entgehen lassen, denn es ist anders als alle Bergwerke, die wir bisher besucht haben.<\/p>\n<\/p>\n<p>\nVideo \u00fcber die bedeutendsten Denkm\u00e4ler in Rum\u00e4nien:<\/p>\n<\/p>\n<p>\u00a0<\/p>\n","protected":false},"excerpt":{"rendered":"<p>Das Bukarester Athenaeum, eines der sch\u00f6nsten Geb\u00e4ude der rum\u00e4nischen Hauptstadt. Foto von Chodaboy . Die Hauptstadt Rum\u00e4niens, Bukarest , verf\u00fcgt \u00fcber ein au\u00dferordentlich reiches Kulturerbe und Denkm\u00e4ler. Das ist der Fall beim Parlamentspalast , der den Besucher mit seinen kolossalen Ausma\u00dfen \u00fcberrascht (er hat 12 Stockwerke und 1100 R\u00e4ume); er ist eines jener Bauwerke, die &hellip;<\/p>\n<p class=\"read-more\"> <a class=\"\" href=\"https:\/\/roadtoromania.com\/de\/denkmaeler-der-rumaenien-was-zu-sehen-in-rumaenien\/\"> <span class=\"screen-reader-text\">Denkm\u00e4ler in Rum\u00e4nien &#8211; Was gibt es in Rum\u00e4nien zu sehen<\/span> Read More \u00bb<\/a><\/p>\n","protected":false},"author":1,"featured_media":1545,"parent":0,"menu_order":0,"comment_status":"open","ping_status":"closed","template":"","meta":{"site-sidebar-layout":"default","site-content-layout":"default","ast-global-header-display":"","ast-main-header-display":"","ast-hfb-above-header-display":"","ast-hfb-below-header-display":"","ast-hfb-mobile-header-display":"","site-post-title":"","ast-breadcrumbs-content":"","ast-featured-img":"","footer-sml-layout":"","theme-transparent-header-meta":"","adv-header-id-meta":"","stick-header-meta":"","header-above-stick-meta":"","header-main-stick-meta":"","header-below-stick-meta":"","footnotes":""},"class_list":["post-3015","page","type-page","status-publish","has-post-thumbnail","hentry"],"yoast_head":"<!-- This site is optimized with the Yoast SEO plugin v19.10 - https:\/\/yoast.com\/wordpress\/plugins\/seo\/ -->\n<title>Denkm\u00e4ler in Rum\u00e4nien - Was gibt es in Rum\u00e4nien zu sehen - Road to Romania<\/title>\n<meta name=\"robots\" content=\"index, follow, max-snippet:-1, max-image-preview:large, max-video-preview:-1\" \/>\n<link rel=\"canonical\" href=\"https:\/\/roadtoromania.com\/de\/denkmaeler-der-rumaenien-was-zu-sehen-in-rumaenien\/\" \/>\n<meta property=\"og:locale\" content=\"de_DE\" \/>\n<meta property=\"og:type\" content=\"article\" \/>\n<meta property=\"og:title\" content=\"Denkm\u00e4ler in Rum\u00e4nien - Was gibt es in Rum\u00e4nien zu sehen - Road to Romania\" \/>\n<meta property=\"og:description\" content=\"Das Bukarester Athenaeum, eines der sch\u00f6nsten Geb\u00e4ude der rum\u00e4nischen Hauptstadt. Foto von Chodaboy . Die Hauptstadt Rum\u00e4niens, Bukarest , verf\u00fcgt \u00fcber ein au\u00dferordentlich reiches Kulturerbe und Denkm\u00e4ler. Das ist der Fall beim Parlamentspalast , der den Besucher mit seinen kolossalen Ausma\u00dfen \u00fcberrascht (er hat 12 Stockwerke und 1100 R\u00e4ume); er ist eines jener Bauwerke, die &hellip; Denkm\u00e4ler in Rum\u00e4nien &#8211; Was gibt es in Rum\u00e4nien zu sehen Read More \u00bb\" \/>\n<meta property=\"og:url\" content=\"https:\/\/roadtoromania.com\/de\/denkmaeler-der-rumaenien-was-zu-sehen-in-rumaenien\/\" \/>\n<meta property=\"og:site_name\" content=\"Road to Romania\" \/>\n<meta property=\"article:modified_time\" content=\"2022-10-15T22:16:56+00:00\" \/>\n<meta property=\"og:image\" content=\"https:\/\/roadtoromania.com\/wp-content\/uploads\/2022\/10\/rumania-bucarest-monumentos-1.jpg\" \/>\n\t<meta property=\"og:image:width\" content=\"640\" \/>\n\t<meta property=\"og:image:height\" content=\"478\" \/>\n\t<meta property=\"og:image:type\" content=\"image\/jpeg\" \/>\n<meta name=\"twitter:card\" content=\"summary_large_image\" \/>\n<meta name=\"twitter:label1\" content=\"Gesch\u00e4tzte Lesezeit\" \/>\n\t<meta name=\"twitter:data1\" content=\"3\u00a0Minuten\" \/>\n<script type=\"application\/ld+json\" class=\"yoast-schema-graph\">{\"@context\":\"https:\/\/schema.org\",\"@graph\":[{\"@type\":\"WebPage\",\"@id\":\"https:\/\/roadtoromania.com\/de\/denkmaeler-der-rumaenien-was-zu-sehen-in-rumaenien\/\",\"url\":\"https:\/\/roadtoromania.com\/de\/denkmaeler-der-rumaenien-was-zu-sehen-in-rumaenien\/\",\"name\":\"Denkm\u00e4ler in Rum\u00e4nien - Was gibt es in Rum\u00e4nien zu sehen - Road to Romania\",\"isPartOf\":{\"@id\":\"https:\/\/roadtoromania.com\/de\/#website\"},\"datePublished\":\"2022-10-15T18:40:16+00:00\",\"dateModified\":\"2022-10-15T22:16:56+00:00\",\"breadcrumb\":{\"@id\":\"https:\/\/roadtoromania.com\/de\/denkmaeler-der-rumaenien-was-zu-sehen-in-rumaenien\/#breadcrumb\"},\"inLanguage\":\"de\",\"potentialAction\":[{\"@type\":\"ReadAction\",\"target\":[\"https:\/\/roadtoromania.com\/de\/denkmaeler-der-rumaenien-was-zu-sehen-in-rumaenien\/\"]}]},{\"@type\":\"BreadcrumbList\",\"@id\":\"https:\/\/roadtoromania.com\/de\/denkmaeler-der-rumaenien-was-zu-sehen-in-rumaenien\/#breadcrumb\",\"itemListElement\":[{\"@type\":\"ListItem\",\"position\":1,\"name\":\"Home\",\"item\":\"https:\/\/roadtoromania.com\/de\/\"},{\"@type\":\"ListItem\",\"position\":2,\"name\":\"Denkm\u00e4ler in Rum\u00e4nien &#8211; Was gibt es in Rum\u00e4nien zu sehen\"}]},{\"@type\":\"WebSite\",\"@id\":\"https:\/\/roadtoromania.com\/de\/#website\",\"url\":\"https:\/\/roadtoromania.com\/de\/\",\"name\":\"Road to Romania\",\"description\":\"Der Blog, in dem Sie alle Informationen finden, die Sie brauchen, um Rum\u00e4nien zu genie\u00dfen.\",\"potentialAction\":[{\"@type\":\"SearchAction\",\"target\":{\"@type\":\"EntryPoint\",\"urlTemplate\":\"https:\/\/roadtoromania.com\/de\/?s={search_term_string}\"},\"query-input\":\"required name=search_term_string\"}],\"inLanguage\":\"de\"}]}<\/script>\n<!-- \/ Yoast SEO plugin. -->","yoast_head_json":{"title":"Denkm\u00e4ler in Rum\u00e4nien - Was gibt es in Rum\u00e4nien zu sehen - Road to Romania","robots":{"index":"index","follow":"follow","max-snippet":"max-snippet:-1","max-image-preview":"max-image-preview:large","max-video-preview":"max-video-preview:-1"},"canonical":"https:\/\/roadtoromania.com\/de\/denkmaeler-der-rumaenien-was-zu-sehen-in-rumaenien\/","og_locale":"de_DE","og_type":"article","og_title":"Denkm\u00e4ler in Rum\u00e4nien - Was gibt es in Rum\u00e4nien zu sehen - Road to Romania","og_description":"Das Bukarester Athenaeum, eines der sch\u00f6nsten Geb\u00e4ude der rum\u00e4nischen Hauptstadt. Foto von Chodaboy . Die Hauptstadt Rum\u00e4niens, Bukarest , verf\u00fcgt \u00fcber ein au\u00dferordentlich reiches Kulturerbe und Denkm\u00e4ler. Das ist der Fall beim Parlamentspalast , der den Besucher mit seinen kolossalen Ausma\u00dfen \u00fcberrascht (er hat 12 Stockwerke und 1100 R\u00e4ume); er ist eines jener Bauwerke, die &hellip; Denkm\u00e4ler in Rum\u00e4nien &#8211; Was gibt es in Rum\u00e4nien zu sehen Read More \u00bb","og_url":"https:\/\/roadtoromania.com\/de\/denkmaeler-der-rumaenien-was-zu-sehen-in-rumaenien\/","og_site_name":"Road to Romania","article_modified_time":"2022-10-15T22:16:56+00:00","og_image":[{"width":640,"height":478,"url":"https:\/\/roadtoromania.com\/wp-content\/uploads\/2022\/10\/rumania-bucarest-monumentos-1.jpg","type":"image\/jpeg"}],"twitter_card":"summary_large_image","twitter_misc":{"Gesch\u00e4tzte Lesezeit":"3\u00a0Minuten"},"schema":{"@context":"https:\/\/schema.org","@graph":[{"@type":"WebPage","@id":"https:\/\/roadtoromania.com\/de\/denkmaeler-der-rumaenien-was-zu-sehen-in-rumaenien\/","url":"https:\/\/roadtoromania.com\/de\/denkmaeler-der-rumaenien-was-zu-sehen-in-rumaenien\/","name":"Denkm\u00e4ler in Rum\u00e4nien - Was gibt es in Rum\u00e4nien zu sehen - Road to Romania","isPartOf":{"@id":"https:\/\/roadtoromania.com\/de\/#website"},"datePublished":"2022-10-15T18:40:16+00:00","dateModified":"2022-10-15T22:16:56+00:00","breadcrumb":{"@id":"https:\/\/roadtoromania.com\/de\/denkmaeler-der-rumaenien-was-zu-sehen-in-rumaenien\/#breadcrumb"},"inLanguage":"de","potentialAction":[{"@type":"ReadAction","target":["https:\/\/roadtoromania.com\/de\/denkmaeler-der-rumaenien-was-zu-sehen-in-rumaenien\/"]}]},{"@type":"BreadcrumbList","@id":"https:\/\/roadtoromania.com\/de\/denkmaeler-der-rumaenien-was-zu-sehen-in-rumaenien\/#breadcrumb","itemListElement":[{"@type":"ListItem","position":1,"name":"Home","item":"https:\/\/roadtoromania.com\/de\/"},{"@type":"ListItem","position":2,"name":"Denkm\u00e4ler in Rum\u00e4nien &#8211; Was gibt es in Rum\u00e4nien zu sehen"}]},{"@type":"WebSite","@id":"https:\/\/roadtoromania.com\/de\/#website","url":"https:\/\/roadtoromania.com\/de\/","name":"Road to Romania","description":"Der Blog, in dem Sie alle Informationen finden, die Sie brauchen, um Rum\u00e4nien zu genie\u00dfen.","potentialAction":[{"@type":"SearchAction","target":{"@type":"EntryPoint","urlTemplate":"https:\/\/roadtoromania.com\/de\/?s={search_term_string}"},"query-input":"required name=search_term_string"}],"inLanguage":"de"}]}},"_links":{"self":[{"href":"https:\/\/roadtoromania.com\/de\/wp-json\/wp\/v2\/pages\/3015","targetHints":{"allow":["GET"]}}],"collection":[{"href":"https:\/\/roadtoromania.com\/de\/wp-json\/wp\/v2\/pages"}],"about":[{"href":"https:\/\/roadtoromania.com\/de\/wp-json\/wp\/v2\/types\/page"}],"author":[{"embeddable":true,"href":"https:\/\/roadtoromania.com\/de\/wp-json\/wp\/v2\/users\/1"}],"replies":[{"embeddable":true,"href":"https:\/\/roadtoromania.com\/de\/wp-json\/wp\/v2\/comments?post=3015"}],"version-history":[{"count":1,"href":"https:\/\/roadtoromania.com\/de\/wp-json\/wp\/v2\/pages\/3015\/revisions"}],"predecessor-version":[{"id":3016,"href":"https:\/\/roadtoromania.com\/de\/wp-json\/wp\/v2\/pages\/3015\/revisions\/3016"}],"wp:featuredmedia":[{"embeddable":true,"href":"https:\/\/roadtoromania.com\/de\/wp-json\/wp\/v2\/media\/1545"}],"wp:attachment":[{"href":"https:\/\/roadtoromania.com\/de\/wp-json\/wp\/v2\/media?parent=3015"}],"curies":[{"name":"wp","href":"https:\/\/api.w.org\/{rel}","templated":true}]}}