{"id":3021,"date":"2022-10-15T18:40:16","date_gmt":"2022-10-15T18:40:16","guid":{"rendered":"https:\/\/roadtoromania.com\/schloss-von-bran-das-schloss-der-dracula\/"},"modified":"2022-10-15T22:16:57","modified_gmt":"2022-10-15T22:16:57","slug":"schloss-von-bran-das-schloss-der-dracula","status":"publish","type":"page","link":"https:\/\/roadtoromania.com\/de\/denkmaeler-der-rumaenien-was-zu-sehen-in-rumaenien\/schloss-von-bran-das-schloss-der-dracula\/","title":{"rendered":"Schloss Bran &#8211; Draculas Schloss"},"content":{"rendered":"<h2> <strong>Bram Stoker$0027s Dracula$0027s Castle<\/strong> <\/h2>\n<p>\nDies ist ein gut erhaltenes mittelalterliches <strong>Herrenhaus<\/strong> , das <strong>25 Kilometer nord\u00f6stlich von <a href=\"https:\/\/roadtoromania.com\/de\/staedte-und-regionen-rumaeniens\/brasov\/\">Brasov<\/a> <\/strong> , in Bran liegt. Umgeben von der geheimnisvollen Aura der Legende um Bram Stokers <strong>Dracula-Mythos<\/strong> ist dieses imposante Herrenhaus ein Muss f\u00fcr alle, die dem <strong>Dracula Trail durch <a href=\"https:\/\/roadtoromania.com\/de\/staedte-und-regionen-rumaeniens\/transsilvanien\/\"> Transsylvanien<\/a> <\/strong> folgen. Erbaut <strong>auf einem 200 Meter hohen Felsen<\/strong> , beeindruckt Draculas Schloss mit seinen T\u00fcrmen und T\u00fcrmchen. Sie wurde an der Stelle einer Festung aus der Zeit des Deutschen Ordens im Jahr 1212 erbaut und wird erstmals in einer Urkunde Ludwigs I. von Ungarn aus dem Jahr 1377 erw\u00e4hnt, in der den Sachsen von Kronstadt (Brasov) das Privileg zum Bau der Zitadelle erteilt wird <\/p>\n<p>.<br \/>\n<img decoding=\"async\" src=\"https:\/\/roadtoromania.com\/wp-content\/uploads\/2022\/10\/transilvania-dracula-rumania.jpg\" \/>Das beeindruckende Dracula-Schloss in Bran, ein Muss f\u00fcr alle, die auf der Route des ber\u00fchmten Grafen unterwegs sind.<\/p>\n<p>\nObwohl Stoker keine Ahnung von Transsylvanien hatte, st\u00fctzte sich der irische Schriftsteller auf Recherchen und seine Fantasie, um das Haus der Figur des Grafen Dracula zu erschaffen, das diesem Herrenhaus sehr \u00e4hnlich ist. Das Schloss beherbergt etwa <strong>60 R\u00e4ume, die \u00fcber enge, gewundene Treppen<\/strong> erreichbar sind, und viele dieser R\u00e4ume sind durch unterirdische G\u00e4nge verbunden, in denen Sammlungen von M\u00f6beln, Waffen und R\u00fcstungen aus dem 14. bis 19.<br \/>\n<img decoding=\"async\" src=\"https:\/\/roadtoromania.com\/wp-content\/uploads\/2022\/10\/interior_castillo_dracula.jpg\" \/>Innenhof von Schloss Bran (Siebenb\u00fcrgen)<\/p>\n<p>\nVon 1920 bis 1957 diente Bran als <strong>k\u00f6nigliche Residenz<\/strong> , ein Geschenk des Kronst\u00e4dter Volkes an K\u00f6nigin Maria von Rum\u00e4nien. Heute ist es ein <strong>Museum, in dem Touristen<\/strong> die M\u00f6bel und Kunstwerke bewundern k\u00f6nnen, die die K\u00f6nigin umgaben. Draculas Schloss mit Blick auf das malerische Dorf Bran, ein Besuch lohnt sich<\/p>\n<p>\nWie wir die historische Figur Vlad Dracul kommentierten, hat &#8220;Vlad der Pf\u00e4hler&#8221; nie in der Burg gelebt (obwohl es scheint, dass er ein Gefangener in seinen Zellen gewesen sein k\u00f6nnte), aber der Erfolg des Romans von Bram Stoker hat ihm viel Verdienst eingebracht, und er ist jetzt auf allen touristischen Routen des Landes, und nat\u00fcrlich die von Transsylvanien und Dracula selbst.<\/p>\n<p><img decoding=\"async\" src=\"https:\/\/roadtoromania.com\/wp-content\/uploads\/2022\/10\/castillo_bran_rumania.jpg\" \/>Schloss Bran und der Mythos von Dracula, zwei siebenb\u00fcrgische Attraktionen.<\/p>\n<p>\nNach der R\u00fcckgabe des Schlosses an die Erben (man erinnere sich, dass es vom kommunistischen Regime enteignet worden war) wurde erfolglos versucht, es zu verkaufen <\/p>\n<p>.<br \/>\n Ausfl\u00fcge zum Schloss Bran und anderen Orten in Siebenb\u00fcrgen<\/strong> <\/h3>\n<p>\n<a href=\"https:\/\/roadtoromania.com\/de\/denkmaeler-der-rumaenien-was-zu-sehen-in-rumaenien\/schloss-von-bran-das-schloss-der-dracula\/\">Karte und Plan von Bran und dem Schloss von Vlad Tepes (Dracula)<\/a> .<br \/&#038;><br \/>\nRum\u00e4nien bietet die M\u00f6glichkeit, <a href=\"https:\/\/roadtoromania.com\/de\/unterkunft-in-rumaenien\/\">ein Zimmer in Hotels<\/a> zu buchen und <a href=\"https:\/\/roadtoromania.com\/de\/autovermietung-in-rumaenien\/\">ein Auto in der N\u00e4he von Bran<\/a> zu mieten.<\/p>\n","protected":false},"excerpt":{"rendered":"<p>Bram Stoker$0027s Dracula$0027s Castle Dies ist ein gut erhaltenes mittelalterliches Herrenhaus , das 25 Kilometer nord\u00f6stlich von Brasov , in Bran liegt. Umgeben von der geheimnisvollen Aura der Legende um Bram Stokers Dracula-Mythos ist dieses imposante Herrenhaus ein Muss f\u00fcr alle, die dem Dracula Trail durch Transsylvanien folgen. Erbaut auf einem 200 Meter hohen Felsen &hellip;<\/p>\n<p class=\"read-more\"> <a class=\"\" href=\"https:\/\/roadtoromania.com\/de\/denkmaeler-der-rumaenien-was-zu-sehen-in-rumaenien\/schloss-von-bran-das-schloss-der-dracula\/\"> <span class=\"screen-reader-text\">Schloss Bran &#8211; Draculas Schloss<\/span> Read More \u00bb<\/a><\/p>\n","protected":false},"author":1,"featured_media":1581,"parent":3015,"menu_order":0,"comment_status":"open","ping_status":"open","template":"","meta":{"site-sidebar-layout":"default","site-content-layout":"default","ast-global-header-display":"","ast-main-header-display":"","ast-hfb-above-header-display":"","ast-hfb-below-header-display":"","ast-hfb-mobile-header-display":"","site-post-title":"","ast-breadcrumbs-content":"","ast-featured-img":"","footer-sml-layout":"","theme-transparent-header-meta":"","adv-header-id-meta":"","stick-header-meta":"","header-above-stick-meta":"","header-main-stick-meta":"","header-below-stick-meta":"","footnotes":""},"class_list":["post-3021","page","type-page","status-publish","has-post-thumbnail","hentry"],"yoast_head":"<!-- This site is optimized with the Yoast SEO plugin v19.10 - https:\/\/yoast.com\/wordpress\/plugins\/seo\/ -->\n<title>Schloss Bran - Draculas Schloss - Road to Romania<\/title>\n<meta name=\"robots\" content=\"index, follow, max-snippet:-1, max-image-preview:large, max-video-preview:-1\" \/>\n<link rel=\"canonical\" href=\"https:\/\/roadtoromania.com\/de\/denkmaeler-der-rumaenien-was-zu-sehen-in-rumaenien\/schloss-von-bran-das-schloss-der-dracula\/\" \/>\n<meta property=\"og:locale\" content=\"de_DE\" \/>\n<meta property=\"og:type\" content=\"article\" \/>\n<meta property=\"og:title\" content=\"Schloss Bran - Draculas Schloss - Road to Romania\" \/>\n<meta property=\"og:description\" content=\"Bram Stoker$0027s Dracula$0027s Castle Dies ist ein gut erhaltenes mittelalterliches Herrenhaus , das 25 Kilometer nord\u00f6stlich von Brasov , in Bran liegt. Umgeben von der geheimnisvollen Aura der Legende um Bram Stokers Dracula-Mythos ist dieses imposante Herrenhaus ein Muss f\u00fcr alle, die dem Dracula Trail durch Transsylvanien folgen. Erbaut auf einem 200 Meter hohen Felsen &hellip; Schloss Bran &#8211; Draculas Schloss Read More \u00bb\" \/>\n<meta property=\"og:url\" content=\"https:\/\/roadtoromania.com\/de\/denkmaeler-der-rumaenien-was-zu-sehen-in-rumaenien\/schloss-von-bran-das-schloss-der-dracula\/\" \/>\n<meta property=\"og:site_name\" content=\"Road to Romania\" \/>\n<meta property=\"article:modified_time\" content=\"2022-10-15T22:16:57+00:00\" \/>\n<meta property=\"og:image\" content=\"https:\/\/roadtoromania.com\/wp-content\/uploads\/2022\/10\/transilvania-dracula-rumania-1.jpg\" \/>\n\t<meta property=\"og:image:width\" content=\"768\" \/>\n\t<meta property=\"og:image:height\" content=\"576\" \/>\n\t<meta property=\"og:image:type\" content=\"image\/jpeg\" \/>\n<meta name=\"twitter:card\" content=\"summary_large_image\" \/>\n<meta name=\"twitter:label1\" content=\"Gesch\u00e4tzte Lesezeit\" \/>\n\t<meta name=\"twitter:data1\" content=\"2\u00a0Minuten\" \/>\n<script type=\"application\/ld+json\" class=\"yoast-schema-graph\">{\"@context\":\"https:\/\/schema.org\",\"@graph\":[{\"@type\":\"WebPage\",\"@id\":\"https:\/\/roadtoromania.com\/de\/denkmaeler-der-rumaenien-was-zu-sehen-in-rumaenien\/schloss-von-bran-das-schloss-der-dracula\/\",\"url\":\"https:\/\/roadtoromania.com\/de\/denkmaeler-der-rumaenien-was-zu-sehen-in-rumaenien\/schloss-von-bran-das-schloss-der-dracula\/\",\"name\":\"Schloss Bran - Draculas Schloss - Road to Romania\",\"isPartOf\":{\"@id\":\"https:\/\/roadtoromania.com\/de\/#website\"},\"datePublished\":\"2022-10-15T18:40:16+00:00\",\"dateModified\":\"2022-10-15T22:16:57+00:00\",\"breadcrumb\":{\"@id\":\"https:\/\/roadtoromania.com\/de\/denkmaeler-der-rumaenien-was-zu-sehen-in-rumaenien\/schloss-von-bran-das-schloss-der-dracula\/#breadcrumb\"},\"inLanguage\":\"de\",\"potentialAction\":[{\"@type\":\"ReadAction\",\"target\":[\"https:\/\/roadtoromania.com\/de\/denkmaeler-der-rumaenien-was-zu-sehen-in-rumaenien\/schloss-von-bran-das-schloss-der-dracula\/\"]}]},{\"@type\":\"BreadcrumbList\",\"@id\":\"https:\/\/roadtoromania.com\/de\/denkmaeler-der-rumaenien-was-zu-sehen-in-rumaenien\/schloss-von-bran-das-schloss-der-dracula\/#breadcrumb\",\"itemListElement\":[{\"@type\":\"ListItem\",\"position\":1,\"name\":\"Home\",\"item\":\"https:\/\/roadtoromania.com\/de\/\"},{\"@type\":\"ListItem\",\"position\":2,\"name\":\"Schloss Bran &#8211; Draculas Schloss\"}]},{\"@type\":\"WebSite\",\"@id\":\"https:\/\/roadtoromania.com\/de\/#website\",\"url\":\"https:\/\/roadtoromania.com\/de\/\",\"name\":\"Road to Romania\",\"description\":\"Der Blog, in dem Sie alle Informationen finden, die Sie brauchen, um Rum\u00e4nien zu genie\u00dfen.\",\"potentialAction\":[{\"@type\":\"SearchAction\",\"target\":{\"@type\":\"EntryPoint\",\"urlTemplate\":\"https:\/\/roadtoromania.com\/de\/?s={search_term_string}\"},\"query-input\":\"required name=search_term_string\"}],\"inLanguage\":\"de\"}]}<\/script>\n<!-- \/ Yoast SEO plugin. -->","yoast_head_json":{"title":"Schloss Bran - Draculas Schloss - Road to Romania","robots":{"index":"index","follow":"follow","max-snippet":"max-snippet:-1","max-image-preview":"max-image-preview:large","max-video-preview":"max-video-preview:-1"},"canonical":"https:\/\/roadtoromania.com\/de\/denkmaeler-der-rumaenien-was-zu-sehen-in-rumaenien\/schloss-von-bran-das-schloss-der-dracula\/","og_locale":"de_DE","og_type":"article","og_title":"Schloss Bran - Draculas Schloss - Road to Romania","og_description":"Bram Stoker$0027s Dracula$0027s Castle Dies ist ein gut erhaltenes mittelalterliches Herrenhaus , das 25 Kilometer nord\u00f6stlich von Brasov , in Bran liegt. Umgeben von der geheimnisvollen Aura der Legende um Bram Stokers Dracula-Mythos ist dieses imposante Herrenhaus ein Muss f\u00fcr alle, die dem Dracula Trail durch Transsylvanien folgen. Erbaut auf einem 200 Meter hohen Felsen &hellip; Schloss Bran &#8211; Draculas Schloss Read More \u00bb","og_url":"https:\/\/roadtoromania.com\/de\/denkmaeler-der-rumaenien-was-zu-sehen-in-rumaenien\/schloss-von-bran-das-schloss-der-dracula\/","og_site_name":"Road to Romania","article_modified_time":"2022-10-15T22:16:57+00:00","og_image":[{"width":768,"height":576,"url":"https:\/\/roadtoromania.com\/wp-content\/uploads\/2022\/10\/transilvania-dracula-rumania-1.jpg","type":"image\/jpeg"}],"twitter_card":"summary_large_image","twitter_misc":{"Gesch\u00e4tzte Lesezeit":"2\u00a0Minuten"},"schema":{"@context":"https:\/\/schema.org","@graph":[{"@type":"WebPage","@id":"https:\/\/roadtoromania.com\/de\/denkmaeler-der-rumaenien-was-zu-sehen-in-rumaenien\/schloss-von-bran-das-schloss-der-dracula\/","url":"https:\/\/roadtoromania.com\/de\/denkmaeler-der-rumaenien-was-zu-sehen-in-rumaenien\/schloss-von-bran-das-schloss-der-dracula\/","name":"Schloss Bran - Draculas Schloss - Road to Romania","isPartOf":{"@id":"https:\/\/roadtoromania.com\/de\/#website"},"datePublished":"2022-10-15T18:40:16+00:00","dateModified":"2022-10-15T22:16:57+00:00","breadcrumb":{"@id":"https:\/\/roadtoromania.com\/de\/denkmaeler-der-rumaenien-was-zu-sehen-in-rumaenien\/schloss-von-bran-das-schloss-der-dracula\/#breadcrumb"},"inLanguage":"de","potentialAction":[{"@type":"ReadAction","target":["https:\/\/roadtoromania.com\/de\/denkmaeler-der-rumaenien-was-zu-sehen-in-rumaenien\/schloss-von-bran-das-schloss-der-dracula\/"]}]},{"@type":"BreadcrumbList","@id":"https:\/\/roadtoromania.com\/de\/denkmaeler-der-rumaenien-was-zu-sehen-in-rumaenien\/schloss-von-bran-das-schloss-der-dracula\/#breadcrumb","itemListElement":[{"@type":"ListItem","position":1,"name":"Home","item":"https:\/\/roadtoromania.com\/de\/"},{"@type":"ListItem","position":2,"name":"Schloss Bran &#8211; Draculas Schloss"}]},{"@type":"WebSite","@id":"https:\/\/roadtoromania.com\/de\/#website","url":"https:\/\/roadtoromania.com\/de\/","name":"Road to Romania","description":"Der Blog, in dem Sie alle Informationen finden, die Sie brauchen, um Rum\u00e4nien zu genie\u00dfen.","potentialAction":[{"@type":"SearchAction","target":{"@type":"EntryPoint","urlTemplate":"https:\/\/roadtoromania.com\/de\/?s={search_term_string}"},"query-input":"required name=search_term_string"}],"inLanguage":"de"}]}},"_links":{"self":[{"href":"https:\/\/roadtoromania.com\/de\/wp-json\/wp\/v2\/pages\/3021","targetHints":{"allow":["GET"]}}],"collection":[{"href":"https:\/\/roadtoromania.com\/de\/wp-json\/wp\/v2\/pages"}],"about":[{"href":"https:\/\/roadtoromania.com\/de\/wp-json\/wp\/v2\/types\/page"}],"author":[{"embeddable":true,"href":"https:\/\/roadtoromania.com\/de\/wp-json\/wp\/v2\/users\/1"}],"replies":[{"embeddable":true,"href":"https:\/\/roadtoromania.com\/de\/wp-json\/wp\/v2\/comments?post=3021"}],"version-history":[{"count":1,"href":"https:\/\/roadtoromania.com\/de\/wp-json\/wp\/v2\/pages\/3021\/revisions"}],"predecessor-version":[{"id":3022,"href":"https:\/\/roadtoromania.com\/de\/wp-json\/wp\/v2\/pages\/3021\/revisions\/3022"}],"up":[{"embeddable":true,"href":"https:\/\/roadtoromania.com\/de\/wp-json\/wp\/v2\/pages\/3015"}],"wp:featuredmedia":[{"embeddable":true,"href":"https:\/\/roadtoromania.com\/de\/wp-json\/wp\/v2\/media\/1581"}],"wp:attachment":[{"href":"https:\/\/roadtoromania.com\/de\/wp-json\/wp\/v2\/media?parent=3021"}],"curies":[{"name":"wp","href":"https:\/\/api.w.org\/{rel}","templated":true}]}}