{"id":3023,"date":"2022-10-15T18:40:16","date_gmt":"2022-10-15T18:40:16","guid":{"rendered":"https:\/\/roadtoromania.com\/schloss-rasnow\/"},"modified":"2022-10-15T22:16:57","modified_gmt":"2022-10-15T22:16:57","slug":"schloss-rasnow","status":"publish","type":"page","link":"https:\/\/roadtoromania.com\/de\/denkmaeler-der-rumaenien-was-zu-sehen-in-rumaenien\/schloss-rasnow\/","title":{"rendered":"Schloss Rasnov"},"content":{"rendered":"<p><a href=\"https:\/\/roadtoromania.com\/wp-content\/uploads\/2022\/10\/fortaleza_rasnovl.jpg\"><img decoding=\"async\" src=\"https:\/\/roadtoromania.com\/wp-content\/uploads\/2022\/10\/fortaleza_rasnovl.jpg\" \/><\/a> Rasnov-Festung<\/p>\n<p>\nDie <strong>Festung Rasnov<\/strong> ((Rosenauer Burg auf Deutsch) ist, obwohl nicht so bekannt wie andere Burgen in Rum\u00e4nien, eine der wichtigsten Touristenattraktionen in der historischen Region <a href=\"https:\/\/roadtoromania.com\/de\/staedte-und-regionen-rumaeniens\/transsilvanien\/\"> <strong>Siebenb\u00fcrgen<\/strong><\/a> . Nur f\u00fcnfzehn Minuten von <a href=\"https:\/\/roadtoromania.com\/de\/staedte-und-regionen-rumaeniens\/brasov\/\"> <strong>Brasov<\/strong><\/a> entfernt, erreicht man mit dem Auto die imposante Festung auf einem Berg in den Karpaten  .<\/p>\n<h2>\n <strong>Geschichte von Rasnov<\/strong> <\/h2>\n<p>.<\/p>\n<p>\nRasnov, das zwischen 1211 und 1225 erbaut worden sein soll, war eine von mehreren Burgen, die von deutschen Deutschordensrittern zur Verteidigung Siebenb\u00fcrgens gegen die anr\u00fcckenden T\u00fcrken und Tataren errichtet wurden. Wenn sich der Feind vom Bran-Pass heranpirschte, schlossen sich die Bewohner der Weiler von Rasnov in der Zitadelle ein, lebten jahrelang unter Belagerung und verwandelten die Burg auf unbestimmte Zeit in eine Stadt. Aus diesem Grund werden solche Befestigungen auch als Bauernbefestigungen bezeichnet <\/p>\n<p>.<\/p>\n<p>\nDer Holzbau wurde sp\u00e4ter durch einen Steinbau ersetzt, nachdem die Kreuzfahrer ihn aufgegeben hatten, und erst 1421 wird in den ersten Quellen die Belagerung durch t\u00fcrkische Truppen erw\u00e4hnt. Der Widerstand verhinderte, dass es eingenommen wurde, wie bei den folgenden Wellen von 1436 und 1441 <\/p>\n<p>.<\/p>\n<p>\nNach den Streitigkeiten zwischen den siebenb\u00fcrgischen F\u00fcrsten wurde es notwendig, eine Wasserversorgung zu erhalten, da die bisherige im Laufe der Jahre entdeckt worden war, was zur einzigen Kapitulation f\u00fchrte, die sie je erlebt hatten. Zu diesem Zweck wurde Mitte des 17. Jahrhunderts im Rahmen eines Wasserbauprojekts ein Brunnen gegraben, der den Kalkstein, auf dem das Schloss steht, durchtrennte und einen Brunnen schuf, der fast 150 Meter tief in den Boden eindrang <\/p>\n<p>.<\/p>\n<p>\nDie im 18. Jahrhundert nach einem Brand und einem anschlie\u00dfenden Erdbeben verlassene Festung wurde vor kurzem restauriert und zeigt dem Besucher die Geb\u00e4ude, aus denen sie besteht, darunter das Museum f\u00fcr Feudalkunst, in dem R\u00fcstungen, Waffen, Kost\u00fcme und andere mittelalterliche Gegenst\u00e4nde ausgestellt sind <\/p>\n<p>.<br \/>\n<a href=\"https:\/\/roadtoromania.com\/wp-content\/uploads\/2022\/10\/castillo_rasnov.jpg\"><img decoding=\"async\" src=\"https:\/\/roadtoromania.com\/wp-content\/uploads\/2022\/10\/castillo_rasnov.jpg\" \/><\/a> Rasnov-Bauernfestung<\/p>\n<p>\nDie Bedeutung von Rasnov liegt in seiner Lage an der Kreuzung zwischen der Walachei und Siebenb\u00fcrgen. Bei der <strong>Besichtigung des Schlosses<\/strong> k\u00f6nnen wir die beiden Bereiche sehen, wobei der obere der h\u00f6chste Punkt ist, von dem aus man das ganze Tal \u00fcberblicken kann. In der Festung lebten die Bauern, die dort Zuflucht fanden, und deshalb unterscheidet sich die Struktur der Stadt mit H\u00e4usern, Schule und Kapelle von den anderen Burgen, die nur dem F\u00fcrsten und seinen Truppen geh\u00f6rten.<\/p>\n<p>\nDas Schloss ist das ganze Jahr \u00fcber ge\u00f6ffnet, von April bis Oktober von 9.00 bis 19.00 Uhr und von November bis M\u00e4rz bis 17.00 Uhr. Studenten und Kinder unter 3 Jahren sowie Personen mit eingeschr\u00e4nkter Mobilit\u00e4t haben freien Eintritt zum Gel\u00e4nde von Schloss Rasnov <\/p>\n<p>.<\/p>\n<p>\nWenn Sie mit dem Auto anreisen, k\u00f6nnen Sie Ihr Auto auf dem Parkplatz stehen lassen und zu Fu\u00df oder mit dem &#8220;Touristen-Traktor&#8221; zum Eingang des Schlosses fahren <\/p>\n<p>.<\/p>\n","protected":false},"excerpt":{"rendered":"<p>Rasnov-Festung Die Festung Rasnov ((Rosenauer Burg auf Deutsch) ist, obwohl nicht so bekannt wie andere Burgen in Rum\u00e4nien, eine der wichtigsten Touristenattraktionen in der historischen Region Siebenb\u00fcrgen . Nur f\u00fcnfzehn Minuten von Brasov entfernt, erreicht man mit dem Auto die imposante Festung auf einem Berg in den Karpaten . Geschichte von Rasnov . Rasnov, das &hellip;<\/p>\n<p class=\"read-more\"> <a class=\"\" href=\"https:\/\/roadtoromania.com\/de\/denkmaeler-der-rumaenien-was-zu-sehen-in-rumaenien\/schloss-rasnow\/\"> <span class=\"screen-reader-text\">Schloss Rasnov<\/span> Read More \u00bb<\/a><\/p>\n","protected":false},"author":1,"featured_media":1601,"parent":3015,"menu_order":0,"comment_status":"open","ping_status":"open","template":"","meta":{"site-sidebar-layout":"default","site-content-layout":"default","ast-global-header-display":"","ast-main-header-display":"","ast-hfb-above-header-display":"","ast-hfb-below-header-display":"","ast-hfb-mobile-header-display":"","site-post-title":"","ast-breadcrumbs-content":"","ast-featured-img":"","footer-sml-layout":"","theme-transparent-header-meta":"","adv-header-id-meta":"","stick-header-meta":"","header-above-stick-meta":"","header-main-stick-meta":"","header-below-stick-meta":"","footnotes":""},"class_list":["post-3023","page","type-page","status-publish","has-post-thumbnail","hentry"],"yoast_head":"<!-- This site is optimized with the Yoast SEO plugin v19.10 - https:\/\/yoast.com\/wordpress\/plugins\/seo\/ -->\n<title>Schloss Rasnov - Road to Romania<\/title>\n<meta name=\"robots\" content=\"index, follow, max-snippet:-1, max-image-preview:large, max-video-preview:-1\" \/>\n<link rel=\"canonical\" href=\"https:\/\/roadtoromania.com\/de\/denkmaeler-der-rumaenien-was-zu-sehen-in-rumaenien\/schloss-rasnow\/\" \/>\n<meta property=\"og:locale\" content=\"de_DE\" \/>\n<meta property=\"og:type\" content=\"article\" \/>\n<meta property=\"og:title\" content=\"Schloss Rasnov - Road to Romania\" \/>\n<meta property=\"og:description\" content=\"Rasnov-Festung Die Festung Rasnov ((Rosenauer Burg auf Deutsch) ist, obwohl nicht so bekannt wie andere Burgen in Rum\u00e4nien, eine der wichtigsten Touristenattraktionen in der historischen Region Siebenb\u00fcrgen . Nur f\u00fcnfzehn Minuten von Brasov entfernt, erreicht man mit dem Auto die imposante Festung auf einem Berg in den Karpaten . Geschichte von Rasnov . Rasnov, das &hellip; Schloss Rasnov Read More \u00bb\" \/>\n<meta property=\"og:url\" content=\"https:\/\/roadtoromania.com\/de\/denkmaeler-der-rumaenien-was-zu-sehen-in-rumaenien\/schloss-rasnow\/\" \/>\n<meta property=\"og:site_name\" content=\"Road to Romania\" \/>\n<meta property=\"article:modified_time\" content=\"2022-10-15T22:16:57+00:00\" \/>\n<meta property=\"og:image\" content=\"https:\/\/roadtoromania.com\/wp-content\/uploads\/2022\/10\/fortaleza_rasnovl-1.jpg\" \/>\n\t<meta property=\"og:image:width\" content=\"750\" \/>\n\t<meta property=\"og:image:height\" content=\"598\" \/>\n\t<meta property=\"og:image:type\" content=\"image\/jpeg\" \/>\n<meta name=\"twitter:card\" content=\"summary_large_image\" \/>\n<meta name=\"twitter:label1\" content=\"Gesch\u00e4tzte Lesezeit\" \/>\n\t<meta name=\"twitter:data1\" content=\"2\u00a0Minuten\" \/>\n<script type=\"application\/ld+json\" class=\"yoast-schema-graph\">{\"@context\":\"https:\/\/schema.org\",\"@graph\":[{\"@type\":\"WebPage\",\"@id\":\"https:\/\/roadtoromania.com\/de\/denkmaeler-der-rumaenien-was-zu-sehen-in-rumaenien\/schloss-rasnow\/\",\"url\":\"https:\/\/roadtoromania.com\/de\/denkmaeler-der-rumaenien-was-zu-sehen-in-rumaenien\/schloss-rasnow\/\",\"name\":\"Schloss Rasnov - Road to Romania\",\"isPartOf\":{\"@id\":\"https:\/\/roadtoromania.com\/de\/#website\"},\"datePublished\":\"2022-10-15T18:40:16+00:00\",\"dateModified\":\"2022-10-15T22:16:57+00:00\",\"breadcrumb\":{\"@id\":\"https:\/\/roadtoromania.com\/de\/denkmaeler-der-rumaenien-was-zu-sehen-in-rumaenien\/schloss-rasnow\/#breadcrumb\"},\"inLanguage\":\"de\",\"potentialAction\":[{\"@type\":\"ReadAction\",\"target\":[\"https:\/\/roadtoromania.com\/de\/denkmaeler-der-rumaenien-was-zu-sehen-in-rumaenien\/schloss-rasnow\/\"]}]},{\"@type\":\"BreadcrumbList\",\"@id\":\"https:\/\/roadtoromania.com\/de\/denkmaeler-der-rumaenien-was-zu-sehen-in-rumaenien\/schloss-rasnow\/#breadcrumb\",\"itemListElement\":[{\"@type\":\"ListItem\",\"position\":1,\"name\":\"Home\",\"item\":\"https:\/\/roadtoromania.com\/de\/\"},{\"@type\":\"ListItem\",\"position\":2,\"name\":\"Schloss Rasnov\"}]},{\"@type\":\"WebSite\",\"@id\":\"https:\/\/roadtoromania.com\/de\/#website\",\"url\":\"https:\/\/roadtoromania.com\/de\/\",\"name\":\"Road to Romania\",\"description\":\"Der Blog, in dem Sie alle Informationen finden, die Sie brauchen, um Rum\u00e4nien zu genie\u00dfen.\",\"potentialAction\":[{\"@type\":\"SearchAction\",\"target\":{\"@type\":\"EntryPoint\",\"urlTemplate\":\"https:\/\/roadtoromania.com\/de\/?s={search_term_string}\"},\"query-input\":\"required name=search_term_string\"}],\"inLanguage\":\"de\"}]}<\/script>\n<!-- \/ Yoast SEO plugin. -->","yoast_head_json":{"title":"Schloss Rasnov - Road to Romania","robots":{"index":"index","follow":"follow","max-snippet":"max-snippet:-1","max-image-preview":"max-image-preview:large","max-video-preview":"max-video-preview:-1"},"canonical":"https:\/\/roadtoromania.com\/de\/denkmaeler-der-rumaenien-was-zu-sehen-in-rumaenien\/schloss-rasnow\/","og_locale":"de_DE","og_type":"article","og_title":"Schloss Rasnov - Road to Romania","og_description":"Rasnov-Festung Die Festung Rasnov ((Rosenauer Burg auf Deutsch) ist, obwohl nicht so bekannt wie andere Burgen in Rum\u00e4nien, eine der wichtigsten Touristenattraktionen in der historischen Region Siebenb\u00fcrgen . Nur f\u00fcnfzehn Minuten von Brasov entfernt, erreicht man mit dem Auto die imposante Festung auf einem Berg in den Karpaten . Geschichte von Rasnov . Rasnov, das &hellip; Schloss Rasnov Read More \u00bb","og_url":"https:\/\/roadtoromania.com\/de\/denkmaeler-der-rumaenien-was-zu-sehen-in-rumaenien\/schloss-rasnow\/","og_site_name":"Road to Romania","article_modified_time":"2022-10-15T22:16:57+00:00","og_image":[{"width":750,"height":598,"url":"https:\/\/roadtoromania.com\/wp-content\/uploads\/2022\/10\/fortaleza_rasnovl-1.jpg","type":"image\/jpeg"}],"twitter_card":"summary_large_image","twitter_misc":{"Gesch\u00e4tzte Lesezeit":"2\u00a0Minuten"},"schema":{"@context":"https:\/\/schema.org","@graph":[{"@type":"WebPage","@id":"https:\/\/roadtoromania.com\/de\/denkmaeler-der-rumaenien-was-zu-sehen-in-rumaenien\/schloss-rasnow\/","url":"https:\/\/roadtoromania.com\/de\/denkmaeler-der-rumaenien-was-zu-sehen-in-rumaenien\/schloss-rasnow\/","name":"Schloss Rasnov - Road to Romania","isPartOf":{"@id":"https:\/\/roadtoromania.com\/de\/#website"},"datePublished":"2022-10-15T18:40:16+00:00","dateModified":"2022-10-15T22:16:57+00:00","breadcrumb":{"@id":"https:\/\/roadtoromania.com\/de\/denkmaeler-der-rumaenien-was-zu-sehen-in-rumaenien\/schloss-rasnow\/#breadcrumb"},"inLanguage":"de","potentialAction":[{"@type":"ReadAction","target":["https:\/\/roadtoromania.com\/de\/denkmaeler-der-rumaenien-was-zu-sehen-in-rumaenien\/schloss-rasnow\/"]}]},{"@type":"BreadcrumbList","@id":"https:\/\/roadtoromania.com\/de\/denkmaeler-der-rumaenien-was-zu-sehen-in-rumaenien\/schloss-rasnow\/#breadcrumb","itemListElement":[{"@type":"ListItem","position":1,"name":"Home","item":"https:\/\/roadtoromania.com\/de\/"},{"@type":"ListItem","position":2,"name":"Schloss Rasnov"}]},{"@type":"WebSite","@id":"https:\/\/roadtoromania.com\/de\/#website","url":"https:\/\/roadtoromania.com\/de\/","name":"Road to Romania","description":"Der Blog, in dem Sie alle Informationen finden, die Sie brauchen, um Rum\u00e4nien zu genie\u00dfen.","potentialAction":[{"@type":"SearchAction","target":{"@type":"EntryPoint","urlTemplate":"https:\/\/roadtoromania.com\/de\/?s={search_term_string}"},"query-input":"required name=search_term_string"}],"inLanguage":"de"}]}},"_links":{"self":[{"href":"https:\/\/roadtoromania.com\/de\/wp-json\/wp\/v2\/pages\/3023","targetHints":{"allow":["GET"]}}],"collection":[{"href":"https:\/\/roadtoromania.com\/de\/wp-json\/wp\/v2\/pages"}],"about":[{"href":"https:\/\/roadtoromania.com\/de\/wp-json\/wp\/v2\/types\/page"}],"author":[{"embeddable":true,"href":"https:\/\/roadtoromania.com\/de\/wp-json\/wp\/v2\/users\/1"}],"replies":[{"embeddable":true,"href":"https:\/\/roadtoromania.com\/de\/wp-json\/wp\/v2\/comments?post=3023"}],"version-history":[{"count":1,"href":"https:\/\/roadtoromania.com\/de\/wp-json\/wp\/v2\/pages\/3023\/revisions"}],"predecessor-version":[{"id":3024,"href":"https:\/\/roadtoromania.com\/de\/wp-json\/wp\/v2\/pages\/3023\/revisions\/3024"}],"up":[{"embeddable":true,"href":"https:\/\/roadtoromania.com\/de\/wp-json\/wp\/v2\/pages\/3015"}],"wp:featuredmedia":[{"embeddable":true,"href":"https:\/\/roadtoromania.com\/de\/wp-json\/wp\/v2\/media\/1601"}],"wp:attachment":[{"href":"https:\/\/roadtoromania.com\/de\/wp-json\/wp\/v2\/media?parent=3023"}],"curies":[{"name":"wp","href":"https:\/\/api.w.org\/{rel}","templated":true}]}}