{"id":3031,"date":"2022-10-15T18:40:16","date_gmt":"2022-10-15T18:40:16","guid":{"rendered":"https:\/\/roadtoromania.com\/kirche-befestigt-von-prejmer\/"},"modified":"2022-10-15T22:16:59","modified_gmt":"2022-10-15T22:16:59","slug":"kirche-befestigt-von-prejmer","status":"publish","type":"page","link":"https:\/\/roadtoromania.com\/de\/denkmaeler-der-rumaenien-was-zu-sehen-in-rumaenien\/kirche-befestigt-von-prejmer\/","title":{"rendered":"Die befestigte Kirche von Prejmer"},"content":{"rendered":"<p>Das sch\u00f6ne Monument der <strong>Kirche von Prejmer<\/strong> geh\u00f6rt zur Gruppe der befestigten Geb\u00e4ude, die von der Unesco<\/strong> wegen ihrer Einzigartigkeit zum Weltkulturerbe erkl\u00e4rt wurden.<\/p>\n<\/p>\n<p><a href=\"https:\/\/roadtoromania.com\/wp-content\/uploads\/2022\/10\/prejmer-rumania2.jpg\"><img decoding=\"async\" src=\"https:\/\/roadtoromania.com\/wp-content\/uploads\/2022\/10\/prejmer-rumania2.jpg\" \/><\/a> Blick auf Prejmer vom Himmel aus<\/p>\n<p>\nGanz in der N\u00e4he von <a href=\"https:\/\/roadtoromania.com\/de\/staedte-und-regionen-rumaeniens\/brasov\/\"> <strong>Brasov<\/strong><\/a> &#8211; ein halber Tagesausflug von der Stadt <a href=\"https:\/\/roadtoromania.com\/de\/staedte-und-regionen-rumaeniens\/transsilvanien\/\"> <strong>transylvanian<\/strong><\/a> &#8211; Prejmer ist nicht nur f\u00fcr seine Kirche bekannt, sondern auch der Geburtsort der T\u00f6pfer und ein wundersch\u00f6nes Dorf, in dem man die rum\u00e4nische Folklore kennen lernen kann.<\/p>\n<p>\nDie Kirchenburg gilt als die gr\u00f6\u00dfte Europas und ist so gut erhalten, dass es scheint, als w\u00e4ren wir einer Geschichte aus dem Mittelalter entsprungen. Die Kirche wurde bereits 1240 urkundlich erw\u00e4hnt. Sie wurde zwischen 1212 und 1213 von den Deutschordensrittern erbaut, hat einen Kreuzgrundriss und Gew\u00f6lbe im sp\u00e4tgotischen Stil <\/p>\n<p>.<\/p>\n<p>\nAngesichts von \u00dcberf\u00e4llen und Angriffen suchte die Bev\u00f6lkerung Schutz innerhalb der Stadtmauern und lebte in den Zellen, die in mehrst\u00f6ckigen Geb\u00e4uden untergebracht waren, wie wir sie heute sehen k\u00f6nnen. Neben dem effizienten Verteidigungssystem verband sie ein unterirdischer Tunnel mit der Au\u00dfenwelt, so dass sie sich mit Vorr\u00e4ten eindecken konnten. Die acht Meter dicken Mauern mit ihren T\u00fcrmen und Bastionen machten Prejmer zu einem sicheren Hafen. Der Zugang zum Geb\u00e4ude erfolgt \u00fcber einen 100 Meter langen gew\u00f6lbten Gang, der durch zwei Reihen von Toren verst\u00e4rkt ist. Und die rote Dachmauer konnte bis zu 212 Zimmer auf vier Etagen beherbergen, die durch Holztreppen miteinander verbunden waren. Jede Familie im Dorf hatte einen bestimmten Raum, in dem sie im Falle eines Angriffs Schutz suchen konnte <\/p>\n<p>.<br \/>\n<a href=\"https:\/\/roadtoromania.com\/wp-content\/uploads\/2022\/10\/prejmer-rumania.jpg\"><img decoding=\"async\" src=\"https:\/\/roadtoromania.com\/wp-content\/uploads\/2022\/10\/prejmer-rumania.jpg\" \/><\/a> Innenraum der Festung von Prejmer mit Zellen<\/p>\n","protected":false},"excerpt":{"rendered":"<p>Das sch\u00f6ne Monument der Kirche von Prejmer geh\u00f6rt zur Gruppe der befestigten Geb\u00e4ude, die von der Unesco wegen ihrer Einzigartigkeit zum Weltkulturerbe erkl\u00e4rt wurden. Blick auf Prejmer vom Himmel aus Ganz in der N\u00e4he von Brasov &#8211; ein halber Tagesausflug von der Stadt transylvanian &#8211; Prejmer ist nicht nur f\u00fcr seine Kirche bekannt, sondern auch &hellip;<\/p>\n<p class=\"read-more\"> <a class=\"\" href=\"https:\/\/roadtoromania.com\/de\/denkmaeler-der-rumaenien-was-zu-sehen-in-rumaenien\/kirche-befestigt-von-prejmer\/\"> <span class=\"screen-reader-text\">Die befestigte Kirche von Prejmer<\/span> Read More \u00bb<\/a><\/p>\n","protected":false},"author":1,"featured_media":1645,"parent":3015,"menu_order":0,"comment_status":"open","ping_status":"open","template":"","meta":{"site-sidebar-layout":"default","site-content-layout":"default","ast-global-header-display":"","ast-main-header-display":"","ast-hfb-above-header-display":"","ast-hfb-below-header-display":"","ast-hfb-mobile-header-display":"","site-post-title":"","ast-breadcrumbs-content":"","ast-featured-img":"","footer-sml-layout":"","theme-transparent-header-meta":"","adv-header-id-meta":"","stick-header-meta":"","header-above-stick-meta":"","header-main-stick-meta":"","header-below-stick-meta":"","footnotes":""},"class_list":["post-3031","page","type-page","status-publish","has-post-thumbnail","hentry"],"yoast_head":"<!-- This site is optimized with the Yoast SEO plugin v19.10 - https:\/\/yoast.com\/wordpress\/plugins\/seo\/ -->\n<title>Die befestigte Kirche von Prejmer - Road to Romania<\/title>\n<meta name=\"robots\" content=\"index, follow, max-snippet:-1, max-image-preview:large, max-video-preview:-1\" \/>\n<link rel=\"canonical\" href=\"https:\/\/roadtoromania.com\/de\/denkmaeler-der-rumaenien-was-zu-sehen-in-rumaenien\/kirche-befestigt-von-prejmer\/\" \/>\n<meta property=\"og:locale\" content=\"de_DE\" \/>\n<meta property=\"og:type\" content=\"article\" \/>\n<meta property=\"og:title\" content=\"Die befestigte Kirche von Prejmer - Road to Romania\" \/>\n<meta property=\"og:description\" content=\"Das sch\u00f6ne Monument der Kirche von Prejmer geh\u00f6rt zur Gruppe der befestigten Geb\u00e4ude, die von der Unesco wegen ihrer Einzigartigkeit zum Weltkulturerbe erkl\u00e4rt wurden. Blick auf Prejmer vom Himmel aus Ganz in der N\u00e4he von Brasov &#8211; ein halber Tagesausflug von der Stadt transylvanian &#8211; Prejmer ist nicht nur f\u00fcr seine Kirche bekannt, sondern auch &hellip; Die befestigte Kirche von Prejmer Read More \u00bb\" \/>\n<meta property=\"og:url\" content=\"https:\/\/roadtoromania.com\/de\/denkmaeler-der-rumaenien-was-zu-sehen-in-rumaenien\/kirche-befestigt-von-prejmer\/\" \/>\n<meta property=\"og:site_name\" content=\"Road to Romania\" \/>\n<meta property=\"article:modified_time\" content=\"2022-10-15T22:16:59+00:00\" \/>\n<meta property=\"og:image\" content=\"https:\/\/roadtoromania.com\/wp-content\/uploads\/2022\/10\/prejmer-rumania2-1.jpg\" \/>\n\t<meta property=\"og:image:width\" content=\"500\" \/>\n\t<meta property=\"og:image:height\" content=\"333\" \/>\n\t<meta property=\"og:image:type\" content=\"image\/jpeg\" \/>\n<meta name=\"twitter:card\" content=\"summary_large_image\" \/>\n<meta name=\"twitter:label1\" content=\"Gesch\u00e4tzte Lesezeit\" \/>\n\t<meta name=\"twitter:data1\" content=\"1\u00a0Minute\" \/>\n<script type=\"application\/ld+json\" class=\"yoast-schema-graph\">{\"@context\":\"https:\/\/schema.org\",\"@graph\":[{\"@type\":\"WebPage\",\"@id\":\"https:\/\/roadtoromania.com\/de\/denkmaeler-der-rumaenien-was-zu-sehen-in-rumaenien\/kirche-befestigt-von-prejmer\/\",\"url\":\"https:\/\/roadtoromania.com\/de\/denkmaeler-der-rumaenien-was-zu-sehen-in-rumaenien\/kirche-befestigt-von-prejmer\/\",\"name\":\"Die befestigte Kirche von Prejmer - Road to Romania\",\"isPartOf\":{\"@id\":\"https:\/\/roadtoromania.com\/de\/#website\"},\"datePublished\":\"2022-10-15T18:40:16+00:00\",\"dateModified\":\"2022-10-15T22:16:59+00:00\",\"breadcrumb\":{\"@id\":\"https:\/\/roadtoromania.com\/de\/denkmaeler-der-rumaenien-was-zu-sehen-in-rumaenien\/kirche-befestigt-von-prejmer\/#breadcrumb\"},\"inLanguage\":\"de\",\"potentialAction\":[{\"@type\":\"ReadAction\",\"target\":[\"https:\/\/roadtoromania.com\/de\/denkmaeler-der-rumaenien-was-zu-sehen-in-rumaenien\/kirche-befestigt-von-prejmer\/\"]}]},{\"@type\":\"BreadcrumbList\",\"@id\":\"https:\/\/roadtoromania.com\/de\/denkmaeler-der-rumaenien-was-zu-sehen-in-rumaenien\/kirche-befestigt-von-prejmer\/#breadcrumb\",\"itemListElement\":[{\"@type\":\"ListItem\",\"position\":1,\"name\":\"Home\",\"item\":\"https:\/\/roadtoromania.com\/de\/\"},{\"@type\":\"ListItem\",\"position\":2,\"name\":\"Die befestigte Kirche von Prejmer\"}]},{\"@type\":\"WebSite\",\"@id\":\"https:\/\/roadtoromania.com\/de\/#website\",\"url\":\"https:\/\/roadtoromania.com\/de\/\",\"name\":\"Road to Romania\",\"description\":\"Der Blog, in dem Sie alle Informationen finden, die Sie brauchen, um Rum\u00e4nien zu genie\u00dfen.\",\"potentialAction\":[{\"@type\":\"SearchAction\",\"target\":{\"@type\":\"EntryPoint\",\"urlTemplate\":\"https:\/\/roadtoromania.com\/de\/?s={search_term_string}\"},\"query-input\":\"required name=search_term_string\"}],\"inLanguage\":\"de\"}]}<\/script>\n<!-- \/ Yoast SEO plugin. -->","yoast_head_json":{"title":"Die befestigte Kirche von Prejmer - Road to Romania","robots":{"index":"index","follow":"follow","max-snippet":"max-snippet:-1","max-image-preview":"max-image-preview:large","max-video-preview":"max-video-preview:-1"},"canonical":"https:\/\/roadtoromania.com\/de\/denkmaeler-der-rumaenien-was-zu-sehen-in-rumaenien\/kirche-befestigt-von-prejmer\/","og_locale":"de_DE","og_type":"article","og_title":"Die befestigte Kirche von Prejmer - Road to Romania","og_description":"Das sch\u00f6ne Monument der Kirche von Prejmer geh\u00f6rt zur Gruppe der befestigten Geb\u00e4ude, die von der Unesco wegen ihrer Einzigartigkeit zum Weltkulturerbe erkl\u00e4rt wurden. Blick auf Prejmer vom Himmel aus Ganz in der N\u00e4he von Brasov &#8211; ein halber Tagesausflug von der Stadt transylvanian &#8211; Prejmer ist nicht nur f\u00fcr seine Kirche bekannt, sondern auch &hellip; Die befestigte Kirche von Prejmer Read More \u00bb","og_url":"https:\/\/roadtoromania.com\/de\/denkmaeler-der-rumaenien-was-zu-sehen-in-rumaenien\/kirche-befestigt-von-prejmer\/","og_site_name":"Road to Romania","article_modified_time":"2022-10-15T22:16:59+00:00","og_image":[{"width":500,"height":333,"url":"https:\/\/roadtoromania.com\/wp-content\/uploads\/2022\/10\/prejmer-rumania2-1.jpg","type":"image\/jpeg"}],"twitter_card":"summary_large_image","twitter_misc":{"Gesch\u00e4tzte Lesezeit":"1\u00a0Minute"},"schema":{"@context":"https:\/\/schema.org","@graph":[{"@type":"WebPage","@id":"https:\/\/roadtoromania.com\/de\/denkmaeler-der-rumaenien-was-zu-sehen-in-rumaenien\/kirche-befestigt-von-prejmer\/","url":"https:\/\/roadtoromania.com\/de\/denkmaeler-der-rumaenien-was-zu-sehen-in-rumaenien\/kirche-befestigt-von-prejmer\/","name":"Die befestigte Kirche von Prejmer - Road to Romania","isPartOf":{"@id":"https:\/\/roadtoromania.com\/de\/#website"},"datePublished":"2022-10-15T18:40:16+00:00","dateModified":"2022-10-15T22:16:59+00:00","breadcrumb":{"@id":"https:\/\/roadtoromania.com\/de\/denkmaeler-der-rumaenien-was-zu-sehen-in-rumaenien\/kirche-befestigt-von-prejmer\/#breadcrumb"},"inLanguage":"de","potentialAction":[{"@type":"ReadAction","target":["https:\/\/roadtoromania.com\/de\/denkmaeler-der-rumaenien-was-zu-sehen-in-rumaenien\/kirche-befestigt-von-prejmer\/"]}]},{"@type":"BreadcrumbList","@id":"https:\/\/roadtoromania.com\/de\/denkmaeler-der-rumaenien-was-zu-sehen-in-rumaenien\/kirche-befestigt-von-prejmer\/#breadcrumb","itemListElement":[{"@type":"ListItem","position":1,"name":"Home","item":"https:\/\/roadtoromania.com\/de\/"},{"@type":"ListItem","position":2,"name":"Die befestigte Kirche von Prejmer"}]},{"@type":"WebSite","@id":"https:\/\/roadtoromania.com\/de\/#website","url":"https:\/\/roadtoromania.com\/de\/","name":"Road to Romania","description":"Der Blog, in dem Sie alle Informationen finden, die Sie brauchen, um Rum\u00e4nien zu genie\u00dfen.","potentialAction":[{"@type":"SearchAction","target":{"@type":"EntryPoint","urlTemplate":"https:\/\/roadtoromania.com\/de\/?s={search_term_string}"},"query-input":"required name=search_term_string"}],"inLanguage":"de"}]}},"_links":{"self":[{"href":"https:\/\/roadtoromania.com\/de\/wp-json\/wp\/v2\/pages\/3031","targetHints":{"allow":["GET"]}}],"collection":[{"href":"https:\/\/roadtoromania.com\/de\/wp-json\/wp\/v2\/pages"}],"about":[{"href":"https:\/\/roadtoromania.com\/de\/wp-json\/wp\/v2\/types\/page"}],"author":[{"embeddable":true,"href":"https:\/\/roadtoromania.com\/de\/wp-json\/wp\/v2\/users\/1"}],"replies":[{"embeddable":true,"href":"https:\/\/roadtoromania.com\/de\/wp-json\/wp\/v2\/comments?post=3031"}],"version-history":[{"count":1,"href":"https:\/\/roadtoromania.com\/de\/wp-json\/wp\/v2\/pages\/3031\/revisions"}],"predecessor-version":[{"id":3032,"href":"https:\/\/roadtoromania.com\/de\/wp-json\/wp\/v2\/pages\/3031\/revisions\/3032"}],"up":[{"embeddable":true,"href":"https:\/\/roadtoromania.com\/de\/wp-json\/wp\/v2\/pages\/3015"}],"wp:featuredmedia":[{"embeddable":true,"href":"https:\/\/roadtoromania.com\/de\/wp-json\/wp\/v2\/media\/1645"}],"wp:attachment":[{"href":"https:\/\/roadtoromania.com\/de\/wp-json\/wp\/v2\/media?parent=3031"}],"curies":[{"name":"wp","href":"https:\/\/api.w.org\/{rel}","templated":true}]}}