{"id":3035,"date":"2022-10-15T18:40:18","date_gmt":"2022-10-15T18:40:18","guid":{"rendered":"https:\/\/roadtoromania.com\/kloster-moldovita\/"},"modified":"2022-10-15T22:17:03","modified_gmt":"2022-10-15T22:17:03","slug":"kloster-moldovita","status":"publish","type":"page","link":"https:\/\/roadtoromania.com\/de\/denkmaeler-der-rumaenien-was-zu-sehen-in-rumaenien\/kloster-moldovita\/","title":{"rendered":"Moldawien-Kloster"},"content":{"rendered":"<p><img decoding=\"async\" src=\"https:\/\/roadtoromania.com\/wp-content\/uploads\/2022\/10\/monasterio_moldovita_cielo.jpg\" \/>Das Moldovita-Kloster aus der Luft<\/p>\n<p>\nDas <strong>Moldovita-Kloster<\/strong> ist Teil der Gruppe der bemalten Kirchen, <a href=\"https:\/\/roadtoromania.com\/de\/denkmaeler-der-rumaenien-was-zu-sehen-in-rumaenien\/unesco-erbschaft-in-rumaenien\/\"> <strong>Weltkulturerbe<\/strong><\/a> der Unesco.<\/p>\n<p>\nGesch\u00fctzt durch eine mehr als einen Meter dicke und f\u00fcnf Meter hohe Umfassungsmauer, folgt sie dem Muster, das Stephan der Gro\u00dfe zum Schutz dieser Art von religi\u00f6sem Zentrum entworfen hatte <\/p>\n<p>.<\/p>\n<p>\nWie die anderen Kirchen in der Region <a href=\"https:\/\/roadtoromania.com\/de\/bucovina-und-seine-kloester\/\"> <strong>Bukowina<\/strong><\/a> strahlt die Sch\u00f6nheit der farbenfrohen und lebendigen Fresken, die das \u00c4u\u00dfere der Kirche schm\u00fccken und biblische und historische Szenen widerspiegeln, wie ein visueller Evangelist aus.<\/p>\n<\/ul>\n<p><img decoding=\"async\" src=\"https:\/\/roadtoromania.com\/wp-content\/uploads\/2022\/10\/moldovita_monasterio.jpg\" \/>Die Kirche des Moldovita-Klosters mit Au\u00dfenfresken<\/p>\n<p>\nDie Restaurierungsarbeiten erm\u00f6glichten die Wiederherstellung eines Teils der Fresken, die durch Witterungseinfl\u00fcsse besch\u00e4digt worden waren. Diejenigen auf der Nordseite, die das Leben der Jungfrau Maria oder den Heiligen Nikolaus darstellen, sind ziemlich besch\u00e4digt, w\u00e4hrend die auf der S\u00fcdseite, die den Asai-Baum oder die Hymne der Jungfrau Maria darstellen, die Ocker- und Blaut\u00f6ne behalten haben, die sie ber\u00fchmt gemacht haben <\/p>\n<p>.<\/ul>\n<p><img decoding=\"async\" src=\"https:\/\/roadtoromania.com\/wp-content\/uploads\/2022\/10\/monasterio_moldovita2.jpg\" \/>Die Fresken in der bemalten Kirche in Moldovita<\/p>\n<p>\nDas Innere der Kirche zeigt die Erhabenheit der rum\u00e4nischen Kunst. Das J\u00fcngste Gericht nimmt einen gro\u00dfen Teil der bildlichen Darstellung ein, wobei die Kuppel als &#8220;Leinwand&#8221; dient, auf der die architektonischen Formen die freskierten K\u00f6rper formen <\/p>\n<p>.<\/p>\n<p>\nWenn wir eine Unterkunft in Suceava haben, k\u00f6nnen wir eine Route der bemalten Kl\u00f6ster unternehmen und die Kl\u00f6ster von Arbore, Humor, Suceavita und Moldovita besuchen:<\/p>\n","protected":false},"excerpt":{"rendered":"<p>Das Moldovita-Kloster aus der Luft Das Moldovita-Kloster ist Teil der Gruppe der bemalten Kirchen, Weltkulturerbe der Unesco. Gesch\u00fctzt durch eine mehr als einen Meter dicke und f\u00fcnf Meter hohe Umfassungsmauer, folgt sie dem Muster, das Stephan der Gro\u00dfe zum Schutz dieser Art von religi\u00f6sem Zentrum entworfen hatte . Wie die anderen Kirchen in der Region &hellip;<\/p>\n<p class=\"read-more\"> <a class=\"\" href=\"https:\/\/roadtoromania.com\/de\/denkmaeler-der-rumaenien-was-zu-sehen-in-rumaenien\/kloster-moldovita\/\"> <span class=\"screen-reader-text\">Moldawien-Kloster<\/span> Read More \u00bb<\/a><\/p>\n","protected":false},"author":1,"featured_media":1667,"parent":3015,"menu_order":0,"comment_status":"open","ping_status":"closed","template":"","meta":{"site-sidebar-layout":"default","site-content-layout":"default","ast-global-header-display":"","ast-main-header-display":"","ast-hfb-above-header-display":"","ast-hfb-below-header-display":"","ast-hfb-mobile-header-display":"","site-post-title":"","ast-breadcrumbs-content":"","ast-featured-img":"","footer-sml-layout":"","theme-transparent-header-meta":"","adv-header-id-meta":"","stick-header-meta":"","header-above-stick-meta":"","header-main-stick-meta":"","header-below-stick-meta":"","footnotes":""},"class_list":["post-3035","page","type-page","status-publish","has-post-thumbnail","hentry"],"yoast_head":"<!-- This site is optimized with the Yoast SEO plugin v19.10 - https:\/\/yoast.com\/wordpress\/plugins\/seo\/ -->\n<title>Moldawien-Kloster - Road to Romania<\/title>\n<meta name=\"robots\" content=\"index, follow, max-snippet:-1, max-image-preview:large, max-video-preview:-1\" \/>\n<link rel=\"canonical\" href=\"https:\/\/roadtoromania.com\/de\/denkmaeler-der-rumaenien-was-zu-sehen-in-rumaenien\/kloster-moldovita\/\" \/>\n<meta property=\"og:locale\" content=\"de_DE\" \/>\n<meta property=\"og:type\" content=\"article\" \/>\n<meta property=\"og:title\" content=\"Moldawien-Kloster - Road to Romania\" \/>\n<meta property=\"og:description\" content=\"Das Moldovita-Kloster aus der Luft Das Moldovita-Kloster ist Teil der Gruppe der bemalten Kirchen, Weltkulturerbe der Unesco. Gesch\u00fctzt durch eine mehr als einen Meter dicke und f\u00fcnf Meter hohe Umfassungsmauer, folgt sie dem Muster, das Stephan der Gro\u00dfe zum Schutz dieser Art von religi\u00f6sem Zentrum entworfen hatte . Wie die anderen Kirchen in der Region &hellip; Moldawien-Kloster Read More \u00bb\" \/>\n<meta property=\"og:url\" content=\"https:\/\/roadtoromania.com\/de\/denkmaeler-der-rumaenien-was-zu-sehen-in-rumaenien\/kloster-moldovita\/\" \/>\n<meta property=\"og:site_name\" content=\"Road to Romania\" \/>\n<meta property=\"article:modified_time\" content=\"2022-10-15T22:17:03+00:00\" \/>\n<meta property=\"og:image\" content=\"https:\/\/roadtoromania.com\/wp-content\/uploads\/2022\/10\/monasterio_moldovita_cielo-1.jpg\" \/>\n\t<meta property=\"og:image:width\" content=\"768\" \/>\n\t<meta property=\"og:image:height\" content=\"762\" \/>\n\t<meta property=\"og:image:type\" content=\"image\/jpeg\" \/>\n<meta name=\"twitter:card\" content=\"summary_large_image\" \/>\n<meta name=\"twitter:label1\" content=\"Gesch\u00e4tzte Lesezeit\" \/>\n\t<meta name=\"twitter:data1\" content=\"1\u00a0Minute\" \/>\n<script type=\"application\/ld+json\" class=\"yoast-schema-graph\">{\"@context\":\"https:\/\/schema.org\",\"@graph\":[{\"@type\":\"WebPage\",\"@id\":\"https:\/\/roadtoromania.com\/de\/denkmaeler-der-rumaenien-was-zu-sehen-in-rumaenien\/kloster-moldovita\/\",\"url\":\"https:\/\/roadtoromania.com\/de\/denkmaeler-der-rumaenien-was-zu-sehen-in-rumaenien\/kloster-moldovita\/\",\"name\":\"Moldawien-Kloster - Road to Romania\",\"isPartOf\":{\"@id\":\"https:\/\/roadtoromania.com\/de\/#website\"},\"datePublished\":\"2022-10-15T18:40:18+00:00\",\"dateModified\":\"2022-10-15T22:17:03+00:00\",\"breadcrumb\":{\"@id\":\"https:\/\/roadtoromania.com\/de\/denkmaeler-der-rumaenien-was-zu-sehen-in-rumaenien\/kloster-moldovita\/#breadcrumb\"},\"inLanguage\":\"de\",\"potentialAction\":[{\"@type\":\"ReadAction\",\"target\":[\"https:\/\/roadtoromania.com\/de\/denkmaeler-der-rumaenien-was-zu-sehen-in-rumaenien\/kloster-moldovita\/\"]}]},{\"@type\":\"BreadcrumbList\",\"@id\":\"https:\/\/roadtoromania.com\/de\/denkmaeler-der-rumaenien-was-zu-sehen-in-rumaenien\/kloster-moldovita\/#breadcrumb\",\"itemListElement\":[{\"@type\":\"ListItem\",\"position\":1,\"name\":\"Home\",\"item\":\"https:\/\/roadtoromania.com\/de\/\"},{\"@type\":\"ListItem\",\"position\":2,\"name\":\"Moldawien-Kloster\"}]},{\"@type\":\"WebSite\",\"@id\":\"https:\/\/roadtoromania.com\/de\/#website\",\"url\":\"https:\/\/roadtoromania.com\/de\/\",\"name\":\"Road to Romania\",\"description\":\"Der Blog, in dem Sie alle Informationen finden, die Sie brauchen, um Rum\u00e4nien zu genie\u00dfen.\",\"potentialAction\":[{\"@type\":\"SearchAction\",\"target\":{\"@type\":\"EntryPoint\",\"urlTemplate\":\"https:\/\/roadtoromania.com\/de\/?s={search_term_string}\"},\"query-input\":\"required name=search_term_string\"}],\"inLanguage\":\"de\"}]}<\/script>\n<!-- \/ Yoast SEO plugin. -->","yoast_head_json":{"title":"Moldawien-Kloster - Road to Romania","robots":{"index":"index","follow":"follow","max-snippet":"max-snippet:-1","max-image-preview":"max-image-preview:large","max-video-preview":"max-video-preview:-1"},"canonical":"https:\/\/roadtoromania.com\/de\/denkmaeler-der-rumaenien-was-zu-sehen-in-rumaenien\/kloster-moldovita\/","og_locale":"de_DE","og_type":"article","og_title":"Moldawien-Kloster - Road to Romania","og_description":"Das Moldovita-Kloster aus der Luft Das Moldovita-Kloster ist Teil der Gruppe der bemalten Kirchen, Weltkulturerbe der Unesco. Gesch\u00fctzt durch eine mehr als einen Meter dicke und f\u00fcnf Meter hohe Umfassungsmauer, folgt sie dem Muster, das Stephan der Gro\u00dfe zum Schutz dieser Art von religi\u00f6sem Zentrum entworfen hatte . Wie die anderen Kirchen in der Region &hellip; Moldawien-Kloster Read More \u00bb","og_url":"https:\/\/roadtoromania.com\/de\/denkmaeler-der-rumaenien-was-zu-sehen-in-rumaenien\/kloster-moldovita\/","og_site_name":"Road to Romania","article_modified_time":"2022-10-15T22:17:03+00:00","og_image":[{"width":768,"height":762,"url":"https:\/\/roadtoromania.com\/wp-content\/uploads\/2022\/10\/monasterio_moldovita_cielo-1.jpg","type":"image\/jpeg"}],"twitter_card":"summary_large_image","twitter_misc":{"Gesch\u00e4tzte Lesezeit":"1\u00a0Minute"},"schema":{"@context":"https:\/\/schema.org","@graph":[{"@type":"WebPage","@id":"https:\/\/roadtoromania.com\/de\/denkmaeler-der-rumaenien-was-zu-sehen-in-rumaenien\/kloster-moldovita\/","url":"https:\/\/roadtoromania.com\/de\/denkmaeler-der-rumaenien-was-zu-sehen-in-rumaenien\/kloster-moldovita\/","name":"Moldawien-Kloster - Road to Romania","isPartOf":{"@id":"https:\/\/roadtoromania.com\/de\/#website"},"datePublished":"2022-10-15T18:40:18+00:00","dateModified":"2022-10-15T22:17:03+00:00","breadcrumb":{"@id":"https:\/\/roadtoromania.com\/de\/denkmaeler-der-rumaenien-was-zu-sehen-in-rumaenien\/kloster-moldovita\/#breadcrumb"},"inLanguage":"de","potentialAction":[{"@type":"ReadAction","target":["https:\/\/roadtoromania.com\/de\/denkmaeler-der-rumaenien-was-zu-sehen-in-rumaenien\/kloster-moldovita\/"]}]},{"@type":"BreadcrumbList","@id":"https:\/\/roadtoromania.com\/de\/denkmaeler-der-rumaenien-was-zu-sehen-in-rumaenien\/kloster-moldovita\/#breadcrumb","itemListElement":[{"@type":"ListItem","position":1,"name":"Home","item":"https:\/\/roadtoromania.com\/de\/"},{"@type":"ListItem","position":2,"name":"Moldawien-Kloster"}]},{"@type":"WebSite","@id":"https:\/\/roadtoromania.com\/de\/#website","url":"https:\/\/roadtoromania.com\/de\/","name":"Road to Romania","description":"Der Blog, in dem Sie alle Informationen finden, die Sie brauchen, um Rum\u00e4nien zu genie\u00dfen.","potentialAction":[{"@type":"SearchAction","target":{"@type":"EntryPoint","urlTemplate":"https:\/\/roadtoromania.com\/de\/?s={search_term_string}"},"query-input":"required name=search_term_string"}],"inLanguage":"de"}]}},"_links":{"self":[{"href":"https:\/\/roadtoromania.com\/de\/wp-json\/wp\/v2\/pages\/3035","targetHints":{"allow":["GET"]}}],"collection":[{"href":"https:\/\/roadtoromania.com\/de\/wp-json\/wp\/v2\/pages"}],"about":[{"href":"https:\/\/roadtoromania.com\/de\/wp-json\/wp\/v2\/types\/page"}],"author":[{"embeddable":true,"href":"https:\/\/roadtoromania.com\/de\/wp-json\/wp\/v2\/users\/1"}],"replies":[{"embeddable":true,"href":"https:\/\/roadtoromania.com\/de\/wp-json\/wp\/v2\/comments?post=3035"}],"version-history":[{"count":1,"href":"https:\/\/roadtoromania.com\/de\/wp-json\/wp\/v2\/pages\/3035\/revisions"}],"predecessor-version":[{"id":3036,"href":"https:\/\/roadtoromania.com\/de\/wp-json\/wp\/v2\/pages\/3035\/revisions\/3036"}],"up":[{"embeddable":true,"href":"https:\/\/roadtoromania.com\/de\/wp-json\/wp\/v2\/pages\/3015"}],"wp:featuredmedia":[{"embeddable":true,"href":"https:\/\/roadtoromania.com\/de\/wp-json\/wp\/v2\/media\/1667"}],"wp:attachment":[{"href":"https:\/\/roadtoromania.com\/de\/wp-json\/wp\/v2\/media?parent=3035"}],"curies":[{"name":"wp","href":"https:\/\/api.w.org\/{rel}","templated":true}]}}