{"id":3037,"date":"2022-10-15T18:40:18","date_gmt":"2022-10-15T18:40:18","guid":{"rendered":"https:\/\/roadtoromania.com\/kloster-von-snagow-und-das-grab-von-vlad-tepes\/"},"modified":"2022-10-15T22:17:03","modified_gmt":"2022-10-15T22:17:03","slug":"kloster-von-snagow-und-das-grab-von-vlad-tepes","status":"publish","type":"page","link":"https:\/\/roadtoromania.com\/de\/denkmaeler-der-rumaenien-was-zu-sehen-in-rumaenien\/kloster-von-snagow-und-das-grab-von-vlad-tepes\/","title":{"rendered":"Snagov-Kloster und das Grab von Vlad Tepes"},"content":{"rendered":"<p>Das <strong>Snagov-Kloster<\/strong> in der Walachei ist einer der meistbesuchten Orte Rum\u00e4niens. Die idyllische Seenlandschaft ist ein touristischer Erholungsort f\u00fcr die B\u00fcrger von <strong>Bukarest<\/strong> und sogar f\u00fcr viele von Ceascescus Parteif\u00fchrern, die in der N\u00e4he ihre Villen gebaut haben.<\/p>\n<p><img decoding=\"async\" src=\"https:\/\/roadtoromania.com\/wp-content\/uploads\/2022\/10\/monasterio_snagov_rumania.jpg\" \/>Kloster Snagov<\/p>\n<p>\nDas Kloster, das eng mit den walachischen F\u00fcrsten (domnitores) verbunden ist, liegt auf einer kleinen Insel, die nur mit kleinen Booten zu erreichen ist, die sie verbinden. Die h\u00f6lzerne Br\u00fccke, die sie fr\u00fcher verband, existiert nicht mehr, da sie nach dem Brand von 1821 nicht ersetzt wurde. Das Kloster wurde im 14. Jahrhundert gegr\u00fcndet und in den 1930er Jahren ausgegraben, indem die Flamme eines Dochtes entz\u00fcndet wurde, der noch heute brennt, n\u00e4mlich die des Grabes von Vlad Tepes.<\/p>\n<p>\nDas Innere ist reich verziert, mit polychromen Fresken im byzantinischen Stil an den W\u00e4nden. Mit seinem kreuzf\u00f6rmigen Grundriss lohnt es sich, innezuhalten und die Apsis zu bewundern <\/p>\n<p>.<\/p>\n<p>\nDer Besuch des Klosters ist angeblich kostenlos, aber in Wirklichkeit wird fast eine feste Geb\u00fchr erhoben, sowohl f\u00fcr die Benutzung der Boote zur \u00dcberfahrt auf die Insel als auch f\u00fcr den Eintritt, zu dem noch ein \u00fcberm\u00e4\u00dfig teurer Aufpreis hinzukommt, wenn wir Fotos machen wollen.<\/p>\n<p><img decoding=\"async\" src=\"https:\/\/roadtoromania.com\/wp-content\/uploads\/2022\/10\/snagov_monasterio.jpg\" \/>Luftaufnahme des Klosters Snagov<\/p>\n<h2>\n <strong>Die Gruft von &#8220;Dracula&#8221;<\/strong> <\/h2>\n<p>\nEin weiterer Grund f\u00fcr den Zustrom nach Snagov ist der Glaube, dass hier die \u00dcberreste von <strong>Vlad Tepes<\/strong> (der historischen Figur, auf der <strong>Bram Stoker<\/strong> Dracula<\/strong> basiert) begraben sind. Die historische Debatte zwischen denjenigen, die einigen der bei den Ausgrabungen gefundenen Skelette die Identit\u00e4t von Vlad dem Pf\u00e4hler zuschreiben, und denjenigen, die diese These ablehnen, ist eine der erbittertsten Auseinandersetzungen in Rum\u00e4nien.<\/p>\n<p>\nDer m\u00fcndlichen \u00dcberlieferung zufolge wurde er in den umliegenden W\u00e4ldern von den Adligen und der orthodoxen Kirche ermordet, die seine Heirat mit einer Katholikin verleugneten, um ein B\u00fcndnis mit den Ungarn zur Bek\u00e4mpfung der weltlichen Bedrohung durch die T\u00fcrken zu schlie\u00dfen. Der Kopf wurde nach Konstantinopel gebracht, um seinen Tod zu bezeugen, weshalb die Entdeckung von Skeletten mit K\u00f6pfen nicht so recht zum angeblichen Grab von Vlad Tepes passen will.<\/p>\n<p>\nOb es nun stimmt oder nicht, Snagov ist viel mehr als das, n\u00e4mlich das nat\u00fcrliche Gebiet der alten Codrul Vl\u0103siei-W\u00e4lder, die heute aufgrund des st\u00e4dtischen Wachstums und intensiver landwirtschaftlicher Aktivit\u00e4ten stark geschrumpft sind.<\/p>\n<p> Wie man nach Snagov kommt<\/strong> <\/h2>\n<p>\nDas Kloster ist nur 45 km von Bukarest entfernt, also folgen wir der Stra\u00dfe DN1\/E60 etwa 40 km nach Norden, bis wir in Ciolpani die Abzweigung zur DJ101C finden, die uns direkt zum Kloster f\u00fchrt, das ansonsten gut ausgeschildert ist <\/p>\n<p>.<\/p>\n<p>\nEs gibt auch Z\u00fcge vom Bukarester Gare de Nord zum Snagov-See, und wenn Sie Lust auf eine Bootsfahrt haben<\/p>\n<\/ul>\n<p> Karte der Lage des Klosters Snagov<\/strong> <\/p>\n<\/h2>\n","protected":false},"excerpt":{"rendered":"<p>Das Snagov-Kloster in der Walachei ist einer der meistbesuchten Orte Rum\u00e4niens. Die idyllische Seenlandschaft ist ein touristischer Erholungsort f\u00fcr die B\u00fcrger von Bukarest und sogar f\u00fcr viele von Ceascescus Parteif\u00fchrern, die in der N\u00e4he ihre Villen gebaut haben. Kloster Snagov Das Kloster, das eng mit den walachischen F\u00fcrsten (domnitores) verbunden ist, liegt auf einer kleinen &hellip;<\/p>\n<p class=\"read-more\"> <a class=\"\" href=\"https:\/\/roadtoromania.com\/de\/denkmaeler-der-rumaenien-was-zu-sehen-in-rumaenien\/kloster-von-snagow-und-das-grab-von-vlad-tepes\/\"> <span class=\"screen-reader-text\">Snagov-Kloster und das Grab von Vlad Tepes<\/span> Read More \u00bb<\/a><\/p>\n","protected":false},"author":1,"featured_media":1687,"parent":3015,"menu_order":0,"comment_status":"open","ping_status":"open","template":"","meta":{"site-sidebar-layout":"default","site-content-layout":"default","ast-global-header-display":"","ast-main-header-display":"","ast-hfb-above-header-display":"","ast-hfb-below-header-display":"","ast-hfb-mobile-header-display":"","site-post-title":"","ast-breadcrumbs-content":"","ast-featured-img":"","footer-sml-layout":"","theme-transparent-header-meta":"","adv-header-id-meta":"","stick-header-meta":"","header-above-stick-meta":"","header-main-stick-meta":"","header-below-stick-meta":"","footnotes":""},"class_list":["post-3037","page","type-page","status-publish","has-post-thumbnail","hentry"],"yoast_head":"<!-- This site is optimized with the Yoast SEO plugin v19.10 - https:\/\/yoast.com\/wordpress\/plugins\/seo\/ -->\n<title>Snagov-Kloster und das Grab von Vlad Tepes - Road to Romania<\/title>\n<meta name=\"robots\" content=\"index, follow, max-snippet:-1, max-image-preview:large, max-video-preview:-1\" \/>\n<link rel=\"canonical\" href=\"https:\/\/roadtoromania.com\/de\/denkmaeler-der-rumaenien-was-zu-sehen-in-rumaenien\/kloster-von-snagow-und-das-grab-von-vlad-tepes\/\" \/>\n<meta property=\"og:locale\" content=\"de_DE\" \/>\n<meta property=\"og:type\" content=\"article\" \/>\n<meta property=\"og:title\" content=\"Snagov-Kloster und das Grab von Vlad Tepes - Road to Romania\" \/>\n<meta property=\"og:description\" content=\"Das Snagov-Kloster in der Walachei ist einer der meistbesuchten Orte Rum\u00e4niens. Die idyllische Seenlandschaft ist ein touristischer Erholungsort f\u00fcr die B\u00fcrger von Bukarest und sogar f\u00fcr viele von Ceascescus Parteif\u00fchrern, die in der N\u00e4he ihre Villen gebaut haben. Kloster Snagov Das Kloster, das eng mit den walachischen F\u00fcrsten (domnitores) verbunden ist, liegt auf einer kleinen &hellip; Snagov-Kloster und das Grab von Vlad Tepes Read More \u00bb\" \/>\n<meta property=\"og:url\" content=\"https:\/\/roadtoromania.com\/de\/denkmaeler-der-rumaenien-was-zu-sehen-in-rumaenien\/kloster-von-snagow-und-das-grab-von-vlad-tepes\/\" \/>\n<meta property=\"og:site_name\" content=\"Road to Romania\" \/>\n<meta property=\"article:modified_time\" content=\"2022-10-15T22:17:03+00:00\" \/>\n<meta property=\"og:image\" content=\"https:\/\/roadtoromania.com\/wp-content\/uploads\/2022\/10\/monasterio_snagov_rumania-1.jpg\" \/>\n\t<meta property=\"og:image:width\" content=\"768\" \/>\n\t<meta property=\"og:image:height\" content=\"510\" \/>\n\t<meta property=\"og:image:type\" content=\"image\/jpeg\" \/>\n<meta name=\"twitter:card\" content=\"summary_large_image\" \/>\n<meta name=\"twitter:label1\" content=\"Gesch\u00e4tzte Lesezeit\" \/>\n\t<meta name=\"twitter:data1\" content=\"2\u00a0Minuten\" \/>\n<script type=\"application\/ld+json\" class=\"yoast-schema-graph\">{\"@context\":\"https:\/\/schema.org\",\"@graph\":[{\"@type\":\"WebPage\",\"@id\":\"https:\/\/roadtoromania.com\/de\/denkmaeler-der-rumaenien-was-zu-sehen-in-rumaenien\/kloster-von-snagow-und-das-grab-von-vlad-tepes\/\",\"url\":\"https:\/\/roadtoromania.com\/de\/denkmaeler-der-rumaenien-was-zu-sehen-in-rumaenien\/kloster-von-snagow-und-das-grab-von-vlad-tepes\/\",\"name\":\"Snagov-Kloster und das Grab von Vlad Tepes - Road to Romania\",\"isPartOf\":{\"@id\":\"https:\/\/roadtoromania.com\/de\/#website\"},\"datePublished\":\"2022-10-15T18:40:18+00:00\",\"dateModified\":\"2022-10-15T22:17:03+00:00\",\"breadcrumb\":{\"@id\":\"https:\/\/roadtoromania.com\/de\/denkmaeler-der-rumaenien-was-zu-sehen-in-rumaenien\/kloster-von-snagow-und-das-grab-von-vlad-tepes\/#breadcrumb\"},\"inLanguage\":\"de\",\"potentialAction\":[{\"@type\":\"ReadAction\",\"target\":[\"https:\/\/roadtoromania.com\/de\/denkmaeler-der-rumaenien-was-zu-sehen-in-rumaenien\/kloster-von-snagow-und-das-grab-von-vlad-tepes\/\"]}]},{\"@type\":\"BreadcrumbList\",\"@id\":\"https:\/\/roadtoromania.com\/de\/denkmaeler-der-rumaenien-was-zu-sehen-in-rumaenien\/kloster-von-snagow-und-das-grab-von-vlad-tepes\/#breadcrumb\",\"itemListElement\":[{\"@type\":\"ListItem\",\"position\":1,\"name\":\"Home\",\"item\":\"https:\/\/roadtoromania.com\/de\/\"},{\"@type\":\"ListItem\",\"position\":2,\"name\":\"Snagov-Kloster und das Grab von Vlad Tepes\"}]},{\"@type\":\"WebSite\",\"@id\":\"https:\/\/roadtoromania.com\/de\/#website\",\"url\":\"https:\/\/roadtoromania.com\/de\/\",\"name\":\"Road to Romania\",\"description\":\"Der Blog, in dem Sie alle Informationen finden, die Sie brauchen, um Rum\u00e4nien zu genie\u00dfen.\",\"potentialAction\":[{\"@type\":\"SearchAction\",\"target\":{\"@type\":\"EntryPoint\",\"urlTemplate\":\"https:\/\/roadtoromania.com\/de\/?s={search_term_string}\"},\"query-input\":\"required name=search_term_string\"}],\"inLanguage\":\"de\"}]}<\/script>\n<!-- \/ Yoast SEO plugin. -->","yoast_head_json":{"title":"Snagov-Kloster und das Grab von Vlad Tepes - Road to Romania","robots":{"index":"index","follow":"follow","max-snippet":"max-snippet:-1","max-image-preview":"max-image-preview:large","max-video-preview":"max-video-preview:-1"},"canonical":"https:\/\/roadtoromania.com\/de\/denkmaeler-der-rumaenien-was-zu-sehen-in-rumaenien\/kloster-von-snagow-und-das-grab-von-vlad-tepes\/","og_locale":"de_DE","og_type":"article","og_title":"Snagov-Kloster und das Grab von Vlad Tepes - Road to Romania","og_description":"Das Snagov-Kloster in der Walachei ist einer der meistbesuchten Orte Rum\u00e4niens. Die idyllische Seenlandschaft ist ein touristischer Erholungsort f\u00fcr die B\u00fcrger von Bukarest und sogar f\u00fcr viele von Ceascescus Parteif\u00fchrern, die in der N\u00e4he ihre Villen gebaut haben. Kloster Snagov Das Kloster, das eng mit den walachischen F\u00fcrsten (domnitores) verbunden ist, liegt auf einer kleinen &hellip; Snagov-Kloster und das Grab von Vlad Tepes Read More \u00bb","og_url":"https:\/\/roadtoromania.com\/de\/denkmaeler-der-rumaenien-was-zu-sehen-in-rumaenien\/kloster-von-snagow-und-das-grab-von-vlad-tepes\/","og_site_name":"Road to Romania","article_modified_time":"2022-10-15T22:17:03+00:00","og_image":[{"width":768,"height":510,"url":"https:\/\/roadtoromania.com\/wp-content\/uploads\/2022\/10\/monasterio_snagov_rumania-1.jpg","type":"image\/jpeg"}],"twitter_card":"summary_large_image","twitter_misc":{"Gesch\u00e4tzte Lesezeit":"2\u00a0Minuten"},"schema":{"@context":"https:\/\/schema.org","@graph":[{"@type":"WebPage","@id":"https:\/\/roadtoromania.com\/de\/denkmaeler-der-rumaenien-was-zu-sehen-in-rumaenien\/kloster-von-snagow-und-das-grab-von-vlad-tepes\/","url":"https:\/\/roadtoromania.com\/de\/denkmaeler-der-rumaenien-was-zu-sehen-in-rumaenien\/kloster-von-snagow-und-das-grab-von-vlad-tepes\/","name":"Snagov-Kloster und das Grab von Vlad Tepes - Road to Romania","isPartOf":{"@id":"https:\/\/roadtoromania.com\/de\/#website"},"datePublished":"2022-10-15T18:40:18+00:00","dateModified":"2022-10-15T22:17:03+00:00","breadcrumb":{"@id":"https:\/\/roadtoromania.com\/de\/denkmaeler-der-rumaenien-was-zu-sehen-in-rumaenien\/kloster-von-snagow-und-das-grab-von-vlad-tepes\/#breadcrumb"},"inLanguage":"de","potentialAction":[{"@type":"ReadAction","target":["https:\/\/roadtoromania.com\/de\/denkmaeler-der-rumaenien-was-zu-sehen-in-rumaenien\/kloster-von-snagow-und-das-grab-von-vlad-tepes\/"]}]},{"@type":"BreadcrumbList","@id":"https:\/\/roadtoromania.com\/de\/denkmaeler-der-rumaenien-was-zu-sehen-in-rumaenien\/kloster-von-snagow-und-das-grab-von-vlad-tepes\/#breadcrumb","itemListElement":[{"@type":"ListItem","position":1,"name":"Home","item":"https:\/\/roadtoromania.com\/de\/"},{"@type":"ListItem","position":2,"name":"Snagov-Kloster und das Grab von Vlad Tepes"}]},{"@type":"WebSite","@id":"https:\/\/roadtoromania.com\/de\/#website","url":"https:\/\/roadtoromania.com\/de\/","name":"Road to Romania","description":"Der Blog, in dem Sie alle Informationen finden, die Sie brauchen, um Rum\u00e4nien zu genie\u00dfen.","potentialAction":[{"@type":"SearchAction","target":{"@type":"EntryPoint","urlTemplate":"https:\/\/roadtoromania.com\/de\/?s={search_term_string}"},"query-input":"required name=search_term_string"}],"inLanguage":"de"}]}},"_links":{"self":[{"href":"https:\/\/roadtoromania.com\/de\/wp-json\/wp\/v2\/pages\/3037","targetHints":{"allow":["GET"]}}],"collection":[{"href":"https:\/\/roadtoromania.com\/de\/wp-json\/wp\/v2\/pages"}],"about":[{"href":"https:\/\/roadtoromania.com\/de\/wp-json\/wp\/v2\/types\/page"}],"author":[{"embeddable":true,"href":"https:\/\/roadtoromania.com\/de\/wp-json\/wp\/v2\/users\/1"}],"replies":[{"embeddable":true,"href":"https:\/\/roadtoromania.com\/de\/wp-json\/wp\/v2\/comments?post=3037"}],"version-history":[{"count":1,"href":"https:\/\/roadtoromania.com\/de\/wp-json\/wp\/v2\/pages\/3037\/revisions"}],"predecessor-version":[{"id":3038,"href":"https:\/\/roadtoromania.com\/de\/wp-json\/wp\/v2\/pages\/3037\/revisions\/3038"}],"up":[{"embeddable":true,"href":"https:\/\/roadtoromania.com\/de\/wp-json\/wp\/v2\/pages\/3015"}],"wp:featuredmedia":[{"embeddable":true,"href":"https:\/\/roadtoromania.com\/de\/wp-json\/wp\/v2\/media\/1687"}],"wp:attachment":[{"href":"https:\/\/roadtoromania.com\/de\/wp-json\/wp\/v2\/media?parent=3037"}],"curies":[{"name":"wp","href":"https:\/\/api.w.org\/{rel}","templated":true}]}}