{"id":3039,"date":"2022-10-15T18:40:18","date_gmt":"2022-10-15T18:40:18","guid":{"rendered":"https:\/\/roadtoromania.com\/kloester-der-moldau\/"},"modified":"2022-10-22T12:07:38","modified_gmt":"2022-10-22T12:07:38","slug":"kloester-der-moldau","status":"publish","type":"page","link":"https:\/\/roadtoromania.com\/de\/denkmaeler-der-rumaenien-was-zu-sehen-in-rumaenien\/kloester-der-moldau\/","title":{"rendered":"Kl\u00f6ster in Moldawien"},"content":{"rendered":"<p>Die <strong>Kl\u00f6ster der <a href=\"https:\/\/roadtoromania.com\/monumenti-della-romania-cosa-vedere-in-romania\/moldova-romania\/\"> rum\u00e4nischen Region Moldawien<\/a> <\/strong> sind eine der wichtigsten Touristenattraktionen Rum\u00e4niens. Die N\u00e4he zwischen ihnen erm\u00f6glicht einen ein- oder zweit\u00e4gigen Rundgang, der uns die besondere Architektur und den Lebensstil einer auch heute noch lebendigen M\u00f6nchsgemeinschaft n\u00e4her bringt. Die Stadt <strong>Tirgu Neamt<\/strong> ist &#8211; wie <a href=\"https:\/\/roadtoromania.com\/de\/staedte-und-regionen-rumaeniens\/suceava\/\"> <strong>Suceava<\/strong><\/a> f\u00fcr die <a href=\"https:\/\/roadtoromania.com\/de\/bucovina-und-seine-kloester\/\"> <strong>Kl\u00f6ster der Bukowina<\/strong><\/a> &#8211; der neuralgische Punkt, um den herum sich die wichtigsten moldawischen Klosterzentren befinden.<\/p>\n<p>\nDie Besichtigung der Kl\u00f6ster kann auf eigene Faust oder im Rahmen einer Tour erfolgen, die Sie zwischen den Kl\u00f6stern hin- und herf\u00fchrt, ohne dass Sie sich um die Anfahrt oder das Auffinden der Kl\u00f6ster k\u00fcmmern m\u00fcssen, und bei der Sie die M\u00f6glichkeit haben, die Kl\u00f6ster eingehend kennenzulernen und in einigen sogar zu \u00fcbernachten.<\/p>\n<p>\nDas interessanteste und dasjenige, dessen Besuch wir priorisieren sollten, ist das <strong>Neamt-Kloster<\/strong> , das \u00e4lteste in Moldawien (14. Jahrhundert) und bekannt als das Jerusalem der rum\u00e4nischen Orthodoxen. Die heutige Kirche stammt aus dem Jahr 1497 und wurde von Stephan dem Gro\u00dfen an der Stelle gegr\u00fcndet, an der fr\u00fcher andere Kirchen standen (eine davon wurde bei dem Erdbeben von 1471 zerst\u00f6rt). Neamt war im Mittelalter ein wichtiges kulturelles Zentrum, in dem Kopisten und Miniaturisten lebten, deren Handwerk noch heute erhalten ist. Die Bibliothek von Neamt enth\u00e4lt mehr als 20.000 B\u00e4nde von gro\u00dfem k\u00fcnstlerischen und historischen Wert und ist damit eine der wichtigsten Bibliotheken Rum\u00e4niens. Ein weiterer Schatz ist die 665 in Israel gemalte Marienikone, ein Geschenk des byzantinischen Kaisers Ion VIII. an die Pal\u00e4ologen <\/p>\n<p>.<\/p>\n<p>\n18 km von Tirgu Neamt entfernt liegt das Kloster <strong>Secu<\/strong> , dessen Kirche aus dem 16. Jahrhundert Elemente der moldawischen und muntenischen Architektur vereint. Erbaut in Form einer alten mittelalterlichen Festung, gesch\u00fctzt durch Mauern und T\u00fcrme, beherbergt sie neben einer beeindruckenden Sammlung religi\u00f6ser Gegenst\u00e4nde, insbesondere Gold- und Silberarbeiten, auch das Grab des Architekten Nestor Ureche <\/p>\n<p>.<br \/>\n<a href=\"https:\/\/roadtoromania.com\/wp-content\/uploads\/2022\/10\/sihastria-monasterio.jpg\"><img decoding=\"async\" src=\"https:\/\/roadtoromania.com\/wp-content\/uploads\/2022\/10\/sihastria-monasterio.jpg\" \/><\/a> Das Innere des Klosters Sihastria<\/p>\n<p>\nEine weitere bedeutende St\u00e4tte ist das <strong>Agapia-Kloster<\/strong> , das fast in ein Klosterdorf umgewandelt wurde, in dem heute Hunderte von Nonnen leben und in der Landwirtschaft arbeiten und religi\u00f6se Gegenst\u00e4nde, Ikonen, Stoffe und Keramik herstellen, die an andere Kirchen und nat\u00fcrlich an Touristen verkauft werden. Es wurde in der Mitte des 17. Jahrhunderts gegr\u00fcndet und die Dekoration des Klosters im byzantinisch-neoklassischen Stil mit traditionellen rum\u00e4nischen Themen ist das Werk des ber\u00fchmten Malers Nicolae Grigorescu aus den Jahren 1858-60.<\/p>\n<p>\n <strong>Varatec<\/strong> ist eines der j\u00fcngsten Kl\u00f6ster, das seit seiner Gr\u00fcndung im 16. Jahrhundert mehrfach renoviert wurde. Das heutige Geb\u00e4ude stammt aus dem Jahr 1808 und ist im traditionellen moldauischen Stil gehalten. Dieser Komplex besteht aus dem Kloster &#8220;Adormirea Maicii Domnului&#8221;, der Kirche &#8220;Schimbarea la Fata und der Kirche St. Johannes Baptisterium. Es beherbergt das Grab des Dichters Mihai Eminescu, Veronica Micle, und stellt eine Sammlung mittelalterlicher Kunst aus <\/p>\n<p>.<\/p>\n<p>\nIn der N\u00e4he von <strong>Horezu<\/strong> , etwa 6 km nordwestlich, befindet sich das <strong>Kloster Bistrita<\/strong> aus dem Jahr 1856, das allerdings \u00fcber einer mittelalterlichen Kirche aus dem Jahr 1406 errichtet wurde. Zu den H\u00f6hepunkten geh\u00f6ren die Fresken im Inneren, die Ikone der heiligen Anna in der Klosterkirche, das Grab des moldawischen F\u00fcrsten Alexandru cel Bun und die byzantinischen Wandmalereien in der Kapelle der ehemaligen Krankenstation.<\/p>\n<p><img decoding=\"async\" src=\"https:\/\/roadtoromania.com\/wp-content\/uploads\/2022\/10\/durau-monasterio-rumania.jpg\" \/><img decoding=\"async\" src=\"data:image\/gif;base64,R0lGODdhAQABAPAAAMPDwwAAACwAAAAAAQABAAACAkQBADs=\" \/><\/a> Kloster Surau, am Fu\u00dfe des Berges Ceahlau und seines Nationalparks. <\/p>\n<p>\nSchlie\u00dflich das <strong>Kloster von Durau<\/strong> , aus dem 17. Jahrhundert, das Werk eines der S\u00f6hne des Herrschers Vasile Lupu, und dessen Malereien von Nicolae Tonitza mit seinem Team von Lehrlingen vollendet wurden, unter denen Corneliu Baba einer der herausragendsten war.<\/p>\n<p>\nWenn wir noch Zeit haben, k\u00f6nnen wir die Kl\u00f6ster <strong>Sihastria<\/strong> mit seiner sch\u00f6nen Innenausstattung, <strong>Pangarati<\/strong> (1560) und <strong>Sihla<\/strong> , 6 km von Sihastria entfernt, besuchen, ein Heiligtum (1725), in dem die heilige Theodora gelebt und gebetet haben soll und zu dem jeden 7. August Gl\u00e4ubige aus ganz Rum\u00e4nien pilgern.<\/p>\n","protected":false},"excerpt":{"rendered":"<p>Die Kl\u00f6ster der rum\u00e4nischen Region Moldawien sind eine der wichtigsten Touristenattraktionen Rum\u00e4niens. Die N\u00e4he zwischen ihnen erm\u00f6glicht einen ein- oder zweit\u00e4gigen Rundgang, der uns die besondere Architektur und den Lebensstil einer auch heute noch lebendigen M\u00f6nchsgemeinschaft n\u00e4her bringt. Die Stadt Tirgu Neamt ist &#8211; wie Suceava f\u00fcr die Kl\u00f6ster der Bukowina &#8211; der neuralgische Punkt, &hellip;<\/p>\n<p class=\"read-more\"> <a class=\"\" href=\"https:\/\/roadtoromania.com\/de\/denkmaeler-der-rumaenien-was-zu-sehen-in-rumaenien\/kloester-der-moldau\/\"> <span class=\"screen-reader-text\">Kl\u00f6ster in Moldawien<\/span> Read More \u00bb<\/a><\/p>\n","protected":false},"author":1,"featured_media":1701,"parent":3015,"menu_order":0,"comment_status":"open","ping_status":"open","template":"","meta":{"site-sidebar-layout":"default","site-content-layout":"default","ast-global-header-display":"","ast-main-header-display":"","ast-hfb-above-header-display":"","ast-hfb-below-header-display":"","ast-hfb-mobile-header-display":"","site-post-title":"","ast-breadcrumbs-content":"","ast-featured-img":"","footer-sml-layout":"","theme-transparent-header-meta":"default","adv-header-id-meta":"","stick-header-meta":"","header-above-stick-meta":"","header-main-stick-meta":"","header-below-stick-meta":"","footnotes":""},"class_list":["post-3039","page","type-page","status-publish","has-post-thumbnail","hentry"],"yoast_head":"<!-- This site is optimized with the Yoast SEO plugin v19.10 - https:\/\/yoast.com\/wordpress\/plugins\/seo\/ -->\n<title>Kl\u00f6ster in Moldawien - Road to Romania<\/title>\n<meta name=\"robots\" content=\"index, follow, max-snippet:-1, max-image-preview:large, max-video-preview:-1\" \/>\n<link rel=\"canonical\" href=\"https:\/\/roadtoromania.com\/de\/denkmaeler-der-rumaenien-was-zu-sehen-in-rumaenien\/kloester-der-moldau\/\" \/>\n<meta property=\"og:locale\" content=\"de_DE\" \/>\n<meta property=\"og:type\" content=\"article\" \/>\n<meta property=\"og:title\" content=\"Kl\u00f6ster in Moldawien - Road to Romania\" \/>\n<meta property=\"og:description\" content=\"Die Kl\u00f6ster der rum\u00e4nischen Region Moldawien sind eine der wichtigsten Touristenattraktionen Rum\u00e4niens. Die N\u00e4he zwischen ihnen erm\u00f6glicht einen ein- oder zweit\u00e4gigen Rundgang, der uns die besondere Architektur und den Lebensstil einer auch heute noch lebendigen M\u00f6nchsgemeinschaft n\u00e4her bringt. Die Stadt Tirgu Neamt ist &#8211; wie Suceava f\u00fcr die Kl\u00f6ster der Bukowina &#8211; der neuralgische Punkt, &hellip; Kl\u00f6ster in Moldawien Read More \u00bb\" \/>\n<meta property=\"og:url\" content=\"https:\/\/roadtoromania.com\/de\/denkmaeler-der-rumaenien-was-zu-sehen-in-rumaenien\/kloester-der-moldau\/\" \/>\n<meta property=\"og:site_name\" content=\"Road to Romania\" \/>\n<meta property=\"article:modified_time\" content=\"2022-10-22T12:07:38+00:00\" \/>\n<meta property=\"og:image\" content=\"https:\/\/roadtoromania.com\/wp-content\/uploads\/2022\/10\/sihastria-monasterio-1.jpg\" \/>\n\t<meta property=\"og:image:width\" content=\"640\" \/>\n\t<meta property=\"og:image:height\" content=\"426\" \/>\n\t<meta property=\"og:image:type\" content=\"image\/jpeg\" \/>\n<meta name=\"twitter:card\" content=\"summary_large_image\" \/>\n<meta name=\"twitter:label1\" content=\"Gesch\u00e4tzte Lesezeit\" \/>\n\t<meta name=\"twitter:data1\" content=\"5\u00a0Minuten\" \/>\n<script type=\"application\/ld+json\" class=\"yoast-schema-graph\">{\"@context\":\"https:\/\/schema.org\",\"@graph\":[{\"@type\":\"WebPage\",\"@id\":\"https:\/\/roadtoromania.com\/de\/denkmaeler-der-rumaenien-was-zu-sehen-in-rumaenien\/kloester-der-moldau\/\",\"url\":\"https:\/\/roadtoromania.com\/de\/denkmaeler-der-rumaenien-was-zu-sehen-in-rumaenien\/kloester-der-moldau\/\",\"name\":\"Kl\u00f6ster in Moldawien - Road to Romania\",\"isPartOf\":{\"@id\":\"https:\/\/roadtoromania.com\/de\/#website\"},\"datePublished\":\"2022-10-15T18:40:18+00:00\",\"dateModified\":\"2022-10-22T12:07:38+00:00\",\"breadcrumb\":{\"@id\":\"https:\/\/roadtoromania.com\/de\/denkmaeler-der-rumaenien-was-zu-sehen-in-rumaenien\/kloester-der-moldau\/#breadcrumb\"},\"inLanguage\":\"de\",\"potentialAction\":[{\"@type\":\"ReadAction\",\"target\":[\"https:\/\/roadtoromania.com\/de\/denkmaeler-der-rumaenien-was-zu-sehen-in-rumaenien\/kloester-der-moldau\/\"]}]},{\"@type\":\"BreadcrumbList\",\"@id\":\"https:\/\/roadtoromania.com\/de\/denkmaeler-der-rumaenien-was-zu-sehen-in-rumaenien\/kloester-der-moldau\/#breadcrumb\",\"itemListElement\":[{\"@type\":\"ListItem\",\"position\":1,\"name\":\"Home\",\"item\":\"https:\/\/roadtoromania.com\/de\/\"},{\"@type\":\"ListItem\",\"position\":2,\"name\":\"Denkm\u00e4ler in Rum\u00e4nien &#8211; Was gibt es in Rum\u00e4nien zu sehen\",\"item\":\"https:\/\/roadtoromania.com\/de\/denkmaeler-der-rumaenien-was-zu-sehen-in-rumaenien\/\"},{\"@type\":\"ListItem\",\"position\":3,\"name\":\"Kl\u00f6ster in Moldawien\"}]},{\"@type\":\"WebSite\",\"@id\":\"https:\/\/roadtoromania.com\/de\/#website\",\"url\":\"https:\/\/roadtoromania.com\/de\/\",\"name\":\"Road to Romania\",\"description\":\"Der Blog, in dem Sie alle Informationen finden, die Sie brauchen, um Rum\u00e4nien zu genie\u00dfen.\",\"potentialAction\":[{\"@type\":\"SearchAction\",\"target\":{\"@type\":\"EntryPoint\",\"urlTemplate\":\"https:\/\/roadtoromania.com\/de\/?s={search_term_string}\"},\"query-input\":\"required name=search_term_string\"}],\"inLanguage\":\"de\"}]}<\/script>\n<!-- \/ Yoast SEO plugin. -->","yoast_head_json":{"title":"Kl\u00f6ster in Moldawien - Road to Romania","robots":{"index":"index","follow":"follow","max-snippet":"max-snippet:-1","max-image-preview":"max-image-preview:large","max-video-preview":"max-video-preview:-1"},"canonical":"https:\/\/roadtoromania.com\/de\/denkmaeler-der-rumaenien-was-zu-sehen-in-rumaenien\/kloester-der-moldau\/","og_locale":"de_DE","og_type":"article","og_title":"Kl\u00f6ster in Moldawien - Road to Romania","og_description":"Die Kl\u00f6ster der rum\u00e4nischen Region Moldawien sind eine der wichtigsten Touristenattraktionen Rum\u00e4niens. Die N\u00e4he zwischen ihnen erm\u00f6glicht einen ein- oder zweit\u00e4gigen Rundgang, der uns die besondere Architektur und den Lebensstil einer auch heute noch lebendigen M\u00f6nchsgemeinschaft n\u00e4her bringt. Die Stadt Tirgu Neamt ist &#8211; wie Suceava f\u00fcr die Kl\u00f6ster der Bukowina &#8211; der neuralgische Punkt, &hellip; Kl\u00f6ster in Moldawien Read More \u00bb","og_url":"https:\/\/roadtoromania.com\/de\/denkmaeler-der-rumaenien-was-zu-sehen-in-rumaenien\/kloester-der-moldau\/","og_site_name":"Road to Romania","article_modified_time":"2022-10-22T12:07:38+00:00","og_image":[{"width":640,"height":426,"url":"https:\/\/roadtoromania.com\/wp-content\/uploads\/2022\/10\/sihastria-monasterio-1.jpg","type":"image\/jpeg"}],"twitter_card":"summary_large_image","twitter_misc":{"Gesch\u00e4tzte Lesezeit":"5\u00a0Minuten"},"schema":{"@context":"https:\/\/schema.org","@graph":[{"@type":"WebPage","@id":"https:\/\/roadtoromania.com\/de\/denkmaeler-der-rumaenien-was-zu-sehen-in-rumaenien\/kloester-der-moldau\/","url":"https:\/\/roadtoromania.com\/de\/denkmaeler-der-rumaenien-was-zu-sehen-in-rumaenien\/kloester-der-moldau\/","name":"Kl\u00f6ster in Moldawien - Road to Romania","isPartOf":{"@id":"https:\/\/roadtoromania.com\/de\/#website"},"datePublished":"2022-10-15T18:40:18+00:00","dateModified":"2022-10-22T12:07:38+00:00","breadcrumb":{"@id":"https:\/\/roadtoromania.com\/de\/denkmaeler-der-rumaenien-was-zu-sehen-in-rumaenien\/kloester-der-moldau\/#breadcrumb"},"inLanguage":"de","potentialAction":[{"@type":"ReadAction","target":["https:\/\/roadtoromania.com\/de\/denkmaeler-der-rumaenien-was-zu-sehen-in-rumaenien\/kloester-der-moldau\/"]}]},{"@type":"BreadcrumbList","@id":"https:\/\/roadtoromania.com\/de\/denkmaeler-der-rumaenien-was-zu-sehen-in-rumaenien\/kloester-der-moldau\/#breadcrumb","itemListElement":[{"@type":"ListItem","position":1,"name":"Home","item":"https:\/\/roadtoromania.com\/de\/"},{"@type":"ListItem","position":2,"name":"Denkm\u00e4ler in Rum\u00e4nien &#8211; Was gibt es in Rum\u00e4nien zu sehen","item":"https:\/\/roadtoromania.com\/de\/denkmaeler-der-rumaenien-was-zu-sehen-in-rumaenien\/"},{"@type":"ListItem","position":3,"name":"Kl\u00f6ster in Moldawien"}]},{"@type":"WebSite","@id":"https:\/\/roadtoromania.com\/de\/#website","url":"https:\/\/roadtoromania.com\/de\/","name":"Road to Romania","description":"Der Blog, in dem Sie alle Informationen finden, die Sie brauchen, um Rum\u00e4nien zu genie\u00dfen.","potentialAction":[{"@type":"SearchAction","target":{"@type":"EntryPoint","urlTemplate":"https:\/\/roadtoromania.com\/de\/?s={search_term_string}"},"query-input":"required name=search_term_string"}],"inLanguage":"de"}]}},"_links":{"self":[{"href":"https:\/\/roadtoromania.com\/de\/wp-json\/wp\/v2\/pages\/3039","targetHints":{"allow":["GET"]}}],"collection":[{"href":"https:\/\/roadtoromania.com\/de\/wp-json\/wp\/v2\/pages"}],"about":[{"href":"https:\/\/roadtoromania.com\/de\/wp-json\/wp\/v2\/types\/page"}],"author":[{"embeddable":true,"href":"https:\/\/roadtoromania.com\/de\/wp-json\/wp\/v2\/users\/1"}],"replies":[{"embeddable":true,"href":"https:\/\/roadtoromania.com\/de\/wp-json\/wp\/v2\/comments?post=3039"}],"version-history":[{"count":2,"href":"https:\/\/roadtoromania.com\/de\/wp-json\/wp\/v2\/pages\/3039\/revisions"}],"predecessor-version":[{"id":4233,"href":"https:\/\/roadtoromania.com\/de\/wp-json\/wp\/v2\/pages\/3039\/revisions\/4233"}],"up":[{"embeddable":true,"href":"https:\/\/roadtoromania.com\/de\/wp-json\/wp\/v2\/pages\/3015"}],"wp:featuredmedia":[{"embeddable":true,"href":"https:\/\/roadtoromania.com\/de\/wp-json\/wp\/v2\/media\/1701"}],"wp:attachment":[{"href":"https:\/\/roadtoromania.com\/de\/wp-json\/wp\/v2\/media?parent=3039"}],"curies":[{"name":"wp","href":"https:\/\/api.w.org\/{rel}","templated":true}]}}