{"id":3041,"date":"2022-10-15T18:40:18","date_gmt":"2022-10-15T18:40:18","guid":{"rendered":"https:\/\/roadtoromania.com\/unesco-erbschaft-in-rumaenien\/"},"modified":"2022-10-15T22:17:04","modified_gmt":"2022-10-15T22:17:04","slug":"unesco-erbschaft-in-rumaenien","status":"publish","type":"page","link":"https:\/\/roadtoromania.com\/de\/denkmaeler-der-rumaenien-was-zu-sehen-in-rumaenien\/unesco-erbschaft-in-rumaenien\/","title":{"rendered":"Unesco-Erbe in Rum\u00e4nien"},"content":{"rendered":"<p><a href=\"https:\/\/roadtoromania.com\/wp-content\/uploads\/2022\/10\/sighisoara-patrimonio-unesco.jpg\"><img decoding=\"async\" src=\"https:\/\/roadtoromania.com\/wp-content\/uploads\/2022\/10\/sighisoara-patrimonio-unesco.jpg\" \/><\/a> S\u00e4chsischer Turm von Sighisoara, seit 1999 Weltkulturerbe.<\/p>\n<p>\nRum\u00e4nien hat ein <strong>Unesco<\/strong> Erbe, das dem Touristen, der seine Reise mit dem Aufschlagen des Rum\u00e4nien-Reisef\u00fchrers beginnt, kaum bekannt ist.Sie sind jedoch keine minderen Beispiele f\u00fcr die architektonischen und kulturellen Sch\u00e4tze, die entlang unserer Route zu finden sind.<\/p>\n<p>\nDie <strong>Holzkirchen von <a href=\"https:\/\/roadtoromania.com\/de\/staedte-und-regionen-rumaeniens\/region-maramures\/\">Maramures<\/a> s<\/strong> sind ein gutes Beispiel daf\u00fcr. Verstreut in der Grenzregion zur Ukraine, schlecht ausgeschildert und fast immer am Ende einer Stra\u00dfe, auf der man sich schon verirrt zu haben glaubt, \u00f6ffnen die Holzkirchen (bisericas) der Maramures oft ihre T\u00fcren, dank der Nachbarn, die uns ihren Stil zeigen, der weit entfernt ist von den prunkvollen Gottesh\u00e4usern in Spanien oder Italien.<\/p>\n<p>\nDie <a href=\"https:\/\/roadtoromania.com\/de\/bucovina-und-seine-kloester\/\"> <strong>Kl\u00f6ster der Bukowina<\/strong><\/a> sind vielleicht das am h\u00e4ufigsten wiederkehrende Bild auf den touristischen Titelseiten von Rum\u00e4nien. Die pr\u00e4chtigen Au\u00dfenfresken, die nach einer m\u00fchsamen Restaurierung gl\u00fccklicherweise wiederhergestellt werden konnten, beeindrucken durch ihr farbenfrohes Schauspiel und die Ruhe der landschaftlichen Umgebung, in der sich die M\u00f6nche tummeln, um ihrer Gebetsroutine zu folgen. Die Kl\u00f6ster von <strong><a href=\"https:\/\/roadtoromania.com\/de\/staedte-und-regionen-rumaeniens\/suceava\/arbore-kirche\/\"> Arbore<\/a> , Humor, <a href=\"https:\/\/roadtoromania.com\/de\/denkmaeler-der-rumaenien-was-zu-sehen-in-rumaenien\/kloster-kozia\/\"> <strong>Moldovita<\/strong><\/a> , Patrauti, Voronet, Suceavita<\/strong> oder <strong>Neamt<\/strong> stellen neben anderen kleineren Kl\u00f6stern die gr\u00f6\u00dfte Konzentration von Wandmalereien weltweit dar.<\/p>\n<p>\nDie s\u00e4chsische Stadt <strong><a href=\"https:\/\/roadtoromania.com\/de\/staedte-und-regionen-rumaeniens\/sighisoara\/\">Sighisoara<\/a> <\/strong> ist der wichtigste monumentale Komplex Rum\u00e4niens. Die gesamte Stadt ist Teil eines mittelalterlichen, wenig ver\u00e4nderten Stadtkomplexes, der von der Unesco nicht \u00fcbersehen wurde <\/p>\n<p>.<\/p>\n<p>\nIn S\u00fcdrum\u00e4nien sind die <strong>dakischen Festungen des Orastie-Gebirges<\/strong> die antiken Siedlungen des dakischen Volkes aus der Zeit zwischen I v. Chr. und I n. Chr., vor der r\u00f6mischen Invasion. Obwohl die \u00dcberreste nicht sehr repr\u00e4sentativ sind, hat die umfangreiche Dokumentation, die durch die arch\u00e4ologischen Ausgrabungen ans Licht gebracht wurde, die hohe kulturelle Entwicklung der Daker verdeutlicht <\/p>\n<p>.<\/p>\n<p>\nDie <strong>Kirchenburgen Siebenb\u00fcrgens<\/strong> waren im Sp\u00e4tmittelalter echte Festungen. Die Bauernfestung von <a href=\"https:\/\/roadtoromania.com\/de\/denkmaeler-der-rumaenien-was-zu-sehen-in-rumaenien\/kirche-befestigt-von-prejmer\/\"> <strong>Prejmer<\/strong><\/a> wurde als die vollst\u00e4ndigste und am besten erhaltene in Siebenb\u00fcrgen zum Unesco-Weltkulturerbe erkl\u00e4rt, obwohl die vollst\u00e4ndige Liste auch <a href=\"\"> <strong>Birth\u00e4lm<\/strong><\/a> , C\u00e2lnic, Viscri, D\u00e2rjiu, Saschiz und Valea Viilor umfasst. <\/p>\n<p> <strong><\/p>\n<p>Kl\u00f6ster des Olt-Tals<\/strong> . Eines davon, das Kloster von Horezu, wurde in die Liste des Unesco-Kulturerbes aufgenommen. Sie sind die perfekte Manifestation der walachischen Kunst des 14. bis 18. Jahrhunderts. Diese religi\u00f6sen Zentren, die mit der Geschichte der Woiwodschaft verbunden sind, sind nicht nur immer noch aktiv, sondern ihre Gemeinschaft w\u00e4chst auch jedes Jahr.<\/p>\n<p>\nDas<a href=\"https:\/\/roadtoromania.com\/de\/natur-rumaenien\/donaudelta\/\"> <\/a> Donaudelta, das 1991 in die Liste des UNESCO-Weltkulturerbes aufgenommen wurde, bewahrt eine Vielzahl unterschiedlicher \u00d6kosysteme, die in Europa einzigartig sind. Hunderte von Tier- und Pflanzenarten sind in den vom Schwarzen Meer bew\u00e4sserten S\u00fcmpfen verstreut <\/p>\n<p>.<\/p>\n<p>\nDie folgenden St\u00e4tten und Denkm\u00e4ler stehen auf der Liste der St\u00e4tten, die von der UNESCO gepr\u00fcft werden, so dass sie m\u00f6glicherweise bald in die Liste des Welterbes aufgenommen werden <\/p>\n<p>.<\/p>\n<p>\n<a href=\"https:\/\/roadtoromania.com\/de\/staedte-und-regionen-rumaeniens\/sibiu\/\"> <strong>Das historische Zentrum von Sibiu<\/strong><\/a> mit dem Gro\u00dfen Platz und den ihn umgebenden Geb\u00e4uden und Mauern.<\/p>\n","protected":false},"excerpt":{"rendered":"<p>S\u00e4chsischer Turm von Sighisoara, seit 1999 Weltkulturerbe. Rum\u00e4nien hat ein Unesco Erbe, das dem Touristen, der seine Reise mit dem Aufschlagen des Rum\u00e4nien-Reisef\u00fchrers beginnt, kaum bekannt ist.Sie sind jedoch keine minderen Beispiele f\u00fcr die architektonischen und kulturellen Sch\u00e4tze, die entlang unserer Route zu finden sind. Die Holzkirchen von Maramures s sind ein gutes Beispiel daf\u00fcr. &hellip;<\/p>\n<p class=\"read-more\"> <a class=\"\" href=\"https:\/\/roadtoromania.com\/de\/denkmaeler-der-rumaenien-was-zu-sehen-in-rumaenien\/unesco-erbschaft-in-rumaenien\/\"> <span class=\"screen-reader-text\">Unesco-Erbe in Rum\u00e4nien<\/span> Read More \u00bb<\/a><\/p>\n","protected":false},"author":1,"featured_media":1709,"parent":3015,"menu_order":0,"comment_status":"open","ping_status":"open","template":"","meta":{"site-sidebar-layout":"default","site-content-layout":"default","ast-global-header-display":"","ast-main-header-display":"","ast-hfb-above-header-display":"","ast-hfb-below-header-display":"","ast-hfb-mobile-header-display":"","site-post-title":"","ast-breadcrumbs-content":"","ast-featured-img":"","footer-sml-layout":"","theme-transparent-header-meta":"default","adv-header-id-meta":"","stick-header-meta":"","header-above-stick-meta":"","header-main-stick-meta":"","header-below-stick-meta":"","footnotes":""},"class_list":["post-3041","page","type-page","status-publish","has-post-thumbnail","hentry"],"yoast_head":"<!-- This site is optimized with the Yoast SEO plugin v19.10 - https:\/\/yoast.com\/wordpress\/plugins\/seo\/ -->\n<title>Unesco-Erbe in Rum\u00e4nien - Road to Romania<\/title>\n<meta name=\"robots\" content=\"index, follow, max-snippet:-1, max-image-preview:large, max-video-preview:-1\" \/>\n<link rel=\"canonical\" href=\"https:\/\/roadtoromania.com\/de\/denkmaeler-der-rumaenien-was-zu-sehen-in-rumaenien\/unesco-erbschaft-in-rumaenien\/\" \/>\n<meta property=\"og:locale\" content=\"de_DE\" \/>\n<meta property=\"og:type\" content=\"article\" \/>\n<meta property=\"og:title\" content=\"Unesco-Erbe in Rum\u00e4nien - Road to Romania\" \/>\n<meta property=\"og:description\" content=\"S\u00e4chsischer Turm von Sighisoara, seit 1999 Weltkulturerbe. Rum\u00e4nien hat ein Unesco Erbe, das dem Touristen, der seine Reise mit dem Aufschlagen des Rum\u00e4nien-Reisef\u00fchrers beginnt, kaum bekannt ist.Sie sind jedoch keine minderen Beispiele f\u00fcr die architektonischen und kulturellen Sch\u00e4tze, die entlang unserer Route zu finden sind. Die Holzkirchen von Maramures s sind ein gutes Beispiel daf\u00fcr. &hellip; Unesco-Erbe in Rum\u00e4nien Read More \u00bb\" \/>\n<meta property=\"og:url\" content=\"https:\/\/roadtoromania.com\/de\/denkmaeler-der-rumaenien-was-zu-sehen-in-rumaenien\/unesco-erbschaft-in-rumaenien\/\" \/>\n<meta property=\"og:site_name\" content=\"Road to Romania\" \/>\n<meta property=\"article:modified_time\" content=\"2022-10-15T22:17:04+00:00\" \/>\n<meta property=\"og:image\" content=\"https:\/\/roadtoromania.com\/wp-content\/uploads\/2022\/10\/sighisoara-patrimonio-unesco-1.jpg\" \/>\n\t<meta property=\"og:image:width\" content=\"768\" \/>\n\t<meta property=\"og:image:height\" content=\"1024\" \/>\n\t<meta property=\"og:image:type\" content=\"image\/jpeg\" \/>\n<meta name=\"twitter:card\" content=\"summary_large_image\" \/>\n<meta name=\"twitter:label1\" content=\"Gesch\u00e4tzte Lesezeit\" \/>\n\t<meta name=\"twitter:data1\" content=\"2\u00a0Minuten\" \/>\n<script type=\"application\/ld+json\" class=\"yoast-schema-graph\">{\"@context\":\"https:\/\/schema.org\",\"@graph\":[{\"@type\":\"WebPage\",\"@id\":\"https:\/\/roadtoromania.com\/de\/denkmaeler-der-rumaenien-was-zu-sehen-in-rumaenien\/unesco-erbschaft-in-rumaenien\/\",\"url\":\"https:\/\/roadtoromania.com\/de\/denkmaeler-der-rumaenien-was-zu-sehen-in-rumaenien\/unesco-erbschaft-in-rumaenien\/\",\"name\":\"Unesco-Erbe in Rum\u00e4nien - Road to Romania\",\"isPartOf\":{\"@id\":\"https:\/\/roadtoromania.com\/de\/#website\"},\"datePublished\":\"2022-10-15T18:40:18+00:00\",\"dateModified\":\"2022-10-15T22:17:04+00:00\",\"breadcrumb\":{\"@id\":\"https:\/\/roadtoromania.com\/de\/denkmaeler-der-rumaenien-was-zu-sehen-in-rumaenien\/unesco-erbschaft-in-rumaenien\/#breadcrumb\"},\"inLanguage\":\"de\",\"potentialAction\":[{\"@type\":\"ReadAction\",\"target\":[\"https:\/\/roadtoromania.com\/de\/denkmaeler-der-rumaenien-was-zu-sehen-in-rumaenien\/unesco-erbschaft-in-rumaenien\/\"]}]},{\"@type\":\"BreadcrumbList\",\"@id\":\"https:\/\/roadtoromania.com\/de\/denkmaeler-der-rumaenien-was-zu-sehen-in-rumaenien\/unesco-erbschaft-in-rumaenien\/#breadcrumb\",\"itemListElement\":[{\"@type\":\"ListItem\",\"position\":1,\"name\":\"Home\",\"item\":\"https:\/\/roadtoromania.com\/de\/\"},{\"@type\":\"ListItem\",\"position\":2,\"name\":\"Unesco-Erbe in Rum\u00e4nien\"}]},{\"@type\":\"WebSite\",\"@id\":\"https:\/\/roadtoromania.com\/de\/#website\",\"url\":\"https:\/\/roadtoromania.com\/de\/\",\"name\":\"Road to Romania\",\"description\":\"Der Blog, in dem Sie alle Informationen finden, die Sie brauchen, um Rum\u00e4nien zu genie\u00dfen.\",\"potentialAction\":[{\"@type\":\"SearchAction\",\"target\":{\"@type\":\"EntryPoint\",\"urlTemplate\":\"https:\/\/roadtoromania.com\/de\/?s={search_term_string}\"},\"query-input\":\"required name=search_term_string\"}],\"inLanguage\":\"de\"}]}<\/script>\n<!-- \/ Yoast SEO plugin. -->","yoast_head_json":{"title":"Unesco-Erbe in Rum\u00e4nien - Road to Romania","robots":{"index":"index","follow":"follow","max-snippet":"max-snippet:-1","max-image-preview":"max-image-preview:large","max-video-preview":"max-video-preview:-1"},"canonical":"https:\/\/roadtoromania.com\/de\/denkmaeler-der-rumaenien-was-zu-sehen-in-rumaenien\/unesco-erbschaft-in-rumaenien\/","og_locale":"de_DE","og_type":"article","og_title":"Unesco-Erbe in Rum\u00e4nien - Road to Romania","og_description":"S\u00e4chsischer Turm von Sighisoara, seit 1999 Weltkulturerbe. Rum\u00e4nien hat ein Unesco Erbe, das dem Touristen, der seine Reise mit dem Aufschlagen des Rum\u00e4nien-Reisef\u00fchrers beginnt, kaum bekannt ist.Sie sind jedoch keine minderen Beispiele f\u00fcr die architektonischen und kulturellen Sch\u00e4tze, die entlang unserer Route zu finden sind. Die Holzkirchen von Maramures s sind ein gutes Beispiel daf\u00fcr. &hellip; Unesco-Erbe in Rum\u00e4nien Read More \u00bb","og_url":"https:\/\/roadtoromania.com\/de\/denkmaeler-der-rumaenien-was-zu-sehen-in-rumaenien\/unesco-erbschaft-in-rumaenien\/","og_site_name":"Road to Romania","article_modified_time":"2022-10-15T22:17:04+00:00","og_image":[{"width":768,"height":1024,"url":"https:\/\/roadtoromania.com\/wp-content\/uploads\/2022\/10\/sighisoara-patrimonio-unesco-1.jpg","type":"image\/jpeg"}],"twitter_card":"summary_large_image","twitter_misc":{"Gesch\u00e4tzte Lesezeit":"2\u00a0Minuten"},"schema":{"@context":"https:\/\/schema.org","@graph":[{"@type":"WebPage","@id":"https:\/\/roadtoromania.com\/de\/denkmaeler-der-rumaenien-was-zu-sehen-in-rumaenien\/unesco-erbschaft-in-rumaenien\/","url":"https:\/\/roadtoromania.com\/de\/denkmaeler-der-rumaenien-was-zu-sehen-in-rumaenien\/unesco-erbschaft-in-rumaenien\/","name":"Unesco-Erbe in Rum\u00e4nien - Road to Romania","isPartOf":{"@id":"https:\/\/roadtoromania.com\/de\/#website"},"datePublished":"2022-10-15T18:40:18+00:00","dateModified":"2022-10-15T22:17:04+00:00","breadcrumb":{"@id":"https:\/\/roadtoromania.com\/de\/denkmaeler-der-rumaenien-was-zu-sehen-in-rumaenien\/unesco-erbschaft-in-rumaenien\/#breadcrumb"},"inLanguage":"de","potentialAction":[{"@type":"ReadAction","target":["https:\/\/roadtoromania.com\/de\/denkmaeler-der-rumaenien-was-zu-sehen-in-rumaenien\/unesco-erbschaft-in-rumaenien\/"]}]},{"@type":"BreadcrumbList","@id":"https:\/\/roadtoromania.com\/de\/denkmaeler-der-rumaenien-was-zu-sehen-in-rumaenien\/unesco-erbschaft-in-rumaenien\/#breadcrumb","itemListElement":[{"@type":"ListItem","position":1,"name":"Home","item":"https:\/\/roadtoromania.com\/de\/"},{"@type":"ListItem","position":2,"name":"Unesco-Erbe in Rum\u00e4nien"}]},{"@type":"WebSite","@id":"https:\/\/roadtoromania.com\/de\/#website","url":"https:\/\/roadtoromania.com\/de\/","name":"Road to Romania","description":"Der Blog, in dem Sie alle Informationen finden, die Sie brauchen, um Rum\u00e4nien zu genie\u00dfen.","potentialAction":[{"@type":"SearchAction","target":{"@type":"EntryPoint","urlTemplate":"https:\/\/roadtoromania.com\/de\/?s={search_term_string}"},"query-input":"required name=search_term_string"}],"inLanguage":"de"}]}},"_links":{"self":[{"href":"https:\/\/roadtoromania.com\/de\/wp-json\/wp\/v2\/pages\/3041","targetHints":{"allow":["GET"]}}],"collection":[{"href":"https:\/\/roadtoromania.com\/de\/wp-json\/wp\/v2\/pages"}],"about":[{"href":"https:\/\/roadtoromania.com\/de\/wp-json\/wp\/v2\/types\/page"}],"author":[{"embeddable":true,"href":"https:\/\/roadtoromania.com\/de\/wp-json\/wp\/v2\/users\/1"}],"replies":[{"embeddable":true,"href":"https:\/\/roadtoromania.com\/de\/wp-json\/wp\/v2\/comments?post=3041"}],"version-history":[{"count":1,"href":"https:\/\/roadtoromania.com\/de\/wp-json\/wp\/v2\/pages\/3041\/revisions"}],"predecessor-version":[{"id":3042,"href":"https:\/\/roadtoromania.com\/de\/wp-json\/wp\/v2\/pages\/3041\/revisions\/3042"}],"up":[{"embeddable":true,"href":"https:\/\/roadtoromania.com\/de\/wp-json\/wp\/v2\/pages\/3015"}],"wp:featuredmedia":[{"embeddable":true,"href":"https:\/\/roadtoromania.com\/de\/wp-json\/wp\/v2\/media\/1709"}],"wp:attachment":[{"href":"https:\/\/roadtoromania.com\/de\/wp-json\/wp\/v2\/media?parent=3041"}],"curies":[{"name":"wp","href":"https:\/\/api.w.org\/{rel}","templated":true}]}}