{"id":3045,"date":"2022-10-15T18:40:18","date_gmt":"2022-10-15T18:40:18","guid":{"rendered":"https:\/\/roadtoromania.com\/wasserfall-bigar-izvorul-bigar\/"},"modified":"2022-10-15T22:17:05","modified_gmt":"2022-10-15T22:17:05","slug":"wasserfall-bigar-izvorul-bigar","status":"publish","type":"page","link":"https:\/\/roadtoromania.com\/de\/natur-rumaenien\/wasserfall-bigar-izvorul-bigar\/","title":{"rendered":"Bigar Wasserfall Bigar Quelle"},"content":{"rendered":"<p>Die <strong>-Wasserf\u00e4lle von Bigar<\/strong> gelten als einer der sch\u00f6nsten Wasserf\u00e4lle der Welt. Ihr au\u00dfergew\u00f6hnlichstes Merkmal sind die von Vegetation bedeckten Felsen und der Wasserfall, der sich \u00fcber den Fluss <strong>Minis<\/strong> st\u00fcrzt.<\/p>\n<p><img decoding=\"async\" src=\"https:\/\/roadtoromania.com\/wp-content\/uploads\/2022\/10\/cascada_bigar.jpg\" \/>Bigar-Wasserfall in Rum\u00e4nien<\/p>\n<p>\nDer Kontrast zwischen dem kristallklaren Wasser, das aus dem <strong>Aninei-Gebirge<\/strong> herabflie\u00dft, und dem gr\u00fcnen Moosteppich, der den Felsen bedeckt, in den das Wasser st\u00fcrzt, macht ihn zu einem der Wunder Rum\u00e4niens, zu dem Tausende von Touristen kommen, darunter die ber\u00fchmtesten Naturfotografen der Welt.<\/p>\n<p>\nDer Kalksteinfelsen beg\u00fcnstigt die Bildung und Anhaftung von Moos, so dass sich an der Stelle des Wasserfalls eine Art moosbewachsene Steinglocke bildet. Durch die Erosion des Flusses hat sich ein innerer Hohlraum gebildet, der durch das herabst\u00fcrzende Wasser des Wasserfalls gesch\u00fctzt wird.<\/p>\n<p><img decoding=\"async\" src=\"https:\/\/roadtoromania.com\/wp-content\/uploads\/2022\/10\/cascada_bigar_rumania.jpg\" \/>Das Wasser f\u00e4llt den Bigar-Wasserfall hinunter.<\/p>\n<h2>\n <strong>Wie man zum Bigar-Wasserfall kommt<\/strong> <\/h2>\n<p>\nUm zum Bigar-Wasserfall zu gelangen, startet man normalerweise von <strong>Timisoara<\/strong> , der n\u00e4chstgelegenen Stadt im Westen Rum\u00e4niens (mit eigenem Flughafen). Von dort aus ist es eine zweist\u00fcndige Fahrt oder ein organisierter Ausflug. Der Wasserfall liegt an der Nationalstra\u00dfe 57 B, zwischen Oravita und Bozovici <\/p>\n<p>.<\/p>\n","protected":false},"excerpt":{"rendered":"<p>Die -Wasserf\u00e4lle von Bigar gelten als einer der sch\u00f6nsten Wasserf\u00e4lle der Welt. Ihr au\u00dfergew\u00f6hnlichstes Merkmal sind die von Vegetation bedeckten Felsen und der Wasserfall, der sich \u00fcber den Fluss Minis st\u00fcrzt. Bigar-Wasserfall in Rum\u00e4nien Der Kontrast zwischen dem kristallklaren Wasser, das aus dem Aninei-Gebirge herabflie\u00dft, und dem gr\u00fcnen Moosteppich, der den Felsen bedeckt, in den &hellip;<\/p>\n<p class=\"read-more\"> <a class=\"\" href=\"https:\/\/roadtoromania.com\/de\/natur-rumaenien\/wasserfall-bigar-izvorul-bigar\/\"> <span class=\"screen-reader-text\">Bigar Wasserfall Bigar Quelle<\/span> Read More \u00bb<\/a><\/p>\n","protected":false},"author":1,"featured_media":1725,"parent":3043,"menu_order":0,"comment_status":"open","ping_status":"open","template":"","meta":{"site-sidebar-layout":"default","site-content-layout":"default","ast-global-header-display":"","ast-main-header-display":"","ast-hfb-above-header-display":"","ast-hfb-below-header-display":"","ast-hfb-mobile-header-display":"","site-post-title":"","ast-breadcrumbs-content":"","ast-featured-img":"","footer-sml-layout":"","theme-transparent-header-meta":"","adv-header-id-meta":"","stick-header-meta":"","header-above-stick-meta":"","header-main-stick-meta":"","header-below-stick-meta":"","footnotes":""},"class_list":["post-3045","page","type-page","status-publish","has-post-thumbnail","hentry"],"yoast_head":"<!-- This site is optimized with the Yoast SEO plugin v19.10 - https:\/\/yoast.com\/wordpress\/plugins\/seo\/ -->\n<title>Bigar Wasserfall Bigar Quelle - Road to Romania<\/title>\n<meta name=\"robots\" content=\"index, follow, max-snippet:-1, max-image-preview:large, max-video-preview:-1\" \/>\n<link rel=\"canonical\" href=\"https:\/\/roadtoromania.com\/de\/natur-rumaenien\/wasserfall-bigar-izvorul-bigar\/\" \/>\n<meta property=\"og:locale\" content=\"de_DE\" \/>\n<meta property=\"og:type\" content=\"article\" \/>\n<meta property=\"og:title\" content=\"Bigar Wasserfall Bigar Quelle - Road to Romania\" \/>\n<meta property=\"og:description\" content=\"Die -Wasserf\u00e4lle von Bigar gelten als einer der sch\u00f6nsten Wasserf\u00e4lle der Welt. Ihr au\u00dfergew\u00f6hnlichstes Merkmal sind die von Vegetation bedeckten Felsen und der Wasserfall, der sich \u00fcber den Fluss Minis st\u00fcrzt. Bigar-Wasserfall in Rum\u00e4nien Der Kontrast zwischen dem kristallklaren Wasser, das aus dem Aninei-Gebirge herabflie\u00dft, und dem gr\u00fcnen Moosteppich, der den Felsen bedeckt, in den &hellip; Bigar Wasserfall Bigar Quelle Read More \u00bb\" \/>\n<meta property=\"og:url\" content=\"https:\/\/roadtoromania.com\/de\/natur-rumaenien\/wasserfall-bigar-izvorul-bigar\/\" \/>\n<meta property=\"og:site_name\" content=\"Road to Romania\" \/>\n<meta property=\"article:modified_time\" content=\"2022-10-15T22:17:05+00:00\" \/>\n<meta property=\"og:image\" content=\"https:\/\/roadtoromania.com\/wp-content\/uploads\/2022\/10\/cascada_bigar-1.jpg\" \/>\n\t<meta property=\"og:image:width\" content=\"700\" \/>\n\t<meta property=\"og:image:height\" content=\"465\" \/>\n\t<meta property=\"og:image:type\" content=\"image\/jpeg\" \/>\n<meta name=\"twitter:card\" content=\"summary_large_image\" \/>\n<meta name=\"twitter:label1\" content=\"Gesch\u00e4tzte Lesezeit\" \/>\n\t<meta name=\"twitter:data1\" content=\"1\u00a0Minute\" \/>\n<script type=\"application\/ld+json\" class=\"yoast-schema-graph\">{\"@context\":\"https:\/\/schema.org\",\"@graph\":[{\"@type\":\"WebPage\",\"@id\":\"https:\/\/roadtoromania.com\/de\/natur-rumaenien\/wasserfall-bigar-izvorul-bigar\/\",\"url\":\"https:\/\/roadtoromania.com\/de\/natur-rumaenien\/wasserfall-bigar-izvorul-bigar\/\",\"name\":\"Bigar Wasserfall Bigar Quelle - Road to Romania\",\"isPartOf\":{\"@id\":\"https:\/\/roadtoromania.com\/de\/#website\"},\"datePublished\":\"2022-10-15T18:40:18+00:00\",\"dateModified\":\"2022-10-15T22:17:05+00:00\",\"breadcrumb\":{\"@id\":\"https:\/\/roadtoromania.com\/de\/natur-rumaenien\/wasserfall-bigar-izvorul-bigar\/#breadcrumb\"},\"inLanguage\":\"de\",\"potentialAction\":[{\"@type\":\"ReadAction\",\"target\":[\"https:\/\/roadtoromania.com\/de\/natur-rumaenien\/wasserfall-bigar-izvorul-bigar\/\"]}]},{\"@type\":\"BreadcrumbList\",\"@id\":\"https:\/\/roadtoromania.com\/de\/natur-rumaenien\/wasserfall-bigar-izvorul-bigar\/#breadcrumb\",\"itemListElement\":[{\"@type\":\"ListItem\",\"position\":1,\"name\":\"Home\",\"item\":\"https:\/\/roadtoromania.com\/de\/\"},{\"@type\":\"ListItem\",\"position\":2,\"name\":\"Bigar Wasserfall Bigar Quelle\"}]},{\"@type\":\"WebSite\",\"@id\":\"https:\/\/roadtoromania.com\/de\/#website\",\"url\":\"https:\/\/roadtoromania.com\/de\/\",\"name\":\"Road to Romania\",\"description\":\"Der Blog, in dem Sie alle Informationen finden, die Sie brauchen, um Rum\u00e4nien zu genie\u00dfen.\",\"potentialAction\":[{\"@type\":\"SearchAction\",\"target\":{\"@type\":\"EntryPoint\",\"urlTemplate\":\"https:\/\/roadtoromania.com\/de\/?s={search_term_string}\"},\"query-input\":\"required name=search_term_string\"}],\"inLanguage\":\"de\"}]}<\/script>\n<!-- \/ Yoast SEO plugin. -->","yoast_head_json":{"title":"Bigar Wasserfall Bigar Quelle - Road to Romania","robots":{"index":"index","follow":"follow","max-snippet":"max-snippet:-1","max-image-preview":"max-image-preview:large","max-video-preview":"max-video-preview:-1"},"canonical":"https:\/\/roadtoromania.com\/de\/natur-rumaenien\/wasserfall-bigar-izvorul-bigar\/","og_locale":"de_DE","og_type":"article","og_title":"Bigar Wasserfall Bigar Quelle - Road to Romania","og_description":"Die -Wasserf\u00e4lle von Bigar gelten als einer der sch\u00f6nsten Wasserf\u00e4lle der Welt. Ihr au\u00dfergew\u00f6hnlichstes Merkmal sind die von Vegetation bedeckten Felsen und der Wasserfall, der sich \u00fcber den Fluss Minis st\u00fcrzt. Bigar-Wasserfall in Rum\u00e4nien Der Kontrast zwischen dem kristallklaren Wasser, das aus dem Aninei-Gebirge herabflie\u00dft, und dem gr\u00fcnen Moosteppich, der den Felsen bedeckt, in den &hellip; Bigar Wasserfall Bigar Quelle Read More \u00bb","og_url":"https:\/\/roadtoromania.com\/de\/natur-rumaenien\/wasserfall-bigar-izvorul-bigar\/","og_site_name":"Road to Romania","article_modified_time":"2022-10-15T22:17:05+00:00","og_image":[{"width":700,"height":465,"url":"https:\/\/roadtoromania.com\/wp-content\/uploads\/2022\/10\/cascada_bigar-1.jpg","type":"image\/jpeg"}],"twitter_card":"summary_large_image","twitter_misc":{"Gesch\u00e4tzte Lesezeit":"1\u00a0Minute"},"schema":{"@context":"https:\/\/schema.org","@graph":[{"@type":"WebPage","@id":"https:\/\/roadtoromania.com\/de\/natur-rumaenien\/wasserfall-bigar-izvorul-bigar\/","url":"https:\/\/roadtoromania.com\/de\/natur-rumaenien\/wasserfall-bigar-izvorul-bigar\/","name":"Bigar Wasserfall Bigar Quelle - Road to Romania","isPartOf":{"@id":"https:\/\/roadtoromania.com\/de\/#website"},"datePublished":"2022-10-15T18:40:18+00:00","dateModified":"2022-10-15T22:17:05+00:00","breadcrumb":{"@id":"https:\/\/roadtoromania.com\/de\/natur-rumaenien\/wasserfall-bigar-izvorul-bigar\/#breadcrumb"},"inLanguage":"de","potentialAction":[{"@type":"ReadAction","target":["https:\/\/roadtoromania.com\/de\/natur-rumaenien\/wasserfall-bigar-izvorul-bigar\/"]}]},{"@type":"BreadcrumbList","@id":"https:\/\/roadtoromania.com\/de\/natur-rumaenien\/wasserfall-bigar-izvorul-bigar\/#breadcrumb","itemListElement":[{"@type":"ListItem","position":1,"name":"Home","item":"https:\/\/roadtoromania.com\/de\/"},{"@type":"ListItem","position":2,"name":"Bigar Wasserfall Bigar Quelle"}]},{"@type":"WebSite","@id":"https:\/\/roadtoromania.com\/de\/#website","url":"https:\/\/roadtoromania.com\/de\/","name":"Road to Romania","description":"Der Blog, in dem Sie alle Informationen finden, die Sie brauchen, um Rum\u00e4nien zu genie\u00dfen.","potentialAction":[{"@type":"SearchAction","target":{"@type":"EntryPoint","urlTemplate":"https:\/\/roadtoromania.com\/de\/?s={search_term_string}"},"query-input":"required name=search_term_string"}],"inLanguage":"de"}]}},"_links":{"self":[{"href":"https:\/\/roadtoromania.com\/de\/wp-json\/wp\/v2\/pages\/3045","targetHints":{"allow":["GET"]}}],"collection":[{"href":"https:\/\/roadtoromania.com\/de\/wp-json\/wp\/v2\/pages"}],"about":[{"href":"https:\/\/roadtoromania.com\/de\/wp-json\/wp\/v2\/types\/page"}],"author":[{"embeddable":true,"href":"https:\/\/roadtoromania.com\/de\/wp-json\/wp\/v2\/users\/1"}],"replies":[{"embeddable":true,"href":"https:\/\/roadtoromania.com\/de\/wp-json\/wp\/v2\/comments?post=3045"}],"version-history":[{"count":1,"href":"https:\/\/roadtoromania.com\/de\/wp-json\/wp\/v2\/pages\/3045\/revisions"}],"predecessor-version":[{"id":3046,"href":"https:\/\/roadtoromania.com\/de\/wp-json\/wp\/v2\/pages\/3045\/revisions\/3046"}],"up":[{"embeddable":true,"href":"https:\/\/roadtoromania.com\/de\/wp-json\/wp\/v2\/pages\/3043"}],"wp:featuredmedia":[{"embeddable":true,"href":"https:\/\/roadtoromania.com\/de\/wp-json\/wp\/v2\/media\/1725"}],"wp:attachment":[{"href":"https:\/\/roadtoromania.com\/de\/wp-json\/wp\/v2\/media?parent=3045"}],"curies":[{"name":"wp","href":"https:\/\/api.w.org\/{rel}","templated":true}]}}