{"id":3047,"date":"2022-10-15T18:40:18","date_gmt":"2022-10-15T18:40:18","guid":{"rendered":"https:\/\/roadtoromania.com\/hoehlengletscher-der-scarisoara\/"},"modified":"2022-10-22T12:14:13","modified_gmt":"2022-10-22T12:14:13","slug":"hoehlengletscher-der-scarisoara","status":"publish","type":"page","link":"https:\/\/roadtoromania.com\/de\/natur-rumaenien\/hoehlengletscher-der-scarisoara\/","title":{"rendered":"Scarisoara Gletscherh\u00f6hle"},"content":{"rendered":"<p><img decoding=\"async\" src=\"https:\/\/roadtoromania.com\/wp-content\/uploads\/2022\/10\/naturaleza-transilvania-cueva.jpg\" \/> Die Gletscherh\u00f6hle von Scarisoara ist eine der gro\u00dfen touristischen Attraktionen Siebenb\u00fcrgens. Hier ist der Zugang zur unterirdischen H\u00f6hle. Foto: domide3832<\/p>\n<p>Die Scarisoara-Gletscherh\u00f6hle ist eines der attraktivsten touristischen Ziele in der Region <a href=\"https:\/\/roadtoromania.com\/de\/staedte-und-regionen-rumaeniens\/transsilvanien\/\">Siebenb\u00fcrgen<\/a> , nat\u00fcrlich neben dem <a href=\"https:\/\/roadtoromania.com\/de\/denkmaeler-der-rumaenien-was-zu-sehen-in-rumaenien\/schloss-von-bran-das-schloss-der-dracula\/\">Bran Stroker Schloss<\/a> . Es befindet sich in den <strong>Apusen Mountains<\/strong> i, im <strong>Apuseni National Park<\/strong> und liegt auf einer H\u00f6he von <strong>1265 m.<\/strong> . Es handelt sich um eine unterirdische <strong>Gletscherh\u00f6hle &#8211; die gr\u00f6\u00dfte in Rum\u00e4nien<\/strong> , das den zweitgr\u00f6\u00dften Gletscher der Welt besitzt &#8211; ein eher seltenes Naturph\u00e4nomen. Es scheint w\u00e4hrend der <strong>Eiszeit<\/strong> entstanden zu sein, als sich das Apuseni-Gebirge in der Vergletscherungsperiode befand. Sie wurde 1863 von dem \u00f6sterreichischen Geographen Adolt Schmididi entdeckt, der die ersten Beobachtungen machte und die erste Karte der H\u00f6hle anfertigte. Er wurde zum Naturdenkmal und zum spel\u00e4ologischen Reservat erkl\u00e4rt<\/p>\n<p>.<\/p>\n<p>Die Gletscherh\u00f6hle von Scarisoara hat eine Fl\u00e4che von 730 m L\u00e4nge und 105 m Tiefe, und der Eingang ist 50 m breit und 50 m tief, durch den man in eine gro\u00dfe H\u00f6hle mit Galerien und einer Masse von <strong>75000 Kubikmetern versteinertem Eis<\/strong> gelangt. Es gibt <strong>drei H\u00f6hlen<\/strong> s: gleich nach dem Eingang, <strong>der Gro\u00dfe Saal und die Kirche<\/strong> , wo man <strong>mehr als 100 Eisstalagniten von 3500 Jahren alt<\/strong> sehen kann, die den Besucher wegen ihrer beeindruckenden Sch\u00f6nheit nicht gleichg\u00fcltig lassen werden. Dann muss man links durch einen 70 m langen Stollen gehen und findet das Gro\u00dfe und das Kleine Reservat. Diese sind jedoch den Wissenschaftlern vorbehalten. Die Maxim Pop Gallery liegt 105 m unter der Erde. Die beiden anderen Teile der H\u00f6hle sind die <strong>Kathedrale und der Sanzania-Palast<\/strong> , wo es kein Eis gibt.<\/p>\n<p>Zugang zur H\u00f6hle von Scarisoara<\/p>\n<p>Die Gletscherh\u00f6hle von Scarisoara ist \u00fcber eine <strong>Metalltreppe<\/strong> zug\u00e4nglich. Es gibt einen F\u00fchrer, der Gruppen von 20 bis 50 Personen f\u00fchrt. Die <strong>Besuchszeiten<\/strong> sind wie folgt: 09:00, 10:20, 11:40, 13:00, 14:20, 15:40 und 17:00.<\/p>\n<p>(tixagag_16) Preis : Erwachsene 1,50\u20ac. Kinder: 1\u20ac.<\/p>\n<p><a href=\"https:\/\/roadtoromania.com\/wp-content\/uploads\/2022\/10\/transilvania-glaciar-scarisoara.jpg\"><img decoding=\"async\" src=\"https:\/\/roadtoromania.com\/wp-content\/uploads\/2022\/10\/transilvania-glaciar-scarisoara.jpg\" \/><\/a> Sch\u00f6ne eiszeitliche Stalagmiten in der Gletscherh\u00f6hle von Scarisoara. Foto von bortescristian.<\/p>\n<h2><strong>Anfahrt zur Gletscherh\u00f6hle von Scarisoara<\/strong><\/h2>\n<p>Die Gletscherh\u00f6hle von Scarisoara liegt <strong>90 km<\/strong> von <a href=\"https:\/\/roadtoromania.com\/de\/staedte-und-regionen-rumaeniens\/cluj-napoca\/\"> Cluj &#8211; Napoca<\/a> entfernt, im Dorf Garda de Sus, n\u00f6rdlich von Alba, ganz in der N\u00e4he von Campeni. Um dorthin zu gelangen, k\u00f6nnen Sie einen Bus oder einen Zug von den wichtigsten St\u00e4dten Siebenb\u00fcrgens nach Alba und Garda de Sus nehmen. Sie k\u00f6nnen auch <a href=\"https:\/\/roadtoromania.com\/de\/autovermietung-in-rumaenien\/\"> ein Auto mieten<\/a> , was Ihnen mehr Freiheit gibt. Von hier aus m\u00fcssen Sie einige Kilometer auf einem nicht mit dem Auto befahrbaren Weg zur\u00fccklegen<\/p>\n<p>.<br \/>\nWo man schlafen kann und wie man sich fortbewegt<\/p>\n<p>Etwa 750 m von der H\u00f6hle entfernt befindet sich eine Herberge. Aber f\u00fcr weitere Informationen bietet Rum\u00e4nien <a href=\"https:\/\/roadtoromania.com\/de\/autovermietung-in-rumaenien\/\">Autovermietung<\/a> und <a href=\"https:\/\/roadtoromania.com\/de\/unterkunft-in-rumaenien\/\">Hotelunterkunft<\/a> Buchungsdienste in Siebenb\u00fcrgen.<\/p>\n","protected":false},"excerpt":{"rendered":"<p>Die Gletscherh\u00f6hle von Scarisoara ist eine der gro\u00dfen touristischen Attraktionen Siebenb\u00fcrgens. Hier ist der Zugang zur unterirdischen H\u00f6hle. Foto: domide3832 Die Scarisoara-Gletscherh\u00f6hle ist eines der attraktivsten touristischen Ziele in der Region Siebenb\u00fcrgen , nat\u00fcrlich neben dem Bran Stroker Schloss . Es befindet sich in den Apusen Mountains i, im Apuseni National Park und liegt auf &hellip;<\/p>\n<p class=\"read-more\"> <a class=\"\" href=\"https:\/\/roadtoromania.com\/de\/natur-rumaenien\/hoehlengletscher-der-scarisoara\/\"> <span class=\"screen-reader-text\">Scarisoara Gletscherh\u00f6hle<\/span> Read More \u00bb<\/a><\/p>\n","protected":false},"author":1,"featured_media":1739,"parent":3043,"menu_order":0,"comment_status":"open","ping_status":"open","template":"","meta":{"site-sidebar-layout":"default","site-content-layout":"default","ast-global-header-display":"","ast-main-header-display":"","ast-hfb-above-header-display":"","ast-hfb-below-header-display":"","ast-hfb-mobile-header-display":"","site-post-title":"","ast-breadcrumbs-content":"","ast-featured-img":"","footer-sml-layout":"","theme-transparent-header-meta":"default","adv-header-id-meta":"","stick-header-meta":"","header-above-stick-meta":"","header-main-stick-meta":"","header-below-stick-meta":"","footnotes":""},"class_list":["post-3047","page","type-page","status-publish","has-post-thumbnail","hentry"],"yoast_head":"<!-- This site is optimized with the Yoast SEO plugin v19.10 - https:\/\/yoast.com\/wordpress\/plugins\/seo\/ -->\n<title>Scarisoara Gletscherh\u00f6hle - Road to Romania<\/title>\n<meta name=\"robots\" content=\"index, follow, max-snippet:-1, max-image-preview:large, max-video-preview:-1\" \/>\n<link rel=\"canonical\" href=\"https:\/\/roadtoromania.com\/de\/natur-rumaenien\/hoehlengletscher-der-scarisoara\/\" \/>\n<meta property=\"og:locale\" content=\"de_DE\" \/>\n<meta property=\"og:type\" content=\"article\" \/>\n<meta property=\"og:title\" content=\"Scarisoara Gletscherh\u00f6hle - Road to Romania\" \/>\n<meta property=\"og:description\" content=\"Die Gletscherh\u00f6hle von Scarisoara ist eine der gro\u00dfen touristischen Attraktionen Siebenb\u00fcrgens. Hier ist der Zugang zur unterirdischen H\u00f6hle. Foto: domide3832 Die Scarisoara-Gletscherh\u00f6hle ist eines der attraktivsten touristischen Ziele in der Region Siebenb\u00fcrgen , nat\u00fcrlich neben dem Bran Stroker Schloss . Es befindet sich in den Apusen Mountains i, im Apuseni National Park und liegt auf &hellip; Scarisoara Gletscherh\u00f6hle Read More \u00bb\" \/>\n<meta property=\"og:url\" content=\"https:\/\/roadtoromania.com\/de\/natur-rumaenien\/hoehlengletscher-der-scarisoara\/\" \/>\n<meta property=\"og:site_name\" content=\"Road to Romania\" \/>\n<meta property=\"article:modified_time\" content=\"2022-10-22T12:14:13+00:00\" \/>\n<meta property=\"og:image\" content=\"https:\/\/roadtoromania.com\/wp-content\/uploads\/2022\/10\/transilvania-glaciar-scarisoara-1.jpg\" \/>\n\t<meta property=\"og:image:width\" content=\"640\" \/>\n\t<meta property=\"og:image:height\" content=\"480\" \/>\n\t<meta property=\"og:image:type\" content=\"image\/jpeg\" \/>\n<meta name=\"twitter:card\" content=\"summary_large_image\" \/>\n<meta name=\"twitter:label1\" content=\"Gesch\u00e4tzte Lesezeit\" \/>\n\t<meta name=\"twitter:data1\" content=\"3\u00a0Minuten\" \/>\n<script type=\"application\/ld+json\" class=\"yoast-schema-graph\">{\"@context\":\"https:\/\/schema.org\",\"@graph\":[{\"@type\":\"WebPage\",\"@id\":\"https:\/\/roadtoromania.com\/de\/natur-rumaenien\/hoehlengletscher-der-scarisoara\/\",\"url\":\"https:\/\/roadtoromania.com\/de\/natur-rumaenien\/hoehlengletscher-der-scarisoara\/\",\"name\":\"Scarisoara Gletscherh\u00f6hle - Road to Romania\",\"isPartOf\":{\"@id\":\"https:\/\/roadtoromania.com\/de\/#website\"},\"datePublished\":\"2022-10-15T18:40:18+00:00\",\"dateModified\":\"2022-10-22T12:14:13+00:00\",\"breadcrumb\":{\"@id\":\"https:\/\/roadtoromania.com\/de\/natur-rumaenien\/hoehlengletscher-der-scarisoara\/#breadcrumb\"},\"inLanguage\":\"de\",\"potentialAction\":[{\"@type\":\"ReadAction\",\"target\":[\"https:\/\/roadtoromania.com\/de\/natur-rumaenien\/hoehlengletscher-der-scarisoara\/\"]}]},{\"@type\":\"BreadcrumbList\",\"@id\":\"https:\/\/roadtoromania.com\/de\/natur-rumaenien\/hoehlengletscher-der-scarisoara\/#breadcrumb\",\"itemListElement\":[{\"@type\":\"ListItem\",\"position\":1,\"name\":\"Home\",\"item\":\"https:\/\/roadtoromania.com\/de\/\"},{\"@type\":\"ListItem\",\"position\":2,\"name\":\"Natur Rum\u00e4nien\",\"item\":\"https:\/\/roadtoromania.com\/de\/natur-rumaenien\/\"},{\"@type\":\"ListItem\",\"position\":3,\"name\":\"Scarisoara Gletscherh\u00f6hle\"}]},{\"@type\":\"WebSite\",\"@id\":\"https:\/\/roadtoromania.com\/de\/#website\",\"url\":\"https:\/\/roadtoromania.com\/de\/\",\"name\":\"Road to Romania\",\"description\":\"Der Blog, in dem Sie alle Informationen finden, die Sie brauchen, um Rum\u00e4nien zu genie\u00dfen.\",\"potentialAction\":[{\"@type\":\"SearchAction\",\"target\":{\"@type\":\"EntryPoint\",\"urlTemplate\":\"https:\/\/roadtoromania.com\/de\/?s={search_term_string}\"},\"query-input\":\"required name=search_term_string\"}],\"inLanguage\":\"de\"}]}<\/script>\n<!-- \/ Yoast SEO plugin. -->","yoast_head_json":{"title":"Scarisoara Gletscherh\u00f6hle - Road to Romania","robots":{"index":"index","follow":"follow","max-snippet":"max-snippet:-1","max-image-preview":"max-image-preview:large","max-video-preview":"max-video-preview:-1"},"canonical":"https:\/\/roadtoromania.com\/de\/natur-rumaenien\/hoehlengletscher-der-scarisoara\/","og_locale":"de_DE","og_type":"article","og_title":"Scarisoara Gletscherh\u00f6hle - Road to Romania","og_description":"Die Gletscherh\u00f6hle von Scarisoara ist eine der gro\u00dfen touristischen Attraktionen Siebenb\u00fcrgens. Hier ist der Zugang zur unterirdischen H\u00f6hle. Foto: domide3832 Die Scarisoara-Gletscherh\u00f6hle ist eines der attraktivsten touristischen Ziele in der Region Siebenb\u00fcrgen , nat\u00fcrlich neben dem Bran Stroker Schloss . Es befindet sich in den Apusen Mountains i, im Apuseni National Park und liegt auf &hellip; Scarisoara Gletscherh\u00f6hle Read More \u00bb","og_url":"https:\/\/roadtoromania.com\/de\/natur-rumaenien\/hoehlengletscher-der-scarisoara\/","og_site_name":"Road to Romania","article_modified_time":"2022-10-22T12:14:13+00:00","og_image":[{"width":640,"height":480,"url":"https:\/\/roadtoromania.com\/wp-content\/uploads\/2022\/10\/transilvania-glaciar-scarisoara-1.jpg","type":"image\/jpeg"}],"twitter_card":"summary_large_image","twitter_misc":{"Gesch\u00e4tzte Lesezeit":"3\u00a0Minuten"},"schema":{"@context":"https:\/\/schema.org","@graph":[{"@type":"WebPage","@id":"https:\/\/roadtoromania.com\/de\/natur-rumaenien\/hoehlengletscher-der-scarisoara\/","url":"https:\/\/roadtoromania.com\/de\/natur-rumaenien\/hoehlengletscher-der-scarisoara\/","name":"Scarisoara Gletscherh\u00f6hle - Road to Romania","isPartOf":{"@id":"https:\/\/roadtoromania.com\/de\/#website"},"datePublished":"2022-10-15T18:40:18+00:00","dateModified":"2022-10-22T12:14:13+00:00","breadcrumb":{"@id":"https:\/\/roadtoromania.com\/de\/natur-rumaenien\/hoehlengletscher-der-scarisoara\/#breadcrumb"},"inLanguage":"de","potentialAction":[{"@type":"ReadAction","target":["https:\/\/roadtoromania.com\/de\/natur-rumaenien\/hoehlengletscher-der-scarisoara\/"]}]},{"@type":"BreadcrumbList","@id":"https:\/\/roadtoromania.com\/de\/natur-rumaenien\/hoehlengletscher-der-scarisoara\/#breadcrumb","itemListElement":[{"@type":"ListItem","position":1,"name":"Home","item":"https:\/\/roadtoromania.com\/de\/"},{"@type":"ListItem","position":2,"name":"Natur Rum\u00e4nien","item":"https:\/\/roadtoromania.com\/de\/natur-rumaenien\/"},{"@type":"ListItem","position":3,"name":"Scarisoara Gletscherh\u00f6hle"}]},{"@type":"WebSite","@id":"https:\/\/roadtoromania.com\/de\/#website","url":"https:\/\/roadtoromania.com\/de\/","name":"Road to Romania","description":"Der Blog, in dem Sie alle Informationen finden, die Sie brauchen, um Rum\u00e4nien zu genie\u00dfen.","potentialAction":[{"@type":"SearchAction","target":{"@type":"EntryPoint","urlTemplate":"https:\/\/roadtoromania.com\/de\/?s={search_term_string}"},"query-input":"required name=search_term_string"}],"inLanguage":"de"}]}},"_links":{"self":[{"href":"https:\/\/roadtoromania.com\/de\/wp-json\/wp\/v2\/pages\/3047","targetHints":{"allow":["GET"]}}],"collection":[{"href":"https:\/\/roadtoromania.com\/de\/wp-json\/wp\/v2\/pages"}],"about":[{"href":"https:\/\/roadtoromania.com\/de\/wp-json\/wp\/v2\/types\/page"}],"author":[{"embeddable":true,"href":"https:\/\/roadtoromania.com\/de\/wp-json\/wp\/v2\/users\/1"}],"replies":[{"embeddable":true,"href":"https:\/\/roadtoromania.com\/de\/wp-json\/wp\/v2\/comments?post=3047"}],"version-history":[{"count":2,"href":"https:\/\/roadtoromania.com\/de\/wp-json\/wp\/v2\/pages\/3047\/revisions"}],"predecessor-version":[{"id":4244,"href":"https:\/\/roadtoromania.com\/de\/wp-json\/wp\/v2\/pages\/3047\/revisions\/4244"}],"up":[{"embeddable":true,"href":"https:\/\/roadtoromania.com\/de\/wp-json\/wp\/v2\/pages\/3043"}],"wp:featuredmedia":[{"embeddable":true,"href":"https:\/\/roadtoromania.com\/de\/wp-json\/wp\/v2\/media\/1739"}],"wp:attachment":[{"href":"https:\/\/roadtoromania.com\/de\/wp-json\/wp\/v2\/media?parent=3047"}],"curies":[{"name":"wp","href":"https:\/\/api.w.org\/{rel}","templated":true}]}}