{"id":3051,"date":"2022-10-15T18:40:18","date_gmt":"2022-10-15T18:40:18","guid":{"rendered":"https:\/\/roadtoromania.com\/ski-station-poiana-brasov\/"},"modified":"2022-10-15T22:17:07","modified_gmt":"2022-10-15T22:17:07","slug":"ski-station-poiana-brasov","status":"publish","type":"page","link":"https:\/\/roadtoromania.com\/de\/natur-rumaenien\/ski-station-poiana-brasov\/","title":{"rendered":"Skigebiet von Poiana Brasov"},"content":{"rendered":"<p>Das Skigebiet Poiana Brasov liegt <strong>12 Kilometer von <a href=\"https:\/\/roadtoromania.com\/de\/staedte-und-regionen-rumaeniens\/brasov\/\">Brasov<\/a> <\/strong> , etwa 15 Minuten mit dem Auto oder eine halbe Stunde mit dem Bus, und wird in den Wintermonaten von Tausenden von Touristen besucht, da es einige der <strong>besten Skigebiete Rum\u00e4niens bietet<\/strong> . Sie liegt im Postavaru-Massiv (in den S\u00fcdkarpaten) auf einer H\u00f6he von 1030 m \u00fcber dem Meeresspiegel und ist von vier Bergen umgeben: Postavaru (1799 m), Piatra Craiului (2238 m), Bucegi (2505 m) und Piatra Mare (1848 m) <\/p>\n<p>.<\/p>\n<p><img decoding=\"async\" src=\"https:\/\/roadtoromania.com\/wp-content\/uploads\/2022\/10\/esqui-rumania-poiana-2.jpg\" \/>Das Skigebiet von Poiana, eines der bekanntesten in Rum\u00e4nien.<\/p>\n<p>\nDas Skigebiet Poiana Brasov hat ein kontinentales Klima mit einer Durchschnittstemperatur von 5\u00b0C und einer Schneelage von etwa 120 Tagen im Jahr. Der Ort war Schauplatz <strong>verschiedener Wintersportveranstaltungen<\/strong> und ist heute ein wichtiges internationales Tourismuszentrum mit 12 Skipisten, einer Standseilbahn, Schwimmb\u00e4dern, Saunen, Luxushotels und mehreren Restaurants <\/p>\n<p>.<\/p>\n<p>\n <strong>Im Sommer<\/strong> ist es ein idealer Ort f\u00fcr <strong>Wanderungen in den S\u00fcdkarpaten<\/strong> , ein wahres Spektakel. Wenn Sie einen Panoramablick auf Brasov und die weiter entfernten Bucegi-Berge genie\u00dfen m\u00f6chten, k\u00f6nnen Sie mit der Seilbahn auf den Gipfel des Postavarul-Berges fahren.<\/p>\n<p>\nHollywood-Prominente wie Jude Law und Nicole Kidman erholten sich im Resort Poiana Brasov nach den Dreharbeiten zu Anthony Minghellas Cold Mountain, der in Rum\u00e4nien gedreht wurde.<\/p>\n<p>\nLa Provence bietet <a href=\"https:\/\/roadtoromania.com\/de\/autovermietung-in-rumaenien\/\">Autovermietung<\/a> und <a href=\"https:\/\/roadtoromania.com\/de\/unterkunft-in-rumaenien\/\">Hotelunterkunft<\/a> in Poiana Brasov.<\/p>\n<p>\n<a href=\"https:\/\/roadtoromania.com\/de\/karten-von-rumaenien\/karte-der-poiana-brasov-ski-station\/\">Karte und Plan von Poiana Brasov und seinem Skigebiet<\/a> <\/p><\/p>\n","protected":false},"excerpt":{"rendered":"<p>Das Skigebiet Poiana Brasov liegt 12 Kilometer von Brasov , etwa 15 Minuten mit dem Auto oder eine halbe Stunde mit dem Bus, und wird in den Wintermonaten von Tausenden von Touristen besucht, da es einige der besten Skigebiete Rum\u00e4niens bietet . Sie liegt im Postavaru-Massiv (in den S\u00fcdkarpaten) auf einer H\u00f6he von 1030 m &hellip;<\/p>\n<p class=\"read-more\"> <a class=\"\" href=\"https:\/\/roadtoromania.com\/de\/natur-rumaenien\/ski-station-poiana-brasov\/\"> <span class=\"screen-reader-text\">Skigebiet von Poiana Brasov<\/span> Read More \u00bb<\/a><\/p>\n","protected":false},"author":1,"featured_media":1761,"parent":3043,"menu_order":0,"comment_status":"open","ping_status":"open","template":"","meta":{"site-sidebar-layout":"default","site-content-layout":"default","ast-global-header-display":"","ast-main-header-display":"","ast-hfb-above-header-display":"","ast-hfb-below-header-display":"","ast-hfb-mobile-header-display":"","site-post-title":"","ast-breadcrumbs-content":"","ast-featured-img":"","footer-sml-layout":"","theme-transparent-header-meta":"","adv-header-id-meta":"","stick-header-meta":"","header-above-stick-meta":"","header-main-stick-meta":"","header-below-stick-meta":"","footnotes":""},"class_list":["post-3051","page","type-page","status-publish","has-post-thumbnail","hentry"],"yoast_head":"<!-- This site is optimized with the Yoast SEO plugin v19.10 - https:\/\/yoast.com\/wordpress\/plugins\/seo\/ -->\n<title>Skigebiet von Poiana Brasov - Road to Romania<\/title>\n<meta name=\"robots\" content=\"index, follow, max-snippet:-1, max-image-preview:large, max-video-preview:-1\" \/>\n<link rel=\"canonical\" href=\"https:\/\/roadtoromania.com\/de\/natur-rumaenien\/ski-station-poiana-brasov\/\" \/>\n<meta property=\"og:locale\" content=\"de_DE\" \/>\n<meta property=\"og:type\" content=\"article\" \/>\n<meta property=\"og:title\" content=\"Skigebiet von Poiana Brasov - Road to Romania\" \/>\n<meta property=\"og:description\" content=\"Das Skigebiet Poiana Brasov liegt 12 Kilometer von Brasov , etwa 15 Minuten mit dem Auto oder eine halbe Stunde mit dem Bus, und wird in den Wintermonaten von Tausenden von Touristen besucht, da es einige der besten Skigebiete Rum\u00e4niens bietet . Sie liegt im Postavaru-Massiv (in den S\u00fcdkarpaten) auf einer H\u00f6he von 1030 m &hellip; Skigebiet von Poiana Brasov Read More \u00bb\" \/>\n<meta property=\"og:url\" content=\"https:\/\/roadtoromania.com\/de\/natur-rumaenien\/ski-station-poiana-brasov\/\" \/>\n<meta property=\"og:site_name\" content=\"Road to Romania\" \/>\n<meta property=\"article:modified_time\" content=\"2022-10-15T22:17:07+00:00\" \/>\n<meta property=\"og:image\" content=\"https:\/\/roadtoromania.com\/wp-content\/uploads\/2022\/10\/esqui-rumania-poiana-2.jpg\" \/>\n\t<meta property=\"og:image:width\" content=\"640\" \/>\n\t<meta property=\"og:image:height\" content=\"640\" \/>\n\t<meta property=\"og:image:type\" content=\"image\/jpeg\" \/>\n<meta name=\"twitter:card\" content=\"summary_large_image\" \/>\n<meta name=\"twitter:label1\" content=\"Gesch\u00e4tzte Lesezeit\" \/>\n\t<meta name=\"twitter:data1\" content=\"1\u00a0Minute\" \/>\n<script type=\"application\/ld+json\" class=\"yoast-schema-graph\">{\"@context\":\"https:\/\/schema.org\",\"@graph\":[{\"@type\":\"WebPage\",\"@id\":\"https:\/\/roadtoromania.com\/de\/natur-rumaenien\/ski-station-poiana-brasov\/\",\"url\":\"https:\/\/roadtoromania.com\/de\/natur-rumaenien\/ski-station-poiana-brasov\/\",\"name\":\"Skigebiet von Poiana Brasov - Road to Romania\",\"isPartOf\":{\"@id\":\"https:\/\/roadtoromania.com\/de\/#website\"},\"datePublished\":\"2022-10-15T18:40:18+00:00\",\"dateModified\":\"2022-10-15T22:17:07+00:00\",\"breadcrumb\":{\"@id\":\"https:\/\/roadtoromania.com\/de\/natur-rumaenien\/ski-station-poiana-brasov\/#breadcrumb\"},\"inLanguage\":\"de\",\"potentialAction\":[{\"@type\":\"ReadAction\",\"target\":[\"https:\/\/roadtoromania.com\/de\/natur-rumaenien\/ski-station-poiana-brasov\/\"]}]},{\"@type\":\"BreadcrumbList\",\"@id\":\"https:\/\/roadtoromania.com\/de\/natur-rumaenien\/ski-station-poiana-brasov\/#breadcrumb\",\"itemListElement\":[{\"@type\":\"ListItem\",\"position\":1,\"name\":\"Home\",\"item\":\"https:\/\/roadtoromania.com\/de\/\"},{\"@type\":\"ListItem\",\"position\":2,\"name\":\"Skigebiet von Poiana Brasov\"}]},{\"@type\":\"WebSite\",\"@id\":\"https:\/\/roadtoromania.com\/de\/#website\",\"url\":\"https:\/\/roadtoromania.com\/de\/\",\"name\":\"Road to Romania\",\"description\":\"Der Blog, in dem Sie alle Informationen finden, die Sie brauchen, um Rum\u00e4nien zu genie\u00dfen.\",\"potentialAction\":[{\"@type\":\"SearchAction\",\"target\":{\"@type\":\"EntryPoint\",\"urlTemplate\":\"https:\/\/roadtoromania.com\/de\/?s={search_term_string}\"},\"query-input\":\"required name=search_term_string\"}],\"inLanguage\":\"de\"}]}<\/script>\n<!-- \/ Yoast SEO plugin. -->","yoast_head_json":{"title":"Skigebiet von Poiana Brasov - Road to Romania","robots":{"index":"index","follow":"follow","max-snippet":"max-snippet:-1","max-image-preview":"max-image-preview:large","max-video-preview":"max-video-preview:-1"},"canonical":"https:\/\/roadtoromania.com\/de\/natur-rumaenien\/ski-station-poiana-brasov\/","og_locale":"de_DE","og_type":"article","og_title":"Skigebiet von Poiana Brasov - Road to Romania","og_description":"Das Skigebiet Poiana Brasov liegt 12 Kilometer von Brasov , etwa 15 Minuten mit dem Auto oder eine halbe Stunde mit dem Bus, und wird in den Wintermonaten von Tausenden von Touristen besucht, da es einige der besten Skigebiete Rum\u00e4niens bietet . Sie liegt im Postavaru-Massiv (in den S\u00fcdkarpaten) auf einer H\u00f6he von 1030 m &hellip; Skigebiet von Poiana Brasov Read More \u00bb","og_url":"https:\/\/roadtoromania.com\/de\/natur-rumaenien\/ski-station-poiana-brasov\/","og_site_name":"Road to Romania","article_modified_time":"2022-10-15T22:17:07+00:00","og_image":[{"width":640,"height":640,"url":"https:\/\/roadtoromania.com\/wp-content\/uploads\/2022\/10\/esqui-rumania-poiana-2.jpg","type":"image\/jpeg"}],"twitter_card":"summary_large_image","twitter_misc":{"Gesch\u00e4tzte Lesezeit":"1\u00a0Minute"},"schema":{"@context":"https:\/\/schema.org","@graph":[{"@type":"WebPage","@id":"https:\/\/roadtoromania.com\/de\/natur-rumaenien\/ski-station-poiana-brasov\/","url":"https:\/\/roadtoromania.com\/de\/natur-rumaenien\/ski-station-poiana-brasov\/","name":"Skigebiet von Poiana Brasov - Road to Romania","isPartOf":{"@id":"https:\/\/roadtoromania.com\/de\/#website"},"datePublished":"2022-10-15T18:40:18+00:00","dateModified":"2022-10-15T22:17:07+00:00","breadcrumb":{"@id":"https:\/\/roadtoromania.com\/de\/natur-rumaenien\/ski-station-poiana-brasov\/#breadcrumb"},"inLanguage":"de","potentialAction":[{"@type":"ReadAction","target":["https:\/\/roadtoromania.com\/de\/natur-rumaenien\/ski-station-poiana-brasov\/"]}]},{"@type":"BreadcrumbList","@id":"https:\/\/roadtoromania.com\/de\/natur-rumaenien\/ski-station-poiana-brasov\/#breadcrumb","itemListElement":[{"@type":"ListItem","position":1,"name":"Home","item":"https:\/\/roadtoromania.com\/de\/"},{"@type":"ListItem","position":2,"name":"Skigebiet von Poiana Brasov"}]},{"@type":"WebSite","@id":"https:\/\/roadtoromania.com\/de\/#website","url":"https:\/\/roadtoromania.com\/de\/","name":"Road to Romania","description":"Der Blog, in dem Sie alle Informationen finden, die Sie brauchen, um Rum\u00e4nien zu genie\u00dfen.","potentialAction":[{"@type":"SearchAction","target":{"@type":"EntryPoint","urlTemplate":"https:\/\/roadtoromania.com\/de\/?s={search_term_string}"},"query-input":"required name=search_term_string"}],"inLanguage":"de"}]}},"_links":{"self":[{"href":"https:\/\/roadtoromania.com\/de\/wp-json\/wp\/v2\/pages\/3051","targetHints":{"allow":["GET"]}}],"collection":[{"href":"https:\/\/roadtoromania.com\/de\/wp-json\/wp\/v2\/pages"}],"about":[{"href":"https:\/\/roadtoromania.com\/de\/wp-json\/wp\/v2\/types\/page"}],"author":[{"embeddable":true,"href":"https:\/\/roadtoromania.com\/de\/wp-json\/wp\/v2\/users\/1"}],"replies":[{"embeddable":true,"href":"https:\/\/roadtoromania.com\/de\/wp-json\/wp\/v2\/comments?post=3051"}],"version-history":[{"count":1,"href":"https:\/\/roadtoromania.com\/de\/wp-json\/wp\/v2\/pages\/3051\/revisions"}],"predecessor-version":[{"id":3052,"href":"https:\/\/roadtoromania.com\/de\/wp-json\/wp\/v2\/pages\/3051\/revisions\/3052"}],"up":[{"embeddable":true,"href":"https:\/\/roadtoromania.com\/de\/wp-json\/wp\/v2\/pages\/3043"}],"wp:featuredmedia":[{"embeddable":true,"href":"https:\/\/roadtoromania.com\/de\/wp-json\/wp\/v2\/media\/1761"}],"wp:attachment":[{"href":"https:\/\/roadtoromania.com\/de\/wp-json\/wp\/v2\/media?parent=3051"}],"curies":[{"name":"wp","href":"https:\/\/api.w.org\/{rel}","templated":true}]}}