{"id":3053,"date":"2022-10-15T18:40:18","date_gmt":"2022-10-15T18:40:18","guid":{"rendered":"https:\/\/roadtoromania.com\/skigebiet-vorbereitungsstation\/"},"modified":"2022-10-16T09:10:37","modified_gmt":"2022-10-16T09:10:37","slug":"skigebiet-predeal","status":"publish","type":"page","link":"https:\/\/roadtoromania.com\/de\/natur-rumaenien\/skigebiet-predeal\/","title":{"rendered":"Skigebiet Predeal"},"content":{"rendered":"<p><strong>Predeal<\/strong> ist neben <strong>Poiana Brasov<\/strong> eines der wichtigsten <strong>Skigebiete Rum\u00e4niens<\/strong> in einer wahrhaft erhabenen nat\u00fcrlichen Umgebung, mit den W\u00e4ldern des Bucegi-Gebirges, Postavaru und Piatra Mare. Der Ortsname kommt von dem Wort &#8220;pre deal&#8221;, das &#8220;Grenze&#8221; oder auch &#8220;auf dem H\u00fcgel&#8221; bedeutet.<\/p>\n<p><img decoding=\"async\" src=\"https:\/\/roadtoromania.com\/wp-content\/uploads\/2022\/10\/predeal_rumania.jpg\" \/>Skifahren in Predeal<\/p>\n<p>Der Name der Stadt leitet sich von der rum\u00e4nischen archaischen Form &#8220;pre deal&#8221; ab, was &#8220;auf dem H\u00fcgel&#8221; bedeutet, oder von dem slawischen Wort &#8220;predel&#8221;, was &#8220;Grenze&#8221; bedeutet. Mit \u00fcber 1.000 Metern ist sie die h\u00f6chstgelegene Stadt Rum\u00e4niens.<\/p>\n<p>Es liegt s\u00fcdlich von Brasov, zwischen den T\u00e4lern Prahova (Richtung Bukarest) und Timis (Richtung Brasov) und ist das Verwaltungszentrum der drei D\u00f6rfer P\u00e2r\u00e2ul Rece, Timi\u0219u de Jos (Als\u00f3t\u00f6m\u00f6s; Untert\u00f6m\u00f6sch) und Timi\u0219u de Sus (Fels\u0151t\u00f6m\u00f6s; Obert\u00f6m\u00f6sch).<\/p>\n<p>Von Dezember bis M\u00e4rz verwandelt sie sich in eine wei\u00dfe Landschaft, in der die Rum\u00e4nen die Skisaison genie\u00dfen. Die Pisten sind mit Skiliften, Sesselliften und einem Skipass ausgestattet. Es gibt schwarze, rote, blaue und schwierigere Pisten<\/p>\n<p>.<\/p>\n<p>Predeal ist auch ideal f\u00fcr Schneeschuhwanderungen und im Sommer f\u00fcr Bergtrekkingrouten zu den <strong>Alph\u00fctten<\/strong> (Diham, Cioplea, Susai, Pietra Mare oder Girbova). Empfehlenswerte Ausflugsziele sind das Bergzentrum von Azuga, das ethnografische Museum von Sacele, die Klimastation von Timisul de Jos oder das Kloster von Cheia<\/p>\n<p>.<br \/>\nAnreise nach Predeal<\/p>\n<p>Sowohl von Bukarest mit dem Zug als auch von Brasov mit dem Bus k\u00f6nnen wir das Skigebiet Predeal erreichen<\/p>\n<h2><strong>WO MAN IN PREDEAL UNTERKOMMEN KANN &#8211; HOTELS UND UNTERK\u00dcNFTE<\/strong><\/h2>\n<h2><strong>Karte von Predeal<\/strong><\/h2>\n<p><img decoding=\"async\" src=\"https:\/\/roadtoromania.com\/wp-content\/uploads\/2022\/10\/esqui_predeal_rumania.jpg\" \/><img decoding=\"async\" src=\"data:image\/gif;base64,R0lGODdhAQABAPAAAMPDwwAAACwAAAAAAQABAAACAkQBADs=\" \/><\/a> Karte der Skipisten von Peedeal<\/p>\n","protected":false},"excerpt":{"rendered":"<p>Predeal ist neben Poiana Brasov eines der wichtigsten Skigebiete Rum\u00e4niens in einer wahrhaft erhabenen nat\u00fcrlichen Umgebung, mit den W\u00e4ldern des Bucegi-Gebirges, Postavaru und Piatra Mare. Der Ortsname kommt von dem Wort &#8220;pre deal&#8221;, das &#8220;Grenze&#8221; oder auch &#8220;auf dem H\u00fcgel&#8221; bedeutet. Skifahren in Predeal Der Name der Stadt leitet sich von der rum\u00e4nischen archaischen Form &hellip;<\/p>\n<p class=\"read-more\"> <a class=\"\" href=\"https:\/\/roadtoromania.com\/de\/natur-rumaenien\/skigebiet-predeal\/\"> <span class=\"screen-reader-text\">Skigebiet Predeal<\/span> Read More \u00bb<\/a><\/p>\n","protected":false},"author":1,"featured_media":1769,"parent":3043,"menu_order":0,"comment_status":"open","ping_status":"open","template":"","meta":{"site-sidebar-layout":"default","site-content-layout":"default","ast-global-header-display":"","ast-main-header-display":"","ast-hfb-above-header-display":"","ast-hfb-below-header-display":"","ast-hfb-mobile-header-display":"","site-post-title":"","ast-breadcrumbs-content":"","ast-featured-img":"","footer-sml-layout":"","theme-transparent-header-meta":"default","adv-header-id-meta":"","stick-header-meta":"","header-above-stick-meta":"","header-main-stick-meta":"","header-below-stick-meta":"","footnotes":""},"class_list":["post-3053","page","type-page","status-publish","has-post-thumbnail","hentry"],"yoast_head":"<!-- This site is optimized with the Yoast SEO plugin v19.10 - https:\/\/yoast.com\/wordpress\/plugins\/seo\/ -->\n<title>Skigebiet Predeal - Road to Romania<\/title>\n<meta name=\"robots\" content=\"index, follow, max-snippet:-1, max-image-preview:large, max-video-preview:-1\" \/>\n<link rel=\"canonical\" href=\"https:\/\/roadtoromania.com\/de\/natur-rumaenien\/skigebiet-predeal\/\" \/>\n<meta property=\"og:locale\" content=\"de_DE\" \/>\n<meta property=\"og:type\" content=\"article\" \/>\n<meta property=\"og:title\" content=\"Skigebiet Predeal - Road to Romania\" \/>\n<meta property=\"og:description\" content=\"Predeal ist neben Poiana Brasov eines der wichtigsten Skigebiete Rum\u00e4niens in einer wahrhaft erhabenen nat\u00fcrlichen Umgebung, mit den W\u00e4ldern des Bucegi-Gebirges, Postavaru und Piatra Mare. Der Ortsname kommt von dem Wort &#8220;pre deal&#8221;, das &#8220;Grenze&#8221; oder auch &#8220;auf dem H\u00fcgel&#8221; bedeutet. Skifahren in Predeal Der Name der Stadt leitet sich von der rum\u00e4nischen archaischen Form &hellip; Skigebiet Predeal Read More \u00bb\" \/>\n<meta property=\"og:url\" content=\"https:\/\/roadtoromania.com\/de\/natur-rumaenien\/skigebiet-predeal\/\" \/>\n<meta property=\"og:site_name\" content=\"Road to Romania\" \/>\n<meta property=\"article:modified_time\" content=\"2022-10-16T09:10:37+00:00\" \/>\n<meta property=\"og:image\" content=\"https:\/\/roadtoromania.com\/wp-content\/uploads\/2022\/10\/predeal_rumania-1.jpg\" \/>\n\t<meta property=\"og:image:width\" content=\"700\" \/>\n\t<meta property=\"og:image:height\" content=\"525\" \/>\n\t<meta property=\"og:image:type\" content=\"image\/jpeg\" \/>\n<meta name=\"twitter:card\" content=\"summary_large_image\" \/>\n<meta name=\"twitter:label1\" content=\"Gesch\u00e4tzte Lesezeit\" \/>\n\t<meta name=\"twitter:data1\" content=\"2\u00a0Minuten\" \/>\n<script type=\"application\/ld+json\" class=\"yoast-schema-graph\">{\"@context\":\"https:\/\/schema.org\",\"@graph\":[{\"@type\":\"WebPage\",\"@id\":\"https:\/\/roadtoromania.com\/de\/natur-rumaenien\/skigebiet-predeal\/\",\"url\":\"https:\/\/roadtoromania.com\/de\/natur-rumaenien\/skigebiet-predeal\/\",\"name\":\"Skigebiet Predeal - Road to Romania\",\"isPartOf\":{\"@id\":\"https:\/\/roadtoromania.com\/de\/#website\"},\"datePublished\":\"2022-10-15T18:40:18+00:00\",\"dateModified\":\"2022-10-16T09:10:37+00:00\",\"breadcrumb\":{\"@id\":\"https:\/\/roadtoromania.com\/de\/natur-rumaenien\/skigebiet-predeal\/#breadcrumb\"},\"inLanguage\":\"de\",\"potentialAction\":[{\"@type\":\"ReadAction\",\"target\":[\"https:\/\/roadtoromania.com\/de\/natur-rumaenien\/skigebiet-predeal\/\"]}]},{\"@type\":\"BreadcrumbList\",\"@id\":\"https:\/\/roadtoromania.com\/de\/natur-rumaenien\/skigebiet-predeal\/#breadcrumb\",\"itemListElement\":[{\"@type\":\"ListItem\",\"position\":1,\"name\":\"Home\",\"item\":\"https:\/\/roadtoromania.com\/de\/\"},{\"@type\":\"ListItem\",\"position\":2,\"name\":\"Natur Rum\u00e4nien\",\"item\":\"https:\/\/roadtoromania.com\/de\/natur-rumaenien\/\"},{\"@type\":\"ListItem\",\"position\":3,\"name\":\"Skigebiet Predeal\"}]},{\"@type\":\"WebSite\",\"@id\":\"https:\/\/roadtoromania.com\/de\/#website\",\"url\":\"https:\/\/roadtoromania.com\/de\/\",\"name\":\"Road to Romania\",\"description\":\"Der Blog, in dem Sie alle Informationen finden, die Sie brauchen, um Rum\u00e4nien zu genie\u00dfen.\",\"potentialAction\":[{\"@type\":\"SearchAction\",\"target\":{\"@type\":\"EntryPoint\",\"urlTemplate\":\"https:\/\/roadtoromania.com\/de\/?s={search_term_string}\"},\"query-input\":\"required name=search_term_string\"}],\"inLanguage\":\"de\"}]}<\/script>\n<!-- \/ Yoast SEO plugin. -->","yoast_head_json":{"title":"Skigebiet Predeal - Road to Romania","robots":{"index":"index","follow":"follow","max-snippet":"max-snippet:-1","max-image-preview":"max-image-preview:large","max-video-preview":"max-video-preview:-1"},"canonical":"https:\/\/roadtoromania.com\/de\/natur-rumaenien\/skigebiet-predeal\/","og_locale":"de_DE","og_type":"article","og_title":"Skigebiet Predeal - Road to Romania","og_description":"Predeal ist neben Poiana Brasov eines der wichtigsten Skigebiete Rum\u00e4niens in einer wahrhaft erhabenen nat\u00fcrlichen Umgebung, mit den W\u00e4ldern des Bucegi-Gebirges, Postavaru und Piatra Mare. Der Ortsname kommt von dem Wort &#8220;pre deal&#8221;, das &#8220;Grenze&#8221; oder auch &#8220;auf dem H\u00fcgel&#8221; bedeutet. Skifahren in Predeal Der Name der Stadt leitet sich von der rum\u00e4nischen archaischen Form &hellip; Skigebiet Predeal Read More \u00bb","og_url":"https:\/\/roadtoromania.com\/de\/natur-rumaenien\/skigebiet-predeal\/","og_site_name":"Road to Romania","article_modified_time":"2022-10-16T09:10:37+00:00","og_image":[{"width":700,"height":525,"url":"https:\/\/roadtoromania.com\/wp-content\/uploads\/2022\/10\/predeal_rumania-1.jpg","type":"image\/jpeg"}],"twitter_card":"summary_large_image","twitter_misc":{"Gesch\u00e4tzte Lesezeit":"2\u00a0Minuten"},"schema":{"@context":"https:\/\/schema.org","@graph":[{"@type":"WebPage","@id":"https:\/\/roadtoromania.com\/de\/natur-rumaenien\/skigebiet-predeal\/","url":"https:\/\/roadtoromania.com\/de\/natur-rumaenien\/skigebiet-predeal\/","name":"Skigebiet Predeal - Road to Romania","isPartOf":{"@id":"https:\/\/roadtoromania.com\/de\/#website"},"datePublished":"2022-10-15T18:40:18+00:00","dateModified":"2022-10-16T09:10:37+00:00","breadcrumb":{"@id":"https:\/\/roadtoromania.com\/de\/natur-rumaenien\/skigebiet-predeal\/#breadcrumb"},"inLanguage":"de","potentialAction":[{"@type":"ReadAction","target":["https:\/\/roadtoromania.com\/de\/natur-rumaenien\/skigebiet-predeal\/"]}]},{"@type":"BreadcrumbList","@id":"https:\/\/roadtoromania.com\/de\/natur-rumaenien\/skigebiet-predeal\/#breadcrumb","itemListElement":[{"@type":"ListItem","position":1,"name":"Home","item":"https:\/\/roadtoromania.com\/de\/"},{"@type":"ListItem","position":2,"name":"Natur Rum\u00e4nien","item":"https:\/\/roadtoromania.com\/de\/natur-rumaenien\/"},{"@type":"ListItem","position":3,"name":"Skigebiet Predeal"}]},{"@type":"WebSite","@id":"https:\/\/roadtoromania.com\/de\/#website","url":"https:\/\/roadtoromania.com\/de\/","name":"Road to Romania","description":"Der Blog, in dem Sie alle Informationen finden, die Sie brauchen, um Rum\u00e4nien zu genie\u00dfen.","potentialAction":[{"@type":"SearchAction","target":{"@type":"EntryPoint","urlTemplate":"https:\/\/roadtoromania.com\/de\/?s={search_term_string}"},"query-input":"required name=search_term_string"}],"inLanguage":"de"}]}},"_links":{"self":[{"href":"https:\/\/roadtoromania.com\/de\/wp-json\/wp\/v2\/pages\/3053","targetHints":{"allow":["GET"]}}],"collection":[{"href":"https:\/\/roadtoromania.com\/de\/wp-json\/wp\/v2\/pages"}],"about":[{"href":"https:\/\/roadtoromania.com\/de\/wp-json\/wp\/v2\/types\/page"}],"author":[{"embeddable":true,"href":"https:\/\/roadtoromania.com\/de\/wp-json\/wp\/v2\/users\/1"}],"replies":[{"embeddable":true,"href":"https:\/\/roadtoromania.com\/de\/wp-json\/wp\/v2\/comments?post=3053"}],"version-history":[{"count":2,"href":"https:\/\/roadtoromania.com\/de\/wp-json\/wp\/v2\/pages\/3053\/revisions"}],"predecessor-version":[{"id":3109,"href":"https:\/\/roadtoromania.com\/de\/wp-json\/wp\/v2\/pages\/3053\/revisions\/3109"}],"up":[{"embeddable":true,"href":"https:\/\/roadtoromania.com\/de\/wp-json\/wp\/v2\/pages\/3043"}],"wp:featuredmedia":[{"embeddable":true,"href":"https:\/\/roadtoromania.com\/de\/wp-json\/wp\/v2\/media\/1769"}],"wp:attachment":[{"href":"https:\/\/roadtoromania.com\/de\/wp-json\/wp\/v2\/media?parent=3053"}],"curies":[{"name":"wp","href":"https:\/\/api.w.org\/{rel}","templated":true}]}}