{"id":3068,"date":"2022-10-15T18:40:18","date_gmt":"2022-10-15T18:40:18","guid":{"rendered":"https:\/\/roadtoromania.com\/schlamm-von-lava-vulkanen\/"},"modified":"2022-10-15T22:17:09","modified_gmt":"2022-10-15T22:17:09","slug":"schlamm-von-lava-vulkanen","status":"publish","type":"page","link":"https:\/\/roadtoromania.com\/de\/natur-rumaenien\/schlamm-von-lava-vulkanen\/","title":{"rendered":"Berca-Schlammvulkane"},"content":{"rendered":"<p>Die <strong>Schlammvulkane im Dorf Berca<\/strong> , im <strong>Kreis Buz\u0103u<\/strong> n\u00f6rdlich von <strong>Bukarest<\/strong> sind einer der besonderen Orte, die Rum\u00e4nien zu sch\u00e4tzen wei\u00df.<\/p>\n<p><img decoding=\"async\" src=\"https:\/\/roadtoromania.com\/wp-content\/uploads\/2022\/10\/volcan_berca_rumania.jpg\" \/>Berca-Schlammvulkane<\/p>\n<p>\nDieses als <em>kalter Vulkanismus<\/em> bekannte Ph\u00e4nomen wird durch den Ausbruch von Gasen verursacht, die aus einer Tiefe von etwa 3 km austreten. Sie werden f\u00e4lschlicherweise als &#8220;Vulkane&#8221; bezeichnet, weil der Aussto\u00df von Gasen aus den \u00d6lvorkommen dazu f\u00fchrt, dass der Lehmboden Kegel bildet, die zu vulkan\u00e4hnlichen Strukturen austrocknen.<\/p>\n<p>\nEs kommt normalerweise in der N\u00e4he gro\u00dfer Gebirgsz\u00fcge vor, wie den <strong>Karpaten<\/strong> im Fall von Berca, und obwohl es den Einheimischen bekannt war (und als &#8220;T\u00f6pfe&#8221; oder &#8220;Nebel&#8221; bezeichnet wurde), war es ein franz\u00f6sischer Gesch\u00e4ftsmann, der nach \u00d6lvorkommen suchte, H. Cognard, der es 1867 bekannt machte.<\/p>\n<p>\nBereits 1924 hatte die rum\u00e4nische Regierung den Vulkanen den Status eines geologischen und botanischen Reservats verliehen. Der hohe Salz- und Schwefelgehalt des Bodens f\u00fchrt zu einer extremen Trockenheit, die kaum eine Flora gedeihen l\u00e4sst, mit Ausnahme seltener Exemplare halophiler Pflanzen (Obione Verrucifera und Nitrateria Schoberi), die sich an die extremen Salzbedingungen gew\u00f6hnt haben. Die Landschaft sieht daher aus wie aus einem Mondfoto <\/p>\n<p>.<\/p>\n<h2>\n <strong>Besuch der Schlammvulkane P\u00e2clelor Mari und Mici<\/strong> <\/h2>\n<p>\nDie Schlammvulkane verteilen sich auf drei Gebiete mit einer Gesamtfl\u00e4che von 30 Hektar. Die beiden wichtigsten sind <strong>P\u00e2clelor Mari und P\u00e2clelor Mici<\/strong> , &#8220;gro\u00dfe und kleine Vulkane&#8221;. Im Gebiet der gr\u00f6\u00dferen Vulkane gibt es weniger von ihnen, und ihre Eruption erfolgt eher sto\u00dfweise, wenn auch st\u00e4rker, w\u00e4hrend die kleineren Vulkane fast ununterbrochen sprudeln und viel mehr Kegel anh\u00e4ufen.<\/p>\n<p>\nSie befinden sich am Rande eines H\u00fcgels, so dass wir bei diesem Besuch durch den Raum der Vulkane gehen m\u00fcssen <\/p>\n<p>.<\/p>\n<p>\nDie &#8220;Krater&#8221; erreichen eine H\u00f6he von bis zu 8 Metern und entstehen durch Eruptionen, die entweder sto\u00dfweise oder langsam und kontinuierlich Gase und Wasser aus dem Untergrund aussto\u00dfen.<\/p>\n<p> Wie man zu den Schlammvulkanen von Berca kommt<\/strong> <\/h2>\n<p>\nDie Schlammvulkane befinden sich etwa zw\u00f6lf Kilometer von Berca entfernt, das \u00fcber die DN 10 (Buzau &#8211; Brasov) bis km 18 zu erreichen ist, dann \u00fcber die DP Satuc-Berca- Joseni- Policiori bis km 8 und DC Polciori &#8211; Pacle bis km 5. 3 km weiterfahren und dann links zu den Vulkanen abbiegen.<\/p>\n<p>\nEs gibt einen kostenlosen Parkplatz, aber wenn dieser voll ist, gibt es einen weiteren kostenpflichtigen Parkplatz, bevor Sie den offiziellen erreichen<\/p>\n<h2>\n <strong>Regeln f\u00fcr den Besuch des Gebiets der Schlammvulkane von Berca<\/strong> <\/h2>\n<p>\n&#8211; Sie d\u00fcrfen die Kegel oder die Lava nicht ber\u00fchren<\/p>\n<p>\n&#8211; Es ist verboten, mit Tieren einzutreten<\/p>\n<p>\n&#8211; Rauchen und Essen sind w\u00e4hrend des Besuchs nicht erlaubt<\/p>\n<h2>\n <strong>Karte der Putna-Schlammvulkane<\/strong> <\/h2>\n","protected":false},"excerpt":{"rendered":"<p>Die Schlammvulkane im Dorf Berca , im Kreis Buz\u0103u n\u00f6rdlich von Bukarest sind einer der besonderen Orte, die Rum\u00e4nien zu sch\u00e4tzen wei\u00df. Berca-Schlammvulkane Dieses als kalter Vulkanismus bekannte Ph\u00e4nomen wird durch den Ausbruch von Gasen verursacht, die aus einer Tiefe von etwa 3 km austreten. Sie werden f\u00e4lschlicherweise als &#8220;Vulkane&#8221; bezeichnet, weil der Aussto\u00df von &hellip;<\/p>\n<p class=\"read-more\"> <a class=\"\" href=\"https:\/\/roadtoromania.com\/de\/natur-rumaenien\/schlamm-von-lava-vulkanen\/\"> <span class=\"screen-reader-text\">Berca-Schlammvulkane<\/span> Read More \u00bb<\/a><\/p>\n","protected":false},"author":1,"featured_media":1799,"parent":3043,"menu_order":0,"comment_status":"open","ping_status":"open","template":"","meta":{"site-sidebar-layout":"default","site-content-layout":"default","ast-global-header-display":"","ast-main-header-display":"","ast-hfb-above-header-display":"","ast-hfb-below-header-display":"","ast-hfb-mobile-header-display":"","site-post-title":"","ast-breadcrumbs-content":"","ast-featured-img":"","footer-sml-layout":"","theme-transparent-header-meta":"","adv-header-id-meta":"","stick-header-meta":"","header-above-stick-meta":"","header-main-stick-meta":"","header-below-stick-meta":"","footnotes":""},"class_list":["post-3068","page","type-page","status-publish","has-post-thumbnail","hentry"],"yoast_head":"<!-- This site is optimized with the Yoast SEO plugin v19.10 - https:\/\/yoast.com\/wordpress\/plugins\/seo\/ -->\n<title>Berca-Schlammvulkane - Road to Romania<\/title>\n<meta name=\"robots\" content=\"index, follow, max-snippet:-1, max-image-preview:large, max-video-preview:-1\" \/>\n<link rel=\"canonical\" href=\"https:\/\/roadtoromania.com\/de\/natur-rumaenien\/schlamm-von-lava-vulkanen\/\" \/>\n<meta property=\"og:locale\" content=\"de_DE\" \/>\n<meta property=\"og:type\" content=\"article\" \/>\n<meta property=\"og:title\" content=\"Berca-Schlammvulkane - Road to Romania\" \/>\n<meta property=\"og:description\" content=\"Die Schlammvulkane im Dorf Berca , im Kreis Buz\u0103u n\u00f6rdlich von Bukarest sind einer der besonderen Orte, die Rum\u00e4nien zu sch\u00e4tzen wei\u00df. Berca-Schlammvulkane Dieses als kalter Vulkanismus bekannte Ph\u00e4nomen wird durch den Ausbruch von Gasen verursacht, die aus einer Tiefe von etwa 3 km austreten. Sie werden f\u00e4lschlicherweise als &#8220;Vulkane&#8221; bezeichnet, weil der Aussto\u00df von &hellip; Berca-Schlammvulkane Read More \u00bb\" \/>\n<meta property=\"og:url\" content=\"https:\/\/roadtoromania.com\/de\/natur-rumaenien\/schlamm-von-lava-vulkanen\/\" \/>\n<meta property=\"og:site_name\" content=\"Road to Romania\" \/>\n<meta property=\"article:modified_time\" content=\"2022-10-15T22:17:09+00:00\" \/>\n<meta property=\"og:image\" content=\"https:\/\/roadtoromania.com\/wp-content\/uploads\/2022\/10\/volcan_berca_rumania-1.jpg\" \/>\n\t<meta property=\"og:image:width\" content=\"750\" \/>\n\t<meta property=\"og:image:height\" content=\"396\" \/>\n\t<meta property=\"og:image:type\" content=\"image\/jpeg\" \/>\n<meta name=\"twitter:card\" content=\"summary_large_image\" \/>\n<meta name=\"twitter:label1\" content=\"Gesch\u00e4tzte Lesezeit\" \/>\n\t<meta name=\"twitter:data1\" content=\"2\u00a0Minuten\" \/>\n<script type=\"application\/ld+json\" class=\"yoast-schema-graph\">{\"@context\":\"https:\/\/schema.org\",\"@graph\":[{\"@type\":\"WebPage\",\"@id\":\"https:\/\/roadtoromania.com\/de\/natur-rumaenien\/schlamm-von-lava-vulkanen\/\",\"url\":\"https:\/\/roadtoromania.com\/de\/natur-rumaenien\/schlamm-von-lava-vulkanen\/\",\"name\":\"Berca-Schlammvulkane - Road to Romania\",\"isPartOf\":{\"@id\":\"https:\/\/roadtoromania.com\/de\/#website\"},\"datePublished\":\"2022-10-15T18:40:18+00:00\",\"dateModified\":\"2022-10-15T22:17:09+00:00\",\"breadcrumb\":{\"@id\":\"https:\/\/roadtoromania.com\/de\/natur-rumaenien\/schlamm-von-lava-vulkanen\/#breadcrumb\"},\"inLanguage\":\"de\",\"potentialAction\":[{\"@type\":\"ReadAction\",\"target\":[\"https:\/\/roadtoromania.com\/de\/natur-rumaenien\/schlamm-von-lava-vulkanen\/\"]}]},{\"@type\":\"BreadcrumbList\",\"@id\":\"https:\/\/roadtoromania.com\/de\/natur-rumaenien\/schlamm-von-lava-vulkanen\/#breadcrumb\",\"itemListElement\":[{\"@type\":\"ListItem\",\"position\":1,\"name\":\"Home\",\"item\":\"https:\/\/roadtoromania.com\/de\/\"},{\"@type\":\"ListItem\",\"position\":2,\"name\":\"Berca-Schlammvulkane\"}]},{\"@type\":\"WebSite\",\"@id\":\"https:\/\/roadtoromania.com\/de\/#website\",\"url\":\"https:\/\/roadtoromania.com\/de\/\",\"name\":\"Road to Romania\",\"description\":\"Der Blog, in dem Sie alle Informationen finden, die Sie brauchen, um Rum\u00e4nien zu genie\u00dfen.\",\"potentialAction\":[{\"@type\":\"SearchAction\",\"target\":{\"@type\":\"EntryPoint\",\"urlTemplate\":\"https:\/\/roadtoromania.com\/de\/?s={search_term_string}\"},\"query-input\":\"required name=search_term_string\"}],\"inLanguage\":\"de\"}]}<\/script>\n<!-- \/ Yoast SEO plugin. -->","yoast_head_json":{"title":"Berca-Schlammvulkane - Road to Romania","robots":{"index":"index","follow":"follow","max-snippet":"max-snippet:-1","max-image-preview":"max-image-preview:large","max-video-preview":"max-video-preview:-1"},"canonical":"https:\/\/roadtoromania.com\/de\/natur-rumaenien\/schlamm-von-lava-vulkanen\/","og_locale":"de_DE","og_type":"article","og_title":"Berca-Schlammvulkane - Road to Romania","og_description":"Die Schlammvulkane im Dorf Berca , im Kreis Buz\u0103u n\u00f6rdlich von Bukarest sind einer der besonderen Orte, die Rum\u00e4nien zu sch\u00e4tzen wei\u00df. Berca-Schlammvulkane Dieses als kalter Vulkanismus bekannte Ph\u00e4nomen wird durch den Ausbruch von Gasen verursacht, die aus einer Tiefe von etwa 3 km austreten. Sie werden f\u00e4lschlicherweise als &#8220;Vulkane&#8221; bezeichnet, weil der Aussto\u00df von &hellip; Berca-Schlammvulkane Read More \u00bb","og_url":"https:\/\/roadtoromania.com\/de\/natur-rumaenien\/schlamm-von-lava-vulkanen\/","og_site_name":"Road to Romania","article_modified_time":"2022-10-15T22:17:09+00:00","og_image":[{"width":750,"height":396,"url":"https:\/\/roadtoromania.com\/wp-content\/uploads\/2022\/10\/volcan_berca_rumania-1.jpg","type":"image\/jpeg"}],"twitter_card":"summary_large_image","twitter_misc":{"Gesch\u00e4tzte Lesezeit":"2\u00a0Minuten"},"schema":{"@context":"https:\/\/schema.org","@graph":[{"@type":"WebPage","@id":"https:\/\/roadtoromania.com\/de\/natur-rumaenien\/schlamm-von-lava-vulkanen\/","url":"https:\/\/roadtoromania.com\/de\/natur-rumaenien\/schlamm-von-lava-vulkanen\/","name":"Berca-Schlammvulkane - Road to Romania","isPartOf":{"@id":"https:\/\/roadtoromania.com\/de\/#website"},"datePublished":"2022-10-15T18:40:18+00:00","dateModified":"2022-10-15T22:17:09+00:00","breadcrumb":{"@id":"https:\/\/roadtoromania.com\/de\/natur-rumaenien\/schlamm-von-lava-vulkanen\/#breadcrumb"},"inLanguage":"de","potentialAction":[{"@type":"ReadAction","target":["https:\/\/roadtoromania.com\/de\/natur-rumaenien\/schlamm-von-lava-vulkanen\/"]}]},{"@type":"BreadcrumbList","@id":"https:\/\/roadtoromania.com\/de\/natur-rumaenien\/schlamm-von-lava-vulkanen\/#breadcrumb","itemListElement":[{"@type":"ListItem","position":1,"name":"Home","item":"https:\/\/roadtoromania.com\/de\/"},{"@type":"ListItem","position":2,"name":"Berca-Schlammvulkane"}]},{"@type":"WebSite","@id":"https:\/\/roadtoromania.com\/de\/#website","url":"https:\/\/roadtoromania.com\/de\/","name":"Road to Romania","description":"Der Blog, in dem Sie alle Informationen finden, die Sie brauchen, um Rum\u00e4nien zu genie\u00dfen.","potentialAction":[{"@type":"SearchAction","target":{"@type":"EntryPoint","urlTemplate":"https:\/\/roadtoromania.com\/de\/?s={search_term_string}"},"query-input":"required name=search_term_string"}],"inLanguage":"de"}]}},"_links":{"self":[{"href":"https:\/\/roadtoromania.com\/de\/wp-json\/wp\/v2\/pages\/3068","targetHints":{"allow":["GET"]}}],"collection":[{"href":"https:\/\/roadtoromania.com\/de\/wp-json\/wp\/v2\/pages"}],"about":[{"href":"https:\/\/roadtoromania.com\/de\/wp-json\/wp\/v2\/types\/page"}],"author":[{"embeddable":true,"href":"https:\/\/roadtoromania.com\/de\/wp-json\/wp\/v2\/users\/1"}],"replies":[{"embeddable":true,"href":"https:\/\/roadtoromania.com\/de\/wp-json\/wp\/v2\/comments?post=3068"}],"version-history":[{"count":1,"href":"https:\/\/roadtoromania.com\/de\/wp-json\/wp\/v2\/pages\/3068\/revisions"}],"predecessor-version":[{"id":3069,"href":"https:\/\/roadtoromania.com\/de\/wp-json\/wp\/v2\/pages\/3068\/revisions\/3069"}],"up":[{"embeddable":true,"href":"https:\/\/roadtoromania.com\/de\/wp-json\/wp\/v2\/pages\/3043"}],"wp:featuredmedia":[{"embeddable":true,"href":"https:\/\/roadtoromania.com\/de\/wp-json\/wp\/v2\/media\/1799"}],"wp:attachment":[{"href":"https:\/\/roadtoromania.com\/de\/wp-json\/wp\/v2\/media?parent=3068"}],"curies":[{"name":"wp","href":"https:\/\/api.w.org\/{rel}","templated":true}]}}