{"id":3072,"date":"2022-10-15T18:40:18","date_gmt":"2022-10-15T18:40:18","guid":{"rendered":"https:\/\/roadtoromania.com\/fluganforderung-nach-rumaenien\/"},"modified":"2022-10-15T22:17:10","modified_gmt":"2022-10-15T22:17:10","slug":"fluganforderung-nach-rumaenien","status":"publish","type":"page","link":"https:\/\/roadtoromania.com\/de\/fluganforderung-nach-rumaenien\/","title":{"rendered":"Fluganspr\u00fcche nach Rum\u00e4nien"},"content":{"rendered":"<p> <strong>Rum\u00e4nien<\/strong> ist eines jener Reiseziele, die f\u00fcr Reisende eine gro\u00dfe \u00dcberraschung darstellen. Viele kommen wieder, weil sie wissen, wie viel es zu sehen gibt, und sie haben nur Gutes \u00fcber die freundlichen Menschen zu sagen, die uns das Gef\u00fchl geben, zu Hause zu sein.\u00a0<\/strong> Es gibt alles<\/strong> : monumentale St\u00e4dte, unvorstellbare Schl\u00f6sser, Geschichten und Legenden, die wundersch\u00f6ne mittelalterliche D\u00f6rfer schm\u00fccken, eine k\u00f6stliche Gastronomie, die auf Qualit\u00e4tsprodukten basiert, nat\u00fcrliche M\u00f6glichkeiten f\u00fcr jedermann und unber\u00fchrte Landschaften, die im alten Europa immer schwieriger zu finden sind <\/p>\n<p>.<\/p>\n<div id=\"toc_container\" class=\"no_bullets\"><p class=\"toc_title\">Contents<\/p><ul class=\"toc_list\"><li><a href=\"#Wie_man_nach_Rumaenien_kommt_8211_Flughaefen\"><span class=\"toc_number toc_depth_1\">1<\/span> \nWie man nach Rum\u00e4nien kommt &#8211; Flugh\u00e4fen<\/a><\/li><li><a href=\"#Probleme_mit_dem_Flug\"><span class=\"toc_number toc_depth_1\">2<\/span> \nProbleme mit dem Flug?<\/a><\/li><li><a href=\"#Wie_man_sich_beschwert\"><span class=\"toc_number toc_depth_1\">3<\/span> \nWie man sich beschwert<\/a><\/li><li><a href=\"#Die_beste_Loesung_fuer_Fluganfragen_nach_Rumaenien\"><span class=\"toc_number toc_depth_1\">4<\/span> \nDie beste L\u00f6sung f\u00fcr Fluganfragen nach Rum\u00e4nien<\/a><\/li><\/ul><\/div>\n<h2><span id=\"Wie_man_nach_Rumaenien_kommt_8211_Flughaefen\">\nWie man nach Rum\u00e4nien kommt &#8211; Flugh\u00e4fen<\/span><\/h2>\n<p>\nVon Spanien aus gibt es <strong>Direktfl\u00fcge nach Rum\u00e4nien<\/strong> \u00fcber die Flugh\u00e4fen von Bukarest, Cluj-Napoca, Sibiu<\/p>\n<p>Timi\u015foara, Ia\u015fi, Craiova und Bac\u0103u.\u00a0Von und nach Bukarest gibt es zum Beispiel Verbindungen nach Madrid, Barcelona, Castell\u00f3n de la Plana, Valencia oder Alicante <\/p>\n<p>.<br \/>\n<img decoding=\"async\" src=\"https:\/\/roadtoromania.com\/wp-content\/uploads\/2022\/10\/vuelo_rumania.jpg\" \/>In den Ferien nach Rum\u00e4nien fliegen<br \/>\n Ryanair, Wizz Air, Vueling und Blue Air<\/strong> sind die Billigfluggesellschaften, die Fl\u00fcge nach Rum\u00e4nien anbieten, so dass wir, wenn wir uns f\u00fcr eine Reise entscheiden, w\u00e4hlen k\u00f6nnen, mit wem wir fliegen wollen.<\/p>\n<h2><span id=\"Probleme_mit_dem_Flug\">\nProbleme mit dem Flug?<\/span><\/h2>\n<p>\nManchmal kommen die <strong>Unannehmlichkeiten<\/strong> mit dem geplanten Flug nach Rum\u00e4nien, mit unpassenden Situationen wie <strong>Flugannullierung, Versp\u00e4tungen<\/strong> , die an das Unertr\u00e4gliche grenzen, <strong>Verlust<\/strong> unserer Habseligkeiten und Koffer oder die gef\u00fcrchtete \u00dcberbuchung. All diese unvorhergesehenen Ereignisse k\u00f6nnen Ihre Reise st\u00f6ren, so dass Ihr Urlaub ruiniert wird. Deshalb ist es wichtig, die Rechte der Fahrg\u00e4ste zu kennen, woran Verb\u00e4nde wie <strong>AENA oder die OCU<\/strong> (Organisation der Verbraucher und Nutzer) erinnern.<\/p>\n<h2><span id=\"Wie_man_sich_beschwert\">\nWie man sich beschwert<\/span><\/h2>\n<p>\nDie <strong>Beschwerde ist fast nie einfach,<\/strong> und kommt praktisch nie von den Fluggesellschaften, so dass wir nach dem ungl\u00fccklichen Vorfall diejenigen sein m\u00fcssen, die das Beschwerdeverfahren einleiten. Einige dieser Fluggesellschaften spielen ein Spiel der Irref\u00fchrung, und die einzigen Informationen stammen von den Erfahrungen anderer Passagiere, die bereits dieselbe Tortur durchgemacht haben. Informationen sind unerl\u00e4sslich, denn die erste Frage, die sich stellt, ist, ab welchem Zeitpunkt oder bei welchem Problem wir das Recht haben, uns zu beschweren. E-Mails oder Anrufe bei der betreffenden Fluggesellschaft haben Filter, die unsere Anfragen verlangsamen, und man muss sich in Geduld \u00fcben, da eine gro\u00dfe Zahl von Antr\u00e4gen aufgrund von Ersch\u00f6pfung auf der Strecke bleibt <\/p>\n<p>.<\/p>\n<p>\nZu diesen Problemen kommt hinzu, dass der Kundendienst manchmal nicht auf Spanisch erreichbar ist, was die Kommunikation und die \u00dcbersetzung unseres Anliegens zus\u00e4tzlich erschwert <\/p>\n<p>.<\/p>\n<h2><span id=\"Die_beste_Loesung_fuer_Fluganfragen_nach_Rumaenien\">\nDie beste L\u00f6sung f\u00fcr Fluganfragen nach Rum\u00e4nien<\/span><\/h2>\n<p>\nDie beste L\u00f6sung ist immer die zufriedenstellende L\u00f6sung, daran besteht kein Zweifel. Aber aufgrund der Hektik unserer Arbeit, Langeweile, mangelnder b\u00fcrokratischer Kenntnisse oder Zeitmangel sind wir nicht in der Lage, die Beschwerde zu bearbeiten. Vielleicht ist das der Grund, warum viele Verbraucher, die Probleme mit Annullierungen, Versp\u00e4tungen und anderen Unannehmlichkeiten hatten, sich f\u00fcr Fachleute entscheiden, die Erfahrung mit dieser Art von Vorf\u00e4llen haben. <strong>Reclamacion de vuelos<\/strong> hat sich auf diese Arbeit spezialisiert und erzielt hervorragende Ergebnisse f\u00fcr die Betroffenen. Sie k\u00fcmmern sich um alles, \u00fcber ihre Website m\u00fcssen Sie nur die Informationen \u00fcber den Vorfall mit dem Flug schicken, und dann beraten sie Sie \u00fcber die Rechte auf Entsch\u00e4digung, die wir haben. Wenn wir einverstanden sind, legen wir die Verwaltung des Verfahrens in ihre H\u00e4nde und delegieren den Prozess. Die Erfolgsgarantie ist sehr hoch, denn 98 % der Antr\u00e4ge sind erfolgreich. Sie werden nur dann bezahlt, wenn der Reisende die Entsch\u00e4digung erh\u00e4lt, so dass wir sicher sein k\u00f6nnen, dass sie so handeln werden, als w\u00e4ren wir es selbst. Im Gegenzug erhalten sie 25 % des geforderten Betrags <\/p>\n<p>.<\/p>\n","protected":false},"excerpt":{"rendered":"<p>Rum\u00e4nien ist eines jener Reiseziele, die f\u00fcr Reisende eine gro\u00dfe \u00dcberraschung darstellen. Viele kommen wieder, weil sie wissen, wie viel es zu sehen gibt, und sie haben nur Gutes \u00fcber die freundlichen Menschen zu sagen, die uns das Gef\u00fchl geben, zu Hause zu sein.\u00a0 Es gibt alles : monumentale St\u00e4dte, unvorstellbare Schl\u00f6sser, Geschichten und Legenden, &hellip;<\/p>\n<p class=\"read-more\"> <a class=\"\" href=\"https:\/\/roadtoromania.com\/de\/fluganforderung-nach-rumaenien\/\"> <span class=\"screen-reader-text\">Fluganspr\u00fcche nach Rum\u00e4nien<\/span> Read More \u00bb<\/a><\/p>\n","protected":false},"author":1,"featured_media":1815,"parent":0,"menu_order":0,"comment_status":"open","ping_status":"open","template":"","meta":{"site-sidebar-layout":"default","site-content-layout":"default","ast-global-header-display":"","ast-main-header-display":"","ast-hfb-above-header-display":"","ast-hfb-below-header-display":"","ast-hfb-mobile-header-display":"","site-post-title":"","ast-breadcrumbs-content":"","ast-featured-img":"","footer-sml-layout":"","theme-transparent-header-meta":"","adv-header-id-meta":"","stick-header-meta":"","header-above-stick-meta":"","header-main-stick-meta":"","header-below-stick-meta":"","footnotes":""},"class_list":["post-3072","page","type-page","status-publish","has-post-thumbnail","hentry"],"yoast_head":"<!-- This site is optimized with the Yoast SEO plugin v19.10 - https:\/\/yoast.com\/wordpress\/plugins\/seo\/ -->\n<title>Fluganspr\u00fcche nach Rum\u00e4nien - Road to Romania<\/title>\n<meta name=\"robots\" content=\"index, follow, max-snippet:-1, max-image-preview:large, max-video-preview:-1\" \/>\n<link rel=\"canonical\" href=\"https:\/\/roadtoromania.com\/de\/fluganforderung-nach-rumaenien\/\" \/>\n<meta property=\"og:locale\" content=\"de_DE\" \/>\n<meta property=\"og:type\" content=\"article\" \/>\n<meta property=\"og:title\" content=\"Fluganspr\u00fcche nach Rum\u00e4nien - Road to Romania\" \/>\n<meta property=\"og:description\" content=\"Rum\u00e4nien ist eines jener Reiseziele, die f\u00fcr Reisende eine gro\u00dfe \u00dcberraschung darstellen. Viele kommen wieder, weil sie wissen, wie viel es zu sehen gibt, und sie haben nur Gutes \u00fcber die freundlichen Menschen zu sagen, die uns das Gef\u00fchl geben, zu Hause zu sein.\u00a0 Es gibt alles : monumentale St\u00e4dte, unvorstellbare Schl\u00f6sser, Geschichten und Legenden, &hellip; Fluganspr\u00fcche nach Rum\u00e4nien Read More \u00bb\" \/>\n<meta property=\"og:url\" content=\"https:\/\/roadtoromania.com\/de\/fluganforderung-nach-rumaenien\/\" \/>\n<meta property=\"og:site_name\" content=\"Road to Romania\" \/>\n<meta property=\"article:modified_time\" content=\"2022-10-15T22:17:10+00:00\" \/>\n<meta property=\"og:image\" content=\"https:\/\/roadtoromania.com\/wp-content\/uploads\/2022\/10\/vuelo_rumania-1.jpg\" \/>\n\t<meta property=\"og:image:width\" content=\"768\" \/>\n\t<meta property=\"og:image:height\" content=\"432\" \/>\n\t<meta property=\"og:image:type\" content=\"image\/jpeg\" \/>\n<meta name=\"twitter:card\" content=\"summary_large_image\" \/>\n<meta name=\"twitter:label1\" content=\"Gesch\u00e4tzte Lesezeit\" \/>\n\t<meta name=\"twitter:data1\" content=\"3\u00a0Minuten\" \/>\n<script type=\"application\/ld+json\" class=\"yoast-schema-graph\">{\"@context\":\"https:\/\/schema.org\",\"@graph\":[{\"@type\":\"WebPage\",\"@id\":\"https:\/\/roadtoromania.com\/de\/fluganforderung-nach-rumaenien\/\",\"url\":\"https:\/\/roadtoromania.com\/de\/fluganforderung-nach-rumaenien\/\",\"name\":\"Fluganspr\u00fcche nach Rum\u00e4nien - Road to Romania\",\"isPartOf\":{\"@id\":\"https:\/\/roadtoromania.com\/de\/#website\"},\"datePublished\":\"2022-10-15T18:40:18+00:00\",\"dateModified\":\"2022-10-15T22:17:10+00:00\",\"breadcrumb\":{\"@id\":\"https:\/\/roadtoromania.com\/de\/fluganforderung-nach-rumaenien\/#breadcrumb\"},\"inLanguage\":\"de\",\"potentialAction\":[{\"@type\":\"ReadAction\",\"target\":[\"https:\/\/roadtoromania.com\/de\/fluganforderung-nach-rumaenien\/\"]}]},{\"@type\":\"BreadcrumbList\",\"@id\":\"https:\/\/roadtoromania.com\/de\/fluganforderung-nach-rumaenien\/#breadcrumb\",\"itemListElement\":[{\"@type\":\"ListItem\",\"position\":1,\"name\":\"Home\",\"item\":\"https:\/\/roadtoromania.com\/de\/\"},{\"@type\":\"ListItem\",\"position\":2,\"name\":\"Fluganspr\u00fcche nach Rum\u00e4nien\"}]},{\"@type\":\"WebSite\",\"@id\":\"https:\/\/roadtoromania.com\/de\/#website\",\"url\":\"https:\/\/roadtoromania.com\/de\/\",\"name\":\"Road to Romania\",\"description\":\"Der Blog, in dem Sie alle Informationen finden, die Sie brauchen, um Rum\u00e4nien zu genie\u00dfen.\",\"potentialAction\":[{\"@type\":\"SearchAction\",\"target\":{\"@type\":\"EntryPoint\",\"urlTemplate\":\"https:\/\/roadtoromania.com\/de\/?s={search_term_string}\"},\"query-input\":\"required name=search_term_string\"}],\"inLanguage\":\"de\"}]}<\/script>\n<!-- \/ Yoast SEO plugin. -->","yoast_head_json":{"title":"Fluganspr\u00fcche nach Rum\u00e4nien - Road to Romania","robots":{"index":"index","follow":"follow","max-snippet":"max-snippet:-1","max-image-preview":"max-image-preview:large","max-video-preview":"max-video-preview:-1"},"canonical":"https:\/\/roadtoromania.com\/de\/fluganforderung-nach-rumaenien\/","og_locale":"de_DE","og_type":"article","og_title":"Fluganspr\u00fcche nach Rum\u00e4nien - Road to Romania","og_description":"Rum\u00e4nien ist eines jener Reiseziele, die f\u00fcr Reisende eine gro\u00dfe \u00dcberraschung darstellen. Viele kommen wieder, weil sie wissen, wie viel es zu sehen gibt, und sie haben nur Gutes \u00fcber die freundlichen Menschen zu sagen, die uns das Gef\u00fchl geben, zu Hause zu sein.\u00a0 Es gibt alles : monumentale St\u00e4dte, unvorstellbare Schl\u00f6sser, Geschichten und Legenden, &hellip; Fluganspr\u00fcche nach Rum\u00e4nien Read More \u00bb","og_url":"https:\/\/roadtoromania.com\/de\/fluganforderung-nach-rumaenien\/","og_site_name":"Road to Romania","article_modified_time":"2022-10-15T22:17:10+00:00","og_image":[{"width":768,"height":432,"url":"https:\/\/roadtoromania.com\/wp-content\/uploads\/2022\/10\/vuelo_rumania-1.jpg","type":"image\/jpeg"}],"twitter_card":"summary_large_image","twitter_misc":{"Gesch\u00e4tzte Lesezeit":"3\u00a0Minuten"},"schema":{"@context":"https:\/\/schema.org","@graph":[{"@type":"WebPage","@id":"https:\/\/roadtoromania.com\/de\/fluganforderung-nach-rumaenien\/","url":"https:\/\/roadtoromania.com\/de\/fluganforderung-nach-rumaenien\/","name":"Fluganspr\u00fcche nach Rum\u00e4nien - Road to Romania","isPartOf":{"@id":"https:\/\/roadtoromania.com\/de\/#website"},"datePublished":"2022-10-15T18:40:18+00:00","dateModified":"2022-10-15T22:17:10+00:00","breadcrumb":{"@id":"https:\/\/roadtoromania.com\/de\/fluganforderung-nach-rumaenien\/#breadcrumb"},"inLanguage":"de","potentialAction":[{"@type":"ReadAction","target":["https:\/\/roadtoromania.com\/de\/fluganforderung-nach-rumaenien\/"]}]},{"@type":"BreadcrumbList","@id":"https:\/\/roadtoromania.com\/de\/fluganforderung-nach-rumaenien\/#breadcrumb","itemListElement":[{"@type":"ListItem","position":1,"name":"Home","item":"https:\/\/roadtoromania.com\/de\/"},{"@type":"ListItem","position":2,"name":"Fluganspr\u00fcche nach Rum\u00e4nien"}]},{"@type":"WebSite","@id":"https:\/\/roadtoromania.com\/de\/#website","url":"https:\/\/roadtoromania.com\/de\/","name":"Road to Romania","description":"Der Blog, in dem Sie alle Informationen finden, die Sie brauchen, um Rum\u00e4nien zu genie\u00dfen.","potentialAction":[{"@type":"SearchAction","target":{"@type":"EntryPoint","urlTemplate":"https:\/\/roadtoromania.com\/de\/?s={search_term_string}"},"query-input":"required name=search_term_string"}],"inLanguage":"de"}]}},"_links":{"self":[{"href":"https:\/\/roadtoromania.com\/de\/wp-json\/wp\/v2\/pages\/3072","targetHints":{"allow":["GET"]}}],"collection":[{"href":"https:\/\/roadtoromania.com\/de\/wp-json\/wp\/v2\/pages"}],"about":[{"href":"https:\/\/roadtoromania.com\/de\/wp-json\/wp\/v2\/types\/page"}],"author":[{"embeddable":true,"href":"https:\/\/roadtoromania.com\/de\/wp-json\/wp\/v2\/users\/1"}],"replies":[{"embeddable":true,"href":"https:\/\/roadtoromania.com\/de\/wp-json\/wp\/v2\/comments?post=3072"}],"version-history":[{"count":1,"href":"https:\/\/roadtoromania.com\/de\/wp-json\/wp\/v2\/pages\/3072\/revisions"}],"predecessor-version":[{"id":3073,"href":"https:\/\/roadtoromania.com\/de\/wp-json\/wp\/v2\/pages\/3072\/revisions\/3073"}],"wp:featuredmedia":[{"embeddable":true,"href":"https:\/\/roadtoromania.com\/de\/wp-json\/wp\/v2\/media\/1815"}],"wp:attachment":[{"href":"https:\/\/roadtoromania.com\/de\/wp-json\/wp\/v2\/media?parent=3072"}],"curies":[{"name":"wp","href":"https:\/\/api.w.org\/{rel}","templated":true}]}}