{"id":3078,"date":"2022-10-15T18:40:18","date_gmt":"2022-10-15T18:40:18","guid":{"rendered":"https:\/\/roadtoromania.com\/wetter-und-klima-in-rumaenien\/"},"modified":"2022-10-15T22:17:02","modified_gmt":"2022-10-15T22:17:02","slug":"wetter-und-klima-in-rumaenien","status":"publish","type":"page","link":"https:\/\/roadtoromania.com\/de\/wetter-und-klima-in-rumaenien\/","title":{"rendered":"Wetter und Klima in Rum\u00e4nien"},"content":{"rendered":"<p> <strong>Rum\u00e4nien<\/strong> ist ein gro\u00dfes Land mit einem Relief, das von Ebenen bis zu Gebirgsregionen reicht. Aus diesem Grund gibt es Gebiete, in denen die Winter etwas milder sind, und Regionen wie die Karpaten <strong><a href=\"https:\/\/roadtoromania.com\/de\/natur-rumaenien\/los-carpatos\/\">Karpaten<\/a> <\/strong> und <strong><a href=\"https:\/\/roadtoromania.com\/de\/staedte-und-regionen-rumaeniens\/transsilvanien\/\">Siebenb\u00fcrgen<\/a> <\/strong> , in denen der Schnee die Region wei\u00df bedeckt und die Temperaturen unter 0\u00ba liegen <\/p>\n<p>.<\/p>\n<p>Im Allgemeinen sind die Winter streng, die Fr\u00fchlinge kurz, die Sommer angenehm (23 Grad), aber manchmal sehr regnerisch, und die Herbste haben eine milde und angenehme Temperatur und ein angenehmes Klima.<\/p>\n<p>\nIm Osten des Landes herrschen dank des Einflusses des Schwarzen Meeres angenehmere Temperaturen. In <strong>Bukarest<\/strong> , der Hauptstadt, kann es im Sommer leicht \u00fcber 30 Grad Celsius werden.<\/p>\n<p>\nWettervorhersage f\u00fcr die n\u00e4chsten Tage in den wichtigsten St\u00e4dten Rum\u00e4niens<\/p>\n<p>\n <strong>Wetter in Bukarest<\/strong> <\/p>\n<p><a href=\"http:\/\/www.tiempo.com\/bucarest.htm\">Bukarest Wetter<\/a> <\/p>\n<p>\n <strong>Sibiu Wetter<\/strong> <\/p>\n<p><a href=\"http:\/\/www.tiempo.com\/\">Das Wetter<\/a> in Sibiu<\/p>\n<p>\n <strong>Wetter in Cluj Napuca<\/strong> <\/p>\n<p><a href=\"http:\/\/www.tiempo.com\/cluj-napoca.htm\">Wetter<\/a> in Cluj-Napoca<\/p>\n<p>\n <strong>Wetter in Timisoara<\/strong> <\/p>\n<p>Wetter Timisoara<\/p>\n<p>\n <strong>Wetter in Craiova<\/strong> <\/p>\n<p>Wetter in Craiova<\/p>\n","protected":false},"excerpt":{"rendered":"<p>Rum\u00e4nien ist ein gro\u00dfes Land mit einem Relief, das von Ebenen bis zu Gebirgsregionen reicht. Aus diesem Grund gibt es Gebiete, in denen die Winter etwas milder sind, und Regionen wie die Karpaten Karpaten und Siebenb\u00fcrgen , in denen der Schnee die Region wei\u00df bedeckt und die Temperaturen unter 0\u00ba liegen . Im Allgemeinen sind &hellip;<\/p>\n<p class=\"read-more\"> <a class=\"\" href=\"https:\/\/roadtoromania.com\/de\/wetter-und-klima-in-rumaenien\/\"> <span class=\"screen-reader-text\">Wetter und Klima in Rum\u00e4nien<\/span> Read More \u00bb<\/a><\/p>\n","protected":false},"author":1,"featured_media":0,"parent":0,"menu_order":0,"comment_status":"open","ping_status":"open","template":"","meta":{"site-sidebar-layout":"default","site-content-layout":"default","ast-global-header-display":"","ast-main-header-display":"","ast-hfb-above-header-display":"","ast-hfb-below-header-display":"","ast-hfb-mobile-header-display":"","site-post-title":"","ast-breadcrumbs-content":"","ast-featured-img":"","footer-sml-layout":"","theme-transparent-header-meta":"","adv-header-id-meta":"","stick-header-meta":"","header-above-stick-meta":"","header-main-stick-meta":"","header-below-stick-meta":"","footnotes":""},"class_list":["post-3078","page","type-page","status-publish","hentry"],"yoast_head":"<!-- This site is optimized with the Yoast SEO plugin v19.10 - https:\/\/yoast.com\/wordpress\/plugins\/seo\/ -->\n<title>Wetter und Klima in Rum\u00e4nien - Road to Romania<\/title>\n<meta name=\"robots\" content=\"index, follow, max-snippet:-1, max-image-preview:large, max-video-preview:-1\" \/>\n<link rel=\"canonical\" href=\"https:\/\/roadtoromania.com\/de\/wetter-und-klima-in-rumaenien\/\" \/>\n<meta property=\"og:locale\" content=\"de_DE\" \/>\n<meta property=\"og:type\" content=\"article\" \/>\n<meta property=\"og:title\" content=\"Wetter und Klima in Rum\u00e4nien - Road to Romania\" \/>\n<meta property=\"og:description\" content=\"Rum\u00e4nien ist ein gro\u00dfes Land mit einem Relief, das von Ebenen bis zu Gebirgsregionen reicht. Aus diesem Grund gibt es Gebiete, in denen die Winter etwas milder sind, und Regionen wie die Karpaten Karpaten und Siebenb\u00fcrgen , in denen der Schnee die Region wei\u00df bedeckt und die Temperaturen unter 0\u00ba liegen . Im Allgemeinen sind &hellip; Wetter und Klima in Rum\u00e4nien Read More \u00bb\" \/>\n<meta property=\"og:url\" content=\"https:\/\/roadtoromania.com\/de\/wetter-und-klima-in-rumaenien\/\" \/>\n<meta property=\"og:site_name\" content=\"Road to Romania\" \/>\n<meta property=\"article:modified_time\" content=\"2022-10-15T22:17:02+00:00\" \/>\n<meta name=\"twitter:card\" content=\"summary_large_image\" \/>\n<meta name=\"twitter:label1\" content=\"Gesch\u00e4tzte Lesezeit\" \/>\n\t<meta name=\"twitter:data1\" content=\"1\u00a0Minute\" \/>\n<script type=\"application\/ld+json\" class=\"yoast-schema-graph\">{\"@context\":\"https:\/\/schema.org\",\"@graph\":[{\"@type\":\"WebPage\",\"@id\":\"https:\/\/roadtoromania.com\/de\/wetter-und-klima-in-rumaenien\/\",\"url\":\"https:\/\/roadtoromania.com\/de\/wetter-und-klima-in-rumaenien\/\",\"name\":\"Wetter und Klima in Rum\u00e4nien - Road to Romania\",\"isPartOf\":{\"@id\":\"https:\/\/roadtoromania.com\/de\/#website\"},\"datePublished\":\"2022-10-15T18:40:18+00:00\",\"dateModified\":\"2022-10-15T22:17:02+00:00\",\"breadcrumb\":{\"@id\":\"https:\/\/roadtoromania.com\/de\/wetter-und-klima-in-rumaenien\/#breadcrumb\"},\"inLanguage\":\"de\",\"potentialAction\":[{\"@type\":\"ReadAction\",\"target\":[\"https:\/\/roadtoromania.com\/de\/wetter-und-klima-in-rumaenien\/\"]}]},{\"@type\":\"BreadcrumbList\",\"@id\":\"https:\/\/roadtoromania.com\/de\/wetter-und-klima-in-rumaenien\/#breadcrumb\",\"itemListElement\":[{\"@type\":\"ListItem\",\"position\":1,\"name\":\"Home\",\"item\":\"https:\/\/roadtoromania.com\/de\/\"},{\"@type\":\"ListItem\",\"position\":2,\"name\":\"Wetter und Klima in Rum\u00e4nien\"}]},{\"@type\":\"WebSite\",\"@id\":\"https:\/\/roadtoromania.com\/de\/#website\",\"url\":\"https:\/\/roadtoromania.com\/de\/\",\"name\":\"Road to Romania\",\"description\":\"Der Blog, in dem Sie alle Informationen finden, die Sie brauchen, um Rum\u00e4nien zu genie\u00dfen.\",\"potentialAction\":[{\"@type\":\"SearchAction\",\"target\":{\"@type\":\"EntryPoint\",\"urlTemplate\":\"https:\/\/roadtoromania.com\/de\/?s={search_term_string}\"},\"query-input\":\"required name=search_term_string\"}],\"inLanguage\":\"de\"}]}<\/script>\n<!-- \/ Yoast SEO plugin. -->","yoast_head_json":{"title":"Wetter und Klima in Rum\u00e4nien - Road to Romania","robots":{"index":"index","follow":"follow","max-snippet":"max-snippet:-1","max-image-preview":"max-image-preview:large","max-video-preview":"max-video-preview:-1"},"canonical":"https:\/\/roadtoromania.com\/de\/wetter-und-klima-in-rumaenien\/","og_locale":"de_DE","og_type":"article","og_title":"Wetter und Klima in Rum\u00e4nien - Road to Romania","og_description":"Rum\u00e4nien ist ein gro\u00dfes Land mit einem Relief, das von Ebenen bis zu Gebirgsregionen reicht. Aus diesem Grund gibt es Gebiete, in denen die Winter etwas milder sind, und Regionen wie die Karpaten Karpaten und Siebenb\u00fcrgen , in denen der Schnee die Region wei\u00df bedeckt und die Temperaturen unter 0\u00ba liegen . Im Allgemeinen sind &hellip; Wetter und Klima in Rum\u00e4nien Read More \u00bb","og_url":"https:\/\/roadtoromania.com\/de\/wetter-und-klima-in-rumaenien\/","og_site_name":"Road to Romania","article_modified_time":"2022-10-15T22:17:02+00:00","twitter_card":"summary_large_image","twitter_misc":{"Gesch\u00e4tzte Lesezeit":"1\u00a0Minute"},"schema":{"@context":"https:\/\/schema.org","@graph":[{"@type":"WebPage","@id":"https:\/\/roadtoromania.com\/de\/wetter-und-klima-in-rumaenien\/","url":"https:\/\/roadtoromania.com\/de\/wetter-und-klima-in-rumaenien\/","name":"Wetter und Klima in Rum\u00e4nien - Road to Romania","isPartOf":{"@id":"https:\/\/roadtoromania.com\/de\/#website"},"datePublished":"2022-10-15T18:40:18+00:00","dateModified":"2022-10-15T22:17:02+00:00","breadcrumb":{"@id":"https:\/\/roadtoromania.com\/de\/wetter-und-klima-in-rumaenien\/#breadcrumb"},"inLanguage":"de","potentialAction":[{"@type":"ReadAction","target":["https:\/\/roadtoromania.com\/de\/wetter-und-klima-in-rumaenien\/"]}]},{"@type":"BreadcrumbList","@id":"https:\/\/roadtoromania.com\/de\/wetter-und-klima-in-rumaenien\/#breadcrumb","itemListElement":[{"@type":"ListItem","position":1,"name":"Home","item":"https:\/\/roadtoromania.com\/de\/"},{"@type":"ListItem","position":2,"name":"Wetter und Klima in Rum\u00e4nien"}]},{"@type":"WebSite","@id":"https:\/\/roadtoromania.com\/de\/#website","url":"https:\/\/roadtoromania.com\/de\/","name":"Road to Romania","description":"Der Blog, in dem Sie alle Informationen finden, die Sie brauchen, um Rum\u00e4nien zu genie\u00dfen.","potentialAction":[{"@type":"SearchAction","target":{"@type":"EntryPoint","urlTemplate":"https:\/\/roadtoromania.com\/de\/?s={search_term_string}"},"query-input":"required name=search_term_string"}],"inLanguage":"de"}]}},"_links":{"self":[{"href":"https:\/\/roadtoromania.com\/de\/wp-json\/wp\/v2\/pages\/3078","targetHints":{"allow":["GET"]}}],"collection":[{"href":"https:\/\/roadtoromania.com\/de\/wp-json\/wp\/v2\/pages"}],"about":[{"href":"https:\/\/roadtoromania.com\/de\/wp-json\/wp\/v2\/types\/page"}],"author":[{"embeddable":true,"href":"https:\/\/roadtoromania.com\/de\/wp-json\/wp\/v2\/users\/1"}],"replies":[{"embeddable":true,"href":"https:\/\/roadtoromania.com\/de\/wp-json\/wp\/v2\/comments?post=3078"}],"version-history":[{"count":0,"href":"https:\/\/roadtoromania.com\/de\/wp-json\/wp\/v2\/pages\/3078\/revisions"}],"wp:attachment":[{"href":"https:\/\/roadtoromania.com\/de\/wp-json\/wp\/v2\/media?parent=3078"}],"curies":[{"name":"wp","href":"https:\/\/api.w.org\/{rel}","templated":true}]}}