{"id":3079,"date":"2022-10-15T18:40:18","date_gmt":"2022-10-15T18:40:18","guid":{"rendered":"https:\/\/roadtoromania.com\/fluege-zum-bukarest-otopeni-flughafen\/"},"modified":"2022-10-16T08:18:34","modified_gmt":"2022-10-16T08:18:34","slug":"fluege-zum-bukarest-otopeni-flughafen","status":"publish","type":"page","link":"https:\/\/roadtoromania.com\/de\/fluege-zum-bukarest-otopeni-flughafen\/","title":{"rendered":"Fl\u00fcge nach Bukarest, Otopeni Flughafen"},"content":{"rendered":"<p>Bukarest ist der wichtigste Flughafen Rum\u00e4niens, sowohl was die Einrichtungen als auch die Verbindungen angeht. Obwohl er nicht der einzige internationale Flughafen ist (<a href=\"https:\/\/roadtoromania.com\/de\/flughaefen-rumaenien\/\">siehe Abschnitt \u00fcber rum\u00e4nische Flugh\u00e4fen<\/a> ), ist er derjenige mit den meisten Fl\u00fcgen ins \u00fcbrige Europa, nach Asien und Afrika sowie mit Inlandsfl\u00fcgen.<\/p>\n<p>Der offizielle Name lautet <strong>Henri Coanda Airport<\/strong> , ein rum\u00e4nischer Ingenieur, der in Frankreich lebte und der Erfinder der ersten D\u00fcsenturbine war. Der Flughafen befindet sich jedoch <strong>18 km n\u00f6rdlich von Bukarest<\/strong> in der Gemeinde <strong>Otopeni<\/strong> , weshalb er auch unter diesem Namen bekannt ist.<\/p>\n<p><img decoding=\"async\" src=\"https:\/\/roadtoromania.com\/wp-content\/uploads\/2022\/10\/otopeni-bucarest-aeropuerto.jpg\" \/><\/p>\n<p>Der Flughafen Otopeni ist der verkehrsreichste Flughafen in Rum\u00e4nien.<\/p>\n<h2><strong>Fluggesellschaften und Flugverbindungen<\/strong><\/h2>\n<p>Es gibt regelm\u00e4\u00dfige Fl\u00fcge zwischen Spanien und fast allen europ\u00e4ischen L\u00e4ndern, so dass es heute sehr einfach ist, Rum\u00e4nien \u00fcber den Flughafen Otopeni zu erreichen. Neben den klassischen Fluggesellschaften gibt es mehrere Billigfluglinien, die die wichtigsten St\u00e4dte Europas und des Nahen Ostens mit Bukarest verbinden. Dies hat die rum\u00e4nische Hauptstadt zu einem der neuen Wochenendziele ( <strong>St\u00e4dtereise<\/strong> ) oder sogar als Zahntourismusziel gemacht.<\/p>\n<p>Von Spanien aus gibt es nat\u00fcrlich Fl\u00fcge, die <strong>Bukarest-Otopeni<\/strong> mit den Flugh\u00e4fen von <strong>Madrid und Barcelona<\/strong> verbinden. Sie k\u00f6nnen aber auch von <strong>Bilbao, Zaragoza, Valencia, Malaga und Castell\u00f3n<\/strong> nach Rum\u00e4nien fliegen. Direkte Verbindungen gibt es unter anderem auch von Lissabon, Rom, Nizza, Paris, Lyon, London, M\u00fcnchen, Mailand oder Istanbul<\/p>\n<p>&#8230;<\/p>\n<p>Interne Fl\u00fcge<\/p>\n<p>Gleichzeitig kann man von Bukarest aus bequem ins ganze Land reisen, da es regelm\u00e4\u00dfige Fl\u00fcge nach <strong>Constanta, Timisoara, Cluj-Napoca, Oradea, Iasi oder Suceava<\/strong> gibt.<\/p>\n<p>Transport nach Bukarest.<\/p>\n<p>Wie auf den meisten Flugh\u00e4fen der Welt gibt es <a href=\"https:\/\/roadtoromania.com\/de\/wie-komme-ich-nach-bukarest-vom-flughafen-otopeni\/\"> <strong>Verkehrsdienste zwischen Otopeni und dem Zentrum von Bukarest<\/strong><\/a> . Sie k\u00f6nnen ein Taxi nehmen, das in Rum\u00e4nien teurer und sehr schnell ist<\/p>\n<p>.<\/p>\n<p>Aber <strong>am besten sind die \u00f6ffentlichen Busse<\/strong> mit Haltestellen vor den Toren des Eingangs- und Ausgangsbereichs des Flughafens. Es gibt zwei Busse <strong>, den 780<\/strong> , der den Gara de Nord (Nordbahnhof) mit dem Flughafen verbindet. Und auch <strong>783<\/strong> , die Sie vom Flughafen Otopeni ins Zentrum von Bukarest bringt. Diese Linie verkehrt den ganzen Tag und die ganze Nacht. Nachts dauert es etwa 40 Minuten.<\/p>\n<p>Der Preis pro Strecke in Leis betr\u00e4gt weniger als einen Euro<\/p>\n<p>.<\/p>\n<h3><strong>Transfers und Transfers vom Flughafen Otopeni<\/strong><\/h3>\n<p>Schlie\u00dflich k\u00f6nnen Sie auch direkt am Flughafen ein Auto mieten. Besuchen Sie dazu <a href=\"https:\/\/roadtoromania.com\/de\/autovermietung-in-rumaenien\/\"> den Bereich Autovermietung<\/a> .<\/p>\n<h3><strong>AUTOVERMIETUNG AM FLUGHAFEN BUCHAREST OTOPENI<\/strong><\/h3>\n","protected":false},"excerpt":{"rendered":"<p>Bukarest ist der wichtigste Flughafen Rum\u00e4niens, sowohl was die Einrichtungen als auch die Verbindungen angeht. Obwohl er nicht der einzige internationale Flughafen ist (siehe Abschnitt \u00fcber rum\u00e4nische Flugh\u00e4fen ), ist er derjenige mit den meisten Fl\u00fcgen ins \u00fcbrige Europa, nach Asien und Afrika sowie mit Inlandsfl\u00fcgen. Der offizielle Name lautet Henri Coanda Airport , ein &hellip;<\/p>\n<p class=\"read-more\"> <a class=\"\" href=\"https:\/\/roadtoromania.com\/de\/fluege-zum-bukarest-otopeni-flughafen\/\"> <span class=\"screen-reader-text\">Fl\u00fcge nach Bukarest, Otopeni Flughafen<\/span> Read More \u00bb<\/a><\/p>\n","protected":false},"author":1,"featured_media":1864,"parent":0,"menu_order":0,"comment_status":"open","ping_status":"open","template":"","meta":{"site-sidebar-layout":"default","site-content-layout":"default","ast-global-header-display":"","ast-main-header-display":"","ast-hfb-above-header-display":"","ast-hfb-below-header-display":"","ast-hfb-mobile-header-display":"","site-post-title":"","ast-breadcrumbs-content":"","ast-featured-img":"","footer-sml-layout":"","theme-transparent-header-meta":"default","adv-header-id-meta":"","stick-header-meta":"","header-above-stick-meta":"","header-main-stick-meta":"","header-below-stick-meta":"","footnotes":""},"class_list":["post-3079","page","type-page","status-publish","has-post-thumbnail","hentry"],"yoast_head":"<!-- This site is optimized with the Yoast SEO plugin v19.10 - https:\/\/yoast.com\/wordpress\/plugins\/seo\/ -->\n<title>Fl\u00fcge nach Bukarest, Otopeni Flughafen - Road to Romania<\/title>\n<meta name=\"robots\" content=\"index, follow, max-snippet:-1, max-image-preview:large, max-video-preview:-1\" \/>\n<link rel=\"canonical\" href=\"https:\/\/roadtoromania.com\/de\/fluege-zum-bukarest-otopeni-flughafen\/\" \/>\n<meta property=\"og:locale\" content=\"de_DE\" \/>\n<meta property=\"og:type\" content=\"article\" \/>\n<meta property=\"og:title\" content=\"Fl\u00fcge nach Bukarest, Otopeni Flughafen - Road to Romania\" \/>\n<meta property=\"og:description\" content=\"Bukarest ist der wichtigste Flughafen Rum\u00e4niens, sowohl was die Einrichtungen als auch die Verbindungen angeht. Obwohl er nicht der einzige internationale Flughafen ist (siehe Abschnitt \u00fcber rum\u00e4nische Flugh\u00e4fen ), ist er derjenige mit den meisten Fl\u00fcgen ins \u00fcbrige Europa, nach Asien und Afrika sowie mit Inlandsfl\u00fcgen. Der offizielle Name lautet Henri Coanda Airport , ein &hellip; Fl\u00fcge nach Bukarest, Otopeni Flughafen Read More \u00bb\" \/>\n<meta property=\"og:url\" content=\"https:\/\/roadtoromania.com\/de\/fluege-zum-bukarest-otopeni-flughafen\/\" \/>\n<meta property=\"og:site_name\" content=\"Road to Romania\" \/>\n<meta property=\"article:modified_time\" content=\"2022-10-16T08:18:34+00:00\" \/>\n<meta property=\"og:image\" content=\"https:\/\/roadtoromania.com\/wp-content\/uploads\/2022\/10\/otopeni-bucarest-aeropuerto-1.jpg\" \/>\n\t<meta property=\"og:image:width\" content=\"600\" \/>\n\t<meta property=\"og:image:height\" content=\"300\" \/>\n\t<meta property=\"og:image:type\" content=\"image\/jpeg\" \/>\n<meta name=\"twitter:card\" content=\"summary_large_image\" \/>\n<meta name=\"twitter:label1\" content=\"Gesch\u00e4tzte Lesezeit\" \/>\n\t<meta name=\"twitter:data1\" content=\"3\u00a0Minuten\" \/>\n<script type=\"application\/ld+json\" class=\"yoast-schema-graph\">{\"@context\":\"https:\/\/schema.org\",\"@graph\":[{\"@type\":\"WebPage\",\"@id\":\"https:\/\/roadtoromania.com\/de\/fluege-zum-bukarest-otopeni-flughafen\/\",\"url\":\"https:\/\/roadtoromania.com\/de\/fluege-zum-bukarest-otopeni-flughafen\/\",\"name\":\"Fl\u00fcge nach Bukarest, Otopeni Flughafen - Road to Romania\",\"isPartOf\":{\"@id\":\"https:\/\/roadtoromania.com\/de\/#website\"},\"datePublished\":\"2022-10-15T18:40:18+00:00\",\"dateModified\":\"2022-10-16T08:18:34+00:00\",\"breadcrumb\":{\"@id\":\"https:\/\/roadtoromania.com\/de\/fluege-zum-bukarest-otopeni-flughafen\/#breadcrumb\"},\"inLanguage\":\"de\",\"potentialAction\":[{\"@type\":\"ReadAction\",\"target\":[\"https:\/\/roadtoromania.com\/de\/fluege-zum-bukarest-otopeni-flughafen\/\"]}]},{\"@type\":\"BreadcrumbList\",\"@id\":\"https:\/\/roadtoromania.com\/de\/fluege-zum-bukarest-otopeni-flughafen\/#breadcrumb\",\"itemListElement\":[{\"@type\":\"ListItem\",\"position\":1,\"name\":\"Home\",\"item\":\"https:\/\/roadtoromania.com\/de\/\"},{\"@type\":\"ListItem\",\"position\":2,\"name\":\"Fl\u00fcge nach Bukarest, Otopeni Flughafen\"}]},{\"@type\":\"WebSite\",\"@id\":\"https:\/\/roadtoromania.com\/de\/#website\",\"url\":\"https:\/\/roadtoromania.com\/de\/\",\"name\":\"Road to Romania\",\"description\":\"Der Blog, in dem Sie alle Informationen finden, die Sie brauchen, um Rum\u00e4nien zu genie\u00dfen.\",\"potentialAction\":[{\"@type\":\"SearchAction\",\"target\":{\"@type\":\"EntryPoint\",\"urlTemplate\":\"https:\/\/roadtoromania.com\/de\/?s={search_term_string}\"},\"query-input\":\"required name=search_term_string\"}],\"inLanguage\":\"de\"}]}<\/script>\n<!-- \/ Yoast SEO plugin. -->","yoast_head_json":{"title":"Fl\u00fcge nach Bukarest, Otopeni Flughafen - Road to Romania","robots":{"index":"index","follow":"follow","max-snippet":"max-snippet:-1","max-image-preview":"max-image-preview:large","max-video-preview":"max-video-preview:-1"},"canonical":"https:\/\/roadtoromania.com\/de\/fluege-zum-bukarest-otopeni-flughafen\/","og_locale":"de_DE","og_type":"article","og_title":"Fl\u00fcge nach Bukarest, Otopeni Flughafen - Road to Romania","og_description":"Bukarest ist der wichtigste Flughafen Rum\u00e4niens, sowohl was die Einrichtungen als auch die Verbindungen angeht. Obwohl er nicht der einzige internationale Flughafen ist (siehe Abschnitt \u00fcber rum\u00e4nische Flugh\u00e4fen ), ist er derjenige mit den meisten Fl\u00fcgen ins \u00fcbrige Europa, nach Asien und Afrika sowie mit Inlandsfl\u00fcgen. Der offizielle Name lautet Henri Coanda Airport , ein &hellip; Fl\u00fcge nach Bukarest, Otopeni Flughafen Read More \u00bb","og_url":"https:\/\/roadtoromania.com\/de\/fluege-zum-bukarest-otopeni-flughafen\/","og_site_name":"Road to Romania","article_modified_time":"2022-10-16T08:18:34+00:00","og_image":[{"width":600,"height":300,"url":"https:\/\/roadtoromania.com\/wp-content\/uploads\/2022\/10\/otopeni-bucarest-aeropuerto-1.jpg","type":"image\/jpeg"}],"twitter_card":"summary_large_image","twitter_misc":{"Gesch\u00e4tzte Lesezeit":"3\u00a0Minuten"},"schema":{"@context":"https:\/\/schema.org","@graph":[{"@type":"WebPage","@id":"https:\/\/roadtoromania.com\/de\/fluege-zum-bukarest-otopeni-flughafen\/","url":"https:\/\/roadtoromania.com\/de\/fluege-zum-bukarest-otopeni-flughafen\/","name":"Fl\u00fcge nach Bukarest, Otopeni Flughafen - Road to Romania","isPartOf":{"@id":"https:\/\/roadtoromania.com\/de\/#website"},"datePublished":"2022-10-15T18:40:18+00:00","dateModified":"2022-10-16T08:18:34+00:00","breadcrumb":{"@id":"https:\/\/roadtoromania.com\/de\/fluege-zum-bukarest-otopeni-flughafen\/#breadcrumb"},"inLanguage":"de","potentialAction":[{"@type":"ReadAction","target":["https:\/\/roadtoromania.com\/de\/fluege-zum-bukarest-otopeni-flughafen\/"]}]},{"@type":"BreadcrumbList","@id":"https:\/\/roadtoromania.com\/de\/fluege-zum-bukarest-otopeni-flughafen\/#breadcrumb","itemListElement":[{"@type":"ListItem","position":1,"name":"Home","item":"https:\/\/roadtoromania.com\/de\/"},{"@type":"ListItem","position":2,"name":"Fl\u00fcge nach Bukarest, Otopeni Flughafen"}]},{"@type":"WebSite","@id":"https:\/\/roadtoromania.com\/de\/#website","url":"https:\/\/roadtoromania.com\/de\/","name":"Road to Romania","description":"Der Blog, in dem Sie alle Informationen finden, die Sie brauchen, um Rum\u00e4nien zu genie\u00dfen.","potentialAction":[{"@type":"SearchAction","target":{"@type":"EntryPoint","urlTemplate":"https:\/\/roadtoromania.com\/de\/?s={search_term_string}"},"query-input":"required name=search_term_string"}],"inLanguage":"de"}]}},"_links":{"self":[{"href":"https:\/\/roadtoromania.com\/de\/wp-json\/wp\/v2\/pages\/3079","targetHints":{"allow":["GET"]}}],"collection":[{"href":"https:\/\/roadtoromania.com\/de\/wp-json\/wp\/v2\/pages"}],"about":[{"href":"https:\/\/roadtoromania.com\/de\/wp-json\/wp\/v2\/types\/page"}],"author":[{"embeddable":true,"href":"https:\/\/roadtoromania.com\/de\/wp-json\/wp\/v2\/users\/1"}],"replies":[{"embeddable":true,"href":"https:\/\/roadtoromania.com\/de\/wp-json\/wp\/v2\/comments?post=3079"}],"version-history":[{"count":2,"href":"https:\/\/roadtoromania.com\/de\/wp-json\/wp\/v2\/pages\/3079\/revisions"}],"predecessor-version":[{"id":3099,"href":"https:\/\/roadtoromania.com\/de\/wp-json\/wp\/v2\/pages\/3079\/revisions\/3099"}],"wp:featuredmedia":[{"embeddable":true,"href":"https:\/\/roadtoromania.com\/de\/wp-json\/wp\/v2\/media\/1864"}],"wp:attachment":[{"href":"https:\/\/roadtoromania.com\/de\/wp-json\/wp\/v2\/media?parent=3079"}],"curies":[{"name":"wp","href":"https:\/\/api.w.org\/{rel}","templated":true}]}}