{"id":3081,"date":"2022-10-15T18:40:26","date_gmt":"2022-10-15T18:40:26","guid":{"rendered":"https:\/\/roadtoromania.com\/wie-komme-ich-nach-bukarest-vom-flughafen-otopeni\/"},"modified":"2022-10-15T22:17:15","modified_gmt":"2022-10-15T22:17:15","slug":"wie-komme-ich-nach-bukarest-vom-flughafen-otopeni","status":"publish","type":"page","link":"https:\/\/roadtoromania.com\/de\/wie-komme-ich-nach-bukarest-vom-flughafen-otopeni\/","title":{"rendered":"Wie man vom Flughafen Otopeni nach Bukarest kommt"},"content":{"rendered":"<p>Der Flughafen <strong>Henri Coand\u0103<\/strong> , der wegen der Stadt, in der er sich befindet, auch als Flughafen <strong>Otopeni<\/strong> bekannt ist, ist der wichtigste Flughafen Rum\u00e4niens. Sowohl zum Besuch <strong>Bukarest<\/strong> und viele Orte in Siebenb\u00fcrgen, Otopeni ist das \u00fcbliche Ziel f\u00fcr Fl\u00fcge in das Land. Fluggesellschaften wie Iberia, Tarom und Low-Cost-Airlines wie Ryanair, Blue Air oder Wizz Air verbinden Bukarest mit ganz Europa <\/p>\n<p>.<\/p>\n<p>\nDer Flughafen befindet sich etwa 18 Kilometer n\u00f6rdlich von Bukarest und fertigt bereits mehr als 14 Millionen Passagiere pro Jahr ab. W\u00e4hrend des Zweiten Weltkriegs diente er als Milit\u00e4rflughafen und wurde seither sukzessive zum wichtigsten Flughafen Rum\u00e4niens und zu einem der wichtigsten in Mitteleuropa ausgebaut <\/p>\n<p>.<\/p>\n<div id=\"toc_container\" class=\"no_bullets\"><p class=\"toc_title\">Contents<\/p><ul class=\"toc_list\"><li><a href=\"#Wie_man_zum_Flughafen_kommt\"><span class=\"toc_number toc_depth_1\">1<\/span> \nWie man zum Flughafen kommt<\/a><ul><li><a href=\"#Oeffentliche_Verkehrsmittel_zum_Flughafen_Otopeni\"><span class=\"toc_number toc_depth_2\">1.1<\/span> \n\u00d6ffentliche Verkehrsmittel zum Flughafen Otopeni<\/a><ul><li><a href=\"#Bus\"><span class=\"toc_number toc_depth_3\">1.1.1<\/span> \nBus<\/a><\/li><li><a href=\"#Taxi\"><span class=\"toc_number toc_depth_3\">1.1.2<\/span> \nTaxi<\/a><\/li><\/ul><\/li><\/ul><\/li><li><a href=\"#Autovermietung_in_Otopeni_Flughafen\"><span class=\"toc_number toc_depth_1\">2<\/span> \nAutovermietung in Otopeni Flughafen<\/a><\/li><\/ul><\/div>\n<h2><span id=\"Wie_man_zum_Flughafen_kommt\">\nWie man zum Flughafen kommt<\/span><\/h2>\n<p>\nOb unser Ziel das Zentrum von Bukarest oder der Flughafen ist, es gibt mehrere M\u00f6glichkeiten, zum Flughafen Otopeni zu gelangen. Es gibt sowohl \u00f6ffentliche Verkehrsmittel als auch private Transfers oder Taxidienste.<\/p>\n<\/p>\n<p>Transfers haben den Vorteil, dass bei der Ankunft eine Person auf uns wartet, die uns direkt zum Hotel oder zum Zielort bringt <\/p>\n<p>.<\/p>\n<h3><span id=\"Oeffentliche_Verkehrsmittel_zum_Flughafen_Otopeni\">\n\u00d6ffentliche Verkehrsmittel zum Flughafen Otopeni<\/span><\/h3>\n<h4><span id=\"Bus\">\nBus<\/span><\/h4>\n<p>\nDer <strong>Bus<\/strong> ist die billigste Variante, mit der M\u00f6glichkeit, in die Buslinien 780 und 783 einzusteigen. Die ungef\u00e4hre Fahrzeit f\u00fcr die Strecke betr\u00e4gt 40 Minuten, je nach Verkehrsaufkommen in der rum\u00e4nischen Hauptstadt kann sie jedoch bis zu einer Stunde betragen. Die Fahrkarten werden nicht im Bus gekauft, sondern an den Automaten neben der Haltestelle. Die von Ihnen gekaufte Karte dient als &#8220;virtuelle Geldb\u00f6rse&#8221;, die Sie bei Ihrer R\u00fcckkehr nach Bukarest wieder aufladen k\u00f6nnen. Das Unternehmen, das den Busdienst zum Flughafen betreibt, hei\u00dft <strong>express<\/strong> . Am Flughafen folgen Sie einfach den gelben Linien, die den Abflugort anzeigen, der sich am unteren Ende der Treppe befindet.<\/p>\n<p>\nDer <strong>Bus 783<\/strong> verkehrt 24 Stunden am Tag, wobei tags\u00fcber die Frequenz h\u00f6her ist (15-30 Minuten) und nachts alle 40 Minuten. Sie endet an der letzten Haltestelle (Piata Unirii 2), mit Zwischenstopps am Piata Victoriei, Piata Romana oder Piata 21 Decembrie.\u00a0Der <strong>Bus 780<\/strong> verkehrt von 5:20 bis 23:00 Uhr und f\u00e4hrt alle 15 und 30 Minuten.<\/p>\n<p>\nWeitere Informationen \u00fcber Fahrpl\u00e4ne und Fahrpreise finden Sie auf der Website der RATB (Regia Autonom\u0103 de Transport Bucure\u015fti): <strong>http:\/\/stbsa.ro\/eng\/index.php<\/strong> <\/p>\n<p><img decoding=\"async\" src=\"data:image\/gif;base64,R0lGODdhAQABAPAAAMPDwwAAACwAAAAAAQABAAACAkQBADs=\" \/>Bus 783 h\u00e4lt an von Otopeni Flughafen nach Bukarest<\/p>\n<p>\n <strong>Es ist wichtig zu wissen, dass die Fahrkarten nicht direkt im Bus gekauft werden k\u00f6nnen, sondern dass es notwendig ist, eine Karte im Voraus zu kaufen. Der Tarif f\u00fcr einen Hin- und R\u00fcckflug betr\u00e4gt 8LEI.<\/strong> <\/p>\n<\/h4>\n<\/h4>\n<p>Zug<\/h4>\n<p>\nEs ist auch m\u00f6glich, mit dem Zug &#8211; dem <strong>Henri Coanda Express<\/strong> &#8211; zum Flughafen zu fahren, aber da der Bahnhof nicht am Flughafen liegt, ist ein Umstieg auf einen <strong>Shuttleservice<\/strong> erforderlich (integriertes Zug-\/Minibusticket), der zwar etwas billiger als der Bus ist, aber mehr Zeit in Anspruch nimmt. Die Fahrt wird von der staatlichen rum\u00e4nischen Eisenbahngesellschaft CFR durchgef\u00fchrt und erfolgt vom Nordbahnhof (Gara de Nord) in Bukarest <strong>zwischen 5:25 Uhr und 8:50 Uhr mit einer Fahrzeit von etwa einer Stunde, zuz\u00fcglich der Zeit (etwa 10 Minuten) f\u00fcr den Shuttlebus zum Flughafen. Vom Bahnhof aus kann man mit der U-Bahn in verschiedene Teile des Zentrums von Bukarest fahren <\/p>\n<p>.<\/h4>\n<p>Metro<\/h4>\n<p>\nDas Projekt zur Verbindung des Flughafens Otopeni mit dem Stadtzentrum von Bukarest durch eine U-Bahn-Linie ist im Gange, aber es gibt noch kein konkretes Datum f\u00fcr die Fertigstellung <\/p>\n<p>.<\/p>\n<h4><span id=\"Taxi\">\nTaxi<\/span><\/h4>\n<p>\nTaxis sind billiger als private Transfers, aber teurer als \u00f6ffentliche Verkehrsmittel. Der Fahrpreis wird \u00fcber Automaten mit der Bezeichnung <strong>Clever Taxi<\/strong> bezahlt. Wenn Sie es nicht vorher kaufen, kann es sein, dass der Taxifahrer die Fahrt macht, aber mehr Geld verlangt, als Sie zahlen sollten. An den Automaten k\u00f6nnen Sie den Fahrzeugtyp je nach Anzahl der Personen oder des Gep\u00e4cks ausw\u00e4hlen. Es wird ein Ticket ausgedruckt, auf dem die ungef\u00e4hre Wartezeit angegeben ist, obwohl die Taxis in der Regel bereits verf\u00fcgbar sind. Es gibt keine Nachttarife mit Aufpreis <\/p>\n<p>.<\/p>\n<h2><span id=\"Autovermietung_in_Otopeni_Flughafen\">\nAutovermietung in Otopeni Flughafen<\/span><\/h2>\n<p>\nDie Autovermietungen, die wir am Flughafen Otopeni finden k\u00f6nnen, sind die klassischen: Avis, Sixt, Europcar, Hertz, sowie andere lokale Unternehmen. In dieser Suchmaschine k\u00f6nnen Sie die besten Mietwagenangebote finden:<\/p>\n<p> Transfers vom Flughafen Otopeni nach Bukarest und anderen Zielen<\/strong> <\/h2>\n<p> Karte der \u00f6ffentlichen Verkehrsmittel vom Flughafen Otopeni zum Zentrum von Bukarest<\/strong> <\/h2>\n","protected":false},"excerpt":{"rendered":"<p>Der Flughafen Henri Coand\u0103 , der wegen der Stadt, in der er sich befindet, auch als Flughafen Otopeni bekannt ist, ist der wichtigste Flughafen Rum\u00e4niens. Sowohl zum Besuch Bukarest und viele Orte in Siebenb\u00fcrgen, Otopeni ist das \u00fcbliche Ziel f\u00fcr Fl\u00fcge in das Land. Fluggesellschaften wie Iberia, Tarom und Low-Cost-Airlines wie Ryanair, Blue Air oder &hellip;<\/p>\n<p class=\"read-more\"> <a class=\"\" href=\"https:\/\/roadtoromania.com\/de\/wie-komme-ich-nach-bukarest-vom-flughafen-otopeni\/\"> <span class=\"screen-reader-text\">Wie man vom Flughafen Otopeni nach Bukarest kommt<\/span> Read More \u00bb<\/a><\/p>\n","protected":false},"author":1,"featured_media":0,"parent":0,"menu_order":0,"comment_status":"open","ping_status":"open","template":"","meta":{"site-sidebar-layout":"default","site-content-layout":"default","ast-global-header-display":"","ast-main-header-display":"","ast-hfb-above-header-display":"","ast-hfb-below-header-display":"","ast-hfb-mobile-header-display":"","site-post-title":"","ast-breadcrumbs-content":"","ast-featured-img":"","footer-sml-layout":"","theme-transparent-header-meta":"","adv-header-id-meta":"","stick-header-meta":"","header-above-stick-meta":"","header-main-stick-meta":"","header-below-stick-meta":"","footnotes":""},"class_list":["post-3081","page","type-page","status-publish","hentry"],"yoast_head":"<!-- This site is optimized with the Yoast SEO plugin v19.10 - https:\/\/yoast.com\/wordpress\/plugins\/seo\/ -->\n<title>Wie man vom Flughafen Otopeni nach Bukarest kommt - Road to Romania<\/title>\n<meta name=\"robots\" content=\"index, follow, max-snippet:-1, max-image-preview:large, max-video-preview:-1\" \/>\n<link rel=\"canonical\" href=\"https:\/\/roadtoromania.com\/de\/wie-komme-ich-nach-bukarest-vom-flughafen-otopeni\/\" \/>\n<meta property=\"og:locale\" content=\"de_DE\" \/>\n<meta property=\"og:type\" content=\"article\" \/>\n<meta property=\"og:title\" content=\"Wie man vom Flughafen Otopeni nach Bukarest kommt - Road to Romania\" \/>\n<meta property=\"og:description\" content=\"Der Flughafen Henri Coand\u0103 , der wegen der Stadt, in der er sich befindet, auch als Flughafen Otopeni bekannt ist, ist der wichtigste Flughafen Rum\u00e4niens. Sowohl zum Besuch Bukarest und viele Orte in Siebenb\u00fcrgen, Otopeni ist das \u00fcbliche Ziel f\u00fcr Fl\u00fcge in das Land. Fluggesellschaften wie Iberia, Tarom und Low-Cost-Airlines wie Ryanair, Blue Air oder &hellip; Wie man vom Flughafen Otopeni nach Bukarest kommt Read More \u00bb\" \/>\n<meta property=\"og:url\" content=\"https:\/\/roadtoromania.com\/de\/wie-komme-ich-nach-bukarest-vom-flughafen-otopeni\/\" \/>\n<meta property=\"og:site_name\" content=\"Road to Romania\" \/>\n<meta property=\"article:modified_time\" content=\"2022-10-15T22:17:15+00:00\" \/>\n<meta name=\"twitter:card\" content=\"summary_large_image\" \/>\n<meta name=\"twitter:label1\" content=\"Gesch\u00e4tzte Lesezeit\" \/>\n\t<meta name=\"twitter:data1\" content=\"4\u00a0Minuten\" \/>\n<script type=\"application\/ld+json\" class=\"yoast-schema-graph\">{\"@context\":\"https:\/\/schema.org\",\"@graph\":[{\"@type\":\"WebPage\",\"@id\":\"https:\/\/roadtoromania.com\/de\/wie-komme-ich-nach-bukarest-vom-flughafen-otopeni\/\",\"url\":\"https:\/\/roadtoromania.com\/de\/wie-komme-ich-nach-bukarest-vom-flughafen-otopeni\/\",\"name\":\"Wie man vom Flughafen Otopeni nach Bukarest kommt - Road to Romania\",\"isPartOf\":{\"@id\":\"https:\/\/roadtoromania.com\/de\/#website\"},\"datePublished\":\"2022-10-15T18:40:26+00:00\",\"dateModified\":\"2022-10-15T22:17:15+00:00\",\"breadcrumb\":{\"@id\":\"https:\/\/roadtoromania.com\/de\/wie-komme-ich-nach-bukarest-vom-flughafen-otopeni\/#breadcrumb\"},\"inLanguage\":\"de\",\"potentialAction\":[{\"@type\":\"ReadAction\",\"target\":[\"https:\/\/roadtoromania.com\/de\/wie-komme-ich-nach-bukarest-vom-flughafen-otopeni\/\"]}]},{\"@type\":\"BreadcrumbList\",\"@id\":\"https:\/\/roadtoromania.com\/de\/wie-komme-ich-nach-bukarest-vom-flughafen-otopeni\/#breadcrumb\",\"itemListElement\":[{\"@type\":\"ListItem\",\"position\":1,\"name\":\"Home\",\"item\":\"https:\/\/roadtoromania.com\/de\/\"},{\"@type\":\"ListItem\",\"position\":2,\"name\":\"Wie man vom Flughafen Otopeni nach Bukarest kommt\"}]},{\"@type\":\"WebSite\",\"@id\":\"https:\/\/roadtoromania.com\/de\/#website\",\"url\":\"https:\/\/roadtoromania.com\/de\/\",\"name\":\"Road to Romania\",\"description\":\"Der Blog, in dem Sie alle Informationen finden, die Sie brauchen, um Rum\u00e4nien zu genie\u00dfen.\",\"potentialAction\":[{\"@type\":\"SearchAction\",\"target\":{\"@type\":\"EntryPoint\",\"urlTemplate\":\"https:\/\/roadtoromania.com\/de\/?s={search_term_string}\"},\"query-input\":\"required name=search_term_string\"}],\"inLanguage\":\"de\"}]}<\/script>\n<!-- \/ Yoast SEO plugin. -->","yoast_head_json":{"title":"Wie man vom Flughafen Otopeni nach Bukarest kommt - Road to Romania","robots":{"index":"index","follow":"follow","max-snippet":"max-snippet:-1","max-image-preview":"max-image-preview:large","max-video-preview":"max-video-preview:-1"},"canonical":"https:\/\/roadtoromania.com\/de\/wie-komme-ich-nach-bukarest-vom-flughafen-otopeni\/","og_locale":"de_DE","og_type":"article","og_title":"Wie man vom Flughafen Otopeni nach Bukarest kommt - Road to Romania","og_description":"Der Flughafen Henri Coand\u0103 , der wegen der Stadt, in der er sich befindet, auch als Flughafen Otopeni bekannt ist, ist der wichtigste Flughafen Rum\u00e4niens. Sowohl zum Besuch Bukarest und viele Orte in Siebenb\u00fcrgen, Otopeni ist das \u00fcbliche Ziel f\u00fcr Fl\u00fcge in das Land. Fluggesellschaften wie Iberia, Tarom und Low-Cost-Airlines wie Ryanair, Blue Air oder &hellip; Wie man vom Flughafen Otopeni nach Bukarest kommt Read More \u00bb","og_url":"https:\/\/roadtoromania.com\/de\/wie-komme-ich-nach-bukarest-vom-flughafen-otopeni\/","og_site_name":"Road to Romania","article_modified_time":"2022-10-15T22:17:15+00:00","twitter_card":"summary_large_image","twitter_misc":{"Gesch\u00e4tzte Lesezeit":"4\u00a0Minuten"},"schema":{"@context":"https:\/\/schema.org","@graph":[{"@type":"WebPage","@id":"https:\/\/roadtoromania.com\/de\/wie-komme-ich-nach-bukarest-vom-flughafen-otopeni\/","url":"https:\/\/roadtoromania.com\/de\/wie-komme-ich-nach-bukarest-vom-flughafen-otopeni\/","name":"Wie man vom Flughafen Otopeni nach Bukarest kommt - Road to Romania","isPartOf":{"@id":"https:\/\/roadtoromania.com\/de\/#website"},"datePublished":"2022-10-15T18:40:26+00:00","dateModified":"2022-10-15T22:17:15+00:00","breadcrumb":{"@id":"https:\/\/roadtoromania.com\/de\/wie-komme-ich-nach-bukarest-vom-flughafen-otopeni\/#breadcrumb"},"inLanguage":"de","potentialAction":[{"@type":"ReadAction","target":["https:\/\/roadtoromania.com\/de\/wie-komme-ich-nach-bukarest-vom-flughafen-otopeni\/"]}]},{"@type":"BreadcrumbList","@id":"https:\/\/roadtoromania.com\/de\/wie-komme-ich-nach-bukarest-vom-flughafen-otopeni\/#breadcrumb","itemListElement":[{"@type":"ListItem","position":1,"name":"Home","item":"https:\/\/roadtoromania.com\/de\/"},{"@type":"ListItem","position":2,"name":"Wie man vom Flughafen Otopeni nach Bukarest kommt"}]},{"@type":"WebSite","@id":"https:\/\/roadtoromania.com\/de\/#website","url":"https:\/\/roadtoromania.com\/de\/","name":"Road to Romania","description":"Der Blog, in dem Sie alle Informationen finden, die Sie brauchen, um Rum\u00e4nien zu genie\u00dfen.","potentialAction":[{"@type":"SearchAction","target":{"@type":"EntryPoint","urlTemplate":"https:\/\/roadtoromania.com\/de\/?s={search_term_string}"},"query-input":"required name=search_term_string"}],"inLanguage":"de"}]}},"_links":{"self":[{"href":"https:\/\/roadtoromania.com\/de\/wp-json\/wp\/v2\/pages\/3081","targetHints":{"allow":["GET"]}}],"collection":[{"href":"https:\/\/roadtoromania.com\/de\/wp-json\/wp\/v2\/pages"}],"about":[{"href":"https:\/\/roadtoromania.com\/de\/wp-json\/wp\/v2\/types\/page"}],"author":[{"embeddable":true,"href":"https:\/\/roadtoromania.com\/de\/wp-json\/wp\/v2\/users\/1"}],"replies":[{"embeddable":true,"href":"https:\/\/roadtoromania.com\/de\/wp-json\/wp\/v2\/comments?post=3081"}],"version-history":[{"count":1,"href":"https:\/\/roadtoromania.com\/de\/wp-json\/wp\/v2\/pages\/3081\/revisions"}],"predecessor-version":[{"id":3082,"href":"https:\/\/roadtoromania.com\/de\/wp-json\/wp\/v2\/pages\/3081\/revisions\/3082"}],"wp:attachment":[{"href":"https:\/\/roadtoromania.com\/de\/wp-json\/wp\/v2\/media?parent=3081"}],"curies":[{"name":"wp","href":"https:\/\/api.w.org\/{rel}","templated":true}]}}