{"id":3083,"date":"2022-10-15T18:40:26","date_gmt":"2022-10-15T18:40:26","guid":{"rendered":"https:\/\/roadtoromania.com\/schloss-von-peles-in-sinaia\/"},"modified":"2022-10-15T22:17:15","modified_gmt":"2022-10-15T22:17:15","slug":"schloss-von-peles-in-sinaia","status":"publish","type":"page","link":"https:\/\/roadtoromania.com\/de\/denkmaeler-der-rumaenien-was-zu-sehen-in-rumaenien\/schloss-von-peles-in-sinaia\/","title":{"rendered":"Schloss Peles in Sinaia"},"content":{"rendered":"<p><img decoding=\"async\" src=\"https:\/\/roadtoromania.com\/wp-content\/uploads\/2022\/10\/rumania_sinaia.jpg\" \/>Schloss Peles in Sinaia<\/p>\n<p>\nEine der beliebtesten Touristenattraktionen in Rum\u00e4nien ist die Besichtigung von <strong>Sinaia<\/strong> , einer wundersch\u00f6nen Alpenstadt am Fu\u00dfe des <strong>Bucegi-Gebirges,<\/strong> im <strong>Prahova-Tal<\/strong> . Sein Wahrzeichen ist das <strong>Schloss Peles<\/strong> , ein Palast im Stil der Neorenaissance mit s\u00e4chsischen Einfl\u00fcssen<\/p>\n<p>\nNeben der einzigartigen Burg und dem Kloster ist Sinaia in Rum\u00e4nien auch als Kurort bekannt, dessen Wasser und Mineralsalze f\u00fcr verschiedene Behandlungen gesch\u00e4tzt werden. Dar\u00fcber hinaus gibt es Luxushotels mit Wellness-Behandlungen, Kasinos und alle Arten von Unterhaltung, die die Stadt zu einem Paradies f\u00fcr Skifahrer machen.<\/p>\n<p> Besuch des Schlosses Peles<\/strong> <\/h2>\n<p>\nAm Rande des Stadtzentrums gelegen, ist der Name der Burg gelinde gesagt verwirrend, da sie nie eine Verteidigungsfunktion zu haben schien. Tats\u00e4chlich geht ihr Bau auf das 19. Jahrhundert zur\u00fcck, unter der Schirmherrschaft von K\u00f6nig Carol I., der 1873 den europ\u00e4ischen Hof mit einem Kompendium aus Prunk und Luxus blenden wollte, das niemanden gleichg\u00fcltig l\u00e4sst. Sp\u00e4ter, nach dem Ende der Monarchie, war es die Sommerresidenz des Pr\u00e4sidenten. Fast 150 Jahre sp\u00e4ter hat es sich kaum ver\u00e4ndert, und mit einem Gef\u00fchl der vor\u00fcbergehenden Entweihung schlendern wir durch seine pr\u00e4chtigen R\u00e4ume.<\/p>\n<p>\nDie S\u00e4le und Zimmer (mehr als 160) sind eine Abfolge von Einrichtungsgegenst\u00e4nden, von denen jeder einzelne reicher an Details ist, mit riesigen Kronleuchtern aus Muranoglas, reich verzierten Glasfenstern, Balustraden aus Elfenbein und Porzellangeschirr aus Mei\u00dfen und Sevres<\/p>\n<p>\nDie Umgebung des Schlosses steht im Einklang mit den Fichtenw\u00e4ldern und den G\u00e4rten und Skulpturen, die Romanelli zur Freude der H\u00f6flinge angelegt hat.\u00a0Eine der Kuriosit\u00e4ten des Schlosses Peles ist, dass es das erste Schloss war, das mit elektrischem Strom beleuchtet wurde, eine weitere Laune seiner Besitzer, die ein kleines Wasserkraftwerk neben dem Fluss errichteten.<\/p>\n<p><img decoding=\"async\" src=\"https:\/\/roadtoromania.com\/wp-content\/uploads\/2022\/10\/palacio_real_sinaia.jpg\" \/>Architektur des Schlosses Peles<\/p>\n<h3>\n <strong>Fahrplan Schloss Peles<\/strong> <\/h3>\n<p>\nVon Mittwoch bis Sonntag von 9.00 bis 16.00 Uhr.<\/p>\n<p>\nSinaia liegt 120 Kilometer von Bukarest und nur 50 Kilometer von Brasov entfernt <\/p>\n<p>.<\/p>\n<p>\n <strong>Ausfl\u00fcge ab Sinaia<\/strong> <\/p>\n<p>\nOrte in der N\u00e4he sind das Bucegi-Gebirge, Brasov, Poiana Brasov oder <a href=\"https:\/\/roadtoromania.com\/de\/natur-rumaenien\/skigebiet-predeal\/\"> <strong>Predeal<\/strong><\/a> .<\/p>\n<h3>\n <strong>Video von Schloss Peles<\/strong> <\/h3>\n<p>.<\/p>\n<p>\n\u00a0<\/p>\n<\/p>\n<p>\u00a0<\/p>\n","protected":false},"excerpt":{"rendered":"<p>Schloss Peles in Sinaia Eine der beliebtesten Touristenattraktionen in Rum\u00e4nien ist die Besichtigung von Sinaia , einer wundersch\u00f6nen Alpenstadt am Fu\u00dfe des Bucegi-Gebirges, im Prahova-Tal . Sein Wahrzeichen ist das Schloss Peles , ein Palast im Stil der Neorenaissance mit s\u00e4chsischen Einfl\u00fcssen Neben der einzigartigen Burg und dem Kloster ist Sinaia in Rum\u00e4nien auch als &hellip;<\/p>\n<p class=\"read-more\"> <a class=\"\" href=\"https:\/\/roadtoromania.com\/de\/denkmaeler-der-rumaenien-was-zu-sehen-in-rumaenien\/schloss-von-peles-in-sinaia\/\"> <span class=\"screen-reader-text\">Schloss Peles in Sinaia<\/span> Read More \u00bb<\/a><\/p>\n","protected":false},"author":1,"featured_media":1874,"parent":3015,"menu_order":0,"comment_status":"open","ping_status":"open","template":"","meta":{"site-sidebar-layout":"default","site-content-layout":"default","ast-global-header-display":"","ast-main-header-display":"","ast-hfb-above-header-display":"","ast-hfb-below-header-display":"","ast-hfb-mobile-header-display":"","site-post-title":"","ast-breadcrumbs-content":"","ast-featured-img":"","footer-sml-layout":"","theme-transparent-header-meta":"","adv-header-id-meta":"","stick-header-meta":"","header-above-stick-meta":"","header-main-stick-meta":"","header-below-stick-meta":"","footnotes":""},"class_list":["post-3083","page","type-page","status-publish","has-post-thumbnail","hentry"],"yoast_head":"<!-- This site is optimized with the Yoast SEO plugin v19.10 - https:\/\/yoast.com\/wordpress\/plugins\/seo\/ -->\n<title>Schloss Peles in Sinaia - Road to Romania<\/title>\n<meta name=\"robots\" content=\"index, follow, max-snippet:-1, max-image-preview:large, max-video-preview:-1\" \/>\n<link rel=\"canonical\" href=\"https:\/\/roadtoromania.com\/de\/denkmaeler-der-rumaenien-was-zu-sehen-in-rumaenien\/schloss-von-peles-in-sinaia\/\" \/>\n<meta property=\"og:locale\" content=\"de_DE\" \/>\n<meta property=\"og:type\" content=\"article\" \/>\n<meta property=\"og:title\" content=\"Schloss Peles in Sinaia - Road to Romania\" \/>\n<meta property=\"og:description\" content=\"Schloss Peles in Sinaia Eine der beliebtesten Touristenattraktionen in Rum\u00e4nien ist die Besichtigung von Sinaia , einer wundersch\u00f6nen Alpenstadt am Fu\u00dfe des Bucegi-Gebirges, im Prahova-Tal . Sein Wahrzeichen ist das Schloss Peles , ein Palast im Stil der Neorenaissance mit s\u00e4chsischen Einfl\u00fcssen Neben der einzigartigen Burg und dem Kloster ist Sinaia in Rum\u00e4nien auch als &hellip; Schloss Peles in Sinaia Read More \u00bb\" \/>\n<meta property=\"og:url\" content=\"https:\/\/roadtoromania.com\/de\/denkmaeler-der-rumaenien-was-zu-sehen-in-rumaenien\/schloss-von-peles-in-sinaia\/\" \/>\n<meta property=\"og:site_name\" content=\"Road to Romania\" \/>\n<meta property=\"article:modified_time\" content=\"2022-10-15T22:17:15+00:00\" \/>\n<meta property=\"og:image\" content=\"https:\/\/roadtoromania.com\/wp-content\/uploads\/2022\/10\/rumania_sinaia-1.jpg\" \/>\n\t<meta property=\"og:image:width\" content=\"700\" \/>\n\t<meta property=\"og:image:height\" content=\"525\" \/>\n\t<meta property=\"og:image:type\" content=\"image\/jpeg\" \/>\n<meta name=\"twitter:card\" content=\"summary_large_image\" \/>\n<meta name=\"twitter:label1\" content=\"Gesch\u00e4tzte Lesezeit\" \/>\n\t<meta name=\"twitter:data1\" content=\"2\u00a0Minuten\" \/>\n<script type=\"application\/ld+json\" class=\"yoast-schema-graph\">{\"@context\":\"https:\/\/schema.org\",\"@graph\":[{\"@type\":\"WebPage\",\"@id\":\"https:\/\/roadtoromania.com\/de\/denkmaeler-der-rumaenien-was-zu-sehen-in-rumaenien\/schloss-von-peles-in-sinaia\/\",\"url\":\"https:\/\/roadtoromania.com\/de\/denkmaeler-der-rumaenien-was-zu-sehen-in-rumaenien\/schloss-von-peles-in-sinaia\/\",\"name\":\"Schloss Peles in Sinaia - Road to Romania\",\"isPartOf\":{\"@id\":\"https:\/\/roadtoromania.com\/de\/#website\"},\"datePublished\":\"2022-10-15T18:40:26+00:00\",\"dateModified\":\"2022-10-15T22:17:15+00:00\",\"breadcrumb\":{\"@id\":\"https:\/\/roadtoromania.com\/de\/denkmaeler-der-rumaenien-was-zu-sehen-in-rumaenien\/schloss-von-peles-in-sinaia\/#breadcrumb\"},\"inLanguage\":\"de\",\"potentialAction\":[{\"@type\":\"ReadAction\",\"target\":[\"https:\/\/roadtoromania.com\/de\/denkmaeler-der-rumaenien-was-zu-sehen-in-rumaenien\/schloss-von-peles-in-sinaia\/\"]}]},{\"@type\":\"BreadcrumbList\",\"@id\":\"https:\/\/roadtoromania.com\/de\/denkmaeler-der-rumaenien-was-zu-sehen-in-rumaenien\/schloss-von-peles-in-sinaia\/#breadcrumb\",\"itemListElement\":[{\"@type\":\"ListItem\",\"position\":1,\"name\":\"Home\",\"item\":\"https:\/\/roadtoromania.com\/de\/\"},{\"@type\":\"ListItem\",\"position\":2,\"name\":\"Schloss Peles in Sinaia\"}]},{\"@type\":\"WebSite\",\"@id\":\"https:\/\/roadtoromania.com\/de\/#website\",\"url\":\"https:\/\/roadtoromania.com\/de\/\",\"name\":\"Road to Romania\",\"description\":\"Der Blog, in dem Sie alle Informationen finden, die Sie brauchen, um Rum\u00e4nien zu genie\u00dfen.\",\"potentialAction\":[{\"@type\":\"SearchAction\",\"target\":{\"@type\":\"EntryPoint\",\"urlTemplate\":\"https:\/\/roadtoromania.com\/de\/?s={search_term_string}\"},\"query-input\":\"required name=search_term_string\"}],\"inLanguage\":\"de\"}]}<\/script>\n<!-- \/ Yoast SEO plugin. -->","yoast_head_json":{"title":"Schloss Peles in Sinaia - Road to Romania","robots":{"index":"index","follow":"follow","max-snippet":"max-snippet:-1","max-image-preview":"max-image-preview:large","max-video-preview":"max-video-preview:-1"},"canonical":"https:\/\/roadtoromania.com\/de\/denkmaeler-der-rumaenien-was-zu-sehen-in-rumaenien\/schloss-von-peles-in-sinaia\/","og_locale":"de_DE","og_type":"article","og_title":"Schloss Peles in Sinaia - Road to Romania","og_description":"Schloss Peles in Sinaia Eine der beliebtesten Touristenattraktionen in Rum\u00e4nien ist die Besichtigung von Sinaia , einer wundersch\u00f6nen Alpenstadt am Fu\u00dfe des Bucegi-Gebirges, im Prahova-Tal . Sein Wahrzeichen ist das Schloss Peles , ein Palast im Stil der Neorenaissance mit s\u00e4chsischen Einfl\u00fcssen Neben der einzigartigen Burg und dem Kloster ist Sinaia in Rum\u00e4nien auch als &hellip; Schloss Peles in Sinaia Read More \u00bb","og_url":"https:\/\/roadtoromania.com\/de\/denkmaeler-der-rumaenien-was-zu-sehen-in-rumaenien\/schloss-von-peles-in-sinaia\/","og_site_name":"Road to Romania","article_modified_time":"2022-10-15T22:17:15+00:00","og_image":[{"width":700,"height":525,"url":"https:\/\/roadtoromania.com\/wp-content\/uploads\/2022\/10\/rumania_sinaia-1.jpg","type":"image\/jpeg"}],"twitter_card":"summary_large_image","twitter_misc":{"Gesch\u00e4tzte Lesezeit":"2\u00a0Minuten"},"schema":{"@context":"https:\/\/schema.org","@graph":[{"@type":"WebPage","@id":"https:\/\/roadtoromania.com\/de\/denkmaeler-der-rumaenien-was-zu-sehen-in-rumaenien\/schloss-von-peles-in-sinaia\/","url":"https:\/\/roadtoromania.com\/de\/denkmaeler-der-rumaenien-was-zu-sehen-in-rumaenien\/schloss-von-peles-in-sinaia\/","name":"Schloss Peles in Sinaia - Road to Romania","isPartOf":{"@id":"https:\/\/roadtoromania.com\/de\/#website"},"datePublished":"2022-10-15T18:40:26+00:00","dateModified":"2022-10-15T22:17:15+00:00","breadcrumb":{"@id":"https:\/\/roadtoromania.com\/de\/denkmaeler-der-rumaenien-was-zu-sehen-in-rumaenien\/schloss-von-peles-in-sinaia\/#breadcrumb"},"inLanguage":"de","potentialAction":[{"@type":"ReadAction","target":["https:\/\/roadtoromania.com\/de\/denkmaeler-der-rumaenien-was-zu-sehen-in-rumaenien\/schloss-von-peles-in-sinaia\/"]}]},{"@type":"BreadcrumbList","@id":"https:\/\/roadtoromania.com\/de\/denkmaeler-der-rumaenien-was-zu-sehen-in-rumaenien\/schloss-von-peles-in-sinaia\/#breadcrumb","itemListElement":[{"@type":"ListItem","position":1,"name":"Home","item":"https:\/\/roadtoromania.com\/de\/"},{"@type":"ListItem","position":2,"name":"Schloss Peles in Sinaia"}]},{"@type":"WebSite","@id":"https:\/\/roadtoromania.com\/de\/#website","url":"https:\/\/roadtoromania.com\/de\/","name":"Road to Romania","description":"Der Blog, in dem Sie alle Informationen finden, die Sie brauchen, um Rum\u00e4nien zu genie\u00dfen.","potentialAction":[{"@type":"SearchAction","target":{"@type":"EntryPoint","urlTemplate":"https:\/\/roadtoromania.com\/de\/?s={search_term_string}"},"query-input":"required name=search_term_string"}],"inLanguage":"de"}]}},"_links":{"self":[{"href":"https:\/\/roadtoromania.com\/de\/wp-json\/wp\/v2\/pages\/3083","targetHints":{"allow":["GET"]}}],"collection":[{"href":"https:\/\/roadtoromania.com\/de\/wp-json\/wp\/v2\/pages"}],"about":[{"href":"https:\/\/roadtoromania.com\/de\/wp-json\/wp\/v2\/types\/page"}],"author":[{"embeddable":true,"href":"https:\/\/roadtoromania.com\/de\/wp-json\/wp\/v2\/users\/1"}],"replies":[{"embeddable":true,"href":"https:\/\/roadtoromania.com\/de\/wp-json\/wp\/v2\/comments?post=3083"}],"version-history":[{"count":1,"href":"https:\/\/roadtoromania.com\/de\/wp-json\/wp\/v2\/pages\/3083\/revisions"}],"predecessor-version":[{"id":3084,"href":"https:\/\/roadtoromania.com\/de\/wp-json\/wp\/v2\/pages\/3083\/revisions\/3084"}],"up":[{"embeddable":true,"href":"https:\/\/roadtoromania.com\/de\/wp-json\/wp\/v2\/pages\/3015"}],"wp:featuredmedia":[{"embeddable":true,"href":"https:\/\/roadtoromania.com\/de\/wp-json\/wp\/v2\/media\/1874"}],"wp:attachment":[{"href":"https:\/\/roadtoromania.com\/de\/wp-json\/wp\/v2\/media?parent=3083"}],"curies":[{"name":"wp","href":"https:\/\/api.w.org\/{rel}","templated":true}]}}