{"id":4348,"date":"2022-10-22T14:22:25","date_gmt":"2022-10-22T14:22:25","guid":{"rendered":"https:\/\/roadtoromania.com\/guida-della-romania\/"},"modified":"2022-12-23T19:43:44","modified_gmt":"2022-12-23T19:43:44","slug":"guida-della-romania","status":"publish","type":"page","link":"https:\/\/roadtoromania.com\/de\/","title":{"rendered":"Reisef\u00fchrer f\u00fcr Rum\u00e4nien"},"content":{"rendered":"<p>Der Rum\u00e4nien-F\u00fchrer existiert bereits seit mehreren Jahren, aber wir haben beschlossen, ihn zu erneuern und seinen Inhalt zu erweitern, um dem Reisenden mehr Informationen \u00fcber den Tourismus in Rum\u00e4nien zu bieten. Unsere Ziele sind einfach und klar: Wir wollen den deutsch Touristen das sch\u00f6ne Land Rum\u00e4nien n\u00e4her bringen. F\u00fcr Touristen und Menschen, die sich f\u00fcr die Kultur, Geographie, Geschichte, Kunst, Gastronomie und das aktuelle Geschehen des Balkanlandes interessieren. Rum\u00e4nien ist ein Land, das in vielerlei Hinsicht der r\u00f6mischen Welt nahe steht, aber weitgehend unbekannt und von einigen ungerechtfertigten Klischees gepr\u00e4gt ist. Die rum\u00e4nische Kultur und Sprache sind eine Mischung aus mediterranen und \u00f6stlichen, russischen und t\u00fcrkischen Einfl\u00fcssen. Das Land liegt in einer weiten Ebene, die durch die Karpaten geteilt wird, und wird im S\u00fcden durch die Donau abgeschlossen, die der Flusskreuzfahrttourismus gerade entdeckt.<\/p>\n<p>Wenn man von Rum\u00e4nien spricht, spricht man von einer komplexen Geschichte, von Mythen wie dem banalen Grafen Dracula und viel j\u00fcngeren Ereignissen, die die europ\u00e4ische Geschichte ersch\u00fcttert haben. Gl\u00fccklicherweise versucht das Land nun, seine R\u00fcckst\u00e4ndigkeit zu \u00fcberwinden und n\u00e4hert sich der Europ\u00e4ischen Union an, der es seit 2007 angeh\u00f6rt. Der Versuch, die rum\u00e4nische Realit\u00e4t zu enth\u00fcllen und vorgefasste Meinungen zu \u00fcberwinden, ist ein weiteres unserer grundlegenden Ziele.<\/p>\n<figure id=\"attachment_2702\" class=\"wp-caption aligncenter\" aria-describedby=\"caption-attachment-2702\"><img loading=\"lazy\" decoding=\"async\" class=\"wp-image-2702 size-full\" src=\"https:\/\/www.larumania.es\/wp-content\/uploads\/2021\/01\/carpatos-rumania-naturaleza.jpg\" sizes=\"auto, (max-width: 1920px) 100vw, 1920px\" srcset=\"https:\/\/www.larumania.es\/wp-content\/uploads\/2021\/01\/carpatos-rumania-naturaleza.jpg 1920w, https:\/\/www.larumania.es\/wp-content\/uploads\/2021\/01\/carpatos-rumania-naturaleza-300x158.jpg 300w, https:\/\/www.larumania.es\/wp-content\/uploads\/2021\/01\/carpatos-rumania-naturaleza-768x405.jpg 768w, https:\/\/www.larumania.es\/wp-content\/uploads\/2021\/01\/carpatos-rumania-naturaleza-1024x540.jpg 1024w, https:\/\/www.larumania.es\/wp-content\/uploads\/2021\/01\/carpatos-rumania-naturaleza-150x79.jpg 150w\" alt=\"\" width=\"1920\" height=\"1013\" \/><figcaption id=\"caption-attachment-2702\" class=\"wp-caption-text\">Die Karpaten bilden zusammen mit der Donau das geografische Skelett Rum\u00e4niens.<\/figcaption><\/figure>\n<div id=\"toc_container\" class=\"no_bullets\"><p class=\"toc_title\">Contents<\/p><ul class=\"toc_list\"><li><a href=\"#Denkmaeler_und_antike_Kultur\"><span class=\"toc_number toc_depth_1\">1<\/span> Denkm\u00e4ler und antike Kultur<\/a><\/li><li><a href=\"#Ueppige_Natur_zum_Entdecken\"><span class=\"toc_number toc_depth_1\">2<\/span> \u00dcppige Natur zum Entdecken<\/a><\/li><li><a href=\"#Kultur\"><span class=\"toc_number toc_depth_1\">3<\/span> Kultur<\/a><\/li><li><a href=\"#Party\"><span class=\"toc_number toc_depth_1\">4<\/span> Party<\/a><\/li><li><a href=\"#Unterkunft_Transport_und_Gastronomie\"><span class=\"toc_number toc_depth_1\">5<\/span> Unterkunft, Transport und Gastronomie<\/a><\/li><li><a href=\"#Rumaenen_Abbau_von_Mythen\"><span class=\"toc_number toc_depth_1\">6<\/span> Rum\u00e4nen: Abbau von Mythen<\/a><\/li><\/ul><\/div>\n<h2><span id=\"Denkmaeler_und_antike_Kultur\">Denkm\u00e4ler und antike Kultur<\/span><\/h2>\n<p>Das rum\u00e4nische Erbe ist weitgehend unbekannt, und wir hoffen, dass dies mit unserer Hilfe noch weniger der Fall sein wird. Ein Beweis daf\u00fcr ist die Tatsache, dass mindestens acht St\u00e4tten oder Denkm\u00e4ler von der UNESCO zum Weltkulturerbe erkl\u00e4rt worden sind.<\/p>\n<p>Die religi\u00f6se Architektur Rum\u00e4niens zeichnet sich vor allem dadurch aus, dass viele Kirchen, Tempel und Kl\u00f6ster aus Holz gebaut sind. Mit uns besuchen Sie die Kl\u00f6ster der Bukowina (Arbore, Humor, Moldovita, Patrauti, Voronet, Suceavita oder Neamt), im Norden des Landes, nahe der Ukraine und Moldawien.<\/p>\n<p>Wir besuchen die Holzkirchen einer anderen, wenig bekannten, aber ebenso wundersch\u00f6nen Region, der Maramures, sowie den ber\u00fchmten Friedhof von Sapanta.<\/p>\n<p>Im filmischen Transsilvanien werden wir mit den Klischees brechen, indem wir die wahre Geschichte des Mythos von Vlad Dracul in Bran, Provinz Brasov, zeigen. Siebenb\u00fcrgens Schl\u00f6sser, dakische Festungen und Pal\u00e4ste aller Art wecken keine Angst, sondern Respekt vor der gut erhaltenen alten Architektur und Kunst. Die St\u00e4dte Transsilvaniens sind weit entfernt von den Schrecken der Hollywood- und Hammer-Filme; im Gegenteil, es sind lebendige St\u00e4dte mit freundlichen Menschen. Brasov (Kronstadt), Sibiu (Hermannstadt), Cluj (Klausenburg), Sighisoara (Sch\u00e4\u00dfburg), mittelalterliche St\u00e4dte, deren Architektur viel besser erhalten ist als die der Hauptstadt, und viele andere, die wir auf unseren Seiten vorstellen werden.<\/p>\n<p>Im Banat werden wir Timisoara in der N\u00e4he von Serbien und Oradea in der Region Crisana in der N\u00e4he von Ungarn besuchen. Craiova, in der Walachei, an der Donau, der wichtigsten Flussader der Welt und einer gemeinsamen Grenze mit Bulgarien. In Constanta, mit Blick auf das Schwarze Meer, werden wir die maritime Fassade des Landes kennenlernen. Und zum Abschluss unserer geschichtstr\u00e4chtigen und monumentalen Tour die Hauptstadt Bukarest, die allm\u00e4hlich ihren fr\u00fcheren Glanz und ihren franz\u00f6sischen Einfluss zur\u00fcckgewinnt.<\/p>\n<h2><span id=\"Ueppige_Natur_zum_Entdecken\">\u00dcppige Natur zum Entdecken<\/span><\/h2>\n<p>Was die Geschichte, die Kultur und die Denkm\u00e4ler betrifft, so ist nur wenig \u00fcber ein Land bekannt, in dem die Natur noch vorherrscht. Rum\u00e4nien hat ein ungerechtes Image, das mit der fr\u00fcheren Erd\u00f6l- und Schwerindustrie in Verbindung gebracht wird, w\u00e4hrend es in Wirklichkeit viele Naturgebiete besser erhalten hat als andere europ\u00e4ische L\u00e4nder, wie z. B. den Bigar-Wasserfall nahe der serbischen Grenze, der ebenso unbekannt wie \u00fcberraschend ist. Seine Natur ist derjenigen <a href=\"https:\/\/visitmacedonia.pro\/de\/\">Mazedoniens<\/a> sehr \u00e4hnlich.<\/p>\n<p>Die Schwarzmeerk\u00fcste mit ihren Seeb\u00e4dern aus der Zeit des Kommunismus erholt sich und bietet wieder angenehme Ferien in einer sch\u00f6nen Umgebung. Das Donaudelta zum Beispiel ist ein erstklassiges Naturgebiet, aber neben dem Meer hat Rum\u00e4nien auch Berge zu bieten. Die Karpaten teilen das Land in ihrem Bogen in zwei H\u00e4lften. Seine Berge werden Wanderer und Spazierg\u00e4nger begeistern, denn sie sind au\u00dferhalb Rum\u00e4niens praktisch unbekannt. Neben Trekking bieten die Karpaten auch Skigebiete wie Poiana Brasov, Fl\u00fcsse und B\u00e4che, in denen Sportfischen noch ein nat\u00fcrliches Vergn\u00fcgen ist.<\/p>\n<p>In der Maramures ragen die Felsen der engen Schluchten wie die Bicaz-Schlucht inmitten des Gr\u00fcns hervor, als wollten sie eine majest\u00e4tische Kulisse f\u00fcr die Kl\u00f6ster schaffen.<\/p>\n<h2><span id=\"Kultur\">Kultur<\/span><\/h2>\n<p>Bukarest ist die Stadt der Museen. Franz\u00f6sische neoklassizistische Geb\u00e4ude aus dem 19. Jahrhundert \u00fcberlebten die Verr\u00fccktheiten der Diktatur. Hier wird die Raffinesse einer Kultur bewahrt, die nichts mit den Vorstellungen vieler Menschen zu tun hat.<\/p>\n<p>Und unter den Namen der rum\u00e4nischen Kultur finden sich K\u00fcnstler wie Constantin Brancusi, der franz\u00f6sisch-kroatische Bildhauer, oder der franz\u00f6sisch-kroatische Dichter Tristan Tzara, Initiator des Dadaismus, der rum\u00e4nische Wurzeln hatte, obwohl sein Leben und seine k\u00fcnstlerische Karriere in Frankreich stattfanden.<\/p>\n<p>Diese Gemeinsamkeit, die Emigration oder das Exil, betrifft auch andere bedeutende Intellektuelle wie die Musiker Georges Enesco und Constantin Dimitrescu, den Dramatiker Ionesco und den Historiker und Romancier Mircea Eliade, die alle mit Frankreich verbunden waren, wo sie B\u00fcrger wurden oder lebten. Die Sopranistin Angela Gheorghiu ist heute eine der wichtigsten Stimmen Rum\u00e4niens.<\/p>\n<p>Heute treten neben der Folklore und der traditionellen Musik neue K\u00fcnstler auf, die versuchen, aus dem alten Rum\u00e4nienbild auszubrechen und ein neues zu suchen. Aus der Spannung und dem Austausch zwischen den beiden entsteht das wahre Rum\u00e4nien des 21.<\/p>\n<h2><span id=\"Party\">Party<\/span><\/h2>\n<p>Osteuropa ist ein Reiseziel f\u00fcr diejenigen, die denken, dass man in Deutschland nur feiern kann. Die Stra\u00dfen der Bukarester Innenstadt sind immer belebt und voller Menschen. Dar\u00fcber hinaus ist die Partyszene relativ ruhig und sehr sicher. Es ist ideal f\u00fcr Reisende, die das Nachtleben, die Kneipen und Diskotheken die ganze Nacht hindurch genie\u00dfen wollen.<\/p>\n<p>Besuchen Sie Rum\u00e4nien mit dem Auto, Zug, Schiff&#8230;<\/p>\n<p>Rum\u00e4nien eignet sich f\u00fcr eine Reise mit jedem Verkehrsmittel. Das Flugzeug bringt uns nach Bukarest. Das Auto erm\u00f6glicht es uns, durch Europa zu reisen und die am wenigsten touristischen und authentischsten Orte zu erreichen. Das Schiff erm\u00f6glicht es uns, bei Flusskreuzfahrten auf der Donau verschiedene L\u00e4nder zu besuchen.<\/p>\n<h2><span id=\"Unterkunft_Transport_und_Gastronomie\">Unterkunft, Transport und Gastronomie<\/span><\/h2>\n<p>Seit dem Beitritt zur Europ\u00e4ischen Union wurde das rum\u00e4nische Unterkunfts- und Verkehrsnetz modernisiert. Heute verf\u00fcgt das Land bereits \u00fcber eine gro\u00dfe Anzahl von Qualit\u00e4tsrestaurants. Auf unseren Seiten erz\u00e4hlen wir Ihnen alles dar\u00fcber und empfehlen Ihnen die besten \u00dcbernachtungs- und Essensm\u00f6glichkeiten. Besuchen Sie dazu unsere Rubriken Unterkunft, Verkehr und Gastronomie, und wenn Sie sich bereits f\u00fcr eine Reise nach Rum\u00e4nien entschieden haben, finden Sie auf dieser Seite die besten Hotels.<\/p>\n<h2><span id=\"Rumaenen_Abbau_von_Mythen\">Rum\u00e4nen: Abbau von Mythen<\/span><\/h2>\n<p>Wie jedes andere Land der Welt ist seine Bev\u00f6lkerung das Ergebnis von Vermischung und Rassenmischung, der Vereinigung verschiedener Menschen aus verschiedenen Orten, deren Schmelztiegel das rum\u00e4nische Territorium war. Dies gilt umso mehr f\u00fcr den Balkan, wo die Grenzen im Rhythmus von Kriegen und Invasionen tanzten. Wenn wir verstehen, dass keine Flagge legitimer war als eine andere, k\u00f6nnen wir einander besser verstehen, respektieren und beginnen, gemeinsam auf die sozialen Ziele hinzuarbeiten, die uns allen geh\u00f6ren. In Rum\u00e4nien k\u00f6nnen wir die Einfl\u00fcsse vieler V\u00f6lker der Vergangenheit erkennen: Daker, R\u00f6mer, Vlachen, Ungarn, Moldawier, Deutsche, Griechen, Bulgaren, Serben, Albaner, Juden, T\u00fcrken, Zigeuner, Russen&#8230; alles so vermischt, dass jede Trennung nur k\u00fcnstlich sein kann. Aus diesem Wirrwarr ist ein Land mit Problemen entstanden, aber mit viel Geduld und vor allem mit freundlichen Menschen, die die Vorurteile der sich \u00fcberlegen w\u00e4hnenden Touristen sofort abbauen. Wenn Sie nach Rum\u00e4nien reisen und die Hauptstadt verlassen, werden Sie das selbst feststellen. Die Rum\u00e4nen sind immer bereit zu helfen, selbstlos und mit einem L\u00e4cheln im Gesicht. Es gibt viele Gr\u00fcnde, die Sie dazu einladen, Rum\u00e4nien kennen zu lernen, indem Sie alle St\u00e4dte und Ecken dieses fantastischen Landes f\u00fcr einen einzigartigen Urlaub bereisen.<\/p>\n<p>Reisen bedeutet, zu vergessen, wer wir glauben zu sein, sich von unseren Legenden zu l\u00f6sen und den anderen in die Augen zu schauen, um zu verstehen, wer wir wirklich sind. Rum\u00e4nien ist ein Land, das mit Vorurteilen bricht, besuchen Sie es!<\/p>\n","protected":false},"excerpt":{"rendered":"<p>Der Rum\u00e4nien-F\u00fchrer existiert bereits seit mehreren Jahren, aber wir haben beschlossen, ihn zu erneuern und seinen Inhalt zu erweitern, um dem Reisenden mehr Informationen \u00fcber den Tourismus in Rum\u00e4nien zu bieten. Unsere Ziele sind einfach und klar: Wir wollen den deutsch Touristen das sch\u00f6ne Land Rum\u00e4nien n\u00e4her bringen. F\u00fcr Touristen und Menschen, die sich f\u00fcr &hellip;<\/p>\n<p class=\"read-more\"> <a class=\"\" href=\"https:\/\/roadtoromania.com\/de\/\"> <span class=\"screen-reader-text\">Reisef\u00fchrer f\u00fcr Rum\u00e4nien<\/span> Read More \u00bb<\/a><\/p>\n","protected":false},"author":1,"featured_media":0,"parent":0,"menu_order":0,"comment_status":"closed","ping_status":"closed","template":"","meta":{"site-sidebar-layout":"default","site-content-layout":"default","ast-global-header-display":"","ast-main-header-display":"","ast-hfb-above-header-display":"","ast-hfb-below-header-display":"","ast-hfb-mobile-header-display":"","site-post-title":"","ast-breadcrumbs-content":"","ast-featured-img":"","footer-sml-layout":"","theme-transparent-header-meta":"default","adv-header-id-meta":"","stick-header-meta":"default","header-above-stick-meta":"","header-main-stick-meta":"","header-below-stick-meta":"","footnotes":""},"class_list":["post-4348","page","type-page","status-publish","hentry"],"yoast_head":"<!-- This site is optimized with the Yoast SEO plugin v19.10 - https:\/\/yoast.com\/wordpress\/plugins\/seo\/ -->\n<title>Reisef\u00fchrer f\u00fcr Rum\u00e4nien - Road to Romania<\/title>\n<meta name=\"robots\" content=\"index, follow, max-snippet:-1, max-image-preview:large, max-video-preview:-1\" \/>\n<link rel=\"canonical\" href=\"https:\/\/roadtoromania.com\/de\/\" \/>\n<meta property=\"og:locale\" content=\"de_DE\" \/>\n<meta property=\"og:type\" content=\"article\" \/>\n<meta property=\"og:title\" content=\"Reisef\u00fchrer f\u00fcr Rum\u00e4nien - Road to Romania\" \/>\n<meta property=\"og:description\" content=\"Der Rum\u00e4nien-F\u00fchrer existiert bereits seit mehreren Jahren, aber wir haben beschlossen, ihn zu erneuern und seinen Inhalt zu erweitern, um dem Reisenden mehr Informationen \u00fcber den Tourismus in Rum\u00e4nien zu bieten. Unsere Ziele sind einfach und klar: Wir wollen den deutsch Touristen das sch\u00f6ne Land Rum\u00e4nien n\u00e4her bringen. F\u00fcr Touristen und Menschen, die sich f\u00fcr &hellip; Reisef\u00fchrer f\u00fcr Rum\u00e4nien Read More \u00bb\" \/>\n<meta property=\"og:url\" content=\"https:\/\/roadtoromania.com\/de\/\" \/>\n<meta property=\"og:site_name\" content=\"Road to Romania\" \/>\n<meta property=\"article:modified_time\" content=\"2022-12-23T19:43:44+00:00\" \/>\n<meta property=\"og:image\" content=\"https:\/\/www.larumania.es\/wp-content\/uploads\/2021\/01\/carpatos-rumania-naturaleza.jpg\" \/>\n<meta name=\"twitter:card\" content=\"summary_large_image\" \/>\n<meta name=\"twitter:label1\" content=\"Gesch\u00e4tzte Lesezeit\" \/>\n\t<meta name=\"twitter:data1\" content=\"7\u00a0Minuten\" \/>\n<script type=\"application\/ld+json\" class=\"yoast-schema-graph\">{\"@context\":\"https:\/\/schema.org\",\"@graph\":[{\"@type\":\"WebPage\",\"@id\":\"https:\/\/roadtoromania.com\/de\/\",\"url\":\"https:\/\/roadtoromania.com\/de\/\",\"name\":\"Reisef\u00fchrer f\u00fcr Rum\u00e4nien - Road to Romania\",\"isPartOf\":{\"@id\":\"https:\/\/roadtoromania.com\/de\/#website\"},\"datePublished\":\"2022-10-22T14:22:25+00:00\",\"dateModified\":\"2022-12-23T19:43:44+00:00\",\"breadcrumb\":{\"@id\":\"https:\/\/roadtoromania.com\/de\/#breadcrumb\"},\"inLanguage\":\"de\",\"potentialAction\":[{\"@type\":\"ReadAction\",\"target\":[\"https:\/\/roadtoromania.com\/de\/\"]}]},{\"@type\":\"BreadcrumbList\",\"@id\":\"https:\/\/roadtoromania.com\/de\/#breadcrumb\",\"itemListElement\":[{\"@type\":\"ListItem\",\"position\":1,\"name\":\"Home\",\"item\":\"https:\/\/roadtoromania.com\/de\/\"},{\"@type\":\"ListItem\",\"position\":2,\"name\":\"Reisef\u00fchrer f\u00fcr Rum\u00e4nien\"}]},{\"@type\":\"WebSite\",\"@id\":\"https:\/\/roadtoromania.com\/de\/#website\",\"url\":\"https:\/\/roadtoromania.com\/de\/\",\"name\":\"Road to Romania\",\"description\":\"Der Blog, in dem Sie alle Informationen finden, die Sie brauchen, um Rum\u00e4nien zu genie\u00dfen.\",\"potentialAction\":[{\"@type\":\"SearchAction\",\"target\":{\"@type\":\"EntryPoint\",\"urlTemplate\":\"https:\/\/roadtoromania.com\/de\/?s={search_term_string}\"},\"query-input\":\"required name=search_term_string\"}],\"inLanguage\":\"de\"}]}<\/script>\n<!-- \/ Yoast SEO plugin. -->","yoast_head_json":{"title":"Reisef\u00fchrer f\u00fcr Rum\u00e4nien - Road to Romania","robots":{"index":"index","follow":"follow","max-snippet":"max-snippet:-1","max-image-preview":"max-image-preview:large","max-video-preview":"max-video-preview:-1"},"canonical":"https:\/\/roadtoromania.com\/de\/","og_locale":"de_DE","og_type":"article","og_title":"Reisef\u00fchrer f\u00fcr Rum\u00e4nien - Road to Romania","og_description":"Der Rum\u00e4nien-F\u00fchrer existiert bereits seit mehreren Jahren, aber wir haben beschlossen, ihn zu erneuern und seinen Inhalt zu erweitern, um dem Reisenden mehr Informationen \u00fcber den Tourismus in Rum\u00e4nien zu bieten. Unsere Ziele sind einfach und klar: Wir wollen den deutsch Touristen das sch\u00f6ne Land Rum\u00e4nien n\u00e4her bringen. F\u00fcr Touristen und Menschen, die sich f\u00fcr &hellip; Reisef\u00fchrer f\u00fcr Rum\u00e4nien Read More \u00bb","og_url":"https:\/\/roadtoromania.com\/de\/","og_site_name":"Road to Romania","article_modified_time":"2022-12-23T19:43:44+00:00","og_image":[{"url":"https:\/\/www.larumania.es\/wp-content\/uploads\/2021\/01\/carpatos-rumania-naturaleza.jpg"}],"twitter_card":"summary_large_image","twitter_misc":{"Gesch\u00e4tzte Lesezeit":"7\u00a0Minuten"},"schema":{"@context":"https:\/\/schema.org","@graph":[{"@type":"WebPage","@id":"https:\/\/roadtoromania.com\/de\/","url":"https:\/\/roadtoromania.com\/de\/","name":"Reisef\u00fchrer f\u00fcr Rum\u00e4nien - Road to Romania","isPartOf":{"@id":"https:\/\/roadtoromania.com\/de\/#website"},"datePublished":"2022-10-22T14:22:25+00:00","dateModified":"2022-12-23T19:43:44+00:00","breadcrumb":{"@id":"https:\/\/roadtoromania.com\/de\/#breadcrumb"},"inLanguage":"de","potentialAction":[{"@type":"ReadAction","target":["https:\/\/roadtoromania.com\/de\/"]}]},{"@type":"BreadcrumbList","@id":"https:\/\/roadtoromania.com\/de\/#breadcrumb","itemListElement":[{"@type":"ListItem","position":1,"name":"Home","item":"https:\/\/roadtoromania.com\/de\/"},{"@type":"ListItem","position":2,"name":"Reisef\u00fchrer f\u00fcr Rum\u00e4nien"}]},{"@type":"WebSite","@id":"https:\/\/roadtoromania.com\/de\/#website","url":"https:\/\/roadtoromania.com\/de\/","name":"Road to Romania","description":"Der Blog, in dem Sie alle Informationen finden, die Sie brauchen, um Rum\u00e4nien zu genie\u00dfen.","potentialAction":[{"@type":"SearchAction","target":{"@type":"EntryPoint","urlTemplate":"https:\/\/roadtoromania.com\/de\/?s={search_term_string}"},"query-input":"required name=search_term_string"}],"inLanguage":"de"}]}},"_links":{"self":[{"href":"https:\/\/roadtoromania.com\/de\/wp-json\/wp\/v2\/pages\/4348","targetHints":{"allow":["GET"]}}],"collection":[{"href":"https:\/\/roadtoromania.com\/de\/wp-json\/wp\/v2\/pages"}],"about":[{"href":"https:\/\/roadtoromania.com\/de\/wp-json\/wp\/v2\/types\/page"}],"author":[{"embeddable":true,"href":"https:\/\/roadtoromania.com\/de\/wp-json\/wp\/v2\/users\/1"}],"replies":[{"embeddable":true,"href":"https:\/\/roadtoromania.com\/de\/wp-json\/wp\/v2\/comments?post=4348"}],"version-history":[{"count":5,"href":"https:\/\/roadtoromania.com\/de\/wp-json\/wp\/v2\/pages\/4348\/revisions"}],"predecessor-version":[{"id":4372,"href":"https:\/\/roadtoromania.com\/de\/wp-json\/wp\/v2\/pages\/4348\/revisions\/4372"}],"wp:attachment":[{"href":"https:\/\/roadtoromania.com\/de\/wp-json\/wp\/v2\/media?parent=4348"}],"curies":[{"name":"wp","href":"https:\/\/api.w.org\/{rel}","templated":true}]}}